{"id":21539,"date":"2022-10-19T22:49:11","date_gmt":"2022-10-19T20:49:11","guid":{"rendered":"https:\/\/oenobrands.com\/prodotto\/yeast-derivate\/feel-safe\/extraferm-dfend\/"},"modified":"2025-12-11T08:59:59","modified_gmt":"2025-12-11T07:59:59","slug":"extraferm-dfend","status":"publish","type":"page","link":"https:\/\/oenobrands.com\/it\/prodotto\/derivati-lievito\/feel-safe\/extraferm-dfend\/","title":{"rendered":"Extraferm D&#8217;fend"},"content":{"rendered":"\n<h1 class=\"wp-block-heading has-text-color\" style=\"color:#3e6991\">Extraferm D&#8217;fend<\/h1>\n\n\n\n<div style=\"height:30px\" aria-hidden=\"true\" class=\"wp-block-spacer\"><\/div>\n\n\n\n<h2 class=\"wp-block-heading has-medium-font-size\">DERIVATO DI LIEVITO PROTETTIVO CHE GARANTISCE LA STABILITA OSSIDATIVA DEL VINO<\/h2>\n\n\n\n<div style=\"height:30px\" aria-hidden=\"true\" class=\"wp-block-spacer\"><\/div>\n\n\n\n<h3 class=\"wp-block-heading has-medium-font-size\"><strong>SCOPO<\/strong><\/h3>\n\n\n\n<p><strong>Extraferm<sup>\u00ae<\/sup> D\u2019fend<\/strong> \u00e8 un derivato di lievito selezionato in collaborazione con l\u2019Institut Universitaire de la Vigne et du Vin (IUVV) \u2013 Jules Guyot (Digione, Francia). Il lavoro con l\u2019IUVV ha evidenziato le propriet\u00e0 antiossidanti di questo derivato di lievito, dovute alla presenza di una frazione nucleofila solubile. La freschezza e il carattere fruttato dei vini vengono preservati nel tempo; gli aromi risultano puliti e la bocca rotonda e piena;<\/p>\n\n\n\n<div style=\"height:50px\" aria-hidden=\"true\" class=\"wp-block-spacer\"><\/div>\n\n\n\n<div class=\"wp-block-columns is-layout-flex wp-container-core-columns-is-layout-9d6595d7 wp-block-columns-is-layout-flex\">\n<div class=\"wp-block-column is-layout-flow wp-block-column-is-layout-flow\" style=\"flex-basis:45%\">\n<h3 class=\"wp-block-heading has-text-color\" style=\"color:#3e6991\"><strong><strong>Propriet\u00e0<\/strong><\/strong><\/h3>\n\n\n\n<ul class=\"wp-block-list\">\n<li>Protegge dall\u2019ossidazione i vini con basso o nullo contenuto di SO\u2082<\/li>\n\n\n\n<li>Effetto protettivo immediato e duraturo durante la maturazione del vino<\/li>\n\n\n\n<li>Dona rotondit\u00e0, aromi puliti e persistenti, vini con maggiore volume in bocca<\/li>\n\n\n\n<li>Ridona freschezza e fruttuosit\u00e0 ai vini stanchi<\/li>\n\n\n\n<li>Migliora la sensazione gustativa nei vini a basso o nullo contenuto alcolico (NoLow)<\/li>\n<\/ul>\n\n\n\n<div class=\"wp-block-columns is-layout-flex wp-container-core-columns-is-layout-9d6595d7 wp-block-columns-is-layout-flex\">\n<div class=\"wp-block-column is-vertically-aligned-center is-layout-flow wp-block-column-is-layout-flow\" style=\"flex-basis:25%\"><div class=\"wp-block-image is-style-default\">\n<figure class=\"aligncenter size-full\"><img loading=\"lazy\" decoding=\"async\" width=\"100\" height=\"99\" src=\"http:\/\/oenobrands.com\/wp-content\/uploads\/2023\/04\/Ease-of-use.jpg\" alt=\"Ease-of-use\" class=\"wp-image-2192\"\/><\/figure>\n<\/div><\/div>\n\n\n\n<div class=\"wp-block-column has-background is-layout-flow wp-block-column-is-layout-flow\" style=\"background-color:#c4bfb6;flex-basis:66.66%\">\n<p class=\"has-small-font-size\" style=\"font-style:normal;font-weight:500\">Oenobrands formula i propri prodotti a partire da derivati di lieviti selezionati ed essiccati tramite tecnologie esclusive. Ci\u00f2 conferisce una forte capacit\u00e0 a disperdersi rapidamente e senza formazione di grumi.<\/p>\n<\/div>\n<\/div>\n\n\n\n<h3 class=\"wp-block-heading has-text-color\" style=\"color:#3e6991\"><strong><strong>Scienza e tecnologia<\/strong><\/strong><\/h3>\n\n\n\n<p><strong>Protezione dall\u2019ossidazione<\/strong><\/p>\n\n\n\n<p><strong>Extraferm D\u2019fend<\/strong> preserva la freschezza e la fruttuosit\u00e0 dei vini, senza note ossidative n\u00e9<br>riduttive, come mostrato nella prova su Verdejo (Figura 1).<br>Il vino trattato con <strong>Extraferm D\u2019fend<\/strong> risulta significativamente pi\u00f9 fruttato e meno ridotto.<br>\u00c8 stata inoltre osservata una maggiore intensit\u00e0 aromatica e a una migliore rotondit\u00e0 in bocca, 14 mesi dopo l\u2019aggiunta di <strong>Extraferm D\u2019fend<\/strong>.<\/p>\n\n\n\n<figure class=\"wp-block-image size-full is-style-zoooom\"><img alt=\"\" loading=\"lazy\" decoding=\"async\" width=\"883\" height=\"655\" src=\"http:\/\/oenobrands.com\/wp-content\/uploads\/2025\/12\/IT-Produtto-Feel-safe-Extraferm-Dfend-2025-1.png\" alt=\"\" class=\"wp-image-23180\" srcset=\"https:\/\/oenobrands.com\/wp-content\/uploads\/2025\/12\/IT-Produtto-Feel-safe-Extraferm-Dfend-2025-1.png 883w, https:\/\/oenobrands.com\/wp-content\/uploads\/2025\/12\/IT-Produtto-Feel-safe-Extraferm-Dfend-2025-1-300x223.png 300w, https:\/\/oenobrands.com\/wp-content\/uploads\/2025\/12\/IT-Produtto-Feel-safe-Extraferm-Dfend-2025-1-768x570.png 768w\" sizes=\"auto, (max-width: 883px) 100vw, 883px\" \/><figcaption class=\"wp-element-caption\">Figura 1. Vino Verdejo (Spagna) senza e con Extraferm D\u2019fend a 20 g\/hL. Degustazione (11 esperti) dopo 12 mesi in bottiglia. *** p &lt; 0,005 e * p &lt; 0,15.<\/figcaption><\/figure>\n\n\n\n<p>Prima della dealcolizzazione, l\u2019uso di Extraferm D\u2019fend durante la maturazione su fecce<br>fini ha migliorato la sensazione gustativa (corpo e rotondit\u00e0) (Figura 2).<\/p>\n\n\n\n<figure class=\"wp-block-image size-full is-style-zoooom\"><img alt=\"\" loading=\"lazy\" decoding=\"async\" width=\"697\" height=\"541\" src=\"http:\/\/oenobrands.com\/wp-content\/uploads\/2025\/12\/IT-Produtto-Feel-safe-Extraferm-Dfend-2025-2.png\" alt=\"\" class=\"wp-image-23176\" srcset=\"https:\/\/oenobrands.com\/wp-content\/uploads\/2025\/12\/IT-Produtto-Feel-safe-Extraferm-Dfend-2025-2.png 697w, https:\/\/oenobrands.com\/wp-content\/uploads\/2025\/12\/IT-Produtto-Feel-safe-Extraferm-Dfend-2025-2-300x233.png 300w\" sizes=\"auto, (max-width: 697px) 100vw, 697px\" \/><figcaption class=\"wp-element-caption\">Figura 2. Valutazione sensoriale comparativa di vini dealcolizzati (0 %) di Chardonnay maturati per 2 mesi a 15 \u00b0C con e senza Extraferm D\u2019fend (20 g\/hL aggiunti alla fine della fermentazione alcolica su 2 % di fecce fini).<\/figcaption><\/figure>\n<\/div>\n\n\n\n<div class=\"wp-block-column is-layout-flow wp-block-column-is-layout-flow\" style=\"flex-basis:6%\"><\/div>\n\n\n\n<div class=\"wp-block-column has-background is-layout-flow wp-block-column-is-layout-flow\" style=\"background-color:#f7f7f7;flex-basis:45%\">\n<div class=\"wp-block-columns is-layout-flex wp-container-core-columns-is-layout-9d6595d7 wp-block-columns-is-layout-flex\">\n<div class=\"wp-block-column is-vertically-aligned-top is-layout-flow wp-block-column-is-layout-flow\"><div class=\"wp-block-image\">\n<figure class=\"aligncenter size-full\"><img decoding=\"async\" src=\"http:\/\/oenobrands.com\/wp-content\/uploads\/2023\/05\/Feel-Safe-yeast-derivate-derive-levure-Extraferm-Defend-d-fend-simple-1-e1683574796380.png\" alt=\"Feel-Safe-yeast-derivate-derive-levure-Extraferm-Defend-d-fend-simple\" class=\"wp-image-3909\"\/><\/figure>\n<\/div><\/div>\n<\/div>\n\n\n\n<div style=\"height:40px\" aria-hidden=\"true\" class=\"wp-block-spacer\"><\/div>\n\n\n\n<div class=\"wp-block-group\"><div class=\"wp-block-group__inner-container is-layout-constrained wp-block-group-is-layout-constrained\">\n<p class=\"has-text-align-center\"><strong><strong>SCARICA LA SCHEDA TECNICA<\/strong><\/strong><\/p>\n\n\n\n<div class=\"wp-block-columns is-not-stacked-on-mobile is-layout-flex wp-container-core-columns-is-layout-9d6595d7 wp-block-columns-is-layout-flex\">\n<div class=\"wp-block-column is-layout-flow wp-block-column-is-layout-flow\">\n<figure class=\"wp-block-image size-full\"><a href=\"https:\/\/oenobrands.com\/wp-content\/uploads\/2025\/12\/ADS-A4-Extraferm-Dfend-EN-2025-WEB.pdf\" target=\"_blank\" rel=\"noreferrer noopener\"><img loading=\"lazy\" decoding=\"async\" width=\"180\" height=\"94\" src=\"http:\/\/oenobrands.com\/wp-content\/uploads\/2023\/04\/flag-united-states-english-american.png\" alt=\"flag-united-states-english-american\" class=\"wp-image-2510\"\/><\/a><\/figure>\n<\/div>\n\n\n\n<div class=\"wp-block-column is-layout-flow wp-block-column-is-layout-flow\">\n<figure class=\"wp-block-image size-full\"><a href=\"https:\/\/oenobrands.com\/wp-content\/uploads\/2025\/12\/ADS-A4-Extraferm-Dfend-FR-2025-WEB.pdf\" target=\"_blank\" rel=\"noreferrer noopener\"><img loading=\"lazy\" decoding=\"async\" width=\"180\" height=\"94\" src=\"http:\/\/oenobrands.com\/wp-content\/uploads\/2023\/04\/drapeau-francais-france.png\" alt=\"drapeau flag francais france\" class=\"wp-image-2508\"\/><\/a><\/figure>\n<\/div>\n\n\n\n<div class=\"wp-block-column is-layout-flow wp-block-column-is-layout-flow\">\n<figure class=\"wp-block-image size-full\"><a href=\"https:\/\/oenobrands.com\/wp-content\/uploads\/2025\/12\/ADS-A4-Extraferm-Dfend-ES-2025-blank-G-02.pdf\" target=\"_blank\" rel=\"noreferrer noopener\"><img loading=\"lazy\" decoding=\"async\" width=\"180\" height=\"94\" src=\"http:\/\/oenobrands.com\/wp-content\/uploads\/2023\/04\/bandiera-spagnola-spagna.png\" alt=\"drapeau flag bandiera spagnola spagna\" class=\"wp-image-2506\"\/><\/a><\/figure>\n<\/div>\n\n\n\n<div class=\"wp-block-column is-layout-flow wp-block-column-is-layout-flow\">\n<figure class=\"wp-block-image size-full\"><a href=\"https:\/\/oenobrands.com\/wp-content\/uploads\/2025\/12\/ADS-A4-Extraferm-Dfend-IT-2025-Corimpex-WEB.pdf\" target=\"_blank\" rel=\"noreferrer noopener\"><img loading=\"lazy\" decoding=\"async\" width=\"180\" height=\"94\" src=\"http:\/\/oenobrands.com\/wp-content\/uploads\/2023\/04\/bandiera-italiana-italy.png\" alt=\"drapeau flag bandiera italiana italy\" class=\"wp-image-2512\"\/><\/a><\/figure>\n<\/div>\n\n\n\n<div class=\"wp-block-column is-layout-flow wp-block-column-is-layout-flow\">\n<figure class=\"wp-block-image size-full\"><a href=\"https:\/\/oenobrands.com\/wp-content\/uploads\/2025\/12\/ADS-A4-Extraferm-Dfend-PT-2025-Freitas-WEB.pdf\" target=\"_blank\" rel=\"noreferrer noopener\"><img loading=\"lazy\" decoding=\"async\" width=\"180\" height=\"94\" src=\"http:\/\/oenobrands.com\/wp-content\/uploads\/2024\/05\/Flag-drapeau-Portugal.png\" alt=\"Flag-drapeau-Portugal\" class=\"wp-image-7139\"\/><\/a><\/figure>\n<\/div>\n\n\n\n<div class=\"wp-block-column is-layout-flow wp-block-column-is-layout-flow\">\n<figure class=\"wp-block-image size-full\"><a href=\"https:\/\/oenobrands.com\/wp-content\/uploads\/2025\/12\/ADS-A4-Extraferm-Dfend-ALL-2025-Keller-WEB.pdf\" target=\"_blank\" rel=\"noreferrer noopener\"><img loading=\"lazy\" decoding=\"async\" width=\"180\" height=\"94\" src=\"http:\/\/oenobrands.com\/wp-content\/uploads\/2023\/05\/Flagge-Deutschland.png\" alt=\"Flagge-Deutschland\" class=\"wp-image-3550\"\/><\/a><\/figure>\n<\/div>\n<\/div>\n\n\n\n<div class=\"wp-block-columns is-not-stacked-on-mobile is-layout-flex wp-container-core-columns-is-layout-9d6595d7 wp-block-columns-is-layout-flex\">\n<div class=\"wp-block-column is-layout-flow wp-block-column-is-layout-flow\">\n<figure class=\"wp-block-image size-full\"><a href=\"https:\/\/oenobrands.com\/wp-content\/uploads\/2025\/12\/ADS-A4-Extraferm-Dfend-RO-2025-Elton-WEB.pdf\" target=\"_blank\" rel=\"noreferrer noopener\"><img loading=\"lazy\" decoding=\"async\" width=\"180\" height=\"94\" src=\"http:\/\/oenobrands.com\/wp-content\/uploads\/2024\/05\/Flag-drapeau-Roumanie.png\" alt=\"Flag-drapeau-Roumanie\" class=\"wp-image-7145\"\/><\/a><\/figure>\n<\/div>\n\n\n\n<div class=\"wp-block-column is-layout-flow wp-block-column-is-layout-flow\">\n<figure class=\"wp-block-image size-full\"><a href=\"https:\/\/oenobrands.com\/wp-content\/uploads\/2025\/12\/ADS-A4-Extraferm-Dfend-CZ-2025-Biopro-WEB.pdf\" target=\"_blank\" rel=\"noreferrer noopener\"><img loading=\"lazy\" decoding=\"async\" width=\"180\" height=\"94\" src=\"http:\/\/oenobrands.com\/wp-content\/uploads\/2023\/05\/Flag-vlajka-Czech-Republic.png\" alt=\"Flag-vlajka-Czech-Republic-drapeau\" class=\"wp-image-3548\"\/><\/a><\/figure>\n<\/div>\n\n\n\n<div class=\"wp-block-column is-layout-flow wp-block-column-is-layout-flow\"><\/div>\n\n\n\n<div class=\"wp-block-column is-layout-flow wp-block-column-is-layout-flow\"><\/div>\n\n\n\n<div class=\"wp-block-column is-layout-flow wp-block-column-is-layout-flow\"><\/div>\n\n\n\n<div class=\"wp-block-column is-layout-flow wp-block-column-is-layout-flow\"><\/div>\n<\/div>\n<\/div><\/div>\n\n\n\n<hr class=\"wp-block-separator has-text-color has-alpha-channel-opacity has-background\" style=\"background-color:#162638;color:#162638\"\/>\n\n\n\n<div class=\"wp-block-buttons is-content-justification-center is-layout-flex wp-container-core-buttons-is-layout-16018d1d wp-block-buttons-is-layout-flex\">\n<div class=\"wp-block-button\"><a class=\"wp-block-button__link has-white-color has-text-color has-background has-text-align-center wp-element-button\" href=\"https:\/\/oenobrands.com\/it\/distributori\/\" style=\"background-color:#162638\" target=\"_blank\" rel=\"noreferrer noopener\">Il vostro distributore<\/a><\/div>\n<\/div>\n\n\n\n<hr class=\"wp-block-separator has-text-color has-alpha-channel-opacity has-background\" style=\"background-color:#162638;color:#162638\"\/>\n\n\n\n<h3 class=\"wp-block-heading\"><strong>MODALIT\u00c0 D\u2019USO<\/strong><\/h3>\n\n\n\n<ul class=\"wp-block-list\">\n<li>Sospendere Extraferm D\u2019fend in 10 volte il suo peso in acqua o vino.<\/li>\n\n\n\n<li>Extraferm D\u2019fend agisce immediatamente. Il tempo consigliato prima dell\u2019imbottigliamento serve unicamente a permettere la sedimentazione delle particelle insolubili e a facilitare la filtrazione finale.<\/li>\n<\/ul>\n\n\n\n<h3 class=\"wp-block-heading\"><strong>DOSAGGIO<\/strong><\/h3>\n\n\n\n<h3 class=\"wp-block-heading\">&#8211; Protezione dall\u2019ossidazione<\/h3>\n\n\n\n<p>Dosaggio: 10\u201330 g\/hL<br>Aggiungere al mosto e\/o alla fine della fermentazione alcolica.<br>Imbottigliare almeno 1 mese dopo l\u2019aggiunta.<\/p>\n\n\n\n<p><\/p>\n\n\n\n<h3 class=\"wp-block-heading\">&#8211; Rinfrescare vini tranquilli stanchi<\/h3>\n\n\n\n<p>Dosaggio:<br>\u279c Vini bianchi e rosati: 10 g\/hL<br>\u279c Vini rossi: 3\u20135 g\/hL<br>Aggiungere al vino.<br>Imbottigliare almeno 1 mese dopo l\u2019aggiunta.<\/p>\n\n\n\n<p><br><\/p>\n\n\n\n<h3 class=\"wp-block-heading\"><strong>&#8211; <\/strong>Restituire volume e aumentare la rotondit\u00e0 nei vini NoLow<\/h3>\n\n\n\n<p>Dosaggio: 20 g\/hL<br>Aggiungere al vino alla fine della fermentazione alcolica su fecce fini<br>Tempo di contatto: minimo 2 mesi<\/p>\n\n\n\n<h3 class=\"wp-block-heading\"><strong>Composition<\/strong><\/h3>\n\n\n\n<p>Miscela esclusiva di derivati di lievito (S. cerevisiae) ricca di composti nucleofili antiossidanti:<\/p>\n\n\n\n<ul class=\"wp-block-list\">\n<li>lievito inattivato: 80 %<\/li>\n\n\n\n<li>lievito autolisato: 20 %.<\/li>\n<\/ul>\n\n\n\n<h3 class=\"wp-block-heading\"><strong><strong>Confezione<\/strong><\/strong><\/h3>\n\n\n\n<p>&#8211;  1 Kg: sacchetti laminati multistrato sigillati ermeticamente<br>&#8211; 10 Kg: sacchetto in alluminio in scatola<\/p>\n\n\n\n<h3 class=\"wp-block-heading\"><strong><strong>Conservazione<\/strong><\/strong><\/h3>\n\n\n\n<p>Conservare in un luogo fresco (5 -15 \u00b0C) e asciutto<\/p>\n<\/div>\n<\/div>\n\n\n\n<div class=\"wp-block-columns is-layout-flex wp-container-core-columns-is-layout-9d6595d7 wp-block-columns-is-layout-flex\">\n<div class=\"wp-block-column is-layout-flow wp-block-column-is-layout-flow\">\n<figure class=\"wp-block-embed is-type-video is-provider-youtube wp-block-embed-youtube wp-embed-aspect-16-9 wp-has-aspect-ratio\"><div class=\"wp-block-embed__wrapper\">\n<iframe loading=\"lazy\" title=\"How can we help with the oxidation of white and ros\u00e9 wines using EXTRAFERM D&#039;FEND\" width=\"500\" height=\"281\" src=\"https:\/\/www.youtube.com\/embed\/Q7U7DtLuNOI?feature=oembed\" frameborder=\"0\" allow=\"accelerometer; autoplay; clipboard-write; encrypted-media; gyroscope; picture-in-picture; web-share\" referrerpolicy=\"strict-origin-when-cross-origin\" allowfullscreen><\/iframe>\n<\/div><\/figure>\n<\/div>\n\n\n\n<div class=\"wp-block-column is-layout-flow wp-block-column-is-layout-flow\" style=\"flex-basis:2%\"><\/div>\n\n\n\n<div class=\"wp-block-column is-layout-flow wp-block-column-is-layout-flow\">\n<figure class=\"wp-block-embed is-type-video is-provider-youtube wp-block-embed-youtube wp-embed-aspect-16-9 wp-has-aspect-ratio\"><div class=\"wp-block-embed__wrapper\">\n<iframe loading=\"lazy\" title=\"What is EXTRAFERM D&#039;FEND assuring wine oxidative stability\" width=\"500\" height=\"281\" src=\"https:\/\/www.youtube.com\/embed\/JsjchwDLi9Y?feature=oembed\" frameborder=\"0\" allow=\"accelerometer; autoplay; clipboard-write; encrypted-media; gyroscope; picture-in-picture; web-share\" referrerpolicy=\"strict-origin-when-cross-origin\" allowfullscreen><\/iframe>\n<\/div><\/figure>\n<\/div>\n<\/div>\n\n\n\n<div class=\"wp-block-group\"><div class=\"wp-block-group__inner-container is-layout-constrained wp-block-group-is-layout-constrained\">\n<div style=\"height:30px\" aria-hidden=\"true\" class=\"wp-block-spacer\"><\/div>\n\n\n\n<hr class=\"wp-block-separator has-text-color has-black-color has-alpha-channel-opacity has-black-background-color has-background\"\/>\n<\/div><\/div>\n\n\n\n<div class=\"wp-block-columns is-layout-flex wp-container-core-columns-is-layout-9d6595d7 wp-block-columns-is-layout-flex\">\n<div class=\"wp-block-column is-layout-flow wp-block-column-is-layout-flow\">\n<div class=\"wp-block-group\"><div class=\"wp-block-group__inner-container is-layout-constrained wp-block-group-is-layout-constrained\">\n<h2 class=\"wp-block-heading\"><strong><strong><strong>Scopri soluzioni correlate:<\/strong><\/strong><\/strong><\/h2>\n\n\n\n<div style=\"height:30px\" aria-hidden=\"true\" class=\"wp-block-spacer\"><\/div>\n\n\n\n<p><strong>Cerchi un approccio pi\u00f9 olistico all\u2019enologia?&nbsp;<\/strong>Scopri le nostre soluzioni enologiche avanzate relative a&nbsp;<strong>Extraferm D&#8217;fend<\/strong>.<\/p>\n\n\n\n<div style=\"height:30px\" aria-hidden=\"true\" class=\"wp-block-spacer\"><\/div>\n\n\n\n<div class=\"wp-block-columns are-vertically-aligned-center is-layout-flex wp-container-core-columns-is-layout-9d6595d7 wp-block-columns-is-layout-flex\">\n<div class=\"wp-block-column is-vertically-aligned-center is-layout-flow wp-block-column-is-layout-flow\" style=\"flex-basis:100%\">\n<div class=\"wp-block-buttons is-content-justification-center is-layout-flex wp-container-core-buttons-is-layout-16018d1d wp-block-buttons-is-layout-flex\">\n<div class=\"wp-block-button is-style-fill\"><a class=\"wp-block-button__link wp-element-button\" href=\"https:\/\/oenobrands.com\/it\/soluzioni\/aroma-del-vino\/protezione-dellaroma\/\" target=\"_blank\" rel=\"noreferrer noopener\">Protezione degli aromi<\/a><\/div>\n\n\n\n<div class=\"wp-block-button is-style-fill\"><a class=\"wp-block-button__link wp-element-button\" href=\"https:\/\/oenobrands.com\/it\/soluzioni\/difetto-enologico\/ossidazione-del-vino\/\" target=\"_blank\" rel=\"noreferrer noopener\">Soluzione contro l&#8217;ossidazione<\/a><\/div>\n\n\n\n<div class=\"wp-block-button is-style-fill\"><a class=\"wp-block-button__link wp-element-button\" href=\"https:\/\/oenobrands.com\/it\/soluzioni\/aroma-del-vino\/principali-composti-aromatici-positivi\/\" target=\"_blank\" rel=\"noreferrer noopener\">Composti aromatici<\/a><\/div>\n\n\n\n<div class=\"wp-block-button is-style-fill\"><a class=\"wp-block-button__link wp-element-button\" href=\"https:\/\/oenobrands.com\/it\/soluzioni\/sensazioni-organolettiche\/freschezza-nel-vino\/\" target=\"_blank\" rel=\"noreferrer noopener\">Freschezza<\/a><\/div>\n<\/div>\n<\/div>\n<\/div>\n<\/div><\/div>\n\n\n\n<div style=\"height:30px\" aria-hidden=\"true\" class=\"wp-block-spacer\"><\/div>\n<\/div>\n\n\n\n<div class=\"wp-block-column is-layout-flow wp-block-column-is-layout-flow\">\n<h2 class=\"wp-block-heading\"><strong><strong>Cerchi qualcos\u2019altro?<\/strong><\/strong><\/h2>\n\n\n\n<div style=\"height:30px\" aria-hidden=\"true\" class=\"wp-block-spacer\"><\/div>\n\n\n\n<p>Visita la nostra sezione \u201cSoluzioni\u201d, dove offriamo consulenza esperta, conoscenze pratiche e approcci innovativi organizzati secondo il processo di vinificazione.&nbsp;<strong>Dalla fermentazione alla filtrazione e all\u2019imbottigliamento, ti accompagniamo con soluzioni per ottimizzare ogni fase del tuo processo di vinificazione.<\/strong><\/p>\n\n\n\n<div style=\"height:30px\" aria-hidden=\"true\" class=\"wp-block-spacer\"><\/div>\n\n\n\n<div class=\"wp-block-columns are-vertically-aligned-center is-layout-flex wp-container-core-columns-is-layout-9d6595d7 wp-block-columns-is-layout-flex\">\n<div class=\"wp-block-column is-vertically-aligned-center is-layout-flow wp-block-column-is-layout-flow\" style=\"flex-basis:100%\">\n<div class=\"wp-block-buttons is-content-justification-center is-layout-flex wp-container-core-buttons-is-layout-16018d1d wp-block-buttons-is-layout-flex\">\n<div class=\"wp-block-button is-style-fill\"><a class=\"wp-block-button__link wp-element-button\" href=\"https:\/\/oenobrands.com\/it\/soluzioni\/\" target=\"_blank\" rel=\"noreferrer noopener\">Soluzioni enologiche avanzate<\/a><\/div>\n<\/div>\n<\/div>\n<\/div>\n<\/div>\n<\/div>\n\n\n\n<hr class=\"wp-block-separator has-text-color has-black-color has-alpha-channel-opacity has-black-background-color has-background\"\/>\n\n\n\n<div style=\"height:30px\" aria-hidden=\"true\" class=\"wp-block-spacer\"><\/div>\n\n\n\n<div class=\"wp-block-columns is-layout-flex wp-container-core-columns-is-layout-9d6595d7 wp-block-columns-is-layout-flex\">\n<div class=\"wp-block-column is-vertically-aligned-center is-layout-flow wp-block-column-is-layout-flow\" style=\"flex-basis:30%\">\n<h1 class=\"wp-block-heading has-text-color\" style=\"color:#aca39a\">Scopri la gamma feel SAFE!<\/h1>\n\n\n\n<div style=\"height:20px\" aria-hidden=\"true\" class=\"wp-block-spacer\"><\/div>\n\n\n\n<div class=\"wp-block-buttons is-content-justification-center is-layout-flex wp-container-core-buttons-is-layout-16018d1d wp-block-buttons-is-layout-flex\">\n<div class=\"wp-block-button\"><a class=\"wp-block-button__link has-background wp-element-button\" href=\"https:\/\/oenobrands.com\/it\/prodotto\/derivati-lievito\/\" style=\"background-color:#545859\" target=\"_blank\" rel=\"noreferrer noopener\">feel SAFE!<\/a><\/div>\n<\/div>\n<\/div>\n\n\n\n<div class=\"wp-block-column is-layout-flow wp-block-column-is-layout-flow\" style=\"flex-basis:10%\"><\/div>\n\n\n\n<div class=\"wp-block-column is-layout-flow wp-block-column-is-layout-flow\"><div class=\"wp-block-image\">\n<figure class=\"aligncenter size-full is-resized\"><img loading=\"lazy\" decoding=\"async\" width=\"729\" height=\"342\" src=\"http:\/\/oenobrands.com\/wp-content\/uploads\/2024\/05\/Feel-Safe__2022-no-font.png\" alt=\"Feel-Safe_yeast derivates\" class=\"wp-image-7450\" style=\"width:350px\" srcset=\"https:\/\/oenobrands.com\/wp-content\/uploads\/2024\/05\/Feel-Safe__2022-no-font.png 729w, https:\/\/oenobrands.com\/wp-content\/uploads\/2024\/05\/Feel-Safe__2022-no-font-300x141.png 300w\" sizes=\"auto, (max-width: 729px) 100vw, 729px\" \/><\/figure>\n<\/div><\/div>\n<\/div>\n\n\n\n<div style=\"height:50px\" aria-hidden=\"true\" class=\"wp-block-spacer\"><\/div>\n","protected":false},"excerpt":{"rendered":"<p>Extraferm D&#8217;fend DERIVATO DI LIEVITO PROTETTIVO CHE GARANTISCE LA STABILITA OSSIDATIVA DEL VINO SCOPO [&hellip;]<\/p>\n","protected":false},"author":3,"featured_media":0,"parent":21500,"menu_order":6,"comment_status":"closed","ping_status":"closed","template":"page-product.php","meta":{"_acf_changed":false,"_seopress_robots_primary_cat":"0","_seopress_titles_title":"","_seopress_titles_desc":"","_seopress_robots_index":"","footnotes":""},"class_list":["post-21539","page","type-page","status-publish"],"acf":[],"_links":{"self":[{"href":"https:\/\/oenobrands.com\/it\/wp-json\/wp\/v2\/pages\/21539","targetHints":{"allow":["GET"]}}],"collection":[{"href":"https:\/\/oenobrands.com\/it\/wp-json\/wp\/v2\/pages"}],"about":[{"href":"https:\/\/oenobrands.com\/it\/wp-json\/wp\/v2\/types\/page"}],"author":[{"embeddable":true,"href":"https:\/\/oenobrands.com\/it\/wp-json\/wp\/v2\/users\/3"}],"replies":[{"embeddable":true,"href":"https:\/\/oenobrands.com\/it\/wp-json\/wp\/v2\/comments?post=21539"}],"version-history":[{"count":0,"href":"https:\/\/oenobrands.com\/it\/wp-json\/wp\/v2\/pages\/21539\/revisions"}],"up":[{"embeddable":true,"href":"https:\/\/oenobrands.com\/it\/wp-json\/wp\/v2\/pages\/21500"}],"wp:attachment":[{"href":"https:\/\/oenobrands.com\/it\/wp-json\/wp\/v2\/media?parent=21539"}],"curies":[{"name":"wp","href":"https:\/\/api.w.org\/{rel}","templated":true}]}}