{"id":21534,"date":"2022-10-19T22:48:49","date_gmt":"2022-10-19T20:48:49","guid":{"rendered":"https:\/\/oenobrands.com\/prodotto\/yeast-derivate\/feel-safe\/extraferm-dtox\/"},"modified":"2025-12-10T08:14:45","modified_gmt":"2025-12-10T07:14:45","slug":"extraferm-dtox","status":"publish","type":"page","link":"https:\/\/oenobrands.com\/it\/prodotto\/derivati-lievito\/feel-safe\/extraferm-dtox\/","title":{"rendered":"Extraferm D&#8217;tox"},"content":{"rendered":"\n<h1 class=\"wp-block-heading has-text-color\" style=\"color:#6cc24a\">Extraferm D&#8217;tox<\/h1>\n\n\n\n<div style=\"height:30px\" aria-hidden=\"true\" class=\"wp-block-spacer\"><\/div>\n\n\n\n<h2 class=\"wp-block-heading has-medium-font-size\">PARETI CELLULARI ALTAMENTE ADSORBENTI<\/h2>\n\n\n\n<div style=\"height:30px\" aria-hidden=\"true\" class=\"wp-block-spacer\"><\/div>\n\n\n\n<h3 class=\"wp-block-heading has-medium-font-size\"><strong>SCOPO<\/strong><\/h3>\n\n\n\n<p><strong>Extraferm<sup>\u00ae <\/sup>D\u2019tox <\/strong>adsorbe ed elimina molti composti tossici e indesiderati presenti nel mosto e\/o nel vino. <\/p>\n\n\n\n<p><strong>Extraferm D\u2019tox <\/strong>favorisce una fermentazione alcolica e malolattica regolare eliminando gli acidi grassi a catena media, noti per inibire i lieviti e i batteri lattici. <\/p>\n\n\n\n<p><strong>Extraferm D\u2019tox<\/strong> can also bind and eliminate over 50% of undesirable molecules such as ochratoxin A (OTA), unpleasant aroma molecules such as anisoles (TCA, TeCA, TBA, and PCA), and dibutyl phthalate.<\/p>\n\n\n\n<div style=\"height:50px\" aria-hidden=\"true\" class=\"wp-block-spacer\"><\/div>\n\n\n\n<div class=\"wp-block-columns is-layout-flex wp-container-core-columns-is-layout-9d6595d7 wp-block-columns-is-layout-flex\">\n<div class=\"wp-block-column is-layout-flow wp-block-column-is-layout-flow\" style=\"flex-basis:45%\">\n<h3 class=\"wp-block-heading has-text-color\" style=\"color:#6cc24a\"><strong>Propriet\u00e0<\/strong><\/h3>\n\n\n\n<p><strong>Extraferm D\u2019tox:<\/strong><\/p>\n\n\n\n<ul class=\"wp-block-list\">\n<li>Migliora le condizioni di fermentazione eliminando gli acidi grassi, tossici per lieviti e batteri.<\/li>\n\n\n\n<li>Migliora la tolleranza all\u2019alcol e la vitalit\u00e0 del lievito.<\/li>\n\n\n\n<li>Migliora le propriet\u00e0 analitiche del vino.<\/li>\n\n\n\n<li>Ripristina il profilo organolettico del vino.<\/li>\n<\/ul>\n\n\n\n<p>Dopo l\u2019aggiunta di Extraferm D\u2019tox, le pareti cellulari formano rapidamente sedimenti, rendendo la sfecciatura rapida e semplice.<\/p>\n\n\n\n<div class=\"wp-block-columns is-layout-flex wp-container-core-columns-is-layout-9d6595d7 wp-block-columns-is-layout-flex\">\n<div class=\"wp-block-column is-vertically-aligned-center is-layout-flow wp-block-column-is-layout-flow\" style=\"flex-basis:25%\"><div class=\"wp-block-image is-style-default\">\n<figure class=\"aligncenter size-full\"><img loading=\"lazy\" decoding=\"async\" width=\"100\" height=\"99\" src=\"http:\/\/oenobrands.com\/wp-content\/uploads\/2023\/04\/Ease-of-use.jpg\" alt=\"Facilit\u00e0 d\u2019uso\" class=\"wp-image-2192\"\/><\/figure>\n<\/div><\/div>\n\n\n\n<div class=\"wp-block-column has-background is-layout-flow wp-block-column-is-layout-flow\" style=\"background-color:#c4bfb6;flex-basis:66.66%\">\n<p class=\"has-small-font-size\" style=\"font-style:normal;font-weight:500\">I prodotti Oenobrands sono realizzati con derivati \u200b\u200bdi lievito selezionati ed essiccati utilizzando una tecnologia esclusiva. Ci\u00f2 garantisce la loro elevata capacit\u00e0 di disperdersi rapidamente e senza formare grumi. <\/p>\n<\/div>\n<\/div>\n\n\n\n<div class=\"wp-block-columns is-layout-flex wp-container-core-columns-is-layout-9d6595d7 wp-block-columns-is-layout-flex\">\n<div class=\"wp-block-column is-vertically-aligned-center is-layout-flow wp-block-column-is-layout-flow\" style=\"flex-basis:25%\"><div class=\"wp-block-image is-style-default\">\n<figure class=\"aligncenter size-full\"><img loading=\"lazy\" decoding=\"async\" width=\"120\" height=\"104\" src=\"http:\/\/oenobrands.com\/wp-content\/uploads\/2023\/05\/Oenobrands-high-absorption-low-odor-e1683582428944.jpg\" alt=\"Oenobrands-alta-adsorbimento-basso-odore\" class=\"wp-image-3982\"\/><\/figure>\n<\/div><\/div>\n\n\n\n<div class=\"wp-block-column has-background is-layout-flow wp-block-column-is-layout-flow\" style=\"background-color:#c4bfb6;flex-basis:66.66%\">\n<p class=\"has-small-font-size\" style=\"font-style:normal;font-weight:500\">Le pareti cellulari di <strong>Extraferm D\u2019tox <\/strong>sono riconosciute per la loro elevata capacit\u00e0 di adsorbimento, mantenendo al contempo le qualit\u00e0 organolettiche e gustative dei vini trattati. Questo \u00e8 spiegato dal processo esclusivo \u201cHALO\u201d (High Adsorption Low Odor) utilizzato per la loro produzione. <\/p>\n\n\n\n<p class=\"has-small-font-size\" style=\"font-style:normal;font-weight:500\">Questo trattamento unico conferisce a queste bucce un elevato livello di specificit\u00e0 nella rimozione dei contaminanti indesiderati senza modificare l\u2019odore o il colore del vino trattato.<\/p>\n<\/div>\n<\/div>\n\n\n\n<h3 class=\"wp-block-heading has-text-color\" style=\"color:#6cc24a\"><strong>Scienza e tecnologia<\/strong><\/h3>\n\n\n\n<p><strong>Extraferm D\u2019tox<\/strong> adsorbe ed elimina un\u2019ampia gamma di composti tossici e indesiderati presenti nel mosto e\/o nel vino. <\/p>\n\n\n\n<p>Le pareti cellulari del lievito <strong>Extraferm D\u2019tox <\/strong>hanno un\u2019elevata capacit\u00e0 di rimanere facilmente in sospensione. Questa caratteristica favorisce anche una rapida sedimentazione, implicando una detossificazione veloce.  <\/p>\n\n\n\n<p>Una volta utilizzato<strong> Extraferm <\/strong><strong>D\u2019tox<\/strong>, la sua capacit\u00e0 adsorbente \u00e8 estremamente elevata, evidente e misurabile.<\/p>\n\n\n<div class=\"wp-block-image is-style-zoooom\">\n<figure class=\"aligncenter size-full\"><img alt=\"\" loading=\"lazy\" decoding=\"async\" width=\"700\" height=\"384\" src=\"https:\/\/oenobrands.com\/wp-content\/uploads\/2025\/12\/IT-Produtto-Feel-safe-Extraferm-Dtox.png\" alt=\"\" class=\"wp-image-22411\" style=\"object-fit:cover\" srcset=\"https:\/\/oenobrands.com\/wp-content\/uploads\/2025\/12\/IT-Produtto-Feel-safe-Extraferm-Dtox.png 700w, https:\/\/oenobrands.com\/wp-content\/uploads\/2025\/12\/IT-Produtto-Feel-safe-Extraferm-Dtox-300x165.png 300w\" sizes=\"auto, (max-width: 700px) 100vw, 700px\" \/><figcaption class=\"wp-element-caption\">Capacit\u00e0 di detossificazione delle pareti cellulari di <strong>Extraferm D\u2019tox <\/strong>utilizzate alla dose di 2 \u00d7 20 g\/hL.<\/figcaption><\/figure>\n<\/div><\/div>\n\n\n\n<div class=\"wp-block-column is-layout-flow wp-block-column-is-layout-flow\" style=\"flex-basis:6%\"><\/div>\n\n\n\n<div class=\"wp-block-column has-background is-layout-flow wp-block-column-is-layout-flow\" style=\"background-color:#f7f7f7;flex-basis:45%\">\n<div class=\"wp-block-columns is-layout-flex wp-container-core-columns-is-layout-9d6595d7 wp-block-columns-is-layout-flex\">\n<div class=\"wp-block-column is-vertically-aligned-top is-layout-flow wp-block-column-is-layout-flow\"><div class=\"wp-block-image\">\n<figure class=\"aligncenter size-full\"><img loading=\"lazy\" decoding=\"async\" width=\"350\" height=\"150\" src=\"http:\/\/oenobrands.com\/wp-content\/uploads\/2023\/05\/Feel-Safe-yeast-derivate-derive-levure-Extraferm-Detox-d-tox-simple-1-e1683574753995.png\" alt=\"Feel-Safe-derivato-di-lievito-Extraferm-Detox-d-tox-semplice\" class=\"wp-image-3913\" srcset=\"https:\/\/oenobrands.com\/wp-content\/uploads\/2023\/05\/Feel-Safe-yeast-derivate-derive-levure-Extraferm-Detox-d-tox-simple-1-e1683574753995.png 350w, https:\/\/oenobrands.com\/wp-content\/uploads\/2023\/05\/Feel-Safe-yeast-derivate-derive-levure-Extraferm-Detox-d-tox-simple-1-e1683574753995-300x129.png 300w\" sizes=\"auto, (max-width: 350px) 100vw, 350px\" \/><\/figure>\n<\/div><\/div>\n<\/div>\n\n\n\n<div style=\"height:40px\" aria-hidden=\"true\" class=\"wp-block-spacer\"><\/div>\n\n\n\n<div class=\"wp-block-group\"><div class=\"wp-block-group__inner-container is-layout-constrained wp-block-group-is-layout-constrained\">\n<p class=\"has-text-align-center\"><strong>SCARICA LA SCHEDA TECNICA<\/strong><\/p>\n\n\n\n<div class=\"wp-block-columns is-not-stacked-on-mobile is-layout-flex wp-container-core-columns-is-layout-9d6595d7 wp-block-columns-is-layout-flex\">\n<div class=\"wp-block-column is-layout-flow wp-block-column-is-layout-flow\">\n<figure class=\"wp-block-image size-full\"><a href=\"https:\/\/oenobrands.com\/wp-content\/uploads\/2024\/11\/ADS-A4-Extraferm-Dtox-EN-2024_WEB.pdf\" target=\"_blank\" rel=\"noreferrer noopener\"><img loading=\"lazy\" decoding=\"async\" width=\"180\" height=\"94\" src=\"http:\/\/oenobrands.com\/wp-content\/uploads\/2023\/04\/flag-united-states-english-american.png\" alt=\"bandiera-stati-uniti-inglese-americano\" class=\"wp-image-2510\"\/><\/a><\/figure>\n<\/div>\n\n\n\n<div class=\"wp-block-column is-layout-flow wp-block-column-is-layout-flow\">\n<figure class=\"wp-block-image size-full\"><a href=\"https:\/\/oenobrands.com\/wp-content\/uploads\/2024\/07\/ADS-A4-Extraferm-Dtox-FR_2022_G_03.pdf\" target=\"_blank\" rel=\"noreferrer noopener\"><img loading=\"lazy\" decoding=\"async\" width=\"180\" height=\"94\" src=\"http:\/\/oenobrands.com\/wp-content\/uploads\/2023\/04\/drapeau-francais-france.png\" alt=\"bandiera francese \u2013 Francia\" class=\"wp-image-2508\"\/><\/a><\/figure>\n<\/div>\n\n\n\n<div class=\"wp-block-column is-layout-flow wp-block-column-is-layout-flow\">\n<figure class=\"wp-block-image size-full\"><a href=\"https:\/\/oenobrands.com\/wp-content\/uploads\/2024\/11\/ADS-A4-Extraferm-Dtox-ES-2024_no-logo_WEB.pdf\" target=\"_blank\" rel=\"noreferrer noopener\"><img loading=\"lazy\" decoding=\"async\" width=\"180\" height=\"94\" src=\"http:\/\/oenobrands.com\/wp-content\/uploads\/2023\/04\/bandiera-spagnola-spagna.png\" alt=\"bandiera spagnola \u2013 Spagna\" class=\"wp-image-2506\"\/><\/a><\/figure>\n<\/div>\n\n\n\n<div class=\"wp-block-column is-layout-flow wp-block-column-is-layout-flow\">\n<figure class=\"wp-block-image size-full\"><a href=\"https:\/\/oenobrands.com\/wp-content\/uploads\/2024\/11\/ADS-A4-Extraferm-Dtox-IT-2024_Corimpex_WEB.pdf\" target=\"_blank\" rel=\"noreferrer noopener\"><img loading=\"lazy\" decoding=\"async\" width=\"180\" height=\"94\" src=\"http:\/\/oenobrands.com\/wp-content\/uploads\/2023\/04\/bandiera-italiana-italy.png\" alt=\"bandiera italiana \u2013 Italia\" class=\"wp-image-2512\"\/><\/a><\/figure>\n<\/div>\n\n\n\n<div class=\"wp-block-column is-layout-flow wp-block-column-is-layout-flow\">\n<figure class=\"wp-block-image size-full\"><a href=\"https:\/\/oenobrands.com\/wp-content\/uploads\/2024\/11\/ADS-A4-Extraferm-Dtox-PT-2024_Freitas_WEB.pdf\" target=\"_blank\" rel=\"noreferrer noopener\"><img loading=\"lazy\" decoding=\"async\" width=\"180\" height=\"94\" src=\"http:\/\/oenobrands.com\/wp-content\/uploads\/2024\/05\/Flag-drapeau-Portugal.png\" alt=\"bandiera portoghese \u2013 Portogallo\" class=\"wp-image-7139\"\/><\/a><\/figure>\n<\/div>\n\n\n\n<div class=\"wp-block-column is-layout-flow wp-block-column-is-layout-flow\">\n<figure class=\"wp-block-image size-full\"><a href=\"https:\/\/oenobrands.com\/wp-content\/uploads\/2024\/11\/ADS-A4-Extraferm-Dtox-ALL-2024_Keller_WEB.pdf\" target=\"_blank\" rel=\"noreferrer noopener\"><img loading=\"lazy\" decoding=\"async\" width=\"180\" height=\"94\" src=\"http:\/\/oenobrands.com\/wp-content\/uploads\/2023\/05\/Flagge-Deutschland.png\" alt=\"Flagge-Deutschland\" class=\"wp-image-3550\"\/><\/a><\/figure>\n<\/div>\n<\/div>\n\n\n\n<div class=\"wp-block-columns is-not-stacked-on-mobile is-layout-flex wp-container-core-columns-is-layout-9d6595d7 wp-block-columns-is-layout-flex\">\n<div class=\"wp-block-column is-layout-flow wp-block-column-is-layout-flow\">\n<figure class=\"wp-block-image size-full\"><a href=\"https:\/\/oenobrands.com\/wp-content\/uploads\/2024\/11\/ADS-A4-Extraferm-Dtox-RO-2024_Elton_WEB2.pdf\" target=\"_blank\" rel=\"noreferrer noopener\"><img loading=\"lazy\" decoding=\"async\" width=\"180\" height=\"94\" src=\"http:\/\/oenobrands.com\/wp-content\/uploads\/2024\/05\/Flag-drapeau-Roumanie.png\" alt=\"bandiera Romania\" class=\"wp-image-7145\"\/><\/a><\/figure>\n<\/div>\n\n\n\n<div class=\"wp-block-column is-layout-flow wp-block-column-is-layout-flow\">\n<figure class=\"wp-block-image size-full\"><a href=\"https:\/\/oenobrands.com\/wp-content\/uploads\/2024\/11\/ADS-A4-Extraferm-Dtox-TCH_2024_WEB.pdf\" target=\"_blank\" rel=\"noreferrer noopener\"><img loading=\"lazy\" decoding=\"async\" width=\"180\" height=\"94\" src=\"http:\/\/oenobrands.com\/wp-content\/uploads\/2023\/05\/Flag-vlajka-Czech-Republic.png\" alt=\"bandiera Repubblica Ceca\" class=\"wp-image-3548\"\/><\/a><\/figure>\n<\/div>\n\n\n\n<div class=\"wp-block-column is-layout-flow wp-block-column-is-layout-flow\">\n<figure class=\"wp-block-image size-full\"><a href=\"https:\/\/oenobrands.com\/wp-content\/uploads\/2024\/11\/ADS-A4-Extraferm-Dtox-BUL-2024_WEB2.pdf\" target=\"_blank\" rel=\"noreferrer noopener\"><img alt=\"\" loading=\"lazy\" decoding=\"async\" width=\"180\" height=\"94\" src=\"http:\/\/oenobrands.com\/wp-content\/uploads\/2024\/05\/flag-drapeau-bulgarie.png\" alt=\"\" class=\"wp-image-7141\"\/><\/a><\/figure>\n<\/div>\n\n\n\n<div class=\"wp-block-column is-layout-flow wp-block-column-is-layout-flow\">\n<figure class=\"wp-block-image size-full\"><a href=\"https:\/\/oenobrands.com\/wp-content\/uploads\/2024\/07\/ADS-A4-Extraferm-Dtox-GR-2022_Elton_G_02.pdf\" target=\"_blank\" rel=\"noreferrer noopener\"><img loading=\"lazy\" decoding=\"async\" width=\"180\" height=\"94\" src=\"http:\/\/oenobrands.com\/wp-content\/uploads\/2024\/07\/flag-greece-drapeaux.png\" alt=\"bandiera Grecia\" class=\"wp-image-11801\"\/><\/a><\/figure>\n<\/div>\n\n\n\n<div class=\"wp-block-column is-layout-flow wp-block-column-is-layout-flow\"><\/div>\n\n\n\n<div class=\"wp-block-column is-layout-flow wp-block-column-is-layout-flow\"><\/div>\n<\/div>\n<\/div><\/div>\n\n\n\n<hr class=\"wp-block-separator has-text-color has-alpha-channel-opacity has-background\" style=\"background-color:#162638;color:#162638\"\/>\n\n\n\n<div class=\"wp-block-buttons is-content-justification-center is-layout-flex wp-container-core-buttons-is-layout-16018d1d wp-block-buttons-is-layout-flex\">\n<div class=\"wp-block-button\"><a class=\"wp-block-button__link has-white-color has-text-color has-background has-text-align-center wp-element-button\" href=\"https:\/\/oenobrands.com\/it\/distributori\/\" style=\"background-color:#162638\" target=\"_blank\" rel=\"noreferrer noopener\">Il vostro distributore<\/a><\/div>\n<\/div>\n\n\n\n<hr class=\"wp-block-separator has-text-color has-alpha-channel-opacity has-background\" style=\"background-color:#162638;color:#162638\"\/>\n\n\n\n<h3 class=\"wp-block-heading\"><strong>Dosaggio<\/strong><\/h3>\n\n\n\n<ul class=\"wp-block-list\">\n<li><strong>Trattamento preventivo per la fermentazione del mosto<\/strong><\/li>\n<\/ul>\n\n\n\n<p>Dosaggio: 20 g\/hL<\/p>\n\n\n\n<p>Aggiungere <strong>Extraferm D\u2019tox <\/strong>prima dell\u2019inoculazione.<\/p>\n\n\n\n<ul class=\"wp-block-list\">\n<li><strong>Per fermentazioni lente o bloccate<\/strong><\/li>\n<\/ul>\n\n\n\n<p>Dosaggio: 30\u201340 g\/hL.<\/p>\n\n\n\n<p>Incorporare<strong> Extraferm D\u2019tox <\/strong>nel vino per adsorbire gli acidi grassi inibenti. In caso di fermentazione bloccata, si consiglia di utilizzare il dosaggio pi\u00f9 alto e poi aggiungere <strong>Fermivin<sup>\u00ae<\/sup> Champion Booster,<\/strong> il lievito migliore e pi\u00f9 rapido per il riavvio delle fermentazioni alcoliche secondo il protocollo raccomandato. Contattaci per ricevere quest\u2019ultimo.<\/p>\n\n\n\n<ul class=\"wp-block-list\">\n<li><strong>Per vini contaminati da ocratossina A, anisoli o dibutilftalato<\/strong><\/li>\n<\/ul>\n\n\n\n<p>Dosaggio: 20\u201340 g\/hL.<\/p>\n\n\n\n<p>Incorporare <strong>Extraferm D\u2019tox <\/strong>in modo da evitare l\u2019ossidazione del vino.<\/p>\n\n\n\n<p>Assaggiare e analizzare il vino dopo 24 ore di contatto. Ripetere il trattamento se necessario. <\/p>\n\n\n\n<p>Per ottenere i migliori risultati, ripetere il trattamento due volte consecutivamente.<\/p>\n\n\n\n<p>Il Regolamento UE 606\/2009 stabilisce un limite massimo d\u2019uso di 40 g\/hL. Per gli altri Paesi, fare riferimento alla legislazione vigente. <\/p>\n\n\n\n<h3 class=\"wp-block-heading\"><strong>Utilizzo<\/strong><\/h3>\n\n\n\n<p>\u2013 Sospendere <strong>Extraferm D\u2019tox <\/strong>mescolandolo con 10 volte il suo peso in acqua.<\/p>\n\n\n\n<p>\u2013 Omogeneizzare il mosto o il vino trattato con un rimontaggio.<\/p>\n\n\n\n<h3 class=\"wp-block-heading\"><strong>Composizione<\/strong><\/h3>\n\n\n\n<p>100% pareti cellulari di lievito<\/p>\n\n\n\n<h3 class=\"wp-block-heading\"><strong><strong>Confezione<\/strong><\/strong><\/h3>\n\n\n\n<p>\u2013 Sacchetti laminati multistrato da 1 Kg ermetici.<\/p>\n\n\n\n<p>\u2013 Sacchetti singoli in alluminio da 10 Kg confezionati in scatola.<\/p>\n\n\n\n<p>L&#8217;imballaggio \u00e8 stato rigorosamente selezionato per evitare la contaminazione del prodotto durante il trasporto e lo stoccaggio prima dell&#8217;uso.<\/p>\n\n\n\n<h3 class=\"wp-block-heading\"><strong>Conservazione<\/strong><\/h3>\n\n\n\n<p>Conservare in un luogo fresco e asciutto (5\u201315 \u00b0C &#8211; 41\u201360 \u00b0F).<\/p>\n<\/div>\n<\/div>\n\n\n\n<div class=\"wp-block-group\"><div class=\"wp-block-group__inner-container is-layout-constrained wp-block-group-is-layout-constrained\">\n<div style=\"height:30px\" aria-hidden=\"true\" class=\"wp-block-spacer\"><\/div>\n\n\n\n<hr class=\"wp-block-separator has-text-color has-black-color has-alpha-channel-opacity has-black-background-color has-background\"\/>\n<\/div><\/div>\n\n\n\n<div class=\"wp-block-columns is-layout-flex wp-container-core-columns-is-layout-9d6595d7 wp-block-columns-is-layout-flex\">\n<div class=\"wp-block-column is-layout-flow wp-block-column-is-layout-flow\">\n<div class=\"wp-block-group\"><div class=\"wp-block-group__inner-container is-layout-constrained wp-block-group-is-layout-constrained\">\n<h2 class=\"wp-block-heading\"><strong>Scopri soluzioni correlate:<\/strong><\/h2>\n\n\n\n<div style=\"height:30px\" aria-hidden=\"true\" class=\"wp-block-spacer\"><\/div>\n\n\n\n<p><strong>Cerchi un approccio pi\u00f9 olistico all\u2019enologia? <\/strong>Scopri le nostre soluzioni enologiche avanzate relative a <strong>Extraferm D\u2019tox.<\/strong><\/p>\n\n\n\n<div style=\"height:30px\" aria-hidden=\"true\" class=\"wp-block-spacer\"><\/div>\n\n\n\n<div class=\"wp-block-columns are-vertically-aligned-center is-layout-flex wp-container-core-columns-is-layout-9d6595d7 wp-block-columns-is-layout-flex\">\n<div class=\"wp-block-column is-vertically-aligned-center is-layout-flow wp-block-column-is-layout-flow\" style=\"flex-basis:100%\">\n<div class=\"wp-block-buttons is-content-justification-center is-layout-flex wp-container-core-buttons-is-layout-16018d1d wp-block-buttons-is-layout-flex\">\n<div class=\"wp-block-button is-style-fill\"><a class=\"wp-block-button__link wp-element-button\" href=\"https:\/\/oenobrands.com\/solution\/alcoholic-fermentation\/yeast-inoculation\/\" target=\"_blank\" rel=\"noreferrer noopener\">Inoculazione del lievito<\/a><\/div>\n\n\n\n<div class=\"wp-block-button is-style-fill\"><a class=\"wp-block-button__link wp-element-button\" href=\"https:\/\/oenobrands.com\/solution\/alcoholic-fermentation\/fermentation-management\/\" target=\"_blank\" rel=\"noreferrer noopener\">Gestione della fermentazione<\/a><\/div>\n\n\n\n<div class=\"wp-block-button is-style-fill\"><a class=\"wp-block-button__link wp-element-button\" href=\"https:\/\/oenobrands.com\/solution\/oenological-default\/cork-taint\/\" target=\"_blank\" rel=\"noreferrer noopener\">Odore di tappo<\/a><\/div>\n\n\n\n<div class=\"wp-block-button is-style-fill\"><a class=\"wp-block-button__link wp-element-button\" href=\"https:\/\/oenobrands.com\/solution\/oenological-default\/smoke-taint\/\" target=\"_blank\" rel=\"noreferrer noopener\">Sensazione di fumo<\/a><\/div>\n<\/div>\n<\/div>\n<\/div>\n<\/div><\/div>\n\n\n\n<div style=\"height:30px\" aria-hidden=\"true\" class=\"wp-block-spacer\"><\/div>\n<\/div>\n\n\n\n<div class=\"wp-block-column is-layout-flow wp-block-column-is-layout-flow\">\n<h2 class=\"wp-block-heading\"><strong>Cerchi qualcos\u2019altro?<\/strong><\/h2>\n\n\n\n<div style=\"height:30px\" aria-hidden=\"true\" class=\"wp-block-spacer\"><\/div>\n\n\n\n<p>Visita la nostra sezione \u201cSoluzioni\u201d, dove offriamo consulenza esperta, conoscenze pratiche e approcci innovativi organizzati secondo il processo di vinificazione. <strong>Dalla fermentazione alla filtrazione e all\u2019imbottigliamento, ti accompagniamo con soluzioni per ottimizzare ogni fase del tuo processo di vinificazione.<\/strong><\/p>\n\n\n\n<div style=\"height:30px\" aria-hidden=\"true\" class=\"wp-block-spacer\"><\/div>\n\n\n\n<div class=\"wp-block-columns are-vertically-aligned-center is-layout-flex wp-container-core-columns-is-layout-9d6595d7 wp-block-columns-is-layout-flex\">\n<div class=\"wp-block-column is-vertically-aligned-center is-layout-flow wp-block-column-is-layout-flow\" style=\"flex-basis:100%\">\n<div class=\"wp-block-buttons is-content-justification-center is-layout-flex wp-container-core-buttons-is-layout-16018d1d wp-block-buttons-is-layout-flex\">\n<div class=\"wp-block-button is-style-fill\"><a class=\"wp-block-button__link wp-element-button\" href=\"https:\/\/oenobrands.com\/solution\/\" target=\"_blank\" rel=\"noreferrer noopener\">Soluzioni enologiche avanzate<\/a><\/div>\n<\/div>\n<\/div>\n<\/div>\n<\/div>\n<\/div>\n\n\n\n<hr class=\"wp-block-separator has-text-color has-black-color has-alpha-channel-opacity has-black-background-color has-background\"\/>\n\n\n\n<div style=\"height:30px\" aria-hidden=\"true\" class=\"wp-block-spacer\"><\/div>\n\n\n\n<div class=\"wp-block-columns is-layout-flex wp-container-core-columns-is-layout-9d6595d7 wp-block-columns-is-layout-flex\">\n<div class=\"wp-block-column is-vertically-aligned-center is-layout-flow wp-block-column-is-layout-flow\" style=\"flex-basis:30%\">\n<h1 class=\"wp-block-heading has-text-color\" style=\"color:#aca39a\">Scopri la gamma feel SAFE!<\/h1>\n\n\n\n<div style=\"height:20px\" aria-hidden=\"true\" class=\"wp-block-spacer\"><\/div>\n\n\n\n<div class=\"wp-block-buttons is-content-justification-center is-layout-flex wp-container-core-buttons-is-layout-16018d1d wp-block-buttons-is-layout-flex\">\n<div class=\"wp-block-button\"><a class=\"wp-block-button__link has-background wp-element-button\" href=\"https:\/\/oenobrands.com\/product\/yeast-derivate\/feel-safe\/\" style=\"background-color:#545859\" target=\"_blank\" rel=\"noreferrer noopener\">feel SAFE!<\/a><\/div>\n<\/div>\n<\/div>\n\n\n\n<div class=\"wp-block-column is-layout-flow wp-block-column-is-layout-flow\" style=\"flex-basis:10%\"><\/div>\n\n\n\n<div class=\"wp-block-column is-layout-flow wp-block-column-is-layout-flow\"><div class=\"wp-block-image\">\n<figure class=\"aligncenter size-full is-resized\"><img loading=\"lazy\" decoding=\"async\" width=\"729\" height=\"342\" src=\"http:\/\/oenobrands.com\/wp-content\/uploads\/2024\/05\/Feel-Safe__2022-no-font.png\" alt=\"Derivati \u200b\u200bdel lievito Feel-Safe\" class=\"wp-image-7450\" style=\"width:350px\" srcset=\"https:\/\/oenobrands.com\/wp-content\/uploads\/2024\/05\/Feel-Safe__2022-no-font.png 729w, https:\/\/oenobrands.com\/wp-content\/uploads\/2024\/05\/Feel-Safe__2022-no-font-300x141.png 300w\" sizes=\"auto, (max-width: 729px) 100vw, 729px\" \/><\/figure>\n<\/div><\/div>\n<\/div>\n\n\n\n<div style=\"height:50px\" aria-hidden=\"true\" class=\"wp-block-spacer\"><\/div>\n","protected":false},"excerpt":{"rendered":"<p>Extraferm D&#8217;tox PARETI CELLULARI ALTAMENTE ADSORBENTI SCOPO Extraferm\u00ae D\u2019tox adsorbe ed elimina molti composti [&hellip;]<\/p>\n","protected":false},"author":3,"featured_media":0,"parent":21500,"menu_order":5,"comment_status":"closed","ping_status":"closed","template":"page-product.php","meta":{"_acf_changed":false,"_seopress_robots_primary_cat":"0","_seopress_titles_title":"","_seopress_titles_desc":"","_seopress_robots_index":"","footnotes":""},"class_list":["post-21534","page","type-page","status-publish"],"acf":[],"_links":{"self":[{"href":"https:\/\/oenobrands.com\/it\/wp-json\/wp\/v2\/pages\/21534","targetHints":{"allow":["GET"]}}],"collection":[{"href":"https:\/\/oenobrands.com\/it\/wp-json\/wp\/v2\/pages"}],"about":[{"href":"https:\/\/oenobrands.com\/it\/wp-json\/wp\/v2\/types\/page"}],"author":[{"embeddable":true,"href":"https:\/\/oenobrands.com\/it\/wp-json\/wp\/v2\/users\/3"}],"replies":[{"embeddable":true,"href":"https:\/\/oenobrands.com\/it\/wp-json\/wp\/v2\/comments?post=21534"}],"version-history":[{"count":0,"href":"https:\/\/oenobrands.com\/it\/wp-json\/wp\/v2\/pages\/21534\/revisions"}],"up":[{"embeddable":true,"href":"https:\/\/oenobrands.com\/it\/wp-json\/wp\/v2\/pages\/21500"}],"wp:attachment":[{"href":"https:\/\/oenobrands.com\/it\/wp-json\/wp\/v2\/media?parent=21534"}],"curies":[{"name":"wp","href":"https:\/\/api.w.org\/{rel}","templated":true}]}}