{"id":21478,"date":"2022-10-19T21:58:54","date_gmt":"2022-10-19T19:58:54","guid":{"rendered":"https:\/\/oenobrands.com\/prodotto\/bacteria\/maloferm\/"},"modified":"2025-11-28T20:54:10","modified_gmt":"2025-11-28T19:54:10","slug":"maloferm","status":"publish","type":"page","link":"https:\/\/oenobrands.com\/it\/prodotto\/batteri\/maloferm\/","title":{"rendered":"MALOFERM"},"content":{"rendered":"\n<div style=\"height:50px\" aria-hidden=\"true\" class=\"wp-block-spacer\"><\/div>\n<div class=\"wp-block-image\">\n<figure class=\"aligncenter size-large is-resized\"><img alt=\"\" loading=\"lazy\" decoding=\"async\" width=\"1024\" height=\"204\" src=\"http:\/\/oenobrands.com\/wp-content\/uploads\/2024\/10\/produit-anchor-bacteries-maloferm-FR-1024x204.png\" alt=\"\" class=\"wp-image-15208\" style=\"width:678px;height:auto\" srcset=\"https:\/\/oenobrands.com\/wp-content\/uploads\/2024\/10\/produit-anchor-bacteries-maloferm-FR-1024x204.png 1024w, https:\/\/oenobrands.com\/wp-content\/uploads\/2024\/10\/produit-anchor-bacteries-maloferm-FR-300x60.png 300w, https:\/\/oenobrands.com\/wp-content\/uploads\/2024\/10\/produit-anchor-bacteries-maloferm-FR-768x153.png 768w, https:\/\/oenobrands.com\/wp-content\/uploads\/2024\/10\/produit-anchor-bacteries-maloferm-FR-1536x306.png 1536w, https:\/\/oenobrands.com\/wp-content\/uploads\/2024\/10\/produit-anchor-bacteries-maloferm-FR.png 1660w\" sizes=\"auto, (max-width: 1024px) 100vw, 1024px\" \/><\/figure>\n<\/div>\n<div style=\"height:50px\" aria-hidden=\"true\" class=\"wp-block-spacer\"><\/div>\n\n<p><strong>La gamma Maloferm \u00e8 stata sviluppata per soddisfare due requisiti essenziali della fermentazione malolattica (MLF): robustezza e miglioramento aromatico.<\/strong><br\/>Ogni ceppo del portafoglio, <strong>Maloferm Plus, Fruity, Vintage e Bouquet<\/strong>, garantisce fermentazioni complete e affidabili, migliorando al contempo la complessit\u00e0 e l\u2019equilibrio del vino.<\/p>\n\n<p><strong>In risposta alla crescente richiesta di vini rossi pi\u00f9 freschi, fruttati e accessibili,<\/strong> Oenobrands ha introdotto <strong>Maloferm\u00ae Fruta DUO<\/strong>, il primo prodotto della nuova gamma <strong>DUO range<\/strong>, dedicata esclusivamente alla <strong>co-inoculazione.<\/strong><br\/>Questo ceppo di <em>Oenococcus oeni <\/em>\u00e8 stato selezionato non solo per la sua forte capacit\u00e0 fermentativa, ma anche per la sua abilit\u00e0 di migliorare il profilo di frutta rossa, la morbidezza e la qualit\u00e0 sensoriale complessiva dei vini. Grazie alla sua formulazione specifica per la co-inoculazione, permette anche una produzione pi\u00f9 rapida di vini pronti per il mercato.<\/p>\n\n<div style=\"height:50px\" aria-hidden=\"true\" class=\"wp-block-spacer\"><\/div>\n\n<figure class=\"wp-block-image size-full\"><img alt=\"\" loading=\"lazy\" decoding=\"async\" width=\"784\" height=\"178\" src=\"https:\/\/oenobrands.com\/wp-content\/uploads\/2024\/03\/maloferm-sentence.png\" alt=\"\" class=\"wp-image-6189\" srcset=\"https:\/\/oenobrands.com\/wp-content\/uploads\/2024\/03\/maloferm-sentence.png 784w, https:\/\/oenobrands.com\/wp-content\/uploads\/2024\/03\/maloferm-sentence-300x68.png 300w, https:\/\/oenobrands.com\/wp-content\/uploads\/2024\/03\/maloferm-sentence-768x174.png 768w\" sizes=\"auto, (max-width: 784px) 100vw, 784px\" \/><\/figure>\n\n<div style=\"height:50px\" aria-hidden=\"true\" class=\"wp-block-spacer\"><\/div>\n\n<figure class=\"wp-block-table is-style-regular align-top-table\"><table><thead><tr><th><strong>Prodotto<\/strong><\/th><th><strong>Descrizione<\/strong><\/th><th><strong>Applicazione<\/strong><\/th><th><strong>Propriet\u00e0 tecniche<\/strong><\/th><\/tr><\/thead><tbody><tr><td><mark style=\"background-color:rgba(0, 0, 0, 0);color:#1d8649\" class=\"has-inline-color\"><strong>MALOFERM <\/strong><\/mark><br\/><mark style=\"background-color:rgba(0, 0, 0, 0);color:#1d8649\" class=\"has-inline-color\"><strong>PLUS<\/strong><\/mark><\/td><td>Una coltura batterica per completare la FML in condizioni di fermentazione difficili.<br\/><br\/>Elevato SO\u2082<br\/>pH basso<br\/>Alto contenuto alcolico<br\/>Bassa temperatura<\/td><td>Questa coltura batterica completa la FML in condizioni difficili di pH basso, alto contenuto di zolfo e alto tenore alcolico. La freschezza e il carattere varietale del vino vengono preservati.<br\/><br\/>Inoculo sequenziale.<br\/>Vini rossi e bianchi di qualit\u00e0.<br\/>Produce poco o nessun diacetile.<br\/>Breve fase di latenza e buona cinetica fermentativa.<br\/>Bassa produzione di AV.<br\/>Nessuna produzione di ammine biogene.<\/td><td>Tolleranza alla temperatura: 14 \u00b0C<br\/>pH: 3.1<br\/>SO\u2082 totale all\u2019inoculo: &lt;60 mg\/L<br\/>Tolleranza all\u2019alcol: 16%<\/td><\/tr><tr><td><strong><mark style=\"background-color:rgba(0, 0, 0, 0);color:#79242f\" class=\"has-inline-color\">MALOFERM <\/mark><br\/><mark style=\"background-color:rgba(0, 0, 0, 0);color:#79242f\" class=\"has-inline-color\">FRUITY<\/mark><\/strong><\/td><td>Una coltura batterica per migliorare il profilo aromatico durante la FML nei vini rossi e bianchi.<br\/><br\/>Frutta rossa<br\/>Frutta nera<br\/>Frutta a nocciolo<br\/>Floreale<\/td><td>Questa coltura batterica aumenta la concentrazione di esteri e, di conseguenza, il profilo aromatico totale. Questo porta a un aumento degli aromi fruttati e floreali, oltre agli aromi di frutta a nocciolo, frutta rossa e frutta nera nei vini rossi.<br\/><br\/>Inoculo sequenziale.<br\/>Vini rossi e bianchi di qualit\u00e0.<br\/>Breve fase di latenza e buona cinetica fermentativa.<br\/>Bassa produzione di AV.<br\/>Nessuna produzione di ammine biogene.<\/td><td>Tolleranza alla temperatura: 15 \u00b0C<br\/>pH: 3.2<br\/>SO\u2082 totale all\u2019inoculo: &lt;50 mg\/L<br\/>Tolleranza all\u2019alcol: 15%<\/td><\/tr><tr><td><strong><mark style=\"background-color:rgba(0, 0, 0, 0);color:#490e67\" class=\"has-inline-color\">MALOFERM<\/mark><br\/><mark style=\"background-color:rgba(0, 0, 0, 0);color:#490e67\" class=\"has-inline-color\">VINTAGE<\/mark><\/strong><\/td><td>Una coltura batterica versatile per migliorare la qualit\u00e0 della FML nei vini bianchi, rosati e rossi.<br\/><br\/>Qualit\u00e0<br\/>Volume<br\/>Sensazione in bocca<br\/>Note varietali<\/td><td>Questa coltura batterica aumenta la qualit\u00e0 migliorando il volume e la sensazione in bocca del vino finito e riducendo i caratteri erbacei e verdi. Questo viene fatto rispettando<br\/>le caratteristiche varietali e dell\u2019annata.<br\/><br\/>Inoculo sequenziale.<br\/>Vini bianchi, rosati e rossi di qualit\u00e0.<br\/>Produttore di diacetile da medio ad alto.<br\/>Breve fase di latenza e buona cinetica fermentativa.<br\/>Bassa produzione di AV.<br\/>Nessuna produzione di ammine biogene.<\/td><td>Tolleranza alla temperatura: 16 \u00b0C<br\/>pH: 3.15<br\/>SO\u2082 totale all\u2019inoculo: &lt;45 mg\/L<br\/>Tolleranza alla temperatura: 18 \u2013 28 \u00b0C<\/td><\/tr><tr><td><mark style=\"background-color:rgba(0, 0, 0, 0);color:#f32735\" class=\"has-inline-color\"><strong>MALOFERM <\/strong><\/mark><br\/><mark style=\"background-color:rgba(0, 0, 0, 0);color:#f32735\" class=\"has-inline-color\"><strong>BOUQUET<\/strong> <\/mark><\/td><td>Una coltura batterica versatile per aumentare l\u2019aroma durante la FML nei vini rosati e rossi.<br\/><br\/>Frutta nera<br\/>Floreale<br\/>Volume<br\/>Qualit\u00e0<\/td><td>Questa coltura batterica aumenta la qualit\u00e0 con note potenziate di frutti rossi, neri, tropicali e agrumati, oltre a note floreali. Questa qualit\u00e0 aromatica migliorata \u00e8 supportata da maggiore volume, lunghezza<br\/>e sensazione al palato.<br\/><br\/>Inoculo sequenziale.<br\/>Vini rosati e rossi di qualit\u00e0.<br\/>Bassa produzione di diacetile.<br\/>Breve fase di latenza e buona cinetica fermentativa.<br\/>Bassa produzione di AV.<br\/>Nessuna produzione di ammine biogene.<\/td><td>Tolleranza alla temperatura: 18 \u00b0C<br\/>pH: 3.25<br\/>SO\u2082 totale all\u2019inoculo: &lt;45 mg\/L<br\/>Tolleranza all\u2019alcol: 15%<\/td><\/tr><\/tbody><\/table><\/figure>\n\n<div style=\"height:50px\" aria-hidden=\"true\" class=\"wp-block-spacer\"><\/div>\n\n<h2 class=\"wp-block-heading\"><strong>Per co-inoculo<\/strong><\/h2>\n\n<figure class=\"wp-block-table table-fruta-white\"><table class=\"has-white-color has-text-color has-background has-link-color\" style=\"background-color:#901a3a\"><tbody><tr><td><strong>MALOFERM FRUTA DUO<\/strong><\/td><td>Una coltura batterica che esalta gli aromi di frutti rossi freschi durante il co-inoculo nei vini rossi.<br\/><br\/>Fresco<br\/>Morbido<br\/>Frutta<br\/>Volume<\/td><td>Questa coltura batterica esalta il profilo fresco dei frutti rossi dei vini rossi. Contribuisce alla morbidezza, al corpo e al volume, nonch\u00e9 alla qualit\u00e0 complessiva del vino.<br\/><br\/>SOLO coinoculazione<br\/>Vini rossi facili da bere.<br\/>Buona cinetica di fermentazione.<br\/>Bassa produzione di AV.<br\/>Nessuna produzione di ammine biogene.<\/td><td>Tolleranza alla temperatura: 18 \u00b0C <br\/>pH: 3.3<br\/>SO\u2082 totale all&#8217;inoculazione: &lt; 40 mg\/L<br\/>Tolleranza all\u2019alcol: 15% <\/td><\/tr><\/tbody><\/table><\/figure>\n\n<div style=\"height:50px\" aria-hidden=\"true\" class=\"wp-block-spacer\"><\/div>\n\n<h2 class=\"wp-block-heading\"><strong>Scopri la nostra gamma di batteri Maloferm:<\/strong><\/h2>\n\n<div style=\"height:50px\" aria-hidden=\"true\" class=\"wp-block-spacer\"><\/div>\n","protected":false},"excerpt":{"rendered":"<p>La gamma Maloferm \u00e8 stata sviluppata per soddisfare due requisiti essenziali della fermentazione malolattica [&hellip;]<\/p>\n","protected":false},"author":3,"featured_media":0,"parent":21476,"menu_order":2,"comment_status":"closed","ping_status":"closed","template":"page-premier-products-list.php","meta":{"_acf_changed":false,"_seopress_robots_primary_cat":"0","_seopress_titles_title":"","_seopress_titles_desc":"","_seopress_robots_index":"","footnotes":""},"class_list":["post-21478","page","type-page","status-publish"],"acf":[],"_links":{"self":[{"href":"https:\/\/oenobrands.com\/it\/wp-json\/wp\/v2\/pages\/21478","targetHints":{"allow":["GET"]}}],"collection":[{"href":"https:\/\/oenobrands.com\/it\/wp-json\/wp\/v2\/pages"}],"about":[{"href":"https:\/\/oenobrands.com\/it\/wp-json\/wp\/v2\/types\/page"}],"author":[{"embeddable":true,"href":"https:\/\/oenobrands.com\/it\/wp-json\/wp\/v2\/users\/3"}],"replies":[{"embeddable":true,"href":"https:\/\/oenobrands.com\/it\/wp-json\/wp\/v2\/comments?post=21478"}],"version-history":[{"count":0,"href":"https:\/\/oenobrands.com\/it\/wp-json\/wp\/v2\/pages\/21478\/revisions"}],"up":[{"embeddable":true,"href":"https:\/\/oenobrands.com\/it\/wp-json\/wp\/v2\/pages\/21476"}],"wp:attachment":[{"href":"https:\/\/oenobrands.com\/it\/wp-json\/wp\/v2\/media?parent=21478"}],"curies":[{"name":"wp","href":"https:\/\/api.w.org\/{rel}","templated":true}]}}