{"id":21438,"date":"2023-10-27T12:13:48","date_gmt":"2023-10-27T10:13:48","guid":{"rendered":"https:\/\/oenobrands.com\/solution-2\/aroma-del-vino\/estrazione-degli-aromi-dalluva\/"},"modified":"2026-04-10T11:48:27","modified_gmt":"2026-04-10T09:48:27","slug":"estrazione-degli-aromi-dalluva","status":"publish","type":"page","link":"https:\/\/oenobrands.com\/it\/soluzioni\/aroma-del-vino\/estrazione-degli-aromi-dalluva\/","title":{"rendered":"Estrazione degli aromi dall&#8217;uva"},"content":{"rendered":"\n<div style=\"height:50px\" aria-hidden=\"true\" class=\"wp-block-spacer\"><\/div>\n\n\n\n<p>Il vitigno, il terroir, le pratiche culturali e le tecniche di vinificazione influenzano tutti gli aromi. Tra le diverse fasi della vinificazione, l\u2019estrazione degli aromi dalle uve \u00e8 fondamentale per produrre un vino di alta qualit\u00e0. <\/p>\n\n\n\n<p>Per aiutare a raggiungere diversi obiettivi enologici<strong>, <\/strong>offriamo <strong>Rapidase Expression Aroma<\/strong> per i vini bianchi e due soluzioni enzimatiche aggiuntive per l\u2019estrazione degli aromi nei vini rossi: <strong>Rapidase Fresh Berry,<\/strong> che aiuta a migliorare gli aromi di frutta fresca, e <strong>Rapidase Extra Fruit,<\/strong> che migliora sia l\u2019aroma sia la stabilit\u00e0 del colore in situazioni difficili.<\/p>\n\n\n\n<div style=\"height:30px\" aria-hidden=\"true\" class=\"wp-block-spacer\"><\/div>\n\n\n\n<h2 class=\"wp-block-heading\"><strong>Perch\u00e9 l\u2019estrazione degli aromi dalle uve \u00e8 cos\u00ec importante?<\/strong><\/h2>\n\n\n\n<div style=\"height:30px\" aria-hidden=\"true\" class=\"wp-block-spacer\"><\/div>\n\n\n\n<div class=\"wp-block-columns is-layout-flex wp-container-core-columns-is-layout-9d6595d7 wp-block-columns-is-layout-flex\">\n<div class=\"wp-block-column is-layout-flow wp-block-column-is-layout-flow\">\n<p>I composti aromatici, sia liberi che legati, si trovano principalmente nella buccia.<\/p>\n\n\n\n<p><strong>Da anni \u00e8 documentata la presenza di glico-coniugati aromatici, ma \u00e8 stato anche dimostrato il potenziale dei precursori di DMS e tioli, come mostrato nella figura allegata.<\/strong><\/p>\n\n\n\n<p>Ci\u00f2 sottolinea la necessit\u00e0 di stabilire la strategia pi\u00f9 efficiente per favorire la diffusione dei precursori aromatici nel mosto d\u2019uva senza sacrificare la qualit\u00e0 del mosto e del vino n\u00e9 ridurre la produttivit\u00e0 della cantina.<\/p>\n<\/div>\n\n\n\n<div class=\"wp-block-column is-layout-flow wp-block-column-is-layout-flow\" style=\"flex-basis:1%\"><\/div>\n\n\n\n<div class=\"wp-block-column is-layout-flow wp-block-column-is-layout-flow\">\n<figure class=\"wp-block-image size-full zoooom is-style-zoooom\"><img decoding=\"async\" src=\"http:\/\/oenobrands.com\/wp-content\/uploads\/2023\/10\/Aroma-extraction-for-grapes-figure0.png\" alt=\"Estrazione degli aromi dalle uve\" class=\"wp-image-5561\" style=\"aspect-ratio:16\/9;object-fit:cover\"\/><figcaption class=\"wp-element-caption\">Composizione dei precursori dei tioli varietali nelle bacche di Sauvignon blanc nella buccia e nella polpa (precursore cisteinilato del 3MH = Cys-3MH, precursore glutationilato del 3MH = G-3MH, precursore glutationilato del 4MMP = G-4MMP), adattato da Roland et al., 2010.<\/figcaption><\/figure>\n<\/div>\n<\/div>\n\n\n\n<div style=\"height:50px\" aria-hidden=\"true\" class=\"wp-block-spacer\"><\/div>\n\n\n\n<h2 class=\"wp-block-heading\"><strong>Come si pu\u00f2 ottimizzare l\u2019estrazione degli aromi dalle uve?<\/strong><\/h2>\n\n\n\n<div style=\"height:30px\" aria-hidden=\"true\" class=\"wp-block-spacer\"><\/div>\n\n\n\n<p>Ottimizzare l\u2019estrazione degli aromi dalle uve richiede diverse pratiche fondamentali.<\/p>\n\n\n\n<p><strong>S<\/strong><strong>elezionare uve al giusto grado di maturazione.<\/strong><\/p>\n\n\n\n<p><strong>Controllare la temperatura <\/strong>durante la macerazione, tenendo presente che pi\u00f9 la temperatura \u00e8 bassa, pi\u00f9 lungo dovr\u00e0 essere il tempo di macerazione, favorendo cos\u00ec un\u2019estrazione aromatica significativa.<\/p>\n\n\n\n<p><strong>&#8211; Anche una corretta gestione dell&#8217;ossigeno <\/strong>\u00e8 importante per evitare qualsiasi deviazione ossidativa.<\/p>\n\n\n\n<p><\/p>\n\n\n\n<p>Infine, si consideri che l&#8217;uso di enzimi pu\u00f2 rappresentare un valido strumento per migliorare l&#8217;estrazione degli aromi. A tal fine, <strong>l&#8217;impiego di opportune formulazioni enzimatiche per la degradazione della parete cellulare della buccia favorisce la diffusione dei precursori degli aromi nel mosto.<\/strong> <\/p>\n\n\n\n<p><strong>Regolando queste variabili e utilizzando le giuste soluzioni enzimatiche, \u00e8 possibile ottenere i profili aromatici desiderati,<\/strong> garantendo che i vini prodotti siano ricchi di aromi distintivi e di alta qualit\u00e0.<\/p>\n\n\n\n<div style=\"height:50px\" aria-hidden=\"true\" class=\"wp-block-spacer\"><\/div>\n\n\n\n<h2 class=\"wp-block-heading\"><strong>In che modo gli enzimi possono contribuire all&#8217;estrazione degli aromi nei vini bianchi e rosati?<\/strong><\/h2>\n\n\n\n<div style=\"height:30px\" aria-hidden=\"true\" class=\"wp-block-spacer\"><\/div>\n\n\n\n<div class=\"wp-block-columns is-layout-flex wp-container-core-columns-is-layout-9d6595d7 wp-block-columns-is-layout-flex\">\n<div class=\"wp-block-column is-layout-flow wp-block-column-is-layout-flow\">\n<p><strong>Il 60\u201370% del contenuto aromatico varietale totale delle uve bianche si trova nei vacuoli dei primi 6\u201310 strati della parete cellulare primaria dell\u2019acino.<\/strong><\/p>\n\n\n\n<p>Formulato specificamente per la macerazione delle uve bianche (macerazione con contatto delle bucce), Rapidase\u00ae Expression Aroma facilita la diffusione dei composti aromatici e dei loro precursori nel mosto. <strong>Rapidase Expression Aroma \u00e8 un enzima granulare con elevata attivit\u00e0 pectolitica, associata a specifiche attivit\u00e0 di macerazione mirate all\u2019estrazione dei precursori aromatici.<\/strong> Questa formulazione \u00e8 ricca di endo-poligalatturonasi e \u03b1-N-arabinofuranosidasi e presenta una quantit\u00e0 ben equilibrata di emicellulasi (principalmente xilanasi). <strong>L\u2019enzima \u00e8 attivo a basse dosi (1\u20133 g per 100 kg di uva), in tempi molto brevi e a temperature fino a 8 \u00b0C. <\/strong>Normalmente, Rapidase Expression Aroma richiede solo 2\u20133 ore per completare l\u2019estrazione.<\/p>\n\n\n\n<div style=\"height:30px\" aria-hidden=\"true\" class=\"wp-block-spacer\"><\/div>\n\n\n\n<div class=\"wp-block-buttons is-content-justification-center is-layout-flex wp-container-core-buttons-is-layout-16018d1d wp-block-buttons-is-layout-flex\">\n<div class=\"wp-block-button\"><a class=\"wp-block-button__link wp-element-button\" href=\"https:\/\/oenobrands.com\/it\/prodotto\/enzima\/rapidase\/rapidase-expression-aroma\/\" target=\"_blank\" rel=\"noreferrer noopener\">Rapidase Expression Aroma<\/a><\/div>\n<\/div>\n<\/div>\n\n\n\n<div class=\"wp-block-column is-layout-flow wp-block-column-is-layout-flow\" style=\"flex-basis:1%\"><\/div>\n\n\n\n<div class=\"wp-block-column is-layout-flow wp-block-column-is-layout-flow\">\n<p><strong>Ad esempio, l\u2019impatto della macerazione prefermentativa con Rapidase Expression<\/strong> <strong>Aroma sui precursori dei tioli nel mosto e sui livelli di tioli volatili<\/strong> <strong>nel vino favorisce questa pratica.<\/strong><\/p>\n\n\n\n<figure class=\"wp-block-image size-large zoooom\"><img loading=\"lazy\" decoding=\"async\" width=\"1024\" height=\"637\" src=\"http:\/\/oenobrands.com\/wp-content\/uploads\/2023\/10\/Aroma-extraction-for-grapes-figure1-1024x637.png\" alt=\"Estrazione degli aromi dalle uve fig.1\" class=\"wp-image-5565\" srcset=\"https:\/\/oenobrands.com\/wp-content\/uploads\/2023\/10\/Aroma-extraction-for-grapes-figure1-1024x637.png 1024w, https:\/\/oenobrands.com\/wp-content\/uploads\/2023\/10\/Aroma-extraction-for-grapes-figure1-300x187.png 300w, https:\/\/oenobrands.com\/wp-content\/uploads\/2023\/10\/Aroma-extraction-for-grapes-figure1-768x478.png 768w, https:\/\/oenobrands.com\/wp-content\/uploads\/2023\/10\/Aroma-extraction-for-grapes-figure1.png 1101w\" sizes=\"auto, (max-width: 1024px) 100vw, 1024px\" \/><figcaption class=\"wp-element-caption\">Concentrazione in \u00b5g\/L dei principali precursori dei tioli nei mosti bianchi e rosati dopo chiarifica con e senza Rapidase Expression Aroma a 3 g\/hL, Fondazione Mach di San Michele all\u2019Adige (Italia)<\/figcaption><\/figure>\n<\/div>\n<\/div>\n\n\n\n<div style=\"height:50px\" aria-hidden=\"true\" class=\"wp-block-spacer\"><\/div>\n\n\n\n<h2 class=\"wp-block-heading\"><strong>Come ottimizzare l\u2019estrazione degli aromi e del colore nei vini rossi?<\/strong><\/h2>\n\n\n\n<div style=\"height:30px\" aria-hidden=\"true\" class=\"wp-block-spacer\"><\/div>\n\n\n\n<p>La vinificazione moderna dei vini rossi richiede vini al tempo <strong>stesso fruttati e visivamente attraenti.<\/strong> Raggiungere questo equilibrio richiede strategie mirate per migliorare in modo efficace l\u2019estrazione degli aromi e del colore, soprattutto nelle annate difficili o con uve raccolte precocemente.<\/p>\n\n\n\n<div style=\"height:30px\" aria-hidden=\"true\" class=\"wp-block-spacer\"><\/div>\n\n\n\n<div class=\"wp-block-columns has-background is-layout-flex wp-container-core-columns-is-layout-9d6595d7 wp-block-columns-is-layout-flex\" style=\"background-color:#f7f7f7\">\n<div class=\"wp-block-column has-background is-layout-flow wp-block-column-is-layout-flow\" style=\"background-color:#f7f7f7\">\n<p><strong>Rapidase Fresh Berry <\/strong>\u00e8 un preparato enzimatico liquido sviluppato per intensificare gli aromi freschi e fruttati dei frutti di bosco rossi e neri, nonch\u00e9 le sfumature floreali e speziate, sapendo che queste ultime possono derivare probabilmente maggiormente dall&#8217;impatto del lievito. <\/p>\n\n\n\n<div style=\"height:30px\" aria-hidden=\"true\" class=\"wp-block-spacer\"><\/div>\n\n\n<div class=\"wp-block-image zoooom is-style-zoooom\">\n<figure class=\"aligncenter size-full\"><img alt=\"\" loading=\"lazy\" decoding=\"async\" width=\"826\" height=\"604\" src=\"https:\/\/oenobrands.com\/wp-content\/uploads\/2025\/12\/IT-solution-Couleur-color-extraction-rapidase-Fresh-Barry.png\" alt=\"\" class=\"wp-image-22600\" style=\"object-fit:cover\" srcset=\"https:\/\/oenobrands.com\/wp-content\/uploads\/2025\/12\/IT-solution-Couleur-color-extraction-rapidase-Fresh-Barry.png 826w, https:\/\/oenobrands.com\/wp-content\/uploads\/2025\/12\/IT-solution-Couleur-color-extraction-rapidase-Fresh-Barry-300x219.png 300w, https:\/\/oenobrands.com\/wp-content\/uploads\/2025\/12\/IT-solution-Couleur-color-extraction-rapidase-Fresh-Barry-768x562.png 768w\" sizes=\"auto, (max-width: 826px) 100vw, 826px\" \/><figcaption class=\"wp-element-caption\">PCA (analisi dei componenti principali) dei risultati sensoriali di diverse prove enologiche negli emisferi settentrionale e meridionale,<br>evidenziando le differenze di aroma tra i vini con e senza Rapidase Fresh Berry (2 mL\/hL).<\/figcaption><\/figure>\n<\/div><\/div>\n\n\n\n<div class=\"wp-block-column is-layout-flow wp-block-column-is-layout-flow\" style=\"flex-basis:1%\"><\/div>\n\n\n\n<div class=\"wp-block-column has-background is-layout-flow wp-block-column-is-layout-flow\" style=\"background-color:#f7f7f7\">\n<p>\u00c8 ideale per qualsiasi macerazione, con o senza macerazione a freddo, permettendo ai produttori di ottenere vini aromatici commercializzabili con una sensazione in bocca equilibrata e un colore intenso.<\/p>\n\n\n\n<div style=\"height:30px\" aria-hidden=\"true\" class=\"wp-block-spacer\"><\/div>\n\n\n\n<div class=\"wp-block-buttons is-content-justification-center is-layout-flex wp-container-core-buttons-is-layout-16018d1d wp-block-buttons-is-layout-flex\">\n<div class=\"wp-block-button\"><a class=\"wp-block-button__link wp-element-button\" href=\"https:\/\/oenobrands.com\/it\/prodotto\/enzima\/rapidase\/rapidase-fresh-berry\/\" target=\"_blank\" rel=\"noreferrer noopener\">Rapidase Fresh Berry<\/a><\/div>\n<\/div>\n\n\n\n<div style=\"height:50px\" aria-hidden=\"true\" class=\"wp-block-spacer\"><\/div>\n\n\n\n<p>Questa PCA conferma l\u2019impatto costante degli enzimi nella vinificazione dei vini rossi, dimostrando il loro ruolo essenziale nel migliorare gli aromi positivi. Evidenzia anche l\u2019effetto affidabile di Rapidase Fresh Berry sui principali attributi del vino, sugli aromi di frutti rossi e scuri, sull\u2019intensit\u00e0 e qualit\u00e0 dell\u2019aroma, sulla sensazione in bocca e sull\u2019intensit\u00e0 del colore, indipendentemente dall\u2019annata o dalla regione. Queste conoscenze offrono ai produttori uno strumento biotecnologico potente per migliorare l\u2019espressione aromatica e la qualit\u00e0 dei vini rossi freschi e moderni.<\/p>\n<\/div>\n<\/div>\n\n\n\n<div style=\"height:50px\" aria-hidden=\"true\" class=\"wp-block-spacer\"><\/div>\n\n\n\n<div class=\"wp-block-columns is-layout-flex wp-container-core-columns-is-layout-9d6595d7 wp-block-columns-is-layout-flex\">\n<div class=\"wp-block-column is-layout-flow wp-block-column-is-layout-flow\">\n<p><strong>Rapidase Extra Fruit<\/strong> \u00e8 un enzima microgranulato unico per l&#8217;estrazione combinata del precursore dell&#8217;aroma, oltre a una migliore estrazione del colore e stabilit\u00e0 dei polifenoli, che aiuta nelle annate difficili in cui le uve non raggiungono la piena espressione aromatica.<\/p>\n\n\n\n<div style=\"height:30px\" aria-hidden=\"true\" class=\"wp-block-spacer\"><\/div>\n\n\n\n<p><strong>Questo enzima ha un impatto decisivo sull&#8217;estrazione dei precursori degli aromi dalle bucce dell&#8217;uva e anche sulla qualit\u00e0 del colore.<\/strong><\/p>\n\n\n\n<div style=\"height:30px\" aria-hidden=\"true\" class=\"wp-block-spacer\"><\/div>\n\n\n\n<div class=\"wp-block-buttons is-content-justification-center is-layout-flex wp-container-core-buttons-is-layout-16018d1d wp-block-buttons-is-layout-flex\">\n<div class=\"wp-block-button\"><a class=\"wp-block-button__link wp-element-button\" href=\"https:\/\/oenobrands.com\/it\/prodotto\/enzima\/rapidase\/rapidase-extra-fruit\/\" target=\"_blank\" rel=\"noreferrer noopener\">Rapidase Extra Fruit<\/a><\/div>\n<\/div>\n<\/div>\n\n\n\n<div class=\"wp-block-column is-layout-flow wp-block-column-is-layout-flow\" style=\"flex-basis:1%\"><\/div>\n\n\n\n<div class=\"wp-block-column is-layout-flow wp-block-column-is-layout-flow\"><div class=\"wp-block-image zoooom is-style-zoooom\">\n<figure class=\"aligncenter size-full is-resized\"><img alt=\"\" loading=\"lazy\" decoding=\"async\" width=\"489\" height=\"505\" src=\"https:\/\/oenobrands.com\/wp-content\/uploads\/2025\/12\/IT-solution-Couleur-color-extraction-rapidase-Extra-Fruit.png\" alt=\"\" class=\"wp-image-22604\" style=\"width:350px\" srcset=\"https:\/\/oenobrands.com\/wp-content\/uploads\/2025\/12\/IT-solution-Couleur-color-extraction-rapidase-Extra-Fruit.png 489w, https:\/\/oenobrands.com\/wp-content\/uploads\/2025\/12\/IT-solution-Couleur-color-extraction-rapidase-Extra-Fruit-290x300.png 290w\" sizes=\"auto, (max-width: 489px) 100vw, 489px\" \/><figcaption class=\"wp-element-caption\">Analisi sensoriale dei vini Pinot nero (2008).<\/figcaption><\/figure>\n<\/div><\/div>\n<\/div>\n\n\n\n<div style=\"height:50px\" aria-hidden=\"true\" class=\"wp-block-spacer\"><\/div>\n\n\n\n<div class=\"wp-block-columns is-layout-flex wp-container-core-columns-is-layout-9d6595d7 wp-block-columns-is-layout-flex\">\n<div class=\"wp-block-column is-vertically-aligned-center is-layout-flow wp-block-column-is-layout-flow\" style=\"flex-basis:30%\">\n<h1 class=\"wp-block-heading has-text-color has-large-font-size\" style=\"color:#545859\">Scopri la gamma RAPIDASE<\/h1>\n\n\n\n<div style=\"height:20px\" aria-hidden=\"true\" class=\"wp-block-spacer\"><\/div>\n\n\n\n<div class=\"wp-block-buttons is-content-justification-left is-layout-flex wp-container-core-buttons-is-layout-fdcfc74e wp-block-buttons-is-layout-flex\">\n<div class=\"wp-block-button\"><a class=\"wp-block-button__link has-background wp-element-button\" href=\"https:\/\/oenobrands.com\/it\/prodotto\/enzima\/rapidase\/\" style=\"background-color:#545859\" target=\"_blank\" rel=\"noreferrer noopener\">RAPIDASE<\/a><\/div>\n\n\n\n<div class=\"wp-block-button\"><a class=\"wp-block-button__link has-background wp-element-button\" href=\"https:\/\/oenobrands.com\/it\/prodotto\/enzima\/scelta-rapidase\/\" style=\"background-color:#545859\" target=\"_blank\" rel=\"noreferrer noopener\">Scelta RAPIDASE<\/a><\/div>\n<\/div>\n<\/div>\n\n\n\n<div class=\"wp-block-column is-vertically-aligned-top is-layout-flow wp-block-column-is-layout-flow\" style=\"flex-basis:10%\"><\/div>\n\n\n\n<div class=\"wp-block-column is-vertically-aligned-top is-layout-flow wp-block-column-is-layout-flow\">\n<figure class=\"wp-block-image size-full\"><img decoding=\"async\" src=\"http:\/\/oenobrands.com\/wp-content\/uploads\/2023\/05\/OENOBRANDS-Rapidase-bandeau.png\" alt=\"OENOBRANDS-Rapidase-banner\" class=\"wp-image-4529\"\/><\/figure>\n<\/div>\n<\/div>\n\n\n\n<div style=\"height:50px\" aria-hidden=\"true\" class=\"wp-block-spacer\"><\/div>\n\n\n\n<div class=\"wp-block-group\"><div class=\"wp-block-group__inner-container is-layout-constrained wp-block-group-is-layout-constrained\">\n<div class=\"wp-block-group\"><div class=\"wp-block-group__inner-container is-layout-constrained wp-block-group-is-layout-constrained\">\n<div class=\"wp-block-group\"><div class=\"wp-block-group__inner-container is-layout-constrained wp-block-group-is-layout-constrained\">\n<div class=\"wp-block-group\"><div class=\"wp-block-group__inner-container is-layout-constrained wp-block-group-is-layout-constrained\">\n<hr class=\"wp-block-separator has-text-color has-alpha-channel-opacity has-background\" style=\"background-color:#8a918e;color:#8a918e\"\/>\n<\/div><\/div>\n<\/div><\/div>\n\n\n\n<div class=\"wp-block-group\"><div class=\"wp-block-group__inner-container is-layout-constrained wp-block-group-is-layout-constrained\">\n<div class=\"wp-block-group\"><div class=\"wp-block-group__inner-container is-layout-constrained wp-block-group-is-layout-constrained\">\n<h2 class=\"wp-block-heading\"><strong>E voi, cosa ne pensate?<\/strong><\/h2>\n<\/div><\/div>\n<\/div><\/div>\n\n\n\n<div class=\"wp-block-group\"><div class=\"wp-block-group__inner-container is-layout-constrained wp-block-group-is-layout-constrained\">\n<div class=\"wp-block-group\"><div class=\"wp-block-group__inner-container is-layout-constrained wp-block-group-is-layout-constrained\">\n<p>Grazie a un team altamente qualificato di esperti in numerosi settori, Oenobrands si impegna a offrire ai produttori di vino soluzioni innovative e scientificamente valide, nonch\u00e9 a mettere in risalto le sinergie positive tra i suoi prodotti.<\/p>\n<\/div><\/div>\n\n\n\n<div class=\"wp-block-group\"><div class=\"wp-block-group__inner-container is-layout-constrained wp-block-group-is-layout-constrained\">\n<div class=\"wp-block-group\"><div class=\"wp-block-group__inner-container is-layout-constrained wp-block-group-is-layout-constrained\">\n<div class=\"wp-block-columns is-layout-flex wp-container-core-columns-is-layout-9d6595d7 wp-block-columns-is-layout-flex\">\n<div class=\"wp-block-column is-vertically-aligned-center is-layout-flow wp-block-column-is-layout-flow\">\n<div class=\"wp-block-group wp-container-content-9cfa9a5a is-content-justification-left\"><div class=\"wp-block-group__inner-container is-layout-constrained wp-container-core-group-is-layout-8c890d92 wp-block-group-is-layout-constrained\">\n<p class=\"has-text-align-left\" style=\"font-size:0.9rem;font-style:normal;font-weight:600;letter-spacing:1px;text-transform:uppercase\">Cerca la tua soluzione o il tuo prodotto<\/p>\n\n\n<form role=\"search\" method=\"get\" action=\"https:\/\/oenobrands.com\/it\/\" class=\"wp-block-search__button-outside wp-block-search__icon-button wp-block-search\"    ><label class=\"wp-block-search__label screen-reader-text\" for=\"wp-block-search__input-1\" >Cerca<\/label><div class=\"wp-block-search__inside-wrapper\"  style=\"width: 100%\"><input class=\"wp-block-search__input\" id=\"wp-block-search__input-1\" placeholder=\"\" value=\"\" type=\"search\" name=\"s\" required  style=\"border-width: 1px\"\/><button aria-label=\"Cerca\" class=\"wp-block-search__button has-icon wp-element-button\" type=\"submit\"  style=\"border-width: 1px\"><svg class=\"search-icon\" viewBox=\"0 0 24 24\" width=\"24\" height=\"24\">\n\t\t\t\t\t<path d=\"M13 5c-3.3 0-6 2.7-6 6 0 1.4.5 2.7 1.3 3.7l-3.8 3.8 1.1 1.1 3.8-3.8c1 .8 2.3 1.3 3.7 1.3 3.3 0 6-2.7 6-6S16.3 5 13 5zm0 10.5c-2.5 0-4.5-2-4.5-4.5s2-4.5 4.5-4.5 4.5 2 4.5 4.5-2 4.5-4.5 4.5z\"><\/path>\n\t\t\t\t<\/svg><\/button><\/div><\/form><\/div><\/div>\n<\/div>\n\n\n\n<div class=\"wp-block-column is-layout-flow wp-block-column-is-layout-flow\" style=\"flex-basis:3px\"><\/div>\n\n\n\n<div class=\"wp-block-column is-layout-flow wp-block-column-is-layout-flow\">\n<p class=\"has-text-align-center\">Raccontaci le tue difficolt\u00e0 e ti risponderemo<\/p>\n\n\n\n<div class=\"wp-block-buttons is-content-justification-center is-layout-flex wp-container-core-buttons-is-layout-16018d1d wp-block-buttons-is-layout-flex\">\n<div class=\"wp-block-button is-style-fill\"><a class=\"wp-block-button__link wp-element-button\" href=\"https:\/\/oenobrands.com\/it\/contattaci\/\" target=\"_blank\" rel=\"noreferrer noopener\">contattaci<\/a><\/div>\n<\/div>\n<\/div>\n<\/div>\n<\/div><\/div>\n<\/div><\/div>\n<\/div><\/div>\n<\/div><\/div>\n<\/div><\/div>\n\n\n\n<div style=\"height:50px\" aria-hidden=\"true\" class=\"wp-block-spacer\"><\/div>\n","protected":false},"excerpt":{"rendered":"<p>Il vitigno, il terroir, le pratiche culturali e le tecniche di vinificazione influenzano tutti [&hellip;]<\/p>\n","protected":false},"author":3,"featured_media":0,"parent":21339,"menu_order":0,"comment_status":"closed","ping_status":"closed","template":"","meta":{"_acf_changed":false,"_seopress_robots_primary_cat":"","_seopress_titles_title":"","_seopress_titles_desc":"","_seopress_robots_index":"","footnotes":""},"class_list":["post-21438","page","type-page","status-publish"],"acf":[],"_links":{"self":[{"href":"https:\/\/oenobrands.com\/it\/wp-json\/wp\/v2\/pages\/21438","targetHints":{"allow":["GET"]}}],"collection":[{"href":"https:\/\/oenobrands.com\/it\/wp-json\/wp\/v2\/pages"}],"about":[{"href":"https:\/\/oenobrands.com\/it\/wp-json\/wp\/v2\/types\/page"}],"author":[{"embeddable":true,"href":"https:\/\/oenobrands.com\/it\/wp-json\/wp\/v2\/users\/3"}],"replies":[{"embeddable":true,"href":"https:\/\/oenobrands.com\/it\/wp-json\/wp\/v2\/comments?post=21438"}],"version-history":[{"count":2,"href":"https:\/\/oenobrands.com\/it\/wp-json\/wp\/v2\/pages\/21438\/revisions"}],"predecessor-version":[{"id":28667,"href":"https:\/\/oenobrands.com\/it\/wp-json\/wp\/v2\/pages\/21438\/revisions\/28667"}],"up":[{"embeddable":true,"href":"https:\/\/oenobrands.com\/it\/wp-json\/wp\/v2\/pages\/21339"}],"wp:attachment":[{"href":"https:\/\/oenobrands.com\/it\/wp-json\/wp\/v2\/media?parent=21438"}],"curies":[{"name":"wp","href":"https:\/\/api.w.org\/{rel}","templated":true}]}}