{"id":21393,"date":"2022-10-19T23:19:27","date_gmt":"2022-10-19T21:19:27","guid":{"rendered":"https:\/\/oenobrands.com\/solution-2\/difetto-enologico\/ossidazione-del-vino\/"},"modified":"2025-12-04T12:01:30","modified_gmt":"2025-12-04T11:01:30","slug":"ossidazione-del-vino","status":"publish","type":"page","link":"https:\/\/oenobrands.com\/it\/soluzioni\/difetto-enologico\/ossidazione-del-vino\/","title":{"rendered":"Ossidazione del vino"},"content":{"rendered":"\n<div style=\"height:50px\" aria-hidden=\"true\" class=\"wp-block-spacer\"><\/div>\n\n\n\n<h2 class=\"wp-block-heading\"><strong>Che cos\u2019\u00e8 l\u2019ossidazione del vino?<\/strong><\/h2>\n\n\n\n<div style=\"height:30px\" aria-hidden=\"true\" class=\"wp-block-spacer\"><\/div>\n\n\n\n<p><strong>In termini semplificati, l\u2019ossidazione del vino bianco \u00e8 principalmente legata a reazioni che coinvolgono alcuni polifenoli.<\/strong> In presenza di ossigeno e\/o metalli come il ferro, si formano chinoni altamente reattivi, che portano a fenomeni di imbrunimento e infine alla precipitazione dei pigmenti. Alcuni composti aromatici, come i tioli varietali, possono anche legarsi direttamente e in modo irreversibile a questi chinoni, provocando una perdita permanente di aroma. <\/p>\n\n\n\n<p>Inoltre, le reazioni di ossidazione diretta possono portare alla formazione di aldeidi, conferendo al vino note ossidative mielate quando presenti ad alte concentrazioni, in particolare 2-fenilacetaldeide e metionale.<\/p>\n\n\n\n<div style=\"height:30px\" aria-hidden=\"true\" class=\"wp-block-spacer\"><\/div>\n\n\n\n<div class=\"wp-block-columns is-layout-flex wp-container-core-columns-is-layout-9d6595d7 wp-block-columns-is-layout-flex\">\n<div class=\"wp-block-column has-background is-layout-flow wp-block-column-is-layout-flow\" style=\"background-color:#f7f7f7\">\n<h3 class=\"wp-block-heading\"><strong>Sviluppo di Extraferm D\u2019end<\/strong><\/h3>\n\n\n\n<div style=\"height:30px\" aria-hidden=\"true\" class=\"wp-block-spacer\"><\/div>\n\n\n\n<p>In collaborazione con l\u2019Universit\u00e0 di Borgogna (IUVV Dijon, Francia), abbiamo sviluppato un metodo per misurare il potere antiossidante dei derivati di lievito basato sulla frazione nucleofila, che rappresenta globalmente la reazione di addizione tra i composti nucleofili contenuti nella frazione solubile dei derivati di lievito e un chinone modello. Questa reazione di addizione pu\u00f2 essere considerata una neutralizzazione dei chinoni. Questa misurazione include aspetti di affinit\u00e0 e quantit\u00e0 ed \u00e8 quindi una riflessione del potere antiossidante complessivo dei derivati di lievito.  <\/p>\n\n\n\n<p>L\u2019uso di questa misurazione su una gamma di derivati di lievito (Figura 1) ci ha permesso di selezionare i pi\u00f9 efficienti, ossia RO7 e RO4, per la formulazione di Extraferm D\u2019end. Sebbene RO4 non presenti la frazione nucleofila totale pi\u00f9 elevata, la sua composizione nucleofila \u00e8 diversa e sembra complementare, offrendo cos\u00ec un prodotto con uno spettro d\u2019azione pi\u00f9 ampio.<\/p>\n\n\n\n<figure class=\"wp-block-image size-full zoooom\"><img alt=\"\" decoding=\"async\" src=\"https:\/\/oenobrands.com\/wp-content\/uploads\/2023\/03\/Solution_aroma_defaults_oxidation_figure-1.png\" alt=\"\" class=\"wp-image-2081\"\/><figcaption class=\"wp-element-caption\">Frazione nucleofila di sei derivati di lievito (in unit\u00e0 arbitrarie).<\/figcaption><\/figure>\n\n\n\n<div style=\"height:48px\" aria-hidden=\"true\" class=\"wp-block-spacer\"><\/div>\n\n\n\n<p>Sulla base di questi due derivati, abbiamo poi condotto prove a basso volume per identificare <strong>la giusta proporzione di ciascun derivato di lievito nel prodotto finale<\/strong>. Sono state scelte le seguenti proporzioni:<\/p>\n\n\n\n<p>\u2013 80% lievito <em>S. cerevisiae <\/em>inattivato (RO7).<\/p>\n\n\n\n<p>\u2013 20% lievito <em>S. cerevisiae<\/em> autolisato (RO4).<\/p>\n\n\n\n<div style=\"height:30px\" aria-hidden=\"true\" class=\"wp-block-spacer\"><\/div>\n\n\n\n<div class=\"wp-block-buttons is-content-justification-center is-layout-flex wp-container-core-buttons-is-layout-16018d1d wp-block-buttons-is-layout-flex\">\n<div class=\"wp-block-button\"><a class=\"wp-block-button__link wp-element-button\" href=\"https:\/\/oenobrands.com\/product\/yeast-derivate\/feel-safe\/extraferm-dfend\/\" target=\"_blank\" rel=\"noreferrer noopener\">Extraferm D&#8217;fend<\/a><\/div>\n<\/div>\n<\/div>\n\n\n\n<div class=\"wp-block-column is-layout-flow wp-block-column-is-layout-flow\" style=\"flex-basis:1%\"><\/div>\n\n\n\n<div class=\"wp-block-column has-background is-layout-flow wp-block-column-is-layout-flow\" style=\"background-color:#f7f7f7\">\n<h3 class=\"wp-block-heading\"><strong>Monitoraggio dell\u2019ossidazione mediante la misurazione dell\u2019indice di resistenza all\u2019ossidazione<\/strong><\/h3>\n\n\n\n<div style=\"height:1px\" aria-hidden=\"true\" class=\"wp-block-spacer\"><\/div>\n\n\n\n<p>Successivamente, l\u2019efficacia di Extraferm D\u2019fend \u00e8 stata valutata in condizioni enologiche su diversi vini (Sauvignon<strong> <\/strong>Blanc e Grenache Ros\u00e9 del Languedoc, Chardonnay del Languedoc e della Borgogna). <\/p>\n\n\n\n<p>Un vino bianco (Chardonnay biologico del Languedoc, Francia, senza solfiti aggiunti) \u00e8 stato monitorato in termini di ossidazione. Dopo la fermentazione, il lotto \u00e8 stato suddiviso in due serbatoi separati: un serbatoio di controllo lasciato sulle fecce fini e l\u2019altro con l\u2019aggiunta di <strong>Extraferm D\u2019fend <\/strong>a 30 g\/hL senza fecce.<\/p>\n\n\n\n<p>A T0, T+1 mese e T+1,5 mesi abbiamo misurato l\u2019indice di resistenza all\u2019ossidazione utilizzando lo strumento NomaSense PolyScan C200 di Vinventions, basato sulla voltammetria lineare. L\u2019indice viene calcolato da Vinventions a partire dalle misurazioni EasyOx (determinazione dei composti facilmente ossidabili che partecipano rapidamente alle reazioni di ossidazione) e dalle misurazioni PhenOx (determinazione dei composti totalmente ossidabili). Pi\u00f9 alto \u00e8 l\u2019indice, maggiore \u00e8 la resistenza all\u2019ossidazione.  <\/p>\n\n\n\n<figure class=\"wp-block-image size-full zoooom\"><img alt=\"\" loading=\"lazy\" decoding=\"async\" width=\"538\" height=\"367\" src=\"https:\/\/oenobrands.com\/wp-content\/uploads\/2025\/12\/IT-solution-Aromes-Protection-Extraferm-Dfend-2.png\" alt=\"\" class=\"wp-image-22711\" srcset=\"https:\/\/oenobrands.com\/wp-content\/uploads\/2025\/12\/IT-solution-Aromes-Protection-Extraferm-Dfend-2.png 538w, https:\/\/oenobrands.com\/wp-content\/uploads\/2025\/12\/IT-solution-Aromes-Protection-Extraferm-Dfend-2-300x205.png 300w\" sizes=\"auto, (max-width: 538px) 100vw, 538px\" \/><figcaption class=\"wp-element-caption\">Monitoraggio nel tempo dell\u2019indice di resistenza all\u2019ossidazione PolyScan (Vinventions) per il vino bianco (Chardonnay biologico senza solfiti aggiunti). Un indice elevato indica una maggiore resistenza all\u2019ossidazione. <\/figcaption><\/figure>\n\n\n\n<p>Il vino di controllo sembra essere altamente resistente a T0. Tuttavia, questo serbatoio diventa pi\u00f9 sensibile all\u2019ossidazione dopo il primo mese. Al contrario, il serbatoio con Extraferm D\u2019fend acquisisce resistenza all\u2019ossidazione grazie alla sua elevata concentrazione di nucleofili con propriet\u00e0 antiossidanti. Questa resistenza persiste nel tempo. Dopo 1,5 mesi, lo Chardonnay con aggiunta di <strong>Extraferm D\u2019fend <\/strong>risulta resistente all\u2019ossidazione quanto il vino mantenuto regolarmente su fecce in agitazione. <strong>Extraferm D\u2019fend <\/strong>pu\u00f2 quindi eliminare, almeno in parte, la necessit\u00e0 delle fecce.    <\/p>\n<\/div>\n<\/div>\n\n\n\n<div style=\"height:50px\" aria-hidden=\"true\" class=\"wp-block-spacer\"><\/div>\n\n\n\n<div class=\"wp-block-columns is-layout-flex wp-container-core-columns-is-layout-9d6595d7 wp-block-columns-is-layout-flex\">\n<div class=\"wp-block-column has-background is-layout-flow wp-block-column-is-layout-flow\" style=\"background-color:#f7f7f7\">\n<h3 class=\"wp-block-heading\"><strong>Monitoraggio dell\u2019ossidazione del vino misurando la concentrazione dei marcatori aldeidici di ossidazione<\/strong><\/h3>\n\n\n\n<div style=\"height:30px\" aria-hidden=\"true\" class=\"wp-block-spacer\"><\/div>\n\n\n\n<p>Per lo stesso vino abbiamo monitorato la formazione di aldeidi di ossidazione. Abbiamo considerato che la formazione di queste aldeidi rimane un indicatore dei fenomeni ossidativi, sebbene in tutti i casi i loro livelli fossero inferiori alla soglia di percezione. <\/p>\n\n\n\n<p>Dimostriamo che l\u2019aggiunta di <strong>Extraferm D\u2019fend <\/strong>limita l\u2019accumulo di queste aldeidi nel tempo. Nel vino di controllo la loro concentrazione aumenta nel tempo. <strong>Extraferm D\u2019fend<\/strong> offre quindi una protezione significativa contro questi marcatori di ossidazione. <\/p>\n\n\n\n<figure class=\"wp-block-image size-full zoooom\"><img alt=\"\" loading=\"lazy\" decoding=\"async\" width=\"664\" height=\"469\" src=\"https:\/\/oenobrands.com\/wp-content\/uploads\/2025\/12\/IT-solution-Aromes-Protection-Extraferm-3-1.png\" alt=\"\" class=\"wp-image-22715\" srcset=\"https:\/\/oenobrands.com\/wp-content\/uploads\/2025\/12\/IT-solution-Aromes-Protection-Extraferm-3-1.png 664w, https:\/\/oenobrands.com\/wp-content\/uploads\/2025\/12\/IT-solution-Aromes-Protection-Extraferm-3-1-300x212.png 300w\" sizes=\"auto, (max-width: 664px) 100vw, 664px\" \/><figcaption class=\"wp-element-caption\">Concentrazione di marcatori aldeidici di ossidazione (\u00b5g\/L) nel vino bianco (Chardonnay biologico senza solfiti aggiunti).<\/figcaption><\/figure>\n<\/div>\n\n\n\n<div class=\"wp-block-column is-layout-flow wp-block-column-is-layout-flow\" style=\"flex-basis:1%\"><\/div>\n\n\n\n<div class=\"wp-block-column has-background is-layout-flow wp-block-column-is-layout-flow\" style=\"background-color:#f7f7f7\">\n<h3 class=\"wp-block-heading\"><strong>Monitoraggio dell\u2019effetto antiossidante di Extraferm D\u2019fend mediante degustazione<\/strong><\/h3>\n\n\n\n<div style=\"height:30px\" aria-hidden=\"true\" class=\"wp-block-spacer\"><\/div>\n\n\n\n<p>In altre prove condotte su Chardonnay in Borgogna, il focus \u00e8 stato posto sull\u2019analisi sensoriale per valutare l\u2019impatto di <strong>Extraferm D\u2019fend<\/strong>. I tre vini monitorati (Chablis, Saint-V\u00e9ran e Hautes C\u00f4tes de Beaune) sono stati vinificati in modo standardizzato (coinoculo con Ferminvin 3C e DUET Soft). I vini affinati in presenza di <strong>Extraferm D\u2019fend<\/strong> risultano pi\u00f9 freschi, con note floreali e fruttate pi\u00f9 intense a pari intensit\u00e0 aromatica. Sono inoltre percepiti come pi\u00f9 rotondi e pi\u00f9 persistenti al palato rispetto ai controlli non trattati. Un esempio dei risultati della degustazione \u00e8 mostrato qui.    <\/p>\n\n\n\n<figure class=\"wp-block-image size-full zoooom\"><img alt=\"\" loading=\"lazy\" decoding=\"async\" width=\"679\" height=\"439\" src=\"https:\/\/oenobrands.com\/wp-content\/uploads\/2025\/12\/IT-solution-Aromes-Protection-Extraferm-Dfend-4.png\" alt=\"\" class=\"wp-image-22719\" srcset=\"https:\/\/oenobrands.com\/wp-content\/uploads\/2025\/12\/IT-solution-Aromes-Protection-Extraferm-Dfend-4.png 679w, https:\/\/oenobrands.com\/wp-content\/uploads\/2025\/12\/IT-solution-Aromes-Protection-Extraferm-Dfend-4-300x194.png 300w\" sizes=\"auto, (max-width: 679px) 100vw, 679px\" \/><figcaption class=\"wp-element-caption\">Vino bianco, Chardonnay, Borgogna 2020, AOC St V\u00e9ran. Degustazione nove mesi dopo l&#8217;aggiunta di Extraferm D&#8217;fend (30 g\/hL). <\/figcaption><\/figure>\n\n\n\n<p><strong>Extraferm D\u2019fend <\/strong>ha quindi permesso di limitare l\u2019evoluzione del vino nel tempo e di preservarne la freschezza, aumentandone al contempo il volume e la persistenza al palato.<\/p>\n\n\n\n<div class=\"wp-block-buttons is-content-justification-center is-layout-flex wp-container-core-buttons-is-layout-16018d1d wp-block-buttons-is-layout-flex\">\n<div class=\"wp-block-button\"><a class=\"wp-block-button__link wp-element-button\" href=\"https:\/\/oenobrands.com\/product\/yeast\/fermivin-yeast\/fermivin-3c\/\" target=\"_blank\" rel=\"noreferrer noopener\">Fermivin 3C<\/a><\/div>\n\n\n\n<div class=\"wp-block-button\"><a class=\"wp-block-button__link wp-element-button\" href=\"https:\/\/oenobrands.com\/product\/bacteria\/anchor-bacteria\/duet-soft\/\" target=\"_blank\" rel=\"noreferrer noopener\">DUET Soft<\/a><\/div>\n<\/div>\n<\/div>\n<\/div>\n\n\n\n<div style=\"height:30px\" aria-hidden=\"true\" class=\"wp-block-spacer\"><\/div>\n\n\n\n<div class=\"wp-block-buttons is-content-justification-center is-layout-flex wp-container-core-buttons-is-layout-16018d1d wp-block-buttons-is-layout-flex\">\n<div class=\"wp-block-button\"><a class=\"wp-block-button__link has-white-color has-text-color has-background wp-element-button\" href=\"https:\/\/oenobrands.com\/product\/yeast-derivate\/feel-safe\/extraferm-dfend\/\" style=\"background-color:#3e6991\" target=\"_blank\" rel=\"noreferrer noopener\">Extraferm D\u2019fend<\/a><\/div>\n<\/div>\n\n\n\n<div style=\"height:35px\" aria-hidden=\"true\" class=\"wp-block-spacer\"><\/div>\n\n\n\n<div class=\"wp-block-columns is-layout-flex wp-container-core-columns-is-layout-9d6595d7 wp-block-columns-is-layout-flex\">\n<div class=\"wp-block-column is-vertically-aligned-center is-layout-flow wp-block-column-is-layout-flow\" style=\"flex-basis:30%\">\n<h1 class=\"wp-block-heading has-text-color\" style=\"color:#aca39a\">Scopri la gamma EXTRAFERM<\/h1>\n\n\n\n<div style=\"height:20px\" aria-hidden=\"true\" class=\"wp-block-spacer\"><\/div>\n\n\n\n<div class=\"wp-block-buttons is-content-justification-left is-layout-flex wp-container-core-buttons-is-layout-fdcfc74e wp-block-buttons-is-layout-flex\">\n<div class=\"wp-block-button\"><a class=\"wp-block-button__link has-background wp-element-button\" href=\"https:\/\/oenobrands.com\/product\/yeast-derivate\/feel-safe\/\" style=\"background-color:#aca39a\" target=\"_blank\" rel=\"noreferrer noopener\">feel SAFE!<\/a><\/div>\n<\/div>\n<\/div>\n\n\n\n<div class=\"wp-block-column is-layout-flow wp-block-column-is-layout-flow\" style=\"flex-basis:50px\"><\/div>\n\n\n\n<div class=\"wp-block-column is-layout-flow wp-block-column-is-layout-flow\"><div class=\"wp-block-image\">\n<figure class=\"aligncenter size-large is-resized\"><img loading=\"lazy\" decoding=\"async\" width=\"1024\" height=\"1024\" src=\"http:\/\/oenobrands.com\/wp-content\/uploads\/2023\/05\/Feel-Safe-yeast-derivate-derive-levure-generique-1024x1024.png\" alt=\"Feel-Safe-lievito-derivato-derivato-levure-generique\" class=\"wp-image-4093\" style=\"width:256px;height:256px\"\/><\/figure>\n<\/div><\/div>\n<\/div>\n\n\n\n<div style=\"height:50px\" aria-hidden=\"true\" class=\"wp-block-spacer\"><\/div>\n\n\n\n<div class=\"wp-block-group\"><div class=\"wp-block-group__inner-container is-layout-constrained wp-block-group-is-layout-constrained\">\n<div class=\"wp-block-group\"><div class=\"wp-block-group__inner-container is-layout-constrained wp-block-group-is-layout-constrained\">\n<div class=\"wp-block-group\"><div class=\"wp-block-group__inner-container is-layout-constrained wp-block-group-is-layout-constrained\">\n<hr class=\"wp-block-separator has-text-color has-alpha-channel-opacity has-background\" style=\"background-color:#8a918e;color:#8a918e\"\/>\n<\/div><\/div>\n<\/div><\/div>\n\n\n\n<div class=\"wp-block-group\"><div class=\"wp-block-group__inner-container is-layout-constrained wp-block-group-is-layout-constrained\">\n<div class=\"wp-block-group\"><div class=\"wp-block-group__inner-container is-layout-constrained wp-block-group-is-layout-constrained\">\n<h2 class=\"wp-block-heading\"><strong>E voi, cosa ne pensate?<\/strong><\/h2>\n<\/div><\/div>\n<\/div><\/div>\n\n\n\n<div class=\"wp-block-group\"><div class=\"wp-block-group__inner-container is-layout-constrained wp-block-group-is-layout-constrained\">\n<div class=\"wp-block-group\"><div class=\"wp-block-group__inner-container is-layout-constrained wp-block-group-is-layout-constrained\">\n<p>Grazie a un team altamente qualificato di esperti in numerosi settori, Oenobrands si impegna a offrire ai produttori di vino soluzioni innovative e scientificamente valide, nonch\u00e9 a mettere in risalto le sinergie positive tra i suoi prodotti.<\/p>\n<\/div><\/div>\n\n\n\n<div class=\"wp-block-group\"><div class=\"wp-block-group__inner-container is-layout-constrained wp-block-group-is-layout-constrained\">\n<div class=\"wp-block-group\"><div class=\"wp-block-group__inner-container is-layout-constrained wp-block-group-is-layout-constrained\">\n<div class=\"wp-block-columns is-layout-flex wp-container-core-columns-is-layout-9d6595d7 wp-block-columns-is-layout-flex\">\n<div class=\"wp-block-column is-vertically-aligned-center is-layout-flow wp-block-column-is-layout-flow\">\n<div class=\"wp-block-group wp-container-content-9cfa9a5a is-content-justification-left\"><div class=\"wp-block-group__inner-container is-layout-constrained wp-container-core-group-is-layout-8c890d92 wp-block-group-is-layout-constrained\">\n<p class=\"has-text-align-left\" style=\"font-size:0.9rem;font-style:normal;font-weight:600;letter-spacing:1px;text-transform:uppercase\">Cerca la tua soluzione o il tuo prodotto<\/p>\n\n\n<form role=\"search\" method=\"get\" action=\"https:\/\/oenobrands.com\/it\/\" class=\"wp-block-search__button-outside wp-block-search__icon-button wp-block-search\"    ><label class=\"wp-block-search__label screen-reader-text\" for=\"wp-block-search__input-1\" >Cerca<\/label><div class=\"wp-block-search__inside-wrapper\"  style=\"width: 100%\"><input class=\"wp-block-search__input\" id=\"wp-block-search__input-1\" placeholder=\"\" value=\"\" type=\"search\" name=\"s\" required  style=\"border-width: 1px\"\/><button aria-label=\"Cerca\" class=\"wp-block-search__button has-icon wp-element-button\" type=\"submit\"  style=\"border-width: 1px\"><svg class=\"search-icon\" viewBox=\"0 0 24 24\" width=\"24\" height=\"24\">\n\t\t\t\t\t<path d=\"M13 5c-3.3 0-6 2.7-6 6 0 1.4.5 2.7 1.3 3.7l-3.8 3.8 1.1 1.1 3.8-3.8c1 .8 2.3 1.3 3.7 1.3 3.3 0 6-2.7 6-6S16.3 5 13 5zm0 10.5c-2.5 0-4.5-2-4.5-4.5s2-4.5 4.5-4.5 4.5 2 4.5 4.5-2 4.5-4.5 4.5z\"><\/path>\n\t\t\t\t<\/svg><\/button><\/div><\/form><\/div><\/div>\n<\/div>\n\n\n\n<div class=\"wp-block-column is-layout-flow wp-block-column-is-layout-flow\" style=\"flex-basis:3px\"><\/div>\n\n\n\n<div class=\"wp-block-column is-layout-flow wp-block-column-is-layout-flow\">\n<p class=\"has-text-align-center\">Raccontaci le tue difficolt\u00e0 e ti risponderemo<\/p>\n\n\n\n<div class=\"wp-block-buttons is-content-justification-center is-layout-flex wp-container-core-buttons-is-layout-16018d1d wp-block-buttons-is-layout-flex\">\n<div class=\"wp-block-button is-style-fill\"><a class=\"wp-block-button__link wp-element-button\" href=\"https:\/\/oenobrands.com\/contact-us\/\" target=\"_blank\" rel=\"noreferrer noopener\">contattaci<\/a><\/div>\n<\/div>\n<\/div>\n<\/div>\n<\/div><\/div>\n<\/div><\/div>\n<\/div><\/div>\n<\/div><\/div>\n\n\n\n<div style=\"height:50px\" aria-hidden=\"true\" class=\"wp-block-spacer\"><\/div>\n","protected":false},"excerpt":{"rendered":"<p>Che cos\u2019\u00e8 l\u2019ossidazione del vino? In termini semplificati, l\u2019ossidazione del vino bianco \u00e8 principalmente [&hellip;]<\/p>\n","protected":false},"author":3,"featured_media":0,"parent":21377,"menu_order":4,"comment_status":"closed","ping_status":"closed","template":"","meta":{"_acf_changed":false,"_seopress_robots_primary_cat":"0","_seopress_titles_title":"","_seopress_titles_desc":"","_seopress_robots_index":"","footnotes":""},"class_list":["post-21393","page","type-page","status-publish"],"acf":[],"_links":{"self":[{"href":"https:\/\/oenobrands.com\/it\/wp-json\/wp\/v2\/pages\/21393","targetHints":{"allow":["GET"]}}],"collection":[{"href":"https:\/\/oenobrands.com\/it\/wp-json\/wp\/v2\/pages"}],"about":[{"href":"https:\/\/oenobrands.com\/it\/wp-json\/wp\/v2\/types\/page"}],"author":[{"embeddable":true,"href":"https:\/\/oenobrands.com\/it\/wp-json\/wp\/v2\/users\/3"}],"replies":[{"embeddable":true,"href":"https:\/\/oenobrands.com\/it\/wp-json\/wp\/v2\/comments?post=21393"}],"version-history":[{"count":0,"href":"https:\/\/oenobrands.com\/it\/wp-json\/wp\/v2\/pages\/21393\/revisions"}],"up":[{"embeddable":true,"href":"https:\/\/oenobrands.com\/it\/wp-json\/wp\/v2\/pages\/21377"}],"wp:attachment":[{"href":"https:\/\/oenobrands.com\/it\/wp-json\/wp\/v2\/media?parent=21393"}],"curies":[{"name":"wp","href":"https:\/\/api.w.org\/{rel}","templated":true}]}}