{"id":21391,"date":"2022-10-19T14:19:00","date_gmt":"2022-10-19T12:19:00","guid":{"rendered":"https:\/\/oenobrands.com\/solution-2\/difetto-enologico\/sensazione-di-fumo\/"},"modified":"2025-12-04T11:59:47","modified_gmt":"2025-12-04T10:59:47","slug":"defecto-de-humo","status":"publish","type":"page","link":"https:\/\/oenobrands.com\/it\/soluzioni\/difetto-enologico\/defecto-de-humo\/","title":{"rendered":"Defecto de humo"},"content":{"rendered":"\n<div style=\"height:50px\" aria-hidden=\"true\" class=\"wp-block-spacer\"><\/div>\n\n\n\n<p>Negli ultimi dieci anni, grandi incendi hanno colpito aree viticole in tutto il mondo, con il cambiamento climatico che ne aumenta drasticamente ricorrenza e intensit\u00e0. Oltre alla distruzione di vigneti e cantine, l\u2019esposizione dell\u2019uva al fumo causa perdite economiche a causa della comparsa di caratteri sensoriali indesiderati nel vino. Questi vini sono percepiti negativamente dai consumatori, che li descrivono come affumicati, bruciati, cenere con note medicinali, e spesso semplicemente \u201ccontaminati dal fumo\u201d.  <\/p>\n\n\n\n<div style=\"height:30px\" aria-hidden=\"true\" class=\"wp-block-spacer\"><\/div>\n\n\n\n<h2 class=\"wp-block-heading\"><strong>Quali sono i composti responsabili della contaminazione da fumo?<\/strong><\/h2>\n\n\n\n<div style=\"height:30px\" aria-hidden=\"true\" class=\"wp-block-spacer\"><\/div>\n\n\n\n<div class=\"wp-block-columns is-layout-flex wp-container-core-columns-is-layout-9d6595d7 wp-block-columns-is-layout-flex\">\n<div class=\"wp-block-column is-layout-flow wp-block-column-is-layout-flow\">\n<p>Durante gli incendi, nel fumo \u00e8 presente una grande variet\u00e0 di fenoli volatili liberi, e questi componenti sono principalmente responsabili della contaminazione da fumo. Questi composti vengono assorbiti direttamente dall\u2019uva e in parte metabolizzati per produrre glicosidi che non hanno aroma affumicato.  <strong>A volte sono definiti precursori della contaminazione da fumo.<\/strong><\/p>\n\n\n\n<p>I precursori della contaminazione da fumo possono essere scissi durante la fermentazione, ma soprattutto nel tempo, in botte o in bottiglia, rilasciando fenoli volatili nel mosto o nel vino e rendendo percepibile il sapore affumicato. <strong>Durante la degustazione del vino, questi glicosidi possono rilasciare fenoli volatili in bocca, contribuendo alla percezione della contaminazione da fumo.<\/strong> Sei diversi fenoli sono considerati i principali marcatori della contaminazione da fumo: guaiacolo, 4-metilguaiacolo, 4-metilsiringolo, o-cresolo, p-cresolo e m-cresolo.<\/p>\n\n\n\n<p><strong>I glicosidi della contaminazione da fumo rappresentano una bomba a orologeria, poich\u00e9 vengono progressivamente idrolizzati durante la conservazione del vino, rilasciando gradualmente i composti affumicati liberi e odorosi.<\/strong><\/p>\n<\/div>\n\n\n\n<div class=\"wp-block-column is-layout-flow wp-block-column-is-layout-flow\" style=\"flex-basis:1%\"><\/div>\n\n\n\n<div class=\"wp-block-column is-layout-flow wp-block-column-is-layout-flow\">\n<p><\/p>\n\n\n\n<figure class=\"wp-block-image size-full zoooom\"><img alt=\"\" loading=\"lazy\" decoding=\"async\" width=\"543\" height=\"414\" src=\"https:\/\/oenobrands.com\/wp-content\/uploads\/2025\/12\/IT-solution-Default-smoke-taint-1.png\" alt=\"\" class=\"wp-image-22698\" srcset=\"https:\/\/oenobrands.com\/wp-content\/uploads\/2025\/12\/IT-solution-Default-smoke-taint-1.png 543w, https:\/\/oenobrands.com\/wp-content\/uploads\/2025\/12\/IT-solution-Default-smoke-taint-1-300x229.png 300w\" sizes=\"auto, (max-width: 543px) 100vw, 543px\" \/><figcaption class=\"wp-element-caption\">Rilascio progressivo di composti affumicati liberi e odorosi nel vino<\/figcaption><\/figure>\n<\/div>\n<\/div>\n\n\n\n<div style=\"height:30px\" aria-hidden=\"true\" class=\"wp-block-spacer\"><\/div>\n\n\n\n<h2 class=\"wp-block-heading\"><strong>Cosa raccomandiamo per la gestione delle uve esposte al fumo?<\/strong><\/h2>\n\n\n\n<div style=\"height:30px\" aria-hidden=\"true\" class=\"wp-block-spacer\"><\/div>\n\n\n\n<h3 class=\"wp-block-heading\">\u25ba <strong>Evitare l\u2019estrazione dei composti responsabili dei difetti aromatici<\/strong><\/h3>\n\n\n\n<p>Ci sono diversi passaggi che possono essere adottati in cantina per ridurre al minimo l\u2019impatto sensoriale dell\u2019esposizione al fumo.<\/p>\n\n\n\n<div style=\"height:30px\" aria-hidden=\"true\" class=\"wp-block-spacer\"><\/div>\n\n\n\n<div class=\"wp-block-columns has-background is-layout-flex wp-container-core-columns-is-layout-9d6595d7 wp-block-columns-is-layout-flex\" style=\"background-color:#f7f7f7\">\n<div class=\"wp-block-column is-layout-flow wp-block-column-is-layout-flow\">\n<p>Le seguenti indicazioni hanno dato buoni risultati nella gestione delle uve contaminate dal fumo:<\/p>\n\n\n\n<ul class=\"wp-block-list\">\n<li>Raccogliere a mano le uve, escludendo le foglie.<\/li>\n\n\n\n<li>Mantenere la frutta il pi\u00f9 fredda possibile.<\/li>\n\n\n\n<li>Pressare il grappolo intero, effettuando il minimo numero di rotazioni del ciclo di pressatura e separando le frazioni di pressatura.<\/li>\n\n\n\n<li>Fermentare in grandi volumi per facilitare l\u2019integrazione o la mascheratura dello smoke taint.<\/li>\n<\/ul>\n<\/div>\n\n\n\n<div class=\"wp-block-column is-layout-flow wp-block-column-is-layout-flow\" style=\"flex-basis:1%\"><\/div>\n\n\n\n<div class=\"wp-block-column is-layout-flow wp-block-column-is-layout-flow\">\n<p>La macerazione delle bucce deve essere il pi\u00f9 breve possibile. <strong>L\u2019uso di enzimi pectolitici come Rapidase Extra Press per vini bianchi e rosati e Rapidase Fast Color per vini rossi a 2 g\/100 kg di frutta aiuta a ridurre la durata della macerazione.<\/strong><\/p>\n\n\n\n<div style=\"height:30px\" aria-hidden=\"true\" class=\"wp-block-spacer\"><\/div>\n\n\n\n<div class=\"wp-block-buttons is-content-justification-center is-layout-flex wp-container-core-buttons-is-layout-16018d1d wp-block-buttons-is-layout-flex\">\n<div class=\"wp-block-button is-style-fill\"><a class=\"wp-block-button__link wp-element-button\" href=\"https:\/\/oenobrands.com\/product\/enzyme\/rapidase\/extra-press\/<br\/&gt;<br\/&gt;<div style=&quot;all: initial !important;&quot;&gt; <\/div&gt;\" target=\"_blank\" rel=\"noreferrer noopener\">Rapidase Extra Press<\/a><\/div>\n\n\n\n<div class=\"wp-block-button is-style-fill\"><a class=\"wp-block-button__link wp-element-button\" href=\"https:\/\/oenobrands.com\/product\/enzyme\/rapidase\/flash-color\/\" target=\"_blank\" rel=\"noreferrer noopener\">Rapidase Fast Color<\/a><\/div>\n<\/div>\n\n\n\n<div style=\"height:30px\" aria-hidden=\"true\" class=\"wp-block-spacer\"><\/div>\n<\/div>\n<\/div>\n\n\n\n<div class=\"wp-block-columns is-layout-flex wp-container-core-columns-is-layout-9d6595d7 wp-block-columns-is-layout-flex\">\n<div class=\"wp-block-column has-background is-layout-flow wp-block-column-is-layout-flow\" style=\"background-color:#f7f7f7\">\n<p>Si consiglia di utilizzare lieviti e batteri appropriati (du Plessis, <em>2020, Conferenza SASEV<\/em>) per aumentare il fruttato e assorbire o degradare alcuni composti liberi con Legacy VIN13 per il vino bianco e rosato e Legacy NT112 per il vino rosso.<\/p>\n\n\n\n<div class=\"wp-block-buttons is-content-justification-center is-layout-flex wp-container-core-buttons-is-layout-16018d1d wp-block-buttons-is-layout-flex\">\n<div class=\"wp-block-button is-style-fill\"><a class=\"wp-block-button__link wp-element-button\" href=\"https:\/\/oenobrands.com\/product\/yeast\/anchor-yeast\/anchor-nt112\/\" target=\"_blank\" rel=\"noreferrer noopener\">Legacy NT 112<\/a><\/div>\n\n\n\n<div class=\"wp-block-button is-style-fill\"><a class=\"wp-block-button__link wp-element-button\" href=\"https:\/\/oenobrands.com\/product\/yeast\/anchor-yeast\/anchor-legacy-vin-13\/\" target=\"_blank\" rel=\"noreferrer noopener\">Legacy VIN 13<\/a><\/div>\n<\/div>\n\n\n\n<div style=\"height:30px\" aria-hidden=\"true\" class=\"wp-block-spacer\"><\/div>\n\n\n\n<figure class=\"wp-block-image size-full zoooom\"><img alt=\"\" loading=\"lazy\" decoding=\"async\" width=\"541\" height=\"556\" src=\"https:\/\/oenobrands.com\/wp-content\/uploads\/2025\/12\/IT-solution-Default-smoke-taint-2.png\" alt=\"\" class=\"wp-image-22702\" srcset=\"https:\/\/oenobrands.com\/wp-content\/uploads\/2025\/12\/IT-solution-Default-smoke-taint-2.png 541w, https:\/\/oenobrands.com\/wp-content\/uploads\/2025\/12\/IT-solution-Default-smoke-taint-2-292x300.png 292w\" sizes=\"auto, (max-width: 541px) 100vw, 541px\" \/><figcaption class=\"wp-element-caption\">Effetto del ceppo di lievito sui composti totali responsabili del \u201csmoke taint\u201d (\u00b5g\/L) dopo la fermentazione alcolica su Chenin blanc e Merlot (somma di guaiacolo, 4-metilguaiacolo, 4-etilfenolo e fenolo) (adattato da du Plessis et al., 2021)<\/figcaption><\/figure>\n<\/div>\n\n\n\n<div class=\"wp-block-column is-layout-flow wp-block-column-is-layout-flow\" style=\"flex-basis:1%\"><\/div>\n\n\n\n<div class=\"wp-block-column has-background is-layout-flow wp-block-column-is-layout-flow\" style=\"background-color:#f7f7f7\">\n<p>Inoltre, la FML sequenziale sembra essere una scelta migliore rispetto alla co-inoculazione, il che significa che Anchor <strong>SOLO SELECT o le colture Maloferm <\/strong>sono le opzioni migliori quando il \u201csmoke taint\u201d \u00e8 evidente o sospettato.<\/p>\n\n\n\n<div class=\"wp-block-buttons is-content-justification-center is-layout-flex wp-container-core-buttons-is-layout-16018d1d wp-block-buttons-is-layout-flex\">\n<div class=\"wp-block-button is-style-fill\"><a class=\"wp-block-button__link wp-element-button\" href=\"https:\/\/oenobrands.com\/product\/bacteria\/anchor-bacteria\/solo-select\/\" target=\"_blank\" rel=\"noreferrer noopener\">Anchor SOLO Select<\/a><\/div>\n\n\n\n<div class=\"wp-block-button is-style-fill\"><a class=\"wp-block-button__link wp-element-button\" href=\"https:\/\/oenobrands.com\/product\/bacteria\/maloferm\/\" target=\"_blank\" rel=\"noreferrer noopener\">Batteri Maloferm<\/a><\/div>\n<\/div>\n\n\n\n<div style=\"height:30px\" aria-hidden=\"true\" class=\"wp-block-spacer\"><\/div>\n\n\n\n<figure class=\"wp-block-image size-full zoooom\"><img alt=\"\" loading=\"lazy\" decoding=\"async\" width=\"520\" height=\"550\" src=\"https:\/\/oenobrands.com\/wp-content\/uploads\/2025\/12\/IT-solution-Default-smoke-taint-3.png\" alt=\"\" class=\"wp-image-22706\" srcset=\"https:\/\/oenobrands.com\/wp-content\/uploads\/2025\/12\/IT-solution-Default-smoke-taint-3.png 520w, https:\/\/oenobrands.com\/wp-content\/uploads\/2025\/12\/IT-solution-Default-smoke-taint-3-284x300.png 284w\" sizes=\"auto, (max-width: 520px) 100vw, 520px\" \/><figcaption class=\"wp-element-caption\">Confronto tra fermentazione malolattica sequenziale e co-inoculo effettuata con diverse colture batteriche sui livelli dei composti responsabili del \u201csmoke taint\u201d (guaiacolo e 4-metilguaiacolo) nei vini Syrah, adattato da du Plessis et al., 2021<\/figcaption><\/figure>\n\n\n\n<p><\/p>\n<\/div>\n<\/div>\n\n\n\n<div style=\"height:30px\" aria-hidden=\"true\" class=\"wp-block-spacer\"><\/div>\n\n\n\n<h3 class=\"wp-block-heading\"> \u25ba <strong>Risolvere il problema dell\u2019odore di fumo e prevenire la comparsa ritardata del smoke taint.<\/strong><\/h3>\n\n\n\n<div class=\"wp-block-columns is-layout-flex wp-container-core-columns-is-layout-9d6595d7 wp-block-columns-is-layout-flex\">\n<div class=\"wp-block-column is-layout-flow wp-block-column-is-layout-flow\">\n<p>Come gi\u00e0 menzionato, i composti responsabili del \u201csmoke taint\u201d possono trovarsi in forme legate e libere, con un rilascio progressivo di queste ultime durante la conservazione e dopo l\u2019imbottigliamento. Ci\u00f2 significa che \u00e8 necessaria l\u2019eliminazione sia delle forme libere che di quelle legate dal vino. Purtroppo, i composti glicosilati sono molto polari e difficilmente rimovibili con le tecniche classiche come l\u2019assorbimento su carbone attivo o le tecniche a membrana.  <\/p>\n\n\n\n<p><strong>Ma<\/strong> <strong>poich\u00e9 la struttura di questi composti \u00e8 molto simile alla struttura generale dei glico-coniugati aromatici, l\u2019uso di Rapidase Revelation Aroma sembra essere molto ben adattato all\u2019azione sinergica di Extraferm D\u2019tox, che adsorbe composti indesiderati nelle fecce, o ad altre tecniche (carbone attivo, filtrazione a membrana).<\/strong><\/p>\n<\/div>\n\n\n\n<div class=\"wp-block-column is-layout-flow wp-block-column-is-layout-flow\" style=\"flex-basis:5px\"><\/div>\n\n\n\n<div class=\"wp-block-column is-layout-flow wp-block-column-is-layout-flow\">\n<p>In diversi studi, \u00e8 stato osservato che Rapidase Revelation Aroma \u00e8 stato in grado di liberare una quantit\u00e0 significativa di fenoli volatili dalle loro forme legate (fino a un aumento dell\u201980% nei controlli affumicati). Sono stati inoltre riscontrati notevoli incrementi nelle note \u201cdi frutti di bosco\u201d, \u201cfloreali\/profumo\u201d e \u201cprugna\/confettura\u201d dopo il trattamento enzimatico per tutti i vini. Il passaggio successivo con Extraferm D\u2019tox ha mostrato risultati promettenti per la rimozione dei fenoli volatili dopo il trattamento enzimatico, senza alterare la percezione della fruttuosit\u00e0. \u00c8 stato inoltre notato che alcuni produttori preferivano utilizzare carbone e trattamenti di osmosi inversa invece delle bucce di lievito, con buoni risultati.   <\/p>\n<\/div>\n<\/div>\n\n\n\n<p><strong>Pertanto, il seguente protocollo sembra essere una soluzione efficace grazie a un duplice effetto: un effetto diretto dovuto al rilascio enzimatico e alla successiva rimozione dei composti responsabili del difetto di fumo, e un effetto indiretto dovuto all\u2019aumento della fruttuosit\u00e0 del vino trattato grazie al rilascio di composti aromatici benefici.<\/strong><\/p>\n\n\n\n<div class=\"wp-block-columns is-layout-flex wp-container-core-columns-is-layout-9d6595d7 wp-block-columns-is-layout-flex\">\n<div class=\"wp-block-column is-layout-flow wp-block-column-is-layout-flow\" style=\"flex-basis:66%\">\n<ol style=\"list-style-type:1\" class=\"wp-block-list\">\n<li>Aggiungere <strong>Rapidase Revelation Aroma<\/strong> a 5 g\/hL durante la fermentazione alcolica per sfruttare la temperatura pi\u00f9 alta possibile e ottenere un tempo di contatto di 6\u20138 settimane, sufficiente a rilasciare i composti affumicati glicosilati nelle loro forme libere.<\/li>\n<\/ol>\n<\/div>\n\n\n\n<div class=\"wp-block-column is-layout-flow wp-block-column-is-layout-flow\">\n<div class=\"wp-block-buttons is-content-justification-left is-layout-flex wp-container-core-buttons-is-layout-16165478 wp-block-buttons-is-layout-flex\">\n<div class=\"wp-block-button is-style-fill\"><a class=\"wp-block-button__link wp-element-button\" href=\"https:\/\/oenobrands.com\/product\/enzyme\/rapidase\/revelation-aroma\/\" target=\"_blank\" rel=\"noreferrer noopener\">Rapidase Revelation Aroma<\/a><\/div>\n<\/div>\n<\/div>\n<\/div>\n\n\n\n<div class=\"wp-block-columns is-layout-flex wp-container-core-columns-is-layout-9d6595d7 wp-block-columns-is-layout-flex\">\n<div class=\"wp-block-column is-layout-flow wp-block-column-is-layout-flow\" style=\"flex-basis:66%\">\n<ol start=\"2\" style=\"list-style-type:1\" class=\"wp-block-list\">\n<li>Utilizzare <strong>Extraferm D\u2019tox<\/strong> in due aggiunte successive di 20 g\/hL a intervalli di 48 ore (omogeneizzare\/mescolare, depositare e travasare tra le due aggiunte) per rimuovere eventuali forme libere indesiderate.<\/li>\n<\/ol>\n<\/div>\n\n\n\n<div class=\"wp-block-column is-layout-flow wp-block-column-is-layout-flow\">\n<div class=\"wp-block-buttons is-content-justification-left is-layout-flex wp-container-core-buttons-is-layout-45245d17 wp-block-buttons-is-layout-flex\">\n<div class=\"wp-block-button is-style-fill\"><a class=\"wp-block-button__link wp-element-button\" href=\"https:\/\/oenobrands.com\/product\/yeast-derivate\/feel-safe\/extraferm-dtox\/\" target=\"_blank\" rel=\"noreferrer noopener\">Extraferm D&#8217;tox<\/a><\/div>\n<\/div>\n<\/div>\n<\/div>\n\n\n\n<div style=\"height:30px\" aria-hidden=\"true\" class=\"wp-block-spacer\"><\/div>\n\n\n\n<div class=\"wp-block-buttons is-content-justification-center is-layout-flex wp-container-core-buttons-is-layout-16018d1d wp-block-buttons-is-layout-flex\">\n<div class=\"wp-block-button is-style-fill\"><a class=\"wp-block-button__link wp-element-button\" href=\"https:\/\/oenobrands.com\/wp-content\/uploads\/2024\/07\/RAPIDASE_Revelation-Aroma-Protocole-Smoke-Taint_2023_EN_G_01.pdf\" target=\"_blank\" rel=\"noreferrer noopener\">Protocollo per rimuovere il sentore di fumo<\/a><\/div>\n\n\n\n<div class=\"wp-block-button is-style-fill\"><a class=\"wp-block-button__link wp-element-button\" href=\"https:\/\/oenobrands.com\/rapidase-enzymes-kits\/\" target=\"_blank\" rel=\"noreferrer noopener\">Kit per testare Rapidase Revelation Aroma<\/a><\/div>\n<\/div>\n\n\n\n<div style=\"height:70px\" aria-hidden=\"true\" class=\"wp-block-spacer\"><\/div>\n\n\n\n<div class=\"wp-block-columns is-layout-flex wp-container-core-columns-is-layout-9d6595d7 wp-block-columns-is-layout-flex\">\n<div class=\"wp-block-column is-vertically-aligned-center is-layout-flow wp-block-column-is-layout-flow\" style=\"flex-basis:30%\">\n<h1 class=\"wp-block-heading has-text-color\" style=\"color:#545859\">Scopri la gamma RAPIDASE<\/h1>\n\n\n\n<div style=\"height:20px\" aria-hidden=\"true\" class=\"wp-block-spacer\"><\/div>\n\n\n\n<div class=\"wp-block-buttons is-content-justification-left is-layout-flex wp-container-core-buttons-is-layout-fdcfc74e wp-block-buttons-is-layout-flex\">\n<div class=\"wp-block-button\"><a class=\"wp-block-button__link has-background wp-element-button\" href=\"https:\/\/oenobrands.com\/product\/enzyme\/rapidase\/\" style=\"background-color:#545859\" target=\"_blank\" rel=\"noreferrer noopener\">RAPIDASE<\/a><\/div>\n<\/div>\n<\/div>\n\n\n\n<div class=\"wp-block-column is-layout-flow wp-block-column-is-layout-flow\" style=\"flex-basis:10%\">\n<div style=\"height:50px\" aria-hidden=\"true\" class=\"wp-block-spacer\"><\/div>\n<\/div>\n\n\n\n<div class=\"wp-block-column is-layout-flow wp-block-column-is-layout-flow\"><div class=\"wp-block-image\">\n<figure class=\"aligncenter size-full\"><img decoding=\"async\" src=\"http:\/\/oenobrands.com\/wp-content\/uploads\/2023\/05\/OENOBRANDS-Rapidase-bandeau.png\" alt=\"OENOBRANDS-Rapidase-banner\" class=\"wp-image-4529\"\/><\/figure>\n<\/div><\/div>\n<\/div>\n\n\n\n<div style=\"height:50px\" aria-hidden=\"true\" class=\"wp-block-spacer\"><\/div>\n\n\n\n<div class=\"wp-block-group\"><div class=\"wp-block-group__inner-container is-layout-constrained wp-block-group-is-layout-constrained\">\n<div class=\"wp-block-group\"><div class=\"wp-block-group__inner-container is-layout-constrained wp-block-group-is-layout-constrained\">\n<div class=\"wp-block-group\"><div class=\"wp-block-group__inner-container is-layout-constrained wp-block-group-is-layout-constrained\">\n<hr class=\"wp-block-separator has-text-color has-alpha-channel-opacity has-background\" style=\"background-color:#8a918e;color:#8a918e\"\/>\n<\/div><\/div>\n<\/div><\/div>\n\n\n\n<div class=\"wp-block-group\"><div class=\"wp-block-group__inner-container is-layout-constrained wp-block-group-is-layout-constrained\">\n<div class=\"wp-block-group\"><div class=\"wp-block-group__inner-container is-layout-constrained wp-block-group-is-layout-constrained\">\n<h2 class=\"wp-block-heading\"><strong>E voi, cosa ne pensate?<\/strong><\/h2>\n<\/div><\/div>\n<\/div><\/div>\n\n\n\n<div class=\"wp-block-group\"><div class=\"wp-block-group__inner-container is-layout-constrained wp-block-group-is-layout-constrained\">\n<div class=\"wp-block-group\"><div class=\"wp-block-group__inner-container is-layout-constrained wp-block-group-is-layout-constrained\">\n<p>Grazie a un team altamente qualificato di esperti in numerosi settori, Oenobrands si impegna a offrire ai produttori di vino soluzioni innovative e scientificamente valide, nonch\u00e9 a mettere in risalto le sinergie positive tra i suoi prodotti.<\/p>\n<\/div><\/div>\n\n\n\n<div class=\"wp-block-group\"><div class=\"wp-block-group__inner-container is-layout-constrained wp-block-group-is-layout-constrained\">\n<div class=\"wp-block-group\"><div class=\"wp-block-group__inner-container is-layout-constrained wp-block-group-is-layout-constrained\">\n<div class=\"wp-block-columns is-layout-flex wp-container-core-columns-is-layout-9d6595d7 wp-block-columns-is-layout-flex\">\n<div class=\"wp-block-column is-vertically-aligned-center is-layout-flow wp-block-column-is-layout-flow\">\n<div class=\"wp-block-group wp-container-content-9cfa9a5a is-content-justification-left\"><div class=\"wp-block-group__inner-container is-layout-constrained wp-container-core-group-is-layout-8c890d92 wp-block-group-is-layout-constrained\">\n<p class=\"has-text-align-left\" style=\"font-size:0.9rem;font-style:normal;font-weight:600;letter-spacing:1px;text-transform:uppercase\">Cerca la tua soluzione o il tuo prodotto<\/p>\n\n\n<form role=\"search\" method=\"get\" action=\"https:\/\/oenobrands.com\/it\/\" class=\"wp-block-search__button-outside wp-block-search__icon-button wp-block-search\"    ><label class=\"wp-block-search__label screen-reader-text\" for=\"wp-block-search__input-1\" >Cerca<\/label><div class=\"wp-block-search__inside-wrapper\"  style=\"width: 100%\"><input class=\"wp-block-search__input\" id=\"wp-block-search__input-1\" placeholder=\"\" value=\"\" type=\"search\" name=\"s\" required  style=\"border-width: 1px\"\/><button aria-label=\"Cerca\" class=\"wp-block-search__button has-icon wp-element-button\" type=\"submit\"  style=\"border-width: 1px\"><svg class=\"search-icon\" viewBox=\"0 0 24 24\" width=\"24\" height=\"24\">\n\t\t\t\t\t<path d=\"M13 5c-3.3 0-6 2.7-6 6 0 1.4.5 2.7 1.3 3.7l-3.8 3.8 1.1 1.1 3.8-3.8c1 .8 2.3 1.3 3.7 1.3 3.3 0 6-2.7 6-6S16.3 5 13 5zm0 10.5c-2.5 0-4.5-2-4.5-4.5s2-4.5 4.5-4.5 4.5 2 4.5 4.5-2 4.5-4.5 4.5z\"><\/path>\n\t\t\t\t<\/svg><\/button><\/div><\/form><\/div><\/div>\n<\/div>\n\n\n\n<div class=\"wp-block-column is-layout-flow wp-block-column-is-layout-flow\" style=\"flex-basis:3px\"><\/div>\n\n\n\n<div class=\"wp-block-column is-layout-flow wp-block-column-is-layout-flow\">\n<p class=\"has-text-align-center\">Raccontaci le tue difficolt\u00e0 e ti risponderemo<\/p>\n\n\n\n<div class=\"wp-block-buttons is-content-justification-center is-layout-flex wp-container-core-buttons-is-layout-16018d1d wp-block-buttons-is-layout-flex\">\n<div class=\"wp-block-button is-style-fill\"><a class=\"wp-block-button__link wp-element-button\" href=\"https:\/\/oenobrands.com\/contact-us\/\" target=\"_blank\" rel=\"noreferrer noopener\">contattaci<\/a><\/div>\n<\/div>\n<\/div>\n<\/div>\n<\/div><\/div>\n<\/div><\/div>\n<\/div><\/div>\n<\/div><\/div>\n\n\n\n<div style=\"height:50px\" aria-hidden=\"true\" class=\"wp-block-spacer\"><\/div>\n","protected":false},"excerpt":{"rendered":"<p>Negli ultimi dieci anni, grandi incendi hanno colpito aree viticole in tutto il mondo, [&hellip;]<\/p>\n","protected":false},"author":3,"featured_media":0,"parent":21377,"menu_order":3,"comment_status":"closed","ping_status":"closed","template":"","meta":{"_acf_changed":false,"_seopress_robots_primary_cat":"0","_seopress_titles_title":"","_seopress_titles_desc":"","_seopress_robots_index":"","footnotes":""},"class_list":["post-21391","page","type-page","status-publish"],"acf":[],"_links":{"self":[{"href":"https:\/\/oenobrands.com\/it\/wp-json\/wp\/v2\/pages\/21391","targetHints":{"allow":["GET"]}}],"collection":[{"href":"https:\/\/oenobrands.com\/it\/wp-json\/wp\/v2\/pages"}],"about":[{"href":"https:\/\/oenobrands.com\/it\/wp-json\/wp\/v2\/types\/page"}],"author":[{"embeddable":true,"href":"https:\/\/oenobrands.com\/it\/wp-json\/wp\/v2\/users\/3"}],"replies":[{"embeddable":true,"href":"https:\/\/oenobrands.com\/it\/wp-json\/wp\/v2\/comments?post=21391"}],"version-history":[{"count":0,"href":"https:\/\/oenobrands.com\/it\/wp-json\/wp\/v2\/pages\/21391\/revisions"}],"up":[{"embeddable":true,"href":"https:\/\/oenobrands.com\/it\/wp-json\/wp\/v2\/pages\/21377"}],"wp:attachment":[{"href":"https:\/\/oenobrands.com\/it\/wp-json\/wp\/v2\/media?parent=21391"}],"curies":[{"name":"wp","href":"https:\/\/api.w.org\/{rel}","templated":true}]}}