{"id":21387,"date":"2022-10-19T23:18:08","date_gmt":"2022-10-19T21:18:08","guid":{"rendered":"https:\/\/oenobrands.com\/solution-2\/difetto-enologico\/reduction\/"},"modified":"2025-11-28T21:56:52","modified_gmt":"2025-11-28T20:56:52","slug":"riduzione","status":"publish","type":"page","link":"https:\/\/oenobrands.com\/it\/soluzioni\/difetto-enologico\/riduzione\/","title":{"rendered":"Riduzione"},"content":{"rendered":"\n<div style=\"height:50px\" aria-hidden=\"true\" class=\"wp-block-spacer\"><\/div>\n\n<p><strong>In enologia, il termine \u201criduzione\u201d viene utilizzato per descrivere un difetto del vino caratterizzato dalla presenza di aromi solforati sgradevoli, come uova <\/strong>marce o gomma bruciata. Un vino \u00e8 \u201cridotto\u201d quando presenta concentrazioni superiori alla soglia di composti solforati volatili (VSC), come idrogeno solforato, mercaptani e disolfuri. Esistono anche alcuni composti aromatici positivi del vino che sono VSC, come i disolfuri (per esempio il dimetil solfuro nei vini rossi) e i tioli.  <\/p>\n\n<p>Per quanto riguarda i difetti di riduzione, <strong>il pi\u00f9 noto \u00e8 l\u2019idrogeno solforato (H<sub>2<\/sub>S)<\/strong>. \u00c8 prodotto dai lieviti durante la fermentazione quando vi \u00e8 una carenza di ossigeno o nutrienti per il lievito. <\/p>\n\n<div style=\"height:30px\" aria-hidden=\"true\" class=\"wp-block-spacer\"><\/div>\n\n<h2 class=\"wp-block-heading\"><strong>Cosa dovrei fare per evitare o trattare le note di riduzione?<\/strong><\/h2>\n\n<div style=\"height:30px\" aria-hidden=\"true\" class=\"wp-block-spacer\"><\/div>\n\n<div class=\"wp-block-columns is-layout-flex wp-container-core-columns-is-layout-9d6595d7 wp-block-columns-is-layout-flex\">\n<div class=\"wp-block-column has-background is-layout-flow wp-block-column-is-layout-flow\" style=\"background-color:#f7f7f7\">\n<h3 class=\"wp-block-heading\"><strong>L\u2019uso del regime nutrizionale appropriato<\/strong><\/h3>\n\n\n\n<div style=\"height:30px\" aria-hidden=\"true\" class=\"wp-block-spacer\"><\/div>\n\n\n\n<p>L\u2019uso eccessivo di DAP (fosfato diammonico) ha dimostrato che pu\u00f2 causare la produzione di idrogeno solforato (H2S) e altri composti solforati, che possono dare al vino note di riduzione. Per prevenire problemi di riduzione dovuti a un uso eccessivo di DAP, i produttori dovrebbero misurare il livello di YAN (Azoto Assimilabile dai Lieviti) prima di valutare l\u2019aggiunta di DAP e regolare il dosaggio se necessario. In generale, un livello di YAN tra 140 e 220 mg\/L \u00e8 considerato adeguato per una fermentazione sana e completa senza bisogno di aggiungere DAP.   <\/p>\n\n\n\n<div class=\"wp-block-buttons is-content-justification-center is-layout-flex wp-container-core-buttons-is-layout-16018d1d wp-block-buttons-is-layout-flex\">\n<div class=\"wp-block-button\"><a class=\"wp-block-button__link has-white-color has-text-color has-background wp-element-button\" href=\"https:\/\/oenobrands.com\/product\/yeast-derivate\/feel-safe\/maxaferm\/\" style=\"background-color:#aca39a\" target=\"_blank\" rel=\"noreferrer noopener\">Maxaferm<\/a><\/div>\n<\/div>\n\n\n\n<div style=\"height:30px\" aria-hidden=\"true\" class=\"wp-block-spacer\"><\/div>\n\n\n\n<p>L\u2019integrazione con nutrienti organici come i <strong>prodotti Natufem <\/strong>dovrebbe essere considerata quando il DAP non \u00e8 necessario e si vuole ottenere un ulteriore livello di supporto al metabolismo del lievito, compresa la qualit\u00e0 aromatica fornita dal lievito.<\/p>\n\n\n\n<div style=\"height:30px\" aria-hidden=\"true\" class=\"wp-block-spacer\"><\/div>\n\n\n\n<div class=\"wp-block-buttons is-content-justification-center is-layout-flex wp-container-core-buttons-is-layout-16018d1d wp-block-buttons-is-layout-flex\">\n<div class=\"wp-block-button\"><a class=\"wp-block-button__link has-white-color has-text-color has-background wp-element-button\" href=\"https:\/\/oenobrands.com\/product\/yeast-derivate\/feel-safe\/\" style=\"background-color:#aca39a\" target=\"_blank\" rel=\"noreferrer noopener\">Gamma Natuferm<\/a><\/div>\n<\/div>\n\n\n\n<div style=\"height:30px\" aria-hidden=\"true\" class=\"wp-block-spacer\"><\/div>\n<\/div>\n\n\n\n<div class=\"wp-block-column is-layout-flow wp-block-column-is-layout-flow\" style=\"flex-basis:1%\"><\/div>\n\n\n\n<div class=\"wp-block-column has-background is-layout-flow wp-block-column-is-layout-flow\" style=\"background-color:#f7f7f7\">\n<h3 class=\"wp-block-heading\"><strong>Ossigenazione<\/strong><\/h3>\n\n\n\n<div style=\"height:30px\" aria-hidden=\"true\" class=\"wp-block-spacer\"><\/div>\n\n\n\n<p>Per la crescita dei lieviti, l\u2019aggiunta di ossigeno \u00e8 obbligatoria. <strong>In caso di sentori di riduzione, il travaso con aria o la macro-ossigenazione<\/strong>, che possono essere effettuati per un periodo pi\u00f9 o meno lungo a seconda dell\u2019intensit\u00e0 del gusto ridotto, possono degradare molecole come l\u2019H<sub>\u2082<\/sub>S, che odora di uova marce. <\/p>\n\n\n\n<p>Tuttavia, l\u2019azione \u00e8 inefficace sui composti pi\u00f9 complessi come l\u2019etanetiolo (odore di cipolla) o il metionolo (odore di cavolo cotto). <\/p>\n\n\n\n<p>Peggio ancora, alcuni composti monomerici maleodoranti diventano pi\u00f9 stabili con l\u2019ossidazione. D\u2019altra parte, <g id=\"gid_0\">il contatto con l\u2019ossigeno pu\u00f2 causare la perdita dei tioli varietali positivi o addirittura portare a sentori di ossidazione<\/g>. Esiste quindi il rischio di ottenere un vino che combina entrambi i difetti, ossidato e ridotto, che non sono incompatibili.  <\/p>\n\n\n\n<div style=\"height:30px\" aria-hidden=\"true\" class=\"wp-block-spacer\"><\/div>\n\n\n\n<div class=\"wp-block-buttons is-content-justification-center is-layout-flex wp-container-core-buttons-is-layout-16018d1d wp-block-buttons-is-layout-flex\">\n<div class=\"wp-block-button\"><a class=\"wp-block-button__link has-white-color has-black-background-color has-text-color has-background wp-element-button\" href=\"https:\/\/oenobrands.com\/solution\/alcoholic-fermentation\/yeast-nutrition\/\" target=\"_blank\" rel=\"noreferrer noopener\">Nutrizione del lievito<\/a><\/div>\n<\/div>\n\n\n\n<div style=\"height:35px\" aria-hidden=\"true\" class=\"wp-block-spacer\"><\/div>\n<\/div>\n<\/div>\n\n<div style=\"height:35px\" aria-hidden=\"true\" class=\"wp-block-spacer\"><\/div>\n\n<div class=\"wp-block-columns is-layout-flex wp-container-core-columns-is-layout-9d6595d7 wp-block-columns-is-layout-flex\">\n<div class=\"wp-block-column has-background is-layout-flow wp-block-column-is-layout-flow\" style=\"background-color:#f7f7f7\">\n<h3 class=\"wp-block-heading\"><strong>La scelta del lievito<\/strong><\/h3>\n\n\n\n<div style=\"height:30px\" aria-hidden=\"true\" class=\"wp-block-spacer\"><\/div>\n\n\n\n<p>L&#8217;utilizzo di ceppi di lievito noti per produrre livelli inferiori di H<sub>2<\/sub>S pu\u00f2 aiutare a ridurre il rischio di riduzione del vino, se si \u00e8 gi\u00e0 riscontrato questo problema e si conosce bene il proprio vigneto.<\/p>\n\n\n\n<div style=\"height:30px\" aria-hidden=\"true\" class=\"wp-block-spacer\"><\/div>\n\n\n\n<div class=\"wp-block-buttons is-content-justification-center is-layout-flex wp-container-core-buttons-is-layout-16018d1d wp-block-buttons-is-layout-flex\">\n<div class=\"wp-block-button\"><a class=\"wp-block-button__link has-white-color has-black-background-color has-text-color has-background wp-element-button\" href=\"https:\/\/oenobrands.com\/solution\/alcoholic-fermentation\/yeast-choice\/\">Scelta del lievito <\/a><\/div>\n<\/div>\n\n\n\n<div style=\"height:35px\" aria-hidden=\"true\" class=\"wp-block-spacer\"><\/div>\n<\/div>\n\n\n\n<div class=\"wp-block-column is-layout-flow wp-block-column-is-layout-flow\" style=\"flex-basis:1%\"><\/div>\n\n\n\n<div class=\"wp-block-column has-background is-layout-flow wp-block-column-is-layout-flow\" style=\"background-color:#f7f7f7\">\n<h3 class=\"wp-block-heading\"><strong>L&#8217;uso di fecce fresche<\/strong><\/h3>\n\n\n\n<div style=\"height:30px\" aria-hidden=\"true\" class=\"wp-block-spacer\"><\/div>\n\n\n\n<p>\u00c8 un&#8217;osservazione empirica che l&#8217;aggiunta di fecce di lievito fresche pu\u00f2 avere un effetto positivo sul vino in caso di riduzione. Sebbene i meccanismi non siano ancora chiari, i ricercatori hanno osservato che tale pratica contribuisce all&#8217;eliminazione di composti pesanti (in particolare metantiolo ed etantiolo). Abbiamo notato che i produttori di vino utilizzano <g id=\"gid_0\">Extraferm D&#8217;tox <\/g>anche come feccia fresca, soprattutto quando vogliono evitare qualsiasi contaminazione incrociata di odori o deterioramento. Si tratta di un nuovo inizio con meno, anzich\u00e9 riciclare, il che pu\u00f2 essere rischioso.   <\/p>\n\n\n\n<div style=\"height:30px\" aria-hidden=\"true\" class=\"wp-block-spacer\"><\/div>\n\n\n\n<div class=\"wp-block-buttons is-content-justification-center is-layout-flex wp-container-core-buttons-is-layout-16018d1d wp-block-buttons-is-layout-flex\">\n<div class=\"wp-block-button\"><a class=\"wp-block-button__link has-white-color has-text-color has-background wp-element-button\" href=\"https:\/\/oenobrands.com\/product\/yeast-derivate\/feel-safe\/extraferm-dtox\/\" style=\"background-color:#6cc24a\" target=\"_blank\" rel=\"noreferrer noopener\">Extraferm D\u2019tox<\/a><\/div>\n<\/div>\n\n\n\n<div style=\"height:35px\" aria-hidden=\"true\" class=\"wp-block-spacer\"><\/div>\n<\/div>\n<\/div>\n\n<p class=\"has-background\" style=\"background-color:#f7f7f7\"><strong>Aggiunta di solfato di rame o ioni di rame:<\/strong> questi composti possono legarsi ai composti solforosi e ridurne la concentrazione. Tuttavia, \u00e8 importante notare che l&#8217;aggiunta di rame pu\u00f2 anche influenzare il sapore e il colore del vino, quindi dovrebbe essere usata con cautela e solo come ultima risorsa. <\/p>\n\n<div style=\"height:50px\" aria-hidden=\"true\" class=\"wp-block-spacer\"><\/div>\n\n<div class=\"wp-block-group\"><div class=\"wp-block-group__inner-container is-layout-constrained wp-block-group-is-layout-constrained\">\n<div class=\"wp-block-group\"><div class=\"wp-block-group__inner-container is-layout-constrained wp-block-group-is-layout-constrained\">\n<div class=\"wp-block-group\"><div class=\"wp-block-group__inner-container is-layout-constrained wp-block-group-is-layout-constrained\">\n<hr class=\"wp-block-separator has-text-color has-alpha-channel-opacity has-background\" style=\"background-color:#8a918e;color:#8a918e\"\/>\n<\/div><\/div>\n<\/div><\/div>\n\n\n\n<div class=\"wp-block-group\"><div class=\"wp-block-group__inner-container is-layout-constrained wp-block-group-is-layout-constrained\">\n<div class=\"wp-block-group\"><div class=\"wp-block-group__inner-container is-layout-constrained wp-block-group-is-layout-constrained\">\n<h2 class=\"wp-block-heading\"><strong>E voi, cosa ne pensate?<\/strong><\/h2>\n<\/div><\/div>\n<\/div><\/div>\n\n\n\n<div class=\"wp-block-group\"><div class=\"wp-block-group__inner-container is-layout-constrained wp-block-group-is-layout-constrained\">\n<div class=\"wp-block-group\"><div class=\"wp-block-group__inner-container is-layout-constrained wp-block-group-is-layout-constrained\">\n<p>Grazie a un team altamente qualificato di esperti in numerosi settori, Oenobrands si impegna a offrire ai produttori di vino soluzioni innovative e scientificamente valide, nonch\u00e9 a mettere in risalto le sinergie positive tra i suoi prodotti.<\/p>\n<\/div><\/div>\n\n\n\n<div class=\"wp-block-group\"><div class=\"wp-block-group__inner-container is-layout-constrained wp-block-group-is-layout-constrained\">\n<div class=\"wp-block-group\"><div class=\"wp-block-group__inner-container is-layout-constrained wp-block-group-is-layout-constrained\">\n<div class=\"wp-block-columns is-layout-flex wp-container-core-columns-is-layout-9d6595d7 wp-block-columns-is-layout-flex\">\n<div class=\"wp-block-column is-vertically-aligned-center is-layout-flow wp-block-column-is-layout-flow\">\n<div class=\"wp-block-group wp-container-content-9cfa9a5a is-content-justification-left\"><div class=\"wp-block-group__inner-container is-layout-constrained wp-container-core-group-is-layout-8c890d92 wp-block-group-is-layout-constrained\">\n<p class=\"has-text-align-left\" style=\"font-size:0.9rem;font-style:normal;font-weight:600;letter-spacing:1px;text-transform:uppercase\">Cerca la tua soluzione o il tuo prodotto<\/p>\n\n\n<form role=\"search\" method=\"get\" action=\"https:\/\/oenobrands.com\/it\/\" class=\"wp-block-search__button-outside wp-block-search__icon-button wp-block-search\"    ><label class=\"wp-block-search__label screen-reader-text\" for=\"wp-block-search__input-1\" >Cerca<\/label><div class=\"wp-block-search__inside-wrapper\"  style=\"width: 100%\"><input class=\"wp-block-search__input\" id=\"wp-block-search__input-1\" placeholder=\"\" value=\"\" type=\"search\" name=\"s\" required  style=\"border-width: 1px\"\/><button aria-label=\"Cerca\" class=\"wp-block-search__button has-icon wp-element-button\" type=\"submit\"  style=\"border-width: 1px\"><svg class=\"search-icon\" viewBox=\"0 0 24 24\" width=\"24\" height=\"24\">\n\t\t\t\t\t<path d=\"M13 5c-3.3 0-6 2.7-6 6 0 1.4.5 2.7 1.3 3.7l-3.8 3.8 1.1 1.1 3.8-3.8c1 .8 2.3 1.3 3.7 1.3 3.3 0 6-2.7 6-6S16.3 5 13 5zm0 10.5c-2.5 0-4.5-2-4.5-4.5s2-4.5 4.5-4.5 4.5 2 4.5 4.5-2 4.5-4.5 4.5z\"><\/path>\n\t\t\t\t<\/svg><\/button><\/div><\/form><\/div><\/div>\n<\/div>\n\n\n\n<div class=\"wp-block-column is-layout-flow wp-block-column-is-layout-flow\" style=\"flex-basis:3px\"><\/div>\n\n\n\n<div class=\"wp-block-column is-layout-flow wp-block-column-is-layout-flow\">\n<p class=\"has-text-align-center\">Raccontaci le tue difficolt\u00e0 e ti risponderemo<\/p>\n\n\n\n<div class=\"wp-block-buttons is-content-justification-center is-layout-flex wp-container-core-buttons-is-layout-16018d1d wp-block-buttons-is-layout-flex\">\n<div class=\"wp-block-button is-style-fill\"><a class=\"wp-block-button__link wp-element-button\" href=\"https:\/\/oenobrands.com\/contact-us\/\" target=\"_blank\" rel=\"noreferrer noopener\">contattaci<\/a><\/div>\n<\/div>\n<\/div>\n<\/div>\n<\/div><\/div>\n<\/div><\/div>\n<\/div><\/div>\n<\/div><\/div>\n\n<div style=\"height:50px\" aria-hidden=\"true\" class=\"wp-block-spacer\"><\/div>\n","protected":false},"excerpt":{"rendered":"<p>In enologia, il termine \u201criduzione\u201d viene utilizzato per descrivere un difetto del vino caratterizzato [&hellip;]<\/p>\n","protected":false},"author":3,"featured_media":0,"parent":21377,"menu_order":1,"comment_status":"closed","ping_status":"closed","template":"","meta":{"_acf_changed":false,"_seopress_robots_primary_cat":"0","_seopress_titles_title":"","_seopress_titles_desc":"","_seopress_robots_index":"","footnotes":""},"class_list":["post-21387","page","type-page","status-publish"],"acf":[],"_links":{"self":[{"href":"https:\/\/oenobrands.com\/it\/wp-json\/wp\/v2\/pages\/21387","targetHints":{"allow":["GET"]}}],"collection":[{"href":"https:\/\/oenobrands.com\/it\/wp-json\/wp\/v2\/pages"}],"about":[{"href":"https:\/\/oenobrands.com\/it\/wp-json\/wp\/v2\/types\/page"}],"author":[{"embeddable":true,"href":"https:\/\/oenobrands.com\/it\/wp-json\/wp\/v2\/users\/3"}],"replies":[{"embeddable":true,"href":"https:\/\/oenobrands.com\/it\/wp-json\/wp\/v2\/comments?post=21387"}],"version-history":[{"count":0,"href":"https:\/\/oenobrands.com\/it\/wp-json\/wp\/v2\/pages\/21387\/revisions"}],"up":[{"embeddable":true,"href":"https:\/\/oenobrands.com\/it\/wp-json\/wp\/v2\/pages\/21377"}],"wp:attachment":[{"href":"https:\/\/oenobrands.com\/it\/wp-json\/wp\/v2\/media?parent=21387"}],"curies":[{"name":"wp","href":"https:\/\/api.w.org\/{rel}","templated":true}]}}