{"id":21322,"date":"2022-10-20T10:38:06","date_gmt":"2022-10-20T08:38:06","guid":{"rendered":"https:\/\/oenobrands.com\/solution-2\/stabilizzazione-del-vino\/stabilizzazione-del-tartrato\/"},"modified":"2025-11-28T19:36:53","modified_gmt":"2025-11-28T18:36:53","slug":"stabilizzazione-del-tartrato","status":"publish","type":"page","link":"https:\/\/oenobrands.com\/it\/soluzioni\/stabilizzazione-del-vino\/stabilizzazione-del-tartrato\/","title":{"rendered":"Stabilizzazione del tartrato"},"content":{"rendered":"\n<div style=\"height:50px\" aria-hidden=\"true\" class=\"wp-block-spacer\"><\/div>\n\n<h2 class=\"wp-block-heading has-large-font-size\"><strong>Che cos\u2019\u00e8<\/strong> <strong>la stabilizzazione tartarica del vino?<\/strong> <\/h2>\n\n<div style=\"height:50px\" aria-hidden=\"true\" class=\"wp-block-spacer\"><\/div>\n\n<div class=\"wp-block-columns is-layout-flex wp-container-core-columns-is-layout-9d6595d7 wp-block-columns-is-layout-flex\">\n<div class=\"wp-block-column is-layout-flow wp-block-column-is-layout-flow\" style=\"flex-basis:50%\">\n<p><strong>La stabilizzazione tartarica \u00e8 una fase fondamentale nel processo <\/strong>di vinificazione che impedisce la formazione di cristalli di tartrati nel prodotto finale. Questi cristalli, composti da tartrato di potassio e tartrato di calcio, possono formarsi quando il vino viene raffreddato e risultare antiestetici e poco attraenti per i consumatori. <strong>Sebbene esistano diversi metodi di stabilizzazione tartarica, uno dei pi\u00f9 efficaci \u00e8 l\u2019uso delle mannoproteine del lievito.<\/strong> <\/p>\n<\/div>\n\n\n\n<div class=\"wp-block-column is-layout-flow wp-block-column-is-layout-flow\" style=\"flex-basis:50%\">\n<p>Il processo di stabilizzazione tartarica consiste nel <strong>prevenire la precipitazione di questi cristalli prima che possano formarsi<\/strong>. Un metodo per ottenere questo risultato \u00e8 l\u2019utilizzo delle mannoproteine del lievito. <\/p>\n<\/div>\n<\/div>\n\n<div style=\"height:50px\" aria-hidden=\"true\" class=\"wp-block-spacer\"><\/div>\n\n<h2 class=\"wp-block-heading\"><strong>Cosa sono le mannoproteine del lievito e perch\u00e9 alcune sono specifiche per inibire la precipitazione dei sali tartarici? <\/strong><\/h2>\n\n<div style=\"height:30px\" aria-hidden=\"true\" class=\"wp-block-spacer\"><\/div>\n\n<div class=\"wp-block-columns is-layout-flex wp-container-core-columns-is-layout-9d6595d7 wp-block-columns-is-layout-flex\">\n<div class=\"wp-block-column is-layout-flow wp-block-column-is-layout-flow\" style=\"flex-basis:33.33%\">\n<p><strong>Le mannoproteine del lievito sono un tipo di proteina presente nelle pareti cellulari del lievito.<\/strong> \u00c8 noto che esercitano un effetto inibitorio sulla precipitazione dei sali tartarici. Ci\u00f2 \u00e8 dovuto alla loro capacit\u00e0 di legarsi ai cristalli e impedirne la formazione e la crescita. <\/p>\n<\/div>\n\n\n\n<div class=\"wp-block-column is-layout-flow wp-block-column-is-layout-flow\" style=\"flex-basis:10px\"><\/div>\n\n\n\n<div class=\"wp-block-column is-layout-flow wp-block-column-is-layout-flow\" style=\"flex-basis:33.33%\">\n<p>All\u2019interno dell\u2019ampia famiglia dei polisaccaridi, <strong>le mannoproteine costituiscono anch\u2019esse un grande gruppo grazie alle molteplici variazioni dei loro componenti principali<\/strong>, che sono proteine e mannosio (unit\u00e0 zuccherine con diverse possibilit\u00e0 di ramificazione).<\/p>\n<\/div>\n\n\n\n<div class=\"wp-block-column is-layout-flow wp-block-column-is-layout-flow\" style=\"flex-basis:10px\"><\/div>\n\n\n\n<div class=\"wp-block-column is-layout-flow wp-block-column-is-layout-flow\" style=\"flex-basis:33.33%\">\n<p>Le catene di mannano possono avere lunghezze diverse, la parte peptidica pu\u00f2 avere dimensioni differenti e le proporzioni relative delle frazioni peptidiche e di mannano possono variare.<\/p>\n<\/div>\n<\/div>\n\n<h2 class=\"wp-block-heading\"><strong>Quali sono i vantaggi dell&#8217;utilizzo delle mannoproteine \u200b\u200bdel lievito Claristar per la stabilizzazione del tartrato? <\/strong><\/h2>\n\n<div class=\"wp-block-group has-background\" style=\"background-color:#f7f7f7\"><div class=\"wp-block-group__inner-container is-layout-constrained wp-block-group-is-layout-constrained\">\n<div class=\"wp-block-columns has-background is-layout-flex wp-container-core-columns-is-layout-9d6595d7 wp-block-columns-is-layout-flex\" style=\"background-color:#f7f7f7\">\n<div class=\"wp-block-column is-layout-flow wp-block-column-is-layout-flow\" style=\"flex-basis:50%\">\n<p><strong>Claristar<sup>\u00ae <\/sup>\u00e8 la prima mannoproteina liquida al mondo per la produzione di vino di qualit\u00e0.<\/strong> It has unique stabilising properties, allowing it to inhibit potassium hydrogen tartrate salt precipitation in red, white, and rose wine. Il processo di produzione brevettato consente a Oenobrands di fornire una soluzione purificata di mannoproteine \u200b\u200bspecifiche, estratte da <em>Saccharomyces cerevisiae.<\/em> <\/p>\n<\/div>\n\n\n\n<div class=\"wp-block-column is-layout-flow wp-block-column-is-layout-flow\" style=\"flex-basis:60%\">\n<div style=\"height:0px\" aria-hidden=\"true\" class=\"wp-block-spacer\"><\/div>\n\n\n\n<div class=\"wp-block-buttons is-content-justification-center is-layout-flex wp-container-core-buttons-is-layout-16018d1d wp-block-buttons-is-layout-flex\">\n<div class=\"wp-block-button\"><a class=\"wp-block-button__link has-white-color has-text-color has-background wp-element-button\" href=\"https:\/\/oenobrands.com\/product\/mannoprotein\/claristar\/\" style=\"background-color:#01426a\" target=\"_blank\" rel=\"noreferrer noopener\">Claristar<\/a><\/div>\n<\/div>\n\n\n\n<div style=\"height:31px\" aria-hidden=\"true\" class=\"wp-block-spacer\"><\/div>\n\n\n\n<p><strong>Claristar \u00e8 la mannoproteina pi\u00f9 efficiente sul mercato, poich\u00e9 contiene la frazione di mannoproteina con il pi\u00f9 alto Indice di Stabilit\u00e0 Tartarica (TSI)<\/strong>. In termini semplici, ci\u00f2 significa che offre la massima efficacia nella stabilizzazione tartarica. <\/p>\n<\/div>\n<\/div>\n<\/div><\/div>\n\n<p><strong>I vantaggi dell\u2019aggiunta di specifiche mannoproteine di lievito come Claristar <\/strong><strong>per la stabilizzazione tartarica sono numerosi e includono:<\/strong> <\/p>\n\n<div class=\"wp-block-columns is-layout-flex wp-container-core-columns-is-layout-9d6595d7 wp-block-columns-is-layout-flex\">\n<div class=\"wp-block-column is-layout-flow wp-block-column-is-layout-flow\">\n<ul class=\"wp-block-list\">\n<li><strong>Stabilit\u00e0 migliorata: <\/strong>consente ai produttori di vino di ottenere un prodotto costantemente di alta qualit\u00e0, privo di antiestetici cristalli tartarici. Ci\u00f2 \u00e8 <strong>particolarmente importante per i vini premium<\/strong>, poich\u00e9 la presenza di questi cristalli pu\u00f2 rappresentare un forte deterrente per i consumatori. <\/li>\n\n\n\n<li><strong>Caratteristiche del vino preservate:<\/strong> la precipitazione <strong>del tartrato pu\u00f2 influire sul sapore e sulla consistenza del vino<\/strong>, rendendolo pi\u00f9 corposo e alterandone l&#8217;acidit\u00e0. Evitando questa precipitazione, il vino mantiene pi\u00f9 a lungo la sua acidit\u00e0 e il suo colore originali. <\/li>\n\n\n\n<li><strong>Aromi e sensazioni in bocca migliorati: <\/strong>Claristar offre anche il vantaggio <strong>aggiuntivo di migliorare la qualit\u00e0 sensoriale del vino <\/strong>aumentando la percezione di setosit\u00e0 e riducendo l\u2019astringenza sul davanti e sul retro del palato.<\/li>\n<\/ul>\n<\/div>\n\n\n\n<div class=\"wp-block-column is-layout-flow wp-block-column-is-layout-flow\" style=\"flex-basis:2%\"><\/div>\n\n\n\n<div class=\"wp-block-column is-layout-flow wp-block-column-is-layout-flow\">\n<ul class=\"wp-block-list\">\n<li><strong>Maggiore durata di conservazione:<\/strong> prevenendo la precipitazione dei sali tartarici,<strong> il vino \u00e8 in grado di mantenere la sua qualit\u00e0 pi\u00f9 a lungo. <\/strong>Ci\u00f2 significa che il vino pu\u00f2 essere conservato per periodi pi\u00f9 lunghi senza perdere qualit\u00e0.<\/li>\n\n\n\n<li><strong>Sostenibilit\u00e0:<\/strong> \u00e8 un metodo naturale ed ecologico per stabilizzare il vino <strong>senza ricorrere a sostanze chimiche o ad altri additivi artificiali.<\/strong><\/li>\n\n\n\n<li><strong>Convenzionale e biologico:<\/strong> la mannoproteina Claristar \u00e8 indicata per l\u2019uso nella produzione di vini convenzionali e biologici (UE e NOP).<\/li>\n\n\n\n<li><strong>Il suo utilizzo in combinazione con altri metodi, come la stabilizzazione a freddo. <\/strong>La stabilizzazione a freddo consiste nel raffreddare il vino a una temperatura molto bassa per favorire la formazione dei cristalli tartarici, che vengono poi filtrati. <strong>Utilizzando la mannoproteina di lievito Claristar insieme alla stabilizzazione a freddo, <\/strong>i produttori possono applicare un metodo meno aggressivo di stabilizzazione a freddo e garantire che il vino sia completamente stabilizzato e privo di cristalli tartarici. <\/li>\n<\/ul>\n<\/div>\n<\/div>\n\n<div style=\"height:18px\" aria-hidden=\"true\" class=\"wp-block-spacer\"><\/div>\n\n<h2 class=\"wp-block-heading\"><strong>Come si utilizza la mannoproteina Claristar per la stabilizzazione tartarica?<\/strong><\/h2>\n\n<div style=\"height:30px\" aria-hidden=\"true\" class=\"wp-block-spacer\"><\/div>\n\n<p><strong>Alcuni produttori di vino possono trovare difficile determinare la quantit\u00e0 ottimale di mannoproteina di lievito da aggiungere al vino e possono percepire l\u2019inibizione della stabilizzazione tartarica come non del tutto sicura. <\/strong><\/p>\n\n<p>Un dosaggio preciso viene determinato nei laboratori partner secondo il \u201cmetodo ISS per Claristar\u201d (ISS significa Indice di Sovrasaturazione Stabile), un parametro definito tramite l\u2019analisi della stabilit\u00e0 tartarica con strumenti Checkstab. Oenobrands ha creato questo metodo di riferimento unico e standard con il supporto di Dario Montagnani\/Enolabe Service e degli strumenti Checkstab di Delta Acque.<strong> L\u2019obiettivo di questa analisi \u00e8 fornirti il dosaggio esatto di Claristar necessario per stabilizzare il tuo vino<\/strong>, evitando qualsiasi tipo di approssimazione. <\/p>\n\n<div style=\"height:23px\" aria-hidden=\"true\" class=\"wp-block-spacer\"><\/div>\n\n<h2 class=\"wp-block-heading\"><strong>E nella pratica, come procediamo?<\/strong><\/h2>\n\n<div style=\"height:29px\" aria-hidden=\"true\" class=\"wp-block-spacer\"><\/div>\n\n<p>Il processo di aggiunta di Claristar per la stabilizzazione tartarica \u00e8 relativamente semplice. <\/p>\n\n<p>L\u2019utilizzo non potrebbe essere pi\u00f9 semplice: Claristar <strong>viene aggiunto direttamente al vino prima dell\u2019imbottigliamento<\/strong>, permettendo una perfetta omogeneit\u00e0 e una filtrazione poco dopo l\u2019aggiunta.<\/p>\n\n<div style=\"height:50px\" aria-hidden=\"true\" class=\"wp-block-spacer\"><\/div>\n\n<div class=\"wp-block-columns is-layout-flex wp-container-core-columns-is-layout-9d6595d7 wp-block-columns-is-layout-flex\">\n<div class=\"wp-block-column is-vertically-aligned-center is-layout-flow wp-block-column-is-layout-flow\" style=\"flex-basis:30%\">\n<h1 class=\"wp-block-heading has-text-color\" style=\"color:#01426a\">Scopri il prodotto CLARISTAR<\/h1>\n\n\n\n<div style=\"height:20px\" aria-hidden=\"true\" class=\"wp-block-spacer\"><\/div>\n\n\n\n<div class=\"wp-block-buttons is-content-justification-left is-layout-flex wp-container-core-buttons-is-layout-fdcfc74e wp-block-buttons-is-layout-flex\">\n<div class=\"wp-block-button\"><a class=\"wp-block-button__link has-background wp-element-button\" href=\"https:\/\/oenobrands.com\/product\/mannoprotein\/claristar\/\" style=\"background-color:#01426a\" target=\"_blank\" rel=\"noreferrer noopener\">CLARISTAR<\/a><\/div>\n<\/div>\n<\/div>\n\n\n\n<div class=\"wp-block-column is-layout-flow wp-block-column-is-layout-flow\" style=\"flex-basis:50px\"><\/div>\n\n\n\n<div class=\"wp-block-column is-layout-flow wp-block-column-is-layout-flow\"><div class=\"wp-block-image\">\n<figure class=\"aligncenter size-full\"><img decoding=\"async\" src=\"http:\/\/oenobrands.com\/wp-content\/uploads\/2023\/04\/Oenobrands-Claristar-logo-1-e1683712728273.png\" alt=\"Logo delle mannoproteine Claristar di Oenobrands\" class=\"wp-image-2449\"\/><\/figure>\n<\/div><\/div>\n<\/div>\n\n<div style=\"height:50px\" aria-hidden=\"true\" class=\"wp-block-spacer\"><\/div>\n\n<div class=\"wp-block-group\"><div class=\"wp-block-group__inner-container is-layout-constrained wp-block-group-is-layout-constrained\">\n<div class=\"wp-block-group\"><div class=\"wp-block-group__inner-container is-layout-constrained wp-block-group-is-layout-constrained\">\n<div class=\"wp-block-group\"><div class=\"wp-block-group__inner-container is-layout-constrained wp-block-group-is-layout-constrained\">\n<div class=\"wp-block-group\"><div class=\"wp-block-group__inner-container is-layout-constrained wp-block-group-is-layout-constrained\">\n<hr class=\"wp-block-separator has-text-color has-alpha-channel-opacity has-background\" style=\"background-color:#8a918e;color:#8a918e\"\/>\n<\/div><\/div>\n<\/div><\/div>\n\n\n\n<div class=\"wp-block-group\"><div class=\"wp-block-group__inner-container is-layout-constrained wp-block-group-is-layout-constrained\">\n<div class=\"wp-block-group\"><div class=\"wp-block-group__inner-container is-layout-constrained wp-block-group-is-layout-constrained\">\n<h2 class=\"wp-block-heading\"><strong>E voi, cosa ne pensate?<\/strong><\/h2>\n<\/div><\/div>\n<\/div><\/div>\n\n\n\n<div class=\"wp-block-group\"><div class=\"wp-block-group__inner-container is-layout-constrained wp-block-group-is-layout-constrained\">\n<div class=\"wp-block-group\"><div class=\"wp-block-group__inner-container is-layout-constrained wp-block-group-is-layout-constrained\">\n<p>Grazie a un team altamente qualificato di esperti in numerosi settori, Oenobrands si impegna a offrire ai produttori di vino soluzioni innovative e scientificamente valide, nonch\u00e9 a mettere in risalto le sinergie positive tra i suoi prodotti.<\/p>\n<\/div><\/div>\n\n\n\n<div class=\"wp-block-group\"><div class=\"wp-block-group__inner-container is-layout-constrained wp-block-group-is-layout-constrained\">\n<div class=\"wp-block-group\"><div class=\"wp-block-group__inner-container is-layout-constrained wp-block-group-is-layout-constrained\">\n<div class=\"wp-block-columns is-layout-flex wp-container-core-columns-is-layout-9d6595d7 wp-block-columns-is-layout-flex\">\n<div class=\"wp-block-column is-vertically-aligned-center is-layout-flow wp-block-column-is-layout-flow\">\n<div class=\"wp-block-group wp-container-content-9cfa9a5a is-content-justification-left\"><div class=\"wp-block-group__inner-container is-layout-constrained wp-container-core-group-is-layout-8c890d92 wp-block-group-is-layout-constrained\">\n<p class=\"has-text-align-left\" style=\"font-size:0.9rem;font-style:normal;font-weight:600;letter-spacing:1px;text-transform:uppercase\">Cerca la tua soluzione o il tuo prodotto<\/p>\n\n\n<form role=\"search\" method=\"get\" action=\"https:\/\/oenobrands.com\/it\/\" class=\"wp-block-search__button-outside wp-block-search__icon-button wp-block-search\"    ><label class=\"wp-block-search__label screen-reader-text\" for=\"wp-block-search__input-1\" >Cerca<\/label><div class=\"wp-block-search__inside-wrapper\"  style=\"width: 100%\"><input class=\"wp-block-search__input\" id=\"wp-block-search__input-1\" placeholder=\"\" value=\"\" type=\"search\" name=\"s\" required  style=\"border-width: 1px\"\/><button aria-label=\"Cerca\" class=\"wp-block-search__button has-icon wp-element-button\" type=\"submit\"  style=\"border-width: 1px\"><svg class=\"search-icon\" viewBox=\"0 0 24 24\" width=\"24\" height=\"24\">\n\t\t\t\t\t<path d=\"M13 5c-3.3 0-6 2.7-6 6 0 1.4.5 2.7 1.3 3.7l-3.8 3.8 1.1 1.1 3.8-3.8c1 .8 2.3 1.3 3.7 1.3 3.3 0 6-2.7 6-6S16.3 5 13 5zm0 10.5c-2.5 0-4.5-2-4.5-4.5s2-4.5 4.5-4.5 4.5 2 4.5 4.5-2 4.5-4.5 4.5z\"><\/path>\n\t\t\t\t<\/svg><\/button><\/div><\/form><\/div><\/div>\n<\/div>\n\n\n\n<div class=\"wp-block-column is-layout-flow wp-block-column-is-layout-flow\" style=\"flex-basis:3px\"><\/div>\n\n\n\n<div class=\"wp-block-column is-layout-flow wp-block-column-is-layout-flow\">\n<p class=\"has-text-align-center\">Raccontaci le tue difficolt\u00e0 e ti risponderemo<\/p>\n\n\n\n<div class=\"wp-block-buttons is-content-justification-center is-layout-flex wp-container-core-buttons-is-layout-16018d1d wp-block-buttons-is-layout-flex\">\n<div class=\"wp-block-button is-style-fill\"><a class=\"wp-block-button__link wp-element-button\" href=\"https:\/\/oenobrands.com\/contact-us\/\" target=\"_blank\" rel=\"noreferrer noopener\">contattaci<\/a><\/div>\n<\/div>\n<\/div>\n<\/div>\n<\/div><\/div>\n<\/div><\/div>\n<\/div><\/div>\n<\/div><\/div>\n<\/div><\/div>\n\n<div style=\"height:50px\" aria-hidden=\"true\" class=\"wp-block-spacer\"><\/div>\n","protected":false},"excerpt":{"rendered":"<p>Che cos\u2019\u00e8 la stabilizzazione tartarica del vino? La stabilizzazione tartarica \u00e8 una fase fondamentale [&hellip;]<\/p>\n","protected":false},"author":3,"featured_media":0,"parent":21174,"menu_order":1,"comment_status":"closed","ping_status":"closed","template":"","meta":{"_acf_changed":false,"_seopress_robots_primary_cat":"0","_seopress_titles_title":"","_seopress_titles_desc":"","_seopress_robots_index":"","footnotes":""},"class_list":["post-21322","page","type-page","status-publish"],"acf":[],"_links":{"self":[{"href":"https:\/\/oenobrands.com\/it\/wp-json\/wp\/v2\/pages\/21322","targetHints":{"allow":["GET"]}}],"collection":[{"href":"https:\/\/oenobrands.com\/it\/wp-json\/wp\/v2\/pages"}],"about":[{"href":"https:\/\/oenobrands.com\/it\/wp-json\/wp\/v2\/types\/page"}],"author":[{"embeddable":true,"href":"https:\/\/oenobrands.com\/it\/wp-json\/wp\/v2\/users\/3"}],"replies":[{"embeddable":true,"href":"https:\/\/oenobrands.com\/it\/wp-json\/wp\/v2\/comments?post=21322"}],"version-history":[{"count":0,"href":"https:\/\/oenobrands.com\/it\/wp-json\/wp\/v2\/pages\/21322\/revisions"}],"up":[{"embeddable":true,"href":"https:\/\/oenobrands.com\/it\/wp-json\/wp\/v2\/pages\/21174"}],"wp:attachment":[{"href":"https:\/\/oenobrands.com\/it\/wp-json\/wp\/v2\/media?parent=21322"}],"curies":[{"name":"wp","href":"https:\/\/api.w.org\/{rel}","templated":true}]}}