{"id":21317,"date":"2022-10-20T10:37:26","date_gmt":"2022-10-20T08:37:26","guid":{"rendered":"https:\/\/oenobrands.com\/solution-2\/filtrazione\/filtrazione-del-vino\/"},"modified":"2025-12-04T11:41:49","modified_gmt":"2025-12-04T10:41:49","slug":"filtrazione-del-vino","status":"publish","type":"page","link":"https:\/\/oenobrands.com\/it\/soluzioni\/filtrazione\/filtrazione-del-vino\/","title":{"rendered":"Filtrazione del vino"},"content":{"rendered":"\n<div style=\"height:50px\" aria-hidden=\"true\" class=\"wp-block-spacer\"><\/div>\n\n\n\n<p>Come enologi, comprendiamo che trovare la combinazione ideale di qualit\u00e0, limpidezza e stabilit\u00e0 nei nostri vini \u00e8 essenziale per offrire un\u2019esperienza di degustazione piacevole. Tuttavia, comprendere tutti gli aspetti della filtrabilit\u00e0 del vino pu\u00f2 essere difficile. <strong>Per questo motivo, in Oenobrands siamo qui per aiutarvi <\/strong>a capire il processo e presentarvi nuove soluzioni per migliorare la vostra esperienza di vinificazione. <\/p>\n\n\n\n<div style=\"height:30px\" aria-hidden=\"true\" class=\"wp-block-spacer\"><\/div>\n\n\n\n<h2 class=\"wp-block-heading\"><strong>Filtrazione del vino? Che cos\u2019\u00e8 esattamente? <\/strong><\/h2>\n\n\n\n<div style=\"height:30px\" aria-hidden=\"true\" class=\"wp-block-spacer\"><\/div>\n\n\n\n<div class=\"wp-block-columns is-layout-flex wp-container-core-columns-is-layout-9d6595d7 wp-block-columns-is-layout-flex\">\n<div class=\"wp-block-column is-layout-flow wp-block-column-is-layout-flow\">\n<p><strong>L\u2019obiettivo della filtrazione del vino \u00e8 eliminare le piccole particelle in sospensione <\/strong>(frammenti di cellule di bacche, lieviti, mucillagini, ecc.) <strong>o i colloidi <\/strong>(polisaccaridi, polifenoli, proteine e i loro aggregati) responsabili della torbidit\u00e0.<\/p>\n\n\n\n<p>I produttori di vino utilizzano diversi processi di filtrazione, come la filtrazione a cartoni, a terra o a flusso incrociato. <\/p>\n<\/div>\n\n\n\n<div class=\"wp-block-column is-layout-flow wp-block-column-is-layout-flow\" style=\"flex-basis:5%\"><\/div>\n\n\n\n<div class=\"wp-block-column is-layout-flow wp-block-column-is-layout-flow\">\n<p>Notiamo che <strong>l\u2019intasamento dei filtri, la riduzione della resa e la perdita di composti aromatici e di sapore sono ostacoli comuni riscontrati durante il processo di filtrazione.<\/strong> <\/p>\n\n\n\n<p>Inoltre, fattori come la variet\u00e0 dell\u2019uva, le condizioni di raccolta e le pratiche enologiche possono influenzare l\u2019efficacia dei metodi di filtrazione.<\/p>\n<\/div>\n<\/div>\n\n\n\n<div style=\"height:50px\" aria-hidden=\"true\" class=\"wp-block-spacer\"><\/div>\n\n\n\n<h2 class=\"wp-block-heading\"><strong><strong>Cosa aiuta nella filtrazione del vino? <\/strong> <\/strong><\/h2>\n\n\n\n<div style=\"height:30px\" aria-hidden=\"true\" class=\"wp-block-spacer\"><\/div>\n\n\n\n<div class=\"wp-block-columns is-layout-flex wp-container-core-columns-is-layout-9d6595d7 wp-block-columns-is-layout-flex\">\n<div class=\"wp-block-column is-layout-flow wp-block-column-is-layout-flow\">\n<p>Per facilitare il processo, <strong>diversi sistemi possono essere utilizzati in serie,<\/strong> iniziando con la filtrazione delle particelle pi\u00f9 grandi e aumentando poi la soglia di ritenzione. <strong>Sono disponibili diversi tipi di filtri,<\/strong> a seconda della fase in cui vengono impiegati, dai filtri a pressa principalmente per la filtrazione delle fecce fino ai filtri tangenziali e a cartuccia per la finitura del vino e la sterilizzazione prima dell\u2019imbottigliamento.<\/p>\n<\/div>\n\n\n\n<div class=\"wp-block-column is-layout-flow wp-block-column-is-layout-flow\" style=\"flex-basis:5%\"><\/div>\n\n\n\n<div class=\"wp-block-column is-layout-flow wp-block-column-is-layout-flow\">\n<p class=\"has-white-color has-text-color has-background has-link-color wp-elements-3165407442c523e37662ec4c7b56be9b\" style=\"background-color:#8a918e\">Per verificare la filtrabilit\u00e0 del vino, nelle cantine vengono ampiamente utilizzati diversi indici standardizzati: il clogging index (C.I.), il filtro di filtrabilit\u00e0 (FI) e i test Vmax.<\/p>\n<\/div>\n<\/div>\n\n\n\n<div style=\"height:50px\" aria-hidden=\"true\" class=\"wp-block-spacer\"><\/div>\n\n\n\n<h2 class=\"wp-block-heading\"><strong>Come possiamo facilitare e velocizzare la filtrazione?<\/strong><\/h2>\n\n\n\n<div style=\"height:30px\" aria-hidden=\"true\" class=\"wp-block-spacer\"><\/div>\n\n\n\n<p>Oenobrands offre due soluzioni enzimatiche innovative, <strong>Rapidase Vinofast e Rapidase GlucanFree<\/strong>, per affrontare le sfide della filtrazione in enologia, in particolare quando si lavora con composizioni d\u2019uva complesse o vini difficili da trattare.<\/p>\n\n\n\n<div class=\"wp-block-columns is-layout-flex wp-container-core-columns-is-layout-9d6595d7 wp-block-columns-is-layout-flex\">\n<div class=\"wp-block-column has-background is-layout-flow wp-block-column-is-layout-flow\" style=\"background-color:#f7f7f7\">\n<p><strong>Rapidase Vinofast <\/strong>\u00e8 progettato per mirare e idrolizzare i polisaccaridi che influiscono negativamente sulla chiarifica e sulla filtrazione del vino. <\/p>\n\n\n\n<p>Questa preparazione enzimatica liquida contiene attivit\u00e0 pectolitiche come poligalatturonasi, \u03b1-N-arabinofuranosidasi e cellulasi, insieme alla \u03b2-glucanasi. Facilita la chiarificazione del vino riducendo il tempo e la quantit\u00e0 di coadiuvante necessari. Inoltre, <strong>Rapidase VinoFast <\/strong>facilita la filtrazione riducendo al minimo i problemi di intasamento del vino, garantendone al contempo la qualit\u00e0.   <\/p>\n\n\n\n<figure class=\"wp-block-image size-full zoooom\"><img alt=\"\" loading=\"lazy\" decoding=\"async\" width=\"607\" height=\"376\" src=\"https:\/\/oenobrands.com\/wp-content\/uploads\/2025\/12\/IT-solution-filtration-rapidase-VinoFast.png\" alt=\"\" class=\"wp-image-22591\" srcset=\"https:\/\/oenobrands.com\/wp-content\/uploads\/2025\/12\/IT-solution-filtration-rapidase-VinoFast.png 607w, https:\/\/oenobrands.com\/wp-content\/uploads\/2025\/12\/IT-solution-filtration-rapidase-VinoFast-300x186.png 300w\" sizes=\"auto, (max-width: 607px) 100vw, 607px\" \/><\/figure>\n\n\n\n<p class=\"has-small-font-size\">Flusso di filtrazione in un vino rosso ibrido sottoposto a termoflashing difficoltoso, con 2,2 mL\/hL di Rapidase VinoFast. Tempo di contatto di 18 giorni a 18 \u00b0C (Canada). <\/p>\n\n\n\n<div style=\"height:50px\" aria-hidden=\"true\" class=\"wp-block-spacer\"><\/div>\n\n\n\n<div class=\"wp-block-buttons is-content-justification-center is-layout-flex wp-container-core-buttons-is-layout-5e6b19ed wp-block-buttons-is-layout-flex\">\n<div class=\"wp-block-button\"><a class=\"wp-block-button__link has-black-color has-text-color has-background wp-element-button\" href=\"https:\/\/oenobrands.com\/product\/enzyme\/rapidase\/rapidase-vinofast\/\" style=\"background-color:#8181a5\">Rapidase VinoFast<\/a><\/div>\n<\/div>\n<\/div>\n\n\n\n<div class=\"wp-block-column is-layout-flow wp-block-column-is-layout-flow\" style=\"flex-basis:2%\"><\/div>\n\n\n\n<div class=\"wp-block-column has-background is-layout-flow wp-block-column-is-layout-flow\" style=\"background-color:#f7f7f7\">\n<p><strong>Rapidase GlucanFree <\/strong>\u00e8 un&#8217;altra opzione enzimatica per i produttori di vino che devono affrontare sfide di filtrazione, in particolare quando si ha a che fare con un elevato contenuto di glucani nell&#8217;uva. <\/p>\n\n\n\n<p>Questo preparato enzimatico liquido contiene cellulasi e \u03b2-D-glucanasi, che scompongono efficacemente i glucani e migliorano la filtrabilit\u00e0 del vino. Riducendo la presenza di glucani nel vino, <strong>Rapidase GlucanFree<\/strong> contribuisce a minimizzare i problemi di filtrazione e garantisce un processo di filtrazione pi\u00f9 fluido. <\/p>\n\n\n\n<figure class=\"wp-block-image size-full zoooom\"><img alt=\"\" loading=\"lazy\" decoding=\"async\" width=\"616\" height=\"462\" src=\"https:\/\/oenobrands.com\/wp-content\/uploads\/2025\/12\/IT-solution-filtration-rapidase-GlucanFree.png\" alt=\"\" class=\"wp-image-22595\" srcset=\"https:\/\/oenobrands.com\/wp-content\/uploads\/2025\/12\/IT-solution-filtration-rapidase-GlucanFree.png 616w, https:\/\/oenobrands.com\/wp-content\/uploads\/2025\/12\/IT-solution-filtration-rapidase-GlucanFree-300x225.png 300w\" sizes=\"auto, (max-width: 616px) 100vw, 616px\" \/><\/figure>\n\n\n\n<p class=\"has-small-font-size\">Tempi in secondi per il calcolo dell&#8217;indice di filtrazione. Membrana filtrante \u00d8 = 0,65 \u00b5m. Succo affetto da <em>Botrytis cinerea<\/em> trattato con Rapidase GlucanFree a 3 mL\/hL (ISMA, Italia, 2024).  <\/p>\n\n\n\n<div style=\"height:69px\" aria-hidden=\"true\" class=\"wp-block-spacer\"><\/div>\n\n\n\n<div class=\"wp-block-buttons is-content-justification-center is-layout-flex wp-container-core-buttons-is-layout-5e6b19ed wp-block-buttons-is-layout-flex\">\n<div class=\"wp-block-button\"><a class=\"wp-block-button__link has-black-color has-text-color has-background wp-element-button\" href=\"https:\/\/oenobrands.com\/product\/enzyme\/rapidase\/rapidase-glucan-free\/\" style=\"background-color:#69dbc8\">Rapidase GlucanFree<\/a><\/div>\n<\/div>\n<\/div>\n<\/div>\n\n\n\n<div style=\"height:50px\" aria-hidden=\"true\" class=\"wp-block-spacer\"><\/div>\n\n\n\n<div class=\"wp-block-columns is-layout-flex wp-container-core-columns-is-layout-9d6595d7 wp-block-columns-is-layout-flex\">\n<div class=\"wp-block-column is-vertically-aligned-center is-layout-flow wp-block-column-is-layout-flow\" style=\"flex-basis:30%\">\n<h1 class=\"wp-block-heading has-text-color has-large-font-size\" style=\"color:#545859\">Scopri la gamma RAPIDASE<\/h1>\n\n\n\n<div style=\"height:20px\" aria-hidden=\"true\" class=\"wp-block-spacer\"><\/div>\n\n\n\n<div class=\"wp-block-buttons is-content-justification-left is-layout-flex wp-container-core-buttons-is-layout-fdcfc74e wp-block-buttons-is-layout-flex\">\n<div class=\"wp-block-button\"><a class=\"wp-block-button__link has-background wp-element-button\" href=\"https:\/\/oenobrands.com\/product\/enzyme\/rapidase\/\" style=\"background-color:#545859\" target=\"_blank\" rel=\"noreferrer noopener\">RAPIDASE<\/a><\/div>\n<\/div>\n<\/div>\n\n\n\n<div class=\"wp-block-column is-vertically-aligned-top is-layout-flow wp-block-column-is-layout-flow\" style=\"flex-basis:10%\"><\/div>\n\n\n\n<div class=\"wp-block-column is-vertically-aligned-top is-layout-flow wp-block-column-is-layout-flow\">\n<figure class=\"wp-block-image size-full\"><img decoding=\"async\" src=\"http:\/\/oenobrands.com\/wp-content\/uploads\/2023\/05\/OENOBRANDS-Rapidase-bandeau.png\" alt=\"OENOBRANDS-Rapidase-banner\" class=\"wp-image-4529\"\/><\/figure>\n<\/div>\n<\/div>\n\n\n\n<div style=\"height:50px\" aria-hidden=\"true\" class=\"wp-block-spacer\"><\/div>\n\n\n\n<div class=\"wp-block-group\"><div class=\"wp-block-group__inner-container is-layout-constrained wp-block-group-is-layout-constrained\">\n<div class=\"wp-block-group\"><div class=\"wp-block-group__inner-container is-layout-constrained wp-block-group-is-layout-constrained\">\n<div class=\"wp-block-group\"><div class=\"wp-block-group__inner-container is-layout-constrained wp-block-group-is-layout-constrained\">\n<hr class=\"wp-block-separator has-text-color has-alpha-channel-opacity has-background\" style=\"background-color:#8a918e;color:#8a918e\"\/>\n<\/div><\/div>\n<\/div><\/div>\n\n\n\n<div class=\"wp-block-group\"><div class=\"wp-block-group__inner-container is-layout-constrained wp-block-group-is-layout-constrained\">\n<div class=\"wp-block-group\"><div class=\"wp-block-group__inner-container is-layout-constrained wp-block-group-is-layout-constrained\">\n<h2 class=\"wp-block-heading\"><strong>E voi, cosa ne pensate?<\/strong><\/h2>\n<\/div><\/div>\n<\/div><\/div>\n\n\n\n<div class=\"wp-block-group\"><div class=\"wp-block-group__inner-container is-layout-constrained wp-block-group-is-layout-constrained\">\n<div class=\"wp-block-group\"><div class=\"wp-block-group__inner-container is-layout-constrained wp-block-group-is-layout-constrained\">\n<p>Grazie a un team altamente qualificato di esperti in numerosi settori, Oenobrands si impegna a offrire ai produttori di vino soluzioni innovative e scientificamente valide, nonch\u00e9 a mettere in risalto le sinergie positive tra i suoi prodotti.<\/p>\n<\/div><\/div>\n\n\n\n<div class=\"wp-block-group\"><div class=\"wp-block-group__inner-container is-layout-constrained wp-block-group-is-layout-constrained\">\n<div class=\"wp-block-group\"><div class=\"wp-block-group__inner-container is-layout-constrained wp-block-group-is-layout-constrained\">\n<div class=\"wp-block-columns is-layout-flex wp-container-core-columns-is-layout-9d6595d7 wp-block-columns-is-layout-flex\">\n<div class=\"wp-block-column is-vertically-aligned-center is-layout-flow wp-block-column-is-layout-flow\">\n<div class=\"wp-block-group wp-container-content-9cfa9a5a is-content-justification-left\"><div class=\"wp-block-group__inner-container is-layout-constrained wp-container-core-group-is-layout-8c890d92 wp-block-group-is-layout-constrained\">\n<p class=\"has-text-align-left\" style=\"font-size:0.9rem;font-style:normal;font-weight:600;letter-spacing:1px;text-transform:uppercase\">Cerca la tua soluzione o il tuo prodotto<\/p>\n\n\n<form role=\"search\" method=\"get\" action=\"https:\/\/oenobrands.com\/it\/\" class=\"wp-block-search__button-outside wp-block-search__icon-button wp-block-search\"    ><label class=\"wp-block-search__label screen-reader-text\" for=\"wp-block-search__input-1\" >Cerca<\/label><div class=\"wp-block-search__inside-wrapper\"  style=\"width: 100%\"><input class=\"wp-block-search__input\" id=\"wp-block-search__input-1\" placeholder=\"\" value=\"\" type=\"search\" name=\"s\" required  style=\"border-width: 1px\"\/><button aria-label=\"Cerca\" class=\"wp-block-search__button has-icon wp-element-button\" type=\"submit\"  style=\"border-width: 1px\"><svg class=\"search-icon\" viewBox=\"0 0 24 24\" width=\"24\" height=\"24\">\n\t\t\t\t\t<path d=\"M13 5c-3.3 0-6 2.7-6 6 0 1.4.5 2.7 1.3 3.7l-3.8 3.8 1.1 1.1 3.8-3.8c1 .8 2.3 1.3 3.7 1.3 3.3 0 6-2.7 6-6S16.3 5 13 5zm0 10.5c-2.5 0-4.5-2-4.5-4.5s2-4.5 4.5-4.5 4.5 2 4.5 4.5-2 4.5-4.5 4.5z\"><\/path>\n\t\t\t\t<\/svg><\/button><\/div><\/form><\/div><\/div>\n<\/div>\n\n\n\n<div class=\"wp-block-column is-layout-flow wp-block-column-is-layout-flow\" style=\"flex-basis:3px\"><\/div>\n\n\n\n<div class=\"wp-block-column is-layout-flow wp-block-column-is-layout-flow\">\n<p class=\"has-text-align-center\">Raccontaci le tue difficolt\u00e0 e ti risponderemo<\/p>\n\n\n\n<div class=\"wp-block-buttons is-content-justification-center is-layout-flex wp-container-core-buttons-is-layout-16018d1d wp-block-buttons-is-layout-flex\">\n<div class=\"wp-block-button is-style-fill\"><a class=\"wp-block-button__link wp-element-button\" href=\"https:\/\/oenobrands.com\/contact-us\/\" target=\"_blank\" rel=\"noreferrer noopener\">contattaci<\/a><\/div>\n<\/div>\n<\/div>\n<\/div>\n<\/div><\/div>\n<\/div><\/div>\n<\/div><\/div>\n<\/div><\/div>\n\n\n\n<div style=\"height:50px\" aria-hidden=\"true\" class=\"wp-block-spacer\"><\/div>\n","protected":false},"excerpt":{"rendered":"<p>Come enologi, comprendiamo che trovare la combinazione ideale di qualit\u00e0, limpidezza e stabilit\u00e0 nei [&hellip;]<\/p>\n","protected":false},"author":3,"featured_media":0,"parent":21172,"menu_order":1,"comment_status":"closed","ping_status":"closed","template":"","meta":{"_acf_changed":false,"_seopress_robots_primary_cat":"0","_seopress_titles_title":"","_seopress_titles_desc":"","_seopress_robots_index":"","footnotes":""},"class_list":["post-21317","page","type-page","status-publish"],"acf":[],"_links":{"self":[{"href":"https:\/\/oenobrands.com\/it\/wp-json\/wp\/v2\/pages\/21317","targetHints":{"allow":["GET"]}}],"collection":[{"href":"https:\/\/oenobrands.com\/it\/wp-json\/wp\/v2\/pages"}],"about":[{"href":"https:\/\/oenobrands.com\/it\/wp-json\/wp\/v2\/types\/page"}],"author":[{"embeddable":true,"href":"https:\/\/oenobrands.com\/it\/wp-json\/wp\/v2\/users\/3"}],"replies":[{"embeddable":true,"href":"https:\/\/oenobrands.com\/it\/wp-json\/wp\/v2\/comments?post=21317"}],"version-history":[{"count":0,"href":"https:\/\/oenobrands.com\/it\/wp-json\/wp\/v2\/pages\/21317\/revisions"}],"up":[{"embeddable":true,"href":"https:\/\/oenobrands.com\/it\/wp-json\/wp\/v2\/pages\/21172"}],"wp:attachment":[{"href":"https:\/\/oenobrands.com\/it\/wp-json\/wp\/v2\/media?parent=21317"}],"curies":[{"name":"wp","href":"https:\/\/api.w.org\/{rel}","templated":true}]}}