{"id":21193,"date":"2025-06-13T21:43:01","date_gmt":"2025-06-13T19:43:01","guid":{"rendered":"https:\/\/oenobrands.com\/anchor-yeast\/"},"modified":"2025-11-26T14:19:02","modified_gmt":"2025-11-26T13:19:02","slug":"anchor-yeast","status":"publish","type":"page","link":"https:\/\/oenobrands.com\/it\/anchor-yeast\/","title":{"rendered":"ANCHOR Yeast"},"content":{"rendered":"\n<div style=\"height:50px\" aria-hidden=\"true\" class=\"wp-block-spacer\"><\/div>\n<div class=\"wp-block-image\">\n<figure class=\"aligncenter size-full\"><img alt=\"\" loading=\"lazy\" decoding=\"async\" width=\"1381\" height=\"216\" src=\"http:\/\/oenobrands.com\/wp-content\/uploads\/2024\/10\/produit-anchor-levure-banner-FR.png\" alt=\"\" class=\"wp-image-15064\" srcset=\"https:\/\/oenobrands.com\/wp-content\/uploads\/2024\/10\/produit-anchor-levure-banner-FR.png 1381w, https:\/\/oenobrands.com\/wp-content\/uploads\/2024\/10\/produit-anchor-levure-banner-FR-300x47.png 300w, https:\/\/oenobrands.com\/wp-content\/uploads\/2024\/10\/produit-anchor-levure-banner-FR-1024x160.png 1024w, https:\/\/oenobrands.com\/wp-content\/uploads\/2024\/10\/produit-anchor-levure-banner-FR-768x120.png 768w\" sizes=\"auto, (max-width: 1381px) 100vw, 1381px\" \/><\/figure>\n<\/div>\n<div style=\"height:50px\" aria-hidden=\"true\" class=\"wp-block-spacer\"><\/div>\n\n<h2 class=\"wp-block-heading\"><strong>Dedicati all\u2019Eccellenza della Fermentazione<\/strong><\/h2>\n\n<p>Da molti anni, <strong>Anchor \u00e8 all\u2019avanguardia dell\u2019evoluzione<\/strong>, adattandosi e cambiando per rispondere alle esigenze e ai requisiti degli enologi di tutto il mondo.<\/p>\n\n<p>Dalla creazione del primo ibrido di lievito per il vino al mondo con <strong>VIN 13<\/strong>, all\u2019ampliamento del nostro portafoglio per includere molti nuovi prodotti, il che ci ha portati a passare da <strong>Anchor Yeast <\/strong>a <strong>Anchor Oenology.<\/strong> Con <strong>Anchor Oenology,<\/strong> siamo orgogliosi di offrirvi una gamma di soluzioni di fermentazione che comprende lieviti, nutrienti e batteri.<\/p>\n\n<p>Nel nostro portafoglio di lieviti, ci impegniamo a proporre un numero limitato ma mirato di prodotti, rispondendo non solo alla necessit\u00e0 di robustezza, ma anche a quella di ceppi di lievito capaci di aiutare gli enologi a <strong>creare un profilo sensoriale specifico nel vino finale.<\/strong> Che si tratti di ceppi classici, ibridi, miscele di lieviti o del primo ibrido interspecie commerciale al mondo, abbiamo una soluzione per ogni enologo.<\/p>\n\n<div style=\"height:50px\" aria-hidden=\"true\" class=\"wp-block-spacer\"><\/div>\n\n<h2 class=\"wp-block-heading\"><strong>Il 2023 ha segnato il centenario di Anchor Yeast.<\/strong><div class=\"flex-shrink-0 flex flex-col relative items-end\"><div class=\"pt-0\"><div class=\"gizmo-bot-avatar flex h-8 w-8 items-center justify-center overflow-hidden rounded-full\"><div class=\"relative p-1 rounded-sm flex items-center justify-center bg-token-main-surface-primary text-token-text-primary h-8 w-8\"><svg xmlns=\"http:\/\/www.w3.org\/2000\/svg\" width=\"41\" height=\"41\" viewbox=\"0 0 41 41\" fill=\"none\" class=\"icon-md\" role=\"img\"><text x=\"-9999\" y=\"-9999\"><\/text><\/svg><\/div><\/div><\/div><\/div><\/h2>\n\n<p>Come sostenitori di Anchor e dei nostri prodotti, significa che avete condiviso con noi un percorso in cui, insieme, abbiamo raggiunto numerose tappe importanti:<\/p>\n\n<ul class=\"wp-block-list\">\n<li>Premi\u00e8re entreprise de l&#8217;h\u00e9misph\u00e8re Sud \u00e0 produire de la levure.<\/li>\n\n\n\n<li>47 anni da quando l\u2019industria vinicola sudafricana ha utilizzato per la prima volta il lievito da vino Anchor prodotto commercialmente.<\/li>\n\n\n\n<li>18 anni da quando i lieviti <strong>Anchor<\/strong> sono disponibili nell\u2019industria vinicola internazionale.<\/li>\n\n\n\n<li><strong>Legacy VIN 13<\/strong>, il primo lievito ibrido per il vino, celebra quest\u2019anno i suoi 31 anni.<\/li>\n\n\n\n<li><strong>Exotics Mosaic<\/strong>, il primo ibrido interspecie, celebra 12 anni di produzione vinicola iconica.<\/li>\n<\/ul>\n\n<hr class=\"wp-block-separator has-alpha-channel-opacity\"\/>\n<div class=\"wp-block-image is-style-default\">\n<figure class=\"aligncenter size-full is-resized\"><img alt=\"\" loading=\"lazy\" decoding=\"async\" width=\"2775\" height=\"1330\" src=\"http:\/\/oenobrands.com\/wp-content\/uploads\/2024\/10\/produit-anchor-levure-fermentation-alcoolique-FR.png\" alt=\"\" class=\"wp-image-15067\" style=\"width:600px\" srcset=\"https:\/\/oenobrands.com\/wp-content\/uploads\/2024\/10\/produit-anchor-levure-fermentation-alcoolique-FR.png 2775w, https:\/\/oenobrands.com\/wp-content\/uploads\/2024\/10\/produit-anchor-levure-fermentation-alcoolique-FR-300x144.png 300w, https:\/\/oenobrands.com\/wp-content\/uploads\/2024\/10\/produit-anchor-levure-fermentation-alcoolique-FR-1024x491.png 1024w, https:\/\/oenobrands.com\/wp-content\/uploads\/2024\/10\/produit-anchor-levure-fermentation-alcoolique-FR-768x368.png 768w, https:\/\/oenobrands.com\/wp-content\/uploads\/2024\/10\/produit-anchor-levure-fermentation-alcoolique-FR-1536x736.png 1536w, https:\/\/oenobrands.com\/wp-content\/uploads\/2024\/10\/produit-anchor-levure-fermentation-alcoolique-FR-2048x982.png 2048w\" sizes=\"auto, (max-width: 2775px) 100vw, 2775px\" \/><\/figure>\n<\/div>\n<div style=\"height:50px\" aria-hidden=\"true\" class=\"wp-block-spacer\"><\/div>\n\n<h2 class=\"wp-block-heading has-text-color\" style=\"color:#00205c\">EXOTICS: Primi lieviti da vino ibridi interspecie<\/h2>\n\n<div class=\"wp-block-media-text alignwide is-stacked-on-mobile\" style=\"grid-template-columns:35% auto\"><figure class=\"wp-block-media-text__media\"><img loading=\"lazy\" decoding=\"async\" width=\"450\" height=\"250\" src=\"http:\/\/oenobrands.com\/wp-content\/uploads\/2023\/04\/Anchor-yeast-exotics.png\" alt=\"Anchor-yeast-exotics\" class=\"wp-image-2208 size-full\" srcset=\"https:\/\/oenobrands.com\/wp-content\/uploads\/2023\/04\/Anchor-yeast-exotics.png 450w, https:\/\/oenobrands.com\/wp-content\/uploads\/2023\/04\/Anchor-yeast-exotics-300x167.png 300w\" sizes=\"auto, (max-width: 450px) 100vw, 450px\" \/><\/figure><div class=\"wp-block-media-text__content\">\n<p>Il nome <strong>Exotics<\/strong> si riferisce ora a una gamma di prodotti che rappresentano lieviti ibridi interspecie unici per la creazione di vini iconici. La gamma <strong>Exotics <\/strong>consente di produrre vini complessi, eleganti e morbidi della massima qualit\u00e0. Questi ibridi sono stati creati per arricchire la complessit\u00e0 sensoriale, simile a quella dei lieviti non-<em>Saccharomyces,<\/em> ma con la robustezza necessaria per portare a termine la fermentazione.<\/p>\n<\/div><\/div>\n\n<h2 class=\"wp-block-heading has-text-color\" style=\"color:#00205c\">ALCHIMIA: I primi lieviti da vino derivati \u200b\u200bda una miscela formulata scientificamente<\/h2>\n\n<div class=\"wp-block-media-text alignwide is-stacked-on-mobile\" style=\"grid-template-columns:35% auto\"><figure class=\"wp-block-media-text__media\"><img loading=\"lazy\" decoding=\"async\" width=\"450\" height=\"250\" src=\"http:\/\/oenobrands.com\/wp-content\/uploads\/2023\/04\/Anchor-yeast-alchemy.png\" alt=\"Anchor-yeast-alchemy\" class=\"wp-image-2206 size-full\" srcset=\"https:\/\/oenobrands.com\/wp-content\/uploads\/2023\/04\/Anchor-yeast-alchemy.png 450w, https:\/\/oenobrands.com\/wp-content\/uploads\/2023\/04\/Anchor-yeast-alchemy-300x167.png 300w\" sizes=\"auto, (max-width: 450px) 100vw, 450px\" \/><\/figure><div class=\"wp-block-media-text__content\">\n<p>Per aumentare la complessit\u00e0 dei vini, \u00e8 stata sviluppata la gamma <strong>Alchemy <\/strong>basata sull&#8217;interazione sinergica tra diversi ceppi di lievito. Questo portafoglio prodotti soddisfa le esigenze di produzione dei vini bianchi, rosati e rossi, offrendo maggiore <strong>raffinatezza <\/strong>e <strong>complessit\u00e0<\/strong>, nonch\u00e9 maggiore consistenza e volume al palato, oltre a una migliore intensit\u00e0 aromatica.<\/p>\n<\/div><\/div>\n\n<h2 class=\"wp-block-heading has-text-color\" style=\"color:#00205c\">LEGACY: I primi lieviti ibridi per la vinificazione<\/h2>\n\n<div class=\"wp-block-media-text alignwide is-stacked-on-mobile\" style=\"grid-template-columns:35% auto\"><figure class=\"wp-block-media-text__media\"><img loading=\"lazy\" decoding=\"async\" width=\"450\" height=\"250\" src=\"http:\/\/oenobrands.com\/wp-content\/uploads\/2023\/04\/Anchor-yeast-legacy.png\" alt=\"Anchor-yeast-legacy\" class=\"wp-image-2204 size-full\" srcset=\"https:\/\/oenobrands.com\/wp-content\/uploads\/2023\/04\/Anchor-yeast-legacy.png 450w, https:\/\/oenobrands.com\/wp-content\/uploads\/2023\/04\/Anchor-yeast-legacy-300x167.png 300w\" sizes=\"auto, (max-width: 450px) 100vw, 450px\" \/><\/figure><div class=\"wp-block-media-text__content\">\n<p>I ceppi di lievito della gamma <strong>Legacy i<\/strong>ncludono i pi\u00f9 noti isolati e ibridi. Sono tutti ceppi robusti, in grado di <strong>tollerare<\/strong> un\u2019ampia gamma di variazioni di temperatura e alcol, garantendo fermentazioni complete e affidabili. Inoltre, questi ceppi producono vini bianchi, rosati e rossi <strong>molto aromatici.<\/strong><\/p>\n<\/div><\/div>\n\n<div style=\"height:50px\" aria-hidden=\"true\" class=\"wp-block-spacer\"><\/div>\n\n<div class=\"wp-block-columns is-layout-flex wp-container-core-columns-is-layout-9d6595d7 wp-block-columns-is-layout-flex\">\n<div class=\"wp-block-column is-layout-flow wp-block-column-is-layout-flow\">\n<h2 class=\"wp-block-heading has-text-align-center\"><strong>Trova il tuo lievito Anchor<\/strong><\/h2>\n\n\n\n<div class=\"wp-block-buttons is-content-justification-center is-layout-flex wp-container-core-buttons-is-layout-16018d1d wp-block-buttons-is-layout-flex\">\n<div class=\"wp-block-button\"><a class=\"wp-block-button__link wp-element-button\" href=\"https:\/\/oenobrands.com\/fr\/produit\/levure\/choix-des-levures-anchor\/\" target=\"_blank\" rel=\"noreferrer noopener\">Selezione del lievito di ancoraggio<\/a><\/div>\n<\/div>\n\n\n\n<div style=\"height:50px\" aria-hidden=\"true\" class=\"wp-block-spacer\"><\/div>\n<\/div>\n\n\n\n<div class=\"wp-block-column is-layout-flow wp-block-column-is-layout-flow\" style=\"flex-basis:5px\"><\/div>\n\n\n\n<div class=\"wp-block-column is-layout-flow wp-block-column-is-layout-flow\">\n<h2 class=\"wp-block-heading has-text-align-center\"><strong>Scopri di pi\u00f9 sulla produzione di lievito<\/strong><\/h2>\n\n\n\n<div class=\"wp-block-buttons is-content-justification-center is-layout-flex wp-container-core-buttons-is-layout-16018d1d wp-block-buttons-is-layout-flex\">\n<div class=\"wp-block-button\"><a class=\"wp-block-button__link wp-element-button\" href=\"https:\/\/oenobrands.com\/fr\/production-de-levures\/\" target=\"_blank\" rel=\"noreferrer noopener\">Produzione di lievito<\/a><\/div>\n<\/div>\n\n\n\n<div style=\"height:30px\" aria-hidden=\"true\" class=\"wp-block-spacer\"><\/div>\n<\/div>\n<\/div>\n\n<h2 class=\"wp-block-heading\"><strong>Scopri la nostra gamma di lieviti Anchor:<\/strong><\/h2>\n\n<div style=\"height:50px\" aria-hidden=\"true\" class=\"wp-block-spacer\"><\/div>\n","protected":false},"excerpt":{"rendered":"<p>Dedicati all\u2019Eccellenza della Fermentazione Da molti anni, Anchor \u00e8 all\u2019avanguardia dell\u2019evoluzione, adattandosi e cambiando [&hellip;]<\/p>\n","protected":false},"author":3,"featured_media":20938,"parent":0,"menu_order":2,"comment_status":"closed","ping_status":"closed","template":"page-premier-products-list.php","meta":{"_acf_changed":false,"_seopress_robots_primary_cat":"0","_seopress_titles_title":"","_seopress_titles_desc":"","_seopress_robots_index":"","footnotes":""},"class_list":["post-21193","page","type-page","status-publish","has-post-thumbnail"],"acf":[],"_links":{"self":[{"href":"https:\/\/oenobrands.com\/it\/wp-json\/wp\/v2\/pages\/21193","targetHints":{"allow":["GET"]}}],"collection":[{"href":"https:\/\/oenobrands.com\/it\/wp-json\/wp\/v2\/pages"}],"about":[{"href":"https:\/\/oenobrands.com\/it\/wp-json\/wp\/v2\/types\/page"}],"author":[{"embeddable":true,"href":"https:\/\/oenobrands.com\/it\/wp-json\/wp\/v2\/users\/3"}],"replies":[{"embeddable":true,"href":"https:\/\/oenobrands.com\/it\/wp-json\/wp\/v2\/comments?post=21193"}],"version-history":[{"count":0,"href":"https:\/\/oenobrands.com\/it\/wp-json\/wp\/v2\/pages\/21193\/revisions"}],"wp:featuredmedia":[{"embeddable":true,"href":"https:\/\/oenobrands.com\/it\/wp-json\/wp\/v2\/media\/20938"}],"wp:attachment":[{"href":"https:\/\/oenobrands.com\/it\/wp-json\/wp\/v2\/media?parent=21193"}],"curies":[{"name":"wp","href":"https:\/\/api.w.org\/{rel}","templated":true}]}}