{"id":21049,"date":"2022-10-19T23:06:58","date_gmt":"2022-10-19T21:06:58","guid":{"rendered":"https:\/\/oenobrands.com\/solution-2\/fasi-pre-fermentative\/grape-pressing\/"},"modified":"2025-12-04T11:27:26","modified_gmt":"2025-12-04T10:27:26","slug":"grape-pressing","status":"publish","type":"page","link":"https:\/\/oenobrands.com\/it\/soluzioni\/fasi-pre-fermentative\/grape-pressing\/","title":{"rendered":"Pressatura dell&#8217;uva"},"content":{"rendered":"\n<div style=\"height:50px\" aria-hidden=\"true\" class=\"wp-block-spacer\"><\/div>\n\n\n\n<p>La pressatura dell\u2019uva \u00e8 una fase importante del processo di vinificazione perch\u00e9 estrae il succo dalle uve che verr\u00e0 fermentato per produrre vini bianchi e rosati.<strong>. Poich\u00e9 la fase di pressatura influisce in modo significativo sulla qualit\u00e0 e sul carattere del vino finito, i vinificatori devono conoscere le migliori procedure per la pressatura dell\u2019uva.<\/strong><\/p>\n\n\n\n<div style=\"height:50px\" aria-hidden=\"true\" class=\"wp-block-spacer\"><\/div>\n\n\n\n<div class=\"wp-block-columns is-layout-flex wp-container-core-columns-is-layout-9d6595d7 wp-block-columns-is-layout-flex\">\n<div class=\"wp-block-column has-background is-layout-flow wp-block-column-is-layout-flow\" style=\"background-color:#f1f1f1\">\n<h2 class=\"wp-block-heading\"><strong>Perch\u00e9 gli enzimi migliorano la pressatura?<\/strong><\/h2>\n\n\n\n<div style=\"height:30px\" aria-hidden=\"true\" class=\"wp-block-spacer\"><\/div>\n\n\n\n<p>I polisaccaridi pectinici delle pareti cellulari dell\u2019epidermide della buccia dell\u2019acino e degli strati cellulari immediatamente sottostanti servono a mantenere l\u2019integrit\u00e0 e la continuit\u00e0 del tessuto vegetale. <strong>La loro struttura molecolare conferisce propriet\u00e0 chimiche e fisiche adatte allo scopo, come capacit\u00e0 di trattenere l\u2019acqua e formazione di gel.<\/strong> Tutte queste caratteristiche costituiscono ostacoli durante la lavorazione delle uve bianche, nelle fasi di estrazione pre-fermentativa e di chiarifica del mosto, e nella diffusione dei composti aromatici e dei loro precursori nel mosto. <\/p>\n\n\n\n<p>Le pectine sono costituite essenzialmente da catene principali chiamate omogalatturonani, rhamnogalatturonani, arabinani e arabinogalattani, presenti soprattutto nelle uve considerate difficili da lavorare, come il Moscato. <strong>L\u2019azione di un insieme equilibrato di diverse attivit\u00e0 enzimatiche \u00e8 necessaria per degradare la loro struttura particolarmente complessa.<\/strong><\/p>\n<\/div>\n\n\n\n<div class=\"wp-block-column is-layout-flow wp-block-column-is-layout-flow\" style=\"flex-basis:1%\"><\/div>\n\n\n\n<div class=\"wp-block-column has-background is-layout-flow wp-block-column-is-layout-flow\" style=\"background-color:#f1f1f1\">\n<h2 class=\"wp-block-heading\"><strong>In che modo gli enzimi Rapidase possono aiutare nella pressatura?<\/strong><\/h2>\n\n\n\n<div style=\"height:30px\" aria-hidden=\"true\" class=\"wp-block-spacer\"><\/div>\n\n\n\n<p>Qualche anno fa, noi di Oenobrands abbiamo sviluppato<strong> Rapidase<sup>\u00ae<\/sup> Extra Press<\/strong>, una preparazione enzimatica adatta <strong>a migliorare la liberazione del succo dalle uve indebolendo le bucce<\/strong>. <strong>Il suo utilizzo aumenta le rese in succo e permette cicli di pressatura pi\u00f9 rapidi, preservando il mosto dall\u2019ossidazione.<\/strong> <\/p>\n\n\n\n<p>Per la chiarifica, oltre alle attivit\u00e0 pectolitiche (pectina liasi, poligalatturonasi e pectina metilesterasi), <strong>Rapidase Extra Press <\/strong>contiene attivit\u00e0 in grado di idrolizzare sia le catene degli omogalatturonani sia le catene laterali (arabinani e arabinogalattani). <strong>Le attivit\u00e0 di cellulasi e emicellulasi sono mantenute a livelli bassi per evitare un\u2019eccessiva macerazione delle bucce e la formazione di un eccesso di particelle solide in sospensione difficili da rimuovere.<\/strong><\/p>\n<\/div>\n<\/div>\n\n\n\n<div style=\"height:30px\" aria-hidden=\"true\" class=\"wp-block-spacer\"><\/div>\n\n\n\n<div class=\"wp-block-buttons is-content-justification-center is-layout-flex wp-container-core-buttons-is-layout-16018d1d wp-block-buttons-is-layout-flex\">\n<div class=\"wp-block-button\"><a class=\"wp-block-button__link has-white-color has-text-color has-background wp-element-button\" href=\"https:\/\/oenobrands.com\/product\/enzyme\/rapidase\/extra-press\/<br\/&gt;<br\/&gt;<div style=&quot;all: initial !important;&quot;&gt; <\/div&gt;\" style=\"background-color:#00a9e0\" target=\"_blank\" rel=\"noreferrer noopener\">Rapidase Extra Press<\/a><\/div>\n<\/div>\n\n\n\n<div style=\"height:35px\" aria-hidden=\"true\" class=\"wp-block-spacer\"><\/div>\n\n\n\n<p class=\"has-background\" style=\"background-color:#f1f1f1\">Numerosi test condotti da noi, Oenobrands, in diverse vendemmie e su numerose variet\u00e0 in tutto il mondo dimostrano l\u2019efficacia di Rapidase Extra Press nella lavorazione delle uve bianche, sia quando viene aggiunto alla massa pigiata in pressa, sia durante la fase di macerazione pre-fermentativa.<\/p>\n\n\n\n<p><strong>L\u2019aggiunta dell\u2019enzima Rapidase Extra Press direttamente in pressa<\/strong>, con un tempo di contatto di 2\u20133 ore, o durante la macerazione per 6\u201310 ore, porta a un aumento della resa che cresce in funzione della durata dell\u2019azione enzimatica sulla buccia e sulla polpa (Figure 1 e 2). <\/p>\n\n\n\n<div class=\"wp-block-columns is-layout-flex wp-container-core-columns-is-layout-9d6595d7 wp-block-columns-is-layout-flex\">\n<div class=\"wp-block-column has-background is-layout-flow wp-block-column-is-layout-flow\" style=\"background-color:#f1f1f1\"><div class=\"wp-block-image is-style-zoooom\">\n<figure class=\"aligncenter size-full is-resized\"><img alt=\"\" loading=\"lazy\" decoding=\"async\" width=\"772\" height=\"546\" src=\"https:\/\/oenobrands.com\/wp-content\/uploads\/2025\/12\/IT-solution-preferment-pressing-1.png\" alt=\"\" class=\"wp-image-22493\" style=\"width:auto;height:300px\" srcset=\"https:\/\/oenobrands.com\/wp-content\/uploads\/2025\/12\/IT-solution-preferment-pressing-1.png 772w, https:\/\/oenobrands.com\/wp-content\/uploads\/2025\/12\/IT-solution-preferment-pressing-1-300x212.png 300w, https:\/\/oenobrands.com\/wp-content\/uploads\/2025\/12\/IT-solution-preferment-pressing-1-768x543.png 768w\" sizes=\"auto, (max-width: 772px) 100vw, 772px\" \/><figcaption class=\"wp-element-caption\">Percentuale di differenza nella resa di pressatura tra Rapidase Extra Press a 1 g\/100 kg e controllo, applicato a diverse variet\u00e0 di uva in Francia.<br><br><\/figcaption><\/figure>\n<\/div>\n\n\n<p><strong>I risultati mostrano un aumento delle rese di mosto pressato utilizzando Rapidase Extra Press rispetto al controllo senza enzima. I risultati delle prove includevano l&#8217;aggiunta diretta dell&#8217;enzima alla pressa durante il riempimento. <\/strong><\/p>\n<\/div>\n\n\n\n<div class=\"wp-block-column is-layout-flow wp-block-column-is-layout-flow\" style=\"flex-basis:1%\"><\/div>\n\n\n\n<div class=\"wp-block-column has-background is-layout-flow wp-block-column-is-layout-flow\" style=\"background-color:#f1f1f1\"><div class=\"wp-block-image is-style-zoooom\">\n<figure class=\"aligncenter size-full is-resized\"><img alt=\"\" loading=\"lazy\" decoding=\"async\" width=\"502\" height=\"361\" src=\"https:\/\/oenobrands.com\/wp-content\/uploads\/2025\/12\/IT-solution-preferment-pressing-2.png\" alt=\"\" class=\"wp-image-22497\" style=\"width:auto;height:300px\" srcset=\"https:\/\/oenobrands.com\/wp-content\/uploads\/2025\/12\/IT-solution-preferment-pressing-2.png 502w, https:\/\/oenobrands.com\/wp-content\/uploads\/2025\/12\/IT-solution-preferment-pressing-2-300x216.png 300w\" sizes=\"auto, (max-width: 502px) 100vw, 502px\" \/><figcaption class=\"wp-element-caption\">Percentuale di differenza nelle rese di succo e di mosto fiore tra Rapidase Extra Press e l&#8217;enzima di riferimento delle aziende vinicole, applicato a diverse variet\u00e0 di uva in Francia (a 1 g\/100 kg) e Sud Africa (3 g\/100 kg di uva).<br><br><\/figcaption><\/figure>\n<\/div>\n\n\n<p><strong>L&#8217;utilizzo di Rapidase Extra Press consente ai viticoltori di ottenere pi\u00f9 succhi e succhi di qualit\u00e0 rispetto a un enzima di riferimento utilizzato nella macerazione prefermentativa delle bucce.<\/strong><\/p>\n<\/div>\n<\/div>\n\n\n\n<div class=\"wp-block-columns is-layout-flex wp-container-core-columns-is-layout-9d6595d7 wp-block-columns-is-layout-flex\">\n<div class=\"wp-block-column has-background is-layout-flow wp-block-column-is-layout-flow\" style=\"background-color:#f1f1f1\">\n<figure class=\"wp-block-image size-full is-resized is-style-zoooom\"><img alt=\"\" loading=\"lazy\" decoding=\"async\" width=\"508\" height=\"336\" src=\"https:\/\/oenobrands.com\/wp-content\/uploads\/2025\/12\/IT-solution-preferment-pressing-3.png\" alt=\"\" class=\"wp-image-22501\" style=\"width:auto;height:300px\" srcset=\"https:\/\/oenobrands.com\/wp-content\/uploads\/2025\/12\/IT-solution-preferment-pressing-3.png 508w, https:\/\/oenobrands.com\/wp-content\/uploads\/2025\/12\/IT-solution-preferment-pressing-3-300x198.png 300w\" sizes=\"auto, (max-width: 508px) 100vw, 508px\" \/><figcaption class=\"wp-element-caption\">Percentuale di differenza nelle rese totali di succhi (mosto e prima spremitura) tra Rapidase Extra Press e gli enzimi di riferimento delle cantine, applicata in diverse variet\u00e0 di uva.<\/figcaption><\/figure>\n<\/div>\n\n\n\n<div class=\"wp-block-column is-layout-flow wp-block-column-is-layout-flow\" style=\"flex-basis:1%\"><\/div>\n\n\n\n<div class=\"wp-block-column has-background is-layout-flow wp-block-column-is-layout-flow\" style=\"background-color:#f1f1f1\">\n<p><strong>In particolare, il maggiore incremento si osserva nella frazione di mosto ottenuta dallo sgrondo<\/strong> delle uve pigiate e trattate prima dell\u2019avvio dei cicli di pressatura. <strong>Questo porta non solo a una resa migliore, ma anche a una qualit\u00e0 superiore del mosto<\/strong>, grazie soprattutto a cicli di pressatura pi\u00f9 morbidi e pi\u00f9 brevi.<\/p>\n\n\n\n<p><strong>Abbiamo applicato Rapidase Extra Press direttamente durante il riempimento della pressa, con dosi diverse a seconda delle variet\u00e0 di uva. Il dosaggio \u00e8 stato scelto in base all\u2019enzima di riferimento utilizzato in queste cantine. Ogni volta abbiamo osservato un aumento della resa totale utilizzando Rapidase Extra Press.  <\/strong> <\/p>\n\n\n\n<p class=\"has-small-font-size\">Chardonnay Francia, Linguadoca, dosaggio enzima 1 g\/100 kg, macerazione 6 h a 10 \u00b0C. Muscat 1, USA, California; dosaggio enzima 1,1 g\/100 kg; macerazione a temperatura ambiente; mosto di sgrondo. Muscat 2, USA, California; dosaggio enzima 1,3 g\/100 kg di uva; macerazione a temperatura ambiente, 7 h con Rapidase Extra Press e 12 h con enzima concorrente. Pedro Ximenez Moscatel rosado Cile, Pisco; dosaggio enzima 2 g\/100 kg di uva; macerazione a 16\u201318 \u00b0C per 6 ore; mosto di sgrondo.   <\/p>\n<\/div>\n<\/div>\n\n\n\n<div style=\"height:30px\" aria-hidden=\"true\" class=\"wp-block-spacer\"><\/div>\n\n\n\n<div class=\"wp-block-buttons is-content-justification-center is-layout-flex wp-container-core-buttons-is-layout-16018d1d wp-block-buttons-is-layout-flex\">\n<div class=\"wp-block-button\"><a class=\"wp-block-button__link has-white-color has-text-color has-background wp-element-button\" href=\"https:\/\/oenobrands.com\/product\/enzyme\/rapidase\/extra-press\/<br\/&gt;<br\/&gt;<div style=&quot;all: initial !important;&quot;&gt; <\/div&gt;\" style=\"background-color:#00a9e0\" target=\"_blank\" rel=\"noreferrer noopener\">Rapidase Extra Press<\/a><\/div>\n<\/div>\n\n\n\n<div style=\"height:35px\" aria-hidden=\"true\" class=\"wp-block-spacer\"><\/div>\n\n\n\n<p class=\"has-background\" style=\"background-color:#f1f1f1\">Da un punto di vista operativo e considerando l\u2019efficienza del processo, <strong>l\u2019aggiunta sistematica al pigiadiraspatrice facilita le operazioni di cantina e riduce i<\/strong>l lavoro necessario e la possibilit\u00e0 di errore nelle fasi di lavorazione dell\u2019uva e del mosto. <strong>L\u2019uso di Extra Press aiuta anche nelle operazioni di pulizia, permettendo al produttore di ridurre o persino eliminare l\u2019enzima utilizzato per flottazione o illimpidimento.<\/strong><\/p>\n\n\n\n<div style=\"height:50px\" aria-hidden=\"true\" class=\"wp-block-spacer\"><\/div>\n\n\n\n<div class=\"wp-block-columns is-layout-flex wp-container-core-columns-is-layout-9d6595d7 wp-block-columns-is-layout-flex\">\n<div class=\"wp-block-column is-vertically-aligned-center is-layout-flow wp-block-column-is-layout-flow\" style=\"flex-basis:30%\">\n<h1 class=\"wp-block-heading has-text-color has-large-font-size\" style=\"color:#545859\">Scopri la gamma RAPIDASE<\/h1>\n\n\n\n<div style=\"height:20px\" aria-hidden=\"true\" class=\"wp-block-spacer\"><\/div>\n\n\n\n<div class=\"wp-block-buttons is-content-justification-left is-layout-flex wp-container-core-buttons-is-layout-fdcfc74e wp-block-buttons-is-layout-flex\">\n<div class=\"wp-block-button\"><a class=\"wp-block-button__link has-background wp-element-button\" href=\"https:\/\/oenobrands.com\/product\/enzyme\/rapidase\/\" style=\"background-color:#545859\" target=\"_blank\" rel=\"noreferrer noopener\">RAPIDASE<\/a><\/div>\n<\/div>\n<\/div>\n\n\n\n<div class=\"wp-block-column is-vertically-aligned-top is-layout-flow wp-block-column-is-layout-flow\" style=\"flex-basis:10%\"><\/div>\n\n\n\n<div class=\"wp-block-column is-vertically-aligned-top is-layout-flow wp-block-column-is-layout-flow\">\n<figure class=\"wp-block-image size-full\"><img decoding=\"async\" src=\"http:\/\/oenobrands.com\/wp-content\/uploads\/2023\/05\/OENOBRANDS-Rapidase-bandeau.png\" alt=\"OENOBRANDS-Rapidase-banner\" class=\"wp-image-4529\"\/><\/figure>\n<\/div>\n<\/div>\n\n\n\n<div style=\"height:50px\" aria-hidden=\"true\" class=\"wp-block-spacer\"><\/div>\n\n\n\n<div class=\"wp-block-group\"><div class=\"wp-block-group__inner-container is-layout-constrained wp-block-group-is-layout-constrained\">\n<div class=\"wp-block-group\"><div class=\"wp-block-group__inner-container is-layout-constrained wp-block-group-is-layout-constrained\">\n<div class=\"wp-block-group\"><div class=\"wp-block-group__inner-container is-layout-constrained wp-block-group-is-layout-constrained\">\n<div class=\"wp-block-group\"><div class=\"wp-block-group__inner-container is-layout-constrained wp-block-group-is-layout-constrained\">\n<hr class=\"wp-block-separator has-text-color has-alpha-channel-opacity has-background\" style=\"background-color:#8a918e;color:#8a918e\"\/>\n<\/div><\/div>\n<\/div><\/div>\n\n\n\n<div class=\"wp-block-group\"><div class=\"wp-block-group__inner-container is-layout-constrained wp-block-group-is-layout-constrained\">\n<div class=\"wp-block-group\"><div class=\"wp-block-group__inner-container is-layout-constrained wp-block-group-is-layout-constrained\">\n<h2 class=\"wp-block-heading\"><strong>E voi, cosa ne pensate?<\/strong><\/h2>\n<\/div><\/div>\n<\/div><\/div>\n\n\n\n<div class=\"wp-block-group\"><div class=\"wp-block-group__inner-container is-layout-constrained wp-block-group-is-layout-constrained\">\n<div class=\"wp-block-group\"><div class=\"wp-block-group__inner-container is-layout-constrained wp-block-group-is-layout-constrained\">\n<p>Grazie a un team altamente qualificato di esperti in numerosi settori, Oenobrands si impegna a offrire ai produttori di vino soluzioni innovative e scientificamente valide, nonch\u00e9 a mettere in risalto le sinergie positive tra i suoi prodotti.<\/p>\n<\/div><\/div>\n\n\n\n<div class=\"wp-block-group\"><div class=\"wp-block-group__inner-container is-layout-constrained wp-block-group-is-layout-constrained\">\n<div class=\"wp-block-group\"><div class=\"wp-block-group__inner-container is-layout-constrained wp-block-group-is-layout-constrained\">\n<div class=\"wp-block-columns is-layout-flex wp-container-core-columns-is-layout-9d6595d7 wp-block-columns-is-layout-flex\">\n<div class=\"wp-block-column is-vertically-aligned-center is-layout-flow wp-block-column-is-layout-flow\">\n<div class=\"wp-block-group wp-container-content-9cfa9a5a is-content-justification-left\"><div class=\"wp-block-group__inner-container is-layout-constrained wp-container-core-group-is-layout-8c890d92 wp-block-group-is-layout-constrained\">\n<p class=\"has-text-align-left\" style=\"font-size:0.9rem;font-style:normal;font-weight:600;letter-spacing:1px;text-transform:uppercase\">Cerca la tua soluzione o il tuo prodotto<\/p>\n\n\n<form role=\"search\" method=\"get\" action=\"https:\/\/oenobrands.com\/it\/\" class=\"wp-block-search__button-outside wp-block-search__icon-button wp-block-search\"    ><label class=\"wp-block-search__label screen-reader-text\" for=\"wp-block-search__input-1\" >Cerca<\/label><div class=\"wp-block-search__inside-wrapper\"  style=\"width: 100%\"><input class=\"wp-block-search__input\" id=\"wp-block-search__input-1\" placeholder=\"\" value=\"\" type=\"search\" name=\"s\" required  style=\"border-width: 1px\"\/><button aria-label=\"Cerca\" class=\"wp-block-search__button has-icon wp-element-button\" type=\"submit\"  style=\"border-width: 1px\"><svg class=\"search-icon\" viewBox=\"0 0 24 24\" width=\"24\" height=\"24\">\n\t\t\t\t\t<path d=\"M13 5c-3.3 0-6 2.7-6 6 0 1.4.5 2.7 1.3 3.7l-3.8 3.8 1.1 1.1 3.8-3.8c1 .8 2.3 1.3 3.7 1.3 3.3 0 6-2.7 6-6S16.3 5 13 5zm0 10.5c-2.5 0-4.5-2-4.5-4.5s2-4.5 4.5-4.5 4.5 2 4.5 4.5-2 4.5-4.5 4.5z\"><\/path>\n\t\t\t\t<\/svg><\/button><\/div><\/form><\/div><\/div>\n<\/div>\n\n\n\n<div class=\"wp-block-column is-layout-flow wp-block-column-is-layout-flow\" style=\"flex-basis:3px\"><\/div>\n\n\n\n<div class=\"wp-block-column is-layout-flow wp-block-column-is-layout-flow\">\n<p class=\"has-text-align-center\">Raccontaci le tue difficolt\u00e0 e ti risponderemo<\/p>\n\n\n\n<div class=\"wp-block-buttons is-content-justification-center is-layout-flex wp-container-core-buttons-is-layout-16018d1d wp-block-buttons-is-layout-flex\">\n<div class=\"wp-block-button is-style-fill\"><a class=\"wp-block-button__link wp-element-button\" href=\"https:\/\/oenobrands.com\/contact-us\/\" target=\"_blank\" rel=\"noreferrer noopener\">contattaci<\/a><\/div>\n<\/div>\n<\/div>\n<\/div>\n<\/div><\/div>\n<\/div><\/div>\n<\/div><\/div>\n<\/div><\/div>\n<\/div><\/div>\n\n\n\n<div style=\"height:50px\" aria-hidden=\"true\" class=\"wp-block-spacer\"><\/div>\n","protected":false},"excerpt":{"rendered":"<p>La pressatura dell\u2019uva \u00e8 una fase importante del processo di vinificazione perch\u00e9 estrae il [&hellip;]<\/p>\n","protected":false},"author":3,"featured_media":0,"parent":21042,"menu_order":4,"comment_status":"closed","ping_status":"closed","template":"","meta":{"_acf_changed":false,"_seopress_robots_primary_cat":"0","_seopress_titles_title":"","_seopress_titles_desc":"","_seopress_robots_index":"","footnotes":""},"class_list":["post-21049","page","type-page","status-publish"],"acf":[],"_links":{"self":[{"href":"https:\/\/oenobrands.com\/it\/wp-json\/wp\/v2\/pages\/21049","targetHints":{"allow":["GET"]}}],"collection":[{"href":"https:\/\/oenobrands.com\/it\/wp-json\/wp\/v2\/pages"}],"about":[{"href":"https:\/\/oenobrands.com\/it\/wp-json\/wp\/v2\/types\/page"}],"author":[{"embeddable":true,"href":"https:\/\/oenobrands.com\/it\/wp-json\/wp\/v2\/users\/3"}],"replies":[{"embeddable":true,"href":"https:\/\/oenobrands.com\/it\/wp-json\/wp\/v2\/comments?post=21049"}],"version-history":[{"count":0,"href":"https:\/\/oenobrands.com\/it\/wp-json\/wp\/v2\/pages\/21049\/revisions"}],"up":[{"embeddable":true,"href":"https:\/\/oenobrands.com\/it\/wp-json\/wp\/v2\/pages\/21042"}],"wp:attachment":[{"href":"https:\/\/oenobrands.com\/it\/wp-json\/wp\/v2\/media?parent=21049"}],"curies":[{"name":"wp","href":"https:\/\/api.w.org\/{rel}","templated":true}]}}