{"id":21036,"date":"2022-10-20T10:40:26","date_gmt":"2022-10-20T08:40:26","guid":{"rendered":"https:\/\/oenobrands.com\/scientific-research-2\/pubblicazioni\/"},"modified":"2025-11-25T10:16:44","modified_gmt":"2025-11-25T09:16:44","slug":"pubblicazioni","status":"publish","type":"page","link":"https:\/\/oenobrands.com\/it\/ricerca-scientifica\/pubblicazioni\/","title":{"rendered":"Pubblicazioni"},"content":{"rendered":"\n<div style=\"height:50px\" aria-hidden=\"true\" class=\"wp-block-spacer\"><\/div>\n\n<p>Ecco un elenco completo delle nostre recenti pubblicazioni: pubblicazioni scientifiche, articoli tecnici, libri o capitoli di libri e conferenze a congressi scientifici.<\/p>\n\n<div style=\"height:50px\" aria-hidden=\"true\" class=\"wp-block-spacer\"><\/div>\n\n<h2 class=\"wp-block-heading\"><strong>Pubblicazioni scientifiche<\/strong><\/h2>\n\n<div style=\"height:30px\" aria-hidden=\"true\" class=\"wp-block-spacer\"><\/div>\n\n<div class=\"wp-block-columns is-layout-flex wp-container-core-columns-is-layout-9d6595d7 wp-block-columns-is-layout-flex\">\n<div class=\"wp-block-column has-background is-layout-flow wp-block-column-is-layout-flow\" style=\"background:linear-gradient(0deg,rgb(255,255,255) 0%,rgb(247,247,247) 100%)\">\n<div class=\"wp-block-media-text is-stacked-on-mobile\" style=\"grid-template-columns:15% auto\"><figure class=\"wp-block-media-text__media\"><img loading=\"lazy\" decoding=\"async\" width=\"150\" height=\"150\" src=\"http:\/\/oenobrands.com\/wp-content\/uploads\/2024\/05\/picto-Document_grey_02-min.png\" alt=\"picto grey\" class=\"wp-image-7383 size-full\"\/><\/figure><div class=\"wp-block-media-text__content\">\n<h3 class=\"wp-block-heading\"><a href=\"https:\/\/www.mdpi.com\/2735186\" target=\"_blank\" rel=\"noreferrer noopener\">Caratteristiche aromatiche dei vini <em>Hanseniaspora vineae<\/em> Hv205 in strategie di inoculo sequenziale e co-inoculo.<\/a><\/h3>\n<\/div><\/div>\n\n\n\n<div style=\"height:20px\" aria-hidden=\"true\" class=\"wp-block-spacer\"><\/div>\n\n\n\n<p><strong>Autori: <\/strong><span style=\"font-size: revert; color: initial;\">Gallo, A., Roman, T., Paolini, M., Cappello, N., Guzzon, R., Carrau, F., Schneider, R., Larcher, R. (2024).<\/span><br\/><strong>Pubblicato in:<\/strong> <a href=\"https:\/\/www.mdpi.com\/2735186\" target=\"_blank\" rel=\"noreferrer noopener\"><em>Fermentation, <\/em><em>10<\/em>(4), 191.<\/a><\/p>\n<\/div>\n\n\n\n<div class=\"wp-block-column has-background is-layout-flow wp-block-column-is-layout-flow\" style=\"background:linear-gradient(0deg,rgb(255,255,255) 0%,rgb(247,247,247) 100%)\">\n<div class=\"wp-block-media-text is-stacked-on-mobile\" style=\"grid-template-columns:15% auto\"><figure class=\"wp-block-media-text__media\"><img loading=\"lazy\" decoding=\"async\" width=\"150\" height=\"150\" src=\"http:\/\/oenobrands.com\/wp-content\/uploads\/2024\/05\/picto-Document_grey_02-min.png\" alt=\"picto grey\" class=\"wp-image-7383 size-full\"\/><\/figure><div class=\"wp-block-media-text__content\">\n<h3 class=\"wp-block-heading\"><a href=\"https:\/\/www.researchgate.net\/publication\/372197040_Insights_into_the_grape_must_composition_effect_on_Hanseniaspora_vineae_performance_and_metabolic_aroma_compounds_in_Chardonnay_base_wine_for_sparkling_wine_production\" target=\"_blank\" rel=\"noreferrer noopener\">Approfondimenti sull\u2019effetto della composizione del mosto d\u2019uva sulle prestazioni di Hanseniaspora vineae e sui composti aromatici metabolici nel vino base Chardonnay per la produzione di vini spumanti.<\/a><\/h3>\n<\/div><\/div>\n\n\n\n<div style=\"height:20px\" aria-hidden=\"true\" class=\"wp-block-spacer\"><\/div>\n\n\n\n<p><strong>Autori: <\/strong><span style=\"font-size: revert; color: initial;\">Gallo, A., Larche, R., Cappello, N., Paolini, M., Moser, S., Carrau, F., \u2026 &amp; Roman, T. (2023).<\/span><br\/><strong>Pubblicato in:<\/strong> <em><a href=\"https:\/\/www.researchgate.net\/publication\/372197040_Insights_into_the_grape_must_composition_effect_on_Hanseniaspora_vineae_performance_and_metabolic_aroma_compounds_in_Chardonnay_base_wine_for_sparkling_wine_production\" target=\"_blank\" rel=\"noreferrer noopener\">Journal of Food Composition and Analysis, 123, 105514.<\/a><\/em><\/p>\n<\/div>\n<\/div>\n\n<div class=\"wp-block-columns is-layout-flex wp-container-core-columns-is-layout-9d6595d7 wp-block-columns-is-layout-flex\">\n<div class=\"wp-block-column has-background is-layout-flow wp-block-column-is-layout-flow\" style=\"background:linear-gradient(0deg,rgb(255,255,255) 0%,rgb(247,247,247) 100%)\">\n<div class=\"wp-block-media-text is-stacked-on-mobile\" style=\"grid-template-columns:15% auto\"><figure class=\"wp-block-media-text__media\"><img loading=\"lazy\" decoding=\"async\" width=\"150\" height=\"150\" src=\"http:\/\/oenobrands.com\/wp-content\/uploads\/2024\/05\/picto-Document_grey_02-min.png\" alt=\"picto grey\" class=\"wp-image-7383 size-full\"\/><\/figure><div class=\"wp-block-media-text__content\">\n<h3 class=\"wp-block-heading\"><a href=\"https:\/\/pubmed.ncbi.nlm.nih.gov\/37293927\/\" target=\"_blank\" rel=\"noreferrer noopener\">Enzima C\u2013S Liasi esogena, uno strumento potenziale per liberare gli aromi nel vino o nella birra<\/a><\/h3>\n<\/div><\/div>\n\n\n\n<div style=\"height:20px\" aria-hidden=\"true\" class=\"wp-block-spacer\"><\/div>\n\n\n\n<p><strong>Autori: <\/strong>Cl\u00e9rat, L., R\u00e9mond, E., Schneider, R., Cavelier, F., e Viv\u00e8s, E. (2023). <br\/><strong>Pubblicato: <\/strong><em><a href=\"https:\/\/pubmed.ncbi.nlm.nih.gov\/37293927\/\" target=\"_blank\" rel=\"noreferrer noopener\">Journal of Agricultural and Food Chemistry.<\/a><\/em><\/p>\n<\/div>\n\n\n\n<div class=\"wp-block-column has-background is-layout-flow wp-block-column-is-layout-flow\" style=\"background:linear-gradient(0deg,rgb(255,255,255) 0%,rgb(247,247,247) 100%)\">\n<div class=\"wp-block-media-text is-stacked-on-mobile\" style=\"grid-template-columns:15% auto\"><figure class=\"wp-block-media-text__media\"><img loading=\"lazy\" decoding=\"async\" width=\"150\" height=\"150\" src=\"http:\/\/oenobrands.com\/wp-content\/uploads\/2024\/05\/picto-Document_grey_02-min.png\" alt=\"picto grey\" class=\"wp-image-7383 size-full\"\/><\/figure><div class=\"wp-block-media-text__content\">\n<h3 class=\"wp-block-heading\"><a href=\"https:\/\/pubmed.ncbi.nlm.nih.gov\/33672220\/\" target=\"_blank\" rel=\"noreferrer noopener\">L\u2019impatto della fermentazione di <em>Hanseniaspora vineae<\/em> e dell\u2019affinamento sui lieviti sul profilo aromatico terpenico dei vini bianchi della variet\u00e0 Albillo <\/a><\/h3>\n<\/div><\/div>\n\n\n\n<div style=\"height:20px\" aria-hidden=\"true\" class=\"wp-block-spacer\"><\/div>\n\n\n\n<p><strong>Autori: <\/strong>Del Fresno, J. M., Escott, C., Loira, I., Carrau, F., Cuerda, R., Schneider, R., \u2026 e Morata, A. (2021). <br\/><strong>Pubblicato: <\/strong><a href=\"https:\/\/pubmed.ncbi.nlm.nih.gov\/33672220\/\" target=\"_blank\" rel=\"noreferrer noopener\"><em>International Journal of Molecular Sciences,<\/em> <em>22(<\/em>4), 2195.<\/a><\/p>\n<\/div>\n<\/div>\n\n<div class=\"wp-block-columns is-layout-flex wp-container-core-columns-is-layout-9d6595d7 wp-block-columns-is-layout-flex\">\n<div class=\"wp-block-column has-background is-layout-flow wp-block-column-is-layout-flow\" style=\"background:linear-gradient(0deg,rgb(255,255,255) 0%,rgb(247,247,247) 100%)\">\n<div class=\"wp-block-media-text is-stacked-on-mobile\" style=\"grid-template-columns:15% auto\"><figure class=\"wp-block-media-text__media\"><img loading=\"lazy\" decoding=\"async\" width=\"150\" height=\"150\" src=\"http:\/\/oenobrands.com\/wp-content\/uploads\/2024\/05\/picto-Document_grey_02-min.png\" alt=\"picto grey\" class=\"wp-image-7383 size-full\"\/><\/figure><div class=\"wp-block-media-text__content\">\n<h3 class=\"wp-block-heading\"><a href=\"https:\/\/pubmed.ncbi.nlm.nih.gov\/32866707\/\" target=\"_blank\" rel=\"noreferrer noopener\">Focus sui meccanismi di rilascio dei tioli volatili nelle bevande <\/a><\/h3>\n<\/div><\/div>\n\n\n\n<div style=\"height:20px\" aria-hidden=\"true\" class=\"wp-block-spacer\"><\/div>\n\n\n\n<p>Bonnaffoux, H., Roland, A., Schneider, R., e Cavelier, F. (2021).<\/p>\n\n\n\n<p><em>Food Chemistry,<\/em> <em>339<\/em>, 127628.<\/p>\n<\/div>\n\n\n\n<div class=\"wp-block-column has-background is-layout-flow wp-block-column-is-layout-flow\" style=\"background:linear-gradient(0deg,rgb(255,255,255) 0%,rgb(247,247,247) 100%)\">\n<div class=\"wp-block-media-text is-stacked-on-mobile\" style=\"grid-template-columns:15% auto\"><figure class=\"wp-block-media-text__media\"><img loading=\"lazy\" decoding=\"async\" width=\"150\" height=\"150\" src=\"http:\/\/oenobrands.com\/wp-content\/uploads\/2024\/05\/picto-Document_grey_02-min.png\" alt=\"picto grey\" class=\"wp-image-7383 size-full\"\/><\/figure><div class=\"wp-block-media-text__content\">\n<p>La riduzione del rapporto sink\/source della pianta non migliora sistematicamente la composizione metabolica dei frutti bianchi di Vitis vinifera<\/p>\n<\/div><\/div>\n\n\n\n<div style=\"height:20px\" aria-hidden=\"true\" class=\"wp-block-spacer\"><\/div>\n\n\n\n<p>Alem, H., Ojeda, H., Rigou, P., Schneider, R., e Torregrosa, L. (2021).<\/p>\n\n\n\n<p>Food Chemistry, 345, 128825.<br\/><\/p>\n<\/div>\n<\/div>\n\n<div class=\"wp-block-columns is-layout-flex wp-container-core-columns-is-layout-9d6595d7 wp-block-columns-is-layout-flex\">\n<div class=\"wp-block-column has-background is-layout-flow wp-block-column-is-layout-flow\" style=\"background:linear-gradient(0deg,rgb(255,255,255) 0%,rgb(247,247,247) 100%)\">\n<div class=\"wp-block-media-text is-stacked-on-mobile\" style=\"grid-template-columns:15% auto\"><figure class=\"wp-block-media-text__media\"><img loading=\"lazy\" decoding=\"async\" width=\"150\" height=\"150\" src=\"http:\/\/oenobrands.com\/wp-content\/uploads\/2024\/05\/picto-Document_grey_02-min.png\" alt=\"picto grey\" class=\"wp-image-7383 size-full\"\/><\/figure><div class=\"wp-block-media-text__content\">\n<h3 class=\"wp-block-heading\"><a href=\"https:\/\/www.researchgate.net\/publication\/346419932_Effect_of_the_plant_sinksource_balance_on_the_metabolic_content_of_the_Vitis_vinifera_L_red_grape\">Effetto dell\u2019equilibrio sink\/source della pianta sul contenuto metabolico dell\u2019uva rossa di Vitis vinifera L. <\/a><\/h3>\n<\/div><\/div>\n\n\n\n<div style=\"height:20px\" aria-hidden=\"true\" class=\"wp-block-spacer\"><\/div>\n\n\n\n<p>Alem, H., Torregrosa, L., Rigou, P., Schneider, R., e Ojeda, H. (2021).<\/p>\n\n\n\n<p><em>European Journal of Agronomy, <\/em><em>122, <\/em>126168.<\/p>\n<\/div>\n\n\n\n<div class=\"wp-block-column has-background is-layout-flow wp-block-column-is-layout-flow\" style=\"background:linear-gradient(0deg,rgb(255,255,255) 0%,rgb(247,247,247) 100%)\">\n<div class=\"wp-block-media-text is-stacked-on-mobile\" style=\"grid-template-columns:15% auto\"><figure class=\"wp-block-media-text__media\"><img loading=\"lazy\" decoding=\"async\" width=\"150\" height=\"150\" src=\"http:\/\/oenobrands.com\/wp-content\/uploads\/2024\/05\/picto-Document_grey_02-min.png\" alt=\"picto grey\" class=\"wp-image-7383 size-full\"\/><\/figure><div class=\"wp-block-media-text__content\">\n<h3 class=\"wp-block-heading\"><a href=\"https:\/\/www.mdpi.com\/757890\" target=\"_blank\" rel=\"noreferrer noopener\">Impatto di Hanseniaspora vineae sulla fermentazione alcolica e sull\u2019affinamento sui lieviti di vini bianchi di alta qualit\u00e0<\/a><\/h3>\n<\/div><\/div>\n\n\n\n<div style=\"height:20px\" aria-hidden=\"true\" class=\"wp-block-spacer\"><\/div>\n\n\n\n<p><strong>Autori: <\/strong>Del Fresno, J. M., Escott, C., Loira, I., Herbert-Pucheta, J. E., Schneider, R., Carrau, F., \u2026 e Morata, A. (2020). <br\/><strong>Pubblicato: <\/strong><a href=\"https:\/\/www.mdpi.com\/757890\" target=\"_blank\" rel=\"noreferrer noopener\"><em>Fermentation,<\/em> <em>6<\/em>(3), 66.<\/a> <\/p>\n<\/div>\n<\/div>\n\n<div class=\"wp-block-columns is-layout-flex wp-container-core-columns-is-layout-9d6595d7 wp-block-columns-is-layout-flex\">\n<div class=\"wp-block-column has-background is-layout-flow wp-block-column-is-layout-flow\" style=\"background:linear-gradient(0deg,rgb(255,255,255) 0%,rgb(247,247,247) 100%)\">\n<div class=\"wp-block-media-text is-stacked-on-mobile\" style=\"grid-template-columns:15% auto\"><figure class=\"wp-block-media-text__media\"><img loading=\"lazy\" decoding=\"async\" width=\"150\" height=\"150\" src=\"http:\/\/oenobrands.com\/wp-content\/uploads\/2024\/05\/picto-Document_grey_02-min.png\" alt=\"picto grey\" class=\"wp-image-7383 size-full\"\/><\/figure><div class=\"wp-block-media-text__content\">\n<p>Impatto delle pratiche agronomiche sulla composizione aromatica dell\u2019uva: una revisione.<\/p>\n<\/div><\/div>\n\n\n\n<div style=\"height:20px\" aria-hidden=\"true\" class=\"wp-block-spacer\"><\/div>\n\n\n\n<p><strong>Autori: <\/strong>Alem, H., Rigou, P., Schneider, R., Ojeda, H., &amp; Torregrosa, L. (2019). <br\/><strong>Pubblicato: <\/strong><a href=\"https:\/\/pubmed.ncbi.nlm.nih.gov\/30142253\/\" target=\"_blank\" rel=\"noreferrer noopener\"><em>Rivista di scienza dell&#8217;alimentazione e dell&#8217;agricoltura<\/em>, <em>99<\/em>(3), 975-985.<\/a><\/p>\n<\/div>\n\n\n\n<div class=\"wp-block-column has-background is-layout-flow wp-block-column-is-layout-flow\" style=\"background:linear-gradient(0deg,rgb(255,255,255) 0%,rgb(247,247,247) 100%)\">\n<div class=\"wp-block-media-text is-stacked-on-mobile\" style=\"grid-template-columns:15% auto\"><figure class=\"wp-block-media-text__media\"><img loading=\"lazy\" decoding=\"async\" width=\"150\" height=\"150\" src=\"http:\/\/oenobrands.com\/wp-content\/uploads\/2024\/05\/picto-Document_grey_02-min.png\" alt=\"picto grey\" class=\"wp-image-7383 size-full\"\/><\/figure><div class=\"wp-block-media-text__content\">\n<p>Comportamento dei precursori aromatici glicosilati nei frutti di Microvine dopo l\u2019applicazione fogliare di guaiacolo.<\/p>\n<\/div><\/div>\n\n\n\n<div style=\"height:20px\" aria-hidden=\"true\" class=\"wp-block-spacer\"><\/div>\n\n\n\n<p><strong>Autori: <\/strong>S\u00e1nchez-G\u00f3mez, R., Torregrosa, L., Zalacain, A., Ojeda, H., Bouckenooghe, V., Schneider, R., e Salinas, M. R. (2019). <br\/><strong>Pubblicato in:<\/strong> <a href=\"https:\/\/www.researchgate.net\/publication\/329216526_Behavior_of_glycosylated_aroma_precursors_in_Microvine_fruits_after_guaiacol_foliar_application\" target=\"_blank\" rel=\"noreferrer noopener\"><em>Scientia horticulturae<\/em>, <em>246<\/em>, e1\u2013e8.<\/a><\/p>\n<\/div>\n<\/div>\n\n<div class=\"wp-block-columns is-layout-flex wp-container-core-columns-is-layout-9d6595d7 wp-block-columns-is-layout-flex\">\n<div class=\"wp-block-column has-background is-layout-flow wp-block-column-is-layout-flow\" style=\"background:linear-gradient(0deg,rgb(255,255,255) 0%,rgb(247,247,247) 100%)\">\n<div class=\"wp-block-media-text is-stacked-on-mobile\" style=\"grid-template-columns:15% auto\"><figure class=\"wp-block-media-text__media\"><img loading=\"lazy\" decoding=\"async\" width=\"150\" height=\"150\" src=\"http:\/\/oenobrands.com\/wp-content\/uploads\/2024\/05\/picto-Document_grey_02-min.png\" alt=\"picto grey\" class=\"wp-image-7383 size-full\"\/><\/figure><div class=\"wp-block-media-text__content\">\n<p>Riconsiderazione della strategia di valutazione della biogenesi dei tioli varietali.<\/p>\n<\/div><\/div>\n\n\n\n<div style=\"height:20px\" aria-hidden=\"true\" class=\"wp-block-spacer\"><\/div>\n\n\n\n<p>Bonnaffoux, H., Delpech, S., R\u00e9mond, E., Schneider, R., Roland, A., &amp; Cavelier, F. (2018). <\/p>\n\n\n\n<p><em>Chimica degli alimenti<\/em>, <em>268<\/em>, 126-133.<\/p>\n<\/div>\n\n\n\n<div class=\"wp-block-column has-background is-layout-flow wp-block-column-is-layout-flow\" style=\"background:linear-gradient(0deg,rgb(255,255,255) 0%,rgb(247,247,247) 100%)\">\n<div class=\"wp-block-media-text is-stacked-on-mobile\" style=\"grid-template-columns:15% auto\"><figure class=\"wp-block-media-text__media\"><img loading=\"lazy\" decoding=\"async\" width=\"150\" height=\"150\" src=\"http:\/\/oenobrands.com\/wp-content\/uploads\/2024\/05\/picto-Document_grey_02-min.png\" alt=\"picto grey\" class=\"wp-image-7383 size-full\"\/><\/figure><div class=\"wp-block-media-text__content\">\n<p>Una certa concentrazione di rotundone pu\u00f2 essere indesiderabile nel vino rosso Duras? Studio per stimare la soglia di rifiuto del consumatore per il composto aromatico di pepe. <\/p>\n<\/div><\/div>\n\n\n\n<div style=\"height:20px\" aria-hidden=\"true\" class=\"wp-block-spacer\"><\/div>\n\n\n\n<p>Geffroy, O., Desc\u00f4tes, J., Serrano, E., Li Calzi, M., Dagan, L., e Schneider, R. (2018). <\/p>\n\n\n\n<p><em>Australian Journal of Grape and Wine Research<\/em>, <em>24<\/em>(1), 88-95.<\/p>\n<\/div>\n<\/div>\n\n<div class=\"wp-block-columns is-layout-flex wp-container-core-columns-is-layout-9d6595d7 wp-block-columns-is-layout-flex\">\n<div class=\"wp-block-column has-background is-layout-flow wp-block-column-is-layout-flow\" style=\"background:linear-gradient(0deg,rgb(255,255,255) 0%,rgb(247,247,247) 100%)\">\n<div class=\"wp-block-media-text is-stacked-on-mobile\" style=\"grid-template-columns:15% auto\"><figure class=\"wp-block-media-text__media\"><img loading=\"lazy\" decoding=\"async\" width=\"150\" height=\"150\" src=\"http:\/\/oenobrands.com\/wp-content\/uploads\/2024\/05\/picto-Document_grey_02-min.png\" alt=\"picto grey\" class=\"wp-image-7383 size-full\"\/><\/figure><div class=\"wp-block-media-text__content\">\n<p>Prevenzione della cristallizzazione del tartaro nel vino tramite idrocolloidi: il meccanismo studiato con la tecnica di scattering dinamico della luce.<\/p>\n<\/div><\/div>\n\n\n\n<div style=\"height:20px\" aria-hidden=\"true\" class=\"wp-block-spacer\"><\/div>\n\n\n\n<p>Lankhorst, P. P., Voogt, B., Tuinier, R., Lefol, B., Pellerin, P. e Virone, C. (2017).<\/p>\n\n\n\n<p><em>Rivista di chimica agricola e alimentare,<\/em> <em>65<\/em>(40), 8923-8929.<\/p>\n<\/div>\n\n\n\n<div class=\"wp-block-column is-layout-flow wp-block-column-is-layout-flow\"><\/div>\n<\/div>\n\n<div style=\"height:50px\" aria-hidden=\"true\" class=\"wp-block-spacer\"><\/div>\n\n<h2 class=\"wp-block-heading\"><strong><strong>Libri o Capitoli di libri<\/strong><\/strong><\/h2>\n\n<div style=\"height:50px\" aria-hidden=\"true\" class=\"wp-block-spacer\"><\/div>\n\n<div class=\"wp-block-columns has-background is-layout-flex wp-container-core-columns-is-layout-9d6595d7 wp-block-columns-is-layout-flex\" style=\"background-color:#f7f7f7\">\n<div class=\"wp-block-column is-layout-flow wp-block-column-is-layout-flow\">\n<ul class=\"wp-block-list\">\n<li>Gu\u00e9rin L. e Schneider R. (2022). <strong>Gli enzimi, biocatalizzatori utili durante tutta la vinificazione.<\/strong> <em>Biotecnologie in Enologia<\/em>, 16-49.<\/li>\n\n\n\n<li>Bahut F., Mekoue-Nguela J., Ortiz-Julien A., Robillard B., Schneider R., Sieczkowski N., Aude Vernhet A. e Zamora F. (2022). <strong>Derivati dei lieviti<\/strong>. <em>Biotecnologie in Enologia<\/em>, 115-147.<\/li>\n<\/ul>\n<\/div>\n\n\n\n<div class=\"wp-block-column is-layout-flow wp-block-column-is-layout-flow\">\n<ul class=\"wp-block-list\">\n<li><a href=\"https:\/\/www.researchgate.net\/publication\/355023841_Application_of_Hanseniaspora_vineae_to_improve_white_wine_quality\" target=\"_blank\" rel=\"noreferrer noopener\">Martin, V., Valera, M. J., Medina, K., Dellacassa, E., Schneider, R., Boido, E. e Carrau, F. (2022). <strong>Applicazione di Hanseniaspora vineae per migliorare la qualit\u00e0 del vino bianco<\/strong>. <em>White Wine Technology,<\/em> 99-115.<\/a><\/li>\n\n\n\n<li><a href=\"https:\/\/www.researchgate.net\/publication\/355020954_Enzyme_applications_in_white_wine\" target=\"_blank\" rel=\"noreferrer noopener\">Aroca, A. \u00c1., van Rolleghem, I., e Schneider, R. (2022). <strong>Applicazioni enzimatiche nel vino bianco.<\/strong> In <em>White Wine Technology<\/em> (pp. 221-238). Academic Press. <\/a><\/li>\n\n\n\n<li>Bouissou, D., Samson, A., Saint-Pierre, B., Bajard-Sparrow, C., Caussette, M., Latham, P., &#8230; e Lankhorst, P. (2007). Claristar\u2122: <strong>un nuovo ingrediente per la stabilizzazione del tartrato<\/strong>. Claristar\u2122: un nuovo ingrediente per la stabilizzazione del tartrato (2007).<\/li>\n<\/ul>\n<\/div>\n<\/div>\n\n<h2 class=\"wp-block-heading\"><strong>Articoli tecnici<\/strong><\/h2>\n\n<div style=\"height:50px\" aria-hidden=\"true\" class=\"wp-block-spacer\"><\/div>\n\n<div class=\"wp-block-columns has-background is-layout-flex wp-container-core-columns-is-layout-9d6595d7 wp-block-columns-is-layout-flex\" style=\"background-color:#f7f7f7\">\n<div class=\"wp-block-column is-layout-flow wp-block-column-is-layout-flow\">\n<ul class=\"wp-block-list\">\n<li>Bonnaffoux, H., Charrier, F., Roy, A., Delpech, S., Roland, A., Cavelier, F., e Schneider R. (2020). <strong>Valorizzazione del potenziale aromatico tiolico della vendemmia: Parte 1\/2. Eterogeneit\u00e0 di distribuzione dei precursori tiolici all\u2019interno e tra i grappoli<\/strong>; <em>La Revue des \u0152nologues, 175, 2020.<\/em><\/li>\n<\/ul>\n\n\n\n<ul class=\"wp-block-list\">\n<li>Bonnaffoux, H., Charrier, F., Roy, A., Delpech, S., Roland, A., Cavelier, F., e Schneider R. (2020). Valorizzazione del potenziale aromatico tiolico della vendemmia: Parte 2\/2. <strong>Impatto delle operazioni prefermentative; La Revue des \u0152nologues<\/strong>, n. 176, luglio 2020.<\/li>\n<\/ul>\n\n\n\n<ul class=\"wp-block-list\">\n<li>Mangiameli, M., Petegolli, D. e Schneider, R. (2018). <strong>Riduci i problemi di filtrazione: una nuova formulazione enzimatica per evitare l\u2019intasamento dei filtri.<\/strong> <em>Australian and New Zealand Grapegrower and Winemaker, <\/em>(651), 62-65.<\/li>\n<\/ul>\n<\/div>\n\n\n\n<div class=\"wp-block-column is-layout-flow wp-block-column-is-layout-flow\">\n<ul class=\"wp-block-list\">\n<li>Caboulet, D., Ducasse, M. A., Roy, A., Dagan, L., Fauveau, C., Pellerin, P. e Schneider, R. (2012). <strong>L\u2019influenza dei ceppi di lievito sulle qualit\u00e0 fenoliche e aromatiche dei vini rossi.<\/strong> <em>Wine and Viticulture Journal<\/em>, <em>27<\/em>(6), 35-42.<\/li>\n<\/ul>\n\n\n\n<ul class=\"wp-block-list\">\n<li>Wantz, S., Bajard, C., Fauveau, C. e Pellerin, P. (2000). <strong>Verso un utilizzo ottimale degli enzimi enologici nella termovinificazione. <\/strong><em>Revue Fran\u00e7aise d\u2019Oenologie (Francia).<\/em><\/li>\n<\/ul>\n<\/div>\n<\/div>\n\n<h2 class=\"wp-block-heading\"><strong>Congressi Scientifici<\/strong><\/h2>\n\n<div style=\"height:50px\" aria-hidden=\"true\" class=\"wp-block-spacer\"><\/div>\n\n<ul class=\"wp-block-list\">\n<li>Gallo, A., Paolini, M., Castello, D., Carrau, F., Schneider, R., Cappello, N., &#8230; e Roman Villegas, T. (2023). <strong>Prestazioni aromatiche e fermentative di Hanseniaspora vineae in diversi protocolli di coinoculazione con Saccharomyces cerevisiae per la vinificazione in bianco<\/strong>. <em>44\u00b0 Congresso Mondiale della Vite e del Vino, Cadice\/Jerez, Spagna, 5-9 giugno 2023<\/em> (pp. 699-701). ES. <\/li>\n\n\n\n<li>Martin, V., Risso, C., Listur, B., Medina, K., Valera, M. J., Schneider, R., &#8230; e Carrau, F. (2023). <strong>Attivit\u00e0 proteolitica durante la fermentazione del vino bianco da parte di ceppi di lievito Hanseniaspora vineae<\/strong>. <em>BIO Web of Conferences<\/em> (Vol. 56, p. 02020). EDP Sciences. <\/li>\n<\/ul>\n\n<div style=\"height:100px\" aria-hidden=\"true\" class=\"wp-block-spacer\"><\/div>\n","protected":false},"excerpt":{"rendered":"<p>Ecco un elenco completo delle nostre recenti pubblicazioni: pubblicazioni scientifiche, articoli tecnici, libri o [&hellip;]<\/p>\n","protected":false},"author":3,"featured_media":0,"parent":21031,"menu_order":2,"comment_status":"closed","ping_status":"closed","template":"","meta":{"_acf_changed":false,"_seopress_robots_primary_cat":"0","_seopress_titles_title":"","_seopress_titles_desc":"","_seopress_robots_index":"","footnotes":""},"class_list":["post-21036","page","type-page","status-publish"],"acf":[],"_links":{"self":[{"href":"https:\/\/oenobrands.com\/it\/wp-json\/wp\/v2\/pages\/21036","targetHints":{"allow":["GET"]}}],"collection":[{"href":"https:\/\/oenobrands.com\/it\/wp-json\/wp\/v2\/pages"}],"about":[{"href":"https:\/\/oenobrands.com\/it\/wp-json\/wp\/v2\/types\/page"}],"author":[{"embeddable":true,"href":"https:\/\/oenobrands.com\/it\/wp-json\/wp\/v2\/users\/3"}],"replies":[{"embeddable":true,"href":"https:\/\/oenobrands.com\/it\/wp-json\/wp\/v2\/comments?post=21036"}],"version-history":[{"count":0,"href":"https:\/\/oenobrands.com\/it\/wp-json\/wp\/v2\/pages\/21036\/revisions"}],"up":[{"embeddable":true,"href":"https:\/\/oenobrands.com\/it\/wp-json\/wp\/v2\/pages\/21031"}],"wp:attachment":[{"href":"https:\/\/oenobrands.com\/it\/wp-json\/wp\/v2\/media?parent=21036"}],"curies":[{"name":"wp","href":"https:\/\/api.w.org\/{rel}","templated":true}]}}