{"id":21028,"date":"2024-07-01T07:30:38","date_gmt":"2024-07-01T05:30:38","guid":{"rendered":"https:\/\/oenobrands.com\/rapidase-enzymes-kits-2\/"},"modified":"2025-11-25T09:31:16","modified_gmt":"2025-11-25T08:31:16","slug":"rapidase-enzymes-kits-2","status":"publish","type":"page","link":"https:\/\/oenobrands.com\/it\/rapidase-enzymes-kits-2\/","title":{"rendered":"RAPIDASE Enzymes Kits"},"content":{"rendered":"\n<div style=\"height:50px\" aria-hidden=\"true\" class=\"wp-block-spacer\"><\/div>\n\n<div class=\"wp-block-columns are-vertically-aligned-center is-layout-flex wp-container-core-columns-is-layout-9d6595d7 wp-block-columns-is-layout-flex\">\n<div class=\"wp-block-column is-vertically-aligned-center is-layout-flow wp-block-column-is-layout-flow\"><div class=\"wp-block-image is-style-default\">\n<figure class=\"aligncenter size-full is-resized\"><img loading=\"lazy\" decoding=\"async\" width=\"582\" height=\"400\" src=\"http:\/\/oenobrands.com\/wp-content\/uploads\/2024\/07\/KIT_GENERICO-582-x-400-px.png\" alt=\"Rapidase-enzyme-kit\" class=\"wp-image-8851\" style=\"width:289px;height:auto\" srcset=\"https:\/\/oenobrands.com\/wp-content\/uploads\/2024\/07\/KIT_GENERICO-582-x-400-px.png 582w, https:\/\/oenobrands.com\/wp-content\/uploads\/2024\/07\/KIT_GENERICO-582-x-400-px-300x206.png 300w\" sizes=\"auto, (max-width: 582px) 100vw, 582px\" \/><\/figure>\n<\/div><\/div>\n\n\n\n<div class=\"wp-block-column is-vertically-aligned-center is-layout-flow wp-block-column-is-layout-flow\">\n<p>Presso Oenobrands, comprendiamo l\u2019importanza della precisione e della chiarezza nella vinificazione. I nostri Rapidase\u00ae Enzyme Kits sono progettati per aiutarvi a dimostrare e misurare in modo efficace le prestazioni degli enzimi Rapidase. Questi kit forniscono gli <strong>strumenti e i protocolli <\/strong>necessari per valutare completamente le prestazioni degli enzimi Rapidase.   <\/p>\n\n\n\n<p><strong>Proviamo ora questi kit!<\/strong><\/p>\n<\/div>\n<\/div>\n\n<div style=\"height:70px\" aria-hidden=\"true\" class=\"wp-block-spacer\"><\/div>\n\n<h2 class=\"wp-block-heading\"><strong>Quale kit enzimatico Rapidase \u00e8 adatto a voi?<\/strong><\/h2>\n\n<div style=\"height:30px\" aria-hidden=\"true\" class=\"wp-block-spacer\"><\/div>\n\n<div class=\"wp-block-group has-background\" style=\"background-color:#f7f7f7\"><div class=\"wp-block-group__inner-container is-layout-constrained wp-block-group-is-layout-constrained\">\n<h4 class=\"wp-block-heading\">Rapidase Revelation Aroma Kit<\/h4>\n\n\n\n<div style=\"height:30px\" aria-hidden=\"true\" class=\"wp-block-spacer\"><\/div>\n\n\n\n<div class=\"wp-block-columns is-layout-flex wp-container-core-columns-is-layout-9d6595d7 wp-block-columns-is-layout-flex\">\n<div class=\"wp-block-column is-vertically-aligned-center is-layout-flow wp-block-column-is-layout-flow\"><div class=\"wp-block-image\">\n<figure class=\"aligncenter size-full\"><img loading=\"lazy\" decoding=\"async\" width=\"400\" height=\"551\" src=\"http:\/\/oenobrands.com\/wp-content\/uploads\/2024\/07\/KIT_REVELATION-1-400x551-1.png\" alt=\"rapidase-enzyme-revelation-aroma-kit\" class=\"wp-image-8844\" srcset=\"https:\/\/oenobrands.com\/wp-content\/uploads\/2024\/07\/KIT_REVELATION-1-400x551-1.png 400w, https:\/\/oenobrands.com\/wp-content\/uploads\/2024\/07\/KIT_REVELATION-1-400x551-1-218x300.png 218w\" sizes=\"auto, (max-width: 400px) 100vw, 400px\" \/><\/figure>\n<\/div><\/div>\n\n\n\n<div class=\"wp-block-column is-vertically-aligned-center is-layout-flow wp-block-column-is-layout-flow\" style=\"flex-basis:5px\"><\/div>\n\n\n\n<div class=\"wp-block-column is-vertically-aligned-top is-layout-flow wp-block-column-is-layout-flow\">\n<p><strong>Rapidase\u00ae Revelation <\/strong>Aroma permette un rilascio potenziato degli aromi dai loro precursori glicosilati presenti nei vini. <\/p>\n\n\n\n<div class=\"wp-block-buttons is-content-justification-center is-layout-flex wp-container-core-buttons-is-layout-16018d1d wp-block-buttons-is-layout-flex\">\n<div class=\"wp-block-button is-style-fill\"><a class=\"wp-block-button__link wp-element-button\" href=\"https:\/\/oenobrands.com\/product\/enzyme\/rapidase\/revelation-aroma\/\" target=\"_blank\" rel=\"noreferrer noopener\">Rapidase Revelation aroma<\/a><\/div>\n<\/div>\n\n\n\n<div style=\"height:30px\" aria-hidden=\"true\" class=\"wp-block-spacer\"><\/div>\n\n\n\n<p>Il suo utilizzo consente la produzione <strong>di vini con un bouquet intenso e multidimensionale<\/strong>. Inoltre, in caso di contaminazione da fumo, questa formulazione glicosidasica rappresenta la prima fase di un protocollo in due passaggi che mira prima a rivelare tutti gli aromi affumicati e poi a eliminarli. <\/p>\n\n\n\n<div style=\"height:30px\" aria-hidden=\"true\" class=\"wp-block-spacer\"><\/div>\n\n\n\n<h3 class=\"wp-block-heading\"><strong>Come si utilizza il kit Rapidase Revelation Aroma?<\/strong><\/h3>\n\n\n\n<ol class=\"wp-block-list\">\n<li>Seguire le istruzioni del kit, utilizzando l\u2019enzima granulare per preparare una soluzione enzimatica.<\/li>\n\n\n\n<li>Aggiungere una dose di soluzione enzimatica al vino seguendo i protocolli indicati nei link sottostanti.<\/li>\n<\/ol>\n\n\n\n<div style=\"height:30px\" aria-hidden=\"true\" class=\"wp-block-spacer\"><\/div>\n\n\n\n<div class=\"wp-block-buttons is-content-justification-center is-layout-flex wp-container-core-buttons-is-layout-16018d1d wp-block-buttons-is-layout-flex\">\n<div class=\"wp-block-button is-style-fill\"><a class=\"wp-block-button__link wp-element-button\" href=\"https:\/\/oenobrands.com\/wp-content\/uploads\/2024\/07\/RAPIDASE_Revelation-Aroma-Protocole_2023_EN_G_03.pdf\" target=\"_blank\" rel=\"noreferrer noopener\">Protocollo per la rivelazione degli aromi<\/a><\/div>\n<\/div>\n\n\n\n<div style=\"height:30px\" aria-hidden=\"true\" class=\"wp-block-spacer\"><\/div>\n\n\n\n<div class=\"wp-block-buttons is-content-justification-center is-layout-flex wp-container-core-buttons-is-layout-16018d1d wp-block-buttons-is-layout-flex\">\n<div class=\"wp-block-button is-style-fill\"><a class=\"wp-block-button__link wp-element-button\" href=\"https:\/\/oenobrands.com\/wp-content\/uploads\/2024\/07\/RAPIDASE_Revelation-Aroma-Protocole-Smoke-Taint_2023_EN_G_01.pdf\" target=\"_blank\" rel=\"noreferrer noopener\">Protocollo per la rimozione dei sentori di fumo<\/a><\/div>\n<\/div>\n<\/div>\n<\/div>\n\n\n\n<div style=\"height:30px\" aria-hidden=\"true\" class=\"wp-block-spacer\"><\/div>\n<\/div><\/div>\n\n<div style=\"height:70px\" aria-hidden=\"true\" class=\"wp-block-spacer\"><\/div>\n\n<div class=\"wp-block-group\"><div class=\"wp-block-group__inner-container is-layout-constrained wp-block-group-is-layout-constrained\">\n<h4 class=\"wp-block-heading\">Kit Rapidase Clear e Clear Extreme<\/h4>\n\n\n\n<div style=\"height:30px\" aria-hidden=\"true\" class=\"wp-block-spacer\"><\/div>\n\n\n\n<div class=\"wp-block-columns is-layout-flex wp-container-core-columns-is-layout-9d6595d7 wp-block-columns-is-layout-flex\">\n<div class=\"wp-block-column is-layout-flow wp-block-column-is-layout-flow\">\n<p>La chiarificazione del mosto tramite decantazione statica o flottazione \u00e8 fondamentale per ridurre i solidi, evitare l\u2019ossidazione, limitare i composti erbacei e garantire una fermentazione alcolica con meno batteri indigeni, lieviti e composti tossici. <\/p>\n<\/div>\n\n\n\n<div class=\"wp-block-column is-layout-flow wp-block-column-is-layout-flow\" style=\"flex-basis:5px\"><\/div>\n\n\n\n<div class=\"wp-block-column is-layout-flow wp-block-column-is-layout-flow\">\n<p><strong>Una chiarificazione rapida ed efficiente <\/strong>del succo si otterr\u00e0 diminuendo la viscosit\u00e0, consentendo una flocculazione pi\u00f9 rapida e fecce pi\u00f9 compatte. \u00c8 <strong>obbligatorio un test negativo<\/strong> della pectina e controllare anche il livello di glucano. <\/p>\n<\/div>\n<\/div>\n\n\n\n<div style=\"height:30px\" aria-hidden=\"true\" class=\"wp-block-spacer\"><\/div>\n\n\n\n<h3 class=\"wp-block-heading\"><strong>Come si utilizzano i kit Rapidase Clear e Clear Extreme?<\/strong><\/h3>\n\n\n\n<div style=\"height:30px\" aria-hidden=\"true\" class=\"wp-block-spacer\"><\/div>\n\n\n\n<div class=\"wp-block-columns is-layout-flex wp-container-core-columns-is-layout-9d6595d7 wp-block-columns-is-layout-flex\">\n<div class=\"wp-block-column is-vertically-aligned-center is-layout-flow wp-block-column-is-layout-flow\">\n<ol class=\"wp-block-list\">\n<li>Seguire le istruzioni del kit, utilizzando l\u2019enzima granulare per preparare una soluzione enzimatica.<\/li>\n\n\n\n<li>Aggiungere una dose di questa soluzione enzimatica al mosto e procedere al test della pectina. Vedere i protocolli tramite i link qui sotto. <\/li>\n<\/ol>\n\n\n\n<div style=\"height:30px\" aria-hidden=\"true\" class=\"wp-block-spacer\"><\/div>\n<\/div>\n\n\n\n<div class=\"wp-block-column is-vertically-aligned-center is-layout-flow wp-block-column-is-layout-flow\" style=\"flex-basis:5px\"><\/div>\n\n\n\n<div class=\"wp-block-column is-vertically-aligned-top is-layout-flow wp-block-column-is-layout-flow\">\n<div class=\"wp-block-buttons is-content-justification-center is-layout-flex wp-container-core-buttons-is-layout-16018d1d wp-block-buttons-is-layout-flex\">\n<div class=\"wp-block-button is-style-fill\"><a class=\"wp-block-button__link wp-element-button\" href=\"https:\/\/oenobrands.com\/wp-content\/uploads\/2024\/07\/RAPIDASE_Pectin-test_EN_G_04.pdf\" target=\"_blank\" rel=\"noreferrer noopener\">Protocollo test alla pectina<\/a><\/div>\n<\/div>\n\n\n\n<div style=\"height:30px\" aria-hidden=\"true\" class=\"wp-block-spacer\"><\/div>\n<\/div>\n<\/div>\n\n\n\n<div class=\"wp-block-columns is-layout-flex wp-container-core-columns-is-layout-9d6595d7 wp-block-columns-is-layout-flex\">\n<div class=\"wp-block-column is-layout-flow wp-block-column-is-layout-flow\"><div class=\"wp-block-image\">\n<figure class=\"aligncenter size-full is-resized\"><img loading=\"lazy\" decoding=\"async\" width=\"582\" height=\"400\" src=\"http:\/\/oenobrands.com\/wp-content\/uploads\/2024\/07\/KIT_CLEAR-582-x-400-px.png\" alt=\"Kit per la pulizia dell'enzima Rapidase\" class=\"wp-image-8847\" style=\"width:281px;height:auto\" srcset=\"https:\/\/oenobrands.com\/wp-content\/uploads\/2024\/07\/KIT_CLEAR-582-x-400-px.png 582w, https:\/\/oenobrands.com\/wp-content\/uploads\/2024\/07\/KIT_CLEAR-582-x-400-px-300x206.png 300w\" sizes=\"auto, (max-width: 582px) 100vw, 582px\" \/><\/figure>\n<\/div>\n\n\n<div style=\"height:30px\" aria-hidden=\"true\" class=\"wp-block-spacer\"><\/div>\n\n\n\n<div class=\"wp-block-buttons is-content-justification-center is-layout-flex wp-container-core-buttons-is-layout-16018d1d wp-block-buttons-is-layout-flex\">\n<div class=\"wp-block-button is-style-fill\"><a class=\"wp-block-button__link wp-element-button\" href=\"https:\/\/oenobrands.com\/product\/enzyme\/rapidase\/clear\/&lt;br\/&gt;&lt;br\/&gt;&lt;br\/&gt;&lt;div style=&quot;all: initial !important;&quot;&gt; &lt;\/div&gt;\" target=\"_blank\" rel=\"noreferrer noopener\">Rapidase Clear<\/a><\/div>\n<\/div>\n<\/div>\n\n\n\n<div class=\"wp-block-column is-layout-flow wp-block-column-is-layout-flow\"><div class=\"wp-block-image\">\n<figure class=\"aligncenter size-full is-resized\"><img loading=\"lazy\" decoding=\"async\" width=\"582\" height=\"400\" src=\"http:\/\/oenobrands.com\/wp-content\/uploads\/2024\/07\/KIT_CLEAR_EXTREME-585-x-400-px.png\" alt=\"Rapidase-enzyme-clear-estrema-kit\" class=\"wp-image-8849\" style=\"width:281px;height:auto\" srcset=\"https:\/\/oenobrands.com\/wp-content\/uploads\/2024\/07\/KIT_CLEAR_EXTREME-585-x-400-px.png 582w, https:\/\/oenobrands.com\/wp-content\/uploads\/2024\/07\/KIT_CLEAR_EXTREME-585-x-400-px-300x206.png 300w\" sizes=\"auto, (max-width: 582px) 100vw, 582px\" \/><\/figure>\n<\/div>\n\n\n<div style=\"height:30px\" aria-hidden=\"true\" class=\"wp-block-spacer\"><\/div>\n\n\n\n<div class=\"wp-block-buttons is-content-justification-center is-layout-flex wp-container-core-buttons-is-layout-16018d1d wp-block-buttons-is-layout-flex\">\n<div class=\"wp-block-button is-style-fill\"><a class=\"wp-block-button__link wp-element-button\" href=\"https:\/\/oenobrands.com\/product\/enzyme\/rapidase\/clear-extreme\/&lt;br\/&gt;&lt;br\/&gt;&lt;div style=&quot;all: initial !important;&quot;&gt; &lt;\/div&gt;\" target=\"_blank\" rel=\"noreferrer noopener\">Rapidase Clear estremo<\/a><\/div>\n<\/div>\n<\/div>\n<\/div>\n\n\n\n<div style=\"height:30px\" aria-hidden=\"true\" class=\"wp-block-spacer\"><\/div>\n\n\n\n<h5 class=\"wp-block-heading\"><strong>Nel caso di uva marcia<\/strong><\/h5>\n\n\n\n<div style=\"height:30px\" aria-hidden=\"true\" class=\"wp-block-spacer\"><\/div>\n\n\n\n<div class=\"wp-block-columns is-layout-flex wp-container-core-columns-is-layout-9d6595d7 wp-block-columns-is-layout-flex\">\n<div class=\"wp-block-column is-vertically-aligned-center is-layout-flow wp-block-column-is-layout-flow\">\n<p>La degradazione delle catene di polisaccaridi pectici semplici e complessi, nonch\u00e9 dei glucani provenienti dall&#8217;uva marcia, migliorer\u00e0 la filtrazione, accelerer\u00e0 la chiarificazione e migliorer\u00e0 la limpidezza dopo la chiarificazione. <\/p>\n\n\n\n<p><strong>\u00c8 obbligatorio un test del glucano negativo.<\/strong><\/p>\n<\/div>\n\n\n\n<div class=\"wp-block-column is-vertically-aligned-center is-layout-flow wp-block-column-is-layout-flow\" style=\"flex-basis:5px\"><\/div>\n\n\n\n<div class=\"wp-block-column is-vertically-aligned-top is-layout-flow wp-block-column-is-layout-flow\">\n<div class=\"wp-block-buttons is-content-justification-center is-layout-flex wp-container-core-buttons-is-layout-16018d1d wp-block-buttons-is-layout-flex\">\n<div class=\"wp-block-button is-style-fill\"><a class=\"wp-block-button__link wp-element-button\" href=\"https:\/\/oenobrands.com\/wp-content\/uploads\/2024\/07\/RAPIDASE_Glucan-test_EN_G_03.pdf\" target=\"_blank\" rel=\"noreferrer noopener\">Protocollo per il test dei glucani<\/a><\/div>\n<\/div>\n<\/div>\n<\/div>\n\n\n\n<div style=\"height:70px\" aria-hidden=\"true\" class=\"wp-block-spacer\"><\/div>\n\n\n\n<hr class=\"wp-block-separator has-text-color has-black-color has-alpha-channel-opacity has-black-background-color has-background\"\/>\n\n\n\n<div class=\"wp-block-columns is-layout-flex wp-container-core-columns-is-layout-9d6595d7 wp-block-columns-is-layout-flex\">\n<div class=\"wp-block-column is-vertically-aligned-center is-layout-flow wp-block-column-is-layout-flow\" style=\"flex-basis:30%\">\n<h1 class=\"wp-block-heading has-text-color\" style=\"color:#545859\">Scopri la gamma RAPIDASE<\/h1>\n\n\n\n<div style=\"height:20px\" aria-hidden=\"true\" class=\"wp-block-spacer\"><\/div>\n\n\n\n<div class=\"wp-block-buttons is-content-justification-left is-layout-flex wp-container-core-buttons-is-layout-fdcfc74e wp-block-buttons-is-layout-flex\">\n<div class=\"wp-block-button\"><a class=\"wp-block-button__link has-background wp-element-button\" href=\"https:\/\/oenobrands.com\/product\/enzyme\/rapidase\/\" style=\"background-color:#545859\">RAPIDASE<\/a><\/div>\n<\/div>\n<\/div>\n\n\n\n<div class=\"wp-block-column is-layout-flow wp-block-column-is-layout-flow\" style=\"flex-basis:10%\"><\/div>\n\n\n\n<div class=\"wp-block-column is-layout-flow wp-block-column-is-layout-flow\"><div class=\"wp-block-image\">\n<figure class=\"aligncenter size-full\"><img decoding=\"async\" src=\"http:\/\/oenobrands.com\/wp-content\/uploads\/2023\/05\/OENOBRANDS-Rapidase-bandeau.png\" alt=\"OENOBRANDS-Rapidase-banner\" class=\"wp-image-4529\"\/><\/figure>\n<\/div><\/div>\n<\/div>\n\n\n\n<div style=\"height:50px\" aria-hidden=\"true\" class=\"wp-block-spacer\"><\/div>\n<\/div><\/div>\n","protected":false},"excerpt":{"rendered":"<p>Presso Oenobrands, comprendiamo l\u2019importanza della precisione e della chiarezza nella vinificazione. I nostri Rapidase\u00ae [&hellip;]<\/p>\n","protected":false},"author":3,"featured_media":0,"parent":0,"menu_order":0,"comment_status":"closed","ping_status":"closed","template":"","meta":{"_acf_changed":false,"_seopress_robots_primary_cat":"0","_seopress_titles_title":"","_seopress_titles_desc":"","_seopress_robots_index":"","footnotes":""},"class_list":["post-21028","page","type-page","status-publish"],"acf":[],"_links":{"self":[{"href":"https:\/\/oenobrands.com\/it\/wp-json\/wp\/v2\/pages\/21028","targetHints":{"allow":["GET"]}}],"collection":[{"href":"https:\/\/oenobrands.com\/it\/wp-json\/wp\/v2\/pages"}],"about":[{"href":"https:\/\/oenobrands.com\/it\/wp-json\/wp\/v2\/types\/page"}],"author":[{"embeddable":true,"href":"https:\/\/oenobrands.com\/it\/wp-json\/wp\/v2\/users\/3"}],"replies":[{"embeddable":true,"href":"https:\/\/oenobrands.com\/it\/wp-json\/wp\/v2\/comments?post=21028"}],"version-history":[{"count":0,"href":"https:\/\/oenobrands.com\/it\/wp-json\/wp\/v2\/pages\/21028\/revisions"}],"wp:attachment":[{"href":"https:\/\/oenobrands.com\/it\/wp-json\/wp\/v2\/media?parent=21028"}],"curies":[{"name":"wp","href":"https:\/\/api.w.org\/{rel}","templated":true}]}}