{"id":21025,"date":"2024-05-20T13:26:14","date_gmt":"2024-05-20T11:26:14","guid":{"rendered":"https:\/\/oenobrands.com\/rapidase-enzyme-production-2\/"},"modified":"2026-04-10T11:55:26","modified_gmt":"2026-04-10T09:55:26","slug":"rapidase-enzymi-produzione","status":"publish","type":"page","link":"https:\/\/oenobrands.com\/it\/rapidase-enzymi-produzione\/","title":{"rendered":"Produzione di enzimi Rapidase"},"content":{"rendered":"\n<div style=\"height:70px\" aria-hidden=\"true\" class=\"wp-block-spacer\"><\/div>\n\n\n\n<p>In Oenobrands sviluppiamo con piacere enzimi di alta qualit\u00e0 per aiutare i produttori di vino a migliorare i loro processi e la qualit\u00e0 finale.<\/p>\n\n\n\n<div style=\"height:30px\" aria-hidden=\"true\" class=\"wp-block-spacer\"><\/div>\n\n\n\n<p class=\"has-drop-cap\">Gli enzimi Rapidase sono prodotti secondo elevati standard qualitativi. <strong>Ecco una panoramica del processo di produzione di Rapidase:<\/strong><\/p>\n\n\n\n<p><\/p>\n\n\n<div class=\"wp-block-image is-style-zoooom\">\n<figure class=\"aligncenter size-large\"><img alt=\"Rapidase_enzyme_production oenobrands_wine\" loading=\"lazy\" decoding=\"async\" width=\"949\" height=\"775\" src=\"https:\/\/oenobrands.com\/wp-content\/uploads\/2024\/05\/Rapidase-production.png\" alt=\"\" class=\"wp-image-7836\" srcset=\"https:\/\/oenobrands.com\/wp-content\/uploads\/2024\/05\/Rapidase-production.png 949w, https:\/\/oenobrands.com\/wp-content\/uploads\/2024\/05\/Rapidase-production-300x245.png 300w, https:\/\/oenobrands.com\/wp-content\/uploads\/2024\/05\/Rapidase-production-768x627.png 768w\" sizes=\"auto, (max-width: 949px) 100vw, 949px\" \/><\/figure>\n<\/div>\n\n\n<div style=\"height:50px\" aria-hidden=\"true\" class=\"wp-block-spacer\"><\/div>\n\n\n\n<div class=\"wp-block-columns is-layout-flex wp-container-core-columns-is-layout-9d6595d7 wp-block-columns-is-layout-flex\">\n<div class=\"wp-block-column is-layout-flow wp-block-column-is-layout-flow\">\n<ol class=\"wp-block-list\">\n<li>Il nostro processo inizia con la selezione di microrganismi naturali noti per la loro capacit\u00e0 di produrre enzimi. Coltivati in ambienti controllati, questi microrganismi garantiscono una crescita ottimale e un\u2019elevata produzione enzimatica. <\/li>\n\n\n\n<li>Nei serbatoi di fermentazione, i nostri microrganismi metabolizzano i nutrienti producendo enzimi. Dopo la fermentazione, raccogliamo il brodo ricco di enzimi, carico di forte attivit\u00e0 enzimatica. <\/li>\n\n\n\n<li>Filtrando e separando gli enzimi, possiamo purificare il brodo e preservarne le propriet\u00e0 benefiche.<\/li>\n<\/ol>\n<\/div>\n\n\n\n<div class=\"wp-block-column is-layout-flow wp-block-column-is-layout-flow\" style=\"flex-basis:10px\"><\/div>\n\n\n\n<div class=\"wp-block-column is-layout-flow wp-block-column-is-layout-flow\">\n<ol start=\"4\" class=\"wp-block-list\">\n<li>I nostri enzimi purificati vengono formulati con cura in forma liquida o in polvere, garantendo stabilit\u00e0 ottimale e facilit\u00e0 d\u2019uso per i produttori di vino.<\/li>\n\n\n\n<li>La qualit\u00e0 \u00e8 la nostra priorit\u00e0. Rigorosi test garantiscono che i nostri enzimi rispettino elevati standard di purezza, efficacia e costanza. <\/li>\n\n\n\n<li>Una volta approvati, i nostri enzimi sono pronti per essere utilizzati dai produttori di vino di tutto il mondo, supportandoli in ogni fase del processo di vinificazione.<\/li>\n<\/ol>\n<\/div>\n<\/div>\n\n\n\n<div style=\"height:10px\" aria-hidden=\"true\" class=\"wp-block-spacer\"><\/div>\n\n\n\n<div class=\"wp-block-columns are-vertically-aligned-center has-background is-layout-flex wp-container-core-columns-is-layout-9d6595d7 wp-block-columns-is-layout-flex\" style=\"background-color:#f7f7f7\">\n<div class=\"wp-block-column is-vertically-aligned-center is-layout-flow wp-block-column-is-layout-flow\">\n<div style=\"height:40px\" aria-hidden=\"true\" class=\"wp-block-spacer\"><\/div>\n\n\n\n<h2 class=\"wp-block-heading has-text-color\" id=\"block-296216b5-5972-4554-b537-68cfc5829aae\" style=\"color:#3f3e3a;text-transform:uppercase\"><strong>enzimi rapidi ed efficienti<\/strong><\/h2>\n\n\n\n<div style=\"height:40px\" aria-hidden=\"true\" class=\"wp-block-spacer\"><\/div>\n<\/div>\n\n\n\n<div class=\"wp-block-column is-vertically-aligned-center is-layout-flow wp-block-column-is-layout-flow\" style=\"flex-basis:20%\"><div class=\"wp-block-image\">\n<figure class=\"aligncenter size-full is-resized\"><img loading=\"lazy\" decoding=\"async\" width=\"198\" height=\"196\" src=\"http:\/\/oenobrands.com\/wp-content\/uploads\/2023\/04\/RAPIDASE-tested-validated-by-oenobrands.png\" alt=\"Rapidase testato e convalidato da Oenobrands\" class=\"wp-image-2394\" style=\"object-fit:cover;width:165px;height:165px\"\/><\/figure>\n<\/div><\/div>\n\n\n\n<div class=\"wp-block-column is-vertically-aligned-center has-white-color has-text-color is-layout-flow wp-block-column-is-layout-flow\">\n<p class=\"has-text-color\" style=\"color:#3f3e3a;font-style:normal;font-weight:600\">Per offrire la massima efficienza nell&#8217;applicazione, ogni formulazione Rapidase\u00ae viene sviluppata e testata con i pi\u00f9 rinomati istituti di ricerca enologica del mondo e convalidata nelle aziende vinicole su scala produttiva. Il nostro team tecnico e commerciale \u00e8 a disposizione per fornire risultati di test e assistervi nella valutazione delle prestazioni del prodotto nelle vostre condizioni specifiche.<\/p>\n<\/div>\n<\/div>\n\n\n\n<div style=\"height:50px\" aria-hidden=\"true\" class=\"wp-block-spacer\"><\/div>\n\n\n\n<h2 class=\"wp-block-heading has-text-align-left\"><strong>Come orientarsi nella nostra gamma di enzimi Rapidase?<\/strong><\/h2>\n\n\n\n<div style=\"height:30px\" aria-hidden=\"true\" class=\"wp-block-spacer\"><\/div>\n\n\n\n<div class=\"wp-block-buttons is-content-justification-center is-layout-flex wp-container-core-buttons-is-layout-16018d1d wp-block-buttons-is-layout-flex\">\n<div class=\"wp-block-button\"><a class=\"wp-block-button__link wp-element-button\" href=\"https:\/\/oenobrands.com\/it\/prodotto\/enzima\/scelta-rapidase\/\" target=\"_blank\" rel=\"noreferrer noopener\">Scelta dell\u2019enzima Rapidase<\/a><\/div>\n<\/div>\n\n\n\n<div style=\"height:50px\" aria-hidden=\"true\" class=\"wp-block-spacer\"><\/div>\n","protected":false},"excerpt":{"rendered":"<p>In Oenobrands sviluppiamo con piacere enzimi di alta qualit\u00e0 per aiutare i produttori di [&hellip;]<\/p>\n","protected":false},"author":3,"featured_media":0,"parent":0,"menu_order":0,"comment_status":"closed","ping_status":"closed","template":"","meta":{"_acf_changed":false,"_seopress_robots_primary_cat":"","_seopress_titles_title":"","_seopress_titles_desc":"","_seopress_robots_index":"","footnotes":""},"class_list":["post-21025","page","type-page","status-publish"],"acf":[],"_links":{"self":[{"href":"https:\/\/oenobrands.com\/it\/wp-json\/wp\/v2\/pages\/21025","targetHints":{"allow":["GET"]}}],"collection":[{"href":"https:\/\/oenobrands.com\/it\/wp-json\/wp\/v2\/pages"}],"about":[{"href":"https:\/\/oenobrands.com\/it\/wp-json\/wp\/v2\/types\/page"}],"author":[{"embeddable":true,"href":"https:\/\/oenobrands.com\/it\/wp-json\/wp\/v2\/users\/3"}],"replies":[{"embeddable":true,"href":"https:\/\/oenobrands.com\/it\/wp-json\/wp\/v2\/comments?post=21025"}],"version-history":[{"count":6,"href":"https:\/\/oenobrands.com\/it\/wp-json\/wp\/v2\/pages\/21025\/revisions"}],"predecessor-version":[{"id":28693,"href":"https:\/\/oenobrands.com\/it\/wp-json\/wp\/v2\/pages\/21025\/revisions\/28693"}],"wp:attachment":[{"href":"https:\/\/oenobrands.com\/it\/wp-json\/wp\/v2\/media?parent=21025"}],"curies":[{"name":"wp","href":"https:\/\/api.w.org\/{rel}","templated":true}]}}