{"id":21007,"date":"2024-06-16T21:54:44","date_gmt":"2024-06-16T19:54:44","guid":{"rendered":"https:\/\/oenobrands.com\/prodotto\/mannoprotein\/claristar\/claristar-mannoproteine\/"},"modified":"2025-12-10T08:00:15","modified_gmt":"2025-12-10T07:00:15","slug":"claristar-mannoproteine","status":"publish","type":"page","link":"https:\/\/oenobrands.com\/it\/prodotto\/mannoproteine\/claristar\/claristar-mannoproteine\/","title":{"rendered":"Claristar mannoproteine"},"content":{"rendered":"\n<h1 class=\"wp-block-heading has-text-color\" style=\"color:#64a70b\">Claristar mannoproteine<\/h1>\n\n\n\n<div style=\"height:30px\" aria-hidden=\"true\" class=\"wp-block-spacer\"><\/div>\n\n\n\n<h2 class=\"wp-block-heading has-medium-font-size\"><strong>Soluzione di mannoproteine per la stabilizzazione tartarica e il miglioramento organolettico dei vini<\/strong><\/h2>\n\n\n\n<div style=\"height:30px\" aria-hidden=\"true\" class=\"wp-block-spacer\"><\/div>\n\n\n\n<h3 class=\"wp-block-heading has-medium-font-size\"><strong>SCOPO<\/strong><\/h3>\n\n\n\n<p>Oenobrands, esperto nelle applicazioni enologiche delle mannoproteine, ha sviluppato <strong>Claristar\u00ae<\/strong>, una soluzione purificata di specifiche mannoproteine estratte da <em>Saccharomyces cerevisiae.<\/em> La tecnica di estrazione e separazione brevettata isola le mannoproteine presenti naturalmente nei lieviti e nei vini, che contengono la frazione con il pi\u00f9 alto<strong> Indice di Stabilit\u00e0 Tart\u00e1rica (TSI)<\/strong>, ossia la massima efficacia di stabilizzazione tartarica. <\/p>\n\n\n\n<div style=\"height:50px\" aria-hidden=\"true\" class=\"wp-block-spacer\"><\/div>\n\n\n\n<div class=\"wp-block-columns is-layout-flex wp-container-core-columns-is-layout-9d6595d7 wp-block-columns-is-layout-flex\">\n<div class=\"wp-block-column is-layout-flow wp-block-column-is-layout-flow\" style=\"flex-basis:45%\">\n<h3 class=\"wp-block-heading has-text-color\" style=\"color:#64a70b\"><strong>Applicazione<\/strong><\/h3>\n\n\n\n<p class=\"has-text-color has-link-color wp-elements-43f677583fcfc1fa1f8e9e24008e6c23\" style=\"color:#01426a\"><strong>STABILIZZAZIONE TARTARICA<\/strong><\/p>\n\n\n\n<p><strong>Claristar <\/strong>stabilizza i vini rossi, bianchi e rosati fermi, inibendo cos\u00ec la crescita dei cristalli di bitartrato di potassio.<br>Una dose precisa viene determinata nei laboratori partner, secondo il <strong>\u201cmetodo ISS per Claristar\u201d.<\/strong> ISS significa Indice di Sovrasaturazione Stabile, un parametro determinato tramite l\u2019analisi della stabilit\u00e0 tartarica con gli strumenti Checkstab.<br>Le mannoproteine si assorbono sulla superficie dei cristalli di bitartrato di potassio, modificandone la morfologia. La crescita dei cristalli si interrompe quando le mannoproteine assorbite ricoprono la superficie. L\u2019osservazione microscopica dei cristalli di bitartrato di potassio, con o senza <strong>Claristar,<\/strong> mostra chiaramente questo effetto. I cristalli in presenza di <strong>Claristar <\/strong>risultano visibilmente diversi e la disorganizzazione generata dall\u2019aggiunta di <strong>Claristar <\/strong>evita agglomerazioni e precipitazioni.<br><strong>Claristar <\/strong>non stabilizza i vini rispetto alla precipitazione del tartrato di calcio.<\/p>\n\n\n\n<div style=\"height:30px\" aria-hidden=\"true\" class=\"wp-block-spacer\"><\/div>\n\n\n\n<p class=\"has-text-color has-link-color wp-elements-c141fd5fad80c5b465bb1a067bb0370b\" style=\"color:#01426a\"><strong>SENSAZIONI ORGANOLETTICHE<\/strong><\/p>\n\n\n\n<p><strong>Claristar <\/strong>offre inoltre il vantaggio aggiuntivo di preservare e migliorare la qualit\u00e0 sensoriale del vino grazie all\u2019azione positiva delle mannoproteine sull\u2019equilibrio colloidale.<br><strong>Claristar<\/strong> migliora la qualit\u00e0 sensoriale del vino aumentando la percezione di morbidezza e riducendo l\u2019astringenza sul palato anteriore e posteriore. Inoltre, vengono preservati anche il colore del vino e la sua acidit\u00e0 naturale.<br>Dal 2007, i clienti di <strong>Claristar <\/strong>testimoniano che il vino trattato con Claristar mantiene il suo aroma fresco, preserva il potenziale aromatico e presenta una migliore resistenza all\u2019invecchiamento chimico rispetto ad altri metodi di stabilizzazione.<\/p>\n\n\n\n<div style=\"height:30px\" aria-hidden=\"true\" class=\"wp-block-spacer\"><\/div>\n\n\n\n<h3 class=\"wp-block-heading has-text-color\" style=\"color:#64a70b\"><strong>Scienza e tecnologia<\/strong><\/h3>\n\n\n\n<div style=\"height:30px\" aria-hidden=\"true\" class=\"wp-block-spacer\"><\/div>\n\n\n<div class=\"wp-block-image is-style-zoooom\">\n<figure class=\"aligncenter size-full\"><img alt=\"\" loading=\"lazy\" decoding=\"async\" width=\"515\" height=\"593\" src=\"https:\/\/oenobrands.com\/wp-content\/uploads\/2025\/12\/IT-Produtto-CLARISTAR.png\" alt=\"\" class=\"wp-image-22393\" srcset=\"https:\/\/oenobrands.com\/wp-content\/uploads\/2025\/12\/IT-Produtto-CLARISTAR.png 515w, https:\/\/oenobrands.com\/wp-content\/uploads\/2025\/12\/IT-Produtto-CLARISTAR-261x300.png 261w\" sizes=\"auto, (max-width: 515px) 100vw, 515px\" \/><\/figure>\n<\/div>\n\n\n<div style=\"height:30px\" aria-hidden=\"true\" class=\"wp-block-spacer\"><\/div>\n\n\n<div class=\"wp-block-image is-style-zoooom\">\n<figure class=\"aligncenter size-full\"><img alt=\"\" loading=\"lazy\" decoding=\"async\" width=\"555\" height=\"368\" src=\"https:\/\/oenobrands.com\/wp-content\/uploads\/2025\/12\/IT-Produtto-CLARISTAR-Claristar-ads.png\" alt=\"\" class=\"wp-image-22397\" srcset=\"https:\/\/oenobrands.com\/wp-content\/uploads\/2025\/12\/IT-Produtto-CLARISTAR-Claristar-ads.png 555w, https:\/\/oenobrands.com\/wp-content\/uploads\/2025\/12\/IT-Produtto-CLARISTAR-Claristar-ads-300x199.png 300w\" sizes=\"auto, (max-width: 555px) 100vw, 555px\" \/><figcaption class=\"wp-element-caption\">Confronto dei norisoprenoidi legati glicosidicamente: vino 1 dopo un mese e vino 2 dopo sei mesi con tre tecniche di stabilizzazione \u2013 dati Enosis Meraviglia<sup>\u00ae <\/sup>\u2013 <strong>Minore perdita con Claristar.<\/strong><\/figcaption><\/figure>\n<\/div><\/div>\n\n\n\n<div class=\"wp-block-column is-layout-flow wp-block-column-is-layout-flow\" style=\"flex-basis:6%\"><\/div>\n\n\n\n<div class=\"wp-block-column has-background is-layout-flow wp-block-column-is-layout-flow\" style=\"background-color:#f7f7f7;flex-basis:45%\">\n<div class=\"wp-block-columns is-layout-flex wp-container-core-columns-is-layout-9d6595d7 wp-block-columns-is-layout-flex\">\n<div class=\"wp-block-column is-vertically-aligned-top is-layout-flow wp-block-column-is-layout-flow\"><div class=\"wp-block-image\">\n<figure class=\"aligncenter size-medium\"><img loading=\"lazy\" decoding=\"async\" width=\"300\" height=\"154\" src=\"http:\/\/oenobrands.com\/wp-content\/uploads\/2023\/04\/Oenobrands-Claristar-logo-1-e1683712728273-300x154.png\" alt=\"Logo delle mannoproteine Claristar di Oenobrands\" class=\"wp-image-2449\"\/><\/figure>\n<\/div><\/div>\n<\/div>\n\n\n\n<div style=\"height:40px\" aria-hidden=\"true\" class=\"wp-block-spacer\"><\/div>\n\n\n\n<div class=\"wp-block-group\"><div class=\"wp-block-group__inner-container is-layout-constrained wp-block-group-is-layout-constrained\">\n<p class=\"has-text-align-center\"><strong>SCARICA LA SCHEDA TECNICA<\/strong><\/p>\n\n\n\n<div class=\"wp-block-columns is-not-stacked-on-mobile is-layout-flex wp-container-core-columns-is-layout-9d6595d7 wp-block-columns-is-layout-flex\">\n<div class=\"wp-block-column is-layout-flow wp-block-column-is-layout-flow\">\n<figure class=\"wp-block-image size-full\"><a href=\"https:\/\/oenobrands.com\/wp-content\/uploads\/2024\/07\/CLARISTAR-ADS-A4_2023_EN.pdf\" target=\"_blank\" rel=\"noreferrer noopener\"><img loading=\"lazy\" decoding=\"async\" width=\"180\" height=\"94\" src=\"http:\/\/oenobrands.com\/wp-content\/uploads\/2023\/04\/flag-united-states-english-american.png\" alt=\"bandiera-stati-uniti-inglese-americano\" class=\"wp-image-2510\"\/><\/a><\/figure>\n<\/div>\n\n\n\n<div class=\"wp-block-column is-layout-flow wp-block-column-is-layout-flow\">\n<figure class=\"wp-block-image size-full\"><a href=\"https:\/\/oenobrands.com\/wp-content\/uploads\/2024\/07\/Claristar-ADS-A4-2023-Francais_G_01.pdf\" target=\"_blank\" rel=\"noreferrer noopener\"><img loading=\"lazy\" decoding=\"async\" width=\"180\" height=\"94\" src=\"http:\/\/oenobrands.com\/wp-content\/uploads\/2023\/04\/drapeau-francais-france.png\" alt=\"bandiera francese \u2013 Francia\" class=\"wp-image-2508\"\/><\/a><\/figure>\n<\/div>\n\n\n\n<div class=\"wp-block-column is-layout-flow wp-block-column-is-layout-flow\">\n<figure class=\"wp-block-image size-full\"><a href=\"https:\/\/oenobrands.com\/wp-content\/uploads\/2024\/07\/Claristar-ADS-A4-2023-ES-G_02.pdf\" target=\"_blank\" rel=\"noreferrer noopener\"><img loading=\"lazy\" decoding=\"async\" width=\"180\" height=\"94\" src=\"http:\/\/oenobrands.com\/wp-content\/uploads\/2023\/04\/bandiera-spagnola-spagna.png\" alt=\"bandiera spagnola \u2013 Spagna\" class=\"wp-image-2506\"\/><\/a><\/figure>\n<\/div>\n\n\n\n<div class=\"wp-block-column is-layout-flow wp-block-column-is-layout-flow\">\n<figure class=\"wp-block-image size-full\"><a href=\"https:\/\/oenobrands.com\/wp-content\/uploads\/2024\/07\/CLARISTAR-ADS-A4-2023-IT-Corimpex.pdf\" target=\"_blank\" rel=\"noreferrer noopener\"><img loading=\"lazy\" decoding=\"async\" width=\"180\" height=\"94\" src=\"http:\/\/oenobrands.com\/wp-content\/uploads\/2023\/04\/bandiera-italiana-italy.png\" alt=\"bandiera italiana \u2013 Italia\" class=\"wp-image-2512\"\/><\/a><\/figure>\n<\/div>\n\n\n\n<div class=\"wp-block-column is-layout-flow wp-block-column-is-layout-flow\">\n<figure class=\"wp-block-image size-full\"><a href=\"https:\/\/oenobrands.com\/wp-content\/uploads\/2024\/07\/CLARISTAR-ADS-A4-2023-PT-Freitas.pdf\" target=\"_blank\" rel=\"noreferrer noopener\"><img loading=\"lazy\" decoding=\"async\" width=\"180\" height=\"94\" src=\"http:\/\/oenobrands.com\/wp-content\/uploads\/2024\/05\/Flag-drapeau-Portugal.png\" alt=\"bandiera portoghese \u2013 Portogallo\" class=\"wp-image-7139\"\/><\/a><\/figure>\n<\/div>\n\n\n\n<div class=\"wp-block-column is-layout-flow wp-block-column-is-layout-flow\">\n<figure class=\"wp-block-image size-full\"><a href=\"https:\/\/oenobrands.com\/wp-content\/uploads\/2024\/07\/CLARISTAR-ADS-A4-2023-RO-Elton.pdf\" target=\"_blank\" rel=\"noreferrer noopener\"><img loading=\"lazy\" decoding=\"async\" width=\"180\" height=\"94\" src=\"http:\/\/oenobrands.com\/wp-content\/uploads\/2024\/05\/Flag-drapeau-Roumanie.png\" alt=\"bandiera Romania\" class=\"wp-image-7145\"\/><\/a><\/figure>\n<\/div>\n<\/div>\n\n\n\n<div class=\"wp-block-columns is-not-stacked-on-mobile is-layout-flex wp-container-core-columns-is-layout-9d6595d7 wp-block-columns-is-layout-flex\">\n<div class=\"wp-block-column is-layout-flow wp-block-column-is-layout-flow\">\n<figure class=\"wp-block-image size-full\"><a href=\"https:\/\/oenobrands.com\/wp-content\/uploads\/2024\/07\/CLARISTAR-ADS-A4-2023-BUL.pdf\" target=\"_blank\" rel=\"noreferrer noopener\"><img alt=\"\" loading=\"lazy\" decoding=\"async\" width=\"180\" height=\"94\" src=\"http:\/\/oenobrands.com\/wp-content\/uploads\/2024\/05\/flag-drapeau-bulgarie.png\" alt=\"\" class=\"wp-image-7141\"\/><\/a><\/figure>\n<\/div>\n\n\n\n<div class=\"wp-block-column is-layout-flow wp-block-column-is-layout-flow\">\n<figure class=\"wp-block-image size-full\"><a href=\"https:\/\/oenobrands.com\/wp-content\/uploads\/2024\/07\/CLARISTAR-ADS-A4-2023_GR_Elton.pdf\" target=\"_blank\" rel=\"noreferrer noopener\"><img loading=\"lazy\" decoding=\"async\" width=\"180\" height=\"94\" src=\"http:\/\/oenobrands.com\/wp-content\/uploads\/2024\/07\/flag-greece-drapeaux.png\" alt=\"bandiera Grecia\" class=\"wp-image-11801\"\/><\/a><\/figure>\n<\/div>\n\n\n\n<div class=\"wp-block-column is-layout-flow wp-block-column-is-layout-flow\"><\/div>\n\n\n\n<div class=\"wp-block-column is-layout-flow wp-block-column-is-layout-flow\"><\/div>\n\n\n\n<div class=\"wp-block-column is-layout-flow wp-block-column-is-layout-flow\"><\/div>\n\n\n\n<div class=\"wp-block-column is-layout-flow wp-block-column-is-layout-flow\"><\/div>\n<\/div>\n<\/div><\/div>\n\n\n\n<hr class=\"wp-block-separator has-text-color has-alpha-channel-opacity has-background\" style=\"background-color:#162638;color:#162638\"\/>\n\n\n\n<div class=\"wp-block-buttons is-content-justification-center is-layout-flex wp-container-core-buttons-is-layout-16018d1d wp-block-buttons-is-layout-flex\">\n<div class=\"wp-block-button\"><a class=\"wp-block-button__link has-white-color has-text-color has-background has-text-align-center wp-element-button\" href=\"https:\/\/oenobrands.com\/it\/distributori\/\" style=\"background-color:#162638\" target=\"_blank\" rel=\"noreferrer noopener\">Il vostro distributore<\/a><\/div>\n<\/div>\n\n\n\n<hr class=\"wp-block-separator has-text-color has-alpha-channel-opacity has-background\" style=\"background-color:#162638;color:#162638\"\/>\n\n\n\n<h3 class=\"wp-block-heading\"><strong>Dosaggio<\/strong><\/h3>\n\n\n\n<p><strong>Claristar stabilizza vini con livelli di instabilit\u00e0 precedentemente valutati.<\/strong> Il campione viene prelevato dopo la preparazione dei vini e il pi\u00f9 vicino possibile all\u2019imbottigliamento.<\/p>\n\n\n\n<p>I laboratori partner eseguono il metodo unico e di riferimento sviluppato da Oenobrands, con il supporto di Dario Montagnani \/ Enolab Service srl e degli strumenti Checkstab di Delta Acque.<\/p>\n\n\n\n<p>L\u2019obiettivo di questa analisi \u00e8 informarti sull\u2019instabilit\u00e0 del vino e fornirti il dosaggio preciso tra 50 e 120 mL\/hL di Claristar necessario per stabilizzarlo \u2013 senza alcuna approssimazione.<\/p>\n\n\n\n<div style=\"height:30px\" aria-hidden=\"true\" class=\"wp-block-spacer\"><\/div>\n\n\n\n<h3 class=\"wp-block-heading\"><strong>Utilizzo<\/strong><\/h3>\n\n\n\n<p><strong>Claristar <\/strong>\u00e8 l\u2019ultimo trattamento prima dell\u2019imbottigliamento (dopo assemblaggio finale, stabilizzazione proteica, chiarifica, pre-filtrazione, ecc.). I vini, dopo almeno 6 mesi in cantina, sono principalmente destinati alla stabilizzazione tartarica. <\/p>\n\n\n\n<p>100% miscibile e solubile, <strong>Claristar <\/strong>viene aggiunto direttamente al vino prima dell\u2019imbottigliamento, garantendo un\u2019omogeneit\u00e0 perfetta.<br><strong>Claristar <\/strong>deve essere aggiunto immediatamente prima della microfiltrazione e almeno 24 ore prima dell\u2019imbottigliamento.<\/p>\n\n\n\n<h3 class=\"wp-block-heading\"><strong><strong>Confezione<\/strong><\/strong><\/h3>\n\n\n\n<p>Confezionato in contenitori da 2,5 e 20 litri.<\/p>\n\n\n\n<h3 class=\"wp-block-heading\"><strong>Composizione<\/strong><\/h3>\n\n\n\n<p><strong>Claristar<\/strong> \u00e8 una frazione specifica di mannoproteine in forma liquida estratta dal lievito <em>Saccharomyces cerevisiae.<\/em><\/p>\n\n\n\n<p><strong>Claristar <\/strong>contiene solfiti (100 mL\/hL di Claristar apportano 1,5 mg\/L di SO\u2082 al vino).<\/p>\n\n\n\n<h3 class=\"wp-block-heading\"><strong>Conservazione<\/strong><\/h3>\n\n\n\n<ul class=\"wp-block-list\">\n<li>Conservare in un ambiente asciutto, tra 10 e 15\u00b0C (50-59\u00b0F).<\/li>\n\n\n\n<li>Una volta aperto, conservare tra 5 e 10 \u00b0C (41 \u2013 50 \u00b0F) e consumare entro 4 settimane.<\/li>\n<\/ul>\n<\/div>\n<\/div>\n\n\n\n<div class=\"wp-block-group\"><div class=\"wp-block-group__inner-container is-layout-constrained wp-block-group-is-layout-constrained\">\n<div style=\"height:30px\" aria-hidden=\"true\" class=\"wp-block-spacer\"><\/div>\n\n\n\n<hr class=\"wp-block-separator has-text-color has-black-color has-alpha-channel-opacity has-black-background-color has-background\"\/>\n<\/div><\/div>\n\n\n\n<div class=\"wp-block-columns is-layout-flex wp-container-core-columns-is-layout-9d6595d7 wp-block-columns-is-layout-flex\">\n<div class=\"wp-block-column is-layout-flow wp-block-column-is-layout-flow\">\n<div class=\"wp-block-group\"><div class=\"wp-block-group__inner-container is-layout-constrained wp-block-group-is-layout-constrained\">\n<h2 class=\"wp-block-heading\"><strong>Scopri soluzioni correlate:<\/strong><\/h2>\n\n\n\n<div style=\"height:30px\" aria-hidden=\"true\" class=\"wp-block-spacer\"><\/div>\n\n\n\n<p><strong>Cerchi un approccio pi\u00f9 olistico alla vinificazione? <\/strong>Scopri le nostre soluzioni avanzate per la vinificazione in collaborazione con <strong>Claristar.<\/strong><\/p>\n\n\n\n<div style=\"height:30px\" aria-hidden=\"true\" class=\"wp-block-spacer\"><\/div>\n\n\n\n<div class=\"wp-block-columns are-vertically-aligned-center is-layout-flex wp-container-core-columns-is-layout-9d6595d7 wp-block-columns-is-layout-flex\">\n<div class=\"wp-block-column is-vertically-aligned-center is-layout-flow wp-block-column-is-layout-flow\" style=\"flex-basis:100%\">\n<div class=\"wp-block-buttons is-content-justification-center is-layout-flex wp-container-core-buttons-is-layout-16018d1d wp-block-buttons-is-layout-flex\">\n<div class=\"wp-block-button is-style-fill\"><a class=\"wp-block-button__link wp-element-button\" href=\"https:\/\/oenobrands.com\/solution\/wine-stabilisation\/tartrate-stabilisation\/\">Stabilit\u00e0 del tartrato<\/a><\/div>\n<\/div>\n<\/div>\n<\/div>\n<\/div><\/div>\n\n\n\n<div style=\"height:30px\" aria-hidden=\"true\" class=\"wp-block-spacer\"><\/div>\n<\/div>\n\n\n\n<div class=\"wp-block-column is-layout-flow wp-block-column-is-layout-flow\">\n<h2 class=\"wp-block-heading\"><strong>Cerchi qualcos\u2019altro?<\/strong><\/h2>\n\n\n\n<div style=\"height:30px\" aria-hidden=\"true\" class=\"wp-block-spacer\"><\/div>\n\n\n\n<p>Visita la nostra sezione \u201cSoluzioni\u201d, dove offriamo consulenza esperta, conoscenze pratiche e approcci innovativi organizzati secondo il processo di vinificazione. <strong>Dalla fermentazione alla filtrazione e all\u2019imbottigliamento, ti accompagniamo con soluzioni per ottimizzare ogni fase del tuo processo di vinificazione.<\/strong><\/p>\n\n\n\n<div style=\"height:30px\" aria-hidden=\"true\" class=\"wp-block-spacer\"><\/div>\n\n\n\n<div class=\"wp-block-columns are-vertically-aligned-center is-layout-flex wp-container-core-columns-is-layout-9d6595d7 wp-block-columns-is-layout-flex\">\n<div class=\"wp-block-column is-vertically-aligned-center is-layout-flow wp-block-column-is-layout-flow\" style=\"flex-basis:100%\">\n<div class=\"wp-block-buttons is-content-justification-center is-layout-flex wp-container-core-buttons-is-layout-16018d1d wp-block-buttons-is-layout-flex\">\n<div class=\"wp-block-button is-style-fill\"><a class=\"wp-block-button__link wp-element-button\" href=\"https:\/\/oenobrands.com\/solution\/\">Soluzioni enologiche avanzate<\/a><\/div>\n<\/div>\n<\/div>\n<\/div>\n<\/div>\n<\/div>\n\n\n\n<hr class=\"wp-block-separator has-text-color has-black-color has-alpha-channel-opacity has-black-background-color has-background\"\/>\n\n\n\n<div style=\"height:30px\" aria-hidden=\"true\" class=\"wp-block-spacer\"><\/div>\n\n\n\n<div class=\"wp-block-columns is-layout-flex wp-container-core-columns-is-layout-9d6595d7 wp-block-columns-is-layout-flex\">\n<div class=\"wp-block-column is-vertically-aligned-center is-layout-flow wp-block-column-is-layout-flow\" style=\"flex-basis:30%\">\n<h1 class=\"wp-block-heading has-text-color\" style=\"color:#50555a\">Scopri le nostre mannopreine di lievito<\/h1>\n\n\n\n<div style=\"height:20px\" aria-hidden=\"true\" class=\"wp-block-spacer\"><\/div>\n\n\n\n<div class=\"wp-block-buttons is-content-justification-center is-layout-flex wp-container-core-buttons-is-layout-16018d1d wp-block-buttons-is-layout-flex\">\n<div class=\"wp-block-button\"><a class=\"wp-block-button__link has-background wp-element-button\" href=\"https:\/\/oenobrands.com\/product\/mannoprotein\/\" style=\"background-color:#545859\">Mannoproteins<\/a><\/div>\n<\/div>\n<\/div>\n\n\n\n<div class=\"wp-block-column is-layout-flow wp-block-column-is-layout-flow\" style=\"flex-basis:10%\"><\/div>\n\n\n\n<div class=\"wp-block-column is-layout-flow wp-block-column-is-layout-flow\"><div class=\"wp-block-image\">\n<figure class=\"aligncenter size-full is-resized\"><img loading=\"lazy\" decoding=\"async\" width=\"250\" height=\"188\" src=\"http:\/\/oenobrands.com\/wp-content\/uploads\/2024\/03\/Oenobrands-Final-Touch-logo-250.png\" alt=\"FINAL TOUCH vino mannoproteico gamma vin generique\" class=\"wp-image-6478\" style=\"width:150px\"\/><\/figure>\n<\/div>\n\n<div class=\"wp-block-image\">\n<figure class=\"aligncenter size-full is-resized\"><img decoding=\"async\" src=\"http:\/\/oenobrands.com\/wp-content\/uploads\/2023\/04\/Oenobrands-Claristar-logo-1-e1683712728273.png\" alt=\"Logo delle mannoproteine Claristar di Oenobrands\" class=\"wp-image-2449\" style=\"width:150px\"\/><\/figure>\n<\/div><\/div>\n<\/div>\n\n\n\n<div style=\"height:50px\" aria-hidden=\"true\" class=\"wp-block-spacer\"><\/div>\n","protected":false},"excerpt":{"rendered":"<p>Claristar mannoproteine Soluzione di mannoproteine per la stabilizzazione tartarica e il miglioramento organolettico dei [&hellip;]<\/p>\n","protected":false},"author":3,"featured_media":0,"parent":21005,"menu_order":1,"comment_status":"closed","ping_status":"closed","template":"page-product.php","meta":{"_acf_changed":false,"_seopress_robots_primary_cat":"0","_seopress_titles_title":"","_seopress_titles_desc":"","_seopress_robots_index":"","footnotes":""},"class_list":["post-21007","page","type-page","status-publish"],"acf":[],"_links":{"self":[{"href":"https:\/\/oenobrands.com\/it\/wp-json\/wp\/v2\/pages\/21007","targetHints":{"allow":["GET"]}}],"collection":[{"href":"https:\/\/oenobrands.com\/it\/wp-json\/wp\/v2\/pages"}],"about":[{"href":"https:\/\/oenobrands.com\/it\/wp-json\/wp\/v2\/types\/page"}],"author":[{"embeddable":true,"href":"https:\/\/oenobrands.com\/it\/wp-json\/wp\/v2\/users\/3"}],"replies":[{"embeddable":true,"href":"https:\/\/oenobrands.com\/it\/wp-json\/wp\/v2\/comments?post=21007"}],"version-history":[{"count":0,"href":"https:\/\/oenobrands.com\/it\/wp-json\/wp\/v2\/pages\/21007\/revisions"}],"up":[{"embeddable":true,"href":"https:\/\/oenobrands.com\/it\/wp-json\/wp\/v2\/pages\/21005"}],"wp:attachment":[{"href":"https:\/\/oenobrands.com\/it\/wp-json\/wp\/v2\/media?parent=21007"}],"curies":[{"name":"wp","href":"https:\/\/api.w.org\/{rel}","templated":true}]}}