{"id":20616,"date":"2022-10-19T22:02:38","date_gmt":"2022-10-19T20:02:38","guid":{"rendered":"https:\/\/oenobrands.com\/prodotto\/enzima\/rapidase\/rapidase-extra-press\/"},"modified":"2025-12-10T17:29:39","modified_gmt":"2025-12-10T16:29:39","slug":"rapidase-extra-press","status":"publish","type":"page","link":"https:\/\/oenobrands.com\/it\/prodotto\/enzima\/rapidase\/rapidase-extra-press\/","title":{"rendered":"Rapidase Extra Press"},"content":{"rendered":"\n<h1 class=\"wp-block-heading has-text-color\" style=\"color:#00a9e0\">Rapidase Extra Press<\/h1>\n\n\n\n<div style=\"height:30px\" aria-hidden=\"true\" class=\"wp-block-spacer\"><\/div>\n\n\n\n<h2 class=\"wp-block-heading\"><strong>Enzima per una spremitura rapida ed efficiente delle uve<\/strong><\/h2>\n\n\n\n<div style=\"height:30px\" aria-hidden=\"true\" class=\"wp-block-spacer\"><\/div>\n\n\n\n<h3 class=\"wp-block-heading\"><strong>SCOPO<\/strong><\/h3>\n\n\n\n<p>Rapidase\u00ae Extra Press libera il succo dalle uve bianche indebolendo le bucce e riducendo la capacit\u00e0 di ritenzione idrica delle pectine. <\/p>\n\n\n\n<p>Il suo utilizzo aumenta le rese in succo e permette cicli di pressatura pi\u00f9 morbidi e pi\u00f9 brevi, preservando cos\u00ec il mosto dall\u2019ossidazione.<\/p>\n\n\n\n<div style=\"height:50px\" aria-hidden=\"true\" class=\"wp-block-spacer\"><\/div>\n\n\n\n<div class=\"wp-block-columns is-layout-flex wp-container-core-columns-is-layout-9d6595d7 wp-block-columns-is-layout-flex\">\n<div class=\"wp-block-column is-layout-flow wp-block-column-is-layout-flow\" style=\"flex-basis:45%\">\n<h3 class=\"wp-block-heading has-text-color\" style=\"color:#00a9e0\"><strong>Composizione<\/strong><\/h3>\n\n\n\n<p><strong>Rapidase Extra Press<\/strong> \u00e8 una preparazione enzimatica pectolitica liquida con attivit\u00e0 secondarie essenziali per facilitare la pressatura e la chiarifica del mosto. <strong>Rapidase Extra Press<\/strong> contiene naturalmente livelli trascurabili di cinnamil esterasi (nFCE) per preservare la freschezza aromatica, indipendentemente dalla scelta del lievito.<\/p>\n\n\n\n<p>Rapidase Extra Press permette inoltre di ridurre l\u2019impronta ecologica o carbonica del processo di vinificazione grazie al risparmio energetico.<\/p>\n\n\n\n<h3 class=\"wp-block-heading has-text-color\" style=\"color:#00a9e0\"><strong>Testato e convalidato<\/strong><\/h3>\n\n\n\n<p>Per garantire la massima efficienza applicativa, ogni formulazione Rapidase\u00ae \u00e8 sviluppata e testata in collaborazione con i pi\u00f9 rinomati istituti di ricerca enologica e validata in cantine a scala produttiva.<\/p>\n\n\n<div class=\"wp-block-image is-style-zoooom\">\n<figure class=\"aligncenter size-full\"><img alt=\"\" loading=\"lazy\" decoding=\"async\" width=\"645\" height=\"368\" src=\"https:\/\/oenobrands.com\/wp-content\/uploads\/2025\/12\/IT-Produtto-RAPIDASE-ENZIMA-Extra-Press-1.png\" alt=\"\" class=\"wp-image-21971\" srcset=\"https:\/\/oenobrands.com\/wp-content\/uploads\/2025\/12\/IT-Produtto-RAPIDASE-ENZIMA-Extra-Press-1.png 645w, https:\/\/oenobrands.com\/wp-content\/uploads\/2025\/12\/IT-Produtto-RAPIDASE-ENZIMA-Extra-Press-1-300x171.png 300w\" sizes=\"auto, (max-width: 645px) 100vw, 645px\" \/><figcaption class=\"wp-element-caption\">Sauvignon blanc e Roussanne testati in Francia con Rapidase Extra Press a 1 mL\/100 Kg di uva. Hanepoot testato in Sud Africa a 3,3 mL\/100 Kg di uva). <\/figcaption><\/figure>\n<\/div>\n\n<div class=\"wp-block-image is-style-zoooom\">\n<figure class=\"aligncenter size-full\"><img alt=\"\" loading=\"lazy\" decoding=\"async\" width=\"637\" height=\"361\" src=\"https:\/\/oenobrands.com\/wp-content\/uploads\/2025\/12\/IT-Produtto-RAPIDASE-ENZIMA-Extra-Press-2.png\" alt=\"\" class=\"wp-image-21975\" srcset=\"https:\/\/oenobrands.com\/wp-content\/uploads\/2025\/12\/IT-Produtto-RAPIDASE-ENZIMA-Extra-Press-2.png 637w, https:\/\/oenobrands.com\/wp-content\/uploads\/2025\/12\/IT-Produtto-RAPIDASE-ENZIMA-Extra-Press-2-300x170.png 300w\" sizes=\"auto, (max-width: 637px) 100vw, 637px\" \/><figcaption class=\"wp-element-caption\">Chiarificazione dei mosti con Rapidase Extra Press a 1 mL\/100 Kg di uva rispetto a un controllo senza enzimi. Chardonnay e Viognier (INRAe Francia). <\/figcaption><\/figure>\n<\/div>\n\n\n<p>Il nostro team tecnico e commerciale \u00e8 a disposizione per fornire risultati di test e assistervi nella valutazione delle prestazioni del prodotto nelle vostre condizioni specifiche.<\/p>\n<\/div>\n\n\n\n<div class=\"wp-block-column is-layout-flow wp-block-column-is-layout-flow\" style=\"flex-basis:6%\"><\/div>\n\n\n\n<div class=\"wp-block-column has-background is-layout-flow wp-block-column-is-layout-flow\" style=\"background-color:#f7f7f7;flex-basis:45%\">\n<div class=\"wp-block-columns is-layout-flex wp-container-core-columns-is-layout-9d6595d7 wp-block-columns-is-layout-flex\">\n<div class=\"wp-block-column is-layout-flow wp-block-column-is-layout-flow\"><div class=\"wp-block-image\">\n<figure class=\"aligncenter size-full\"><img alt=\"\" loading=\"lazy\" decoding=\"async\" width=\"300\" height=\"112\" src=\"http:\/\/oenobrands.com\/wp-content\/uploads\/2024\/05\/RAPIDASE-enzyme-wine-vin-Extra-Press-1.png\" alt=\"\" class=\"wp-image-7274\"\/><\/figure>\n<\/div><\/div>\n<\/div>\n\n\n\n<div style=\"height:40px\" aria-hidden=\"true\" class=\"wp-block-spacer\"><\/div>\n\n\n\n<p class=\"has-text-align-center\"><strong>SCARICA LA SCHEDA TECNICA<\/strong><\/p>\n\n\n\n<div class=\"wp-block-group\"><div class=\"wp-block-group__inner-container is-layout-constrained wp-block-group-is-layout-constrained\">\n<div class=\"wp-block-columns is-not-stacked-on-mobile is-layout-flex wp-container-core-columns-is-layout-9d6595d7 wp-block-columns-is-layout-flex\">\n<div class=\"wp-block-column is-layout-flow wp-block-column-is-layout-flow\">\n<figure class=\"wp-block-image size-full\"><a href=\"https:\/\/oenobrands.com\/wp-content\/uploads\/2025\/12\/RAPIDASE-ADS-EN-Extrapress-2025-A4-G-01.pdf\" target=\"_blank\" rel=\"noreferrer noopener\"><img loading=\"lazy\" decoding=\"async\" width=\"180\" height=\"94\" src=\"http:\/\/oenobrands.com\/wp-content\/uploads\/2023\/04\/flag-united-states-english-american.png\" alt=\"drapeau flag usa english american\" class=\"wp-image-2510\"\/><\/a><\/figure>\n<\/div>\n\n\n\n<div class=\"wp-block-column is-layout-flow wp-block-column-is-layout-flow\">\n<figure class=\"wp-block-image size-full\"><a href=\"https:\/\/oenobrands.com\/wp-content\/uploads\/2025\/12\/RAPIDASE-ADS-FR-Extrapress-2025-A4-G-01.pdf\" target=\"_blank\" rel=\"noreferrer noopener\"><img loading=\"lazy\" decoding=\"async\" width=\"180\" height=\"94\" src=\"http:\/\/oenobrands.com\/wp-content\/uploads\/2023\/04\/drapeau-francais-france.png\" alt=\"drapeau flag francais france\" class=\"wp-image-2508\"\/><\/a><\/figure>\n<\/div>\n\n\n\n<div class=\"wp-block-column is-layout-flow wp-block-column-is-layout-flow\">\n<figure class=\"wp-block-image size-full\"><a href=\"https:\/\/oenobrands.com\/wp-content\/uploads\/2025\/12\/RAPIDASE-ADS-ES-Extrapress-2025-A4-G-01.pdf\" target=\"_blank\" rel=\"noreferrer noopener\"><img loading=\"lazy\" decoding=\"async\" width=\"180\" height=\"94\" src=\"http:\/\/oenobrands.com\/wp-content\/uploads\/2023\/04\/bandiera-spagnola-spagna.png\" alt=\"drapeau flag bandiera spagnola spagna\" class=\"wp-image-2506\"\/><\/a><\/figure>\n<\/div>\n\n\n\n<div class=\"wp-block-column is-layout-flow wp-block-column-is-layout-flow\">\n<figure class=\"wp-block-image size-full\"><a href=\"https:\/\/oenobrands.com\/wp-content\/uploads\/2025\/12\/RAPIDASE-ADS-IT-Extrapress-2025-A4-G-01.pdf\" target=\"_blank\" rel=\"noreferrer noopener\"><img loading=\"lazy\" decoding=\"async\" width=\"180\" height=\"94\" src=\"http:\/\/oenobrands.com\/wp-content\/uploads\/2023\/04\/bandiera-italiana-italy.png\" alt=\"drapeau flag bandiera italiana italy\" class=\"wp-image-2512\"\/><\/a><\/figure>\n<\/div>\n\n\n\n<div class=\"wp-block-column is-layout-flow wp-block-column-is-layout-flow\">\n<figure class=\"wp-block-image size-full\"><a href=\"https:\/\/oenobrands.com\/wp-content\/uploads\/2025\/12\/RAPIDASE-ADS-PT-Extrapress-2025-A4-G-01.pdf\" target=\"_blank\" rel=\"noreferrer noopener\"><img loading=\"lazy\" decoding=\"async\" width=\"180\" height=\"94\" src=\"http:\/\/oenobrands.com\/wp-content\/uploads\/2024\/05\/Flag-drapeau-Portugal.png\" alt=\"Flag-drapeau-Portugal\" class=\"wp-image-7139\"\/><\/a><\/figure>\n<\/div>\n\n\n\n<div class=\"wp-block-column is-layout-flow wp-block-column-is-layout-flow\">\n<figure class=\"wp-block-image size-full\"><a href=\"https:\/\/oenobrands.com\/wp-content\/uploads\/2024\/07\/RAPIDASE-ADS-ALL-Extrapress-2024_A4_G_02.pdf\" target=\"_blank\" rel=\"noreferrer noopener\"><img loading=\"lazy\" decoding=\"async\" width=\"180\" height=\"94\" src=\"http:\/\/oenobrands.com\/wp-content\/uploads\/2023\/05\/Flagge-Deutschland.png\" alt=\"Flagge-Deutschland\" class=\"wp-image-3550\"\/><\/a><\/figure>\n<\/div>\n<\/div>\n\n\n\n<div class=\"wp-block-columns is-not-stacked-on-mobile is-layout-flex wp-container-core-columns-is-layout-9d6595d7 wp-block-columns-is-layout-flex\">\n<div class=\"wp-block-column is-layout-flow wp-block-column-is-layout-flow\">\n<figure class=\"wp-block-image size-full\"><a href=\"https:\/\/oenobrands.com\/wp-content\/uploads\/2024\/11\/RAPIDASE-ADS-RO-Extra-Press-2024_A_G_02.pdf\" target=\"_blank\" rel=\"noreferrer noopener\"><img loading=\"lazy\" decoding=\"async\" width=\"180\" height=\"94\" src=\"http:\/\/oenobrands.com\/wp-content\/uploads\/2024\/05\/Flag-drapeau-Roumanie.png\" alt=\"Flag-drapeau-Roumanie\" class=\"wp-image-7145\"\/><\/a><\/figure>\n<\/div>\n\n\n\n<div class=\"wp-block-column is-layout-flow wp-block-column-is-layout-flow\">\n<figure class=\"wp-block-image size-full\"><a href=\"https:\/\/oenobrands.com\/wp-content\/uploads\/2025\/12\/RAPIDASE-ADS-CROATE-Extrapress-2025-A4-G-01.pdf\" target=\"_blank\" rel=\"noreferrer noopener\"><img loading=\"lazy\" decoding=\"async\" width=\"180\" height=\"94\" src=\"http:\/\/oenobrands.com\/wp-content\/uploads\/2024\/05\/flag-drapeau-croatie.png\" alt=\"flag-drapeau-croatie\" class=\"wp-image-7143\"\/><\/a><\/figure>\n<\/div>\n\n\n\n<div class=\"wp-block-column is-layout-flow wp-block-column-is-layout-flow\">\n<figure class=\"wp-block-image size-full\"><a href=\"https:\/\/oenobrands.com\/wp-content\/uploads\/2025\/12\/RAPIDASE-ADS-CZ-Extrapress-2025-A4-G-01.pdf\" target=\"_blank\" rel=\"noreferrer noopener\"><img loading=\"lazy\" decoding=\"async\" width=\"180\" height=\"94\" src=\"http:\/\/oenobrands.com\/wp-content\/uploads\/2023\/05\/Flag-vlajka-Czech-Republic.png\" alt=\"Flag-vlajka-Czech-Republic-drapeau\" class=\"wp-image-3548\"\/><\/a><\/figure>\n<\/div>\n\n\n\n<div class=\"wp-block-column is-layout-flow wp-block-column-is-layout-flow\">\n<figure class=\"wp-block-image size-full\"><a href=\"https:\/\/oenobrands.com\/wp-content\/uploads\/2025\/12\/RAPIDASE-ADS-BUL-Extrapress-2025-A4-G-01.pdf\" target=\"_blank\" rel=\"noreferrer noopener\"><img alt=\"\" loading=\"lazy\" decoding=\"async\" width=\"180\" height=\"94\" src=\"http:\/\/oenobrands.com\/wp-content\/uploads\/2024\/05\/flag-drapeau-bulgarie.png\" alt=\"\" class=\"wp-image-7141\"\/><\/a><\/figure>\n<\/div>\n\n\n\n<div class=\"wp-block-column is-layout-flow wp-block-column-is-layout-flow\"><\/div>\n\n\n\n<div class=\"wp-block-column is-layout-flow wp-block-column-is-layout-flow\"><\/div>\n<\/div>\n<\/div><\/div>\n\n\n\n<hr class=\"wp-block-separator has-text-color has-black-color has-alpha-channel-opacity has-black-background-color has-background is-style-default\"\/>\n\n\n\n<div class=\"wp-block-buttons is-content-justification-center is-layout-flex wp-container-core-buttons-is-layout-16018d1d wp-block-buttons-is-layout-flex\">\n<div class=\"wp-block-button\"><a class=\"wp-block-button__link wp-element-button\" href=\"https:\/\/oenobrands.com\/it\/distributori\/\">Il vostro distributore<\/a><\/div>\n<\/div>\n\n\n\n<hr class=\"wp-block-separator has-text-color has-black-color has-alpha-channel-opacity has-black-background-color has-background is-style-default\"\/>\n\n\n\n<h3 class=\"wp-block-heading\"><strong>Istruzioni per l\u2019uso e il dosaggio<\/strong><\/h3>\n\n\n\n<ul class=\"wp-block-list\">\n<li>Aggiungere il prima possibile all\u2019arrivo delle uve, al diraspa-pigiatrice o nella pressa.<\/li>\n\n\n\n<li>Diluire 10 volte prima dell\u2019aggiunta.<\/li>\n\n\n\n<li>Evitare di drenare immediatamente dopo l\u2019aggiunta dell\u2019enzima per permettere la distribuzione nelle uve.<\/li>\n\n\n\n<li>Il tempo necessario per ottenere un test alla pectina negativo determiner\u00e0 il tempo di contatto sufficiente. <\/li>\n<\/ul>\n\n\n\n<div style=\"height:30px\" aria-hidden=\"true\" class=\"wp-block-spacer\"><\/div>\n\n\n\n<div class=\"wp-block-buttons is-content-justification-center is-layout-flex wp-container-core-buttons-is-layout-16018d1d wp-block-buttons-is-layout-flex\">\n<div class=\"wp-block-button is-style-fill\"><a class=\"wp-block-button__link wp-element-button\" href=\"https:\/\/oenobrands.com\/wp-content\/uploads\/2024\/07\/RAPIDASE_Pectin-test_EN_G_04.pdf\" target=\"_blank\" rel=\"noreferrer noopener\">Protocollo test alla pectina<\/a><\/div>\n<\/div>\n\n\n\n<div style=\"height:30px\" aria-hidden=\"true\" class=\"wp-block-spacer\"><\/div>\n\n\n\n<p class=\"has-text-align-left\"><strong>Uve bianche<\/strong><\/p>\n\n\n\n<figure class=\"wp-block-table\"><table><thead><tr><th class=\"has-text-align-center\" data-align=\"center\">Condizioni<\/th><th class=\"has-text-align-center\" data-align=\"center\">Dosaggio<\/th><\/tr><\/thead><tbody><tr><td class=\"has-text-align-center\" data-align=\"center\">Su uve diraspate<\/td><td class=\"has-text-align-center\" data-align=\"center\">1,5-2 mL\/100 Kg<\/td><\/tr><tr><td class=\"has-text-align-center\" data-align=\"center\">Su grappolo intero<\/td><td class=\"has-text-align-center\" data-align=\"center\">2-2,5 mL\/100 Kg<\/td><\/tr><\/tbody><\/table><\/figure>\n\n\n\n<ul class=\"wp-block-list\">\n<li>Attivo da 10 a 45 \u00b0C; l\u2019attivit\u00e0 aumenta con la temperatura. <\/li>\n\n\n\n<li>Attivo nel range di pH del vino e in presenza di concentrazioni normali di SO2.<\/li>\n\n\n\n<li>Eliminato tramite bentonite.<\/li>\n<\/ul>\n\n\n\n<h3 class=\"wp-block-heading\"><strong><strong>Confezione<\/strong><\/strong><\/h3>\n\n\n\n<p><strong>Rapidase Extra Press<\/strong> \u00e8 disponibile in fusti di plastica da 20 kg.<\/p>\n\n\n\n<h3 class=\"wp-block-heading\"><strong>Conservazione<\/strong><\/h3>\n\n\n\n<p>Conservare in frigorifero tra 4 e 8 \u00b0C (40\u201345 \u00b0F).<\/p>\n<\/div>\n<\/div>\n\n\n\n<div style=\"height:30px\" aria-hidden=\"true\" class=\"wp-block-spacer\"><\/div>\n\n\n\n<hr class=\"wp-block-separator has-text-color has-black-color has-alpha-channel-opacity has-black-background-color has-background\"\/>\n\n\n\n<div class=\"wp-block-columns is-layout-flex wp-container-core-columns-is-layout-9d6595d7 wp-block-columns-is-layout-flex\">\n<div class=\"wp-block-column is-layout-flow wp-block-column-is-layout-flow\">\n<div class=\"wp-block-group\"><div class=\"wp-block-group__inner-container is-layout-constrained wp-block-group-is-layout-constrained\">\n<h2 class=\"wp-block-heading\"><strong><strong>Scopri soluzioni correlate:<\/strong> <\/strong><\/h2>\n\n\n\n<div style=\"height:30px\" aria-hidden=\"true\" class=\"wp-block-spacer\"><\/div>\n\n\n\n<p><strong>Cerchi un approccio pi\u00f9 olistico alla vinificazione? <\/strong>Scopri le nostre soluzioni enologiche avanzate correlate a <strong>Rapidase Extra Press.<\/strong><\/p>\n\n\n\n<div style=\"height:30px\" aria-hidden=\"true\" class=\"wp-block-spacer\"><\/div>\n\n\n\n<div class=\"wp-block-columns are-vertically-aligned-center is-layout-flex wp-container-core-columns-is-layout-9d6595d7 wp-block-columns-is-layout-flex\">\n<div class=\"wp-block-column is-vertically-aligned-center is-layout-flow wp-block-column-is-layout-flow\" style=\"flex-basis:100%\">\n<div class=\"wp-block-buttons is-content-justification-center is-layout-flex wp-container-core-buttons-is-layout-16018d1d wp-block-buttons-is-layout-flex\">\n<div class=\"wp-block-button is-style-fill\"><a class=\"wp-block-button__link wp-element-button\" href=\"https:\/\/oenobrands.com\/solution\/pre-fermentation-steps\/pressing\/\" target=\"_blank\" rel=\"noreferrer noopener\">Grape pressing<\/a><\/div>\n\n\n\n<div class=\"wp-block-button is-style-fill\"><a class=\"wp-block-button__link wp-element-button\" href=\"https:\/\/oenobrands.com\/solution\/cider-2\/cider\/\" target=\"_blank\" rel=\"noreferrer noopener\">Sidro<\/a><\/div>\n<\/div>\n<\/div>\n<\/div>\n<\/div><\/div>\n\n\n\n<div style=\"height:30px\" aria-hidden=\"true\" class=\"wp-block-spacer\"><\/div>\n<\/div>\n\n\n\n<div class=\"wp-block-column is-layout-flow wp-block-column-is-layout-flow\">\n<h2 class=\"wp-block-heading\"><strong>Cerchi qualcos\u2019altro?<\/strong><\/h2>\n\n\n\n<div style=\"height:30px\" aria-hidden=\"true\" class=\"wp-block-spacer\"><\/div>\n\n\n\n<p>Visita la nostra sezione \u201cSoluzioni\u201d, dove offriamo consulenza esperta, conoscenze pratiche e approcci innovativi organizzati secondo il processo di vinificazione. <strong>Dalla fermentazione alla filtrazione e all\u2019imbottigliamento, ti accompagniamo con soluzioni per ottimizzare ogni fase del tuo processo di vinificazione.<\/strong><\/p>\n\n\n\n<div style=\"height:30px\" aria-hidden=\"true\" class=\"wp-block-spacer\"><\/div>\n\n\n\n<div class=\"wp-block-columns are-vertically-aligned-center is-layout-flex wp-container-core-columns-is-layout-9d6595d7 wp-block-columns-is-layout-flex\">\n<div class=\"wp-block-column is-vertically-aligned-center is-layout-flow wp-block-column-is-layout-flow\" style=\"flex-basis:100%\">\n<div class=\"wp-block-buttons is-content-justification-center is-layout-flex wp-container-core-buttons-is-layout-16018d1d wp-block-buttons-is-layout-flex\">\n<div class=\"wp-block-button is-style-fill\"><a class=\"wp-block-button__link wp-element-button\" href=\"https:\/\/oenobrands.com\/solution\/\" target=\"_blank\" rel=\"noreferrer noopener\">Soluzioni enologiche avanzate<\/a><\/div>\n<\/div>\n<\/div>\n<\/div>\n<\/div>\n<\/div>\n\n\n\n<div class=\"wp-block-group\"><div class=\"wp-block-group__inner-container is-layout-constrained wp-block-group-is-layout-constrained\">\n<hr class=\"wp-block-separator has-text-color has-black-color has-alpha-channel-opacity has-black-background-color has-background\"\/>\n<\/div><\/div>\n\n\n\n<div style=\"height:30px\" aria-hidden=\"true\" class=\"wp-block-spacer\"><\/div>\n\n\n\n<div class=\"wp-block-columns is-layout-flex wp-container-core-columns-is-layout-9d6595d7 wp-block-columns-is-layout-flex\">\n<div class=\"wp-block-column is-vertically-aligned-center is-layout-flow wp-block-column-is-layout-flow\" style=\"flex-basis:30%\">\n<h1 class=\"wp-block-heading has-text-color\" style=\"color:#545859\">Scopri la gamma RAPIDASE<\/h1>\n\n\n\n<div style=\"height:30px\" aria-hidden=\"true\" class=\"wp-block-spacer\"><\/div>\n\n\n\n<div class=\"wp-block-buttons is-content-justification-center is-layout-flex wp-container-core-buttons-is-layout-16018d1d wp-block-buttons-is-layout-flex\">\n<div class=\"wp-block-button\"><a class=\"wp-block-button__link has-background wp-element-button\" href=\"https:\/\/oenobrands.com\/product\/enzyme\/rapidase\/\" style=\"background-color:#545859\" target=\"_blank\" rel=\"noreferrer noopener\">RAPIDASE<\/a><\/div>\n<\/div>\n<\/div>\n\n\n\n<div class=\"wp-block-column is-layout-flow wp-block-column-is-layout-flow\"><div class=\"wp-block-image\">\n<figure class=\"aligncenter size-full\"><img decoding=\"async\" src=\"http:\/\/oenobrands.com\/wp-content\/uploads\/2023\/05\/OENOBRANDS-Rapidase-bandeau.png\" alt=\"OENOBRANDS-Rapidase-banner\" class=\"wp-image-4529\"\/><\/figure>\n<\/div><\/div>\n<\/div>\n\n\n\n<div style=\"height:50px\" aria-hidden=\"true\" class=\"wp-block-spacer\"><\/div>\n","protected":false},"excerpt":{"rendered":"<p>Rapidase Extra Press Enzima per una spremitura rapida ed efficiente delle uve SCOPO Rapidase\u00ae [&hellip;]<\/p>\n","protected":false},"author":3,"featured_media":0,"parent":20519,"menu_order":3,"comment_status":"closed","ping_status":"closed","template":"page-product.php","meta":{"_acf_changed":false,"_seopress_robots_primary_cat":"0","_seopress_titles_title":"","_seopress_titles_desc":"","_seopress_robots_index":"","footnotes":""},"class_list":["post-20616","page","type-page","status-publish"],"acf":[],"_links":{"self":[{"href":"https:\/\/oenobrands.com\/it\/wp-json\/wp\/v2\/pages\/20616","targetHints":{"allow":["GET"]}}],"collection":[{"href":"https:\/\/oenobrands.com\/it\/wp-json\/wp\/v2\/pages"}],"about":[{"href":"https:\/\/oenobrands.com\/it\/wp-json\/wp\/v2\/types\/page"}],"author":[{"embeddable":true,"href":"https:\/\/oenobrands.com\/it\/wp-json\/wp\/v2\/users\/3"}],"replies":[{"embeddable":true,"href":"https:\/\/oenobrands.com\/it\/wp-json\/wp\/v2\/comments?post=20616"}],"version-history":[{"count":0,"href":"https:\/\/oenobrands.com\/it\/wp-json\/wp\/v2\/pages\/20616\/revisions"}],"up":[{"embeddable":true,"href":"https:\/\/oenobrands.com\/it\/wp-json\/wp\/v2\/pages\/20519"}],"wp:attachment":[{"href":"https:\/\/oenobrands.com\/it\/wp-json\/wp\/v2\/media?parent=20616"}],"curies":[{"name":"wp","href":"https:\/\/api.w.org\/{rel}","templated":true}]}}