{"id":21277,"date":"2024-08-25T17:21:00","date_gmt":"2024-08-25T15:21:00","guid":{"rendered":"https:\/\/oenobrands.com\/ressources-techniques\/protocoles-techniques-pour-rapidase-revelation-aroma\/"},"modified":"2025-12-12T10:40:12","modified_gmt":"2025-12-12T09:40:12","slug":"protocoles-techniques-pour-rapidase-revelation-aroma","status":"publish","type":"page","link":"https:\/\/oenobrands.com\/fr\/ressources-techniques\/protocoles-techniques-pour-rapidase-revelation-aroma\/","title":{"rendered":"Protocoles techniques pour Rapidase Revelation Aroma"},"content":{"rendered":"\n<div style=\"height:70px\" aria-hidden=\"true\" class=\"wp-block-spacer\"><\/div>\n\n<p>Protocoles Rapidase<\/p>\n\n<div style=\"height:30px\" aria-hidden=\"true\" class=\"wp-block-spacer\"><\/div>\n\n<p><strong>Rapidase\u00ae Revelation Aroma <\/strong>est une pr\u00e9paration glycosidasique de haute puret\u00e9, con\u00e7ue pour agir sur l\u2019ensemble des pr\u00e9curseurs aromatiques li\u00e9s sous forme glycosidique.<br\/>Elle s\u2019utilise dans deux applications distinctes :<\/p>\n\n<ul class=\"wp-block-list\">\n<li><strong><a href=\"#aromarelease\">Lib\u00e9ration aromatique<\/a><\/strong> dans tout type de vin (terp\u00e8nes, norisopr\u00e9no\u00efdes)<br\/><\/li>\n\n\n\n<li><strong><a href=\"#smoketaint\">Gestion des go\u00fbts de fum\u00e9e<\/a><\/strong>, en premi\u00e8re \u00e9tape de d\u00e9contamination via l\u2019hydrolyse des compos\u00e9s fum\u00e9s li\u00e9s<\/li>\n<\/ul>\n\n<p>Vous trouverez ci-dessous les protocoles op\u00e9rationnels pour chaque application.<\/p>\n\n<div style=\"height:30px\" aria-hidden=\"true\" class=\"wp-block-spacer\"><\/div>\n\n<h1 class=\"wp-block-heading\" id=\"aromarelease\"><strong>A) Protocole de lib\u00e9ration aromatique<br\/><\/strong><\/h1>\n\n<h3 class=\"wp-block-heading\"><strong>Objectif<\/strong><\/h3>\n\n<p>\u00c9valuer l\u2019impact aromatique de Rapidase Revelation Aroma avec un essai en bouteille contr\u00f4l\u00e9 de 6 semaines.<\/p>\n\n<div class=\"wp-block-columns is-layout-flex wp-container-core-columns-is-layout-9d6595d7 wp-block-columns-is-layout-flex\">\n<div class=\"wp-block-column is-vertically-aligned-center is-layout-flow wp-block-column-is-layout-flow\">\n<p><strong>Mat\u00e9riel <\/strong>: <\/p>\n\n\n\n<ul class=\"wp-block-list\">\n<li>7 bouteilles de 750 mL<\/li>\n\n\n\n<li>Enzyme Rapidase Revelation Aroma<\/li>\n<\/ul>\n<\/div>\n\n\n\n<div class=\"wp-block-column is-layout-flow wp-block-column-is-layout-flow\" style=\"flex-basis:2%\"><\/div>\n\n\n\n<div class=\"wp-block-column has-background is-layout-flow wp-block-column-is-layout-flow\" style=\"background-color:#f7f7f7\">\n<div class=\"wp-block-group\"><div class=\"wp-block-group__inner-container is-layout-constrained wp-block-group-is-layout-constrained\">\n<p class=\"has-text-align-center\"><strong>T\u00c9L\u00c9CHARGER LE DOCUMENT<\/strong><\/p>\n\n\n\n<div class=\"wp-block-columns is-not-stacked-on-mobile download-flags is-layout-flex wp-container-core-columns-is-layout-9d6595d7 wp-block-columns-is-layout-flex\">\n<div class=\"wp-block-column is-layout-flow wp-block-column-is-layout-flow\">\n<figure class=\"wp-block-image size-full\"><a href=\"https:\/\/oenobrands.com\/wp-content\/uploads\/2025\/10\/RAPIDASE-Revelation-Aroma-Protocole-2023_EN_G_03.pdf\" target=\"_blank\" rel=\"noreferrer noopener\"><img loading=\"lazy\" decoding=\"async\" width=\"180\" height=\"94\" src=\"http:\/\/oenobrands.com\/wp-content\/uploads\/2023\/04\/flag-united-states-english-american.png\" alt=\"flag-united-states-english-american\" class=\"wp-image-2510\"\/><\/a><\/figure>\n<\/div>\n\n\n\n<div class=\"wp-block-column is-layout-flow wp-block-column-is-layout-flow\">\n<figure class=\"wp-block-image size-full\"><a href=\"https:\/\/oenobrands.com\/wp-content\/uploads\/2025\/10\/RAPIDASE-Revelation-Aroma-Protocole-2023_FR_G_03.pdf\" target=\"_blank\" rel=\"noreferrer noopener\"><img loading=\"lazy\" decoding=\"async\" width=\"180\" height=\"94\" src=\"http:\/\/oenobrands.com\/wp-content\/uploads\/2023\/04\/drapeau-francais-france.png\" alt=\"drapeau flag francais france\" class=\"wp-image-2508\"\/><\/a><\/figure>\n<\/div>\n\n\n\n<div class=\"wp-block-column is-layout-flow wp-block-column-is-layout-flow\">\n<figure class=\"wp-block-image size-full download-flags\"><a href=\"https:\/\/oenobrands.com\/wp-content\/uploads\/2025\/10\/RAPIDASE-Revelation-Aroma-Protocole-2023_ES_G_03.pdf\" target=\"_blank\" rel=\"noreferrer noopener\"><img loading=\"lazy\" decoding=\"async\" width=\"180\" height=\"94\" src=\"http:\/\/oenobrands.com\/wp-content\/uploads\/2023\/04\/bandiera-spagnola-spagna.png\" alt=\"drapeau flag bandiera spagnola spagna\" class=\"wp-image-2506\"\/><\/a><\/figure>\n<\/div>\n\n\n\n<div class=\"wp-block-column is-layout-flow wp-block-column-is-layout-flow\">\n<figure class=\"wp-block-image size-full\"><a href=\"https:\/\/oenobrands.com\/wp-content\/uploads\/2025\/10\/RAPIDASE-Revelation-Aroma-Protocole-2023_IT_G_03.pdf\" target=\"_blank\" rel=\"noreferrer noopener\"><img loading=\"lazy\" decoding=\"async\" width=\"180\" height=\"94\" src=\"http:\/\/oenobrands.com\/wp-content\/uploads\/2023\/04\/bandiera-italiana-italy.png\" alt=\"drapeau flag bandiera italiana italy\" class=\"wp-image-2512\"\/><\/a><\/figure>\n<\/div>\n\n\n\n<div class=\"wp-block-column is-layout-flow wp-block-column-is-layout-flow\">\n<figure class=\"wp-block-image size-full\"><a href=\"https:\/\/oenobrands.com\/wp-content\/uploads\/2025\/11\/RAPIDASE_Revelation-Aroma-Protocole_2023_PT_G_03.pdf\" target=\"_blank\" rel=\"noreferrer noopener\"><img loading=\"lazy\" decoding=\"async\" width=\"180\" height=\"94\" src=\"http:\/\/oenobrands.com\/wp-content\/uploads\/2024\/05\/Flag-drapeau-Portugal.png\" alt=\"Flag-drapeau-Portugal\" class=\"wp-image-7139\"\/><\/a><\/figure>\n<\/div>\n\n\n\n<div class=\"wp-block-column is-layout-flow wp-block-column-is-layout-flow\">\n<figure class=\"wp-block-image size-full\"><a href=\"https:\/\/oenobrands.com\/wp-content\/uploads\/2025\/11\/RAPIDASE_Revelation-Aroma-Protocole_2023_ALL_G_03.pdf\" target=\"_blank\" rel=\"noreferrer noopener\"><img loading=\"lazy\" decoding=\"async\" width=\"180\" height=\"94\" src=\"http:\/\/oenobrands.com\/wp-content\/uploads\/2023\/05\/Flagge-Deutschland.png\" alt=\"Flagge-Deutschland\" class=\"wp-image-3550\"\/><\/a><\/figure>\n<\/div>\n<\/div>\n<\/div><\/div>\n<\/div>\n<\/div>\n\n<h2 class=\"wp-block-heading\"><strong>1. Pr\u00e9parer 7 bouteilles de 750 mL<\/strong><\/h2>\n\n<ul class=\"wp-block-list\">\n<li>Utiliser le m\u00eame vin pour toutes les bouteilles.<\/li>\n\n\n\n<li><strong>Garder une bouteille<\/strong> comme t\u00e9moin non trait\u00e9 (sans enzyme).<\/li>\n\n\n\n<li>Les six autres recevront des additions enzymatiques hebdomadaires.<\/li>\n<\/ul>\n\n<h2 class=\"wp-block-heading\"><strong>2. Pr\u00e9parer la solution enzymatique (pour obtenir 2 g\/hL)<\/strong><\/h2>\n\n<p>Afin de conserver un test repr\u00e9sentatif, la solution enzymatique est pr\u00e9par\u00e9e dans le vin (et non dans l\u2019eau) pour \u00e9viter toute dilution.<\/p>\n\n<p>Pr\u00e9paration :<\/p>\n\n<p>\u2022 Dissoudre <strong>0,5 g<\/strong> de Rapidase Revelation Aroma dans <strong>500 mL<\/strong> du vin test\u00e9.<br\/>\u2022 Pr\u00e9parer une <strong>solution fra\u00eeche chaque semaine<\/strong>.<br\/>\u2022 Utiliser <strong>15 mL<\/strong> de cette solution par bouteille chaque semaine.<\/p>\n\n<h2 class=\"wp-block-heading\"><strong>3. Addition enzymatique hebdomadaire (6 semaines)<\/strong><\/h2>\n\n<p>Pour chacune des six bouteilles trait\u00e9es :<\/p>\n\n<ol class=\"wp-block-list\">\n<li>Ajouter <strong>15 mL<\/strong> de solution enzymatique fra\u00eeche.<\/li>\n\n\n\n<li>Fermer imm\u00e9diatement la bouteille.<br\/><\/li>\n\n\n\n<li>Stocker \u00e0 l\u2019abri de la lumi\u00e8re, \u00e0 temp\u00e9rature de chai (&gt;13\u00b0C).<\/li>\n\n\n\n<li>R\u00e9p\u00e9ter l\u2019op\u00e9ration<strong> une fois par semaine <\/strong>pendant 6 semaines.<\/li>\n<\/ol>\n\n<p>Chaque bouteille correspond \u00e0 un temps de contact diff\u00e9rent : <strong>Semaine 1 \u2192 Semaine 6.<\/strong> <\/p>\n\n<h2 class=\"wp-block-heading\"><strong>4. \u00c9valuation sensorielle<br\/><\/strong><\/h2>\n\n<p>Effectuer la d\u00e9gustation <strong>une semaine apr\u00e8s la derni\u00e8re addition.<\/strong><\/p>\n\n<p>\u00c9valuer pour chaque bouteille (t\u00e9moin + semaines 1 \u00e0 6) : couleur, nez, bouche et observations.<\/p>\n\n<p><strong>Objectif <\/strong>: identifier le temps de contact optimal par rapport au t\u00e9moin.<\/p>\n\n<h2 class=\"wp-block-heading\"><strong>5. Reproduction \u00e0 l\u2019\u00e9chelle cuve<\/strong><\/h2>\n\n<p>Lorsque le temps de contact optimal est d\u00e9fini : appliquer 2 g\/hL en cuve \u00e0 temp\u00e9rature de chai et, en fin de traitement, inactiver avec 5-10 g\/hL de bentonite.<\/p>\n\n<hr class=\"wp-block-separator has-text-color has-luminous-vivid-orange-color has-alpha-channel-opacity has-luminous-vivid-orange-background-color has-background is-style-wide\"\/>\n\n<h1 class=\"wp-block-heading\" id=\"smoketaint\"><strong>B) Protocole contre la contamination par la fum\u00e9e<\/strong><\/h1>\n\n<h3 class=\"wp-block-heading\"><strong>Principe<\/strong><\/h3>\n\n<p>Les ph\u00e9nols volatils li\u00e9s au d\u00e9faut de fum\u00e9e se pr\u00e9sentent principalement sous forme glycosyl\u00e9e. Une formulation glycosidasique compl\u00e8te permet de lib\u00e9rer toutes les formes libres, qui peuvent ensuite \u00eatre \u00e9limin\u00e9es. <\/p>\n\n<div class=\"wp-block-columns is-layout-flex wp-container-core-columns-is-layout-9d6595d7 wp-block-columns-is-layout-flex\">\n<div class=\"wp-block-column is-vertically-aligned-center is-layout-flow wp-block-column-is-layout-flow\">\n<ol class=\"wp-block-list\">\n<li><strong>Convertir les compos\u00e9s li\u00e9s en formes libres<\/strong> (Revelation Aroma)<\/li>\n\n\n\n<li><strong>\u00c9liminer les formes libres<\/strong> (Extraferm\u00ae D\u2019tox)<\/li>\n<\/ol>\n<\/div>\n\n\n\n<div class=\"wp-block-column is-layout-flow wp-block-column-is-layout-flow\" style=\"flex-basis:2%\"><\/div>\n\n\n\n<div class=\"wp-block-column has-background is-layout-flow wp-block-column-is-layout-flow\" style=\"background-color:#f7f7f7\">\n<div class=\"wp-block-group\"><div class=\"wp-block-group__inner-container is-layout-constrained wp-block-group-is-layout-constrained\">\n<p class=\"has-text-align-center\"><strong>T\u00c9L\u00c9CHARGER LE DOCUMENT<\/strong><\/p>\n\n\n\n<div class=\"wp-block-columns is-not-stacked-on-mobile download-flags is-layout-flex wp-container-core-columns-is-layout-9d6595d7 wp-block-columns-is-layout-flex\">\n<div class=\"wp-block-column is-layout-flow wp-block-column-is-layout-flow\">\n<figure class=\"wp-block-image size-full\"><a href=\"https:\/\/oenobrands.com\/wp-content\/uploads\/2025\/10\/RAPIDASE_Revelation-Aroma-Protocole-Smoke-Taint_2023_EN_G_01.pdf\" target=\"_blank\" rel=\"noreferrer noopener\"><img loading=\"lazy\" decoding=\"async\" width=\"180\" height=\"94\" src=\"http:\/\/oenobrands.com\/wp-content\/uploads\/2023\/04\/flag-united-states-english-american.png\" alt=\"flag-united-states-english-american\" class=\"wp-image-2510\"\/><\/a><\/figure>\n<\/div>\n\n\n\n<div class=\"wp-block-column is-layout-flow wp-block-column-is-layout-flow\">\n<figure class=\"wp-block-image size-full\"><a href=\"https:\/\/oenobrands.com\/wp-content\/uploads\/2025\/10\/RAPIDASE_Revelation-Aroma-Protocole-Smoke-Taint_2023_FR_G_01.pdf\" target=\"_blank\" rel=\"noreferrer noopener\"><img loading=\"lazy\" decoding=\"async\" width=\"180\" height=\"94\" src=\"http:\/\/oenobrands.com\/wp-content\/uploads\/2023\/04\/drapeau-francais-france.png\" alt=\"drapeau flag francais france\" class=\"wp-image-2508\"\/><\/a><\/figure>\n<\/div>\n\n\n\n<div class=\"wp-block-column is-layout-flow wp-block-column-is-layout-flow\">\n<figure class=\"wp-block-image size-full\"><a href=\"https:\/\/oenobrands.com\/wp-content\/uploads\/2025\/10\/RAPIDASE_Revelation-Aroma-Protocole-Smoke-Taint_2023_ES_G_01.pdf\" target=\"_blank\" rel=\"noreferrer noopener\"><img loading=\"lazy\" decoding=\"async\" width=\"180\" height=\"94\" src=\"http:\/\/oenobrands.com\/wp-content\/uploads\/2023\/04\/bandiera-spagnola-spagna.png\" alt=\"drapeau flag bandiera spagnola spagna\" class=\"wp-image-2506\"\/><\/a><\/figure>\n<\/div>\n\n\n\n<div class=\"wp-block-column is-layout-flow wp-block-column-is-layout-flow\">\n<figure class=\"wp-block-image size-full\"><a href=\"https:\/\/oenobrands.com\/wp-content\/uploads\/2025\/10\/RAPIDASE_Revelation-Aroma-Protocole-Smoke-Taint_2023_IT_G_01.pdf\" target=\"_blank\" rel=\"noreferrer noopener\"><img loading=\"lazy\" decoding=\"async\" width=\"180\" height=\"94\" src=\"http:\/\/oenobrands.com\/wp-content\/uploads\/2023\/04\/bandiera-italiana-italy.png\" alt=\"drapeau flag bandiera italiana italy\" class=\"wp-image-2512\"\/><\/a><\/figure>\n<\/div>\n\n\n\n<div class=\"wp-block-column is-layout-flow wp-block-column-is-layout-flow\">\n<figure class=\"wp-block-image size-full\"><a href=\"https:\/\/oenobrands.com\/wp-content\/uploads\/2025\/11\/RAPIDASE_Revelation-Aroma-Protocole-Smoke-Taint_2023_PT_G_01.pdf\" target=\"_blank\" rel=\"noreferrer noopener\"><img loading=\"lazy\" decoding=\"async\" width=\"180\" height=\"94\" src=\"http:\/\/oenobrands.com\/wp-content\/uploads\/2024\/05\/Flag-drapeau-Portugal.png\" alt=\"Flag-drapeau-Portugal\" class=\"wp-image-7139\"\/><\/a><\/figure>\n<\/div>\n\n\n\n<div class=\"wp-block-column is-layout-flow wp-block-column-is-layout-flow\">\n<figure class=\"wp-block-image size-full\"><a href=\"https:\/\/oenobrands.com\/wp-content\/uploads\/2025\/11\/RAPIDASE_Revelation-Aroma-Protocole-Smoke-Taint_2023_ALL_G_01.pdf\" target=\"_blank\" rel=\"noreferrer noopener\"><img loading=\"lazy\" decoding=\"async\" width=\"180\" height=\"94\" src=\"http:\/\/oenobrands.com\/wp-content\/uploads\/2023\/05\/Flagge-Deutschland.png\" alt=\"Flagge-Deutschland\" class=\"wp-image-3550\"\/><\/a><\/figure>\n<\/div>\n<\/div>\n<\/div><\/div>\n<\/div>\n<\/div>\n\n<h2 class=\"wp-block-heading\"><strong>\u00c9tape 1 : Convertir les compos\u00e9s fum\u00e9s glycosyl\u00e9s en formes libres<\/strong><\/h2>\n\n<div style=\"height:30px\" aria-hidden=\"true\" class=\"wp-block-spacer\"><\/div>\n\n<p><strong>Dose :<\/strong> 5 g\/hL de Rapidase Revelation Aroma (Conserver un volume de vin sans traitement = t\u00e9moin).<\/p>\n\n<p><strong>Temps de contact<\/strong> : minimum 2 semaines en cuve &gt; 16\u00b0C, ou \u2022 1 semaine \u00e0 25\u00b0C en bouteilles ferm\u00e9es sous gaz inerte.<\/p>\n\n<p><strong>\u00c9valuation <\/strong>(vs t\u00e9moin sans enzyme) :<\/p>\n\n<ul class=\"wp-block-list\">\n<li>D\u00e9gustation (facile mais approximative)<\/li>\n\n\n\n<li>analyse GC\/MS des marqueurs de fum\u00e9e (ga\u00efacol, 4-m\u00e9thylga\u00efacol, cr\u00e9sols, etc.).<\/li>\n<\/ul>\n\n<div style=\"height:30px\" aria-hidden=\"true\" class=\"wp-block-spacer\"><\/div>\n\n<h2 class=\"wp-block-heading\"><strong>\u00c9tape 2 : \u00c9liminer les compos\u00e9s \u00ab fum\u00e9s \u00bb libres<\/strong><\/h2>\n\n<div style=\"height:30px\" aria-hidden=\"true\" class=\"wp-block-spacer\"><\/div>\n\n<p><strong>Produit: Extraferm D&rsquo;tox<\/strong><\/p>\n\n<p><strong>Proc\u00e9dure :<\/strong><\/p>\n\n<ul class=\"wp-block-list\">\n<li>Ajouter 20 g\/hL d\u2019Extraferm D\u2019tox, homog\u00e9n\u00e9iser, laisser s\u00e9dimenter.<\/li>\n\n\n\n<li>Apr\u00e8s 48 h, soutirer et ajouter un second 20 g\/hL, homog\u00e9n\u00e9iser et laisser s\u00e9dimenter.<\/li>\n\n\n\n<li>Soutirer apr\u00e8s 48 h.<\/li>\n<\/ul>\n\n<p><strong>\u00c9valuation <\/strong>:<\/p>\n\n<ul class=\"wp-block-list\">\n<li>D\u00e9gustation <\/li>\n\n\n\n<li>Analyse GC\/MS pour quantification finale<\/li>\n<\/ul>\n\n<div style=\"height:50px\" aria-hidden=\"true\" class=\"wp-block-spacer\"><\/div>\n\n<hr class=\"wp-block-separator has-text-color has-black-color has-alpha-channel-opacity has-black-background-color has-background\"\/>\n\n<div class=\"wp-block-columns is-layout-flex wp-container-core-columns-is-layout-9d6595d7 wp-block-columns-is-layout-flex\">\n<div class=\"wp-block-column is-layout-flow wp-block-column-is-layout-flow\">\n<div class=\"wp-block-group\"><div class=\"wp-block-group__inner-container is-layout-constrained wp-block-group-is-layout-constrained\">\n<h2 class=\"wp-block-heading\"><strong>Explorer les produits et solutions associ\u00e9s :<\/strong><\/h2>\n\n\n\n<div style=\"height:30px\" aria-hidden=\"true\" class=\"wp-block-spacer\"><\/div>\n\n\n\n<div class=\"wp-block-columns is-layout-flex wp-container-core-columns-is-layout-9d6595d7 wp-block-columns-is-layout-flex\">\n<div class=\"wp-block-column is-vertically-aligned-top is-layout-flow wp-block-column-is-layout-flow\" style=\"flex-basis:100%\">\n<div class=\"wp-block-buttons is-horizontal is-content-justification-center is-layout-flex wp-container-core-buttons-is-layout-499968f5 wp-block-buttons-is-layout-flex\">\n<div class=\"wp-block-button\"><a class=\"wp-block-button__link wp-element-button\" href=\"https:\/\/oenobrands.com\/product\/enzyme\/rapidase\/revelation-aroma\/\">Rapidase Revelation Aroma<\/a><\/div>\n\n\n\n<div class=\"wp-block-button\"><a class=\"wp-block-button__link wp-element-button\" href=\"https:\/\/oenobrands.com\/product\/yeast-derivate\/feel-safe\/extraferm-dtox\/\">Extraferm D&rsquo;tox<\/a><\/div>\n\n\n\n<div class=\"wp-block-button\"><a class=\"wp-block-button__link wp-element-button\" href=\"https:\/\/oenobrands.com\/solution\/wine-aroma\/key-positive-aroma-compounds\/#GLYCOCONJUGATES\">Glycoconjugu\u00e9s (ar\u00f4me)<\/a><\/div>\n\n\n\n<div class=\"wp-block-button\"><a class=\"wp-block-button__link wp-element-button\" href=\"https:\/\/oenobrands.com\/solution\/oenological-default\/smoke-taint\/\">Go\u00fbt de fum\u00e9e<\/a><\/div>\n<\/div>\n<\/div>\n<\/div>\n<\/div><\/div>\n\n\n\n<div style=\"height:30px\" aria-hidden=\"true\" class=\"wp-block-spacer\"><\/div>\n<\/div>\n\n\n\n<div class=\"wp-block-column is-layout-flow wp-block-column-is-layout-flow\">\n<h2 class=\"wp-block-heading\"><strong>Vous souhaitez explorer la gamme Rapidase ?<\/strong><\/h2>\n\n\n\n<div style=\"height:30px\" aria-hidden=\"true\" class=\"wp-block-spacer\"><\/div>\n\n\n\n<div class=\"wp-block-buttons is-content-justification-center is-layout-flex wp-container-core-buttons-is-layout-16018d1d wp-block-buttons-is-layout-flex\">\n<div class=\"wp-block-button\"><a class=\"wp-block-button__link wp-element-button\" href=\"https:\/\/oenobrands.com\/product\/enzyme\/rapidase\/\">Marque Rapidase<\/a><\/div>\n\n\n\n<div class=\"wp-block-button\"><a class=\"wp-block-button__link wp-element-button\" href=\"https:\/\/oenobrands.com\/product\/enzyme\/enzyme-choice\/\">Choix Rapidase<\/a><\/div>\n<\/div>\n<\/div>\n<\/div>\n\n<div style=\"height:50px\" aria-hidden=\"true\" class=\"wp-block-spacer\"><\/div>\n","protected":false},"excerpt":{"rendered":"<p>Protocoles Rapidase Rapidase\u00ae Revelation Aroma est une pr\u00e9paration glycosidasique de haute puret\u00e9, con\u00e7ue pour [&hellip;]<\/p>\n","protected":false},"author":3,"featured_media":0,"parent":20767,"menu_order":0,"comment_status":"closed","ping_status":"closed","template":"page-premier-products-list.php","meta":{"_acf_changed":false,"_seopress_robots_primary_cat":"0","_seopress_titles_title":"","_seopress_titles_desc":"","_seopress_robots_index":"","footnotes":""},"class_list":["post-21277","page","type-page","status-publish"],"acf":[],"_links":{"self":[{"href":"https:\/\/oenobrands.com\/fr\/wp-json\/wp\/v2\/pages\/21277","targetHints":{"allow":["GET"]}}],"collection":[{"href":"https:\/\/oenobrands.com\/fr\/wp-json\/wp\/v2\/pages"}],"about":[{"href":"https:\/\/oenobrands.com\/fr\/wp-json\/wp\/v2\/types\/page"}],"author":[{"embeddable":true,"href":"https:\/\/oenobrands.com\/fr\/wp-json\/wp\/v2\/users\/3"}],"replies":[{"embeddable":true,"href":"https:\/\/oenobrands.com\/fr\/wp-json\/wp\/v2\/comments?post=21277"}],"version-history":[{"count":0,"href":"https:\/\/oenobrands.com\/fr\/wp-json\/wp\/v2\/pages\/21277\/revisions"}],"up":[{"embeddable":true,"href":"https:\/\/oenobrands.com\/fr\/wp-json\/wp\/v2\/pages\/20767"}],"wp:attachment":[{"href":"https:\/\/oenobrands.com\/fr\/wp-json\/wp\/v2\/media?parent=21277"}],"curies":[{"name":"wp","href":"https:\/\/api.w.org\/{rel}","templated":true}]}}