{"id":17955,"date":"2023-02-26T23:32:29","date_gmt":"2023-02-26T22:32:29","guid":{"rendered":"https:\/\/oenobrands.com\/produit\/levure\/les-levures-anchor\/legacy-n-96\/"},"modified":"2025-11-18T14:54:28","modified_gmt":"2025-11-18T13:54:28","slug":"legacy-n-96","status":"publish","type":"page","link":"https:\/\/oenobrands.com\/fr\/produit\/levure\/les-levures-anchor\/legacy-n-96\/","title":{"rendered":"Legacy N 96"},"content":{"rendered":"\n<h1 class=\"wp-block-heading has-text-color\" style=\"color:#85af9a\">Legacy N 96<\/h1>\n\n<div style=\"height:30px\" aria-hidden=\"true\" class=\"wp-block-spacer\"><\/div>\n\n<h2 class=\"wp-block-heading has-medium-font-size\"><strong>Une <em>levure de vin Saccharomyces cerevisiae <\/em>(<em>bayanus<\/em>), vigoureuse en fermentation et polyvalente.<\/strong><\/h2>\n\n<div style=\"height:30px\" aria-hidden=\"true\" class=\"wp-block-spacer\"><\/div>\n\n<h3 class=\"wp-block-heading\">APPLICATION<\/h3>\n\n<p><strong>N 96 <\/strong>est une levure de vin neutre qui permet au caract\u00e8re vari\u00e9tal de dominer l\u2019ar\u00f4me du vin. Elle est \u00e9galement bien adapt\u00e9e \u00e0 la production de vins effervescents et de vins de glace. Id\u00e9ale pour la production de cidre, lorsque l\u2019on recherche un profil aromatique plus vari\u00e9tal.<\/p>\n\n<div style=\"height:50px\" aria-hidden=\"true\" class=\"wp-block-spacer\"><\/div>\n\n<div class=\"wp-block-columns is-layout-flex wp-container-core-columns-is-layout-9d6595d7 wp-block-columns-is-layout-flex\">\n<div class=\"wp-block-column is-layout-flow wp-block-column-is-layout-flow\" style=\"flex-basis:45%\">\n<h3 class=\"wp-block-heading has-text-color\" style=\"color:#85af9a\"><strong>CIN\u00c9TIQUE DE FERMENTATION<\/strong><\/h3>\n\n\n\n<ul class=\"wp-block-list\">\n<li>Fermenteur vigoureux \u2013 contr\u00f4ler la vitesse en abaissant la temp\u00e9rature<\/li>\n\n\n\n<li>Facteur de conversion: 0.58 &#8211; 0.63<\/li>\n<\/ul>\n\n\n\n<h3 class=\"wp-block-heading has-text-color\" style=\"color:#85af9a\"><strong>CARACT\u00c9RISTIQUES TECHNIQUES<\/strong><\/h3>\n\n\n\n<ul class=\"wp-block-list\">\n<li>Tol\u00e9rance au froid : 11 \u00b0C<\/li>\n\n\n\n<li>Plage de temp\u00e9rature optimale : 12 \u2013 28 \u00b0C ; les temp\u00e9ratures ne doivent pas d\u00e9passer 30 \u00b0C<\/li>\n\n\n\n<li>Osmotol\u00e9rance : 27 \u00b0Balling\/Brix<\/li>\n\n\n\n<li>Tol\u00e9rance \u00e0 l\u2019alcool \u00e0 20 \u00b0C : 16,5 %<\/li>\n\n\n\n<li>Production d\u2019\u00e9cume: faible<\/li>\n<\/ul>\n\n\n\n<h3 class=\"wp-block-heading has-text-color\" style=\"color:#85af9a\"><strong>Caract\u00e9ristiques du m\u00e9tabolisme<\/strong><\/h3>\n\n\n\n<ul class=\"wp-block-list\">\n<li>Production d\u2019acidit\u00e9 volatile: g\u00e9n\u00e9ralement inf\u00e9rieure \u00e0 0.3 g\/L<\/li>\n\n\n\n<li>Production de SO<sub>\u2082 <\/sub>: moyenne<\/li>\n\n\n\n<li>Besoin en azote: faible<\/li>\n<\/ul>\n\n\n\n<h3 class=\"wp-block-heading has-text-color\" style=\"color:#85af9a\"><strong>Ph\u00e9notype<\/strong><\/h3>\n\n\n\n<ul class=\"wp-block-list\">\n<li>Killer: positive<\/li>\n\n\n\n<li>Activit\u00e9 cinnamate d\u00e9carboxylase : activit\u00e9 basse (POF+)<\/li>\n<\/ul>\n\n\n\n<h3 class=\"wp-block-heading has-text-color\" style=\"color:#85af9a\"><strong>Origine <\/strong><\/h3>\n\n\n\n<p>ARC Infruitec-Nietvoorbij, Stellenbosch, Afrique du Sud.<\/p>\n\n\n\n<p><\/p>\n\n\n\n<p><\/p>\n<\/div>\n\n\n\n<div class=\"wp-block-column is-layout-flow wp-block-column-is-layout-flow\" style=\"flex-basis:6%\"><\/div>\n\n\n\n<div class=\"wp-block-column has-background is-layout-flow wp-block-column-is-layout-flow\" style=\"background-color:#f7f7f7;flex-basis:45%\">\n<div class=\"wp-block-columns is-layout-flex wp-container-core-columns-is-layout-9d6595d7 wp-block-columns-is-layout-flex\">\n<div class=\"wp-block-column is-layout-flow wp-block-column-is-layout-flow\"><div class=\"wp-block-image\">\n<figure class=\"aligncenter size-full\"><img loading=\"lazy\" decoding=\"async\" width=\"250\" height=\"150\" src=\"http:\/\/oenobrands.com\/wp-content\/uploads\/2024\/05\/ANCHOR-yeast-legacy-N96-white-wine-logo-1.png\" alt=\"ANCHOR-levure-legacy-N96-vin-blanc\" class=\"wp-image-6837\"\/><\/figure>\n<\/div><\/div>\n<\/div>\n\n\n\n<div style=\"height:40px\" aria-hidden=\"true\" class=\"wp-block-spacer\"><\/div>\n\n\n\n<div class=\"wp-block-group\"><div class=\"wp-block-group__inner-container is-layout-constrained wp-block-group-is-layout-constrained\">\n<p class=\"has-text-align-center\"><strong>T\u00c9L\u00c9CHARGER LA FICHE D&rsquo;APPLICATION<\/strong><\/p>\n\n\n\n<div class=\"wp-block-columns is-not-stacked-on-mobile is-layout-flex wp-container-core-columns-is-layout-9d6595d7 wp-block-columns-is-layout-flex\">\n<div class=\"wp-block-column is-layout-flow wp-block-column-is-layout-flow\">\n<figure class=\"wp-block-image size-full\"><a href=\"https:\/\/oenobrands.com\/wp-content\/uploads\/2024\/07\/Technical-data-sheet-Anchor-yeast-Legacy-N96_Eng_NEUTRAL_202109_Web.pdf\" target=\"_blank\" rel=\"noreferrer noopener\"><img loading=\"lazy\" decoding=\"async\" width=\"180\" height=\"94\" src=\"http:\/\/oenobrands.com\/wp-content\/uploads\/2023\/04\/flag-united-states-english-american.png\" alt=\"flag-united-states-english-american\" class=\"wp-image-2510\"\/><\/a><\/figure>\n<\/div>\n\n\n\n<div class=\"wp-block-column is-layout-flow wp-block-column-is-layout-flow\">\n<figure class=\"wp-block-image size-full\"><a href=\"https:\/\/oenobrands.com\/wp-content\/uploads\/2024\/07\/Ficha-tecnica-Anchor-levadura-Legacy-N96-Sp-202109_Web.pdf\" target=\"_blank\" rel=\"noreferrer noopener\"><img loading=\"lazy\" decoding=\"async\" width=\"180\" height=\"94\" src=\"http:\/\/oenobrands.com\/wp-content\/uploads\/2023\/04\/bandiera-spagnola-spagna.png\" alt=\"drapeau flag bandiera spagnola spagna\" class=\"wp-image-2506\"\/><\/a><\/figure>\n<\/div>\n\n\n\n<div class=\"wp-block-column is-layout-flow wp-block-column-is-layout-flow\">\n<figure class=\"wp-block-image size-full\"><a href=\"https:\/\/oenobrands.com\/wp-content\/uploads\/2024\/07\/Scheda-tecnica-Anchor-lievito-Legacy-N96_It_VASON_202109_Web.pdf\" target=\"_blank\" rel=\"noreferrer noopener\"><img loading=\"lazy\" decoding=\"async\" width=\"180\" height=\"94\" src=\"http:\/\/oenobrands.com\/wp-content\/uploads\/2023\/04\/bandiera-italiana-italy.png\" alt=\"drapeau flag bandiera italiana italy\" class=\"wp-image-2512\"\/><\/a><\/figure>\n<\/div>\n\n\n\n<div class=\"wp-block-column is-layout-flow wp-block-column-is-layout-flow\">\n<figure class=\"wp-block-image size-full\"><a href=\"https:\/\/oenobrands.com\/wp-content\/uploads\/2024\/07\/Ficha-tecnica-Anchor-levedura-Legacy-N96_Pt_AFV_202109_Web.pdf\" target=\"_blank\" rel=\"noreferrer noopener\"><img loading=\"lazy\" decoding=\"async\" width=\"180\" height=\"94\" src=\"http:\/\/oenobrands.com\/wp-content\/uploads\/2024\/05\/Flag-drapeau-Portugal.png\" alt=\"Flag-drapeau-Portugal\" class=\"wp-image-7139\"\/><\/a><\/figure>\n<\/div>\n\n\n\n<div class=\"wp-block-column is-layout-flow wp-block-column-is-layout-flow\">\n<figure class=\"wp-block-image size-full\"><a href=\"https:\/\/oenobrands.com\/wp-content\/uploads\/2024\/07\/Technisches-Datenblatt-Anchor-Hefe-Legacy-N96-Ger_202109_Web.pdf\" target=\"_blank\" rel=\"noreferrer noopener\"><img loading=\"lazy\" decoding=\"async\" width=\"180\" height=\"94\" src=\"http:\/\/oenobrands.com\/wp-content\/uploads\/2023\/05\/Flagge-Deutschland.png\" alt=\"Flagge-Deutschland-flag-drapeau\" class=\"wp-image-3550\"\/><\/a><\/figure>\n<\/div>\n\n\n\n<div class=\"wp-block-column is-layout-flow wp-block-column-is-layout-flow\"><\/div>\n<\/div>\n<\/div><\/div>\n\n\n\n<hr class=\"wp-block-separator has-text-color has-alpha-channel-opacity has-background\" style=\"background-color:#00205c;color:#00205c\"\/>\n\n\n\n<div class=\"wp-block-buttons is-content-justification-center is-layout-flex wp-container-core-buttons-is-layout-16018d1d wp-block-buttons-is-layout-flex\">\n<div class=\"wp-block-button\"><a class=\"wp-block-button__link has-white-color has-text-color has-background has-text-align-center wp-element-button\" href=\"https:\/\/oenobrands.com\/fr\/notre-reseau-de-distributeurs\/&lt;br\/&gt;&lt;br\/&gt;&lt;div style=&quot;all: initial !important;&quot;&gt; &lt;\/div&gt;\" style=\"background-color:#162638\" target=\"_blank\" rel=\"noreferrer noopener\">Votre distributeur<\/a><\/div>\n<\/div>\n\n\n\n<hr class=\"wp-block-separator has-text-color has-alpha-channel-opacity has-background\" style=\"background-color:#00205c;color:#00205c\"\/>\n\n\n\n<h3 class=\"wp-block-heading\"><strong>Dose<\/strong><\/h3>\n\n\n\n<p>20 &#8211; 30 g\/hL<\/p>\n\n\n\n<h3 class=\"wp-block-heading\"><strong><strong>Conditionnement<\/strong><\/strong><\/h3>\n\n\n\n<p><strong>N 96<\/strong> est conditionn\u00e9 sous vide en sachets de 1 kg.<\/p>\n\n\n\n<h3 class=\"wp-block-heading\"><strong>Conservation<\/strong><\/h3>\n\n\n\n<p>Le produit doit \u00eatre conserv\u00e9 dans un lieu frais (5 &#8211; 15 \u00b0C) et sec, dans son emballage d\u2019origine.<\/p>\n<\/div>\n<\/div>\n\n<div class=\"wp-block-group\"><div class=\"wp-block-group__inner-container is-layout-constrained wp-block-group-is-layout-constrained\">\n<div style=\"height:30px\" aria-hidden=\"true\" class=\"wp-block-spacer\"><\/div>\n\n\n\n<hr class=\"wp-block-separator has-text-color has-black-color has-alpha-channel-opacity has-black-background-color has-background\"\/>\n<\/div><\/div>\n\n<div class=\"wp-block-columns is-layout-flex wp-container-core-columns-is-layout-9d6595d7 wp-block-columns-is-layout-flex\">\n<div class=\"wp-block-column is-layout-flow wp-block-column-is-layout-flow\">\n<div class=\"wp-block-group\"><div class=\"wp-block-group__inner-container is-layout-constrained wp-block-group-is-layout-constrained\">\n<h2 class=\"wp-block-heading\"><strong><strong>Explorez les solutions associ\u00e9es :<\/strong><\/strong><\/h2>\n\n\n\n<div style=\"height:30px\" aria-hidden=\"true\" class=\"wp-block-spacer\"><\/div>\n\n\n\n<p><strong>Vous recherchez une approche plus globale de la vinification ?<\/strong> D\u00e9couvrez nos solutions \u0153nologiques avanc\u00e9es li\u00e9es \u00e0 <strong>Legacy N 96.<\/strong><\/p>\n\n\n\n<div style=\"height:30px\" aria-hidden=\"true\" class=\"wp-block-spacer\"><\/div>\n\n\n\n<div class=\"wp-block-columns are-vertically-aligned-center is-layout-flex wp-container-core-columns-is-layout-9d6595d7 wp-block-columns-is-layout-flex\">\n<div class=\"wp-block-column is-vertically-aligned-center is-layout-flow wp-block-column-is-layout-flow\" style=\"flex-basis:100%\">\n<div class=\"wp-block-buttons is-content-justification-center is-layout-flex wp-container-core-buttons-is-layout-16018d1d wp-block-buttons-is-layout-flex\">\n<div class=\"wp-block-button is-style-fill\"><a class=\"wp-block-button__link wp-element-button\" href=\"https:\/\/oenobrands.com\/fr\/solution\/fermentation-alcoolique\/inoculation-des-levures\/&lt;br\/&gt;&lt;br\/&gt;&lt;div style=&quot;all: initial !important;&quot;&gt; &lt;\/div&gt;\" target=\"_blank\" rel=\"noreferrer noopener\">Inoculation des levures<\/a><\/div>\n\n\n\n<div class=\"wp-block-button is-style-fill\"><a class=\"wp-block-button__link wp-element-button\" href=\"https:\/\/oenobrands.com\/fr\/solution\/fermentation-alcoolique\/choix-des-levures\/&lt;br\/&gt;&lt;br\/&gt;&lt;div style=&quot;all: initial !important;&quot;&gt; &lt;\/div&gt;\" target=\"_blank\" rel=\"noreferrer noopener\">Choix des levures<\/a><\/div>\n\n\n\n<div class=\"wp-block-button is-style-fill\"><a class=\"wp-block-button__link wp-element-button\" href=\"https:\/\/oenobrands.com\/fr\/solution\/aromes-du-vin\/composes-aromatiques-cles\/&lt;br\/&gt;&lt;br\/&gt;&lt;div style=&quot;all: initial !important;&quot;&gt; &lt;\/div&gt;\" target=\"_blank\" rel=\"noreferrer noopener\">Compos\u00e9s aromatiques<\/a><\/div>\n<\/div>\n<\/div>\n<\/div>\n<\/div><\/div>\n\n\n\n<div style=\"height:30px\" aria-hidden=\"true\" class=\"wp-block-spacer\"><\/div>\n<\/div>\n\n\n\n<div class=\"wp-block-column is-layout-flow wp-block-column-is-layout-flow\">\n<h2 class=\"wp-block-heading\"><strong>Vous cherchez quelque chose d&rsquo;autre ?<\/strong><\/h2>\n\n\n\n<div style=\"height:30px\" aria-hidden=\"true\" class=\"wp-block-spacer\"><\/div>\n\n\n\n<p>Visitez notre section \u00ab Solution \u00bb, o\u00f9 nous proposons des conseils d&rsquo;experts, des connaissances populaires et des approches novatrices organis\u00e9es par processus de vinification. <strong>De la fermentation \u00e0 la filtration\/mise en bouteille, nous vous accompagnons avec des solutions pour am\u00e9liorer chaque \u00e9tape de votre processus de vinification.<\/strong><\/p>\n\n\n\n<div style=\"height:30px\" aria-hidden=\"true\" class=\"wp-block-spacer\"><\/div>\n\n\n\n<div class=\"wp-block-columns are-vertically-aligned-center is-layout-flex wp-container-core-columns-is-layout-9d6595d7 wp-block-columns-is-layout-flex\">\n<div class=\"wp-block-column is-vertically-aligned-center is-layout-flow wp-block-column-is-layout-flow\" style=\"flex-basis:100%\">\n<div class=\"wp-block-buttons is-content-justification-center is-layout-flex wp-container-core-buttons-is-layout-16018d1d wp-block-buttons-is-layout-flex\">\n<div class=\"wp-block-button is-style-fill\"><a class=\"wp-block-button__link wp-element-button\" href=\"https:\/\/oenobrands.com\/fr\/solution\/&lt;br\/&gt;&lt;br\/&gt;&lt;div style=&quot;all: initial !important;&quot;&gt; &lt;\/div&gt;\" target=\"_blank\" rel=\"noreferrer noopener\">Advanced winemaking solutions<\/a><\/div>\n<\/div>\n<\/div>\n<\/div>\n<\/div>\n<\/div>\n\n<hr class=\"wp-block-separator has-text-color has-black-color has-alpha-channel-opacity has-black-background-color has-background\"\/>\n\n<div style=\"height:30px\" aria-hidden=\"true\" class=\"wp-block-spacer\"><\/div>\n\n<div class=\"wp-block-columns is-layout-flex wp-container-core-columns-is-layout-9d6595d7 wp-block-columns-is-layout-flex\">\n<div class=\"wp-block-column is-vertically-aligned-center is-layout-flow wp-block-column-is-layout-flow\" style=\"flex-basis:30%\">\n<h1 class=\"wp-block-heading has-text-color\" style=\"color:#00205c\">D\u00e9couvrez la gamme ANCHOR<\/h1>\n\n\n\n<div style=\"height:20px\" aria-hidden=\"true\" class=\"wp-block-spacer\"><\/div>\n\n\n\n<div class=\"wp-block-buttons is-content-justification-center is-layout-flex wp-container-core-buttons-is-layout-16018d1d wp-block-buttons-is-layout-flex\">\n<div class=\"wp-block-button\"><a class=\"wp-block-button__link has-background wp-element-button\" href=\"https:\/\/oenobrands.com\/fr\/produit\/levure\/les-levures-anchor\/&lt;br\/&gt;&lt;br\/&gt;&lt;div style=&quot;all: initial !important;&quot;&gt; &lt;\/div&gt;\" style=\"background-color:#545859\" target=\"_blank\" rel=\"noreferrer noopener\">Levures ANCHOR<\/a><\/div>\n<\/div>\n<\/div>\n\n\n\n<div class=\"wp-block-column is-layout-flow wp-block-column-is-layout-flow\" style=\"flex-basis:10%\"><\/div>\n\n\n\n<div class=\"wp-block-column is-layout-flow wp-block-column-is-layout-flow\"><div class=\"wp-block-image\">\n<figure class=\"aligncenter size-full is-resized\"><img loading=\"lazy\" decoding=\"async\" width=\"776\" height=\"240\" src=\"http:\/\/oenobrands.com\/wp-content\/uploads\/2023\/04\/Oenobrands-Anchor-logo-1.png\" alt=\"Anchor-logo\" class=\"wp-image-2447\" style=\"width:350px\" srcset=\"https:\/\/oenobrands.com\/wp-content\/uploads\/2023\/04\/Oenobrands-Anchor-logo-1.png 776w, https:\/\/oenobrands.com\/wp-content\/uploads\/2023\/04\/Oenobrands-Anchor-logo-1-300x93.png 300w, https:\/\/oenobrands.com\/wp-content\/uploads\/2023\/04\/Oenobrands-Anchor-logo-1-768x238.png 768w\" sizes=\"auto, (max-width: 776px) 100vw, 776px\" \/><\/figure>\n<\/div><\/div>\n<\/div>\n\n<div style=\"height:50px\" aria-hidden=\"true\" class=\"wp-block-spacer\"><\/div>\n","protected":false},"excerpt":{"rendered":"<p>Legacy N 96 Une levure de vin Saccharomyces cerevisiae (bayanus), vigoureuse en fermentation et [&hellip;]<\/p>\n","protected":false},"author":3,"featured_media":0,"parent":13870,"menu_order":15,"comment_status":"closed","ping_status":"closed","template":"page-product.php","meta":{"_acf_changed":false,"_seopress_robots_primary_cat":"0","_seopress_titles_title":"","_seopress_titles_desc":"","_seopress_robots_index":"","footnotes":""},"class_list":["post-17955","page","type-page","status-publish"],"acf":[],"_links":{"self":[{"href":"https:\/\/oenobrands.com\/fr\/wp-json\/wp\/v2\/pages\/17955","targetHints":{"allow":["GET"]}}],"collection":[{"href":"https:\/\/oenobrands.com\/fr\/wp-json\/wp\/v2\/pages"}],"about":[{"href":"https:\/\/oenobrands.com\/fr\/wp-json\/wp\/v2\/types\/page"}],"author":[{"embeddable":true,"href":"https:\/\/oenobrands.com\/fr\/wp-json\/wp\/v2\/users\/3"}],"replies":[{"embeddable":true,"href":"https:\/\/oenobrands.com\/fr\/wp-json\/wp\/v2\/comments?post=17955"}],"version-history":[{"count":0,"href":"https:\/\/oenobrands.com\/fr\/wp-json\/wp\/v2\/pages\/17955\/revisions"}],"up":[{"embeddable":true,"href":"https:\/\/oenobrands.com\/fr\/wp-json\/wp\/v2\/pages\/13870"}],"wp:attachment":[{"href":"https:\/\/oenobrands.com\/fr\/wp-json\/wp\/v2\/media?parent=17955"}],"curies":[{"name":"wp","href":"https:\/\/api.w.org\/{rel}","templated":true}]}}