{"id":17952,"date":"2023-02-24T16:03:15","date_gmt":"2023-02-24T15:03:15","guid":{"rendered":"https:\/\/oenobrands.com\/produit\/levure\/fermivin\/fermivin-it61\/"},"modified":"2025-10-20T13:56:50","modified_gmt":"2025-10-20T11:56:50","slug":"fermivin-it61","status":"publish","type":"page","link":"https:\/\/oenobrands.com\/fr\/produit\/levure\/fermivin\/fermivin-it61\/","title":{"rendered":"Fermivin IT61"},"content":{"rendered":"\n<h1 class=\"wp-block-heading has-text-color\" style=\"color:#fe9b95\">Fermivin IT61<\/h1>\n\n<div style=\"height:30px\" aria-hidden=\"true\" class=\"wp-block-spacer\"><\/div>\n\n<h2 class=\"wp-block-heading\"><strong>VINS BLANCS ET ROS\u00c9S TROPICAUX INTENSES<\/strong><\/h2>\n\n<div style=\"height:30px\" aria-hidden=\"true\" class=\"wp-block-spacer\"><\/div>\n\n<h3 class=\"wp-block-heading\"><strong>OBJECTIF<\/strong><\/h3>\n\n<p>Fermivin\u00ae IT61 favorise l\u2019expression aromatique (m\u00eame dans les c\u00e9pages neutres) et la complexit\u00e9 des vins blancs et ros\u00e9s. <\/p>\n\n<p>Il pr\u00e9sente une production importante d\u2019ar\u00f4mes, tels que les esters \u00e9thyliques, ainsi que des thiols dans les c\u00e9pages \u00e0 pr\u00e9curseurs. Une production particuli\u00e8rement faible en AV (acidit\u00e9 volatile) est une propri\u00e9t\u00e9 fermentative remarquable. <\/p>\n\n<p>Les ar\u00f4mes sont d\u00e9crits comme du pamplemousse, des fruits tropicaux et de l\u2019ananas. Il contribue \u00e9galement \u00e0<br\/>une bouche ample, en particulier lorsque le vin est \u00e9lev\u00e9 sur lies. Il est recommand\u00e9 pour les fermentations en cuve et en barrique. <\/p>\n\n<p>Ces propri\u00e9t\u00e9s le rendent id\u00e9al pour des c\u00e9pages comme le Vermentino, le Verdicchio, le Trebbiano, le Viognier, le Chardonnay et le Gew\u00fcrztraminer.<\/p>\n\n<div style=\"height:50px\" aria-hidden=\"true\" class=\"wp-block-spacer\"><\/div>\n\n<div class=\"wp-block-columns is-layout-flex wp-container-core-columns-is-layout-9d6595d7 wp-block-columns-is-layout-flex\">\n<div class=\"wp-block-column is-layout-flow wp-block-column-is-layout-flow\" style=\"flex-basis:45%\">\n<h3 class=\"wp-block-heading has-text-color\" style=\"color:#fe9b95\"><strong>D\u00e9gustation<\/strong><\/h3>\n\n\n\n<p>Vins aromatiques, frais et complexes. Notes tr\u00e8s intenses et nettes, d\u2019agrumes, zest\u00e9es, avec une pr\u00e9dominance de pamplemousse. Bonne sensation en bouche, avec une finale tr\u00e8s longue et persistante.<\/p>\n\n\n\n<h3 class=\"wp-block-heading has-text-color\" style=\"color:#fe9b95\"><strong>Caract\u00e9ristiques du m\u00e9tabolisme<\/strong><\/h3>\n\n\n\n<figure class=\"wp-block-table\"><table><tbody><tr><td>Production de SO<sub>2<\/sub><\/td><td>&lt; 10 mg\/L<\/td><\/tr><tr><td>Production de glyc\u00e9rol<\/td><td>5 \u2013 7 g\/L<\/td><\/tr><tr><td>Production d&rsquo;acidit\u00e9 volatile<\/td><td>&lt; 0,15 g\/L<\/td><\/tr><tr><td>Production d&rsquo;ac\u00e9taldehyde<\/td><td>&lt; 20 mg\/L<\/td><\/tr><tr><td>Production d&rsquo;H<sub>2<\/sub>S<\/td><td>Basse<\/td><\/tr><tr><td>Facteur Killer<\/td><td>Killer<\/td><\/tr><\/tbody><\/table><\/figure>\n\n\n\n<h3 class=\"wp-block-heading has-text-color\" style=\"color:#fe9b95\"><strong>Propri\u00e9t\u00e9s oenologiques<\/strong><\/h3>\n\n\n\n<figure class=\"wp-block-table\"><table><tbody><tr><td>Cin\u00e9tique fermentaire<\/td><td>Standard<\/td><\/tr><tr><td>Besoins nutritionnels<\/td><td>Moyen<\/td><\/tr><tr><td>Tol\u00e9rance \u00e0 l&rsquo;alcool<\/td><td>14,5 % vol.<\/td><\/tr><tr><td>Plage de temp\u00e9rature<\/td><td>15-28 \u00b0C, 59-82 \u00b0F<\/td><\/tr><\/tbody><\/table><\/figure>\n\n\n\n<h3 class=\"wp-block-heading has-text-color\" style=\"color:#fe9b95\"><strong>Origine<\/strong><\/h3>\n\n\n\n<p><strong>Esp\u00e8ce <\/strong>: <em>Saccharomyces cerevisiae<\/em> var. <em>cerevisiae<\/em><br\/><strong>La souche IW61 <\/strong>a \u00e9t\u00e9 obtenue \u00e0 partir de la collection de levures \u0153nologiques de Gist-brocade et valid\u00e9e en 2019 par OENOBRANDS.<\/p>\n\n\n\n<h3 class=\"wp-block-heading has-text-color\" style=\"color:#fe9b95\"><strong>Science et Technologie<\/strong><\/h3>\n\n\n\n<p>Lors de tests comparatifs en caves, avec des levures de r\u00e9f\u00e9rence g\u00e9n\u00e9ralement pr\u00e9sentes sur le march\u00e9, les vins produits avec <strong>Fermivin IT61 <\/strong>ont \u00e9t\u00e9 d\u00e9crits par les vignerons comme les plus complexes et intenses \u00e0 la fois.<\/p>\n\n\n<div class=\"wp-block-image is-style-zoooom\">\n<figure class=\"aligncenter size-full\"><img alt=\"\" loading=\"lazy\" decoding=\"async\" width=\"949\" height=\"738\" src=\"http:\/\/oenobrands.com\/wp-content\/uploads\/2024\/05\/Product_Fermivin-IT61-1.png\" alt=\"\" class=\"wp-image-6902\" srcset=\"https:\/\/oenobrands.com\/wp-content\/uploads\/2024\/05\/Product_Fermivin-IT61-1.png 949w, https:\/\/oenobrands.com\/wp-content\/uploads\/2024\/05\/Product_Fermivin-IT61-1-300x233.png 300w, https:\/\/oenobrands.com\/wp-content\/uploads\/2024\/05\/Product_Fermivin-IT61-1-768x597.png 768w\" sizes=\"auto, (max-width: 949px) 100vw, 949px\" \/><figcaption class=\"wp-element-caption\">D\u00e9gustation sensorielle de vins ferment\u00e9s avec Fermivin IT61 compar\u00e9s \u00e0 une souche de r\u00e9f\u00e9rence du march\u00e9 (Italie).<\/figcaption><\/figure>\n<\/div>\n\n\n<p><\/p>\n\n\n\n<p><\/p>\n<\/div>\n\n\n\n<div class=\"wp-block-column is-layout-flow wp-block-column-is-layout-flow\" style=\"flex-basis:6%\"><\/div>\n\n\n\n<div class=\"wp-block-column has-background is-layout-flow wp-block-column-is-layout-flow\" style=\"background-color:#f7f7f7;flex-basis:45%\">\n<div class=\"wp-block-columns is-layout-flex wp-container-core-columns-is-layout-9d6595d7 wp-block-columns-is-layout-flex\">\n<div class=\"wp-block-column is-layout-flow wp-block-column-is-layout-flow\"><div class=\"wp-block-image\">\n<figure class=\"aligncenter size-full\"><img alt=\"\" loading=\"lazy\" decoding=\"async\" width=\"791\" height=\"295\" src=\"http:\/\/oenobrands.com\/wp-content\/uploads\/2024\/05\/FERMIVIN_IT61.png\" alt=\"\" class=\"wp-image-7544\" srcset=\"https:\/\/oenobrands.com\/wp-content\/uploads\/2024\/05\/FERMIVIN_IT61.png 791w, https:\/\/oenobrands.com\/wp-content\/uploads\/2024\/05\/FERMIVIN_IT61-300x112.png 300w, https:\/\/oenobrands.com\/wp-content\/uploads\/2024\/05\/FERMIVIN_IT61-768x286.png 768w\" sizes=\"auto, (max-width: 791px) 100vw, 791px\" \/><\/figure>\n<\/div><\/div>\n<\/div>\n\n\n\n<div style=\"height:40px\" aria-hidden=\"true\" class=\"wp-block-spacer\"><\/div>\n\n\n\n<div class=\"wp-block-group\"><div class=\"wp-block-group__inner-container is-layout-constrained wp-block-group-is-layout-constrained\">\n<p class=\"has-text-align-center\"><strong>T\u00c9L\u00c9CHARGER LA FICHE D&rsquo;APPLICATION<\/strong><\/p>\n\n\n\n<div class=\"wp-block-columns is-not-stacked-on-mobile is-layout-flex wp-container-core-columns-is-layout-9d6595d7 wp-block-columns-is-layout-flex\">\n<div class=\"wp-block-column is-layout-flow wp-block-column-is-layout-flow\">\n<figure class=\"wp-block-image size-full\"><a href=\"https:\/\/oenobrands.com\/wp-content\/uploads\/2024\/07\/FERMIVIN-ADS-IT61-2023_EN_21x297_G_03.pdf\" target=\"_blank\" rel=\"noreferrer noopener\"><img loading=\"lazy\" decoding=\"async\" width=\"180\" height=\"94\" src=\"http:\/\/oenobrands.com\/wp-content\/uploads\/2023\/04\/flag-united-states-english-american.png\" alt=\"flag-united-states-english-american\" class=\"wp-image-2510\"\/><\/a><\/figure>\n<\/div>\n\n\n\n<div class=\"wp-block-column is-layout-flow wp-block-column-is-layout-flow\">\n<figure class=\"wp-block-image size-full\"><a href=\"https:\/\/oenobrands.com\/wp-content\/uploads\/2024\/07\/FERMIVIN-ADS-IT61-2024_ES_21x297_G_02.pdf\" target=\"_blank\" rel=\"noreferrer noopener\"><img loading=\"lazy\" decoding=\"async\" width=\"180\" height=\"94\" src=\"http:\/\/oenobrands.com\/wp-content\/uploads\/2023\/04\/bandiera-spagnola-spagna.png\" alt=\"bandiera-spagnola-spagna\" class=\"wp-image-2506\"\/><\/a><\/figure>\n<\/div>\n\n\n\n<div class=\"wp-block-column is-layout-flow wp-block-column-is-layout-flow\">\n<figure class=\"wp-block-image size-full\"><a href=\"https:\/\/oenobrands.com\/wp-content\/uploads\/2024\/07\/FERMIVIN-ADS-IT61-2023_IT_21x297_G_01.pdf\" target=\"_blank\" rel=\"noreferrer noopener\"><img loading=\"lazy\" decoding=\"async\" width=\"180\" height=\"94\" src=\"http:\/\/oenobrands.com\/wp-content\/uploads\/2023\/04\/bandiera-italiana-italy.png\" alt=\"bandiera-italiana-italy\" class=\"wp-image-2512\"\/><\/a><\/figure>\n<\/div>\n\n\n\n<div class=\"wp-block-column is-layout-flow wp-block-column-is-layout-flow\">\n<figure class=\"wp-block-image size-full\"><a href=\"https:\/\/oenobrands.com\/wp-content\/uploads\/2024\/07\/FERMIVIN-ADS-IT61-2023_PT_21x297_G_02.pdf\" target=\"_blank\" rel=\"noreferrer noopener\"><img loading=\"lazy\" decoding=\"async\" width=\"180\" height=\"94\" src=\"http:\/\/oenobrands.com\/wp-content\/uploads\/2024\/05\/Flag-drapeau-Portugal.png\" alt=\"Flag-drapeau-Portugal\" class=\"wp-image-7139\"\/><\/a><\/figure>\n<\/div>\n\n\n\n<div class=\"wp-block-column is-layout-flow wp-block-column-is-layout-flow\">\n<figure class=\"wp-block-image size-full\"><a href=\"https:\/\/oenobrands.com\/wp-content\/uploads\/2024\/10\/FERMIVIN_ADS-IT61_2023_ALL_21x297_G_02.pdf\" target=\"_blank\" rel=\"noreferrer noopener\"><img loading=\"lazy\" decoding=\"async\" width=\"180\" height=\"94\" src=\"http:\/\/oenobrands.com\/wp-content\/uploads\/2023\/05\/Flagge-Deutschland.png\" alt=\"Flagge-Deutschland-flag-drapeau\" class=\"wp-image-3550\"\/><\/a><\/figure>\n<\/div>\n\n\n\n<div class=\"wp-block-column is-layout-flow wp-block-column-is-layout-flow\"><\/div>\n<\/div>\n<\/div><\/div>\n\n\n\n<hr class=\"wp-block-separator has-text-color has-alpha-channel-opacity has-background\" style=\"background-color:#162638;color:#162638\"\/>\n\n\n\n<div class=\"wp-block-buttons is-content-justification-center is-layout-flex wp-container-core-buttons-is-layout-16018d1d wp-block-buttons-is-layout-flex\">\n<div class=\"wp-block-button\"><a class=\"wp-block-button__link has-white-color has-text-color has-background has-text-align-center wp-element-button\" href=\"https:\/\/oenobrands.com\/distributor\/\" style=\"background-color:#162638\" target=\"_blank\" rel=\"noreferrer noopener\">Votre distributeur<\/a><\/div>\n<\/div>\n\n\n\n<hr class=\"wp-block-separator has-text-color has-alpha-channel-opacity has-background\" style=\"background-color:#162638;color:#162638\"\/>\n\n\n\n<h3 class=\"wp-block-heading\"><strong>Dose <\/strong><strong>et Conditionnement<\/strong><\/h3>\n\n\n\n<div style=\"height:30px\" aria-hidden=\"true\" class=\"wp-block-spacer\"><\/div>\n\n\n\n<div class=\"wp-block-media-text is-stacked-on-mobile\" style=\"grid-template-columns:30% auto\"><figure class=\"wp-block-media-text__media\"><img loading=\"lazy\" decoding=\"async\" width=\"196\" height=\"73\" src=\"http:\/\/oenobrands.com\/wp-content\/uploads\/2024\/06\/Fermivin_IT61_-_mini_sticker-removebg-preview.png\" alt=\"Fermivin-IT61-vin-levure\" class=\"wp-image-8735 size-full\"\/><\/figure><div class=\"wp-block-media-text__content\">\n<p><strong>Fermivin IT61 classique<\/strong><br\/>Dose recommand\u00e9e : 20 g\/hL.<br\/>Conditionnement : sachets sous vide de 500 g.<\/p>\n<\/div><\/div>\n\n\n\n<div class=\"wp-block-media-text is-stacked-on-mobile\" style=\"grid-template-columns:30% auto\"><figure class=\"wp-block-media-text__media\"><img alt=\"\" loading=\"lazy\" decoding=\"async\" width=\"341\" height=\"129\" src=\"http:\/\/oenobrands.com\/wp-content\/uploads\/2024\/07\/Label-In-line-ready-Fermivin-IT61-ILR-mini-82x31-px-1.png\" alt=\"\" class=\"wp-image-11163 size-full\" srcset=\"https:\/\/oenobrands.com\/wp-content\/uploads\/2024\/07\/Label-In-line-ready-Fermivin-IT61-ILR-mini-82x31-px-1.png 341w, https:\/\/oenobrands.com\/wp-content\/uploads\/2024\/07\/Label-In-line-ready-Fermivin-IT61-ILR-mini-82x31-px-1-300x113.png 300w\" sizes=\"auto, (max-width: 341px) 100vw, 341px\" \/><\/figure><div class=\"wp-block-media-text__content\">\n<p><strong>Fermivin IT61 In-Line Ready<br\/><\/strong> Dose recommand\u00e9e : 30 g\/hL.<br\/>Conditionnement : sachets sous vide de 500 g.<\/p>\n<\/div><\/div>\n\n\n\n<h3 class=\"wp-block-heading\"><strong>Sp\u00e9cification<\/strong><\/h3>\n\n\n\n<p>Fermivin IT61 contient plus de 10 milliards de cellules de levure s\u00e8che active par gramme.<\/p>\n\n\n\n<h3 class=\"wp-block-heading\"><strong>Conservation<\/strong><\/h3>\n\n\n\n<p>Le stockage doit \u00eatre effectu\u00e9 dans l\u2019emballage d\u2019origine, ferm\u00e9, dans un local frais (5 \u00e0 15 \u00b0C) et sec.<\/p>\n\n\n\n<p><\/p>\n<\/div>\n<\/div>\n\n<div class=\"wp-block-group\"><div class=\"wp-block-group__inner-container is-layout-constrained wp-block-group-is-layout-constrained\">\n<div style=\"height:30px\" aria-hidden=\"true\" class=\"wp-block-spacer\"><\/div>\n\n\n\n<hr class=\"wp-block-separator has-text-color has-black-color has-alpha-channel-opacity has-black-background-color has-background\"\/>\n<\/div><\/div>\n\n<div class=\"wp-block-columns is-layout-flex wp-container-core-columns-is-layout-9d6595d7 wp-block-columns-is-layout-flex\">\n<div class=\"wp-block-column is-layout-flow wp-block-column-is-layout-flow\">\n<div class=\"wp-block-group\"><div class=\"wp-block-group__inner-container is-layout-constrained wp-block-group-is-layout-constrained\">\n<h2 class=\"wp-block-heading\"><strong><strong>Explorez les solutions associ\u00e9es :<\/strong><\/strong><\/h2>\n\n\n\n<div style=\"height:30px\" aria-hidden=\"true\" class=\"wp-block-spacer\"><\/div>\n\n\n\n<p><strong>Vous recherchez une approche plus globale de la vinification ? <\/strong>D\u00e9couvrez nos solutions \u0153nologiques avanc\u00e9es li\u00e9es \u00e0 <strong>Fermivin IT61.<\/strong><\/p>\n\n\n\n<div style=\"height:30px\" aria-hidden=\"true\" class=\"wp-block-spacer\"><\/div>\n\n\n\n<div class=\"wp-block-columns are-vertically-aligned-center is-layout-flex wp-container-core-columns-is-layout-9d6595d7 wp-block-columns-is-layout-flex\">\n<div class=\"wp-block-column is-vertically-aligned-center is-layout-flow wp-block-column-is-layout-flow\" style=\"flex-basis:100%\">\n<div class=\"wp-block-buttons is-content-justification-center is-layout-flex wp-container-core-buttons-is-layout-16018d1d wp-block-buttons-is-layout-flex\">\n<div class=\"wp-block-button is-style-fill\"><a class=\"wp-block-button__link wp-element-button\" href=\"https:\/\/oenobrands.com\/solution\/alcoholic-fermentation\/yeast-inoculation\/\" target=\"_blank\" rel=\"noreferrer noopener\">Inoculation des levures<\/a><\/div>\n\n\n\n<div class=\"wp-block-button is-style-fill\"><a class=\"wp-block-button__link wp-element-button\" href=\"https:\/\/oenobrands.com\/solution\/alcoholic-fermentation\/direct-yeast-inoculation\/\" target=\"_blank\" rel=\"noreferrer noopener\">Inoculation directe des levures<\/a><\/div>\n\n\n\n<div class=\"wp-block-button is-style-fill\"><a class=\"wp-block-button__link wp-element-button\" href=\"https:\/\/oenobrands.com\/solution\/alcoholic-fermentation\/yeast-choice\/\" target=\"_blank\" rel=\"noreferrer noopener\">Choix des levures<\/a><\/div>\n\n\n\n<div class=\"wp-block-button is-style-fill\"><a class=\"wp-block-button__link wp-element-button\" href=\"https:\/\/oenobrands.com\/key-positive-aroma-compounds\/\" target=\"_blank\" rel=\"noreferrer noopener\">Compos\u00e9s aromatiques<\/a><\/div>\n\n\n\n<div class=\"wp-block-button is-style-fill\"><a class=\"wp-block-button__link wp-element-button\" href=\"https:\/\/oenobrands.com\/solution\/cider-2\/cider\/\" target=\"_blank\" rel=\"noreferrer noopener\">Cidre<\/a><\/div>\n<\/div>\n<\/div>\n<\/div>\n<\/div><\/div>\n\n\n\n<div style=\"height:30px\" aria-hidden=\"true\" class=\"wp-block-spacer\"><\/div>\n<\/div>\n\n\n\n<div class=\"wp-block-column is-layout-flow wp-block-column-is-layout-flow\">\n<h2 class=\"wp-block-heading\"><strong>Vous cherchez quelque chose d&rsquo;autre ?<\/strong><\/h2>\n\n\n\n<div style=\"height:30px\" aria-hidden=\"true\" class=\"wp-block-spacer\"><\/div>\n\n\n\n<p>Visitez notre section \u00ab Solution \u00bb, o\u00f9 nous proposons des conseils d&rsquo;experts, des connaissances populaires et des approches novatrices organis\u00e9es par processus de vinification. <strong>De la fermentation \u00e0 la filtration\/mise en bouteille, nous vous accompagnons avec des solutions pour am\u00e9liorer chaque \u00e9tape de votre processus de vinification.<\/strong><\/p>\n\n\n\n<div style=\"height:30px\" aria-hidden=\"true\" class=\"wp-block-spacer\"><\/div>\n\n\n\n<div class=\"wp-block-columns are-vertically-aligned-center is-layout-flex wp-container-core-columns-is-layout-9d6595d7 wp-block-columns-is-layout-flex\">\n<div class=\"wp-block-column is-vertically-aligned-center is-layout-flow wp-block-column-is-layout-flow\" style=\"flex-basis:100%\">\n<div class=\"wp-block-buttons is-content-justification-center is-layout-flex wp-container-core-buttons-is-layout-16018d1d wp-block-buttons-is-layout-flex\">\n<div class=\"wp-block-button is-style-fill\"><a class=\"wp-block-button__link wp-element-button\" href=\"https:\/\/oenobrands.com\/solution\/\" target=\"_blank\" rel=\"noreferrer noopener\">Advanced winemaking solutions<\/a><\/div>\n<\/div>\n<\/div>\n<\/div>\n<\/div>\n<\/div>\n\n<hr class=\"wp-block-separator has-text-color has-black-color has-alpha-channel-opacity has-black-background-color has-background\"\/>\n\n<div style=\"height:30px\" aria-hidden=\"true\" class=\"wp-block-spacer\"><\/div>\n\n<div class=\"wp-block-columns is-layout-flex wp-container-core-columns-is-layout-9d6595d7 wp-block-columns-is-layout-flex\">\n<div class=\"wp-block-column is-vertically-aligned-center is-layout-flow wp-block-column-is-layout-flow\" style=\"flex-basis:30%\">\n<h1 class=\"wp-block-heading has-text-color\" style=\"color:#545859\">D\u00e9couvrez la gamme FERMIVIN <\/h1>\n\n\n\n<div style=\"height:20px\" aria-hidden=\"true\" class=\"wp-block-spacer\"><\/div>\n\n\n\n<div class=\"wp-block-buttons is-content-justification-center is-layout-flex wp-container-core-buttons-is-layout-16018d1d wp-block-buttons-is-layout-flex\">\n<div class=\"wp-block-button\"><a class=\"wp-block-button__link has-background wp-element-button\" href=\"https:\/\/oenobrands.com\/product\/yeast\/fermivin-yeast\/\" style=\"background-color:#545859\" target=\"_blank\" rel=\"noreferrer noopener\">FERMIVIN<\/a><\/div>\n<\/div>\n<\/div>\n\n\n\n<div class=\"wp-block-column is-layout-flow wp-block-column-is-layout-flow\" style=\"flex-basis:10%\"><\/div>\n\n\n\n<div class=\"wp-block-column is-layout-flow wp-block-column-is-layout-flow\"><div class=\"wp-block-image\">\n<figure class=\"aligncenter size-full\"><img loading=\"lazy\" decoding=\"async\" width=\"350\" height=\"67\" src=\"http:\/\/oenobrands.com\/wp-content\/uploads\/2023\/04\/Oenobrands-Fermivin-logo400-e1683143710792.png\" alt=\"Oenobrands-Fermivin-logo-350\" class=\"wp-image-2709\" srcset=\"https:\/\/oenobrands.com\/wp-content\/uploads\/2023\/04\/Oenobrands-Fermivin-logo400-e1683143710792.png 350w, https:\/\/oenobrands.com\/wp-content\/uploads\/2023\/04\/Oenobrands-Fermivin-logo400-e1683143710792-300x57.png 300w\" sizes=\"auto, (max-width: 350px) 100vw, 350px\" \/><\/figure>\n<\/div><\/div>\n<\/div>\n\n<div style=\"height:50px\" aria-hidden=\"true\" class=\"wp-block-spacer\"><\/div>\n","protected":false},"excerpt":{"rendered":"<p>Fermivin IT61 VINS BLANCS ET ROS\u00c9S TROPICAUX INTENSES OBJECTIF Fermivin\u00ae IT61 favorise l\u2019expression aromatique [&hellip;]<\/p>\n","protected":false},"author":3,"featured_media":0,"parent":13724,"menu_order":3,"comment_status":"closed","ping_status":"closed","template":"page-product.php","meta":{"_acf_changed":false,"_seopress_robots_primary_cat":"0","_seopress_titles_title":"","_seopress_titles_desc":"","_seopress_robots_index":"","footnotes":""},"class_list":["post-17952","page","type-page","status-publish"],"acf":[],"_links":{"self":[{"href":"https:\/\/oenobrands.com\/fr\/wp-json\/wp\/v2\/pages\/17952","targetHints":{"allow":["GET"]}}],"collection":[{"href":"https:\/\/oenobrands.com\/fr\/wp-json\/wp\/v2\/pages"}],"about":[{"href":"https:\/\/oenobrands.com\/fr\/wp-json\/wp\/v2\/types\/page"}],"author":[{"embeddable":true,"href":"https:\/\/oenobrands.com\/fr\/wp-json\/wp\/v2\/users\/3"}],"replies":[{"embeddable":true,"href":"https:\/\/oenobrands.com\/fr\/wp-json\/wp\/v2\/comments?post=17952"}],"version-history":[{"count":0,"href":"https:\/\/oenobrands.com\/fr\/wp-json\/wp\/v2\/pages\/17952\/revisions"}],"up":[{"embeddable":true,"href":"https:\/\/oenobrands.com\/fr\/wp-json\/wp\/v2\/pages\/13724"}],"wp:attachment":[{"href":"https:\/\/oenobrands.com\/fr\/wp-json\/wp\/v2\/media?parent=17952"}],"curies":[{"name":"wp","href":"https:\/\/api.w.org\/{rel}","templated":true}]}}