{"id":17134,"date":"2025-05-19T14:04:48","date_gmt":"2025-05-19T12:04:48","guid":{"rendered":"https:\/\/oenobrands.com\/produit\/derive-de-levure\/feel-safe\/maxaferm-ml-force\/"},"modified":"2025-10-29T16:43:50","modified_gmt":"2025-10-29T15:43:50","slug":"maxaferm-ml-force","status":"publish","type":"page","link":"https:\/\/oenobrands.com\/fr\/produit\/derive-de-levure\/feel-safe\/maxaferm-ml-force\/","title":{"rendered":"Maxaferm ML Force"},"content":{"rendered":"\n<h1 class=\"wp-block-heading has-text-color\" style=\"color:#7f7d5a\">Maxaferm ML Force<\/h1>\n\n<div style=\"height:30px\" aria-hidden=\"true\" class=\"wp-block-spacer\"><\/div>\n\n<h2 class=\"wp-block-heading has-text-color\" style=\"color:#7f7d5a\"><strong>LE NUTRIMENT ORGANIQUE FORMUL\u00c9 POUR LA NUTRITION DES BACT\u00c9RIES LACTIQUES<\/strong><\/h2>\n\n<div style=\"height:30px\" aria-hidden=\"true\" class=\"wp-block-spacer\"><\/div>\n\n<h3 class=\"wp-block-heading has-text-color\" style=\"color:#7f7d5a\"><strong>OBJECTIF<\/strong><\/h3>\n\n<p><em>O. oeni<\/em> a des besoins nutritionnels sp\u00e9cifiques : elle ne peut utiliser l\u2019ammonium et d\u00e9pend des peptides et acides amin\u00e9s. Apr\u00e8s la fermentation alcoolique (FA), les nutriments essentiels sont souvent appauvris, rendant la FML s\u00e9quentielle difficile <\/p>\n\n<p><strong>Maxaferm\u00ae ML Force<\/strong>, \u00e0 base de levure non-<em>Saccharomyces <\/em> (<em>Cyberlindnera jadinii<\/em>), autolys\u00e9e, est riche en peptides, min\u00e9raux et vitamines biodisponibles. Il contient aussi des parois de levure <em>S. cerevisiae<\/em>, qui adsorbent les acides gras inhibiteurs des bact\u00e9ries, favorisant ainsi la r\u00e9ussite de la FML.<\/p>\n\n<div style=\"height:50px\" aria-hidden=\"true\" class=\"wp-block-spacer\"><\/div>\n\n<div class=\"wp-block-columns is-layout-flex wp-container-core-columns-is-layout-9d6595d7 wp-block-columns-is-layout-flex\">\n<div class=\"wp-block-column is-layout-flow wp-block-column-is-layout-flow\" style=\"flex-basis:45%\">\n<h3 class=\"wp-block-heading has-text-color\" style=\"color:#7f7d5a\"><strong>Propri\u00e9t\u00e9s<\/strong><\/h3>\n\n\n\n<p>Gr\u00e2ce \u00e0 l\u2019optimisation de sa composition, <strong>Maxaferm ML Force<\/strong>:<br\/>\u25cf Permet une fermentation malolactique (FML) rapide et compl\u00e8te<br\/>\u25cf vite de devoir trop r\u00e9chauffer les vins pour le d\u00e9marrage de la FML.<br\/>\u25cf Contribue \u00e0 l\u2019obtention de vins sans d\u00e9fauts aromatiques.<\/p>\n\n\n\n<div class=\"wp-block-columns is-layout-flex wp-container-core-columns-is-layout-9d6595d7 wp-block-columns-is-layout-flex\">\n<div class=\"wp-block-column is-vertically-aligned-center is-layout-flow wp-block-column-is-layout-flow\" style=\"flex-basis:25%\"><div class=\"wp-block-image is-style-default\">\n<figure class=\"aligncenter size-full\"><img loading=\"lazy\" decoding=\"async\" width=\"100\" height=\"99\" src=\"http:\/\/oenobrands.com\/wp-content\/uploads\/2023\/04\/Ease-of-use.jpg\" alt=\"Ease-of-use\" class=\"wp-image-2192\"\/><\/figure>\n<\/div><\/div>\n\n\n\n<div class=\"wp-block-column is-vertically-aligned-center has-background is-layout-flow wp-block-column-is-layout-flow\" style=\"background-color:#c4bfb6;flex-basis:75%\">\n<p class=\"has-small-font-size\" style=\"font-style:normal;font-weight:500\">Les produits Oenobrands sont fabriqu\u00e9s \u00e0 partir de d\u00e9riv\u00e9s de levure s\u00e9lectionn\u00e9s et s\u00e9ch\u00e9s gr\u00e2ce \u00e0 une technologie exclusive. Cela garantit leur grande capacit\u00e9 \u00e0 se disperser rapidement et sans former de grumeaux. <\/p>\n<\/div>\n<\/div>\n\n\n\n<div style=\"height:30px\" aria-hidden=\"true\" class=\"wp-block-spacer\"><\/div>\n\n\n\n<h3 class=\"wp-block-heading has-text-color\" style=\"color:#7f7d5a\"><strong>Science et Technologie<\/strong><\/h3>\n\n\n\n<div style=\"height:30px\" aria-hidden=\"true\" class=\"wp-block-spacer\"><\/div>\n\n\n\n<p><strong>Maxaferm ML Force <\/strong>est un nutriment n\u00e9cessaire pour r\u00e9ussir les FML m\u00eames difficiles. <\/p>\n\n\n\n<p>\u00c0 18 \u00b0C, la FML du vin Nebbiolo (Figure 1) ne s\u2019initie pas d\u2019elle-m\u00eame, m\u00eame en pr\u00e9sence d\u2019un autolysat classique de levure <em>S. cerevisiae. <\/em><strong>Maxaferm ML Force <\/strong>permet le d\u00e9clenchement de la FML et la consommation totale de l\u2019acide malique, quelle que soit la temp\u00e9rature.<\/p>\n\n\n\n<figure class=\"wp-block-image size-full is-style-zoooom\"><img alt=\"\" loading=\"lazy\" decoding=\"async\" width=\"1207\" height=\"564\" src=\"http:\/\/oenobrands.com\/wp-content\/uploads\/2025\/05\/Product-feel-safe-Maxaferm-ML-Force-EN-1.png\" alt=\"\" class=\"wp-image-16600\" srcset=\"https:\/\/oenobrands.com\/wp-content\/uploads\/2025\/05\/Product-feel-safe-Maxaferm-ML-Force-EN-1.png 1207w, https:\/\/oenobrands.com\/wp-content\/uploads\/2025\/05\/Product-feel-safe-Maxaferm-ML-Force-EN-1-300x140.png 300w, https:\/\/oenobrands.com\/wp-content\/uploads\/2025\/05\/Product-feel-safe-Maxaferm-ML-Force-EN-1-1024x478.png 1024w, https:\/\/oenobrands.com\/wp-content\/uploads\/2025\/05\/Product-feel-safe-Maxaferm-ML-Force-EN-1-768x359.png 768w\" sizes=\"auto, (max-width: 1207px) 100vw, 1207px\" \/><figcaption class=\"wp-element-caption\">Niveaux d\u2019acide malique en fin de FML selon la temp\u00e9rature et la strat\u00e9gie de nutrition. Vin de Nebbiolo, \u00e0 2.5 g\/L d\u2019acide malique, r\u00e9gion Valtellina (Italie, 2024). Universit\u00e9 de Milan.<\/figcaption><\/figure>\n\n\n\n<div style=\"height:30px\" aria-hidden=\"true\" class=\"wp-block-spacer\"><\/div>\n\n\n\n<p><strong>Maxaferm ML Force <\/strong>permet une cin\u00e9tique fermentaire franche, rapide et compl\u00e8te.<\/p>\n\n\n\n<p>Avec <strong>Maxaferm ML Force<\/strong>, la FML \u00e0 18 \u00b0C (Figure 2) est rapide (16 jours) et la seule dont la consommation de l\u2019acide malique est totale gr\u00e2ce \u00e0 l\u2019apport de nutriments ad\u00e9quats.<\/p>\n\n\n\n<figure class=\"wp-block-image size-full is-style-zoooom\"><img alt=\"\" loading=\"lazy\" decoding=\"async\" width=\"1218\" height=\"591\" src=\"http:\/\/oenobrands.com\/wp-content\/uploads\/2025\/05\/Product-feel-safe-Maxaferm-ML-Force-EN-2.png\" alt=\"\" class=\"wp-image-16604\" srcset=\"https:\/\/oenobrands.com\/wp-content\/uploads\/2025\/05\/Product-feel-safe-Maxaferm-ML-Force-EN-2.png 1218w, https:\/\/oenobrands.com\/wp-content\/uploads\/2025\/05\/Product-feel-safe-Maxaferm-ML-Force-EN-2-300x146.png 300w, https:\/\/oenobrands.com\/wp-content\/uploads\/2025\/05\/Product-feel-safe-Maxaferm-ML-Force-EN-2-1024x497.png 1024w, https:\/\/oenobrands.com\/wp-content\/uploads\/2025\/05\/Product-feel-safe-Maxaferm-ML-Force-EN-2-768x373.png 768w\" sizes=\"auto, (max-width: 1218px) 100vw, 1218px\" \/><figcaption class=\"wp-element-caption\">Impact de l\u2019ajout de nutriment sur la cin\u00e9tique de consommation de l\u2019acide malique au cours de la FML (Maloferm Bouquet \u00e0 18 \u00b0C). Vin de Nebbiolo, r\u00e9gion Valtellina (Italie, 2024). Universit\u00e9 de Milan. Essais en triplicat<\/figcaption><\/figure>\n\n\n\n<p><\/p>\n<\/div>\n\n\n\n<div class=\"wp-block-column is-layout-flow wp-block-column-is-layout-flow\" style=\"flex-basis:6%\"><\/div>\n\n\n\n<div class=\"wp-block-column has-background is-layout-flow wp-block-column-is-layout-flow\" style=\"background-color:#f7f7f7;flex-basis:45%\">\n<div class=\"wp-block-columns is-layout-flex wp-container-core-columns-is-layout-9d6595d7 wp-block-columns-is-layout-flex\">\n<div class=\"wp-block-column is-layout-flow wp-block-column-is-layout-flow\"><div class=\"wp-block-image\">\n<figure class=\"aligncenter size-full is-resized\"><img alt=\"\" loading=\"lazy\" decoding=\"async\" width=\"1610\" height=\"230\" src=\"http:\/\/oenobrands.com\/wp-content\/uploads\/2025\/05\/Maxaferm-ML-Force-1.png\" alt=\"\" class=\"wp-image-16617\" style=\"object-fit:cover;width:348px;height:auto\" srcset=\"https:\/\/oenobrands.com\/wp-content\/uploads\/2025\/05\/Maxaferm-ML-Force-1.png 1610w, https:\/\/oenobrands.com\/wp-content\/uploads\/2025\/05\/Maxaferm-ML-Force-1-300x43.png 300w, https:\/\/oenobrands.com\/wp-content\/uploads\/2025\/05\/Maxaferm-ML-Force-1-1024x146.png 1024w, https:\/\/oenobrands.com\/wp-content\/uploads\/2025\/05\/Maxaferm-ML-Force-1-768x110.png 768w, https:\/\/oenobrands.com\/wp-content\/uploads\/2025\/05\/Maxaferm-ML-Force-1-1536x219.png 1536w\" sizes=\"auto, (max-width: 1610px) 100vw, 1610px\" \/><\/figure>\n<\/div><\/div>\n<\/div>\n\n\n\n<div style=\"height:40px\" aria-hidden=\"true\" class=\"wp-block-spacer\"><\/div>\n\n\n\n<div class=\"wp-block-group\"><div class=\"wp-block-group__inner-container is-layout-constrained wp-block-group-is-layout-constrained\">\n<p class=\"has-text-align-center\"><strong>T\u00c9L\u00c9CHARGER LA FICHE D&rsquo;APPLICATION<\/strong><\/p>\n\n\n\n<div class=\"wp-block-columns is-not-stacked-on-mobile is-layout-flex wp-container-core-columns-is-layout-9d6595d7 wp-block-columns-is-layout-flex\">\n<div class=\"wp-block-column is-layout-flow wp-block-column-is-layout-flow\">\n<figure class=\"wp-block-image size-full\"><a href=\"https:\/\/oenobrands.com\/wp-content\/uploads\/2025\/05\/ADS-A4-Maxaferm-ML-Force-EN-2025-G-05.pdf\" target=\"_blank\" rel=\"noreferrer noopener\"><img loading=\"lazy\" decoding=\"async\" width=\"180\" height=\"94\" src=\"http:\/\/oenobrands.com\/wp-content\/uploads\/2023\/04\/flag-united-states-english-american.png\" alt=\"flag-united-states-english-american\" class=\"wp-image-2510\"\/><\/a><\/figure>\n<\/div>\n\n\n\n<div class=\"wp-block-column is-layout-flow wp-block-column-is-layout-flow\">\n<figure class=\"wp-block-image size-full\"><a href=\"https:\/\/oenobrands.com\/wp-content\/uploads\/2025\/05\/ADS-A4-Maxaferm-ML-Force-FR-2025-G-11.pdf\" target=\"_blank\" rel=\"noreferrer noopener\"><img loading=\"lazy\" decoding=\"async\" width=\"180\" height=\"94\" src=\"http:\/\/oenobrands.com\/wp-content\/uploads\/2023\/04\/drapeau-francais-france.png\" alt=\"drapeau flag francais france\" class=\"wp-image-2508\"\/><\/a><\/figure>\n<\/div>\n\n\n\n<div class=\"wp-block-column is-layout-flow wp-block-column-is-layout-flow\">\n<figure class=\"wp-block-image size-full\"><a href=\"https:\/\/oenobrands.com\/wp-content\/uploads\/2025\/05\/ADS-A4-Maxaferm-ML-Force-ES-2025-G-04.pdf\" target=\"_blank\" rel=\"noreferrer noopener\"><img loading=\"lazy\" decoding=\"async\" width=\"180\" height=\"94\" src=\"http:\/\/oenobrands.com\/wp-content\/uploads\/2023\/04\/bandiera-spagnola-spagna.png\" alt=\"drapeau flag bandiera spagnola spagna\" class=\"wp-image-2506\"\/><\/a><\/figure>\n<\/div>\n\n\n\n<div class=\"wp-block-column is-layout-flow wp-block-column-is-layout-flow\">\n<figure class=\"wp-block-image size-full\"><a href=\"https:\/\/oenobrands.com\/wp-content\/uploads\/2025\/07\/ADS-A4-Maxaferm-ML-Force-IT-2025-Corimpex-G-02.pdf\" target=\"_blank\" rel=\" noreferrer noopener\"><img loading=\"lazy\" decoding=\"async\" width=\"180\" height=\"94\" src=\"http:\/\/oenobrands.com\/wp-content\/uploads\/2023\/04\/bandiera-italiana-italy.png\" alt=\"drapeau flag bandiera italiana italy\" class=\"wp-image-2512\"\/><\/a><\/figure>\n<\/div>\n\n\n\n<div class=\"wp-block-column is-layout-flow wp-block-column-is-layout-flow\">\n<figure class=\"wp-block-image size-full\"><a href=\"https:\/\/oenobrands.com\/wp-content\/uploads\/2025\/05\/ADS-A4-Maxaferm-ML-Force-PT-2025-Freitas-G-04.pdf\" target=\"_blank\" rel=\" noreferrer noopener\"><img loading=\"lazy\" decoding=\"async\" width=\"180\" height=\"94\" src=\"http:\/\/oenobrands.com\/wp-content\/uploads\/2024\/05\/Flag-drapeau-Portugal.png\" alt=\"Flag-drapeau-Portugal\" class=\"wp-image-7139\"\/><\/a><\/figure>\n<\/div>\n\n\n\n<div class=\"wp-block-column is-layout-flow wp-block-column-is-layout-flow\">\n<figure class=\"wp-block-image size-full\"><a href=\"https:\/\/oenobrands.com\/wp-content\/uploads\/2025\/05\/ADS-A4-Maxaferm-ML-Force-ALL-2025-Keller-G-04.pdf\" target=\"_blank\" rel=\"noreferrer noopener\"><img loading=\"lazy\" decoding=\"async\" width=\"180\" height=\"94\" src=\"http:\/\/oenobrands.com\/wp-content\/uploads\/2023\/05\/Flagge-Deutschland.png\" alt=\"Flagge-Deutschland\" class=\"wp-image-3550\"\/><\/a><\/figure>\n<\/div>\n<\/div>\n\n\n\n<div class=\"wp-block-columns is-not-stacked-on-mobile is-layout-flex wp-container-core-columns-is-layout-9d6595d7 wp-block-columns-is-layout-flex\">\n<div class=\"wp-block-column is-layout-flow wp-block-column-is-layout-flow\">\n<figure class=\"wp-block-image size-full\"><a href=\"https:\/\/oenobrands.com\/wp-content\/uploads\/2025\/05\/ADS-A4-Maxaferm-ML-Force-RO-2025-Elton-G-05.pdf\" target=\"_blank\" rel=\"noreferrer noopener\"><img loading=\"lazy\" decoding=\"async\" width=\"180\" height=\"94\" src=\"http:\/\/oenobrands.com\/wp-content\/uploads\/2024\/05\/Flag-drapeau-Roumanie.png\" alt=\"Flag-drapeau-Roumanie\" class=\"wp-image-7145\"\/><\/a><\/figure>\n<\/div>\n\n\n\n<div class=\"wp-block-column is-layout-flow wp-block-column-is-layout-flow\">\n<figure class=\"wp-block-image size-full\"><a href=\"https:\/\/oenobrands.com\/wp-content\/uploads\/2025\/05\/ADS-A4-Maxaferm-ML-Force-CZ-2025-Biopro_G-02.pdf\" target=\"_blank\" rel=\"noreferrer noopener\"><img loading=\"lazy\" decoding=\"async\" width=\"180\" height=\"94\" src=\"http:\/\/oenobrands.com\/wp-content\/uploads\/2023\/05\/Flag-vlajka-Czech-Republic.png\" alt=\"Flag-vlajka-Czech-Republic-drapeau\" class=\"wp-image-3548\"\/><\/a><\/figure>\n<\/div>\n\n\n\n<div class=\"wp-block-column is-layout-flow wp-block-column-is-layout-flow\">\n<figure class=\"wp-block-image size-full\"><a href=\"https:\/\/oenobrands.com\/wp-content\/uploads\/2025\/05\/ADS-A4-Maxaferm-ML-Force-BUL-2025-Elton-G-05.pdf\" target=\"_blank\" rel=\"noreferrer noopener\"><img alt=\"\" loading=\"lazy\" decoding=\"async\" width=\"180\" height=\"94\" src=\"http:\/\/oenobrands.com\/wp-content\/uploads\/2024\/05\/flag-drapeau-bulgarie.png\" alt=\"\" class=\"wp-image-7141\"\/><\/a><\/figure>\n<\/div>\n\n\n\n<div class=\"wp-block-column is-layout-flow wp-block-column-is-layout-flow\">\n<figure class=\"wp-block-image size-full\"><a href=\"https:\/\/oenobrands.com\/wp-content\/uploads\/2025\/05\/ADS-A4-Maxaferm-ML-Force-GR-2025-G-02.pdf\" target=\"_blank\" rel=\"noreferrer noopener\"><img loading=\"lazy\" decoding=\"async\" width=\"180\" height=\"94\" src=\"http:\/\/oenobrands.com\/wp-content\/uploads\/2024\/07\/flag-greece-drapeaux.png\" alt=\"flag-greece-drapeaux\" class=\"wp-image-11801\"\/><\/a><\/figure>\n<\/div>\n\n\n\n<div class=\"wp-block-column is-layout-flow wp-block-column-is-layout-flow\"><\/div>\n\n\n\n<div class=\"wp-block-column is-layout-flow wp-block-column-is-layout-flow\"><\/div>\n<\/div>\n<\/div><\/div>\n\n\n\n<hr class=\"wp-block-separator has-text-color has-alpha-channel-opacity has-background\" style=\"background-color:#162638;color:#162638\"\/>\n\n\n\n<div class=\"wp-block-buttons is-content-justification-center is-layout-flex wp-container-core-buttons-is-layout-16018d1d wp-block-buttons-is-layout-flex\">\n<div class=\"wp-block-button\"><a class=\"wp-block-button__link has-white-color has-text-color has-background has-text-align-center wp-element-button\" href=\"https:\/\/oenobrands.com\/distributor\/\" style=\"background-color:#162638\" target=\"_blank\" rel=\"noreferrer noopener\">Votre distributeur<\/a><\/div>\n<\/div>\n\n\n\n<hr class=\"wp-block-separator has-text-color has-alpha-channel-opacity has-background\" style=\"background-color:#162638;color:#162638\"\/>\n\n\n\n<h3 class=\"wp-block-heading has-text-color\" style=\"color:#7f7d5a\"><strong>Dose<\/strong><\/h3>\n\n\n\n<p>20 g\/hL. <strong>Maxaferm ML Force<\/strong> s\u2019ajoute \u00e0 l\u2019inoculation de la bact\u00e9rie lactique<\/p>\n\n\n\n<ul class=\"wp-block-list\">\n<li>En cas de fermentation malolactique languissante, ajouter Maxaferm ML Force \u00e0 30 g\/hL.<\/li>\n\n\n\n<li>En cas d\u2019arr\u00eat de FML, r\u00e9inoculer avec une bact\u00e9rie r\u00e9sistante (Maloferm\u00ae Plus), acclimat\u00e9e et ajouter Maxaferm ML Force \u00e0 30 g\/hL.<\/li>\n<\/ul>\n\n\n\n<h3 class=\"wp-block-heading has-text-color\" style=\"color:#7f7d5a\"><strong>Utilisation<\/strong><\/h3>\n\n\n\n<p> Avant utilisation, mettre en suspension <strong>Maxaferm ML Force<\/strong> dans 10 fois son poids en eau ou en mo\u00fbt.<\/p>\n\n\n\n<h3 class=\"wp-block-heading has-text-color\" style=\"color:#7f7d5a\"><strong>Composition<\/strong><\/h3>\n\n\n\n<p><strong>Maxaferm<\/strong> <strong>ML Force<\/strong> contient:<\/p>\n\n\n\n<ul class=\"wp-block-list\">\n<li>80% Autolysat de levure non-Saccharomyces (<em>Cyberlindnera jadinii<\/em>) riche en acides amin\u00e9s, peptides, vitamines et min\u00e9raux.<\/li>\n\n\n\n<li>20 % \u00c9corces de levure <em>Saccharomyces cerevisiae<\/em><\/li>\n<\/ul>\n\n\n\n<h3 class=\"wp-block-heading has-text-color\" style=\"color:#7f7d5a\"><strong><strong>Conditionnement<\/strong><\/strong><\/h3>\n\n\n\n<p>1 Kg: sacs lamin\u00e9s multicouches herm\u00e9tiques.<\/p>\n\n\n\n<h3 class=\"wp-block-heading has-text-color\" style=\"color:#7f7d5a\"><strong>Conservation<\/strong><\/h3>\n\n\n\n<p>\u00c0 conserver dans un endroit frais et sec (5-15 \u00b0C).<\/p>\n<\/div>\n<\/div>\n\n<div class=\"wp-block-group\"><div class=\"wp-block-group__inner-container is-layout-constrained wp-block-group-is-layout-constrained\">\n<div style=\"height:30px\" aria-hidden=\"true\" class=\"wp-block-spacer\"><\/div>\n\n\n\n<hr class=\"wp-block-separator has-text-color has-black-color has-alpha-channel-opacity has-black-background-color has-background\"\/>\n<\/div><\/div>\n\n<div class=\"wp-block-columns is-layout-flex wp-container-core-columns-is-layout-9d6595d7 wp-block-columns-is-layout-flex\">\n<div class=\"wp-block-column is-layout-flow wp-block-column-is-layout-flow\">\n<div class=\"wp-block-group\"><div class=\"wp-block-group__inner-container is-layout-constrained wp-block-group-is-layout-constrained\">\n<h2 class=\"wp-block-heading\"><strong><strong>Explorez les solutions associ\u00e9es :<\/strong><\/strong><\/h2>\n\n\n\n<div style=\"height:30px\" aria-hidden=\"true\" class=\"wp-block-spacer\"><\/div>\n\n\n\n<p><strong>Vous recherchez une approche plus holistique de la vinification ?<\/strong> D\u00e9couvrez nos solutions \u0153nologiques avanc\u00e9es li\u00e9es \u00e0<strong> Maxaferm ML Force.<\/strong><\/p>\n\n\n\n<div style=\"height:30px\" aria-hidden=\"true\" class=\"wp-block-spacer\"><\/div>\n\n\n\n<div class=\"wp-block-columns are-vertically-aligned-center is-layout-flex wp-container-core-columns-is-layout-9d6595d7 wp-block-columns-is-layout-flex\">\n<div class=\"wp-block-column is-vertically-aligned-center is-layout-flow wp-block-column-is-layout-flow\" style=\"flex-basis:100%\">\n<div class=\"wp-block-buttons is-content-justification-center is-layout-flex wp-container-core-buttons-is-layout-16018d1d wp-block-buttons-is-layout-flex\">\n<div class=\"wp-block-button is-style-fill\"><a class=\"wp-block-button__link wp-element-button\" href=\"https:\/\/oenobrands.com\/solution\/malolactic-fermentation\/mlf-in-practice\/\" target=\"_blank\" rel=\"noreferrer noopener\">FML en pratique<\/a><\/div>\n\n\n\n<div class=\"wp-block-button is-style-fill\"><a class=\"wp-block-button__link wp-element-button\" href=\"https:\/\/oenobrands.com\/solution\/malolactic-fermentation\/sequential\/\" target=\"_blank\" rel=\"noreferrer noopener\">Malo s\u00e9quentielle<\/a><\/div>\n<\/div>\n<\/div>\n<\/div>\n<\/div><\/div>\n\n\n\n<div style=\"height:30px\" aria-hidden=\"true\" class=\"wp-block-spacer\"><\/div>\n<\/div>\n\n\n\n<div class=\"wp-block-column is-layout-flow wp-block-column-is-layout-flow\">\n<h2 class=\"wp-block-heading\"><strong>Vous cherchez quelque chose d&rsquo;autre ?<\/strong><\/h2>\n\n\n\n<div style=\"height:30px\" aria-hidden=\"true\" class=\"wp-block-spacer\"><\/div>\n\n\n\n<p>Visitez notre section Solutions, o\u00f9 nous proposons des conseils d\u2019experts, des connaissances pratiques et des approches innovantes, organis\u00e9s selon les \u00e9tapes du processus de vinification. <strong>De la fermentation \u00e0 la filtration\/mise en bouteille, nous vous accompagnons avec des solutions pour am\u00e9liorer chaque \u00e9tape de votre processus de vinification.<\/strong><\/p>\n\n\n\n<div style=\"height:30px\" aria-hidden=\"true\" class=\"wp-block-spacer\"><\/div>\n\n\n\n<div class=\"wp-block-columns are-vertically-aligned-center is-layout-flex wp-container-core-columns-is-layout-9d6595d7 wp-block-columns-is-layout-flex\">\n<div class=\"wp-block-column is-vertically-aligned-center is-layout-flow wp-block-column-is-layout-flow\" style=\"flex-basis:100%\">\n<div class=\"wp-block-buttons is-content-justification-center is-layout-flex wp-container-core-buttons-is-layout-16018d1d wp-block-buttons-is-layout-flex\">\n<div class=\"wp-block-button is-style-fill\"><a class=\"wp-block-button__link wp-element-button\" href=\"https:\/\/oenobrands.com\/solution\/\" target=\"_blank\" rel=\"noreferrer noopener\">Advanced winemaking solutions<\/a><\/div>\n<\/div>\n<\/div>\n<\/div>\n<\/div>\n<\/div>\n\n<hr class=\"wp-block-separator has-text-color has-black-color has-alpha-channel-opacity has-black-background-color has-background\"\/>\n\n<div style=\"height:30px\" aria-hidden=\"true\" class=\"wp-block-spacer\"><\/div>\n\n<div class=\"wp-block-columns is-layout-flex wp-container-core-columns-is-layout-9d6595d7 wp-block-columns-is-layout-flex\">\n<div class=\"wp-block-column is-vertically-aligned-center is-layout-flow wp-block-column-is-layout-flow\" style=\"flex-basis:30%\">\n<h1 class=\"wp-block-heading has-text-color\" style=\"color:#aca39a\">D\u00e9couvrez la gamme feel SAFE!<\/h1>\n\n\n\n<div style=\"height:20px\" aria-hidden=\"true\" class=\"wp-block-spacer\"><\/div>\n\n\n\n<div class=\"wp-block-buttons is-content-justification-center is-layout-flex wp-container-core-buttons-is-layout-16018d1d wp-block-buttons-is-layout-flex\">\n<div class=\"wp-block-button\"><a class=\"wp-block-button__link has-background wp-element-button\" href=\"https:\/\/oenobrands.com\/product\/yeast-derivate\/feel-safe\/\" style=\"background-color:#545859\" target=\"_blank\" rel=\"noreferrer noopener\">feel SAFE!<\/a><\/div>\n<\/div>\n<\/div>\n\n\n\n<div class=\"wp-block-column is-layout-flow wp-block-column-is-layout-flow\" style=\"flex-basis:10%\"><\/div>\n\n\n\n<div class=\"wp-block-column is-layout-flow wp-block-column-is-layout-flow\"><div class=\"wp-block-image\">\n<figure class=\"aligncenter size-full is-resized\"><img loading=\"lazy\" decoding=\"async\" width=\"729\" height=\"342\" src=\"http:\/\/oenobrands.com\/wp-content\/uploads\/2024\/05\/Feel-Safe__2022-no-font.png\" alt=\"Feel-Safe_yeast derivates\" class=\"wp-image-7450\" style=\"width:350px\" srcset=\"https:\/\/oenobrands.com\/wp-content\/uploads\/2024\/05\/Feel-Safe__2022-no-font.png 729w, https:\/\/oenobrands.com\/wp-content\/uploads\/2024\/05\/Feel-Safe__2022-no-font-300x141.png 300w\" sizes=\"auto, (max-width: 729px) 100vw, 729px\" \/><\/figure>\n<\/div><\/div>\n<\/div>\n\n<div style=\"height:50px\" aria-hidden=\"true\" class=\"wp-block-spacer\"><\/div>\n","protected":false},"excerpt":{"rendered":"<p>Maxaferm ML Force LE NUTRIMENT ORGANIQUE FORMUL\u00c9 POUR LA NUTRITION DES BACT\u00c9RIES LACTIQUES OBJECTIF [&hellip;]<\/p>\n","protected":false},"author":3,"featured_media":0,"parent":13903,"menu_order":0,"comment_status":"closed","ping_status":"closed","template":"page-product.php","meta":{"_acf_changed":false,"_seopress_robots_primary_cat":"0","_seopress_titles_title":"","_seopress_titles_desc":"","_seopress_robots_index":"","footnotes":""},"class_list":["post-17134","page","type-page","status-publish"],"acf":[],"_links":{"self":[{"href":"https:\/\/oenobrands.com\/fr\/wp-json\/wp\/v2\/pages\/17134","targetHints":{"allow":["GET"]}}],"collection":[{"href":"https:\/\/oenobrands.com\/fr\/wp-json\/wp\/v2\/pages"}],"about":[{"href":"https:\/\/oenobrands.com\/fr\/wp-json\/wp\/v2\/types\/page"}],"author":[{"embeddable":true,"href":"https:\/\/oenobrands.com\/fr\/wp-json\/wp\/v2\/users\/3"}],"replies":[{"embeddable":true,"href":"https:\/\/oenobrands.com\/fr\/wp-json\/wp\/v2\/comments?post=17134"}],"version-history":[{"count":0,"href":"https:\/\/oenobrands.com\/fr\/wp-json\/wp\/v2\/pages\/17134\/revisions"}],"up":[{"embeddable":true,"href":"https:\/\/oenobrands.com\/fr\/wp-json\/wp\/v2\/pages\/13903"}],"wp:attachment":[{"href":"https:\/\/oenobrands.com\/fr\/wp-json\/wp\/v2\/media?parent=17134"}],"curies":[{"name":"wp","href":"https:\/\/api.w.org\/{rel}","templated":true}]}}