{"id":17124,"date":"2025-04-19T10:55:00","date_gmt":"2025-04-19T08:55:00","guid":{"rendered":"https:\/\/oenobrands.com\/produit\/enzyme\/rapidase\/rapidase-fresh-berry\/"},"modified":"2025-10-20T13:06:39","modified_gmt":"2025-10-20T11:06:39","slug":"rapidase-fresh-berry","status":"publish","type":"page","link":"https:\/\/oenobrands.com\/fr\/produit\/enzyme\/rapidase\/rapidase-fresh-berry\/","title":{"rendered":"Rapidase Fresh Berry"},"content":{"rendered":"\n<h1 class=\"wp-block-heading has-text-color\" style=\"color:#701f7f\">Rapidase Fresh Berry<\/h1>\n\n<div style=\"height:30px\" aria-hidden=\"true\" class=\"wp-block-spacer\"><\/div>\n\n<h2 class=\"wp-block-heading has-text-color\" style=\"color:#701f7f\"><strong>Enzyme pour intensifier et am\u00e9liorer la qualit\u00e9 aromatique des vins rouges frais et modernes<\/strong><\/h2>\n\n<div style=\"height:30px\" aria-hidden=\"true\" class=\"wp-block-spacer\"><\/div>\n\n<p>Rapidase\u00ae Fresh Berry r\u00e9v\u00e8le des ar\u00f4mes intenses de fruits rouges et noirs, ainsi que des notes florales et \u00e9pic\u00e9es. Elle permet \u00e9galement d\u2019obtenir un vin bien \u00e9quilibr\u00e9, avec plus de corps et une couleur pr\u00e9serv\u00e9e.<\/p>\n\n<div style=\"height:50px\" aria-hidden=\"true\" class=\"wp-block-spacer\"><\/div>\n\n<div class=\"wp-block-columns is-layout-flex wp-container-core-columns-is-layout-9d6595d7 wp-block-columns-is-layout-flex\">\n<div class=\"wp-block-column is-layout-flow wp-block-column-is-layout-flow\" style=\"flex-basis:45%\">\n<h3 class=\"wp-block-heading has-text-color\" style=\"color:#701f7f\"><strong>Composition<\/strong><\/h3>\n\n\n\n<p><strong>L\u2019enzyme incontournable pour des vins rouges adapt\u00e9s au march\u00e9.<\/strong><\/p>\n\n\n\n<p>Les profils traditionnels des vins rouges ne r\u00e9pondent plus aux attentes des consommateurs. La consommation mondiale de vins rouges est en baisse et se d\u00e9place vers des occasions de consommation en dehors des repas. Cette tendance g\u00e9n\u00e8re une demande croissante pour des vins aux ar\u00f4mes frais et fruit\u00e9s,<br\/>quelle que soit leur couleur.<\/p>\n\n\n\n<p><br\/><strong>Rapidase Fresh Berry <\/strong>est une pr\u00e9paration enzymatique liquide \u00e0 large spectre d\u2019activit\u00e9s, con\u00e7ue pour intensifier les ar\u00f4mes et am\u00e9liorer la qualit\u00e9 des vins rouges modernes, \u00e9quilibr\u00e9s et fruit\u00e9s.<br\/><strong>Rapidase Fresh Berry<\/strong> contient naturellement des niveaux n\u00e9gligeables d\u2019activit\u00e9s cinnamyl esterase (nFCE)<\/p>\n\n\n\n<h3 class=\"wp-block-heading has-text-color\" style=\"color:#701f7f\"><strong>Test\u00e9 et Valid\u00e9<\/strong><\/h3>\n\n\n\n<p>Pour offrir la meilleure efficacit\u00e9 dans son application, chaque formulation de Rapidase<sup>\u00ae<\/sup> est d\u00e9velopp\u00e9e et test\u00e9e avec les instituts de recherche en oenologie les plus renomm\u00e9s au monde, et valid\u00e9e en cave \u00e0 l&rsquo;\u00e9chelle de la production.<\/p>\n\n\n\n<div style=\"height:30px\" aria-hidden=\"true\" class=\"wp-block-spacer\"><\/div>\n\n\n<div class=\"wp-block-image is-style-zoooom\">\n<figure class=\"aligncenter size-full is-resized\"><img alt=\"\" loading=\"lazy\" decoding=\"async\" width=\"592\" height=\"550\" src=\"http:\/\/oenobrands.com\/wp-content\/uploads\/2025\/04\/Product_Rapidase-Fresh-Berry-1.png\" alt=\"\" class=\"wp-image-16378\" style=\"width:350px\" srcset=\"https:\/\/oenobrands.com\/wp-content\/uploads\/2025\/04\/Product_Rapidase-Fresh-Berry-1.png 592w, https:\/\/oenobrands.com\/wp-content\/uploads\/2025\/04\/Product_Rapidase-Fresh-Berry-1-300x279.png 300w\" sizes=\"auto, (max-width: 592px) 100vw, 592px\" \/><figcaption class=\"wp-element-caption\">Contribution sensorielle de Rapidase Fresh Berry sur Garnacha \u00e0 2 mL\/hL. (Excell Ib\u00e9rica, Espagne, 2023).<\/figcaption><\/figure>\n<\/div>\n\n\n<div style=\"height:30px\" aria-hidden=\"true\" class=\"wp-block-spacer\"><\/div>\n\n\n<div class=\"wp-block-image is-style-zoooom\">\n<figure class=\"aligncenter size-full is-resized\"><img alt=\"\" loading=\"lazy\" decoding=\"async\" width=\"669\" height=\"538\" src=\"http:\/\/oenobrands.com\/wp-content\/uploads\/2025\/04\/Product_Rapidase-Fresh-Berry-2.png\" alt=\"\" class=\"wp-image-16374\" style=\"width:400px\" srcset=\"https:\/\/oenobrands.com\/wp-content\/uploads\/2025\/04\/Product_Rapidase-Fresh-Berry-2.png 669w, https:\/\/oenobrands.com\/wp-content\/uploads\/2025\/04\/Product_Rapidase-Fresh-Berry-2-300x241.png 300w\" sizes=\"auto, (max-width: 669px) 100vw, 669px\" \/><figcaption class=\"wp-element-caption\">Contribution sensorielle de Rapidase Fresh Berry sur Merlot \u00e0 2 mL\/hL (BRI, Nouvelle-Z\u00e9lande, 2024).<\/figcaption><\/figure>\n<\/div>\n\n\n<div style=\"height:30px\" aria-hidden=\"true\" class=\"wp-block-spacer\"><\/div>\n\n\n\n<p>Notre personnel technique et commercial est \u00e0 votre disposition si vous souhaitez des r\u00e9sultats de tests, de m\u00eame que pour vous aider \u00e0 \u00e9valuer les performances de nos produits haut de gamme dans vos conditions sp\u00e9cifiques.<\/p>\n<\/div>\n\n\n\n<div class=\"wp-block-column is-layout-flow wp-block-column-is-layout-flow\" style=\"flex-basis:6%\"><\/div>\n\n\n\n<div class=\"wp-block-column has-background is-layout-flow wp-block-column-is-layout-flow\" style=\"background-color:#f7f7f7;flex-basis:45%\">\n<div class=\"wp-block-columns is-layout-flex wp-container-core-columns-is-layout-9d6595d7 wp-block-columns-is-layout-flex\">\n<div class=\"wp-block-column is-layout-flow wp-block-column-is-layout-flow\"><div class=\"wp-block-image\">\n<figure class=\"aligncenter size-full\"><img alt=\"\" loading=\"lazy\" decoding=\"async\" width=\"2300\" height=\"370\" src=\"http:\/\/oenobrands.com\/wp-content\/uploads\/2025\/05\/Rapidase_Freh-Berry.png\" alt=\"\" class=\"wp-image-16504\" srcset=\"https:\/\/oenobrands.com\/wp-content\/uploads\/2025\/05\/Rapidase_Freh-Berry.png 2300w, https:\/\/oenobrands.com\/wp-content\/uploads\/2025\/05\/Rapidase_Freh-Berry-300x48.png 300w, https:\/\/oenobrands.com\/wp-content\/uploads\/2025\/05\/Rapidase_Freh-Berry-1024x165.png 1024w, https:\/\/oenobrands.com\/wp-content\/uploads\/2025\/05\/Rapidase_Freh-Berry-768x124.png 768w, https:\/\/oenobrands.com\/wp-content\/uploads\/2025\/05\/Rapidase_Freh-Berry-1536x247.png 1536w, https:\/\/oenobrands.com\/wp-content\/uploads\/2025\/05\/Rapidase_Freh-Berry-2048x329.png 2048w\" sizes=\"auto, (max-width: 2300px) 100vw, 2300px\" \/><\/figure>\n<\/div><\/div>\n<\/div>\n\n\n\n<div style=\"height:40px\" aria-hidden=\"true\" class=\"wp-block-spacer\"><\/div>\n\n\n\n<div class=\"wp-block-columns is-not-stacked-on-mobile is-layout-flex wp-container-core-columns-is-layout-9d6595d7 wp-block-columns-is-layout-flex\">\n<div class=\"wp-block-column is-layout-flow wp-block-column-is-layout-flow\">\n<figure class=\"wp-block-image size-full\"><a href=\"https:\/\/oenobrands.com\/wp-content\/uploads\/2025\/05\/RAPIDASE-ADS-EN-Fresh-Berry-2025-A4_G_03.pdf\" target=\"_blank\" rel=\"noreferrer noopener\"><img loading=\"lazy\" decoding=\"async\" width=\"180\" height=\"94\" src=\"http:\/\/oenobrands.com\/wp-content\/uploads\/2023\/04\/flag-united-states-english-american.png\" alt=\"drapeau flag usa english american\" class=\"wp-image-2510\"\/><\/a><\/figure>\n<\/div>\n\n\n\n<div class=\"wp-block-column is-layout-flow wp-block-column-is-layout-flow\">\n<figure class=\"wp-block-image size-full\"><a href=\"https:\/\/oenobrands.com\/wp-content\/uploads\/2025\/05\/RAPIDASE-ADS-FR-Fresh-Berry-2025_A4_G_01.pdf\" target=\"_blank\" rel=\"noreferrer noopener\"><img loading=\"lazy\" decoding=\"async\" width=\"180\" height=\"94\" src=\"http:\/\/oenobrands.com\/wp-content\/uploads\/2023\/04\/drapeau-francais-france.png\" alt=\"drapeau flag francais france\" class=\"wp-image-2508\"\/><\/a><\/figure>\n<\/div>\n\n\n\n<div class=\"wp-block-column is-layout-flow wp-block-column-is-layout-flow\">\n<figure class=\"wp-block-image size-full\"><a href=\"https:\/\/oenobrands.com\/wp-content\/uploads\/2025\/05\/RAPIDASE-ADS-ES-Fresh-Berry-2025_A4_G_01-1.pdf\" target=\"_blank\" rel=\"noreferrer noopener\"><img loading=\"lazy\" decoding=\"async\" width=\"180\" height=\"94\" src=\"http:\/\/oenobrands.com\/wp-content\/uploads\/2023\/04\/bandiera-spagnola-spagna.png\" alt=\"drapeau flag bandiera spagnola spagna\" class=\"wp-image-2506\"\/><\/a><\/figure>\n<\/div>\n\n\n\n<div class=\"wp-block-column is-layout-flow wp-block-column-is-layout-flow\">\n<figure class=\"wp-block-image size-full\"><a href=\"https:\/\/oenobrands.com\/wp-content\/uploads\/2025\/05\/RAPIDASE-ADS-IT-Fresh-Berry-2025_A4_G_01.pdf\" target=\"_blank\" rel=\"noreferrer noopener\"><img loading=\"lazy\" decoding=\"async\" width=\"180\" height=\"94\" src=\"http:\/\/oenobrands.com\/wp-content\/uploads\/2023\/04\/bandiera-italiana-italy.png\" alt=\"drapeau flag bandiera italiana italy\" class=\"wp-image-2512\"\/><\/a><\/figure>\n<\/div>\n\n\n\n<div class=\"wp-block-column is-layout-flow wp-block-column-is-layout-flow\">\n<figure class=\"wp-block-image size-full\"><a href=\"https:\/\/oenobrands.com\/wp-content\/uploads\/2025\/05\/RAPIDASE-ADS-PT-Fresh-Berry-2025-A4-Freitas-G-01.pdf\" target=\"_blank\" rel=\" noreferrer noopener\"><img loading=\"lazy\" decoding=\"async\" width=\"180\" height=\"94\" src=\"http:\/\/oenobrands.com\/wp-content\/uploads\/2024\/05\/Flag-drapeau-Portugal.png\" alt=\"Flag-drapeau-Portugal\" class=\"wp-image-7139\"\/><\/a><\/figure>\n<\/div>\n\n\n\n<div class=\"wp-block-column is-layout-flow wp-block-column-is-layout-flow\">\n<figure class=\"wp-block-image size-full\"><a href=\"https:\/\/oenobrands.com\/wp-content\/uploads\/2025\/05\/RAPIDASE-ADS-ALL-Fresh-Berry-2025-A4-G-04.pdf\" target=\"_blank\" rel=\"noreferrer noopener\"><img loading=\"lazy\" decoding=\"async\" width=\"180\" height=\"94\" src=\"http:\/\/oenobrands.com\/wp-content\/uploads\/2023\/05\/Flagge-Deutschland.png\" alt=\"Flagge-Deutschland\" class=\"wp-image-3550\"\/><\/a><\/figure>\n<\/div>\n<\/div>\n\n\n\n<div class=\"wp-block-columns is-not-stacked-on-mobile is-layout-flex wp-container-core-columns-is-layout-9d6595d7 wp-block-columns-is-layout-flex\">\n<div class=\"wp-block-column is-layout-flow wp-block-column-is-layout-flow\">\n<figure class=\"wp-block-image size-full\"><a href=\"https:\/\/oenobrands.com\/wp-content\/uploads\/2025\/05\/RAPIDASE-ADS-RO-Fresh-Berry-2025_A4_G_01.pdf\" target=\"_blank\" rel=\"noreferrer noopener\"><img loading=\"lazy\" decoding=\"async\" width=\"180\" height=\"94\" src=\"http:\/\/oenobrands.com\/wp-content\/uploads\/2024\/05\/Flag-drapeau-Roumanie.png\" alt=\"Flag-drapeau-Roumanie\" class=\"wp-image-7145\"\/><\/a><\/figure>\n<\/div>\n\n\n\n<div class=\"wp-block-column is-layout-flow wp-block-column-is-layout-flow\">\n<figure class=\"wp-block-image size-full\"><a href=\"https:\/\/oenobrands.com\/wp-content\/uploads\/2025\/05\/RAPIDASE-ADS-CZ-Fresh-Berry-2025-A4-Biopro-G-01.pdf\" target=\"_blank\" rel=\" noreferrer noopener\"><img loading=\"lazy\" decoding=\"async\" width=\"180\" height=\"94\" src=\"http:\/\/oenobrands.com\/wp-content\/uploads\/2023\/05\/Flag-vlajka-Czech-Republic.png\" alt=\"Flag-vlajka-Czech-Republic-drapeau\" class=\"wp-image-3548\"\/><\/a><\/figure>\n<\/div>\n\n\n\n<div class=\"wp-block-column is-layout-flow wp-block-column-is-layout-flow\">\n<figure class=\"wp-block-image size-full\"><a href=\"https:\/\/oenobrands.com\/wp-content\/uploads\/2025\/05\/RAPIDASE-ADS-BUL-Fresh-Berry-2025_A4_G_01.pdf\" target=\"_blank\" rel=\"noreferrer noopener\"><img alt=\"\" loading=\"lazy\" decoding=\"async\" width=\"180\" height=\"94\" src=\"http:\/\/oenobrands.com\/wp-content\/uploads\/2024\/05\/flag-drapeau-bulgarie.png\" alt=\"\" class=\"wp-image-7141\"\/><\/a><\/figure>\n<\/div>\n\n\n\n<div class=\"wp-block-column is-layout-flow wp-block-column-is-layout-flow\">\n<figure class=\"wp-block-image size-full\"><a href=\"https:\/\/oenobrands.com\/wp-content\/uploads\/2025\/05\/RAPIDASE-ADS-GR-Fresh-Berry-2025_A4_G_02.pdf\" target=\"_blank\" rel=\"noreferrer noopener\"><img loading=\"lazy\" decoding=\"async\" width=\"180\" height=\"94\" src=\"http:\/\/oenobrands.com\/wp-content\/uploads\/2024\/07\/flag-greece-drapeaux.png\" alt=\"flag-greece-drapeaux\" class=\"wp-image-11801\"\/><\/a><\/figure>\n<\/div>\n\n\n\n<div class=\"wp-block-column is-layout-flow wp-block-column-is-layout-flow\"><\/div>\n\n\n\n<div class=\"wp-block-column is-layout-flow wp-block-column-is-layout-flow\"><\/div>\n<\/div>\n\n\n\n<hr class=\"wp-block-separator has-text-color has-black-color has-alpha-channel-opacity has-black-background-color has-background\"\/>\n\n\n\n<div class=\"wp-block-buttons is-content-justification-center is-layout-flex wp-container-core-buttons-is-layout-16018d1d wp-block-buttons-is-layout-flex\">\n<div class=\"wp-block-button\"><a class=\"wp-block-button__link wp-element-button\" href=\"https:\/\/oenobrands.com\/distributor\/\">VOTRE DISTRIBUTEUR<\/a><\/div>\n<\/div>\n\n\n\n<hr class=\"wp-block-separator has-text-color has-black-color has-alpha-channel-opacity has-black-background-color has-background\"\/>\n\n\n\n<h3 class=\"wp-block-heading has-text-color\" style=\"color:#701f7f\"><strong>Instructions d&rsquo;utilisation et dosage<\/strong><\/h3>\n\n\n\n<ul class=\"wp-block-list\">\n<li>Ajouter le plus t\u00f4t possible au fouloir ou en mac\u00e9ration.<\/li>\n\n\n\n<li>Diluer 10 fois avant ajout.<\/li>\n<\/ul>\n\n\n\n<p class=\"has-text-align-left\"><strong>RAISINS ROUGES<\/strong><\/p>\n\n\n\n<figure class=\"wp-block-table aligncenter\"><table class=\"has-fixed-layout\"><thead><tr><th class=\"has-text-align-center\" data-align=\"center\">T\u00b0<\/th><th class=\"has-text-align-center\" data-align=\"center\">Dose<\/th><\/tr><\/thead><tbody><tr><td class=\"has-text-align-center\" data-align=\"center\">8-12 \u00b0C<br\/>(Ajout avant une mac\u00e9ration pr\u00e9fermentaire \u00e0 froid)<\/td><td class=\"has-text-align-center\" data-align=\"center\">3 mL\/100 Kg<\/td><\/tr><tr><td class=\"has-text-align-center\" data-align=\"center\">20-25 \u00b0C<br\/>(Ajout avant une mac\u00e9ration traditionnelle\/fermentation)<\/td><td class=\"has-text-align-center\" data-align=\"center\">2 mL\/100 Kg<\/td><\/tr><\/tbody><\/table><figcaption class=\"wp-element-caption\"><strong>COMMENTAIRES<\/strong>: <strong>Utiliser Rapidase Fresh Berry sur des raisins rouges qualitatifs, en \u00e9vitant les techniques de mac\u00e9ration intensives comme le d\u00e9lestage et les temp\u00e9ratures &gt; 26 \u00b0C<\/strong>.<\/figcaption><\/figure>\n\n\n\n<p class=\"has-text-align-center\"><\/p>\n\n\n\n<p><strong>Note<\/strong>: Pour des raisins \u00e0 peau \u00e9paisse ou des vendanges pr\u00e9coces : 3 mL\/100 Kg<\/p>\n\n\n\n<div style=\"height:30px\" aria-hidden=\"true\" class=\"wp-block-spacer\"><\/div>\n\n\n\n<ul class=\"wp-block-list\">\n<li>Active entre 10 et 50 \u00b0C. Son activit\u00e9 augmente avec la temp\u00e9rature. Au-del\u00e0 de 50 \u00b0C, <strong>Rapidase Fresh Berry<\/strong> est inactiv\u00e9e.<\/li>\n\n\n\n<li>Active dans la gamme de pH du vin et en pr\u00e9sence de concentrations normales de SO\u2082.<\/li>\n\n\n\n<li>\u00c9limin\u00e9e par la bentonite.<\/li>\n<\/ul>\n\n\n\n<h3 class=\"wp-block-heading has-text-color\" style=\"color:#701f7f\"><strong>Conditionnement<\/strong><\/h3>\n\n\n\n<p><strong>Rapidase Fresh Berry <\/strong>est disponible en bidon plastique de 1 kg.<\/p>\n\n\n\n<h3 class=\"wp-block-heading has-text-color\" style=\"color:#701f7f\"><strong>Conservation<\/strong><\/h3>\n\n\n\n<p>Conserver au frais, entre 4 et 8 \u00b0C.<\/p>\n<\/div>\n<\/div>\n\n<div class=\"wp-block-group\"><div class=\"wp-block-group__inner-container is-layout-constrained wp-block-group-is-layout-constrained\">\n<div style=\"height:30px\" aria-hidden=\"true\" class=\"wp-block-spacer\"><\/div>\n\n\n\n<hr class=\"wp-block-separator has-text-color has-black-color has-alpha-channel-opacity has-black-background-color has-background\"\/>\n<\/div><\/div>\n\n<div class=\"wp-block-columns is-layout-flex wp-container-core-columns-is-layout-9d6595d7 wp-block-columns-is-layout-flex\">\n<div class=\"wp-block-column is-layout-flow wp-block-column-is-layout-flow\">\n<div class=\"wp-block-group\"><div class=\"wp-block-group__inner-container is-layout-constrained wp-block-group-is-layout-constrained\">\n<h2 class=\"wp-block-heading\"><strong><strong> Explorez les solutions associ\u00e9es<\/strong>: <\/strong><\/h2>\n\n\n\n<div style=\"height:30px\" aria-hidden=\"true\" class=\"wp-block-spacer\"><\/div>\n\n\n\n<p><strong>Vous recherchez une approche plus holistique de la vinification ?<\/strong> D\u00e9couvrez nos solutions \u0153nologiques avanc\u00e9es li\u00e9es \u00e0 <strong>Rapidase Fresh Berry.<\/strong><\/p>\n\n\n\n<div style=\"height:30px\" aria-hidden=\"true\" class=\"wp-block-spacer\"><\/div>\n\n\n\n<div class=\"wp-block-columns are-vertically-aligned-center is-layout-flex wp-container-core-columns-is-layout-9d6595d7 wp-block-columns-is-layout-flex\">\n<div class=\"wp-block-column is-vertically-aligned-center is-layout-flow wp-block-column-is-layout-flow\" style=\"flex-basis:100%\">\n<div class=\"wp-block-buttons is-content-justification-center is-layout-flex wp-container-core-buttons-is-layout-16018d1d wp-block-buttons-is-layout-flex\">\n<div class=\"wp-block-button is-style-fill\"><a class=\"wp-block-button__link wp-element-button\" href=\"https:\/\/oenobrands.com\/aroma-extraction-from-grapes\/\" target=\"_blank\" rel=\"noreferrer noopener\">Extraction d&rsquo;ar\u00f4mes<\/a><\/div>\n\n\n\n<div class=\"wp-block-button is-style-fill\"><a class=\"wp-block-button__link wp-element-button\" href=\"https:\/\/oenobrands.com\/solution\/colour\/colour-extraction\/\" target=\"_blank\" rel=\"noreferrer noopener\">Extraction de la couleur<\/a><\/div>\n\n\n\n<div class=\"wp-block-button is-style-fill\"><a class=\"wp-block-button__link wp-element-button\" href=\"https:\/\/oenobrands.com\/key-positive-aroma-compounds\/\" target=\"_blank\" rel=\"noreferrer noopener\">Compos\u00e9s aromatiques<\/a><\/div>\n<\/div>\n<\/div>\n<\/div>\n<\/div><\/div>\n\n\n\n<div style=\"height:30px\" aria-hidden=\"true\" class=\"wp-block-spacer\"><\/div>\n<\/div>\n\n\n\n<div class=\"wp-block-column is-layout-flow wp-block-column-is-layout-flow\">\n<h2 class=\"wp-block-heading\"><strong>Vous cherchez quelque chose d&rsquo;autre ?<\/strong><\/h2>\n\n\n\n<div style=\"height:30px\" aria-hidden=\"true\" class=\"wp-block-spacer\"><\/div>\n\n\n\n<p>Visitez notre section \u00ab Solution \u00bb, o\u00f9 nous proposons des conseils d&rsquo;experts, des connaissances populaires et des approches novatrices organis\u00e9es par processus de vinification. <strong>De la fermentation \u00e0 la filtration\/mise en bouteille, nous vous accompagnons avec des solutions pour am\u00e9liorer chaque \u00e9tape de votre processus de vinification.<\/strong><\/p>\n\n\n\n<div style=\"height:30px\" aria-hidden=\"true\" class=\"wp-block-spacer\"><\/div>\n\n\n\n<div class=\"wp-block-columns are-vertically-aligned-center is-layout-flex wp-container-core-columns-is-layout-9d6595d7 wp-block-columns-is-layout-flex\">\n<div class=\"wp-block-column is-vertically-aligned-center is-layout-flow wp-block-column-is-layout-flow\" style=\"flex-basis:100%\">\n<div class=\"wp-block-buttons is-content-justification-center is-layout-flex wp-container-core-buttons-is-layout-16018d1d wp-block-buttons-is-layout-flex\">\n<div class=\"wp-block-button is-style-fill\"><a class=\"wp-block-button__link wp-element-button\" href=\"https:\/\/oenobrands.com\/solution\/\" target=\"_blank\" rel=\"noreferrer noopener\">Advanced winemaking solutions<\/a><\/div>\n<\/div>\n<\/div>\n<\/div>\n<\/div>\n<\/div>\n\n<hr class=\"wp-block-separator has-alpha-channel-opacity\"\/>\n\n<div style=\"height:30px\" aria-hidden=\"true\" class=\"wp-block-spacer\"><\/div>\n\n<div class=\"wp-block-columns is-layout-flex wp-container-core-columns-is-layout-9d6595d7 wp-block-columns-is-layout-flex\">\n<div class=\"wp-block-column is-vertically-aligned-center is-layout-flow wp-block-column-is-layout-flow\" style=\"flex-basis:30%\">\n<h1 class=\"wp-block-heading has-text-color\" style=\"color:#545859\">D\u00e9couvrez la gamme RAPIDASE<\/h1>\n\n\n\n<div style=\"height:30px\" aria-hidden=\"true\" class=\"wp-block-spacer\"><\/div>\n\n\n\n<div class=\"wp-block-buttons is-content-justification-center is-layout-flex wp-container-core-buttons-is-layout-16018d1d wp-block-buttons-is-layout-flex\">\n<div class=\"wp-block-button\"><a class=\"wp-block-button__link has-background wp-element-button\" href=\"https:\/\/oenobrands.com\/product\/enzyme\/rapidase\/\" style=\"background-color:#545859\" target=\"_blank\" rel=\"noreferrer noopener\">RAPIDASE<\/a><\/div>\n<\/div>\n<\/div>\n\n\n\n<div class=\"wp-block-column is-layout-flow wp-block-column-is-layout-flow\"><div class=\"wp-block-image\">\n<figure class=\"aligncenter size-full\"><img decoding=\"async\" src=\"http:\/\/oenobrands.com\/wp-content\/uploads\/2023\/05\/OENOBRANDS-Rapidase-bandeau.png\" alt=\"OENOBRANDS-Rapidase-bandeau\" class=\"wp-image-4529\"\/><\/figure>\n<\/div><\/div>\n<\/div>\n\n<div style=\"height:50px\" aria-hidden=\"true\" class=\"wp-block-spacer\"><\/div>\n","protected":false},"excerpt":{"rendered":"<p>Rapidase Fresh Berry Enzyme pour intensifier et am\u00e9liorer la qualit\u00e9 aromatique des vins rouges [&hellip;]<\/p>\n","protected":false},"author":3,"featured_media":0,"parent":13508,"menu_order":0,"comment_status":"closed","ping_status":"closed","template":"page-product.php","meta":{"_acf_changed":false,"_seopress_robots_primary_cat":"0","_seopress_titles_title":"","_seopress_titles_desc":"","_seopress_robots_index":"","footnotes":""},"class_list":["post-17124","page","type-page","status-publish"],"acf":[],"_links":{"self":[{"href":"https:\/\/oenobrands.com\/fr\/wp-json\/wp\/v2\/pages\/17124","targetHints":{"allow":["GET"]}}],"collection":[{"href":"https:\/\/oenobrands.com\/fr\/wp-json\/wp\/v2\/pages"}],"about":[{"href":"https:\/\/oenobrands.com\/fr\/wp-json\/wp\/v2\/types\/page"}],"author":[{"embeddable":true,"href":"https:\/\/oenobrands.com\/fr\/wp-json\/wp\/v2\/users\/3"}],"replies":[{"embeddable":true,"href":"https:\/\/oenobrands.com\/fr\/wp-json\/wp\/v2\/comments?post=17124"}],"version-history":[{"count":0,"href":"https:\/\/oenobrands.com\/fr\/wp-json\/wp\/v2\/pages\/17124\/revisions"}],"up":[{"embeddable":true,"href":"https:\/\/oenobrands.com\/fr\/wp-json\/wp\/v2\/pages\/13508"}],"wp:attachment":[{"href":"https:\/\/oenobrands.com\/fr\/wp-json\/wp\/v2\/media?parent=17124"}],"curies":[{"name":"wp","href":"https:\/\/api.w.org\/{rel}","templated":true}]}}