{"id":15982,"date":"2023-06-13T16:33:36","date_gmt":"2023-06-13T14:33:36","guid":{"rendered":"https:\/\/oenobrands.com\/produit\/levure\/choix-des-fermivin\/"},"modified":"2025-10-20T13:54:07","modified_gmt":"2025-10-20T11:54:07","slug":"choix-des-fermivin","status":"publish","type":"page","link":"https:\/\/oenobrands.com\/fr\/produit\/levure\/choix-des-fermivin\/","title":{"rendered":"Choix Fermivin"},"content":{"rendered":"\n<div style=\"height:50px\" aria-hidden=\"true\" class=\"wp-block-spacer\"><\/div>\n\n<h2 class=\"wp-block-heading\"><strong>Comment choisir parmi notre portefeuille Fermivin ?<\/strong><\/h2>\n\n<div style=\"height:30px\" aria-hidden=\"true\" class=\"wp-block-spacer\"><\/div>\n\n<p>Choisir la bonne levure n&rsquo;st pas toujours facile Voici quelques astuces :<\/p>\n\n<ul class=\"wp-block-list\">\n<li><strong>La qualit\u00e9 et le potentiel des raisins<\/strong>, tels que la pr\u00e9sence ou l&rsquo;absence de pr\u00e9curseurs d&rsquo;ar\u00f4mes.<\/li>\n\n\n\n<li><strong>Le processus de vinification et les \u00e9quipements disponibles.<\/strong><\/li>\n\n\n\n<li><strong>Les param\u00e8tres \u0153nologiques <\/strong>tels que les niveaux d&rsquo;azote, la temp\u00e9rature de fermentation, le potentiel alcoolique, etc.<\/li>\n\n\n\n<li><strong>Les objectifs de vinification,<\/strong> ainsi que le type de vin souhait\u00e9 (r\u00e9v\u00e9lation aromatique, acc\u00e8s rapide au march\u00e9, vieillissement, etc.).<\/li>\n\n\n\n<li><strong>Les caract\u00e9ristiques de la levure<\/strong> afin qu&rsquo;elles correspondent aux \u00e9l\u00e9ments d\u00e9finis ci-dessus.<\/li>\n<\/ul>\n\n<p><strong>D\u00e9couvrez la contribution des levures Fermivin \u00e0 la vinification, que vous fermentiez du vin blanc ou rouge. Nous mettons \u00e9galement en avant une liste de souches recommand\u00e9es pour g\u00e9rer certains probl\u00e8mes ou pour des applications sp\u00e9cifiques. <\/strong><\/p>\n\n<div style=\"height:50px\" aria-hidden=\"true\" class=\"wp-block-spacer\"><\/div>\n\n<div class=\"wp-block-columns is-layout-flex wp-container-core-columns-is-layout-9d6595d7 wp-block-columns-is-layout-flex\">\n<div class=\"wp-block-column is-layout-flow wp-block-column-is-layout-flow\">\n<h2 class=\"wp-block-heading\"><strong>Positionnement pour les vins blancs<\/strong><\/h2>\n\n\n\n<div style=\"height:30px\" aria-hidden=\"true\" class=\"wp-block-spacer\"><\/div>\n\n\n<div class=\"wp-block-image is-style-zoooom\">\n<figure class=\"aligncenter size-full is-resized\"><img loading=\"lazy\" decoding=\"async\" width=\"1014\" height=\"530\" src=\"http:\/\/oenobrands.com\/wp-content\/uploads\/2023\/10\/Solution-Alcoholic-fermentation-yeast-choice-fermivin-positioning-for-white-wines.png\" alt=\"Solution-Alcoholic-fermentation-yeast-choice-fermivin-positioning-for-white-wines\" class=\"wp-image-5526\" style=\"width:488px;height:auto\" srcset=\"https:\/\/oenobrands.com\/wp-content\/uploads\/2023\/10\/Solution-Alcoholic-fermentation-yeast-choice-fermivin-positioning-for-white-wines.png 1014w, https:\/\/oenobrands.com\/wp-content\/uploads\/2023\/10\/Solution-Alcoholic-fermentation-yeast-choice-fermivin-positioning-for-white-wines-300x157.png 300w, https:\/\/oenobrands.com\/wp-content\/uploads\/2023\/10\/Solution-Alcoholic-fermentation-yeast-choice-fermivin-positioning-for-white-wines-768x401.png 768w\" sizes=\"auto, (max-width: 1014px) 100vw, 1014px\" \/><\/figure>\n<\/div><\/div>\n\n\n\n<div class=\"wp-block-column is-layout-flow wp-block-column-is-layout-flow\" style=\"flex-basis:10px\"><\/div>\n\n\n\n<div class=\"wp-block-column is-layout-flow wp-block-column-is-layout-flow\">\n<h2 class=\"wp-block-heading\"><strong>Positionnement pour les vins rouges<\/strong><\/h2>\n\n\n\n<div style=\"height:30px\" aria-hidden=\"true\" class=\"wp-block-spacer\"><\/div>\n\n\n<div class=\"wp-block-image is-style-zoooom\">\n<figure class=\"aligncenter size-full is-resized\"><img loading=\"lazy\" decoding=\"async\" width=\"1024\" height=\"510\" src=\"http:\/\/oenobrands.com\/wp-content\/uploads\/2023\/10\/Solution-Alcoholic-fermentation-yeast-choice-fermivin-positioning-for-red-wines.png\" alt=\"Solution-Alcoholic-fermentation-yeast-choice-fermivin-positioning-for-red-wines\" class=\"wp-image-5524\" style=\"width:554px;height:auto\" srcset=\"https:\/\/oenobrands.com\/wp-content\/uploads\/2023\/10\/Solution-Alcoholic-fermentation-yeast-choice-fermivin-positioning-for-red-wines.png 1024w, https:\/\/oenobrands.com\/wp-content\/uploads\/2023\/10\/Solution-Alcoholic-fermentation-yeast-choice-fermivin-positioning-for-red-wines-300x149.png 300w, https:\/\/oenobrands.com\/wp-content\/uploads\/2023\/10\/Solution-Alcoholic-fermentation-yeast-choice-fermivin-positioning-for-red-wines-768x383.png 768w\" sizes=\"auto, (max-width: 1024px) 100vw, 1024px\" \/><\/figure>\n<\/div><\/div>\n<\/div>\n\n<div style=\"height:50px\" aria-hidden=\"true\" class=\"wp-block-spacer\"><\/div>\n\n<h2 class=\"wp-block-heading\"><strong>Les souches Fermivin en d\u00e9tail <\/strong><\/h2>\n\n<div style=\"height:30px\" aria-hidden=\"true\" class=\"wp-block-spacer\"><\/div>\n\n<div class=\"wp-block-columns is-layout-flex wp-container-core-columns-is-layout-9d6595d7 wp-block-columns-is-layout-flex\">\n<div class=\"wp-block-column is-layout-flow wp-block-column-is-layout-flow\">\n<figure class=\"wp-block-table aligncenter is-style-stripes\"><table><thead><tr><th class=\"has-text-align-center\" data-align=\"center\">Nom du produit<\/th><th class=\"has-text-align-center\" data-align=\"center\">Type de vins<\/th><th class=\"has-text-align-center\" data-align=\"center\">Vin<\/th><th class=\"has-text-align-center\" data-align=\"center\">In-Line Ready<\/th><\/tr><\/thead><tbody><tr><td class=\"has-text-align-center\" data-align=\"center\"><a href=\"https:\/\/oenobrands.com\/product\/yeast\/fermivin-yeast\/vineae\/\"><img loading=\"lazy\" decoding=\"async\" width=\"110\" height=\"41\" class=\"wp-image-8723\" style=\"width: 110px;\" src=\"http:\/\/oenobrands.com\/wp-content\/uploads\/2024\/06\/Fermivin_VINEAE_mini_sticker-removebg-preview.png\" alt=\"Fermivin-VINEAE-wine-yeast\"\/><\/a><\/td><td class=\"has-text-align-center\" data-align=\"center\">Vins tr\u00e8s aromatiques et floraux, avec du volume.<\/td><td class=\"has-text-align-center\" data-align=\"center\">B, Ro, R, C<\/td><td class=\"has-text-align-center\" data-align=\"center\"><\/td><\/tr><tr><td class=\"has-text-align-center\" data-align=\"center\"><a href=\"https:\/\/oenobrands.com\/product\/yeast\/fermivin-yeast\/fermivin-3c\/\" target=\"_blank\" rel=\"noreferrer noopener\"><img loading=\"lazy\" decoding=\"async\" width=\"100\" height=\"37\" class=\"wp-image-8710\" style=\"width: 100px;\" src=\"http:\/\/oenobrands.com\/wp-content\/uploads\/2024\/06\/Fermivin_3C-mini_sticker-removebg-preview-1.png\" alt=\"Fermivine-3C-vin-levure\"\/><\/a><\/td><td class=\"has-text-align-center\" data-align=\"center\">Vins \u00e9l\u00e9gants, ronds, fruit\u00e9s et complexes<\/td><td class=\"has-text-align-center\" data-align=\"center\">B<\/td><td class=\"has-text-align-center\" data-align=\"center\"><strong>\u2713<\/strong><\/td><\/tr><tr><td class=\"has-text-align-center\" data-align=\"center\"><a href=\"https:\/\/oenobrands.com\/product\/yeast\/fermivin-yeast\/fermivin-it61\/\" target=\"_blank\" rel=\"noreferrer noopener\"><img loading=\"lazy\" decoding=\"async\" width=\"100\" height=\"37\" class=\"wp-image-8735\" style=\"width: 100px;\" src=\"http:\/\/oenobrands.com\/wp-content\/uploads\/2024\/06\/Fermivin_IT61_-_mini_sticker-removebg-preview.png\" alt=\"Fermivin-IT61-vin-levure\"\/><\/a><\/td><td class=\"has-text-align-center\" data-align=\"center\">Ar\u00f4mes tropicaux intenses avec volume<\/td><td class=\"has-text-align-center\" data-align=\"center\">B, Ro, C<\/td><td class=\"has-text-align-center\" data-align=\"center\"><strong>\u2713<\/strong><\/td><\/tr><tr><td class=\"has-text-align-center\" data-align=\"center\"><a href=\"https:\/\/oenobrands.com\/product\/yeast\/fermivin-yeast\/fermivin-ts28\/\" target=\"_blank\" rel=\"noreferrer noopener\"><img loading=\"lazy\" decoding=\"async\" width=\"100\" height=\"37\" class=\"wp-image-8753\" style=\"width: 100px;\" src=\"http:\/\/oenobrands.com\/wp-content\/uploads\/2024\/06\/Fermivin_ts28-_mini_sticker-removebg-preview.png\" alt=\"Fermivin-TS28-levure de vin\"\/><\/a><\/td><td class=\"has-text-align-center\" data-align=\"center\">Vins thiol\u00e9s \u00e0 profil vert et frais<\/td><td class=\"has-text-align-center\" data-align=\"center\">B<\/td><td class=\"has-text-align-center\" data-align=\"center\"><strong>\u2713<\/strong><\/td><\/tr><tr><td class=\"has-text-align-center\" data-align=\"center\"><a href=\"https:\/\/oenobrands.com\/product\/yeast\/fermivin-yeast\/fermivin-4f9\/\" target=\"_blank\" rel=\"noreferrer noopener\"><img loading=\"lazy\" decoding=\"async\" width=\"100\" height=\"37\" class=\"wp-image-8713\" style=\"width: 100px;\" src=\"http:\/\/oenobrands.com\/wp-content\/uploads\/2024\/06\/Fermivin_4F9-_mini_sticker-removebg-preview.png\" alt=\"Fermivin-4F9-vin-levure\"\/><\/a><\/td><td class=\"has-text-align-center\" data-align=\"center\">Vins blancs et ros\u00e9s expressifs et souples<\/td><td class=\"has-text-align-center\" data-align=\"center\">B, Ro, Eff, C, F<\/td><td class=\"has-text-align-center\" data-align=\"center\"><strong>\u2713<\/strong><\/td><\/tr><tr><td class=\"has-text-align-center\" data-align=\"center\"><a href=\"https:\/\/oenobrands.com\/product\/yeast\/fermivin-yeast\/fermivin-ar2\/\" target=\"_blank\" rel=\"noreferrer noopener\"><img loading=\"lazy\" decoding=\"async\" width=\"100\" height=\"37\" class=\"wp-image-8719\" style=\"width: 100px;\" src=\"http:\/\/oenobrands.com\/wp-content\/uploads\/2024\/06\/Fermivin_AR2_-_mini_sticker-removebg-preview.png\" alt=\"Fermivin-AR2-vin-levure\"\/><\/a><\/td><td class=\"has-text-align-center\" data-align=\"center\">Vins blancs et ros\u00e9s intens\u00e9ment aromatiques<\/td><td class=\"has-text-align-center\" data-align=\"center\">B, Ro, C, F<\/td><td class=\"has-text-align-center\" data-align=\"center\"><strong>\u2713<\/strong><\/td><\/tr><tr><td class=\"has-text-align-center\" data-align=\"center\"><a href=\"https:\/\/oenobrands.com\/product\/yeast\/fermivin-yeast\/fermivin-lvcb\/\" target=\"_blank\" rel=\"noreferrer noopener\"><img loading=\"lazy\" decoding=\"async\" width=\"100\" height=\"38\" class=\"wp-image-8741\" style=\"width: 100px;\" src=\"http:\/\/oenobrands.com\/wp-content\/uploads\/2024\/06\/Fermivin_LVCB_-_mini_sticker-removebg-preview.png\" alt=\"Fermivin-LVCB-vin-levure\"\/><\/a><\/td><td class=\"has-text-align-center\" data-align=\"center\">Vins min\u00e9raux, frais et aromatiques<\/td><td class=\"has-text-align-center\" data-align=\"center\">B, Eff<\/td><td class=\"has-text-align-center\" data-align=\"center\"><strong>\u2713<\/strong><\/td><\/tr><tr><td class=\"has-text-align-center\" data-align=\"center\"><a href=\"https:\/\/oenobrands.com\/product\/yeast\/fermivin-yeast\/fermivin-vb1\/\" target=\"_blank\" rel=\"noreferrer noopener\"><img loading=\"lazy\" decoding=\"async\" width=\"100\" height=\"38\" class=\"wp-image-8721\" style=\"width: 100px;\" src=\"http:\/\/oenobrands.com\/wp-content\/uploads\/2024\/06\/Fermivin_VB1-_mini_sticker-removebg-preview.png\" alt=\"Fermivin-VB1-vin-levure\"\/><\/a><\/td><td class=\"has-text-align-center\" data-align=\"center\">Vins blancs secs haut de gamme<\/td><td class=\"has-text-align-center\" data-align=\"center\">B<\/td><td class=\"has-text-align-center\" data-align=\"center\"><strong>\u2713<\/strong><\/td><\/tr><tr><td class=\"has-text-align-center\" data-align=\"center\"><a href=\"https:\/\/oenobrands.com\/product\/yeast\/fermivin-yeast\/fermivin-sm102\/\" target=\"_blank\" rel=\"noreferrer noopener\"><img loading=\"lazy\" decoding=\"async\" width=\"100\" height=\"38\" class=\"wp-image-8749\" style=\"width: 100px;\" src=\"http:\/\/oenobrands.com\/wp-content\/uploads\/2024\/06\/Fermivin_SM102_-_mini_sticker-removebg-preview.png\" alt=\"Fermivin-SM102-levure de vin\"\/><\/a><\/td><td class=\"has-text-align-center\" data-align=\"center\">Vins floraux \u00e9l\u00e9gants<\/td><td class=\"has-text-align-center\" data-align=\"center\">B (semi-doux), EdV, C<\/td><td class=\"has-text-align-center\" data-align=\"center\"><\/td><\/tr><tr><td class=\"has-text-align-center\" data-align=\"center\"><a href=\"https:\/\/oenobrands.com\/product\/yeast\/fermivin-yeast\/fermivin-jb3\/\" target=\"_blank\" rel=\"noreferrer noopener\"><img loading=\"lazy\" decoding=\"async\" width=\"100\" height=\"38\" class=\"wp-image-8737\" style=\"width: 100px;\" src=\"http:\/\/oenobrands.com\/wp-content\/uploads\/2024\/06\/Fermivin_JB3_-_mini_sticker-removebg-preview.png\" alt=\"Fermivin-JB3-vin-levure\"\/><\/a><\/td><td class=\"has-text-align-center\" data-align=\"center\">Vins blancs et ros\u00e9s aromatiques, floraux et l\u00e9gers<\/td><td class=\"has-text-align-center\" data-align=\"center\">B, Ro, Eff, C, F, EdV<\/td><td class=\"has-text-align-center\" data-align=\"center\"><\/td><\/tr><tr><td class=\"has-text-align-center\" data-align=\"center\"><a href=\"https:\/\/oenobrands.com\/product\/yeast\/fermivin-yeast\/fermivin-ls2\/\" target=\"_blank\" rel=\"noreferrer noopener\"><img loading=\"lazy\" decoding=\"async\" width=\"100\" height=\"38\" class=\"wp-image-8739\" style=\"width: 100px;\" src=\"http:\/\/oenobrands.com\/wp-content\/uploads\/2024\/06\/Fermivin_LS2_-_mini_sticker-removebg-preview.png\" alt=\"Fermivin-LS2-vin-levure\"\/><\/a><\/td><td class=\"has-text-align-center\" data-align=\"center\">Vins effervescents traditionnels<\/td><td class=\"has-text-align-center\" data-align=\"center\">B, Eff<\/td><td class=\"has-text-align-center\" data-align=\"center\"><\/td><\/tr><\/tbody><\/table><figcaption class=\"wp-element-caption\"><br\/>B: blanc, Ro: ros\u00e9, R: rouge, Eff: Effervescents, C: cidre, EdV: Eaux-de-vie, F: Vins de fruits<\/figcaption><\/figure>\n<\/div>\n\n\n\n<div class=\"wp-block-column is-layout-flow wp-block-column-is-layout-flow\" style=\"flex-basis:3px\"><\/div>\n\n\n\n<div class=\"wp-block-column is-layout-flow wp-block-column-is-layout-flow\">\n<figure class=\"wp-block-table aligncenter is-style-stripes\"><table><thead><tr><th class=\"has-text-align-center\" data-align=\"center\">Nom du produit<\/th><th class=\"has-text-align-center\" data-align=\"center\">Type de vins<\/th><th class=\"has-text-align-center\" data-align=\"center\">Vin<\/th><th class=\"has-text-align-center\" data-align=\"center\">In-Line Ready<\/th><\/tr><\/thead><tbody><tr><td class=\"has-text-align-center\" data-align=\"center\"><a href=\"https:\/\/oenobrands.com\/product\/yeast\/fermivin-yeast\/fermivin-a33\/\" target=\"_blank\" rel=\"noreferrer noopener\"><img loading=\"lazy\" decoding=\"async\" width=\"100\" height=\"37\" class=\"wp-image-8717\" style=\"width: 100px;\" src=\"http:\/\/oenobrands.com\/wp-content\/uploads\/2024\/06\/Fermivin_A33-_mini_sticker-removebg-preview.png\" alt=\"Fermivin-A33-vin-levure\"\/><\/a><\/td><td class=\"has-text-align-center\" data-align=\"center\">Vins rouges structur\u00e9s et complexes<\/td><td class=\"has-text-align-center\" data-align=\"center\">R<\/td><td class=\"has-text-align-center\" data-align=\"center\"><\/td><\/tr><tr><td class=\"has-text-align-center\" data-align=\"center\"><a href=\"https:\/\/oenobrands.com\/product\/yeast\/fermivin-yeast\/fermivin-p21\/\" target=\"_blank\" rel=\"noreferrer noopener\"><img loading=\"lazy\" decoding=\"async\" width=\"100\" height=\"37\" class=\"wp-image-8745\" style=\"width: 100px;\" src=\"http:\/\/oenobrands.com\/wp-content\/uploads\/2024\/06\/Fermivin_P21_-_mini_sticker-removebg-preview.png\" alt=\"Fermivine-P21-vin-levure\"\/><\/a><\/td><td class=\"has-text-align-center\" data-align=\"center\">Vins rouges color\u00e9s, concentr\u00e9s et ax\u00e9s sur le fruit<\/td><td class=\"has-text-align-center\" data-align=\"center\">R<\/td><td class=\"has-text-align-center\" data-align=\"center\"><strong>\u2713<\/strong><\/td><\/tr><tr><td class=\"has-text-align-center\" data-align=\"center\"><a href=\"https:\/\/oenobrands.com\/product\/yeast\/fermivin-yeast\/fermivin-mt48\/\" target=\"_blank\" rel=\"noreferrer noopener\"><img loading=\"lazy\" decoding=\"async\" width=\"100\" height=\"37\" class=\"wp-image-8743\" style=\"width: 100px;\" src=\"http:\/\/oenobrands.com\/wp-content\/uploads\/2024\/06\/Fermivin_MT48_-_mini_sticker-removebg-preview.png\" alt=\"Fermivin-MT48-vin-levure\"\/><\/a><\/td><td class=\"has-text-align-center\" data-align=\"center\">Vins rouges fruit\u00e9s et \u00e9pic\u00e9s<\/td><td class=\"has-text-align-center\" data-align=\"center\">R<\/td><td class=\"has-text-align-center\" data-align=\"center\"><\/td><\/tr><tr><td class=\"has-text-align-center\" data-align=\"center\"><a href=\"https:\/\/oenobrands.com\/product\/yeast\/fermivin-yeast\/fermivin-vr5\/\" target=\"_blank\" rel=\"noreferrer noopener\"><img loading=\"lazy\" decoding=\"async\" width=\"100\" height=\"37\" class=\"wp-image-8725\" style=\"width: 100px;\" src=\"http:\/\/oenobrands.com\/wp-content\/uploads\/2024\/06\/Fermivin_VR5_-_mini_sticker-removebg-preview.png\" alt=\"Fermivin-VR5-vin-levure\"\/><\/a><\/td><td class=\"has-text-align-center\" data-align=\"center\">Structur\u00e9 et fruit\u00e9 en milieu de bouche<br\/>Vins rouges<\/td><td class=\"has-text-align-center\" data-align=\"center\">R<\/td><td class=\"has-text-align-center\" data-align=\"center\"><strong>\u2713<\/strong><\/td><\/tr><tr><td class=\"has-text-align-center\" data-align=\"center\"><a href=\"https:\/\/oenobrands.com\/product\/yeast\/fermivin-yeast\/fermivin-pf6\/\" target=\"_blank\" rel=\"noreferrer noopener\"><img loading=\"lazy\" decoding=\"async\" width=\"100\" height=\"38\" class=\"wp-image-8751\" style=\"width: 100px;\" src=\"http:\/\/oenobrands.com\/wp-content\/uploads\/2024\/06\/Fermivin_PF6_-_mini_sticker-removebg-preview.png\" alt=\"Fermivin-PF6-vin-levure\"\/><\/a><\/td><td class=\"has-text-align-center\" data-align=\"center\">Vins rouges fruit\u00e9s et \u00e9l\u00e9gants, pr\u00eats \u00e0 \u00eatre consomm\u00e9s rapidement<\/td><td class=\"has-text-align-center\" data-align=\"center\">R<\/td><td class=\"has-text-align-center\" data-align=\"center\"><\/td><\/tr><tr><td class=\"has-text-align-center\" data-align=\"center\"><a href=\"https:\/\/oenobrands.com\/product\/yeast\/fermivin-yeast\/fermivin-xl\/\" target=\"_blank\" rel=\"noreferrer noopener\"><img loading=\"lazy\" decoding=\"async\" width=\"100\" height=\"38\" class=\"wp-image-8727\" style=\"width: 100px;\" src=\"http:\/\/oenobrands.com\/wp-content\/uploads\/2024\/06\/Fermivin_XL-_mini_sticker-removebg-preview.png\" alt=\"Fermivin-XL-vin-levure\"\/><\/a><\/td><td class=\"has-text-align-center\" data-align=\"center\">Vins rouges et ros\u00e9s fruit\u00e9s et doux<\/td><td class=\"has-text-align-center\" data-align=\"center\">R, Ro<\/td><td class=\"has-text-align-center\" data-align=\"center\"><\/td><\/tr><tr><td class=\"has-text-align-center\" data-align=\"center\"><a href=\"https:\/\/oenobrands.com\/product\/yeast\/fermivin-yeast\/fermivin-e73\/\" target=\"_blank\" rel=\"noreferrer noopener\"><img loading=\"lazy\" decoding=\"async\" width=\"100\" height=\"38\" class=\"wp-image-8733\" style=\"width: 100px;\" src=\"http:\/\/oenobrands.com\/wp-content\/uploads\/2024\/06\/Fermivin_E73-mini_sticker-removebg-preview.png\" alt=\"Fermivin-E73-vin-levure\"\/><\/a><\/td><td class=\"has-text-align-center\" data-align=\"center\">Rouges fruit\u00e9s pour mise en march\u00e9 rapide<\/td><td class=\"has-text-align-center\" data-align=\"center\">R<\/td><td class=\"has-text-align-center\" data-align=\"center\"><strong>\u2713<\/strong><\/td><\/tr><tr><td class=\"has-text-align-center\" data-align=\"center\"><a href=\"https:\/\/oenobrands.com\/product\/yeast\/fermivin-yeast\/fermivin-pdm\/\" target=\"_blank\" rel=\"noreferrer noopener\"><img loading=\"lazy\" decoding=\"async\" width=\"100\" height=\"38\" class=\"wp-image-8747\" style=\"width: 100px;\" src=\"http:\/\/oenobrands.com\/wp-content\/uploads\/2024\/06\/Fermivin_PDM-mini_sticker-removebg-preview.png\" alt=\"Fermivin-PDM-vin-levure\"\/><\/a><\/td><td class=\"has-text-align-center\" data-align=\"center\">Levure polyvalente<\/td><td class=\"has-text-align-center\" data-align=\"center\">B, Ro, R, Eff, C, F<\/td><td class=\"has-text-align-center\" data-align=\"center\"><strong>\u2713<\/strong><\/td><\/tr><tr><td class=\"has-text-align-center\" data-align=\"center\"><a href=\"https:\/\/oenobrands.com\/product\/yeast\/fermivin-yeast\/fermivin-7013\/\" target=\"_blank\" rel=\"noreferrer noopener\"><img loading=\"lazy\" decoding=\"async\" width=\"100\" height=\"37\" class=\"wp-image-8715\" style=\"width: 100px;\" src=\"http:\/\/oenobrands.com\/wp-content\/uploads\/2024\/06\/Fermivin_7013-mini_sticker-removebg-preview.png\" alt=\"Fermivin-7013-wine-yeast\"\/><\/a><\/td><td class=\"has-text-align-center\" data-align=\"center\">Vins de fruits et base de distillation<\/td><td class=\"has-text-align-center\" data-align=\"center\">B, Ro, R, EdV, F<\/td><td class=\"has-text-align-center\" data-align=\"center\"><strong>\u2713<\/strong><\/td><\/tr><tr><td class=\"has-text-align-center\" data-align=\"center\"><a href=\"https:\/\/oenobrands.com\/product\/yeast\/fermivin-yeast\/fermivin-champion-booster\/\" target=\"_blank\" rel=\"noreferrer noopener\"><img loading=\"lazy\" decoding=\"async\" width=\"100\" height=\"38\" class=\"wp-image-8729\" style=\"width: 100px;\" src=\"http:\/\/oenobrands.com\/wp-content\/uploads\/2024\/06\/Fermivin_CHAMPION_BOOSTER-mini_sticker-removebg-preview.png\" alt=\"Fermivin-CHAMPION BOOSTER-vin-levure\"\/><\/a><\/td><td class=\"has-text-align-center\" data-align=\"center\">Red\u00e9marrage rapide des fermentations<\/td><td class=\"has-text-align-center\" data-align=\"center\">B, Ro, R, Eff, C<\/td><td class=\"has-text-align-center\" data-align=\"center\"><\/td><\/tr><tr><td class=\"has-text-align-center\" data-align=\"center\"><a href=\"https:\/\/oenobrands.com\/product\/yeast\/fermivin-yeast\/fermivin-champion\/\" target=\"_blank\" rel=\"noreferrer noopener\"><img loading=\"lazy\" decoding=\"async\" width=\"100\" height=\"37\" class=\"wp-image-8731\" style=\"width: 100px;\" src=\"http:\/\/oenobrands.com\/wp-content\/uploads\/2024\/06\/Fermivin_CHAMPION-_mini_sticker-removebg-preview.png\" alt=\"Fermivin-CHAMPION-vin-levure\"\/><\/a><\/td><td class=\"has-text-align-center\" data-align=\"center\">Conditions difficiles<\/td><td class=\"has-text-align-center\" data-align=\"center\">B, Ro, R, Eff, C<\/td><td class=\"has-text-align-center\" data-align=\"center\"><\/td><\/tr><\/tbody><\/table><figcaption class=\"wp-element-caption\"><br\/>B: blanc, Ro: ros\u00e9, R: rouge, Eff: Effervescents, C: cidre, EdV: Eaux-de-vie, F: Vins de fruits<\/figcaption><\/figure>\n<\/div>\n<\/div>\n\n<div style=\"height:30px\" aria-hidden=\"true\" class=\"wp-block-spacer\"><\/div>\n\n<div class=\"wp-block-buttons is-content-justification-center is-layout-flex wp-container-core-buttons-is-layout-16018d1d wp-block-buttons-is-layout-flex\">\n<div class=\"wp-block-button is-style-fill\"><a class=\"wp-block-button__link wp-element-button\" href=\"https:\/\/oenobrands.com\/solution\/alcoholic-fermentation\/yeast-choice\/\" target=\"_blank\" rel=\"noreferrer noopener\">Choix des levures<\/a><\/div>\n\n\n\n<div class=\"wp-block-button is-style-fill\"><a class=\"wp-block-button__link wp-element-button\" href=\"https:\/\/oenobrands.com\/solution\/alcoholic-fermentation\/yeast-inoculation\/\" target=\"_blank\" rel=\"noreferrer noopener\">Inoculation des levures<\/a><\/div>\n\n\n\n<div class=\"wp-block-button is-style-fill\"><a class=\"wp-block-button__link wp-element-button\" href=\"https:\/\/oenobrands.com\/solution\/alcoholic-fermentation\/direct-yeast-inoculation\/\" target=\"_blank\" rel=\"noreferrer noopener\">Inoculation directe des levures (In-Line Ready)<\/a><\/div>\n<\/div>\n\n<hr class=\"wp-block-separator has-text-color has-black-color has-alpha-channel-opacity has-black-background-color has-background\"\/>\n\n<div class=\"wp-block-group\"><div class=\"wp-block-group__inner-container is-layout-constrained wp-block-group-is-layout-constrained\">\n<div style=\"height:50px\" aria-hidden=\"true\" class=\"wp-block-spacer\"><\/div>\n<\/div><\/div>\n\n<div class=\"wp-block-columns is-layout-flex wp-container-core-columns-is-layout-9d6595d7 wp-block-columns-is-layout-flex\">\n<div class=\"wp-block-column is-vertically-aligned-center is-layout-flow wp-block-column-is-layout-flow\" style=\"flex-basis:30%\">\n<h1 class=\"wp-block-heading has-text-color\" style=\"color:#545859\">D\u00e9couvrez la gamme FERMIVIN <\/h1>\n\n\n\n<div style=\"height:20px\" aria-hidden=\"true\" class=\"wp-block-spacer\"><\/div>\n\n\n\n<div class=\"wp-block-buttons is-content-justification-left is-layout-flex wp-container-core-buttons-is-layout-fdcfc74e wp-block-buttons-is-layout-flex\">\n<div class=\"wp-block-button\"><a class=\"wp-block-button__link has-background wp-element-button\" href=\"https:\/\/oenobrands.com\/product\/yeast\/fermivin-yeast\/\" style=\"background-color:#545859\">FERMIVIN<\/a><\/div>\n<\/div>\n<\/div>\n\n\n\n<div class=\"wp-block-column is-layout-flow wp-block-column-is-layout-flow\" style=\"flex-basis:10%\"><\/div>\n\n\n\n<div class=\"wp-block-column is-layout-flow wp-block-column-is-layout-flow\"><div class=\"wp-block-image\">\n<figure class=\"aligncenter size-full\"><img loading=\"lazy\" decoding=\"async\" width=\"350\" height=\"67\" src=\"http:\/\/oenobrands.com\/wp-content\/uploads\/2023\/04\/Oenobrands-Fermivin-logo400-e1683143710792.png\" alt=\"Oenobrands-Fermivin-logo-350\" class=\"wp-image-2709\" srcset=\"https:\/\/oenobrands.com\/wp-content\/uploads\/2023\/04\/Oenobrands-Fermivin-logo400-e1683143710792.png 350w, https:\/\/oenobrands.com\/wp-content\/uploads\/2023\/04\/Oenobrands-Fermivin-logo400-e1683143710792-300x57.png 300w\" sizes=\"auto, (max-width: 350px) 100vw, 350px\" \/><\/figure>\n<\/div><\/div>\n<\/div>\n\n<div style=\"height:50px\" aria-hidden=\"true\" class=\"wp-block-spacer\"><\/div>\n","protected":false},"excerpt":{"rendered":"<p>Comment choisir parmi notre portefeuille Fermivin ? Choisir la bonne levure n&rsquo;st pas toujours [&hellip;]<\/p>\n","protected":false},"author":3,"featured_media":0,"parent":13720,"menu_order":0,"comment_status":"closed","ping_status":"closed","template":"page-premier-products-list.php","meta":{"_acf_changed":false,"_seopress_robots_primary_cat":"0","_seopress_titles_title":"","_seopress_titles_desc":"","_seopress_robots_index":"","footnotes":""},"class_list":["post-15982","page","type-page","status-publish"],"acf":[],"_links":{"self":[{"href":"https:\/\/oenobrands.com\/fr\/wp-json\/wp\/v2\/pages\/15982","targetHints":{"allow":["GET"]}}],"collection":[{"href":"https:\/\/oenobrands.com\/fr\/wp-json\/wp\/v2\/pages"}],"about":[{"href":"https:\/\/oenobrands.com\/fr\/wp-json\/wp\/v2\/types\/page"}],"author":[{"embeddable":true,"href":"https:\/\/oenobrands.com\/fr\/wp-json\/wp\/v2\/users\/3"}],"replies":[{"embeddable":true,"href":"https:\/\/oenobrands.com\/fr\/wp-json\/wp\/v2\/comments?post=15982"}],"version-history":[{"count":0,"href":"https:\/\/oenobrands.com\/fr\/wp-json\/wp\/v2\/pages\/15982\/revisions"}],"up":[{"embeddable":true,"href":"https:\/\/oenobrands.com\/fr\/wp-json\/wp\/v2\/pages\/13720"}],"wp:attachment":[{"href":"https:\/\/oenobrands.com\/fr\/wp-json\/wp\/v2\/media?parent=15982"}],"curies":[{"name":"wp","href":"https:\/\/api.w.org\/{rel}","templated":true}]}}