{"id":13992,"date":"2022-10-20T10:33:01","date_gmt":"2022-10-20T08:33:01","guid":{"rendered":"https:\/\/oenobrands.com\/solution\/fermentation-malolactique\/fml-en-co-inoculation\/"},"modified":"2025-10-20T15:17:27","modified_gmt":"2025-10-20T13:17:27","slug":"fml-en-co-inoculation","status":"publish","type":"page","link":"https:\/\/oenobrands.com\/fr\/solution\/fermentation-malolactique\/fml-en-co-inoculation\/","title":{"rendered":"FML en co-inoculation"},"content":{"rendered":"\n<div style=\"height:50px\" aria-hidden=\"true\" class=\"wp-block-spacer\"><\/div>\n\n<h2 class=\"wp-block-heading\"><strong>Qu\u2019est-ce que la co-inoculation en fermentation malolactique ?<\/strong><\/h2>\n\n<div style=\"height:30px\" aria-hidden=\"true\" class=\"wp-block-spacer\"><\/div>\n\n<p><strong>La co-inoculation en fermentation malolactique<\/strong> consiste \u00e0 ensemencer simultan\u00e9ment le mo\u00fbt avec des levures et des bact\u00e9ries lactiques s\u00e9lectionn\u00e9es. Cette approche permet d\u2019acc\u00e9l\u00e9rer consid\u00e9rablement la fin de la fermentation malolactique. Ce gain de temps peut s\u2019av\u00e9rer d\u00e9terminant pour les vins primeurs ou les vins \u00e0 pH \u00e9lev\u00e9 (&gt; 3,6), tout en limitant les risques de d\u00e9viations dues \u00e0 la flore lactique indig\u00e8ne ou \u00e0 des contaminations par les levures. <\/p>\n\n<p>Cette strat\u00e9gie tire parti d\u2019un environnement chaud et riche en nutriments pour favoriser une fermentation malolactique plus rapide et mieux ma\u00eetris\u00e9e. <strong>\u00c0 la cl\u00e9 : des vins plus souples, une dur\u00e9e d\u2019\u00e9levage r\u00e9duite et une meilleure protection contre les alt\u00e9rations.<\/strong><\/p>\n\n<div class=\"wp-block-columns are-vertically-aligned-center is-layout-flex wp-container-core-columns-is-layout-9d6595d7 wp-block-columns-is-layout-flex\">\n<div class=\"wp-block-column is-vertically-aligned-center is-layout-flow wp-block-column-is-layout-flow\">\n<ul class=\"wp-block-list\">\n<li>Dur\u00e9e totale de la FML plus courte.<\/li>\n\n\n\n<li>Malo FML efficace dans les vins difficiles.<\/li>\n\n\n\n<li>Pas de nutrition n\u00e9cessaire pour la FML.<\/li>\n\n\n\n<li>R\u00e9duction de l&rsquo;utilisation de SO2.<\/li>\n\n\n\n<li>Moins d&rsquo;impact inhibiteur de la part des levures (\u00e9thanol\/acides gras \u00e0 cha\u00eene moyenne).<\/li>\n\n\n\n<li>Production accrue d&rsquo;esters (profil frais et fruit\u00e9).<\/li>\n\n\n\n<li>Moins de caract\u00e8re diac\u00e9tyle\/beurr\u00e9.<\/li>\n\n\n\n<li>Vins plus complexes et int\u00e9gr\u00e9s.<\/li>\n<\/ul>\n<\/div>\n\n\n\n<div class=\"wp-block-column is-vertically-aligned-center is-layout-flow wp-block-column-is-layout-flow\" style=\"flex-basis:2%\"><\/div>\n\n\n\n<div class=\"wp-block-column is-vertically-aligned-center is-layout-flow wp-block-column-is-layout-flow\"><div class=\"wp-block-image is-style-zoooom\">\n<figure class=\"aligncenter size-full\"><img alt=\"\" loading=\"lazy\" decoding=\"async\" width=\"859\" height=\"406\" src=\"https:\/\/oenobrands.com\/wp-content\/uploads\/2024\/02\/MLF-coinoc-1.png\" alt=\"\" class=\"wp-image-6022\" srcset=\"https:\/\/oenobrands.com\/wp-content\/uploads\/2024\/02\/MLF-coinoc-1.png 859w, https:\/\/oenobrands.com\/wp-content\/uploads\/2024\/02\/MLF-coinoc-1-300x142.png 300w, https:\/\/oenobrands.com\/wp-content\/uploads\/2024\/02\/MLF-coinoc-1-768x363.png 768w\" sizes=\"auto, (max-width: 859px) 100vw, 859px\" \/><figcaption class=\"wp-element-caption\">Bioprotection explanation of doing MLF in co-inoculation with Anchor DUET bacteria.<\/figcaption><\/figure>\n<\/div><\/div>\n<\/div>\n\n<div style=\"height:50px\" aria-hidden=\"true\" class=\"wp-block-spacer\"><\/div>\n\n<h2 class=\"wp-block-heading\"><strong>Pourquoi choisir la gamme Anchor DUET pour la co-inoculation ?<\/strong><\/h2>\n\n<div style=\"height:30px\" aria-hidden=\"true\" class=\"wp-block-spacer\"><\/div>\n\n<p>La gamme <strong>Anchor DUET<\/strong> a \u00e9t\u00e9 sp\u00e9cifiquement con\u00e7ue pour la co-inoculation. Chaque produit associe une souche unique de <em>Lactobacillus plantarum <\/em>et <em>Oenococcus oeni,<\/em> s\u00e9lectionn\u00e9es pour garantir \u00e0 la fois la fiabilit\u00e9 fermentaire et des effets sensoriels cibl\u00e9s.<\/p>\n\n<figure class=\"wp-block-table\"><table><thead><tr><th>Produit<\/th><th>Contribution sensorielle principale<\/th><th>Style de vin id\u00e9al<\/th><th>Param\u00e8tres techniques<\/th><\/tr><\/thead><tbody><tr><td><strong>Duet Arom<\/strong><\/td><td>Fruits rouges, floral, puissance aromatique<\/td><td>Vins rouges fruit\u00e9s et souples<\/td><td>Jusqu\u2019\u00e0 15,5% vol.<br\/>pH \u2265 3,4<br\/>Temp. 18-28 \u00b0C<\/td><\/tr><tr><td><strong>Duet Soft<\/strong><\/td><td>Rondeur, volume, bouche d\u00e9licate<\/td><td>Vins blancs et rouges<\/td><td>Jusqu\u2019\u00e0 15% vol.<br\/>pH \u2265 3,2<br\/>Temp. 15-28 \u00b0C<\/td><\/tr><tr><td><strong>Duet Mature<\/strong><\/td><td>Structure, fruits noirs, \u00e9pices<\/td><td>Vins rouges structur\u00e9s et ronds<\/td><td>Jusqu\u2019\u00e0 16% vol.<br\/>pH \u2265 3,3<br\/>Temp. 18-28 \u00b0C<\/td><\/tr><\/tbody><\/table><\/figure>\n\n<div style=\"height:50px\" aria-hidden=\"true\" class=\"wp-block-spacer\"><\/div>\n\n<div class=\"wp-block-columns is-layout-flex wp-container-core-columns-is-layout-9d6595d7 wp-block-columns-is-layout-flex\">\n<div class=\"wp-block-column is-layout-flow wp-block-column-is-layout-flow\" style=\"flex-basis:66.66%\">\n<div class=\"wp-block-buttons is-horizontal is-content-justification-center is-layout-flex wp-container-core-buttons-is-layout-499968f5 wp-block-buttons-is-layout-flex\">\n<div class=\"wp-block-button\"><a class=\"wp-block-button__link wp-element-button\" href=\"https:\/\/oenobrands.com\/product\/bacteria\/anchor-bacteria\/duet-arom\/\" target=\"_blank\" rel=\"noreferrer noopener\">DUET Arom<\/a><\/div>\n\n\n\n<div class=\"wp-block-button\"><a class=\"wp-block-button__link wp-element-button\" href=\"https:\/\/oenobrands.com\/product\/bacteria\/anchor-bacteria\/duet-soft\/\" target=\"_blank\" rel=\"noreferrer noopener\">DUET Soft<\/a><\/div>\n<\/div>\n\n\n\n<div style=\"height:30px\" aria-hidden=\"true\" class=\"wp-block-spacer\"><\/div>\n\n\n<div class=\"wp-block-image is-style-zoooom\">\n<figure class=\"aligncenter size-full\"><img alt=\"\" loading=\"lazy\" decoding=\"async\" width=\"507\" height=\"220\" src=\"https:\/\/oenobrands.com\/wp-content\/uploads\/2024\/02\/MLF-coinoc-4.png\" alt=\"\" class=\"wp-image-6029\" srcset=\"https:\/\/oenobrands.com\/wp-content\/uploads\/2024\/02\/MLF-coinoc-4.png 507w, https:\/\/oenobrands.com\/wp-content\/uploads\/2024\/02\/MLF-coinoc-4-300x130.png 300w\" sizes=\"auto, (max-width: 507px) 100vw, 507px\" \/><\/figure>\n<\/div><\/div>\n\n\n\n<div class=\"wp-block-column is-layout-flow wp-block-column-is-layout-flow\" style=\"flex-basis:33.33%\">\n<div class=\"wp-block-buttons is-content-justification-center is-layout-flex wp-container-core-buttons-is-layout-16018d1d wp-block-buttons-is-layout-flex\">\n<div class=\"wp-block-button\"><a class=\"wp-block-button__link wp-element-button\" href=\"https:\/\/oenobrands.com\/product\/bacteria\/anchor-bacteria\/duet-mature\/\" target=\"_blank\" rel=\"noreferrer noopener\">DUET Mature<\/a><\/div>\n<\/div>\n\n\n\n<div style=\"height:30px\" aria-hidden=\"true\" class=\"wp-block-spacer\"><\/div>\n\n\n<div class=\"wp-block-image is-style-zoooom\">\n<figure class=\"aligncenter size-full\"><img alt=\"\" loading=\"lazy\" decoding=\"async\" width=\"363\" height=\"285\" src=\"https:\/\/oenobrands.com\/wp-content\/uploads\/2024\/02\/MLF-coinoc-5.png\" alt=\"\" class=\"wp-image-6031\" srcset=\"https:\/\/oenobrands.com\/wp-content\/uploads\/2024\/02\/MLF-coinoc-5.png 363w, https:\/\/oenobrands.com\/wp-content\/uploads\/2024\/02\/MLF-coinoc-5-300x236.png 300w\" sizes=\"auto, (max-width: 363px) 100vw, 363px\" \/><figcaption class=\"wp-element-caption\">Comparaison de Duet Mature avec d&rsquo;autres cultures commerciales en co-inoculation, Cabernet sauvignon sud-africain.<\/figcaption><\/figure>\n<\/div><\/div>\n<\/div>\n\n<div style=\"height:50px\" aria-hidden=\"true\" class=\"wp-block-spacer\"><\/div>\n\n<h2 class=\"wp-block-heading\"><strong>\u00c0 la recherche d\u2019un profil fruit\u00e9, rapide et moderne ?<\/strong><\/h2>\n\n<div style=\"height:30px\" aria-hidden=\"true\" class=\"wp-block-spacer\"><\/div>\n\n<p>Si vous travaillez des<strong> vins rouges jeunes et expressifs<\/strong>, o\u00f9 fra\u00eecheur et intensit\u00e9 fruit\u00e9e sont des priorit\u00e9s, vous pouvez aussi envisager :<\/p>\n\n<div class=\"wp-block-buttons is-content-justification-center is-layout-flex wp-container-core-buttons-is-layout-16018d1d wp-block-buttons-is-layout-flex\">\n<div class=\"wp-block-button\"><a class=\"wp-block-button__link wp-element-button\">Maloferm Fruta DUO<\/a><\/div>\n<\/div>\n\n<div style=\"height:30px\" aria-hidden=\"true\" class=\"wp-block-spacer\"><\/div>\n\n<div class=\"wp-block-columns is-layout-flex wp-container-core-columns-is-layout-9d6595d7 wp-block-columns-is-layout-flex\">\n<div class=\"wp-block-column is-vertically-aligned-top is-layout-flow wp-block-column-is-layout-flow\">\n<p><strong>Maloferm<sup>\u00ae<\/sup> Fruta DUO<\/strong><\/p>\n\n\n\n<p>Cette souche de co-inoculation associe une <strong>cin\u00e9tique rapide<\/strong> \u00e0 une expression marqu\u00e9e d\u2019<strong>ar\u00f4mes de fruits rouges et de fra\u00eecheur<\/strong>. Elle est particuli\u00e8rement adapt\u00e9e aux <strong>fermentations chaudes<\/strong> et aux vins rouges destin\u00e9s \u00e0 une <strong>mise rapide en march\u00e9<\/strong>.<\/p>\n\n\n\n<p>C\u2019est une solution int\u00e9ressante pour des styles pr\u00e9cis ou des march\u00e9s recherchant des <strong>profils modernes et ax\u00e9s sur le fruit.<\/strong><\/p>\n<\/div>\n\n\n\n<div class=\"wp-block-column is-vertically-aligned-center is-layout-flow wp-block-column-is-layout-flow\"><div class=\"wp-block-image is-style-zoooom\">\n<figure class=\"aligncenter size-full\"><img alt=\"\" loading=\"lazy\" decoding=\"async\" width=\"715\" height=\"555\" src=\"http:\/\/oenobrands.com\/wp-content\/uploads\/2025\/06\/EN-solution-mlf-sequential-maloferm-Fruta-DUO-tempranillo-1.png\" alt=\"\" class=\"wp-image-17529\" style=\"object-fit:cover\" srcset=\"https:\/\/oenobrands.com\/wp-content\/uploads\/2025\/06\/EN-solution-mlf-sequential-maloferm-Fruta-DUO-tempranillo-1.png 715w, https:\/\/oenobrands.com\/wp-content\/uploads\/2025\/06\/EN-solution-mlf-sequential-maloferm-Fruta-DUO-tempranillo-1-300x233.png 300w\" sizes=\"auto, (max-width: 715px) 100vw, 715px\" \/><figcaption class=\"wp-element-caption\">Analyses sensorielles. Vitec, Espagne. Tempranillo (2023).<\/figcaption><\/figure>\n<\/div><\/div>\n\n\n\n<div class=\"wp-block-column is-vertically-aligned-center is-layout-flow wp-block-column-is-layout-flow\"><div class=\"wp-block-image is-style-zoooom\">\n<figure class=\"aligncenter size-full\"><img alt=\"\" loading=\"lazy\" decoding=\"async\" width=\"715\" height=\"388\" src=\"http:\/\/oenobrands.com\/wp-content\/uploads\/2025\/06\/EN-solution-mlf-sequential-maloferm-Fruta-DUO-merlot.png\" alt=\"\" class=\"wp-image-17525\" style=\"object-fit:cover\" srcset=\"https:\/\/oenobrands.com\/wp-content\/uploads\/2025\/06\/EN-solution-mlf-sequential-maloferm-Fruta-DUO-merlot.png 715w, https:\/\/oenobrands.com\/wp-content\/uploads\/2025\/06\/EN-solution-mlf-sequential-maloferm-Fruta-DUO-merlot-300x163.png 300w\" sizes=\"auto, (max-width: 715px) 100vw, 715px\" \/><figcaption class=\"wp-element-caption\">Analyses sensorielles. IFV, Merlot, Bordeaux (2023).<\/figcaption><\/figure>\n<\/div><\/div>\n<\/div>\n\n<div style=\"height:30px\" aria-hidden=\"true\" class=\"wp-block-spacer\"><\/div>\n\n<h2 class=\"wp-block-heading\"><strong>Puis-je utiliser d\u2019autres bact\u00e9ries pour la co-inoculation ?<\/strong><\/h2>\n\n<div style=\"height:30px\" aria-hidden=\"true\" class=\"wp-block-spacer\"><\/div>\n\n<p>Oui. Bien que <strong>certaines souches des gammes Solo et Maloferm<\/strong> n\u2019aient pas \u00e9t\u00e9 sp\u00e9cifiquement con\u00e7ues pour la co-inoculation, plusieurs d\u2019entre elles ont montr\u00e9 de tr\u00e8s bons r\u00e9sultats lorsqu\u2019elles sont utilis\u00e9es dans ce cadre, sous certaines conditions.<\/p>\n\n<p>Ces souches, principalement pr\u00e9vues pour une utilisation s\u00e9quentielle, peuvent n\u00e9anmoins \u00eatre efficaces si la co-inoculation est bien ma\u00eetris\u00e9e, <strong>notamment dans des mo\u00fbts \u00e9quilibr\u00e9s (pH et temp\u00e9rature favorables).<\/strong><\/p>\n\n<p>Pour choisir la souche la plus adapt\u00e9e \u00e0 votre vin et \u00e0 vos conditions de fermentation, n\u2019h\u00e9sitez pas \u00e0 contacter notre \u00e9quipe technique.<\/p>\n\n<div style=\"height:30px\" aria-hidden=\"true\" class=\"wp-block-spacer\"><\/div>\n\n<h2 class=\"wp-block-heading\"><strong>Quels sont les facteurs importants pour la co-inoculation ?<\/strong><\/h2>\n\n<div style=\"height:30px\" aria-hidden=\"true\" class=\"wp-block-spacer\"><\/div>\n\n<p>Pour obtenir un bon taux de r\u00e9ussite, il est important de suivre plusieurs points :<\/p>\n\n<div class=\"wp-block-columns is-layout-flex wp-container-core-columns-is-layout-9d6595d7 wp-block-columns-is-layout-flex\">\n<div class=\"wp-block-column is-layout-flow wp-block-column-is-layout-flow\">\n<ul class=\"wp-block-list\">\n<li>Bonne gestion de la croissance, du d\u00e9veloppement et de la nutrition des levures.<\/li>\n\n\n\n<li>Bonne gestion de la temp\u00e9rature.<\/li>\n\n\n\n<li>Adapter le moment d\u2019ensemencement en fonction du sulfitage initial du mo\u00fbt : &lt; 5 g\/hL : ensemencement \u00e0 24 h, 5 \u00e0 8 g\/hL : ensemencement \u00e0 48 h, 8 g\/hL : ensemencement \u00e0 72 h.<\/li>\n\n\n\n<li>Surveiller r\u00e9guli\u00e8rement l&rsquo;acide malique pendant le dernier tiers de la fermentation alcoolique.<\/li>\n<\/ul>\n<\/div>\n\n\n\n<div class=\"wp-block-column is-layout-flow wp-block-column-is-layout-flow\" style=\"flex-basis:2%\"><\/div>\n\n\n\n<div class=\"wp-block-column is-layout-flow wp-block-column-is-layout-flow\">\n<ul class=\"wp-block-list\">\n<li>Sur les blancs tr\u00e8s acides, tenir compte de la baisse de pH naturelle au d\u00e9but de fermentation et du m\u00e9tabolisme de l\u2019azote par les levures. Le pH remonte ensuite avec la production d\u2019alcool. Dans ce cas, il est pr\u00e9f\u00e9rable d\u2019ensemencer en bact\u00e9ries autour de 50 % de fermentation alcoolique accomplie.  <\/li>\n\n\n\n<li>Ne pas mettre en \u0153uvre la co-inoculation sur des raisins alt\u00e9r\u00e9s.<\/li>\n<\/ul>\n<\/div>\n<\/div>\n\n<div style=\"height:50px\" aria-hidden=\"true\" class=\"wp-block-spacer\"><\/div>\n\n<div class=\"wp-block-columns are-vertically-aligned-top is-layout-flex wp-container-core-columns-is-layout-9d6595d7 wp-block-columns-is-layout-flex\">\n<div class=\"wp-block-column is-vertically-aligned-top is-layout-flow wp-block-column-is-layout-flow\" style=\"flex-basis:40%\">\n<h1 class=\"wp-block-heading has-text-color has-large-font-size\" style=\"color:#00205c\">D\u00e9couvrez la gamme de bact\u00e9ries ANCHOR<\/h1>\n\n\n\n<div style=\"height:20px\" aria-hidden=\"true\" class=\"wp-block-spacer\"><\/div>\n\n\n\n<div class=\"wp-block-buttons is-content-justification-left is-layout-flex wp-container-core-buttons-is-layout-fdcfc74e wp-block-buttons-is-layout-flex\">\n<div class=\"wp-block-button\"><a class=\"wp-block-button__link has-background wp-element-button\" href=\"https:\/\/oenobrands.com\/product\/bacteria\/anchor-bacteria\/\" style=\"background-color:#00205c\">ANCHOR<\/a><\/div>\n<\/div>\n\n\n<div class=\"wp-block-image\">\n<figure class=\"alignright size-medium\"><img loading=\"lazy\" decoding=\"async\" width=\"300\" height=\"93\" src=\"https:\/\/oenobrands.com\/wp-content\/uploads\/2023\/04\/Oenobrands-Anchor-logo-1-300x93.png\" alt=\"Anchor Oenology logo\" class=\"wp-image-2447\" srcset=\"https:\/\/oenobrands.com\/wp-content\/uploads\/2023\/04\/Oenobrands-Anchor-logo-1-300x93.png 300w, https:\/\/oenobrands.com\/wp-content\/uploads\/2023\/04\/Oenobrands-Anchor-logo-1-768x238.png 768w, https:\/\/oenobrands.com\/wp-content\/uploads\/2023\/04\/Oenobrands-Anchor-logo-1.png 776w\" sizes=\"auto, (max-width: 300px) 100vw, 300px\" \/><\/figure>\n<\/div><\/div>\n\n\n\n<div class=\"wp-block-column is-vertically-aligned-top is-layout-flow wp-block-column-is-layout-flow\" style=\"flex-basis:10%\"><\/div>\n\n\n\n<div class=\"wp-block-column is-vertically-aligned-top is-layout-flow wp-block-column-is-layout-flow\" style=\"flex-basis:40%\">\n<h1 class=\"wp-block-heading has-text-color has-large-font-size\" style=\"color:#6f7271\">D\u00e9couvrez la gamme de bact\u00e9ries<\/h1>\n\n\n\n<div style=\"height:20px\" aria-hidden=\"true\" class=\"wp-block-spacer\"><\/div>\n\n\n\n<div class=\"wp-block-buttons is-content-justification-left is-layout-flex wp-container-core-buttons-is-layout-fdcfc74e wp-block-buttons-is-layout-flex\">\n<div class=\"wp-block-button\"><a class=\"wp-block-button__link has-background wp-element-button\" href=\"https:\/\/oenobrands.com\/product\/bacteria\/maloferm\/\" style=\"background-color:#3d3935\" target=\"_blank\" rel=\"noreferrer noopener\">MALOFERM<\/a><\/div>\n<\/div>\n\n\n<div class=\"wp-block-image\">\n<figure class=\"alignright size-medium\"><img loading=\"lazy\" decoding=\"async\" width=\"300\" height=\"60\" src=\"http:\/\/oenobrands.com\/wp-content\/uploads\/2023\/05\/MALOFERM-wine-bacteria-malolactic-bacterie-vin-couleur-350-300x60.png\" alt=\"MALOFERM-wine-bacteria-malolactic-bacterie-vin-couleur-350\" class=\"wp-image-3680\" srcset=\"https:\/\/oenobrands.com\/wp-content\/uploads\/2023\/05\/MALOFERM-wine-bacteria-malolactic-bacterie-vin-couleur-350-300x60.png 300w, https:\/\/oenobrands.com\/wp-content\/uploads\/2023\/05\/MALOFERM-wine-bacteria-malolactic-bacterie-vin-couleur-350.png 350w\" sizes=\"auto, (max-width: 300px) 100vw, 300px\" \/><\/figure>\n<\/div><\/div>\n<\/div>\n\n<div style=\"height:50px\" aria-hidden=\"true\" class=\"wp-block-spacer\"><\/div>\n\n<div class=\"wp-block-group\"><div class=\"wp-block-group__inner-container is-layout-constrained wp-block-group-is-layout-constrained\">\n<div class=\"wp-block-group\"><div class=\"wp-block-group__inner-container is-layout-constrained wp-block-group-is-layout-constrained\">\n<div class=\"wp-block-group\"><div class=\"wp-block-group__inner-container is-layout-constrained wp-block-group-is-layout-constrained\">\n<hr class=\"wp-block-separator has-text-color has-alpha-channel-opacity has-background\" style=\"background-color:#8a918e;color:#8a918e\"\/>\n<\/div><\/div>\n<\/div><\/div>\n\n\n\n<div class=\"wp-block-group\"><div class=\"wp-block-group__inner-container is-layout-constrained wp-block-group-is-layout-constrained\">\n<div class=\"wp-block-group\"><div class=\"wp-block-group__inner-container is-layout-constrained wp-block-group-is-layout-constrained\">\n<h2 class=\"wp-block-heading\"><strong>Et vous, qu&rsquo;en pensez-vous ?<\/strong><\/h2>\n<\/div><\/div>\n<\/div><\/div>\n\n\n\n<div class=\"wp-block-group\"><div class=\"wp-block-group__inner-container is-layout-constrained wp-block-group-is-layout-constrained\">\n<div class=\"wp-block-group\"><div class=\"wp-block-group__inner-container is-layout-constrained wp-block-group-is-layout-constrained\">\n<p>Avec une \u00e9quipe hautement qualifi\u00e9e d&rsquo;experts dans de nombreux domaines, Oenobrands s&rsquo;efforce d\u2019offrir aux vinificateurs des solutions nouvelles et scientifiquement solides, tout en mettant en avant les synergies positives entre ses produits.<\/p>\n<\/div><\/div>\n\n\n\n<div class=\"wp-block-group\"><div class=\"wp-block-group__inner-container is-layout-constrained wp-block-group-is-layout-constrained\">\n<div class=\"wp-block-group\"><div class=\"wp-block-group__inner-container is-layout-constrained wp-block-group-is-layout-constrained\">\n<div class=\"wp-block-columns is-layout-flex wp-container-core-columns-is-layout-9d6595d7 wp-block-columns-is-layout-flex\">\n<div class=\"wp-block-column is-vertically-aligned-center is-layout-flow wp-block-column-is-layout-flow\">\n<div class=\"wp-block-group wp-container-content-9cfa9a5a is-content-justification-left\"><div class=\"wp-block-group__inner-container is-layout-constrained wp-container-core-group-is-layout-8c890d92 wp-block-group-is-layout-constrained\">\n<p class=\"has-text-align-left\" style=\"font-size:0.9rem;font-style:normal;font-weight:600;letter-spacing:1px;text-transform:uppercase\">Trouvez votre solution ou produit<\/p>\n\n\n<form role=\"search\" method=\"get\" action=\"https:\/\/oenobrands.com\/fr\/\" class=\"wp-block-search__button-outside wp-block-search__icon-button wp-block-search\"    ><label class=\"wp-block-search__label screen-reader-text\" for=\"wp-block-search__input-1\" >Recherche<\/label><div class=\"wp-block-search__inside-wrapper\"  style=\"width: 100%\"><input class=\"wp-block-search__input\" id=\"wp-block-search__input-1\" placeholder=\"\" value=\"\" type=\"search\" name=\"s\" required  style=\"border-width: 1px\"\/><button aria-label=\"Recherche\" class=\"wp-block-search__button has-icon wp-element-button\" type=\"submit\"  style=\"border-width: 1px\"><svg class=\"search-icon\" viewBox=\"0 0 24 24\" width=\"24\" height=\"24\">\n\t\t\t\t\t<path d=\"M13 5c-3.3 0-6 2.7-6 6 0 1.4.5 2.7 1.3 3.7l-3.8 3.8 1.1 1.1 3.8-3.8c1 .8 2.3 1.3 3.7 1.3 3.3 0 6-2.7 6-6S16.3 5 13 5zm0 10.5c-2.5 0-4.5-2-4.5-4.5s2-4.5 4.5-4.5 4.5 2 4.5 4.5-2 4.5-4.5 4.5z\"><\/path>\n\t\t\t\t<\/svg><\/button><\/div><\/form><\/div><\/div>\n<\/div>\n\n\n\n<div class=\"wp-block-column is-layout-flow wp-block-column-is-layout-flow\" style=\"flex-basis:3px\"><\/div>\n\n\n\n<div class=\"wp-block-column is-layout-flow wp-block-column-is-layout-flow\">\n<p class=\"has-text-align-center\">Parlez-nous de vos difficult\u00e9s, et nous vous r\u00e9pondrons.<\/p>\n\n\n\n<div class=\"wp-block-buttons is-content-justification-center is-layout-flex wp-container-core-buttons-is-layout-16018d1d wp-block-buttons-is-layout-flex\">\n<div class=\"wp-block-button is-style-fill\"><a class=\"wp-block-button__link wp-element-button\" href=\"https:\/\/oenobrands.com\/contact-us\/\" target=\"_blank\" rel=\"noreferrer noopener\">contactez-nous<\/a><\/div>\n<\/div>\n<\/div>\n<\/div>\n<\/div><\/div>\n<\/div><\/div>\n<\/div><\/div>\n<\/div><\/div>\n\n<div style=\"height:50px\" aria-hidden=\"true\" class=\"wp-block-spacer\"><\/div>\n","protected":false},"excerpt":{"rendered":"<p>Qu\u2019est-ce que la co-inoculation en fermentation malolactique ? La co-inoculation en fermentation malolactique consiste [&hellip;]<\/p>\n","protected":false},"author":3,"featured_media":0,"parent":13952,"menu_order":1,"comment_status":"closed","ping_status":"closed","template":"","meta":{"_acf_changed":false,"_seopress_robots_primary_cat":"0","_seopress_titles_title":"","_seopress_titles_desc":"","_seopress_robots_index":"","footnotes":""},"class_list":["post-13992","page","type-page","status-publish"],"acf":[],"_links":{"self":[{"href":"https:\/\/oenobrands.com\/fr\/wp-json\/wp\/v2\/pages\/13992","targetHints":{"allow":["GET"]}}],"collection":[{"href":"https:\/\/oenobrands.com\/fr\/wp-json\/wp\/v2\/pages"}],"about":[{"href":"https:\/\/oenobrands.com\/fr\/wp-json\/wp\/v2\/types\/page"}],"author":[{"embeddable":true,"href":"https:\/\/oenobrands.com\/fr\/wp-json\/wp\/v2\/users\/3"}],"replies":[{"embeddable":true,"href":"https:\/\/oenobrands.com\/fr\/wp-json\/wp\/v2\/comments?post=13992"}],"version-history":[{"count":0,"href":"https:\/\/oenobrands.com\/fr\/wp-json\/wp\/v2\/pages\/13992\/revisions"}],"up":[{"embeddable":true,"href":"https:\/\/oenobrands.com\/fr\/wp-json\/wp\/v2\/pages\/13952"}],"wp:attachment":[{"href":"https:\/\/oenobrands.com\/fr\/wp-json\/wp\/v2\/media?parent=13992"}],"curies":[{"name":"wp","href":"https:\/\/api.w.org\/{rel}","templated":true}]}}