{"id":13991,"date":"2022-10-20T10:33:19","date_gmt":"2022-10-20T08:33:19","guid":{"rendered":"https:\/\/oenobrands.com\/solution\/fermentation-malolactique\/fml-sequentielle\/"},"modified":"2025-06-13T21:42:39","modified_gmt":"2025-06-13T19:42:39","slug":"fml-sequentielle","status":"publish","type":"page","link":"https:\/\/oenobrands.com\/fr\/solution\/fermentation-malolactique\/fml-sequentielle\/","title":{"rendered":"FML s\u00e9quentielle"},"content":{"rendered":"\n<div style=\"height:50px\" aria-hidden=\"true\" class=\"wp-block-spacer\"><\/div>\n\n<h2 class=\"wp-block-heading\"><strong>S\u00e9curisez votre FML s\u00e9quentielle pour garantir stabilit\u00e9 et finesse sensorielle<\/strong><\/h2>\n\n<div style=\"height:30px\" aria-hidden=\"true\" class=\"wp-block-spacer\"><\/div>\n\n<p><strong>Apr\u00e8s la fermentation alcoolique, la fermentation malolactique (FML) peut se r\u00e9v\u00e9ler complexe.<\/strong><br\/>Un pH bas, un degr\u00e9 alcoolique \u00e9lev\u00e9, une carence nutritionnelle ou encore la pr\u00e9sence d\u2019inhibiteurs fermentaires peuvent compromettre la r\u00e9ussite des bact\u00e9ries lactiques.<\/p>\n\n<p>Chez Oenobrands, nous proposons une gamme compl\u00e8te de bact\u00e9ries et de nutriments sp\u00e9cifiquement s\u00e9lectionn\u00e9s pour la FML s\u00e9quentielle. Que votre priorit\u00e9 soit la pr\u00e9cision aromatique ou la s\u00e9curit\u00e9 fermentaire, vous trouverez ici la solution adapt\u00e9e.<\/p>\n\n<p><strong>D\u00e9couvrez nos souches recommand\u00e9es et apprenez comment optimiser votre FML s\u00e9quentielle.<\/strong><\/p>\n\n<div style=\"height:50px\" aria-hidden=\"true\" class=\"wp-block-spacer\"><\/div>\n\n<h2 class=\"wp-block-heading\"><strong>Quelles bact\u00e9ries pour une FML s\u00e9quentielle ?<\/strong><\/h2>\n\n<div style=\"height:30px\" aria-hidden=\"true\" class=\"wp-block-spacer\"><\/div>\n\n<p>Choisissez votre souche en fonction du style de vin et des conditions de fermentation. Toutes nos souches sont des <em>Oenococcus oeni<\/em>, rigoureusement s\u00e9lectionn\u00e9es pour leur fiabilit\u00e9 \u0153nologique.<\/p>\n\n<div class=\"wp-block-columns is-layout-flex wp-container-core-columns-is-layout-9d6595d7 wp-block-columns-is-layout-flex\">\n<div class=\"wp-block-column is-vertically-aligned-top is-layout-flow wp-block-column-is-layout-flow\">\n<p><strong>Gamme Anchor SOLO<\/strong><\/p>\n\n\n\n<ul class=\"wp-block-list\">\n<li><strong>Solo<sup>\u00ae<\/sup> Select<\/strong><br\/>FML fiable avec expression de fruits noirs et notes \u00e9pic\u00e9es. Id\u00e9al pour les vins rouges charpent\u00e9s. Id\u00e9al pour les vins rouges charpent\u00e9s.<\/li>\n\n\n\n<li><strong>Solo<sup>\u00ae<\/sup> Aurora <span style=\"color: #ffffff; background-color: #cf1b2b; font-size: 0.7em; padding: 2px 6px; border-radius: 3px; margin-left: 5px;\">NOUVEAU<\/span><\/strong><br\/>Apporte des fruits rouges frais, du volume et de la vivacit\u00e9. Parfait pour des vins modernes et expressifs.<\/li>\n<\/ul>\n\n\n\n<div class=\"wp-block-buttons is-content-justification-center is-layout-flex wp-container-core-buttons-is-layout-16018d1d wp-block-buttons-is-layout-flex\">\n<div class=\"wp-block-button\"><a class=\"wp-block-button__link wp-element-button\" href=\"https:\/\/oenobrands.com\/product\/bacteria\/anchor-bacteria\/solo-select\/\" target=\"_blank\" rel=\"noreferrer noopener\">SOLO Select<\/a><\/div>\n\n\n\n<div class=\"wp-block-button\"><a class=\"wp-block-button__link wp-element-button\" href=\"https:\/\/oenobrands.com\/product\/bacteria\/anchor-bacteria\/solo-aurora\/\" target=\"_blank\" rel=\"noreferrer noopener\">SOLO Aurora<\/a><\/div>\n<\/div>\n<\/div>\n\n\n\n<div class=\"wp-block-column is-vertically-aligned-center is-layout-flow wp-block-column-is-layout-flow\" style=\"flex-basis:2%\"><\/div>\n\n\n\n<div class=\"wp-block-column is-vertically-aligned-top is-layout-flow wp-block-column-is-layout-flow\">\n<p><strong>Gamme MALOFERM<\/strong><\/p>\n\n\n\n<ul class=\"wp-block-list\">\n<li><strong>Maloferm<sup>\u00ae<\/sup> Fruity<\/strong><br\/>Accentue le fruit\u00e9. Fonctionne m\u00eame \u00e0 pH bas.<br\/><\/li>\n\n\n\n<li><strong>Maloferm<sup>\u00ae<\/sup> Bouquet<\/strong><br\/>D\u00e9veloppe la complexit\u00e9 florale, id\u00e9al pour les vins d\u00e9licats.<br\/><\/li>\n\n\n\n<li><strong>Maloferm<sup>\u00ae<\/sup> Vintage<\/strong><br\/>Tol\u00e9rance \u00e9lev\u00e9e \u00e0 l\u2019alcool. Parfait pour les rouges issus de climats chauds.<br\/><\/li>\n\n\n\n<li><strong>Maloferm<sup>\u00ae<\/sup> Plus<\/strong><br\/>Souche robuste et polyvalente, elle assure une fermentation s\u00e9curis\u00e9e et des vins \u00e9quilibr\u00e9s.<\/li>\n<\/ul>\n\n\n\n<div class=\"wp-block-columns is-layout-flex wp-container-core-columns-is-layout-9d6595d7 wp-block-columns-is-layout-flex\">\n<div class=\"wp-block-column is-layout-flow wp-block-column-is-layout-flow\">\n<div class=\"wp-block-buttons is-content-justification-center is-layout-flex wp-container-core-buttons-is-layout-16018d1d wp-block-buttons-is-layout-flex\">\n<div class=\"wp-block-button\"><a class=\"wp-block-button__link wp-element-button\" href=\"https:\/\/oenobrands.com\/product\/bacteria\/maloferm\/bouquet\/\" target=\"_blank\" rel=\"noreferrer noopener\">Maloferm Bouquet<\/a><\/div>\n\n\n\n<div class=\"wp-block-button\"><a class=\"wp-block-button__link wp-element-button\" href=\"https:\/\/oenobrands.com\/product\/bacteria\/maloferm\/plus\/\" target=\"_blank\" rel=\"noreferrer noopener\">Maloferm Plus<\/a><\/div>\n<\/div>\n<\/div>\n\n\n\n<div class=\"wp-block-column is-layout-flow wp-block-column-is-layout-flow\">\n<div class=\"wp-block-buttons is-content-justification-center is-layout-flex wp-container-core-buttons-is-layout-16018d1d wp-block-buttons-is-layout-flex\">\n<div class=\"wp-block-button\"><a class=\"wp-block-button__link wp-element-button\" href=\"https:\/\/oenobrands.com\/product\/bacteria\/maloferm\/fruity\/\" target=\"_blank\" rel=\"noreferrer noopener\">Maloferm Fruity<\/a><\/div>\n\n\n\n<div class=\"wp-block-button\"><a class=\"wp-block-button__link wp-element-button\" href=\"https:\/\/oenobrands.com\/product\/bacteria\/maloferm\/vintage\/\" target=\"_blank\" rel=\"noreferrer noopener\">Maloferm Vintage<\/a><\/div>\n<\/div>\n<\/div>\n<\/div>\n<\/div>\n<\/div>\n\n<div style=\"height:30px\" aria-hidden=\"true\" class=\"wp-block-spacer\"><\/div>\n\n<h2 class=\"wp-block-heading\"><strong>La FML, ce n\u2019est pas seulement finir la malo.<\/strong><\/h2>\n\n<div style=\"height:30px\" aria-hidden=\"true\" class=\"wp-block-spacer\"><\/div>\n\n<p>La souche que vous choisissez influence aussi le profil sensoriel du vin.<\/p>\n\n<p>Nos bact\u00e9ries s\u00e9lectionn\u00e9es ne se contentent pas de r\u00e9aliser la FML. Elles contribuent \u00e9galement \u00e0 enrichir le profil aromatique et gustatif du vin.<\/p>\n\n<div style=\"height:30px\" aria-hidden=\"true\" class=\"wp-block-spacer\"><\/div>\n\n<div class=\"wp-block-columns are-vertically-aligned-top is-layout-flex wp-container-core-columns-is-layout-9d6595d7 wp-block-columns-is-layout-flex\">\n<div class=\"wp-block-column is-vertically-aligned-top is-layout-flow wp-block-column-is-layout-flow\"><div class=\"wp-block-image is-style-zoooom\">\n<figure class=\"aligncenter size-full is-resized\"><img alt=\"\" loading=\"lazy\" decoding=\"async\" width=\"738\" height=\"549\" src=\"http:\/\/oenobrands.com\/wp-content\/uploads\/2025\/06\/EN-solution-mlf-sequential-anchor-solo-aurora-select-fig-2-vitec-1.png\" alt=\"\" class=\"wp-image-17456\" style=\"width:auto;height:200px\" srcset=\"https:\/\/oenobrands.com\/wp-content\/uploads\/2025\/06\/EN-solution-mlf-sequential-anchor-solo-aurora-select-fig-2-vitec-1.png 738w, https:\/\/oenobrands.com\/wp-content\/uploads\/2025\/06\/EN-solution-mlf-sequential-anchor-solo-aurora-select-fig-2-vitec-1-300x223.png 300w\" sizes=\"auto, (max-width: 738px) 100vw, 738px\" \/><figcaption class=\"wp-element-caption\">Analyse sensorielle: Tempranillo, Vitec, Espagne (mill\u00e9sime 2023).<\/figcaption><\/figure>\n<\/div>\n\n<div class=\"wp-block-image is-style-zoooom\">\n<figure class=\"aligncenter size-full is-resized\"><img alt=\"\" loading=\"lazy\" decoding=\"async\" width=\"768\" height=\"586\" src=\"http:\/\/oenobrands.com\/wp-content\/uploads\/2025\/06\/EN-solution-mlf-sequential-anchor-solo-aurora-select-fig-1.png\" alt=\"\" class=\"wp-image-17447\" style=\"width:auto;height:201px\" srcset=\"https:\/\/oenobrands.com\/wp-content\/uploads\/2025\/06\/EN-solution-mlf-sequential-anchor-solo-aurora-select-fig-1.png 768w, https:\/\/oenobrands.com\/wp-content\/uploads\/2025\/06\/EN-solution-mlf-sequential-anchor-solo-aurora-select-fig-1-300x229.png 300w\" sizes=\"auto, (max-width: 768px) 100vw, 768px\" \/><figcaption class=\"wp-element-caption\">Analyses sensorielles. IFV, Merlot, Bordeaux (mill\u00e9sime 2022).<\/figcaption><\/figure>\n<\/div><\/div>\n\n\n\n<div class=\"wp-block-column is-vertically-aligned-top is-layout-flow wp-block-column-is-layout-flow\"><div class=\"wp-block-image is-style-zoooom\">\n<figure class=\"aligncenter size-full is-resized\"><img alt=\"\" loading=\"lazy\" decoding=\"async\" width=\"520\" height=\"451\" src=\"https:\/\/oenobrands.com\/wp-content\/uploads\/2024\/02\/MLF-seq-1.png\" alt=\"\" class=\"wp-image-6037\" style=\"width:250px\" srcset=\"https:\/\/oenobrands.com\/wp-content\/uploads\/2024\/02\/MLF-seq-1.png 520w, https:\/\/oenobrands.com\/wp-content\/uploads\/2024\/02\/MLF-seq-1-300x260.png 300w\" sizes=\"auto, (max-width: 520px) 100vw, 520px\" \/><figcaption class=\"wp-element-caption\">Fruit\u00e9 renforc\u00e9 avec <strong>Maloferm Bouquet<\/strong> (panel Tempranillo, Espagne) <\/figcaption><\/figure>\n<\/div>\n\n<div class=\"wp-block-image is-style-zoooom\">\n<figure class=\"aligncenter size-full is-resized\"><img alt=\"\" loading=\"lazy\" decoding=\"async\" width=\"769\" height=\"409\" src=\"http:\/\/oenobrands.com\/wp-content\/uploads\/2025\/06\/EN-solution-mlf-sequential-maloferm-fruity-aroma-total.png\" alt=\"\" class=\"wp-image-17462\" style=\"width:250px\" srcset=\"https:\/\/oenobrands.com\/wp-content\/uploads\/2025\/06\/EN-solution-mlf-sequential-maloferm-fruity-aroma-total.png 769w, https:\/\/oenobrands.com\/wp-content\/uploads\/2025\/06\/EN-solution-mlf-sequential-maloferm-fruity-aroma-total-300x160.png 300w\" sizes=\"auto, (max-width: 769px) 100vw, 769px\" \/><figcaption class=\"wp-element-caption\">Merlot fran\u00e7ais en FML s\u00e9quentielle. Concentration aromatique totale (esters, norisopr\u00e9no\u00efdes, terp\u00e9nols \u2013 \u00b5g\/L)<\/figcaption><\/figure>\n<\/div><\/div>\n\n\n\n<div class=\"wp-block-column is-vertically-aligned-top is-layout-flow wp-block-column-is-layout-flow\"><div class=\"wp-block-image is-style-zoooom\">\n<figure class=\"aligncenter size-full is-resized\"><img alt=\"\" loading=\"lazy\" decoding=\"async\" width=\"781\" height=\"597\" src=\"http:\/\/oenobrands.com\/wp-content\/uploads\/2025\/06\/EN-solution-mlf-sequential-maloferm-vintage-aroma-total.png\" alt=\"\" class=\"wp-image-17471\" style=\"width:auto;height:200px\" srcset=\"https:\/\/oenobrands.com\/wp-content\/uploads\/2025\/06\/EN-solution-mlf-sequential-maloferm-vintage-aroma-total.png 781w, https:\/\/oenobrands.com\/wp-content\/uploads\/2025\/06\/EN-solution-mlf-sequential-maloferm-vintage-aroma-total-300x229.png 300w, https:\/\/oenobrands.com\/wp-content\/uploads\/2025\/06\/EN-solution-mlf-sequential-maloferm-vintage-aroma-total-768x587.png 768w\" sizes=\"auto, (max-width: 781px) 100vw, 781px\" \/><figcaption class=\"wp-element-caption\">Am\u00e9lioration gustative observ\u00e9e avec <strong>Maloferm Vintage<\/strong> (panel sensoriel Tempranillo, Espagne)<\/figcaption><\/figure>\n<\/div><\/div>\n<\/div>\n\n<div style=\"height:50px\" aria-hidden=\"true\" class=\"wp-block-spacer\"><\/div>\n\n<h2 class=\"wp-block-heading\"><strong>Le soutien nutritionnel est essentiel<\/strong><\/h2>\n\n<div style=\"height:50px\" aria-hidden=\"true\" class=\"wp-block-spacer\"><\/div>\n\n<p>Ne laissez pas vos bact\u00e9ries en difficult\u00e9. La FML s\u00e9quentielle se d\u00e9roule dans un environnement difficile, pauvre en nutriments et potentiellement inhibiteur.<\/p>\n\n<div class=\"wp-block-columns is-layout-flex wp-container-core-columns-is-layout-9d6595d7 wp-block-columns-is-layout-flex\">\n<div class=\"wp-block-column is-vertically-aligned-center is-layout-flow wp-block-column-is-layout-flow\">\n<p><strong><span style=\"color: #ffffff; background-color: #cf1b2b; font-size: 0.7em; padding: 2px 6px; border-radius: 3px; margin-left: 5px;\">NOUVEAU<\/span> Maxaferm<sup>\u00ae<\/sup> ML Force<\/strong><\/p>\n\n\n\n<p>Un nutriment innovant con\u00e7u pour <em>O. oeni<\/em>, int\u00e9grant :<br\/>\u2022 Des peptides et vitamines issus de levures non-<em>Saccharomyces <\/em>(<em>Cyberlindnera jadinii<\/em>)<br\/>\u2022 Des composants pari\u00e9taux capables d\u2019adsorber les acides gras inhibiteurs<br\/>\u2022 Une biodisponibilit\u00e9 optimis\u00e9e, m\u00eame \u00e0 basse temp\u00e9rature<\/p>\n\n\n\n<p><strong>Les essais d\u00e9montrent une FML plus rapide et plus compl\u00e8te avec Maxaferm ML Force, m\u00eame dans des vins difficiles.<\/strong><\/p>\n<\/div>\n\n\n\n<div class=\"wp-block-column is-vertically-aligned-center is-layout-flow wp-block-column-is-layout-flow\" style=\"flex-basis:30%\">\n<div class=\"wp-block-buttons is-content-justification-center is-layout-flex wp-container-core-buttons-is-layout-16018d1d wp-block-buttons-is-layout-flex\">\n<div class=\"wp-block-button\"><a class=\"wp-block-button__link wp-element-button\" href=\"https:\/\/oenobrands.com\/product\/yeast-derivate\/feel-safe\/maxaferm-ml-force\/\" target=\"_blank\" rel=\"noreferrer noopener\">Maxaferm ML Force<\/a><\/div>\n<\/div>\n<\/div>\n<\/div>\n\n<div style=\"height:30px\" aria-hidden=\"true\" class=\"wp-block-spacer\"><\/div>\n\n<h2 class=\"wp-block-heading\"><strong>Quelle solution choisir ?<\/strong><\/h2>\n\n<div style=\"height:30px\" aria-hidden=\"true\" class=\"wp-block-spacer\"><\/div>\n\n<p>Ce guide rapide vous aide \u00e0 choisir la <strong>solution la plus adapt\u00e9e \u00e0 votre FML s\u00e9quentielle, selon votre style de vin et vos conditions techniques.<\/strong><\/p>\n\n<div style=\"height:30px\" aria-hidden=\"true\" class=\"wp-block-spacer\"><\/div>\n\n<figure class=\"wp-block-table\"><table class=\"has-fixed-layout\"><thead><tr><th>Profil de vin ou contrainte<\/th><th class=\"has-text-align-center\" data-align=\"center\">Bact\u00e9ries recommand\u00e9es<\/th><th class=\"has-text-align-center\" data-align=\"center\">Nutriment sugg\u00e9r\u00e9<\/th><\/tr><\/thead><tbody><tr><td>Vins rouges fruit\u00e9s avec volume et fra\u00eecheur<\/td><td class=\"has-text-align-center\" data-align=\"center\"><span style=\"color: #ffffff; background-color: #cf1b2b; font-size: 0.7em; padding: 2px 6px; border-radius: 3px; margin-left: 5px;\">Nouveau<\/span> Solo Aurora ou Maloferm Fruity<\/td><td class=\"has-text-align-center\" data-align=\"center\">Maxaferm ML Force<\/td><\/tr><tr><td>Vins rouges structur\u00e9s, \u00e9pic\u00e9s ou charpent\u00e9s<\/td><td class=\"has-text-align-center\" data-align=\"center\">Solo Select ou Maloferm Vintage<\/td><td class=\"has-text-align-center\" data-align=\"center\">Maxaferm ML Force<\/td><\/tr><tr><td>Vins blancs d\u00e9licats \u00e0 expression florale<\/td><td class=\"has-text-align-center\" data-align=\"center\">Maloferm Bouquet<\/td><td class=\"has-text-align-center\" data-align=\"center\">Maxaferm ML Force<\/td><\/tr><tr><td>Conditions difficiles (pH bas, alcool \u00e9lev\u00e9, etc.)<\/td><td class=\"has-text-align-center\" data-align=\"center\">Maloferm Fruity, Vintage, ou Plus<\/td><td class=\"has-text-align-center\" data-align=\"center\">Maxaferm ML Force<\/td><\/tr><tr><td>Choix universel fiable, cin\u00e9tique s\u00e9curis\u00e9e<\/td><td class=\"has-text-align-center\" data-align=\"center\">Maloferm Plus<\/td><td class=\"has-text-align-center\" data-align=\"center\">Maxaferm ML Force<\/td><\/tr><\/tbody><\/table><\/figure>\n\n<div class=\"wp-block-columns are-vertically-aligned-center is-layout-flex wp-container-core-columns-is-layout-9d6595d7 wp-block-columns-is-layout-flex\">\n<div class=\"wp-block-column is-vertically-aligned-center is-layout-flow wp-block-column-is-layout-flow\">\n<div class=\"wp-block-buttons is-content-justification-center is-layout-flex wp-container-core-buttons-is-layout-16018d1d wp-block-buttons-is-layout-flex\">\n<div class=\"wp-block-button\"><a class=\"wp-block-button__link wp-element-button\" href=\"https:\/\/oenobrands.com\/product\/bacteria\/anchor-bacteria\/solo-select\/\" target=\"_blank\" rel=\"noreferrer noopener\">Solo Select<\/a><\/div>\n\n\n\n<div class=\"wp-block-button\"><a class=\"wp-block-button__link wp-element-button\" href=\"https:\/\/oenobrands.com\/product\/bacteria\/anchor-bacteria\/solo-aurora\/\">Solo Aurora<\/a><\/div>\n<\/div>\n<\/div>\n\n\n\n<div class=\"wp-block-column is-vertically-aligned-center is-layout-flow wp-block-column-is-layout-flow\">\n<div class=\"wp-block-buttons is-content-justification-center is-layout-flex wp-container-core-buttons-is-layout-16018d1d wp-block-buttons-is-layout-flex\">\n<div class=\"wp-block-button\"><a class=\"wp-block-button__link wp-element-button\" href=\"https:\/\/oenobrands.com\/product\/bacteria\/maloferm\/fruity\/\" target=\"_blank\" rel=\"noreferrer noopener\">Maloferm Fruity<\/a><\/div>\n\n\n\n<div class=\"wp-block-button\"><a class=\"wp-block-button__link wp-element-button\" href=\"https:\/\/oenobrands.com\/product\/bacteria\/maloferm\/vintage\/\" target=\"_blank\" rel=\"noreferrer noopener\">Maloferm Vintage<\/a><\/div>\n<\/div>\n<\/div>\n\n\n\n<div class=\"wp-block-column is-vertically-aligned-center is-layout-flow wp-block-column-is-layout-flow\">\n<div class=\"wp-block-buttons is-content-justification-center is-layout-flex wp-container-core-buttons-is-layout-16018d1d wp-block-buttons-is-layout-flex\">\n<div class=\"wp-block-button\"><a class=\"wp-block-button__link wp-element-button\" href=\"https:\/\/oenobrands.com\/product\/bacteria\/maloferm\/bouquet\/\" target=\"_blank\" rel=\"noreferrer noopener\">Maloferm Bouquet<\/a><\/div>\n\n\n\n<div class=\"wp-block-button\"><a class=\"wp-block-button__link wp-element-button\" href=\"https:\/\/oenobrands.com\/product\/bacteria\/maloferm\/plus\/\" target=\"_blank\" rel=\"noreferrer noopener\">Maloferm Plus<\/a><\/div>\n<\/div>\n<\/div>\n<\/div>\n\n<div style=\"height:50px\" aria-hidden=\"true\" class=\"wp-block-spacer\"><\/div>\n\n<div class=\"wp-block-columns are-vertically-aligned-top is-layout-flex wp-container-core-columns-is-layout-9d6595d7 wp-block-columns-is-layout-flex\">\n<div class=\"wp-block-column is-vertically-aligned-top is-layout-flow wp-block-column-is-layout-flow\" style=\"flex-basis:40%\">\n<h1 class=\"wp-block-heading has-text-color has-large-font-size\" style=\"color:#00205c\">D\u00e9couvrez la gamme de bact\u00e9ries ANCHOR<\/h1>\n\n\n\n<div style=\"height:20px\" aria-hidden=\"true\" class=\"wp-block-spacer\"><\/div>\n\n\n\n<div class=\"wp-block-buttons is-content-justification-left is-layout-flex wp-container-core-buttons-is-layout-fdcfc74e wp-block-buttons-is-layout-flex\">\n<div class=\"wp-block-button\"><a class=\"wp-block-button__link has-background wp-element-button\" href=\"https:\/\/oenobrands.com\/product\/bacteria\/anchor-bacteria\/\" style=\"background-color:#00205c\">ANCHOR<\/a><\/div>\n<\/div>\n\n\n<div class=\"wp-block-image\">\n<figure class=\"alignright size-medium\"><img loading=\"lazy\" decoding=\"async\" width=\"300\" height=\"93\" src=\"https:\/\/oenobrands.com\/wp-content\/uploads\/2023\/04\/Oenobrands-Anchor-logo-1-300x93.png\" alt=\"Anchor Oenology logo\" class=\"wp-image-2447\" srcset=\"https:\/\/oenobrands.com\/wp-content\/uploads\/2023\/04\/Oenobrands-Anchor-logo-1-300x93.png 300w, https:\/\/oenobrands.com\/wp-content\/uploads\/2023\/04\/Oenobrands-Anchor-logo-1-768x238.png 768w, https:\/\/oenobrands.com\/wp-content\/uploads\/2023\/04\/Oenobrands-Anchor-logo-1.png 776w\" sizes=\"auto, (max-width: 300px) 100vw, 300px\" \/><\/figure>\n<\/div><\/div>\n\n\n\n<div class=\"wp-block-column is-vertically-aligned-top is-layout-flow wp-block-column-is-layout-flow\" style=\"flex-basis:10%\"><\/div>\n\n\n\n<div class=\"wp-block-column is-vertically-aligned-top is-layout-flow wp-block-column-is-layout-flow\" style=\"flex-basis:40%\">\n<h1 class=\"wp-block-heading has-text-color has-large-font-size\" style=\"color:#6f7271\">D\u00e9couvrez la gamme de bact\u00e9ries<\/h1>\n\n\n\n<div style=\"height:20px\" aria-hidden=\"true\" class=\"wp-block-spacer\"><\/div>\n\n\n\n<div class=\"wp-block-buttons is-content-justification-left is-layout-flex wp-container-core-buttons-is-layout-fdcfc74e wp-block-buttons-is-layout-flex\">\n<div class=\"wp-block-button\"><a class=\"wp-block-button__link has-background wp-element-button\" href=\"https:\/\/oenobrands.com\/product\/bacteria\/maloferm\/\" style=\"background-color:#3d3935\" target=\"_blank\" rel=\"noreferrer noopener\">MALOFERM<\/a><\/div>\n<\/div>\n\n\n<div class=\"wp-block-image\">\n<figure class=\"alignright size-medium\"><img loading=\"lazy\" decoding=\"async\" width=\"300\" height=\"60\" src=\"http:\/\/oenobrands.com\/wp-content\/uploads\/2023\/05\/MALOFERM-wine-bacteria-malolactic-bacterie-vin-couleur-350-300x60.png\" alt=\"MALOFERM-wine-bacteria-malolactic-bacterie-vin-couleur-350\" class=\"wp-image-3680\" srcset=\"https:\/\/oenobrands.com\/wp-content\/uploads\/2023\/05\/MALOFERM-wine-bacteria-malolactic-bacterie-vin-couleur-350-300x60.png 300w, https:\/\/oenobrands.com\/wp-content\/uploads\/2023\/05\/MALOFERM-wine-bacteria-malolactic-bacterie-vin-couleur-350.png 350w\" sizes=\"auto, (max-width: 300px) 100vw, 300px\" \/><\/figure>\n<\/div><\/div>\n<\/div>\n\n<div style=\"height:50px\" aria-hidden=\"true\" class=\"wp-block-spacer\"><\/div>\n\n<div class=\"wp-block-group\"><div class=\"wp-block-group__inner-container is-layout-constrained wp-block-group-is-layout-constrained\">\n<div class=\"wp-block-group\"><div class=\"wp-block-group__inner-container is-layout-constrained wp-block-group-is-layout-constrained\">\n<div class=\"wp-block-group\"><div class=\"wp-block-group__inner-container is-layout-constrained wp-block-group-is-layout-constrained\">\n<hr class=\"wp-block-separator has-text-color has-alpha-channel-opacity has-background\" style=\"background-color:#8a918e;color:#8a918e\"\/>\n<\/div><\/div>\n<\/div><\/div>\n\n\n\n<div class=\"wp-block-group\"><div class=\"wp-block-group__inner-container is-layout-constrained wp-block-group-is-layout-constrained\">\n<div class=\"wp-block-group\"><div class=\"wp-block-group__inner-container is-layout-constrained wp-block-group-is-layout-constrained\">\n<h2 class=\"wp-block-heading\"><strong>Et vous, qu&rsquo;en pensez-vous ?<\/strong><\/h2>\n<\/div><\/div>\n<\/div><\/div>\n\n\n\n<div class=\"wp-block-group\"><div class=\"wp-block-group__inner-container is-layout-constrained wp-block-group-is-layout-constrained\">\n<div class=\"wp-block-group\"><div class=\"wp-block-group__inner-container is-layout-constrained wp-block-group-is-layout-constrained\">\n<p>Avec une \u00e9quipe hautement qualifi\u00e9e d&rsquo;experts dans de nombreux domaines, Oenobrands s&rsquo;efforce d\u2019offrir aux vinificateurs des solutions nouvelles et scientifiquement solides, tout en mettant en avant les synergies positives entre ses produits.<\/p>\n<\/div><\/div>\n\n\n\n<div class=\"wp-block-group\"><div class=\"wp-block-group__inner-container is-layout-constrained wp-block-group-is-layout-constrained\">\n<div class=\"wp-block-group\"><div class=\"wp-block-group__inner-container is-layout-constrained wp-block-group-is-layout-constrained\">\n<div class=\"wp-block-columns is-layout-flex wp-container-core-columns-is-layout-9d6595d7 wp-block-columns-is-layout-flex\">\n<div class=\"wp-block-column is-vertically-aligned-center is-layout-flow wp-block-column-is-layout-flow\">\n<div class=\"wp-block-group wp-container-content-9cfa9a5a is-content-justification-left\"><div class=\"wp-block-group__inner-container is-layout-constrained wp-container-core-group-is-layout-8c890d92 wp-block-group-is-layout-constrained\">\n<p class=\"has-text-align-left\" style=\"font-size:0.9rem;font-style:normal;font-weight:600;letter-spacing:1px;text-transform:uppercase\">Trouvez votre solution ou produit<\/p>\n\n\n<form role=\"search\" method=\"get\" action=\"https:\/\/oenobrands.com\/fr\/\" class=\"wp-block-search__button-outside wp-block-search__icon-button wp-block-search\"    ><label class=\"wp-block-search__label screen-reader-text\" for=\"wp-block-search__input-1\" >Recherche<\/label><div class=\"wp-block-search__inside-wrapper\"  style=\"width: 100%\"><input class=\"wp-block-search__input\" id=\"wp-block-search__input-1\" placeholder=\"\" value=\"\" type=\"search\" name=\"s\" required  style=\"border-width: 1px\"\/><button aria-label=\"Recherche\" class=\"wp-block-search__button has-icon wp-element-button\" type=\"submit\"  style=\"border-width: 1px\"><svg class=\"search-icon\" viewBox=\"0 0 24 24\" width=\"24\" height=\"24\">\n\t\t\t\t\t<path d=\"M13 5c-3.3 0-6 2.7-6 6 0 1.4.5 2.7 1.3 3.7l-3.8 3.8 1.1 1.1 3.8-3.8c1 .8 2.3 1.3 3.7 1.3 3.3 0 6-2.7 6-6S16.3 5 13 5zm0 10.5c-2.5 0-4.5-2-4.5-4.5s2-4.5 4.5-4.5 4.5 2 4.5 4.5-2 4.5-4.5 4.5z\"><\/path>\n\t\t\t\t<\/svg><\/button><\/div><\/form><\/div><\/div>\n<\/div>\n\n\n\n<div class=\"wp-block-column is-layout-flow wp-block-column-is-layout-flow\" style=\"flex-basis:3px\"><\/div>\n\n\n\n<div class=\"wp-block-column is-layout-flow wp-block-column-is-layout-flow\">\n<p class=\"has-text-align-center\">Parlez-nous de vos difficult\u00e9s, et nous vous r\u00e9pondrons.<\/p>\n\n\n\n<div class=\"wp-block-buttons is-content-justification-center is-layout-flex wp-container-core-buttons-is-layout-16018d1d wp-block-buttons-is-layout-flex\">\n<div class=\"wp-block-button is-style-fill\"><a class=\"wp-block-button__link wp-element-button\" href=\"https:\/\/oenobrands.com\/contact-us\/\" target=\"_blank\" rel=\"noreferrer noopener\">contactez-nous<\/a><\/div>\n<\/div>\n<\/div>\n<\/div>\n<\/div><\/div>\n<\/div><\/div>\n<\/div><\/div>\n<\/div><\/div>\n\n<div style=\"height:50px\" aria-hidden=\"true\" class=\"wp-block-spacer\"><\/div>\n","protected":false},"excerpt":{"rendered":"<p>S\u00e9curisez votre FML s\u00e9quentielle pour garantir stabilit\u00e9 et finesse sensorielle Apr\u00e8s la fermentation alcoolique, [&hellip;]<\/p>\n","protected":false},"author":3,"featured_media":0,"parent":13952,"menu_order":2,"comment_status":"closed","ping_status":"closed","template":"","meta":{"_acf_changed":false,"_seopress_robots_primary_cat":"0","_seopress_titles_title":"","_seopress_titles_desc":"","_seopress_robots_index":"","footnotes":""},"class_list":["post-13991","page","type-page","status-publish"],"acf":[],"_links":{"self":[{"href":"https:\/\/oenobrands.com\/fr\/wp-json\/wp\/v2\/pages\/13991","targetHints":{"allow":["GET"]}}],"collection":[{"href":"https:\/\/oenobrands.com\/fr\/wp-json\/wp\/v2\/pages"}],"about":[{"href":"https:\/\/oenobrands.com\/fr\/wp-json\/wp\/v2\/types\/page"}],"author":[{"embeddable":true,"href":"https:\/\/oenobrands.com\/fr\/wp-json\/wp\/v2\/users\/3"}],"replies":[{"embeddable":true,"href":"https:\/\/oenobrands.com\/fr\/wp-json\/wp\/v2\/comments?post=13991"}],"version-history":[{"count":0,"href":"https:\/\/oenobrands.com\/fr\/wp-json\/wp\/v2\/pages\/13991\/revisions"}],"up":[{"embeddable":true,"href":"https:\/\/oenobrands.com\/fr\/wp-json\/wp\/v2\/pages\/13952"}],"wp:attachment":[{"href":"https:\/\/oenobrands.com\/fr\/wp-json\/wp\/v2\/media?parent=13991"}],"curies":[{"name":"wp","href":"https:\/\/api.w.org\/{rel}","templated":true}]}}