{"id":13984,"date":"2022-10-19T23:18:08","date_gmt":"2022-10-19T21:18:08","guid":{"rendered":"https:\/\/oenobrands.com\/solution\/defauts-oenologiques\/reduction\/"},"modified":"2025-06-13T21:42:37","modified_gmt":"2025-06-13T19:42:37","slug":"reduction","status":"publish","type":"page","link":"https:\/\/oenobrands.com\/fr\/solution\/defauts-oenologiques\/reduction\/","title":{"rendered":"R\u00e9duction"},"content":{"rendered":"\n<div style=\"height:50px\" aria-hidden=\"true\" class=\"wp-block-spacer\"><\/div>\n\n\n\n<p><strong>En \u0153nologie, le terme \u00ab r\u00e9duction \u00bb d\u00e9signe un d\u00e9faut du vin caract\u00e9ris\u00e9 par la pr\u00e9sence d\u2019ar\u00f4mes soufr\u00e9s d\u00e9sagr\u00e9ables, tels que des odeurs d\u2019\u0153ufs pourris ou de caoutchouc br\u00fbl\u00e9<\/strong>. Un vin est dit \u00ab r\u00e9duit \u00bb lorsqu&rsquo;il pr\u00e9sente des niveaux de compos\u00e9s soufr\u00e9s volatils (CSV) sup\u00e9rieurs au seuil, comme le sulfure d&rsquo;hydrog\u00e8ne, les mercaptans et les disulfures. Certains compos\u00e9s soufr\u00e9s volatils, comme les disulfures (tel que le dim\u00e9thyl sulfure dans les vins rouges) et les thiols, sont \u00e9galement des compos\u00e9s aromatiques importants et positifs dans le vin.  <\/p>\n\n\n\n<p>Concernant les d\u00e9fauts de r\u00e9duction,<strong> le plus connu est le sulfure d&rsquo;hydrog\u00e8ne (H<sub>2<\/sub>S)<\/strong>. Il est produit par les levures pendant la fermentation en cas de manque d&rsquo;oxyg\u00e8ne ou de nutriments pour la levure. <\/p>\n\n\n\n<div style=\"height:30px\" aria-hidden=\"true\" class=\"wp-block-spacer\"><\/div>\n\n\n\n<h2 class=\"wp-block-heading\"><strong>Que dois-je faire pour \u00e9viter ou traiter les notes r\u00e9ductrices ?<\/strong><\/h2>\n\n\n\n<div style=\"height:30px\" aria-hidden=\"true\" class=\"wp-block-spacer\"><\/div>\n\n\n\n<div class=\"wp-block-columns is-layout-flex wp-container-core-columns-is-layout-9d6595d7 wp-block-columns-is-layout-flex\">\n<div class=\"wp-block-column has-background is-layout-flow wp-block-column-is-layout-flow\" style=\"background-color:#f7f7f7\">\n<h3 class=\"wp-block-heading\"><strong>Utilisation d&rsquo;un r\u00e9gime nutritionnel appropri\u00e9<\/strong><\/h3>\n\n\n\n<div style=\"height:30px\" aria-hidden=\"true\" class=\"wp-block-spacer\"><\/div>\n\n\n\n<p>L&rsquo;utilisation excessive de DAP (phosphate diammonique) a montr\u00e9 qu&rsquo;elle pouvait entra\u00eener la production de sulfure d&rsquo;hydrog\u00e8ne (H2S) et d&rsquo;autres compos\u00e9s soufr\u00e9s, causant ainsi des notes r\u00e9ductrices dans le vin. Pour pr\u00e9venir la r\u00e9duction li\u00e9e \u00e0 une utilisation excessive de DAP, les vinificateurs doivent mesurer le niveau de YAN (Azote Assimilable par les Levures) avant d&rsquo;envisager l&rsquo;ajout de DAP et ajuster la dose de DAP en cons\u00e9quence, si n\u00e9cessaire. En g\u00e9n\u00e9ral, un niveau de YAN de 140 \u00e0 220 mg\/L est consid\u00e9r\u00e9 comme ad\u00e9quat pour une fermentation compl\u00e8te et saine, sans besoin d\u2019ajouter du DAP.   <\/p>\n\n\n\n<div class=\"wp-block-buttons is-content-justification-center is-layout-flex wp-container-core-buttons-is-layout-16018d1d wp-block-buttons-is-layout-flex\">\n<div class=\"wp-block-button\"><a class=\"wp-block-button__link has-white-color has-text-color has-background wp-element-button\" href=\"https:\/\/oenobrands.com\/fr\/produit\/derive-de-levure\/feel-safe\/maxaferm\/\" style=\"background-color:#aca39a\" target=\"_blank\" rel=\"noreferrer noopener\">Maxaferm<\/a><\/div>\n<\/div>\n\n\n\n<div style=\"height:30px\" aria-hidden=\"true\" class=\"wp-block-spacer\"><\/div>\n\n\n\n<p>La suppl\u00e9mentation avec des nutriments organiques, tels que les <strong>produits Natuferm<\/strong>, devrait \u00eatre envisag\u00e9e lorsque le DAP n&rsquo;est pas n\u00e9cessaire et que vous souhaitez atteindre un autre niveau de soutien au m\u00e9tabolisme des levures, y compris l&rsquo;am\u00e9lioration de la qualit\u00e9 aromatique fournie par les levures.<\/p>\n\n\n\n<div style=\"height:30px\" aria-hidden=\"true\" class=\"wp-block-spacer\"><\/div>\n\n\n\n<div class=\"wp-block-buttons is-content-justification-center is-layout-flex wp-container-core-buttons-is-layout-16018d1d wp-block-buttons-is-layout-flex\">\n<div class=\"wp-block-button\"><a class=\"wp-block-button__link wp-element-button\" href=\"https:\/\/oenobrands.com\/fr\/produit\/derive-de-levure\/feel-safe\/\">gamme natuferm<\/a><\/div>\n<\/div>\n\n\n\n<div style=\"height:30px\" aria-hidden=\"true\" class=\"wp-block-spacer\"><\/div>\n<\/div>\n\n\n\n<div class=\"wp-block-column is-layout-flow wp-block-column-is-layout-flow\" style=\"flex-basis:1%\"><\/div>\n\n\n\n<div class=\"wp-block-column has-background is-layout-flow wp-block-column-is-layout-flow\" style=\"background-color:#f7f7f7\">\n<h3 class=\"wp-block-heading\"><strong>Oxyg\u00e9nation<\/strong><\/h3>\n\n\n\n<div style=\"height:30px\" aria-hidden=\"true\" class=\"wp-block-spacer\"><\/div>\n\n\n\n<p>L&rsquo;ajout d&rsquo;oxyg\u00e8ne est obligatoire pour la croissance des levures. <strong>Lorsque des odeurs de r\u00e9duction se manifestent, un soutirage avec de l&rsquo;air ou une macro-oxyg\u00e9nation<\/strong>, effectu\u00e9e pendant un certain temps en fonction de l&rsquo;intensit\u00e9 des ar\u00f4mes r\u00e9duits, peut d\u00e9composer des mol\u00e9cules comme le H<sub>2<\/sub>S, qui d\u00e9gage une odeur d&rsquo;\u0153uf pourri. <\/p>\n\n\n\n<p>Cependant, cette action est inefficace sur des compos\u00e9s plus complexes tels que l&rsquo;\u00e9than\u00e9thiol (odeur d&rsquo;oignon) ou le m\u00e9thionol (odeur de chou cuit). <\/p>\n\n\n\n<p>Pire, certains compos\u00e9s malodorants deviennent plus stables en s&rsquo;oxydant. D&rsquo;un autre c\u00f4t\u00e9, <strong>le contact avec l&rsquo;oxyg\u00e8ne peut entra\u00eener une perte de thiols vari\u00e9taux positifs ou m\u00eame des go\u00fbts d&rsquo;oxydation.<\/strong> Il existe donc un risque d\u2019obtenir un vin combinant les deux d\u00e9fauts, oxyd\u00e9 et r\u00e9duit, qui ne sont pas incompatibles.  <\/p>\n\n\n\n<div style=\"height:30px\" aria-hidden=\"true\" class=\"wp-block-spacer\"><\/div>\n\n\n\n<div class=\"wp-block-buttons is-content-justification-center is-layout-flex wp-container-core-buttons-is-layout-16018d1d wp-block-buttons-is-layout-flex\">\n<div class=\"wp-block-button\"><a class=\"wp-block-button__link has-white-color has-black-background-color has-text-color has-background wp-element-button\" href=\"https:\/\/oenobrands.com\/fr\/solution\/fermentation-alcoolique\/nutrition-des-levures\/\" target=\"_blank\" rel=\"noreferrer noopener\">Nutrition des levures<\/a><\/div>\n<\/div>\n\n\n\n<div style=\"height:35px\" aria-hidden=\"true\" class=\"wp-block-spacer\"><\/div>\n<\/div>\n<\/div>\n\n\n\n<div style=\"height:35px\" aria-hidden=\"true\" class=\"wp-block-spacer\"><\/div>\n\n\n\n<div class=\"wp-block-columns is-layout-flex wp-container-core-columns-is-layout-9d6595d7 wp-block-columns-is-layout-flex\">\n<div class=\"wp-block-column has-background is-layout-flow wp-block-column-is-layout-flow\" style=\"background-color:#f7f7f7\">\n<h3 class=\"wp-block-heading\"><strong>Le choix de la levure<\/strong><\/h3>\n\n\n\n<div style=\"height:30px\" aria-hidden=\"true\" class=\"wp-block-spacer\"><\/div>\n\n\n\n<p>L&rsquo;utilisation de souches de levure connues pour produire de faibles niveaux de H<sub>2<\/sub>S peut aider \u00e0 r\u00e9duire le risque de r\u00e9duction du vin lorsque vous savez que vous avez d\u00e9j\u00e0 rencontr\u00e9 ce probl\u00e8me et que vous connaissez bien votre vignoble.<\/p>\n\n\n\n<div style=\"height:30px\" aria-hidden=\"true\" class=\"wp-block-spacer\"><\/div>\n\n\n\n<div class=\"wp-block-buttons is-content-justification-center is-layout-flex wp-container-core-buttons-is-layout-16018d1d wp-block-buttons-is-layout-flex\">\n<div class=\"wp-block-button\"><a class=\"wp-block-button__link has-white-color has-black-background-color has-text-color has-background wp-element-button\" href=\"https:\/\/oenobrands.com\/fr\/solution\/fermentation-alcoolique\/choix-des-levures\/\">Choix des levures <\/a><\/div>\n<\/div>\n\n\n\n<div style=\"height:35px\" aria-hidden=\"true\" class=\"wp-block-spacer\"><\/div>\n<\/div>\n\n\n\n<div class=\"wp-block-column is-layout-flow wp-block-column-is-layout-flow\" style=\"flex-basis:1%\"><\/div>\n\n\n\n<div class=\"wp-block-column has-background is-layout-flow wp-block-column-is-layout-flow\" style=\"background-color:#f7f7f7\">\n<h3 class=\"wp-block-heading\"><strong>Utilisation de lies fra\u00eeches<\/strong><\/h3>\n\n\n\n<div style=\"height:30px\" aria-hidden=\"true\" class=\"wp-block-spacer\"><\/div>\n\n\n\n<p>Il est observ\u00e9 empiriquement que l&rsquo;ajout de lies fra\u00eeches de levure peut avoir un effet positif sur le vin en cas de r\u00e9duction. Bien que les m\u00e9canismes ne soient pas encore clairs, les chercheurs ont constat\u00e9 que cette pratique contribue \u00e0 l&rsquo;\u00e9limination de compos\u00e9s lourds (notamment le m\u00e9than\u00e9thiol et l&rsquo;\u00e9thanethiol). Nous avons remarqu\u00e9 que les vinificateurs utilisent \u00e9galement <strong>Extraferm D\u2019tox <\/strong>comme lies fra\u00eeches, notamment lorsqu&rsquo;ils souhaitent \u00e9viter toute contamination crois\u00e9e d&rsquo;odeurs ou de d\u00e9fauts. Cela permet de repartir \u00e0 z\u00e9ro, avec moins de risques que de recycler, ce qui peut \u00eatre risqu\u00e9.   <\/p>\n\n\n\n<div style=\"height:30px\" aria-hidden=\"true\" class=\"wp-block-spacer\"><\/div>\n\n\n\n<div class=\"wp-block-buttons is-content-justification-center is-layout-flex wp-container-core-buttons-is-layout-16018d1d wp-block-buttons-is-layout-flex\">\n<div class=\"wp-block-button\"><a class=\"wp-block-button__link wp-element-button\" href=\"https:\/\/oenobrands.com\/fr\/produit\/derive-de-levure\/feel-safe\/extraferm-dtox\/\">Extraferm D&rsquo;tox<\/a><\/div>\n<\/div>\n\n\n\n<div style=\"height:35px\" aria-hidden=\"true\" class=\"wp-block-spacer\"><\/div>\n<\/div>\n<\/div>\n\n\n\n<p class=\"has-background\" style=\"background-color:#f7f7f7\"><strong>Ajout de sulfate de cuivre ou d&rsquo;ions cuivre : <\/strong>ces compos\u00e9s peuvent se lier aux compos\u00e9s soufr\u00e9s et r\u00e9duire leur concentration. Cependant, il est important de noter que l&rsquo;ajout de cuivre peut \u00e9galement affecter le go\u00fbt et la couleur du vin, il doit donc \u00eatre utilis\u00e9 avec pr\u00e9caution et seulement en dernier recours. <\/p>\n\n\n\n<div style=\"height:50px\" aria-hidden=\"true\" class=\"wp-block-spacer\"><\/div>\n\n\n\n<div class=\"wp-block-group\"><div class=\"wp-block-group__inner-container is-layout-constrained wp-block-group-is-layout-constrained\">\n<div class=\"wp-block-group\"><div class=\"wp-block-group__inner-container is-layout-constrained wp-block-group-is-layout-constrained\">\n<div class=\"wp-block-group\"><div class=\"wp-block-group__inner-container is-layout-constrained wp-block-group-is-layout-constrained\">\n<hr class=\"wp-block-separator has-text-color has-alpha-channel-opacity has-background\" style=\"background-color:#8a918e;color:#8a918e\"\/>\n<\/div><\/div>\n<\/div><\/div>\n\n\n\n<div class=\"wp-block-group\"><div class=\"wp-block-group__inner-container is-layout-constrained wp-block-group-is-layout-constrained\">\n<div class=\"wp-block-group\"><div class=\"wp-block-group__inner-container is-layout-constrained wp-block-group-is-layout-constrained\">\n<h2 class=\"wp-block-heading\"><strong>Et vous, qu&rsquo;en pensez-vous ?<\/strong><\/h2>\n<\/div><\/div>\n<\/div><\/div>\n\n\n\n<div class=\"wp-block-group\"><div class=\"wp-block-group__inner-container is-layout-constrained wp-block-group-is-layout-constrained\">\n<div class=\"wp-block-group\"><div class=\"wp-block-group__inner-container is-layout-constrained wp-block-group-is-layout-constrained\">\n<p>Avec une \u00e9quipe hautement qualifi\u00e9e d&rsquo;experts dans de nombreux domaines, Oenobrands s&rsquo;efforce d\u2019offrir aux vinificateurs des solutions nouvelles et scientifiquement solides, tout en mettant en avant les synergies positives entre ses produits.<\/p>\n<\/div><\/div>\n\n\n\n<div class=\"wp-block-group\"><div class=\"wp-block-group__inner-container is-layout-constrained wp-block-group-is-layout-constrained\">\n<div class=\"wp-block-group\"><div class=\"wp-block-group__inner-container is-layout-constrained wp-block-group-is-layout-constrained\">\n<div class=\"wp-block-columns is-layout-flex wp-container-core-columns-is-layout-9d6595d7 wp-block-columns-is-layout-flex\">\n<div class=\"wp-block-column is-vertically-aligned-center is-layout-flow wp-block-column-is-layout-flow\">\n<div class=\"wp-block-group wp-container-content-9cfa9a5a is-content-justification-left\"><div class=\"wp-block-group__inner-container is-layout-constrained wp-container-core-group-is-layout-8c890d92 wp-block-group-is-layout-constrained\">\n<p class=\"has-text-align-left\" style=\"font-size:0.9rem;font-style:normal;font-weight:600;letter-spacing:1px;text-transform:uppercase\">Trouvez votre solution ou produit<\/p>\n\n\n<form role=\"search\" method=\"get\" action=\"https:\/\/oenobrands.com\/fr\/\" class=\"wp-block-search__button-outside wp-block-search__icon-button wp-block-search\"    ><label class=\"wp-block-search__label screen-reader-text\" for=\"wp-block-search__input-1\" >Search<\/label><div class=\"wp-block-search__inside-wrapper\"  style=\"width: 100%\"><input class=\"wp-block-search__input\" id=\"wp-block-search__input-1\" placeholder=\"\" value=\"\" type=\"search\" name=\"s\" required  style=\"border-width: 1px\"\/><button aria-label=\"Search\" class=\"wp-block-search__button has-icon wp-element-button\" type=\"submit\"  style=\"border-width: 1px\"><svg class=\"search-icon\" viewBox=\"0 0 24 24\" width=\"24\" height=\"24\">\n\t\t\t\t\t<path d=\"M13 5c-3.3 0-6 2.7-6 6 0 1.4.5 2.7 1.3 3.7l-3.8 3.8 1.1 1.1 3.8-3.8c1 .8 2.3 1.3 3.7 1.3 3.3 0 6-2.7 6-6S16.3 5 13 5zm0 10.5c-2.5 0-4.5-2-4.5-4.5s2-4.5 4.5-4.5 4.5 2 4.5 4.5-2 4.5-4.5 4.5z\"><\/path>\n\t\t\t\t<\/svg><\/button><\/div><\/form><\/div><\/div>\n<\/div>\n\n\n\n<div class=\"wp-block-column is-layout-flow wp-block-column-is-layout-flow\" style=\"flex-basis:3px\"><\/div>\n\n\n\n<div class=\"wp-block-column is-layout-flow wp-block-column-is-layout-flow\">\n<p class=\"has-text-align-center\">Parlez-nous de vos difficult\u00e9s, et nous vous r\u00e9pondrons.<\/p>\n\n\n\n<div class=\"wp-block-buttons is-content-justification-center is-layout-flex wp-container-core-buttons-is-layout-16018d1d wp-block-buttons-is-layout-flex\">\n<div class=\"wp-block-button is-style-fill\"><a class=\"wp-block-button__link wp-element-button\" href=\"https:\/\/oenobrands.com\/fr\/contactez-nous\/\" target=\"_blank\" rel=\"noreferrer noopener\">contactez-nous<\/a><\/div>\n<\/div>\n<\/div>\n<\/div>\n<\/div><\/div>\n<\/div><\/div>\n<\/div><\/div>\n<\/div><\/div>\n\n\n\n<div style=\"height:50px\" aria-hidden=\"true\" class=\"wp-block-spacer\"><\/div>\n","protected":false},"excerpt":{"rendered":"<p>En \u0153nologie, le terme \u00ab r\u00e9duction \u00bb d\u00e9signe un d\u00e9faut du vin caract\u00e9ris\u00e9 par [&hellip;]<\/p>\n","protected":false},"author":3,"featured_media":0,"parent":13970,"menu_order":1,"comment_status":"closed","ping_status":"closed","template":"","meta":{"_acf_changed":false,"_seopress_robots_primary_cat":"0","_seopress_titles_title":"","_seopress_titles_desc":"","_seopress_robots_index":"","footnotes":""},"class_list":["post-13984","page","type-page","status-publish"],"acf":[],"_links":{"self":[{"href":"https:\/\/oenobrands.com\/fr\/wp-json\/wp\/v2\/pages\/13984","targetHints":{"allow":["GET"]}}],"collection":[{"href":"https:\/\/oenobrands.com\/fr\/wp-json\/wp\/v2\/pages"}],"about":[{"href":"https:\/\/oenobrands.com\/fr\/wp-json\/wp\/v2\/types\/page"}],"author":[{"embeddable":true,"href":"https:\/\/oenobrands.com\/fr\/wp-json\/wp\/v2\/users\/3"}],"replies":[{"embeddable":true,"href":"https:\/\/oenobrands.com\/fr\/wp-json\/wp\/v2\/comments?post=13984"}],"version-history":[{"count":0,"href":"https:\/\/oenobrands.com\/fr\/wp-json\/wp\/v2\/pages\/13984\/revisions"}],"up":[{"embeddable":true,"href":"https:\/\/oenobrands.com\/fr\/wp-json\/wp\/v2\/pages\/13970"}],"wp:attachment":[{"href":"https:\/\/oenobrands.com\/fr\/wp-json\/wp\/v2\/media?parent=13984"}],"curies":[{"name":"wp","href":"https:\/\/api.w.org\/{rel}","templated":true}]}}