{"id":13978,"date":"2023-10-27T12:13:48","date_gmt":"2023-10-27T10:13:48","guid":{"rendered":"https:\/\/oenobrands.com\/extraction-des-aromes-des-raisins\/"},"modified":"2026-04-10T11:47:52","modified_gmt":"2026-04-10T09:47:52","slug":"extraction-des-aromes-des-raisins","status":"publish","type":"page","link":"https:\/\/oenobrands.com\/fr\/solution\/aromes-du-vin\/extraction-des-aromes-des-raisins\/","title":{"rendered":"Extraction des ar\u00f4mes des raisins"},"content":{"rendered":"\n<div style=\"height:50px\" aria-hidden=\"true\" class=\"wp-block-spacer\"><\/div>\n\n\n\n<p>Le c\u00e9page, le terroir, les pratiques culturales et les techniques de vinification influencent tous les ar\u00f4mes. Parmi les diverses phases de la vinification, l&rsquo;extraction des ar\u00f4mes \u00e0 partir des raisins est essentielle pour produire un vin de qualit\u00e9 sup\u00e9rieure. <\/p>\n\n\n\n<p>Pour aider \u00e0 atteindre diff\u00e9rents objectifs \u0153nologiques,<strong> <\/strong>nous proposons <strong>Rapidase Expression Aroma<\/strong> pour les vins blancs, ainsi que deux solutions enzymatiques compl\u00e9mentaires pour l\u2019extraction aromatique des vins rouges : <strong>Rapidase Fresh Berry<\/strong>, qui intensifie les ar\u00f4mes frais de fruits, et <strong>Rapidase Extra Fruit<\/strong>, qui am\u00e9liore \u00e0 la fois l\u2019extraction aromatique et la stabilit\u00e9 colorim\u00e9trique dans des conditions difficiles.<\/p>\n\n\n\n<div style=\"height:30px\" aria-hidden=\"true\" class=\"wp-block-spacer\"><\/div>\n\n\n\n<h2 class=\"wp-block-heading\"><strong>Pourquoi l&rsquo;extraction des ar\u00f4mes \u00e0 partir des raisins est-elle si importante ?<\/strong><\/h2>\n\n\n\n<div style=\"height:30px\" aria-hidden=\"true\" class=\"wp-block-spacer\"><\/div>\n\n\n\n<div class=\"wp-block-columns is-layout-flex wp-container-core-columns-is-layout-9d6595d7 wp-block-columns-is-layout-flex\">\n<div class=\"wp-block-column is-layout-flow wp-block-column-is-layout-flow\">\n<p>Les compos\u00e9s aromatiques, \u00e0 la fois libres et li\u00e9s, se trouvent principalement dans la peau des raisins.<\/p>\n\n\n\n<p><strong>Cela a \u00e9t\u00e9 bien document\u00e9 pour les glycosides d\u2019ar\u00f4mes, mais \u00e9galement d\u00e9montr\u00e9 pour le potentiel des pr\u00e9curseurs de DMS et de thiols, comme illustr\u00e9 dans la figure ci-jointe.<\/strong><\/p>\n\n\n\n<p>Cela souligne la n\u00e9cessit\u00e9 de mettre en place une strat\u00e9gie efficace pour favoriser la diffusion des pr\u00e9curseurs d&rsquo;ar\u00f4mes dans le mo\u00fbt, sans alt\u00e9rer la qualit\u00e9 du mo\u00fbt et du vin, ni diminuer la productivit\u00e9 de la cave.<\/p>\n<\/div>\n\n\n\n<div class=\"wp-block-column is-layout-flow wp-block-column-is-layout-flow\" style=\"flex-basis:1%\"><\/div>\n\n\n\n<div class=\"wp-block-column is-layout-flow wp-block-column-is-layout-flow\">\n<figure class=\"wp-block-image size-full zoooom is-style-zoooom\"><img decoding=\"async\" src=\"http:\/\/oenobrands.com\/wp-content\/uploads\/2023\/10\/Aroma-extraction-for-grapes-figure0.png\" alt=\"Extraction des ar\u00f4mes \u00e0 partir des raisins\" class=\"wp-image-5561\" style=\"aspect-ratio:16\/9;object-fit:cover\"\/><figcaption class=\"wp-element-caption\">Composition des pr\u00e9curseurs de thiols vari\u00e9taux dans les baies de Sauvignon blanc dans la peau et la pulpe (pr\u00e9curseur cyst\u00e9inylique de 3MH = Cys-3MH, pr\u00e9curseur glutathionylique de 3MH = G-3MH, pr\u00e9curseur glutathionylique de 4MMP = G-4MMP), adapt\u00e9 de Roland et al., 2010.<\/figcaption><\/figure>\n<\/div>\n<\/div>\n\n\n\n<div style=\"height:50px\" aria-hidden=\"true\" class=\"wp-block-spacer\"><\/div>\n\n\n\n<h2 class=\"wp-block-heading\"><strong>Comment optimiser l&rsquo;extraction des ar\u00f4mes \u00e0 partir des raisins ?<\/strong><\/h2>\n\n\n\n<div style=\"height:30px\" aria-hidden=\"true\" class=\"wp-block-spacer\"><\/div>\n\n\n\n<p>L&rsquo;optimisation de l&rsquo;extraction des ar\u00f4mes implique plusieurs pratiques cl\u00e9s :<\/p>\n\n\n\n<p>&#8211; <strong>S<\/strong><strong>\u00e9lectionner des raisins \u00e0 maturit\u00e9 optimale<\/strong><\/p>\n\n\n\n<p><strong>&#8211; Contr\u00f4ler la temp\u00e9rature <\/strong>pendant la mac\u00e9ration, en gardant \u00e0 l\u2019esprit que plus la temp\u00e9rature est basse, plus le temps de mac\u00e9ration doit \u00eatre long, ce qui favorisera une extraction significative des ar\u00f4mes.<\/p>\n\n\n\n<p><strong>&#8211; La gestion correcte de l\u2019oxyg\u00e8ne<\/strong> est \u00e9galement cruciale pour \u00e9viter toute d\u00e9viation oxydative.<\/p>\n\n\n\n<p><\/p>\n\n\n\n<p>Enfin, l&rsquo;utilisation d&rsquo;enzymes sp\u00e9cifiques peut \u00eatre un outil pr\u00e9cieux pour am\u00e9liorer l&rsquo;extraction des ar\u00f4mes. <strong>L\u2019utilisation de formulations enzymatiques adapt\u00e9es \u00e0 la d\u00e9gradation des parois cellulaires de la peau favorise la diffusion des pr\u00e9curseurs d\u2019ar\u00f4mes dans le mo\u00fbt.<\/strong> <\/p>\n\n\n\n<p><strong>En ajustant ces variables et en employant les bonnes solutions enzymatiques<\/strong>, vous pouvez atteindre vos profils aromatiques souhait\u00e9s, garantissant que les vins produits sont riches en ar\u00f4mes distincts et de qualit\u00e9 sup\u00e9rieure.<\/p>\n\n\n\n<div style=\"height:50px\" aria-hidden=\"true\" class=\"wp-block-spacer\"><\/div>\n\n\n\n<h2 class=\"wp-block-heading\"><strong>Comment les enzymes peuvent-elles aider \u00e0 l&rsquo;extraction des ar\u00f4mes dans les vins blancs et ros\u00e9s ?<\/strong><\/h2>\n\n\n\n<div style=\"height:30px\" aria-hidden=\"true\" class=\"wp-block-spacer\"><\/div>\n\n\n\n<div class=\"wp-block-columns is-layout-flex wp-container-core-columns-is-layout-9d6595d7 wp-block-columns-is-layout-flex\">\n<div class=\"wp-block-column is-layout-flow wp-block-column-is-layout-flow\">\n<p><strong>60 \u00e0 70 % du contenu aromatique total des raisins blancs se situe dans les vacuoles des 6 \u00e0 10 premi\u00e8res couches de la paroi cellulaire primaire du raisin.<\/strong><\/p>\n\n\n\n<p>Sp\u00e9cialement formul\u00e9 pour la mac\u00e9ration des raisins blancs (mac\u00e9ration pelliculaire), Rapidase\u00ae Expression Aroma facilite la diffusion des compos\u00e9s aromatiques et de leurs pr\u00e9curseurs dans le jus. <strong>Rapidase Expression Aroma est une enzyme granul\u00e9e \u00e0 forte activit\u00e9 pectolytique, associ\u00e9e \u00e0 des activit\u00e9s sp\u00e9cifiques de mac\u00e9ration ciblant l&rsquo;extraction des pr\u00e9curseurs d&rsquo;ar\u00f4mes. <\/strong>Cette formulation est riche en endo-polygalacturonases et en \u03b1-N-arabinofuranosidases et pr\u00e9sente une quantit\u00e9 bien \u00e9quilibr\u00e9e d&rsquo;h\u00e9micellulases (principalement des xylanases). <strong>Cette enzyme est active \u00e0 faibles doses (1 \u00e0 3 g pour 100 kg de raisins), en un temps court, et \u00e0 des temp\u00e9ratures aussi basses que 8 \u00b0C. <\/strong>En g\u00e9n\u00e9ral, Rapidase Expression Aroma ne n\u00e9cessite que 2 \u00e0 3 heures pour compl\u00e9ter l\u2019extraction.<\/p>\n\n\n\n<div style=\"height:30px\" aria-hidden=\"true\" class=\"wp-block-spacer\"><\/div>\n\n\n\n<div class=\"wp-block-buttons is-content-justification-center is-layout-flex wp-container-core-buttons-is-layout-16018d1d wp-block-buttons-is-layout-flex\">\n<div class=\"wp-block-button\"><a class=\"wp-block-button__link wp-element-button\" href=\"https:\/\/oenobrands.com\/fr\/produit\/enzyme\/rapidase\/rapidase-expression-aroma\/\" target=\"_blank\" rel=\"noreferrer noopener\">Rapidase Expression Aroma<\/a><\/div>\n<\/div>\n<\/div>\n\n\n\n<div class=\"wp-block-column is-layout-flow wp-block-column-is-layout-flow\" style=\"flex-basis:1%\"><\/div>\n\n\n\n<div class=\"wp-block-column is-layout-flow wp-block-column-is-layout-flow\">\n<p>\u00c0 titre d&rsquo;exemple, l&rsquo;impact de la mac\u00e9ration pr\u00e9-fermentaire avec <strong>Rapidase Expression Aroma<\/strong> sur <strong>les pr\u00e9curseurs de thiols dans le jus et les niveaux de thiols volatils dans le v<\/strong>in <strong>favorise cette pratique.<\/strong><\/p>\n\n\n\n<figure class=\"wp-block-image size-large zoooom\"><img loading=\"lazy\" decoding=\"async\" width=\"1024\" height=\"637\" src=\"http:\/\/oenobrands.com\/wp-content\/uploads\/2023\/10\/Aroma-extraction-for-grapes-figure1-1024x637.png\" alt=\"Aroma extraction for grapes fig1\" class=\"wp-image-5565\" srcset=\"https:\/\/oenobrands.com\/wp-content\/uploads\/2023\/10\/Aroma-extraction-for-grapes-figure1-1024x637.png 1024w, https:\/\/oenobrands.com\/wp-content\/uploads\/2023\/10\/Aroma-extraction-for-grapes-figure1-300x187.png 300w, https:\/\/oenobrands.com\/wp-content\/uploads\/2023\/10\/Aroma-extraction-for-grapes-figure1-768x478.png 768w, https:\/\/oenobrands.com\/wp-content\/uploads\/2023\/10\/Aroma-extraction-for-grapes-figure1.png 1101w\" sizes=\"auto, (max-width: 1024px) 100vw, 1024px\" \/><figcaption class=\"wp-element-caption\">Concentration en \u03bcg\/L des principaux pr\u00e9curseurs de thiols dans des mo\u00fbts blancs et ros\u00e9s apr\u00e8s clarification, avec et sans Rapidase Expression Aroma \u00e0 3 g\/hL, Fondazione Mach de San Michele all\u2019Adige (Italie)<\/figcaption><\/figure>\n<\/div>\n<\/div>\n\n\n\n<div style=\"height:50px\" aria-hidden=\"true\" class=\"wp-block-spacer\"><\/div>\n\n\n\n<h2 class=\"wp-block-heading\"><strong>Comment optimiser l\u2019extraction des ar\u00f4mes et de la couleur dans les vins rouges ?<\/strong><\/h2>\n\n\n\n<div style=\"height:30px\" aria-hidden=\"true\" class=\"wp-block-spacer\"><\/div>\n\n\n\n<p>La vinification moderne des vins rouges exige des vins en m\u00eame temps <strong>expressifs sur le fruit et visuellement attractifs<\/strong>. Atteindre cet \u00e9quilibre n\u00e9cessite des strat\u00e9gies adapt\u00e9es pour optimiser efficacement l\u2019extraction des ar\u00f4mes et de la couleur, notamment lors de mill\u00e9simes d\u00e9licats ou avec des raisins r\u00e9colt\u00e9s pr\u00e9cocement.<\/p>\n\n\n\n<div style=\"height:30px\" aria-hidden=\"true\" class=\"wp-block-spacer\"><\/div>\n\n\n\n<div class=\"wp-block-columns has-background is-layout-flex wp-container-core-columns-is-layout-9d6595d7 wp-block-columns-is-layout-flex\" style=\"background-color:#f7f7f7\">\n<div class=\"wp-block-column has-background is-layout-flow wp-block-column-is-layout-flow\" style=\"background-color:#f7f7f7\">\n<p><strong>Rapidase Fresh Berry<\/strong> est une pr\u00e9paration enzymatique liquide d\u00e9velopp\u00e9e pour intensifier les ar\u00f4mes frais et fruit\u00e9s de fruits rouges et noirs, ainsi que les nuances florales et \u00e9pic\u00e9es, ces derni\u00e8res provenant probablement davantage de l\u2019impact de la levure. <\/p>\n\n\n\n<div style=\"height:30px\" aria-hidden=\"true\" class=\"wp-block-spacer\"><\/div>\n\n\n<div class=\"wp-block-image zoooom is-style-zoooom\">\n<figure class=\"aligncenter size-full\"><img alt=\"\" loading=\"lazy\" decoding=\"async\" width=\"1128\" height=\"804\" src=\"http:\/\/oenobrands.com\/wp-content\/uploads\/2025\/06\/Solution-Aroma-extraction-Rapidase-enzyme-Fresh-Berry-En.png\" alt=\"\" class=\"wp-image-17189\" style=\"object-fit:cover\" srcset=\"https:\/\/oenobrands.com\/wp-content\/uploads\/2025\/06\/Solution-Aroma-extraction-Rapidase-enzyme-Fresh-Berry-En.png 1128w, https:\/\/oenobrands.com\/wp-content\/uploads\/2025\/06\/Solution-Aroma-extraction-Rapidase-enzyme-Fresh-Berry-En-300x214.png 300w, https:\/\/oenobrands.com\/wp-content\/uploads\/2025\/06\/Solution-Aroma-extraction-Rapidase-enzyme-Fresh-Berry-En-1024x730.png 1024w, https:\/\/oenobrands.com\/wp-content\/uploads\/2025\/06\/Solution-Aroma-extraction-Rapidase-enzyme-Fresh-Berry-En-768x547.png 768w\" sizes=\"auto, (max-width: 1128px) 100vw, 1128px\" \/><figcaption class=\"wp-element-caption\">Analyse en composantes principales (ACP) des r\u00e9sultats sensoriels issus de diff\u00e9rents essais dans les h\u00e9misph\u00e8res nord et sud<br>montrant les diff\u00e9rences aromatiques entre les vins trait\u00e9s ou non avec Rapidase Fresh Berry (2 mL\/hL).<\/figcaption><\/figure>\n<\/div><\/div>\n\n\n\n<div class=\"wp-block-column is-layout-flow wp-block-column-is-layout-flow\" style=\"flex-basis:1%\"><\/div>\n\n\n\n<div class=\"wp-block-column has-background is-layout-flow wp-block-column-is-layout-flow\" style=\"background-color:#f7f7f7\">\n<p>Elle est id\u00e9ale pour tout type de mac\u00e9ration, avec ou sans mac\u00e9ration \u00e0 froid, et permet aux vinificateurs d\u2019\u00e9laborer des vins aromatiques, pr\u00eats \u00e0 \u00eatre commercialis\u00e9s, pr\u00e9sentant un bon \u00e9quilibre en bouche et une couleur intense.<\/p>\n\n\n\n<div style=\"height:30px\" aria-hidden=\"true\" class=\"wp-block-spacer\"><\/div>\n\n\n\n<div class=\"wp-block-buttons is-content-justification-center is-layout-flex wp-container-core-buttons-is-layout-16018d1d wp-block-buttons-is-layout-flex\">\n<div class=\"wp-block-button\"><a class=\"wp-block-button__link wp-element-button\" href=\"https:\/\/oenobrands.com\/fr\/produit\/enzyme\/rapidase\/rapidase-fresh-berry\/\" target=\"_blank\" rel=\"noreferrer noopener\">Rapidase Fresh Berry<\/a><\/div>\n<\/div>\n\n\n\n<div style=\"height:50px\" aria-hidden=\"true\" class=\"wp-block-spacer\"><\/div>\n\n\n\n<p>Cette ACP confirme l\u2019impact constant des enzymes en vinification des rouges et souligne leur r\u00f4le essentiel dans l\u2019am\u00e9lioration des ar\u00f4mes positifs. Elle met aussi en lumi\u00e8re l\u2019effet fiable de Rapidase Fresh Berry sur les attributs cl\u00e9s du vin : ar\u00f4mes de fruits rouges et noirs, intensit\u00e9 et qualit\u00e9 aromatique, sensation en bouche et intensit\u00e9 colorim\u00e9trique, ind\u00e9pendamment du mill\u00e9sime ou de la r\u00e9gion. Ces informations offrent aux vinificateurs un outil biotechnologique puissant pour valoriser l\u2019expression aromatique et la qualit\u00e9 des vins rouges frais et modernes.<\/p>\n<\/div>\n<\/div>\n\n\n\n<div style=\"height:50px\" aria-hidden=\"true\" class=\"wp-block-spacer\"><\/div>\n\n\n\n<div class=\"wp-block-columns is-layout-flex wp-container-core-columns-is-layout-9d6595d7 wp-block-columns-is-layout-flex\">\n<div class=\"wp-block-column is-layout-flow wp-block-column-is-layout-flow\">\n<p><strong>Rapidase Extra Fruit<\/strong> est une enzyme micro-granul\u00e9e unique, destin\u00e9e \u00e0 l\u2019extraction combin\u00e9e des pr\u00e9curseurs aromatiques, tout en am\u00e9liorant l\u2019extraction de la couleur et la stabilit\u00e9 des polyph\u00e9nols. Elle est particuli\u00e8rement efficace dans les mill\u00e9simes difficiles o\u00f9 les raisins n\u2019atteignent pas une expression aromatique optimale.<\/p>\n\n\n\n<div style=\"height:30px\" aria-hidden=\"true\" class=\"wp-block-spacer\"><\/div>\n\n\n\n<p><strong>Cette enzyme a un impact d\u00e9cisif sur l&rsquo;extraction des pr\u00e9curseurs d&rsquo;ar\u00f4mes de la peau des raisins, tout en am\u00e9liorant la qualit\u00e9 de la couleur.<\/strong><\/p>\n\n\n\n<div style=\"height:30px\" aria-hidden=\"true\" class=\"wp-block-spacer\"><\/div>\n\n\n\n<div class=\"wp-block-buttons is-content-justification-center is-layout-flex wp-container-core-buttons-is-layout-16018d1d wp-block-buttons-is-layout-flex\">\n<div class=\"wp-block-button\"><a class=\"wp-block-button__link wp-element-button\" href=\"https:\/\/oenobrands.com\/fr\/produit\/enzyme\/rapidase\/rapidase-extra-fruit\/\" target=\"_blank\" rel=\"noreferrer noopener\">Rapidase Extra Fruit<\/a><\/div>\n<\/div>\n<\/div>\n\n\n\n<div class=\"wp-block-column is-layout-flow wp-block-column-is-layout-flow\" style=\"flex-basis:1%\"><\/div>\n\n\n\n<div class=\"wp-block-column is-layout-flow wp-block-column-is-layout-flow\"><div class=\"wp-block-image zoooom is-style-zoooom\">\n<figure class=\"aligncenter size-full is-resized\"><img loading=\"lazy\" decoding=\"async\" width=\"525\" height=\"499\" src=\"http:\/\/oenobrands.com\/wp-content\/uploads\/2023\/10\/Aroma-extraction-for-grapes-Colour-figure6.png\" alt=\"Aroma extraction for grapes Colour figure6\" class=\"wp-image-5568\" style=\"width:350px\" srcset=\"https:\/\/oenobrands.com\/wp-content\/uploads\/2023\/10\/Aroma-extraction-for-grapes-Colour-figure6.png 525w, https:\/\/oenobrands.com\/wp-content\/uploads\/2023\/10\/Aroma-extraction-for-grapes-Colour-figure6-300x285.png 300w\" sizes=\"auto, (max-width: 525px) 100vw, 525px\" \/><figcaption class=\"wp-element-caption\">Analyse sensorielle des vins de Pinot noir (2008)<\/figcaption><\/figure>\n<\/div><\/div>\n<\/div>\n\n\n\n<div style=\"height:50px\" aria-hidden=\"true\" class=\"wp-block-spacer\"><\/div>\n\n\n\n<div class=\"wp-block-columns is-layout-flex wp-container-core-columns-is-layout-9d6595d7 wp-block-columns-is-layout-flex\">\n<div class=\"wp-block-column is-vertically-aligned-center is-layout-flow wp-block-column-is-layout-flow\" style=\"flex-basis:30%\">\n<h1 class=\"wp-block-heading has-text-color has-large-font-size\" style=\"color:#545859\">D\u00e9couvrez la gamme RAPIDASE<\/h1>\n\n\n\n<div style=\"height:20px\" aria-hidden=\"true\" class=\"wp-block-spacer\"><\/div>\n\n\n\n<div class=\"wp-block-buttons is-content-justification-left is-layout-flex wp-container-core-buttons-is-layout-fdcfc74e wp-block-buttons-is-layout-flex\">\n<div class=\"wp-block-button\"><a class=\"wp-block-button__link has-background wp-element-button\" href=\"https:\/\/oenobrands.com\/fr\/produit\/enzyme\/rapidase\/\" style=\"background-color:#545859\" target=\"_blank\" rel=\"noreferrer noopener\">RAPIDASE<\/a><\/div>\n\n\n\n<div class=\"wp-block-button\"><a class=\"wp-block-button__link has-background wp-element-button\" href=\"https:\/\/oenobrands.com\/fr\/produit\/enzyme\/choix-rapidase\/\" style=\"background-color:#545859\" target=\"_blank\" rel=\"noreferrer noopener\">Choix RAPIDASE<\/a><\/div>\n<\/div>\n<\/div>\n\n\n\n<div class=\"wp-block-column is-vertically-aligned-top is-layout-flow wp-block-column-is-layout-flow\" style=\"flex-basis:10%\"><\/div>\n\n\n\n<div class=\"wp-block-column is-vertically-aligned-top is-layout-flow wp-block-column-is-layout-flow\">\n<figure class=\"wp-block-image size-full\"><img decoding=\"async\" src=\"http:\/\/oenobrands.com\/wp-content\/uploads\/2023\/05\/OENOBRANDS-Rapidase-bandeau.png\" alt=\"OENOBRANDS-Rapidase-bandeau\" class=\"wp-image-4529\"\/><\/figure>\n<\/div>\n<\/div>\n\n\n\n<div style=\"height:50px\" aria-hidden=\"true\" class=\"wp-block-spacer\"><\/div>\n\n\n\n<div class=\"wp-block-group\"><div class=\"wp-block-group__inner-container is-layout-constrained wp-block-group-is-layout-constrained\">\n<div class=\"wp-block-group\"><div class=\"wp-block-group__inner-container is-layout-constrained wp-block-group-is-layout-constrained\">\n<div class=\"wp-block-group\"><div class=\"wp-block-group__inner-container is-layout-constrained wp-block-group-is-layout-constrained\">\n<div class=\"wp-block-group\"><div class=\"wp-block-group__inner-container is-layout-constrained wp-block-group-is-layout-constrained\">\n<hr class=\"wp-block-separator has-text-color has-alpha-channel-opacity has-background\" style=\"background-color:#8a918e;color:#8a918e\"\/>\n<\/div><\/div>\n<\/div><\/div>\n\n\n\n<div class=\"wp-block-group\"><div class=\"wp-block-group__inner-container is-layout-constrained wp-block-group-is-layout-constrained\">\n<div class=\"wp-block-group\"><div class=\"wp-block-group__inner-container is-layout-constrained wp-block-group-is-layout-constrained\">\n<h2 class=\"wp-block-heading\"><strong>Et vous, qu&rsquo;en pensez-vous ?<\/strong><\/h2>\n<\/div><\/div>\n<\/div><\/div>\n\n\n\n<div class=\"wp-block-group\"><div class=\"wp-block-group__inner-container is-layout-constrained wp-block-group-is-layout-constrained\">\n<div class=\"wp-block-group\"><div class=\"wp-block-group__inner-container is-layout-constrained wp-block-group-is-layout-constrained\">\n<p>Avec une \u00e9quipe hautement qualifi\u00e9e d&rsquo;experts dans de nombreux domaines, Oenobrands s&rsquo;efforce d\u2019offrir aux vinificateurs des solutions nouvelles et scientifiquement solides, tout en mettant en avant les synergies positives entre ses produits.<\/p>\n<\/div><\/div>\n\n\n\n<div class=\"wp-block-group\"><div class=\"wp-block-group__inner-container is-layout-constrained wp-block-group-is-layout-constrained\">\n<div class=\"wp-block-group\"><div class=\"wp-block-group__inner-container is-layout-constrained wp-block-group-is-layout-constrained\">\n<div class=\"wp-block-columns is-layout-flex wp-container-core-columns-is-layout-9d6595d7 wp-block-columns-is-layout-flex\">\n<div class=\"wp-block-column is-vertically-aligned-center is-layout-flow wp-block-column-is-layout-flow\">\n<div class=\"wp-block-group wp-container-content-9cfa9a5a is-content-justification-left\"><div class=\"wp-block-group__inner-container is-layout-constrained wp-container-core-group-is-layout-8c890d92 wp-block-group-is-layout-constrained\">\n<p class=\"has-text-align-left\" style=\"font-size:0.9rem;font-style:normal;font-weight:600;letter-spacing:1px;text-transform:uppercase\">Trouvez votre solution ou produit<\/p>\n\n\n<form role=\"search\" method=\"get\" action=\"https:\/\/oenobrands.com\/fr\/\" class=\"wp-block-search__button-outside wp-block-search__icon-button wp-block-search\"    ><label class=\"wp-block-search__label screen-reader-text\" for=\"wp-block-search__input-1\" >Recherche<\/label><div class=\"wp-block-search__inside-wrapper\"  style=\"width: 100%\"><input class=\"wp-block-search__input\" id=\"wp-block-search__input-1\" placeholder=\"\" value=\"\" type=\"search\" name=\"s\" required  style=\"border-width: 1px\"\/><button aria-label=\"Recherche\" class=\"wp-block-search__button has-icon wp-element-button\" type=\"submit\"  style=\"border-width: 1px\"><svg class=\"search-icon\" viewBox=\"0 0 24 24\" width=\"24\" height=\"24\">\n\t\t\t\t\t<path d=\"M13 5c-3.3 0-6 2.7-6 6 0 1.4.5 2.7 1.3 3.7l-3.8 3.8 1.1 1.1 3.8-3.8c1 .8 2.3 1.3 3.7 1.3 3.3 0 6-2.7 6-6S16.3 5 13 5zm0 10.5c-2.5 0-4.5-2-4.5-4.5s2-4.5 4.5-4.5 4.5 2 4.5 4.5-2 4.5-4.5 4.5z\"><\/path>\n\t\t\t\t<\/svg><\/button><\/div><\/form><\/div><\/div>\n<\/div>\n\n\n\n<div class=\"wp-block-column is-layout-flow wp-block-column-is-layout-flow\" style=\"flex-basis:3px\"><\/div>\n\n\n\n<div class=\"wp-block-column is-layout-flow wp-block-column-is-layout-flow\">\n<p class=\"has-text-align-center\">Parlez-nous de vos difficult\u00e9s, et nous vous r\u00e9pondrons.<\/p>\n\n\n\n<div class=\"wp-block-buttons is-content-justification-center is-layout-flex wp-container-core-buttons-is-layout-16018d1d wp-block-buttons-is-layout-flex\">\n<div class=\"wp-block-button is-style-fill\"><a class=\"wp-block-button__link wp-element-button\" href=\"https:\/\/oenobrands.com\/fr\/contactez-nous\/\" target=\"_blank\" rel=\"noreferrer noopener\">contactez-nous<\/a><\/div>\n<\/div>\n<\/div>\n<\/div>\n<\/div><\/div>\n<\/div><\/div>\n<\/div><\/div>\n<\/div><\/div>\n<\/div><\/div>\n\n\n\n<div style=\"height:50px\" aria-hidden=\"true\" class=\"wp-block-spacer\"><\/div>\n","protected":false},"excerpt":{"rendered":"<p>Le c\u00e9page, le terroir, les pratiques culturales et les techniques de vinification influencent tous [&hellip;]<\/p>\n","protected":false},"author":3,"featured_media":0,"parent":13979,"menu_order":0,"comment_status":"closed","ping_status":"closed","template":"","meta":{"_acf_changed":false,"_seopress_robots_primary_cat":"","_seopress_titles_title":"","_seopress_titles_desc":"","_seopress_robots_index":"","footnotes":""},"class_list":["post-13978","page","type-page","status-publish"],"acf":[],"_links":{"self":[{"href":"https:\/\/oenobrands.com\/fr\/wp-json\/wp\/v2\/pages\/13978","targetHints":{"allow":["GET"]}}],"collection":[{"href":"https:\/\/oenobrands.com\/fr\/wp-json\/wp\/v2\/pages"}],"about":[{"href":"https:\/\/oenobrands.com\/fr\/wp-json\/wp\/v2\/types\/page"}],"author":[{"embeddable":true,"href":"https:\/\/oenobrands.com\/fr\/wp-json\/wp\/v2\/users\/3"}],"replies":[{"embeddable":true,"href":"https:\/\/oenobrands.com\/fr\/wp-json\/wp\/v2\/comments?post=13978"}],"version-history":[{"count":2,"href":"https:\/\/oenobrands.com\/fr\/wp-json\/wp\/v2\/pages\/13978\/revisions"}],"predecessor-version":[{"id":28663,"href":"https:\/\/oenobrands.com\/fr\/wp-json\/wp\/v2\/pages\/13978\/revisions\/28663"}],"up":[{"embeddable":true,"href":"https:\/\/oenobrands.com\/fr\/wp-json\/wp\/v2\/pages\/13979"}],"wp:attachment":[{"href":"https:\/\/oenobrands.com\/fr\/wp-json\/wp\/v2\/media?parent=13978"}],"curies":[{"name":"wp","href":"https:\/\/api.w.org\/{rel}","templated":true}]}}