{"id":13974,"date":"2022-10-19T23:19:27","date_gmt":"2022-10-19T21:19:27","guid":{"rendered":"https:\/\/oenobrands.com\/solution\/defauts-oenologiques\/oxydation-des-vins\/"},"modified":"2025-10-20T16:01:32","modified_gmt":"2025-10-20T14:01:32","slug":"oxydation-des-vins","status":"publish","type":"page","link":"https:\/\/oenobrands.com\/fr\/solution\/defauts-oenologiques\/oxydation-des-vins\/","title":{"rendered":"Oxydation des vins"},"content":{"rendered":"\n<div style=\"height:50px\" aria-hidden=\"true\" class=\"wp-block-spacer\"><\/div>\n\n<h2 class=\"wp-block-heading\"><strong>Qu&rsquo;est-ce que l&rsquo;oxydation du vin ?<\/strong><\/h2>\n\n<div style=\"height:30px\" aria-hidden=\"true\" class=\"wp-block-spacer\"><\/div>\n\n<p><strong>En termes simplifi\u00e9s, l&rsquo;oxydation du vin blanc est principalement li\u00e9e \u00e0 des r\u00e9actions impliquant certains polyph\u00e9nols.<\/strong> En pr\u00e9sence d&rsquo;oxyg\u00e8ne et\/ou de m\u00e9taux tels que le fer, des quinones hautement r\u00e9actives se forment, ce qui conduit \u00e0 des ph\u00e9nom\u00e8nes de brunissement et finalement \u00e0 la pr\u00e9cipitation des pigments. Certains compos\u00e9s aromatiques, tels que les thiols vari\u00e9taux, peuvent \u00e9galement se lier directement et de mani\u00e8re irr\u00e9versible \u00e0 ces quinones, entra\u00eenant une perte permanente d&rsquo;ar\u00f4me. <\/p>\n\n<p>De plus, les r\u00e9actions d&rsquo;oxydation directe peuvent entra\u00eener la formation d&rsquo;ald\u00e9hydes, donnant au vin des notes oxydatives de miel lorsqu&rsquo;ils sont pr\u00e9sents \u00e0 des concentrations \u00e9lev\u00e9es, notamment le 2-ph\u00e9nylac\u00e9tald\u00e9hyde et le m\u00e9thional.<\/p>\n\n<div style=\"height:30px\" aria-hidden=\"true\" class=\"wp-block-spacer\"><\/div>\n\n<div class=\"wp-block-columns is-layout-flex wp-container-core-columns-is-layout-9d6595d7 wp-block-columns-is-layout-flex\">\n<div class=\"wp-block-column has-background is-layout-flow wp-block-column-is-layout-flow\" style=\"background-color:#f7f7f7\">\n<h3 class=\"wp-block-heading\"><strong>Conception d&rsquo;Extraferm D&rsquo;fend<\/strong><\/h3>\n\n\n\n<div style=\"height:30px\" aria-hidden=\"true\" class=\"wp-block-spacer\"><\/div>\n\n\n\n<p>En collaboration avec l&rsquo;Universit\u00e9 de Bourgogne (IUVV Dijon, France), nous avons d\u00e9velopp\u00e9 une m\u00e9thode de mesure du pouvoir antioxydant des d\u00e9riv\u00e9s de levures bas\u00e9e sur la fraction nucl\u00e9ophile, qui est globalement repr\u00e9sentative de la r\u00e9action d&rsquo;addition entre les compos\u00e9s nucl\u00e9ophiles contenus dans la fraction soluble des d\u00e9riv\u00e9s de levures et un mod\u00e8le de quinone. Cette r\u00e9action d&rsquo;addition peut \u00eatre consid\u00e9r\u00e9e comme une neutralisation des quinones. Cette mesure inclut des aspects d&rsquo;affinit\u00e9 et de quantit\u00e9 et est donc un reflet du pouvoir antioxydant global des d\u00e9riv\u00e9s de levures.  <\/p>\n\n\n\n<p>L\u2019utilisation de cette mesure sur une gamme de d\u00e9riv\u00e9s de levures (figure 1) nous a permis de s\u00e9lectionner les plus efficaces, \u00e0 savoir RO7 et RO4, pour la formulation d\u2019Extraferm D\u2019fend. Bien que RO4 ne pr\u00e9sente pas la plus forte fraction nucl\u00e9ophile totale, sa composition en nucl\u00e9ophiles est diff\u00e9rente et semble compl\u00e9mentaire, ce qui permet d\u2019obtenir un produit \u00e0 spectre d\u2019action plus large.<\/p>\n\n\n\n<figure class=\"wp-block-image size-full zoooom\"><img alt=\"\" decoding=\"async\" src=\"https:\/\/oenobrands.com\/wp-content\/uploads\/2023\/03\/Solution_aroma_defaults_oxidation_figure-1.png\" alt=\"\" class=\"wp-image-2081\"\/><figcaption class=\"wp-element-caption\">Fraction nucl\u00e9ophile de six d\u00e9riv\u00e9s de levures (en unit\u00e9s arbitraires).<\/figcaption><\/figure>\n\n\n\n<div style=\"height:48px\" aria-hidden=\"true\" class=\"wp-block-spacer\"><\/div>\n\n\n\n<p>Bas\u00e9 sur ces deux d\u00e9riv\u00e9s, nous avons ensuite r\u00e9alis\u00e9 des essais \u00e0 faible volume pou<strong>r identifier la proportion appropri\u00e9e de chaque d\u00e9riv\u00e9 de levure dans le produit final<\/strong>. Les proportions suivantes ont \u00e9t\u00e9 retenues :<\/p>\n\n\n\n<p>\u2013 80 % de levure <em>S. cerevisiae<\/em> inactiv\u00e9e (RO7).<\/p>\n\n\n\n<p>\u2013 20 % de levure <em>S. cerevisiae<\/em> autolys\u00e9e (RO4).<\/p>\n\n\n\n<div style=\"height:30px\" aria-hidden=\"true\" class=\"wp-block-spacer\"><\/div>\n\n\n\n<div class=\"wp-block-buttons is-content-justification-center is-layout-flex wp-container-core-buttons-is-layout-16018d1d wp-block-buttons-is-layout-flex\">\n<div class=\"wp-block-button\"><a class=\"wp-block-button__link wp-element-button\" href=\"https:\/\/oenobrands.com\/product\/yeast-derivate\/feel-safe\/extraferm-dfend\/\" target=\"_blank\" rel=\"noreferrer noopener\">Extraferm D&rsquo;fend<\/a><\/div>\n<\/div>\n<\/div>\n\n\n\n<div class=\"wp-block-column is-layout-flow wp-block-column-is-layout-flow\" style=\"flex-basis:1%\"><\/div>\n\n\n\n<div class=\"wp-block-column has-background is-layout-flow wp-block-column-is-layout-flow\" style=\"background-color:#f7f7f7\">\n<h3 class=\"wp-block-heading\"><strong>Suivi de l&rsquo;oxydation par la mesure de l&rsquo;indice de r\u00e9sistance \u00e0 l&rsquo;oxydation<\/strong><\/h3>\n\n\n\n<div style=\"height:1px\" aria-hidden=\"true\" class=\"wp-block-spacer\"><\/div>\n\n\n\n<p>Par la suite, l&rsquo;efficacit\u00e9 de <strong>Extraferm D&rsquo;fend<\/strong> a \u00e9t\u00e9 \u00e9valu\u00e9e dans des conditions de vinification sur diff\u00e9rents vins (Sauvignon blanc et Grenache ros\u00e9 du Languedoc, Chardonnay du Languedoc et de Bourgogne). <\/p>\n\n\n\n<p>Un vin blanc (Chardonnay biologique du Languedoc, France, sans ajout de sulfites) a \u00e9t\u00e9 suivi afin d\u2019\u00e9valuer son \u00e9volution oxydative. Apr\u00e8s la fermentation, le lot a \u00e9t\u00e9 divis\u00e9 en deux cuves distinctes : une cuve t\u00e9moin, maintenue sur lies fines, et une autre avec l\u2019ajout d\u2019<strong>Extraferm D\u2019fend<\/strong> \u00e0 raison de 30 g\/hL, sans lies.<\/p>\n\n\n\n<p>\u00c0 T0, T+1 mois et T+1,5 mois, nous avons mesur\u00e9 l&rsquo;indice de r\u00e9sistance \u00e0 l&rsquo;oxydation \u00e0 l&rsquo;aide de l&rsquo;instrument NomaSense PolyScan C200 de Vinventions, bas\u00e9 sur la voltamm\u00e9trie de balayage lin\u00e9aire. Cet indice est calcul\u00e9 par Vinventions \u00e0 partir des mesures EasyOx (d\u00e9termination des compos\u00e9s facilement oxydables participant rapidement aux r\u00e9actions d&rsquo;oxydation) et des mesures PhenOx (d\u00e9termination des compos\u00e9s oxydables totaux). Plus cet indice est \u00e9lev\u00e9, plus la r\u00e9sistance \u00e0 l&rsquo;oxydation est grande.  <\/p>\n\n\n\n<figure class=\"wp-block-image size-full zoooom\"><img alt=\"\" decoding=\"async\" src=\"https:\/\/oenobrands.com\/wp-content\/uploads\/2023\/03\/Solution_aroma_defaults_oxidation_figure-2.png\" alt=\"\" class=\"wp-image-2083\"\/><figcaption class=\"wp-element-caption\">Suivi de l&rsquo;indice de r\u00e9sistance \u00e0 l&rsquo;oxydation PolyScan (Vinventions) au fil du temps pour un vin blanc (Chardonnay biologique sans ajout de sulfites). Un indice \u00e9lev\u00e9 signifie une plus grande r\u00e9sistance \u00e0 l&rsquo;oxydation. <\/figcaption><\/figure>\n\n\n\n<p>Le vin t\u00e9moin semble tr\u00e8s r\u00e9sistant \u00e0 T0. Cependant, cette cuve devient plus sensible \u00e0 l&rsquo;oxydation apr\u00e8s le premier mois. \u00c0 l&rsquo;inverse, la cuve avec ajout d&rsquo;Extraferm D&rsquo;fend acquiert une r\u00e9sistance \u00e0 l&rsquo;oxydation gr\u00e2ce \u00e0 sa haute concentration en nucl\u00e9ophiles aux propri\u00e9t\u00e9s antioxydantes. Cette r\u00e9sistance persiste dans le temps. Apr\u00e8s 1,5 mois, le Chardonnay avec <strong>ajout d&rsquo;Extraferm D&rsquo;fend<\/strong> est aussi r\u00e9sistant \u00e0 l&rsquo;oxydation que le vin maintenu sur lies r\u00e9guli\u00e8rement remu\u00e9es. <strong>Extraferm D&rsquo;fend peut ainsi en partie \u00e9liminer le besoin de lies.<\/strong>    <\/p>\n<\/div>\n<\/div>\n\n<div style=\"height:50px\" aria-hidden=\"true\" class=\"wp-block-spacer\"><\/div>\n\n<div class=\"wp-block-columns is-layout-flex wp-container-core-columns-is-layout-9d6595d7 wp-block-columns-is-layout-flex\">\n<div class=\"wp-block-column has-background is-layout-flow wp-block-column-is-layout-flow\" style=\"background-color:#f7f7f7\">\n<h3 class=\"wp-block-heading\"><strong>Suivi de l&rsquo;oxydation du vin par la mesure de la concentration en ald\u00e9hydes marqueurs de l&rsquo;oxydation<\/strong><\/h3>\n\n\n\n<div style=\"height:30px\" aria-hidden=\"true\" class=\"wp-block-spacer\"><\/div>\n\n\n\n<p>Pour le m\u00eame vin, nous avons suivi la formation d&rsquo;ald\u00e9hydes d&rsquo;oxydation. Nous avons consid\u00e9r\u00e9 que la formation de ces ald\u00e9hydes reste un marqueur des ph\u00e9nom\u00e8nes d&rsquo;oxydation, bien que dans tous les cas, leurs niveaux soient rest\u00e9s en dessous de leur seuil de perception. <\/p>\n\n\n\n<p>Nous montrons que<strong> l&rsquo;ajout d&rsquo;Extraferm D&rsquo;fend <\/strong>limite l&rsquo;accumulation de ces ald\u00e9hydes au fil du temps. Dans le vin t\u00e9moin, leur concentration augmente avec le temps. <strong>Extraferm D&rsquo;fend offre donc une protection significative contre ces marqueurs d&rsquo;oxydation.<\/strong> <\/p>\n\n\n\n<figure class=\"wp-block-image size-full zoooom\"><img alt=\"\" decoding=\"async\" src=\"https:\/\/oenobrands.com\/wp-content\/uploads\/2023\/03\/Solution_aroma_defaults_oxidation_figure-3.png\" alt=\"\" class=\"wp-image-2086\"\/><figcaption class=\"wp-element-caption\">Concentration des marqueurs d&rsquo;oxydation par les ald\u00e9hydes (\u00b5g\/L) dans un vin blanc (Chardonnay biologique sans ajout de sulfites).<\/figcaption><\/figure>\n<\/div>\n\n\n\n<div class=\"wp-block-column is-layout-flow wp-block-column-is-layout-flow\" style=\"flex-basis:1%\"><\/div>\n\n\n\n<div class=\"wp-block-column has-background is-layout-flow wp-block-column-is-layout-flow\" style=\"background-color:#f7f7f7\">\n<h3 class=\"wp-block-heading\"><strong>Suivi de l&rsquo;effet antioxydant d&rsquo;Extraferm D&rsquo;fend par la d\u00e9gustation<\/strong><\/h3>\n\n\n\n<div style=\"height:30px\" aria-hidden=\"true\" class=\"wp-block-spacer\"><\/div>\n\n\n\n<p>Dans d&rsquo;autres essais men\u00e9s sur du Chardonnay en Bourgogne, l&rsquo;accent a \u00e9t\u00e9 mis sur l&rsquo;analyse sensorielle pour \u00e9valuer <strong>l&rsquo;impact d&rsquo;Extraferm D&rsquo;fend.<\/strong> Les trois vins suivis (Chablis, Saint-V\u00e9ran et Hautes C\u00f4tes de Beaune) ont \u00e9t\u00e9 vinifi\u00e9s de mani\u00e8re standardis\u00e9e (co-inoculation avec <strong>Fermivin 3C<\/strong> et <strong>DUET Soft<\/strong>). Les vins vieillis en pr\u00e9sence <strong>d&rsquo;Extraferm D&rsquo;fend<\/strong> apparaissent plus frais avec des notes florales et fruit\u00e9es plus intenses \u00e0 la m\u00eame intensit\u00e9 aromatique. Ils sont \u00e9galement per\u00e7us comme plus ronds et plus longs en bouche que les t\u00e9moins non trait\u00e9s. Un exemple des r\u00e9sultats de d\u00e9gustation est pr\u00e9sent\u00e9 ici.    <\/p>\n\n\n\n<figure class=\"wp-block-image size-full zoooom\"><img alt=\"\" decoding=\"async\" src=\"https:\/\/oenobrands.com\/wp-content\/uploads\/2023\/03\/Solution_aroma_defaults_oxidation_figure-4.png\" alt=\"\" class=\"wp-image-2088\"\/><figcaption class=\"wp-element-caption\">Vin blanc, Chardonnay, Bourgogne 2020, AOC St V\u00e9ran. D\u00e9gustation neuf mois apr\u00e8s l&rsquo;ajout d&rsquo;Extraferm D&rsquo;fend (30 g\/hL). <\/figcaption><\/figure>\n\n\n\n<p><strong>Extraferm D\u2019fend<\/strong> a ainsi permis de limiter l&rsquo;\u00e9volution du vin dans le temps et de pr\u00e9server sa fra\u00eecheur tout en augmentant son volume et sa persistance en bouche.<\/p>\n\n\n\n<div class=\"wp-block-buttons is-content-justification-center is-layout-flex wp-container-core-buttons-is-layout-16018d1d wp-block-buttons-is-layout-flex\">\n<div class=\"wp-block-button\"><a class=\"wp-block-button__link wp-element-button\" href=\"https:\/\/oenobrands.com\/product\/yeast\/fermivin-yeast\/fermivin-3c\/\" target=\"_blank\" rel=\"noreferrer noopener\">Fermivin 3C<\/a><\/div>\n\n\n\n<div class=\"wp-block-button\"><a class=\"wp-block-button__link wp-element-button\" href=\"https:\/\/oenobrands.com\/product\/bacteria\/anchor-bacteria\/duet-soft\/\" target=\"_blank\" rel=\"noreferrer noopener\">DUET Soft<\/a><\/div>\n<\/div>\n<\/div>\n<\/div>\n\n<div style=\"height:30px\" aria-hidden=\"true\" class=\"wp-block-spacer\"><\/div>\n\n<div class=\"wp-block-buttons is-content-justification-center is-layout-flex wp-container-core-buttons-is-layout-16018d1d wp-block-buttons-is-layout-flex\">\n<div class=\"wp-block-button\"><a class=\"wp-block-button__link has-white-color has-text-color has-background wp-element-button\" href=\"https:\/\/oenobrands.com\/product\/yeast-derivate\/feel-safe\/extraferm-dfend\/\" style=\"background-color:#3e6991\" target=\"_blank\" rel=\"noreferrer noopener\">Extraferm D\u2019fend<\/a><\/div>\n<\/div>\n\n<div style=\"height:35px\" aria-hidden=\"true\" class=\"wp-block-spacer\"><\/div>\n\n<div class=\"wp-block-columns is-layout-flex wp-container-core-columns-is-layout-9d6595d7 wp-block-columns-is-layout-flex\">\n<div class=\"wp-block-column is-vertically-aligned-center is-layout-flow wp-block-column-is-layout-flow\" style=\"flex-basis:30%\">\n<h1 class=\"wp-block-heading has-text-color\" style=\"color:#aca39a\">D\u00e9couvrez la gamme EXTRAFERM<\/h1>\n\n\n\n<div style=\"height:20px\" aria-hidden=\"true\" class=\"wp-block-spacer\"><\/div>\n\n\n\n<div class=\"wp-block-buttons is-content-justification-left is-layout-flex wp-container-core-buttons-is-layout-fdcfc74e wp-block-buttons-is-layout-flex\">\n<div class=\"wp-block-button\"><a class=\"wp-block-button__link has-background wp-element-button\" href=\"https:\/\/oenobrands.com\/product\/yeast-derivate\/feel-safe\/\" style=\"background-color:#aca39a\" target=\"_blank\" rel=\"noreferrer noopener\">feel SAFE!<\/a><\/div>\n<\/div>\n<\/div>\n\n\n\n<div class=\"wp-block-column is-layout-flow wp-block-column-is-layout-flow\" style=\"flex-basis:50px\"><\/div>\n\n\n\n<div class=\"wp-block-column is-layout-flow wp-block-column-is-layout-flow\"><div class=\"wp-block-image\">\n<figure class=\"aligncenter size-large is-resized\"><img loading=\"lazy\" decoding=\"async\" width=\"1024\" height=\"1024\" src=\"http:\/\/oenobrands.com\/wp-content\/uploads\/2023\/05\/Feel-Safe-yeast-derivate-derive-levure-generique-1024x1024.png\" alt=\"Feel-Safe-yeast-derivate-derive-levure-generique\" class=\"wp-image-4093\" style=\"width:256px;height:256px\"\/><\/figure>\n<\/div><\/div>\n<\/div>\n\n<div style=\"height:50px\" aria-hidden=\"true\" class=\"wp-block-spacer\"><\/div>\n\n<div class=\"wp-block-group\"><div class=\"wp-block-group__inner-container is-layout-constrained wp-block-group-is-layout-constrained\">\n<div class=\"wp-block-group\"><div class=\"wp-block-group__inner-container is-layout-constrained wp-block-group-is-layout-constrained\">\n<div class=\"wp-block-group\"><div class=\"wp-block-group__inner-container is-layout-constrained wp-block-group-is-layout-constrained\">\n<hr class=\"wp-block-separator has-text-color has-alpha-channel-opacity has-background\" style=\"background-color:#8a918e;color:#8a918e\"\/>\n<\/div><\/div>\n<\/div><\/div>\n\n\n\n<div class=\"wp-block-group\"><div class=\"wp-block-group__inner-container is-layout-constrained wp-block-group-is-layout-constrained\">\n<div class=\"wp-block-group\"><div class=\"wp-block-group__inner-container is-layout-constrained wp-block-group-is-layout-constrained\">\n<h2 class=\"wp-block-heading\"><strong>Et vous, qu&rsquo;en pensez-vous ?<\/strong><\/h2>\n<\/div><\/div>\n<\/div><\/div>\n\n\n\n<div class=\"wp-block-group\"><div class=\"wp-block-group__inner-container is-layout-constrained wp-block-group-is-layout-constrained\">\n<div class=\"wp-block-group\"><div class=\"wp-block-group__inner-container is-layout-constrained wp-block-group-is-layout-constrained\">\n<p>Avec une \u00e9quipe hautement qualifi\u00e9e d&rsquo;experts dans de nombreux domaines, Oenobrands s&rsquo;efforce d\u2019offrir aux vinificateurs des solutions nouvelles et scientifiquement solides, tout en mettant en avant les synergies positives entre ses produits.<\/p>\n<\/div><\/div>\n\n\n\n<div class=\"wp-block-group\"><div class=\"wp-block-group__inner-container is-layout-constrained wp-block-group-is-layout-constrained\">\n<div class=\"wp-block-group\"><div class=\"wp-block-group__inner-container is-layout-constrained wp-block-group-is-layout-constrained\">\n<div class=\"wp-block-columns is-layout-flex wp-container-core-columns-is-layout-9d6595d7 wp-block-columns-is-layout-flex\">\n<div class=\"wp-block-column is-vertically-aligned-center is-layout-flow wp-block-column-is-layout-flow\">\n<div class=\"wp-block-group wp-container-content-9cfa9a5a is-content-justification-left\"><div class=\"wp-block-group__inner-container is-layout-constrained wp-container-core-group-is-layout-8c890d92 wp-block-group-is-layout-constrained\">\n<p class=\"has-text-align-left\" style=\"font-size:0.9rem;font-style:normal;font-weight:600;letter-spacing:1px;text-transform:uppercase\">Trouvez votre solution ou produit<\/p>\n\n\n<form role=\"search\" method=\"get\" action=\"https:\/\/oenobrands.com\/fr\/\" class=\"wp-block-search__button-outside wp-block-search__icon-button wp-block-search\"    ><label class=\"wp-block-search__label screen-reader-text\" for=\"wp-block-search__input-1\" >Recherche<\/label><div class=\"wp-block-search__inside-wrapper\"  style=\"width: 100%\"><input class=\"wp-block-search__input\" id=\"wp-block-search__input-1\" placeholder=\"\" value=\"\" type=\"search\" name=\"s\" required  style=\"border-width: 1px\"\/><button aria-label=\"Recherche\" class=\"wp-block-search__button has-icon wp-element-button\" type=\"submit\"  style=\"border-width: 1px\"><svg class=\"search-icon\" viewBox=\"0 0 24 24\" width=\"24\" height=\"24\">\n\t\t\t\t\t<path d=\"M13 5c-3.3 0-6 2.7-6 6 0 1.4.5 2.7 1.3 3.7l-3.8 3.8 1.1 1.1 3.8-3.8c1 .8 2.3 1.3 3.7 1.3 3.3 0 6-2.7 6-6S16.3 5 13 5zm0 10.5c-2.5 0-4.5-2-4.5-4.5s2-4.5 4.5-4.5 4.5 2 4.5 4.5-2 4.5-4.5 4.5z\"><\/path>\n\t\t\t\t<\/svg><\/button><\/div><\/form><\/div><\/div>\n<\/div>\n\n\n\n<div class=\"wp-block-column is-layout-flow wp-block-column-is-layout-flow\" style=\"flex-basis:3px\"><\/div>\n\n\n\n<div class=\"wp-block-column is-layout-flow wp-block-column-is-layout-flow\">\n<p class=\"has-text-align-center\">Parlez-nous de vos difficult\u00e9s, et nous vous r\u00e9pondrons.<\/p>\n\n\n\n<div class=\"wp-block-buttons is-content-justification-center is-layout-flex wp-container-core-buttons-is-layout-16018d1d wp-block-buttons-is-layout-flex\">\n<div class=\"wp-block-button is-style-fill\"><a class=\"wp-block-button__link wp-element-button\" href=\"https:\/\/oenobrands.com\/contact-us\/\" target=\"_blank\" rel=\"noreferrer noopener\">contactez-nous<\/a><\/div>\n<\/div>\n<\/div>\n<\/div>\n<\/div><\/div>\n<\/div><\/div>\n<\/div><\/div>\n<\/div><\/div>\n\n<div style=\"height:50px\" aria-hidden=\"true\" class=\"wp-block-spacer\"><\/div>\n","protected":false},"excerpt":{"rendered":"<p>Qu&rsquo;est-ce que l&rsquo;oxydation du vin ? En termes simplifi\u00e9s, l&rsquo;oxydation du vin blanc est [&hellip;]<\/p>\n","protected":false},"author":3,"featured_media":0,"parent":13970,"menu_order":4,"comment_status":"closed","ping_status":"closed","template":"","meta":{"_acf_changed":false,"_seopress_robots_primary_cat":"0","_seopress_titles_title":"","_seopress_titles_desc":"","_seopress_robots_index":"","footnotes":""},"class_list":["post-13974","page","type-page","status-publish"],"acf":[],"_links":{"self":[{"href":"https:\/\/oenobrands.com\/fr\/wp-json\/wp\/v2\/pages\/13974","targetHints":{"allow":["GET"]}}],"collection":[{"href":"https:\/\/oenobrands.com\/fr\/wp-json\/wp\/v2\/pages"}],"about":[{"href":"https:\/\/oenobrands.com\/fr\/wp-json\/wp\/v2\/types\/page"}],"author":[{"embeddable":true,"href":"https:\/\/oenobrands.com\/fr\/wp-json\/wp\/v2\/users\/3"}],"replies":[{"embeddable":true,"href":"https:\/\/oenobrands.com\/fr\/wp-json\/wp\/v2\/comments?post=13974"}],"version-history":[{"count":0,"href":"https:\/\/oenobrands.com\/fr\/wp-json\/wp\/v2\/pages\/13974\/revisions"}],"up":[{"embeddable":true,"href":"https:\/\/oenobrands.com\/fr\/wp-json\/wp\/v2\/pages\/13970"}],"wp:attachment":[{"href":"https:\/\/oenobrands.com\/fr\/wp-json\/wp\/v2\/media?parent=13974"}],"curies":[{"name":"wp","href":"https:\/\/api.w.org\/{rel}","templated":true}]}}