{"id":13973,"date":"2022-10-19T14:19:00","date_gmt":"2022-10-19T12:19:00","guid":{"rendered":"https:\/\/oenobrands.com\/solution\/defauts-oenologiques\/gout-de-fumee\/"},"modified":"2025-06-13T21:42:37","modified_gmt":"2025-06-13T19:42:37","slug":"gout-de-fumee","status":"publish","type":"page","link":"https:\/\/oenobrands.com\/fr\/solution\/defauts-oenologiques\/gout-de-fumee\/","title":{"rendered":"Go\u00fbt de fum\u00e9e"},"content":{"rendered":"\n<div style=\"height:50px\" aria-hidden=\"true\" class=\"wp-block-spacer\"><\/div>\n\n\n\n<p>Au cours de la derni\u00e8re d\u00e9cennie, de grands incendies ont touch\u00e9 des r\u00e9gions viticoles \u00e0 travers le monde, le changement climatique ayant un impact important sur leur r\u00e9currence et leur intensit\u00e9. <strong>Outre la destruction des vignobles et des caves, l&rsquo;exposition des raisins \u00e0 la fum\u00e9e entra\u00eene des pertes \u00e9conomiques dues \u00e0 l&rsquo;apparition de caract\u00e8res sensoriels ind\u00e9sirables dans le vin<\/strong>. Ces vins sont per\u00e7us n\u00e9gativement par les consommateurs, qui les d\u00e9crivent comme fum\u00e9s, br\u00fbl\u00e9s, cendr\u00e9s, avec des notes m\u00e9dicinales, et les qualifient g\u00e9n\u00e9ralement de \u00ab contamin\u00e9s par la fum\u00e9e \u00bb.<\/p>\n\n\n\n<div style=\"height:30px\" aria-hidden=\"true\" class=\"wp-block-spacer\"><\/div>\n\n\n\n<h2 class=\"wp-block-heading\"><strong>Quels sont les compos\u00e9s responsables du go\u00fbt de fum\u00e9e ?<\/strong><\/h2>\n\n\n\n<div style=\"height:30px\" aria-hidden=\"true\" class=\"wp-block-spacer\"><\/div>\n\n\n\n<div class=\"wp-block-columns is-layout-flex wp-container-core-columns-is-layout-9d6595d7 wp-block-columns-is-layout-flex\">\n<div class=\"wp-block-column is-layout-flow wp-block-column-is-layout-flow\">\n<p>Lors des incendies, une grande diversit\u00e9 de ph\u00e9nols volatils libres est pr\u00e9sente dans les fum\u00e9es, et ces composants sont principalement responsables du go\u00fbt de fum\u00e9e. Ces composants sont directement absorb\u00e9s par les raisins et sont en partie m\u00e9tabolis\u00e9s pour produire des glycosides qui n&rsquo;ont pas d&rsquo;ar\u00f4me fum\u00e9.  <strong>On les appelle parfois des pr\u00e9curseurs du go\u00fbt de fum\u00e9e.<\/strong><\/p>\n\n\n\n<p>Les pr\u00e9curseurs du go\u00fbt de fum\u00e9e peuvent \u00eatre cliv\u00e9s pendant la fermentation, mais principalement au fil du temps en barrique ou en bouteille, lib\u00e9rant ainsi des ph\u00e9nols volatils dans le mo\u00fbt ou le vin, ce qui permet de d\u00e9tecter l&rsquo;ar\u00f4me fum\u00e9. <strong>Lors de la d\u00e9gustation du vin, ces glycosides peuvent \u00e9galement lib\u00e9rer des ph\u00e9nols volatils dans la bouche, contribuant ainsi \u00e0 la perception du go\u00fbt de fum\u00e9e.<\/strong> Six ph\u00e9nols diff\u00e9rents sont consid\u00e9r\u00e9s comme les principaux marqueurs du go\u00fbt de fum\u00e9e : le ga\u00efacol, le 4-m\u00e9thylga\u00efacol, le 4-m\u00e9thylsyringol, l\u2019o-cr\u00e9sol, le p-cr\u00e9sol et le m-cr\u00e9sol.<\/p>\n\n\n\n<p><strong>Les glycosides du go\u00fbt de fum\u00e9e repr\u00e9sentent une bombe \u00e0 retardement, car ils sont progressivement hydrolys\u00e9s pendant le stockage du vin, lib\u00e9rant ainsi progressivement les compos\u00e9s fum\u00e9s libres et odorants.<\/strong><\/p>\n<\/div>\n\n\n\n<div class=\"wp-block-column is-layout-flow wp-block-column-is-layout-flow\" style=\"flex-basis:1%\"><\/div>\n\n\n\n<div class=\"wp-block-column is-layout-flow wp-block-column-is-layout-flow\">\n<p><\/p>\n\n\n\n<figure class=\"wp-block-image size-full zoooom\"><img loading=\"lazy\" decoding=\"async\" width=\"673\" height=\"529\" src=\"http:\/\/oenobrands.com\/wp-content\/uploads\/2024\/10\/solution-arome-defauts-vin-gouts-fumee-seuil-perception-composes-fr.png\" alt=\"solution-arome-defauts-vin-gouts-fumee-seuil-perception-composes\" class=\"wp-image-14766\" srcset=\"https:\/\/oenobrands.com\/wp-content\/uploads\/2024\/10\/solution-arome-defauts-vin-gouts-fumee-seuil-perception-composes-fr.png 673w, https:\/\/oenobrands.com\/wp-content\/uploads\/2024\/10\/solution-arome-defauts-vin-gouts-fumee-seuil-perception-composes-fr-300x236.png 300w\" sizes=\"auto, (max-width: 673px) 100vw, 673px\" \/><figcaption class=\"wp-element-caption\">Lib\u00e9ration progressive de compos\u00e9s fum\u00e9s libres et odorants dans le vin<\/figcaption><\/figure>\n<\/div>\n<\/div>\n\n\n\n<div style=\"height:30px\" aria-hidden=\"true\" class=\"wp-block-spacer\"><\/div>\n\n\n\n<h2 class=\"wp-block-heading\"><strong>Que recommandons-nous pour la gestion des raisins expos\u00e9s \u00e0 la fum\u00e9e ?<\/strong><\/h2>\n\n\n\n<div style=\"height:30px\" aria-hidden=\"true\" class=\"wp-block-spacer\"><\/div>\n\n\n\n<h3 class=\"wp-block-heading\">\u25ba <strong>\u00c9viter l&rsquo;extraction des compos\u00e9s \u00e0 mauvais go\u00fbt<\/strong><\/h3>\n\n\n\n<p>Il existe plusieurs \u00e9tapes \u00e0 suivre dans la cave pour minimiser l&rsquo;impact sensoriel de l&rsquo;exposition \u00e0 la fum\u00e9e.<\/p>\n\n\n\n<div style=\"height:30px\" aria-hidden=\"true\" class=\"wp-block-spacer\"><\/div>\n\n\n\n<div class=\"wp-block-columns has-background is-layout-flex wp-container-core-columns-is-layout-9d6595d7 wp-block-columns-is-layout-flex\" style=\"background-color:#f7f7f7\">\n<div class=\"wp-block-column is-layout-flow wp-block-column-is-layout-flow\">\n<p>Voici quelques suggestions qui se sont r\u00e9v\u00e9l\u00e9es efficaces pour une bonne gestion des raisins contamin\u00e9s par la fum\u00e9e :<\/p>\n\n\n\n<ul class=\"wp-block-list\">\n<li>R\u00e9colter les raisins \u00e0 la main, en excluant les feuilles.<\/li>\n\n\n\n<li>Garder les fruits aussi froids que possible.<\/li>\n\n\n\n<li>Presser les grappes enti\u00e8res en effectuant un minimum de rotations dans le cycle de pressurage et en s\u00e9parant les fractions de pressurage.<\/li>\n\n\n\n<li>Fermenter en grands volumes pour faciliter l&rsquo;int\u00e9gration ou le masquage du go\u00fbt de fum\u00e9e.<\/li>\n<\/ul>\n<\/div>\n\n\n\n<div class=\"wp-block-column is-layout-flow wp-block-column-is-layout-flow\" style=\"flex-basis:1%\"><\/div>\n\n\n\n<div class=\"wp-block-column is-layout-flow wp-block-column-is-layout-flow\">\n<p>La mac\u00e9ration pelliculaire doit \u00eatre aussi br\u00e8ve que possible. <strong>L&rsquo;utilisation d&rsquo;enzymes pectolytiques telles que Rapidase Extra Press pour les vins blancs et ros\u00e9s, et Rapidase Fast Color pour les vins rouges \u00e0 2 g\/100 kg de fruit, contribuera \u00e0 raccourcir la mac\u00e9ration.<\/strong><\/p>\n\n\n\n<div style=\"height:30px\" aria-hidden=\"true\" class=\"wp-block-spacer\"><\/div>\n\n\n\n<div class=\"wp-block-buttons is-content-justification-center is-layout-flex wp-container-core-buttons-is-layout-16018d1d wp-block-buttons-is-layout-flex\">\n<div class=\"wp-block-button is-style-fill\"><a class=\"wp-block-button__link wp-element-button\" href=\"https:\/\/oenobrands.com\/fr\/produit\/enzyme\/rapidase\/rapidase-extra-press\/\" target=\"_blank\" rel=\"noreferrer noopener\">Rapidase Extra Press<\/a><\/div>\n\n\n\n<div class=\"wp-block-button is-style-fill\"><a class=\"wp-block-button__link wp-element-button\" href=\"https:\/\/oenobrands.com\/fr\/produit\/enzyme\/rapidase\/rapidase-fast-color\/\" target=\"_blank\" rel=\"noreferrer noopener\">Rapidase Fast Color<\/a><\/div>\n<\/div>\n\n\n\n<div style=\"height:30px\" aria-hidden=\"true\" class=\"wp-block-spacer\"><\/div>\n<\/div>\n<\/div>\n\n\n\n<div class=\"wp-block-columns is-layout-flex wp-container-core-columns-is-layout-9d6595d7 wp-block-columns-is-layout-flex\">\n<div class=\"wp-block-column has-background is-layout-flow wp-block-column-is-layout-flow\" style=\"background-color:#f7f7f7\">\n<p>Nous recommandons l&rsquo;utilisation de levures et de bact\u00e9ries appropri\u00e9es (du Plessis, 2020, <em>Conf\u00e9rence SASEV<\/em>) pour augmenter la sensation fruit\u00e9e et absorber ou d\u00e9grader certains compos\u00e9s libres, avec <strong>Legacy VIN13 pour les vins blancs et ros\u00e9s et Legacy NT112 pour les vins rouges.<\/strong><\/p>\n\n\n\n<div class=\"wp-block-buttons is-content-justification-center is-layout-flex wp-container-core-buttons-is-layout-16018d1d wp-block-buttons-is-layout-flex\">\n<div class=\"wp-block-button is-style-fill\"><a class=\"wp-block-button__link wp-element-button\" href=\"https:\/\/oenobrands.com\/fr\/produit\/levure\/les-levures-anchor\/legacy-nt-112\/\" target=\"_blank\" rel=\"noreferrer noopener\">Legacy NT 112<\/a><\/div>\n\n\n\n<div class=\"wp-block-button is-style-fill\"><a class=\"wp-block-button__link wp-element-button\" href=\"https:\/\/oenobrands.com\/fr\/produit\/levure\/les-levures-anchor\/legacy-vin-13\/\" target=\"_blank\" rel=\"noreferrer noopener\">Legacy VIN 13<\/a><\/div>\n<\/div>\n\n\n\n<div style=\"height:30px\" aria-hidden=\"true\" class=\"wp-block-spacer\"><\/div>\n\n\n\n<figure class=\"wp-block-image size-full zoooom\"><img loading=\"lazy\" decoding=\"async\" width=\"666\" height=\"691\" src=\"http:\/\/oenobrands.com\/wp-content\/uploads\/2024\/10\/solution-arome-defauts-vin-gouts-fumee-levures-fr.png\" alt=\"solution-arome-defauts-vin-gouts-fumee-levures-fr\" class=\"wp-image-14772\" srcset=\"https:\/\/oenobrands.com\/wp-content\/uploads\/2024\/10\/solution-arome-defauts-vin-gouts-fumee-levures-fr.png 666w, https:\/\/oenobrands.com\/wp-content\/uploads\/2024\/10\/solution-arome-defauts-vin-gouts-fumee-levures-fr-289x300.png 289w\" sizes=\"auto, (max-width: 666px) 100vw, 666px\" \/><figcaption class=\"wp-element-caption\">Effet de la souche de levure sur la concentration totale des compos\u00e9s responsables du go\u00fbt de fum\u00e9e (\u00b5g\/L) apr\u00e8s fermentation alcoolique sur les vins de Chenin blanc et de Merlot (somme de guaiacol, 4-m\u00e9thylguaiacol, 4-\u00e9thylph\u00e9nol, et ph\u00e9nol) (adapt\u00e9 de du Plessis et al., 2021).<\/figcaption><\/figure>\n<\/div>\n\n\n\n<div class=\"wp-block-column is-layout-flow wp-block-column-is-layout-flow\" style=\"flex-basis:1%\"><\/div>\n\n\n\n<div class=\"wp-block-column has-background is-layout-flow wp-block-column-is-layout-flow\" style=\"background-color:#f7f7f7\">\n<p>De plus, la fermentation malolactique (FML) s\u00e9quentielle semble \u00eatre un meilleur choix que la co-inoculation, ce qui signifie que<strong> Anchor SOLO SELECT ou les cultures Maloferm<\/strong> sont les meilleures options lorsqu&rsquo;un go\u00fbt de fum\u00e9e est suspect\u00e9 ou pr\u00e9sent.<\/p>\n\n\n\n<div class=\"wp-block-buttons is-content-justification-center is-layout-flex wp-container-core-buttons-is-layout-16018d1d wp-block-buttons-is-layout-flex\">\n<div class=\"wp-block-button is-style-fill\"><a class=\"wp-block-button__link wp-element-button\" href=\"https:\/\/oenobrands.com\/fr\/produit\/bacterie\/bacteries-anchor\/solo-select\/\" target=\"_blank\" rel=\"noreferrer noopener\">Anchor SOLO select<\/a><\/div>\n\n\n\n<div class=\"wp-block-button is-style-fill\"><a class=\"wp-block-button__link wp-element-button\" href=\"https:\/\/oenobrands.com\/fr\/produit\/bacterie\/maloferm\/\" target=\"_blank\" rel=\"noreferrer noopener\">Bact\u00e9ries Maloferm<\/a><\/div>\n<\/div>\n\n\n\n<div style=\"height:30px\" aria-hidden=\"true\" class=\"wp-block-spacer\"><\/div>\n\n\n\n<figure class=\"wp-block-image size-full zoooom\"><img loading=\"lazy\" decoding=\"async\" width=\"642\" height=\"670\" src=\"http:\/\/oenobrands.com\/wp-content\/uploads\/2024\/10\/solution-arome-defauts-vin-gouts-fumee-bacteries-inoculation-fr.png\" alt=\"solution-arome-defauts-vin-gouts-fumee-bacteries-inoculation-\" class=\"wp-image-14770\" srcset=\"https:\/\/oenobrands.com\/wp-content\/uploads\/2024\/10\/solution-arome-defauts-vin-gouts-fumee-bacteries-inoculation-fr.png 642w, https:\/\/oenobrands.com\/wp-content\/uploads\/2024\/10\/solution-arome-defauts-vin-gouts-fumee-bacteries-inoculation-fr-287x300.png 287w\" sizes=\"auto, (max-width: 642px) 100vw, 642px\" \/><figcaption class=\"wp-element-caption\">Comparaison entre la FML s\u00e9quentielle et la co-inoculation r\u00e9alis\u00e9e avec diverses cultures bact\u00e9riennes sur le niveau des compos\u00e9s responsables du go\u00fbt de fum\u00e9e (guaiacol et 4-m\u00e9thylguaiacol) dans les vins de Syrah (adapt\u00e9 de du Plessis et al., 2021).<\/figcaption><\/figure>\n\n\n\n<p><\/p>\n<\/div>\n<\/div>\n\n\n\n<div style=\"height:30px\" aria-hidden=\"true\" class=\"wp-block-spacer\"><\/div>\n\n\n\n<h3 class=\"wp-block-heading\"> <strong>\u25ba R\u00e9soudre le probl\u00e8me d&rsquo;odeur de fum\u00e9e et pr\u00e9venir l&rsquo;apparition tardive du go\u00fbt de fum\u00e9e.<\/strong><\/h3>\n\n\n\n<div class=\"wp-block-columns is-layout-flex wp-container-core-columns-is-layout-9d6595d7 wp-block-columns-is-layout-flex\">\n<div class=\"wp-block-column is-layout-flow wp-block-column-is-layout-flow\">\n<p>Comme mentionn\u00e9 pr\u00e9c\u00e9demment, les compos\u00e9s responsables du go\u00fbt de fum\u00e9e existent sous des formes libres et li\u00e9es, avec une lib\u00e9ration progressive des formes libres au cours du stockage et apr\u00e8s la mise en bouteille. Cela signifie qu&rsquo;il est n\u00e9cessaire d&rsquo;\u00e9liminer \u00e0 la fois les formes libres et li\u00e9es des compos\u00e9s du vin. Malheureusement, les compos\u00e9s glycosyl\u00e9s sont tr\u00e8s polaires et difficiles \u00e0 \u00e9liminer par des techniques classiques telles que l&rsquo;absorption sur charbon actif ou les techniques membranaires.  <\/p>\n\n\n\n<p>Cependant, <strong>puisque la structure de ces compos\u00e9s est tr\u00e8s similaire \u00e0 celle des glycosides aromatiques, l&rsquo;utilisation de Rapidase Revelation Aroma semble bien adapt\u00e9e \u00e0 une action synergique avec Extraferm D\u2019tox, qui adsorbe les compos\u00e9s ind\u00e9sirables<strong> dans les lies, ou d&rsquo;autres techniques (charbon actif, filtration membranaire).<\/strong><\/strong><\/p>\n<\/div>\n\n\n\n<div class=\"wp-block-column is-layout-flow wp-block-column-is-layout-flow\" style=\"flex-basis:5px\"><\/div>\n\n\n\n<div class=\"wp-block-column is-layout-flow wp-block-column-is-layout-flow\">\n<p>Dans plusieurs \u00e9tudes, nous avons observ\u00e9 que <strong>Rapidase Revelation Aroma <\/strong>\u00e9tait capable de lib\u00e9rer un nombre significatif de ph\u00e9nols volatils \u00e0 partir de leurs formes li\u00e9es (jusqu&rsquo;\u00e0 une augmentation de 80 % pour les contr\u00f4les expos\u00e9s \u00e0 la fum\u00e9e). Il y a \u00e9galement eu des augmentations notables des attributs \u00ab\u00a0baies\u00a0\u00bb, \u00ab\u00a0floral\/parfum\u00a0\u00bb, et \u00ab\u00a0prune\/confitur\u00e9\u00a0\u00bb apr\u00e8s traitement enzymatique pour tous les vins. L&rsquo;\u00e9tape suivante, utilisant <strong>Extraferm D\u2019tox, <\/strong>a montr\u00e9 des r\u00e9sultats prometteurs pour l&rsquo;\u00e9limination des ph\u00e9nols volatils apr\u00e8s traitement enzymatique, la perception fruit\u00e9e n&rsquo;\u00e9tant pas affect\u00e9e. Il est \u00e0 noter que certains vignerons ont pr\u00e9f\u00e9r\u00e9 utiliser des traitements au charbon et l&rsquo;osmose inverse au lieu des \u00e9corces de levure, avec de bons r\u00e9sultats.<\/p>\n<\/div>\n<\/div>\n\n\n\n<p><strong>Ainsi, le protocole suivant semble \u00eatre une solution efficace gr\u00e2ce \u00e0 un double effet : un effet direct d\u00fb \u00e0 la lib\u00e9ration enzymatique et \u00e0 l&rsquo;\u00e9limination subs\u00e9quente des compos\u00e9s responsables du go\u00fbt de fum\u00e9e, et un effet indirect gr\u00e2ce \u00e0 l&rsquo;augmentation de la sensation fruit\u00e9e du vin trait\u00e9 en raison de la lib\u00e9ration de compos\u00e9s aromatiques b\u00e9n\u00e9fiques.<\/strong><\/p>\n\n\n\n<div class=\"wp-block-columns is-layout-flex wp-container-core-columns-is-layout-9d6595d7 wp-block-columns-is-layout-flex\">\n<div class=\"wp-block-column is-layout-flow wp-block-column-is-layout-flow\" style=\"flex-basis:66%\">\n<ol style=\"list-style-type:1\" class=\"wp-block-list\">\n<li>Ajoutez <strong>Rapidase Revelation Aroma <\/strong>\u00e0 5 g\/hL pendant la fermentation alcoolique pour b\u00e9n\u00e9ficier de la temp\u00e9rature la plus \u00e9lev\u00e9e possible et obtenir un temps de contact de 6 \u00e0 8 semaines, suffisant pour lib\u00e9rer les compos\u00e9s fum\u00e9s glycosyl\u00e9s sous forme libre..<\/li>\n<\/ol>\n<\/div>\n\n\n\n<div class=\"wp-block-column is-layout-flow wp-block-column-is-layout-flow\">\n<div class=\"wp-block-buttons is-content-justification-left is-layout-flex wp-container-core-buttons-is-layout-16165478 wp-block-buttons-is-layout-flex\">\n<div class=\"wp-block-button is-style-fill\"><a class=\"wp-block-button__link wp-element-button\" href=\"https:\/\/oenobrands.com\/fr\/produit\/enzyme\/rapidase\/rapidase-revelation-aroma\/\" target=\"_blank\" rel=\"noreferrer noopener\">Rapidase Revelation Aroma<\/a><\/div>\n<\/div>\n<\/div>\n<\/div>\n\n\n\n<div class=\"wp-block-columns is-layout-flex wp-container-core-columns-is-layout-9d6595d7 wp-block-columns-is-layout-flex\">\n<div class=\"wp-block-column is-layout-flow wp-block-column-is-layout-flow\" style=\"flex-basis:66%\">\n<ol start=\"2\" style=\"list-style-type:1\" class=\"wp-block-list\">\n<li>Utilisez <strong>Extraferm D\u2019tox <\/strong>en deux ajouts successifs de 20 g\/hL \u00e0 48 heures d&rsquo;intervalle (homog\u00e9n\u00e9isez\/agitez, laissez reposer et soutirez entre les deux ajouts) pour \u00e9liminer toutes les formes libres ind\u00e9sirables.<\/li>\n<\/ol>\n<\/div>\n\n\n\n<div class=\"wp-block-column is-layout-flow wp-block-column-is-layout-flow\">\n<div class=\"wp-block-buttons is-content-justification-left is-layout-flex wp-container-core-buttons-is-layout-45245d17 wp-block-buttons-is-layout-flex\">\n<div class=\"wp-block-button is-style-fill\"><a class=\"wp-block-button__link wp-element-button\" href=\"https:\/\/oenobrands.com\/fr\/produit\/derive-de-levure\/feel-safe\/extraferm-dtox\/\" target=\"_blank\" rel=\"noreferrer noopener\">Extraferm D&rsquo;tox<\/a><\/div>\n<\/div>\n<\/div>\n<\/div>\n\n\n\n<div style=\"height:30px\" aria-hidden=\"true\" class=\"wp-block-spacer\"><\/div>\n\n\n\n<div class=\"wp-block-buttons is-content-justification-center is-layout-flex wp-container-core-buttons-is-layout-16018d1d wp-block-buttons-is-layout-flex\">\n<div class=\"wp-block-button is-style-fill\"><a class=\"wp-block-button__link wp-element-button\" href=\"https:\/\/oenobrands.com\/wp-content\/uploads\/2024\/10\/RAPIDASE_Revelation-Aroma-Protocole-Smoke-Taint_2023_FR_G_01.pdf\" target=\"_blank\" rel=\"noreferrer noopener\">Protocole pour \u00e9liminer l&rsquo;odeur de fum\u00e9e<\/a><\/div>\n\n\n\n<div class=\"wp-block-button is-style-fill\"><a class=\"wp-block-button__link wp-element-button\" href=\"https:\/\/oenobrands.com\/fr\/kits-denzymes-rapidase\/\" target=\"_blank\" rel=\"noreferrer noopener\">Kit pour tester Rapidase revelation aroma<\/a><\/div>\n<\/div>\n\n\n\n<div style=\"height:70px\" aria-hidden=\"true\" class=\"wp-block-spacer\"><\/div>\n\n\n\n<div class=\"wp-block-columns is-layout-flex wp-container-core-columns-is-layout-9d6595d7 wp-block-columns-is-layout-flex\">\n<div class=\"wp-block-column is-vertically-aligned-center is-layout-flow wp-block-column-is-layout-flow\" style=\"flex-basis:30%\">\n<h1 class=\"wp-block-heading has-text-color\" style=\"color:#545859\">D\u00e9couvrez la gamme RAPIDASE<\/h1>\n\n\n\n<div style=\"height:20px\" aria-hidden=\"true\" class=\"wp-block-spacer\"><\/div>\n\n\n\n<div class=\"wp-block-buttons is-content-justification-left is-layout-flex wp-container-core-buttons-is-layout-fdcfc74e wp-block-buttons-is-layout-flex\">\n<div class=\"wp-block-button\"><a class=\"wp-block-button__link has-background wp-element-button\" href=\"https:\/\/oenobrands.com\/fr\/produit\/enzyme\/rapidase\/\" style=\"background-color:#545859\" target=\"_blank\" rel=\"noreferrer noopener\">RAPIDASE<\/a><\/div>\n<\/div>\n<\/div>\n\n\n\n<div class=\"wp-block-column is-layout-flow wp-block-column-is-layout-flow\" style=\"flex-basis:10%\">\n<div style=\"height:50px\" aria-hidden=\"true\" class=\"wp-block-spacer\"><\/div>\n<\/div>\n\n\n\n<div class=\"wp-block-column is-layout-flow wp-block-column-is-layout-flow\"><div class=\"wp-block-image\">\n<figure class=\"aligncenter size-full\"><img decoding=\"async\" src=\"http:\/\/oenobrands.com\/wp-content\/uploads\/2023\/05\/OENOBRANDS-Rapidase-bandeau.png\" alt=\"OENOBRANDS-Rapidase-bandeau\" class=\"wp-image-4529\"\/><\/figure>\n<\/div><\/div>\n<\/div>\n\n\n\n<div style=\"height:50px\" aria-hidden=\"true\" class=\"wp-block-spacer\"><\/div>\n\n\n\n<div class=\"wp-block-group\"><div class=\"wp-block-group__inner-container is-layout-constrained wp-block-group-is-layout-constrained\">\n<div class=\"wp-block-group\"><div class=\"wp-block-group__inner-container is-layout-constrained wp-block-group-is-layout-constrained\">\n<div class=\"wp-block-group\"><div class=\"wp-block-group__inner-container is-layout-constrained wp-block-group-is-layout-constrained\">\n<hr class=\"wp-block-separator has-text-color has-alpha-channel-opacity has-background\" style=\"background-color:#8a918e;color:#8a918e\"\/>\n<\/div><\/div>\n<\/div><\/div>\n\n\n\n<div class=\"wp-block-group\"><div class=\"wp-block-group__inner-container is-layout-constrained wp-block-group-is-layout-constrained\">\n<div class=\"wp-block-group\"><div class=\"wp-block-group__inner-container is-layout-constrained wp-block-group-is-layout-constrained\">\n<h2 class=\"wp-block-heading\"><strong>Et vous, qu&rsquo;en pensez-vous ?<\/strong><\/h2>\n<\/div><\/div>\n<\/div><\/div>\n\n\n\n<div class=\"wp-block-group\"><div class=\"wp-block-group__inner-container is-layout-constrained wp-block-group-is-layout-constrained\">\n<div class=\"wp-block-group\"><div class=\"wp-block-group__inner-container is-layout-constrained wp-block-group-is-layout-constrained\">\n<p>Avec une \u00e9quipe hautement qualifi\u00e9e d&rsquo;experts dans de nombreux domaines, Oenobrands s&rsquo;efforce d\u2019offrir aux vinificateurs des solutions nouvelles et scientifiquement solides, tout en mettant en avant les synergies positives entre ses produits.<\/p>\n<\/div><\/div>\n\n\n\n<div class=\"wp-block-group\"><div class=\"wp-block-group__inner-container is-layout-constrained wp-block-group-is-layout-constrained\">\n<div class=\"wp-block-group\"><div class=\"wp-block-group__inner-container is-layout-constrained wp-block-group-is-layout-constrained\">\n<div class=\"wp-block-columns is-layout-flex wp-container-core-columns-is-layout-9d6595d7 wp-block-columns-is-layout-flex\">\n<div class=\"wp-block-column is-vertically-aligned-center is-layout-flow wp-block-column-is-layout-flow\">\n<div class=\"wp-block-group wp-container-content-9cfa9a5a is-content-justification-left\"><div class=\"wp-block-group__inner-container is-layout-constrained wp-container-core-group-is-layout-8c890d92 wp-block-group-is-layout-constrained\">\n<p class=\"has-text-align-left\" style=\"font-size:0.9rem;font-style:normal;font-weight:600;letter-spacing:1px;text-transform:uppercase\">Trouvez votre solution ou produit<\/p>\n\n\n<form role=\"search\" method=\"get\" action=\"https:\/\/oenobrands.com\/fr\/\" class=\"wp-block-search__button-outside wp-block-search__icon-button wp-block-search\"    ><label class=\"wp-block-search__label screen-reader-text\" for=\"wp-block-search__input-1\" >Search<\/label><div class=\"wp-block-search__inside-wrapper\"  style=\"width: 100%\"><input class=\"wp-block-search__input\" id=\"wp-block-search__input-1\" placeholder=\"\" value=\"\" type=\"search\" name=\"s\" required  style=\"border-width: 1px\"\/><button aria-label=\"Search\" class=\"wp-block-search__button has-icon wp-element-button\" type=\"submit\"  style=\"border-width: 1px\"><svg class=\"search-icon\" viewBox=\"0 0 24 24\" width=\"24\" height=\"24\">\n\t\t\t\t\t<path d=\"M13 5c-3.3 0-6 2.7-6 6 0 1.4.5 2.7 1.3 3.7l-3.8 3.8 1.1 1.1 3.8-3.8c1 .8 2.3 1.3 3.7 1.3 3.3 0 6-2.7 6-6S16.3 5 13 5zm0 10.5c-2.5 0-4.5-2-4.5-4.5s2-4.5 4.5-4.5 4.5 2 4.5 4.5-2 4.5-4.5 4.5z\"><\/path>\n\t\t\t\t<\/svg><\/button><\/div><\/form><\/div><\/div>\n<\/div>\n\n\n\n<div class=\"wp-block-column is-layout-flow wp-block-column-is-layout-flow\" style=\"flex-basis:3px\"><\/div>\n\n\n\n<div class=\"wp-block-column is-layout-flow wp-block-column-is-layout-flow\">\n<p class=\"has-text-align-center\">Parlez-nous de vos difficult\u00e9s, et nous vous r\u00e9pondrons.<\/p>\n\n\n\n<div class=\"wp-block-buttons is-content-justification-center is-layout-flex wp-container-core-buttons-is-layout-16018d1d wp-block-buttons-is-layout-flex\">\n<div class=\"wp-block-button is-style-fill\"><a class=\"wp-block-button__link wp-element-button\" href=\"https:\/\/oenobrands.com\/fr\/contactez-nous\/\" target=\"_blank\" rel=\"noreferrer noopener\">contactez-nous<\/a><\/div>\n<\/div>\n<\/div>\n<\/div>\n<\/div><\/div>\n<\/div><\/div>\n<\/div><\/div>\n<\/div><\/div>\n\n\n\n<div style=\"height:50px\" aria-hidden=\"true\" class=\"wp-block-spacer\"><\/div>\n","protected":false},"excerpt":{"rendered":"<p>Au cours de la derni\u00e8re d\u00e9cennie, de grands incendies ont touch\u00e9 des r\u00e9gions viticoles [&hellip;]<\/p>\n","protected":false},"author":3,"featured_media":0,"parent":13970,"menu_order":3,"comment_status":"closed","ping_status":"closed","template":"","meta":{"_acf_changed":false,"_seopress_robots_primary_cat":"0","_seopress_titles_title":"","_seopress_titles_desc":"","_seopress_robots_index":"","footnotes":""},"class_list":["post-13973","page","type-page","status-publish"],"acf":[],"_links":{"self":[{"href":"https:\/\/oenobrands.com\/fr\/wp-json\/wp\/v2\/pages\/13973","targetHints":{"allow":["GET"]}}],"collection":[{"href":"https:\/\/oenobrands.com\/fr\/wp-json\/wp\/v2\/pages"}],"about":[{"href":"https:\/\/oenobrands.com\/fr\/wp-json\/wp\/v2\/types\/page"}],"author":[{"embeddable":true,"href":"https:\/\/oenobrands.com\/fr\/wp-json\/wp\/v2\/users\/3"}],"replies":[{"embeddable":true,"href":"https:\/\/oenobrands.com\/fr\/wp-json\/wp\/v2\/comments?post=13973"}],"version-history":[{"count":0,"href":"https:\/\/oenobrands.com\/fr\/wp-json\/wp\/v2\/pages\/13973\/revisions"}],"up":[{"embeddable":true,"href":"https:\/\/oenobrands.com\/fr\/wp-json\/wp\/v2\/pages\/13970"}],"wp:attachment":[{"href":"https:\/\/oenobrands.com\/fr\/wp-json\/wp\/v2\/media?parent=13973"}],"curies":[{"name":"wp","href":"https:\/\/api.w.org\/{rel}","templated":true}]}}