{"id":13969,"date":"2024-05-20T15:01:50","date_gmt":"2024-05-20T13:01:50","guid":{"rendered":"https:\/\/oenobrands.com\/production-de-levures\/"},"modified":"2025-06-13T23:55:53","modified_gmt":"2025-06-13T21:55:53","slug":"production-de-levures","status":"publish","type":"page","link":"https:\/\/oenobrands.com\/fr\/production-de-levures\/","title":{"rendered":"Production de levures"},"content":{"rendered":"\n<div style=\"height:50px\" aria-hidden=\"true\" class=\"wp-block-spacer\"><\/div>\n\n\n\n<h2 class=\"wp-block-heading\"><strong>Qu&rsquo;est-ce qu&rsquo;une levure ?<\/strong><\/h2>\n\n\n\n<div style=\"height:30px\" aria-hidden=\"true\" class=\"wp-block-spacer\"><\/div>\n\n\n\n<p>Une levure est un microorganisme unicellulaire, souvent issu de la famille des <em>Saccharomyces cerevisiae,<\/em> utilis\u00e9 en \u0153nologie pour la fermentation alcoolique. Elle transforme les sucres pr\u00e9sents dans le mo\u00fbt de raisin en alcool et en dioxyde de carbone, jouant ainsi un r\u00f4le essentiel dans la production du vin. Des levures non-<em>Saccharomyces <\/em>sont \u00e9galement utilis\u00e9es, contribuant \u00e0 la complexit\u00e9 aromatique du vin ou \u00e0 la bioprotection. <\/p>\n\n\n\n<div style=\"height:50px\" aria-hidden=\"true\" class=\"wp-block-spacer\"><\/div>\n\n\n\n<h2 class=\"wp-block-heading\"><strong>Pourquoi utiliser des levures s\u00e8ches actives (ADY) ?<\/strong><\/h2>\n\n\n\n<div style=\"height:30px\" aria-hidden=\"true\" class=\"wp-block-spacer\"><\/div>\n\n\n\n<div class=\"wp-block-columns has-background is-layout-flex wp-container-core-columns-is-layout-9d6595d7 wp-block-columns-is-layout-flex\" style=\"background-color:#f7f7f7\">\n<div class=\"wp-block-column is-layout-flow wp-block-column-is-layout-flow\">\n<p>En ce qui concerne la performance de la fermentation, les levures s\u00e8ches actives offrent une grande r\u00e9gularit\u00e9. \u00c9tant une culture pure de levure, on peut compter sur elle pour fermenter de mani\u00e8re r\u00e9guli\u00e8re et \u00e0 un rythme pr\u00e9visible. Elle garantit \u00e9galement que le produit final a un ar\u00f4me et une saveur constants.  <\/p>\n\n\n\n<p><strong>Les levures s\u00e8ches actives sont pratiques \u00e0 stocker et \u00e0 utiliser en vinification. <\/strong>Contrairement aux levures liquides ou en cr\u00e8me, qui sont sensibles aux conditions de temp\u00e9rature et de stockage, les levures s\u00e8ches actives peuvent \u00eatre conserv\u00e9es longtemps.<\/p>\n<\/div>\n\n\n\n<div class=\"wp-block-column is-layout-flow wp-block-column-is-layout-flow\" style=\"flex-basis:5%\"><\/div>\n\n\n\n<div class=\"wp-block-column is-layout-flow wp-block-column-is-layout-flow\">\n<p><em>Saccharomyces cerevisiae <\/em>pr\u00e9sente des caract\u00e9ristiques variables en fonction des conditions de sa s\u00e9lection et de sa production en usine (diff\u00e9rentes r\u00e9sistances, activit\u00e9s enzymatiques, composition chimique), ce qui permet des usages sp\u00e9cifiques en vinification. Oenobrands est un fournisseur de premier plan, et gr\u00e2ce \u00e0 de nouvelles technologies am\u00e9lior\u00e9es, nous pouvons offrir d&rsquo;autres esp\u00e8ces que <em>Saccharomyces cerevisiae<\/em>, telles que <em>Hanseniaspora vineae<\/em>. <\/p>\n<\/div>\n<\/div>\n\n\n\n<div style=\"height:50px\" aria-hidden=\"true\" class=\"wp-block-spacer\"><\/div>\n\n\n\n<h2 class=\"wp-block-heading\"><strong>Comment obtenons-nous les souches de levure que nous commercialisons ?<\/strong><\/h2>\n\n\n\n<div style=\"height:30px\" aria-hidden=\"true\" class=\"wp-block-spacer\"><\/div>\n\n\n\n<p>Parmi d&rsquo;autres techniques, nous obtenons nos souches de levure par isolement, s\u00e9lection ou hybridation.<\/p>\n\n\n\n<p>Il est important de noter que ces proc\u00e9dures prennent du temps, mais elles garantissent que la levure obtenue est naturelle, capable d&rsquo;\u00eatre produite industriellement, et correspond aux caract\u00e9ristiques sp\u00e9cifiques pour lesquelles elle a \u00e9t\u00e9 choisie.<\/p>\n\n\n\n<div class=\"wp-block-columns is-layout-flex wp-container-core-columns-is-layout-9d6595d7 wp-block-columns-is-layout-flex\">\n<div class=\"wp-block-column has-background is-layout-flow wp-block-column-is-layout-flow\" style=\"background-color:#f7f7f7\">\n<h4 class=\"wp-block-heading\"><strong>S\u00e9lection de levures \u0153nologiques<\/strong><\/h4>\n\n\n\n<p>Les \u00e9tapes suivantes sont couramment incluses dans le processus de s\u00e9lection des levures \u0153nologiques :<\/p>\n\n\n\n<ol class=\"wp-block-list\">\n<li><strong>Isolement et r\u00e9cup\u00e9ration des souches de levure : <\/strong>Les souches de levure se trouvent naturellement sur les raisins, dans la cave ou dans l&rsquo;environnement. Une s\u00e9rie de tests et de m\u00e9thodes en laboratoire est utilis\u00e9e pour les collecter et les isoler. <\/li>\n\n\n\n<li><strong>Une fois les souches de levure isol\u00e9es,<\/strong> elles sont identifi\u00e9es et caract\u00e9ris\u00e9es en fonction de leur forme, taille, et vitesse de croissance, entre autres.<\/li>\n\n\n\n<li><strong>Exp\u00e9riences de fermentation : <\/strong>Apr\u00e8s identification et caract\u00e9risation d&rsquo;une souche de levure, celle-ci est test\u00e9e lors de plusieurs essais de fermentation pour \u00e9valuer sa capacit\u00e9 \u00e0 fermenter le mo\u00fbt de raisin et \u00e0 g\u00e9n\u00e9rer les ar\u00f4mes et saveurs souhait\u00e9s.<\/li>\n\n\n\n<li><strong>S\u00e9lection et \u00e9valuation : <\/strong>Les souches de levure qui obtiennent de bons r\u00e9sultats lors des essais de fermentation sont s\u00e9lectionn\u00e9es et \u00e9valu\u00e9es en fonction de leur capacit\u00e9 \u00e0 cr\u00e9er des caract\u00e9ristiques sp\u00e9cifiques du vin, telles que l&rsquo;ar\u00f4me, la saveur et la couleur.<\/li>\n\n\n\n<li><strong>Stabilit\u00e9 de la souche<\/strong> : Une fois s\u00e9lectionn\u00e9e, la souche de levure est maintenue en culture en laboratoire afin d&rsquo;assurer qu&rsquo;elle conserve sa puret\u00e9 et ses caract\u00e9ristiques constantes.<\/li>\n<\/ol>\n<\/div>\n\n\n\n<div class=\"wp-block-column is-layout-flow wp-block-column-is-layout-flow\" style=\"flex-basis:5%\"><\/div>\n\n\n\n<div class=\"wp-block-column has-background is-layout-flow wp-block-column-is-layout-flow\" style=\"background-color:#f7f7f7\">\n<h4 class=\"wp-block-heading\"><strong>Hybridation de levures \u0153nologiques<\/strong><\/h4>\n\n\n\n<p>Par d\u00e9finition, toutes les levures sont des hybrides, tout comme les humains. Cependant, on peut reproduire en laboratoire les conditions naturelles qui provoquent l&rsquo;hybridation. Ce processus peut se produire lorsque deux souches de levure interagissent et se reproduisent, donnant naissance \u00e0 une nouvelle souche avec les caract\u00e9ristiques des deux souches parentales.  <\/p>\n\n\n\n<p>Les souches de levure sont cultiv\u00e9es sur un milieu de sporulation. Les souches pures de levure sont ensuite laiss\u00e9es pour interagir et se reproduire par un processus appel\u00e9 accouplement. Cela peut \u00eatre accompli en combinant les deux souches. On peut \u00e9galement r\u00e9aliser un accouplement de masse en sporulant plusieurs levures et en m\u00e9langeant toutes leurs spores. Quelle que soit la technique utilis\u00e9e, les souches hybrides obtenues passent ensuite par le m\u00eame processus qu&rsquo;une souche de levure s\u00e9lectionn\u00e9e : elles sont identifi\u00e9es et caract\u00e9ris\u00e9es, soumises \u00e0 des essais de fermentation, et v\u00e9rifi\u00e9es pour s&rsquo;assurer de leur bon fonctionnement et de leur capacit\u00e9 \u00e0 \u00eatre produites industriellement et conserv\u00e9es comme culture pure en laboratoire.    <\/p>\n\n\n\n<div style=\"height:30px\" aria-hidden=\"true\" class=\"wp-block-spacer\"><\/div>\n<\/div>\n<\/div>\n\n\n\n<div style=\"height:50px\" aria-hidden=\"true\" class=\"wp-block-spacer\"><\/div>\n\n\n\n<hr class=\"wp-block-separator has-alpha-channel-opacity is-style-dots\"\/>\n\n\n\n<p class=\"has-drop-cap has-text-align-left\"><strong>Nous s\u00e9lectionnons et vendons des souches de levure uniques,<\/strong> que ce soit pour le portefeuille de levures Anchor ou Fermivin.<\/p>\n\n\n\n<div class=\"wp-block-columns is-layout-flex wp-container-core-columns-is-layout-9d6595d7 wp-block-columns-is-layout-flex\">\n<div class=\"wp-block-column has-background is-layout-flow wp-block-column-is-layout-flow\" style=\"background-color:#d3cdb7\">\n<p>Les <strong>levures Fermivin sont principalement des souches de levure s\u00e9lectionn\u00e9es<\/strong>, incluant <em>Saccharomyces cerevisiae<\/em> var. <em>cerevisiae <\/em>et var. <em>bayanus<\/em>, ainsi que des levures non-<em>Saccharomyces <\/em>comme <em>Hanseniaspora vineae.<\/em><\/p>\n<\/div>\n\n\n\n<div class=\"wp-block-column is-layout-flow wp-block-column-is-layout-flow\" style=\"flex-basis:10px\"><\/div>\n\n\n\n<div class=\"wp-block-column has-background is-layout-flow wp-block-column-is-layout-flow\" style=\"background-color:#00205c3b\">\n<p><strong>Les levures Anchor sont principalement des souches hybrides,<\/strong> incluant des hybrides inter- et intra-esp\u00e8ces, que nous fournissons seules ou en m\u00e9lange selon une approche scientifique.<\/p>\n<\/div>\n<\/div>\n\n\n\n<div style=\"height:50px\" aria-hidden=\"true\" class=\"wp-block-spacer\"><\/div>\n\n\n\n<hr class=\"wp-block-separator has-alpha-channel-opacity is-style-dots\"\/>\n\n\n\n<h2 class=\"wp-block-heading\"><strong>Comment sont produites les levures s\u00e8ches actives ?<\/strong><\/h2>\n\n\n\n<div style=\"height:30px\" aria-hidden=\"true\" class=\"wp-block-spacer\"><\/div>\n\n\n\n<p>Cliquez sur chaque \u00e9tape pour en savoir plus.<\/p>\n\n\n\n<div class=\"wp-block-columns is-layout-flex wp-container-core-columns-is-layout-9d6595d7 wp-block-columns-is-layout-flex\">\n<div class=\"wp-block-column is-layout-flow wp-block-column-is-layout-flow\">\n<details class=\"wp-block-details is-layout-flow wp-block-details-is-layout-flow\" style=\"text-transform:uppercase\"><summary>1. Croissance de la culture pure de levure<\/summary>\n<p><span style=\"text-transform:none\">La production de levures s\u00e8ches actives commence par la croissance d&rsquo;une culture pure de levure en laboratoire. Apr\u00e8s avoir \u00e9tabli la culture pure, \u00e9tape qui n\u00e9cessite de travailler dans des conditions strictement aseptiques pour \u00e9viter tout risque de contamination, elle est multipli\u00e9e dans des r\u00e9cipients et cuves de plus en plus grands avec une recette sp\u00e9cifique comprenant de l&rsquo;eau, de la m\u00e9lasse, des sels, des oligo-\u00e9l\u00e9ments et des vitamines sous contr\u00f4le du pH. <\/span><\/p>\n<\/details>\n\n\n\n<details class=\"wp-block-details is-layout-flow wp-block-details-is-layout-flow\" style=\"text-transform:uppercase\"><summary>2. Fermentation et r\u00e9cup\u00e9ration.<\/summary>\n<p><span style=\"text-transform:none\">Apr\u00e8s la fermentation, les cellules de levure sont collect\u00e9es et appel\u00e9es \u00ab cr\u00e8me de levure \u00bb.<\/span><\/p>\n<\/details>\n<\/div>\n\n\n\n<div class=\"wp-block-column is-layout-flow wp-block-column-is-layout-flow\" style=\"flex-basis:5%\"><\/div>\n\n\n\n<div class=\"wp-block-column is-layout-flow wp-block-column-is-layout-flow\">\n<details class=\"wp-block-details is-layout-flow wp-block-details-is-layout-flow\" style=\"text-transform:uppercase\"><summary>3. Filtration et s\u00e9chage par pulv\u00e9risation<\/summary>\n<p><span style=\"text-transform:none\">La filtration et le s\u00e9chage par pulv\u00e9risation sont utilis\u00e9s pour s\u00e9cher cette cr\u00e8me de levure. Les cellules de levure sont suspendues dans un flux d&rsquo;air chauff\u00e9, qui \u00e9limine l&rsquo;eau susceptible d&rsquo;alt\u00e9rer les micro-organismes et laisse une levure s\u00e8che et poudreuse qui peut \u00eatre facilement conditionn\u00e9e et stock\u00e9e. Le r\u00e9sultat final est une levure hautement concentr\u00e9e qui peut \u00eatre r\u00e9hydrat\u00e9e dans l&rsquo;eau avant utilisation.  <\/span><\/p>\n<\/details>\n\n\n\n<details class=\"wp-block-details is-layout-flow wp-block-details-is-layout-flow\" style=\"text-transform:uppercase\"><summary>4. Tests de qualit\u00e9<\/summary>\n<p><span style=\"text-transform:none\">Avant d&rsquo;\u00eatre commercialis\u00e9es, nos levures \u0153nologiques sont test\u00e9es pour leur puret\u00e9, viabilit\u00e9 et performance afin de r\u00e9pondre aux sp\u00e9cifications. Cela inclut des tests sur les standards de l&rsquo;industrie du vin, les contaminants et la fermentation de la levure. Nous offrons une tra\u00e7abilit\u00e9 compl\u00e8te des produits et des produits de haute qualit\u00e9.  <\/span><\/p>\n<\/details>\n<\/div>\n<\/div>\n\n\n\n<div class=\"wp-block-group\"><div class=\"wp-block-group__inner-container is-layout-constrained wp-block-group-is-layout-constrained\">\n<div class=\"wp-block-columns is-layout-flex wp-container-core-columns-is-layout-9d6595d7 wp-block-columns-is-layout-flex\">\n<div class=\"wp-block-column has-background is-layout-flow wp-block-column-is-layout-flow\" style=\"background-color:#d3cdb7\">\n<h3 class=\"wp-block-heading\"><strong>Pourquoi les levures Fermivin sont-elles en vermicelles ?<\/strong><\/h3>\n\n\n\n<p>Les vermicelles, ou formes ressemblant \u00e0 des nouilles, sont cr\u00e9\u00e9s gr\u00e2ce \u00e0 des proc\u00e9d\u00e9s de fabrication comme le s\u00e9chage par pulv\u00e9risation ou l&rsquo;agglom\u00e9ration. Ce processus cr\u00e9e des particules allong\u00e9es <\/p>\n<\/div>\n\n\n\n<div class=\"wp-block-column is-layout-flow wp-block-column-is-layout-flow\" style=\"flex-basis:10px\"><\/div>\n\n\n\n<div class=\"wp-block-column has-background is-layout-flow wp-block-column-is-layout-flow\" style=\"background-color:#00205c3b\">\n<h3 class=\"wp-block-heading\"><strong><strong><strong>Pourquoi les levures Anchor sont-elles en granul\u00e9s ? <\/strong><\/strong><\/strong><\/h3>\n\n\n\n<p>Les granul\u00e9s sont form\u00e9s par un proc\u00e9d\u00e9 d&rsquo;extrusion, o\u00f9 les cellules de levure sont compact\u00e9es et fa\u00e7onn\u00e9es en granul\u00e9s.<\/p>\n<\/div>\n<\/div>\n<\/div><\/div>\n\n\n\n<div style=\"height:30px\" aria-hidden=\"true\" class=\"wp-block-spacer\"><\/div>\n\n\n\n<div class=\"wp-block-group has-background\" style=\"background-color:#accc51\"><div class=\"wp-block-group__inner-container is-layout-constrained wp-block-group-is-layout-constrained\">\n<div style=\"height:30px\" aria-hidden=\"true\" class=\"wp-block-spacer\"><\/div>\n\n\n\n<h3 class=\"wp-block-heading\"><strong><strong>Qu&rsquo;en est-il des levures In-Line Ready ?<\/strong><\/strong><\/h3>\n\n\n\n<div class=\"wp-block-group is-vertical is-layout-flex wp-container-core-group-is-layout-8cf370e7 wp-block-group-is-layout-flex\">\n<div style=\"height:0px\" aria-hidden=\"true\" class=\"wp-block-spacer wp-container-content-cf2db169\"><\/div>\n\n\n\n<div class=\"wp-block-columns is-layout-flex wp-container-core-columns-is-layout-9d6595d7 wp-block-columns-is-layout-flex\">\n<div class=\"wp-block-column is-layout-flow wp-block-column-is-layout-flow\" style=\"flex-basis:8px\"><\/div>\n\n\n\n<div class=\"wp-block-column is-vertically-aligned-center is-layout-flow wp-block-column-is-layout-flow\">\n<p><strong><strong>In-Line Ready<\/strong> <\/strong>est un label pour les levures Fermivin, lanc\u00e9 en 2013, pour distinguer les souches Fermivin produites avec ce proc\u00e9d\u00e9 am\u00e9lior\u00e9 des recettes classiques \u00e0 utiliser apr\u00e8s r\u00e9hydratation. <\/p>\n<\/div>\n\n\n\n<div class=\"wp-block-column is-vertically-aligned-center is-layout-flow wp-block-column-is-layout-flow\"><div class=\"wp-block-image is-style-default\">\n<figure class=\"aligncenter is-resized\"><img loading=\"lazy\" decoding=\"async\" width=\"166\" height=\"166\" src=\"http:\/\/oenobrands.com\/wp-content\/uploads\/2024\/05\/ILR-In-Line-Ready-Fermivin-1.png\" alt=\"ILR-In-Line-Ready-fermivin\" class=\"wp-image-6797\" style=\"width:135px;height:auto\" srcset=\"https:\/\/oenobrands.com\/wp-content\/uploads\/2024\/05\/ILR-In-Line-Ready-Fermivin-1.png 166w, https:\/\/oenobrands.com\/wp-content\/uploads\/2024\/05\/ILR-In-Line-Ready-Fermivin-1-150x150.png 150w\" sizes=\"auto, (max-width: 166px) 100vw, 166px\" \/><\/figure>\n<\/div><\/div>\n\n\n\n<div class=\"wp-block-column is-vertically-aligned-center is-layout-flow wp-block-column-is-layout-flow\">\n<p><strong>Le processus de production In-Line Ready renforce les levures pour une inoculation directe plus facile dans le mo\u00fbt,<\/strong> compar\u00e9 aux levures classiques \u00e0 inoculer apr\u00e8s r\u00e9hydratation.<\/p>\n<\/div>\n<\/div>\n\n\n\n<div style=\"height:0px\" aria-hidden=\"true\" class=\"wp-block-spacer wp-container-content-cf2db169\"><\/div>\n<\/div>\n<\/div><\/div>\n\n\n\n<div style=\"height:30px\" aria-hidden=\"true\" class=\"wp-block-spacer\"><\/div>\n\n\n\n<p class=\"has-drop-cap\">Voici le processus de production des levures Fermivin, soulignant la diff\u00e9rence entre la<strong> production classique de Fermivin,<\/strong> \u00e0 utiliser apr\u00e8s r\u00e9hydratation, et le <strong>processus In-Line Ready Fermivin, <\/strong>qui permet une utilisation directe.<\/p>\n\n\n\n<div style=\"height:30px\" aria-hidden=\"true\" class=\"wp-block-spacer\"><\/div>\n\n\n\n<div class=\"wp-block-buttons is-content-justification-center is-layout-flex wp-container-core-buttons-is-layout-16018d1d wp-block-buttons-is-layout-flex\">\n<div class=\"wp-block-button\"><a class=\"wp-block-button__link wp-element-button\" href=\"https:\/\/oenobrands.com\/fr\/solution\/fermentation-alcoolique\/inoculation-des-levures\/\">Inoculation des levures<\/a><\/div>\n\n\n\n<div class=\"wp-block-button\"><a class=\"wp-block-button__link wp-element-button\" href=\"https:\/\/oenobrands.com\/fr\/solution\/fermentation-alcoolique\/inoculation-directe-des-levures\/\">Inoculation directe des levures<\/a><\/div>\n<\/div>\n\n\n\n<div style=\"height:30px\" aria-hidden=\"true\" class=\"wp-block-spacer\"><\/div>\n\n\n<div class=\"wp-block-image\">\n<figure class=\"aligncenter size-full\"><img alt=\"\" loading=\"lazy\" decoding=\"async\" width=\"638\" height=\"854\" src=\"http:\/\/oenobrands.com\/wp-content\/uploads\/2024\/10\/FR-PRODUCTION-levures-fermivin.png\" alt=\"\" class=\"wp-image-15369\" srcset=\"https:\/\/oenobrands.com\/wp-content\/uploads\/2024\/10\/FR-PRODUCTION-levures-fermivin.png 638w, https:\/\/oenobrands.com\/wp-content\/uploads\/2024\/10\/FR-PRODUCTION-levures-fermivin-224x300.png 224w\" sizes=\"auto, (max-width: 638px) 100vw, 638px\" \/><\/figure>\n<\/div>\n\n\n<div style=\"height:50px\" aria-hidden=\"true\" class=\"wp-block-spacer\"><\/div>\n\n\n\n<div class=\"wp-block-group\"><div class=\"wp-block-group__inner-container is-layout-constrained wp-block-group-is-layout-constrained\">\n<h2 class=\"wp-block-heading has-text-align-left\"><strong>Comment trouver la bonne levure dans notre vaste portefeuille ?<\/strong><\/h2>\n\n\n\n<div style=\"height:30px\" aria-hidden=\"true\" class=\"wp-block-spacer\"><\/div>\n\n\n\n<div class=\"wp-block-columns is-layout-flex wp-container-core-columns-is-layout-9d6595d7 wp-block-columns-is-layout-flex\">\n<div class=\"wp-block-column is-vertically-aligned-center is-layout-flow wp-block-column-is-layout-flow\">\n<div class=\"wp-block-buttons is-content-justification-center is-layout-flex wp-container-core-buttons-is-layout-16018d1d wp-block-buttons-is-layout-flex\">\n<div class=\"wp-block-button\"><a class=\"wp-block-button__link wp-element-button\" href=\"https:\/\/oenobrands.com\/fr\/produit\/levure\/choix-des-levures-anchor\/\" target=\"_blank\" rel=\"noreferrer noopener\">Choix de levures Anchor<\/a><\/div>\n<\/div>\n<\/div>\n\n\n\n<div class=\"wp-block-column is-layout-flow wp-block-column-is-layout-flow\">\n<div class=\"wp-block-buttons is-content-justification-center is-layout-flex wp-container-core-buttons-is-layout-16018d1d wp-block-buttons-is-layout-flex\">\n<div class=\"wp-block-button\"><a class=\"wp-block-button__link wp-element-button\" href=\"https:\/\/oenobrands.com\/fr\/produit\/levure\/choix-des-fermivin\/\" target=\"_blank\" rel=\"noreferrer noopener\">Choix des levures Fermivin<\/a><\/div>\n<\/div>\n<\/div>\n<\/div>\n<\/div><\/div>\n\n\n\n<div style=\"height:50px\" aria-hidden=\"true\" class=\"wp-block-spacer\"><\/div>\n","protected":false},"excerpt":{"rendered":"<p>Qu&rsquo;est-ce qu&rsquo;une levure ? Une levure est un microorganisme unicellulaire, souvent issu de la [&hellip;]<\/p>\n","protected":false},"author":3,"featured_media":0,"parent":0,"menu_order":0,"comment_status":"closed","ping_status":"closed","template":"","meta":{"_acf_changed":false,"_seopress_robots_primary_cat":"0","_seopress_titles_title":"","_seopress_titles_desc":"","_seopress_robots_index":"","footnotes":""},"class_list":["post-13969","page","type-page","status-publish"],"acf":[],"_links":{"self":[{"href":"https:\/\/oenobrands.com\/fr\/wp-json\/wp\/v2\/pages\/13969","targetHints":{"allow":["GET"]}}],"collection":[{"href":"https:\/\/oenobrands.com\/fr\/wp-json\/wp\/v2\/pages"}],"about":[{"href":"https:\/\/oenobrands.com\/fr\/wp-json\/wp\/v2\/types\/page"}],"author":[{"embeddable":true,"href":"https:\/\/oenobrands.com\/fr\/wp-json\/wp\/v2\/users\/3"}],"replies":[{"embeddable":true,"href":"https:\/\/oenobrands.com\/fr\/wp-json\/wp\/v2\/comments?post=13969"}],"version-history":[{"count":0,"href":"https:\/\/oenobrands.com\/fr\/wp-json\/wp\/v2\/pages\/13969\/revisions"}],"wp:attachment":[{"href":"https:\/\/oenobrands.com\/fr\/wp-json\/wp\/v2\/media?parent=13969"}],"curies":[{"name":"wp","href":"https:\/\/api.w.org\/{rel}","templated":true}]}}