{"id":13966,"date":"2022-10-20T10:38:06","date_gmt":"2022-10-20T08:38:06","guid":{"rendered":"https:\/\/oenobrands.com\/solution\/stabilisation-des-vins\/stabilisation-tartrique\/"},"modified":"2025-06-13T21:43:01","modified_gmt":"2025-06-13T19:43:01","slug":"stabilisation-tartrique","status":"publish","type":"page","link":"https:\/\/oenobrands.com\/fr\/solution\/stabilisation-des-vins\/stabilisation-tartrique\/","title":{"rendered":"Stabilisation tartrique"},"content":{"rendered":"\n<div style=\"height:50px\" aria-hidden=\"true\" class=\"wp-block-spacer\"><\/div>\n\n\n\n<h2 class=\"wp-block-heading has-large-font-size\"><strong>Qu&rsquo;est-ce que la<\/strong> <strong>stabilisation tartrique du vin ?&nbsp;<\/strong><\/h2>\n\n\n\n<div style=\"height:50px\" aria-hidden=\"true\" class=\"wp-block-spacer\"><\/div>\n\n\n\n<div class=\"wp-block-columns is-layout-flex wp-container-core-columns-is-layout-9d6595d7 wp-block-columns-is-layout-flex\">\n<div class=\"wp-block-column is-layout-flow wp-block-column-is-layout-flow\" style=\"flex-basis:50%\">\n<p><strong>La stabilisation tartrique est une \u00e9tape cl\u00e9 dans le processus de vinificatio<\/strong>n qui emp\u00eache la formation de cristaux de tartre dans le produit final. Ces cristaux, constitu\u00e9s de tartrate de potassium et de tartrate de calcium, peuvent se former lorsque le vin est refroidi et peuvent \u00eatre inesth\u00e9tiques et peu attrayants pour les consommateurs. <strong>Bien qu&rsquo;il existe plusieurs m\u00e9thodes de stabilisation tartrique, l&rsquo;une des plus efficaces est l&rsquo;utilisation des mannoprot\u00e9ines de levure.<\/strong> <\/p>\n<\/div>\n\n\n\n<div class=\"wp-block-column is-layout-flow wp-block-column-is-layout-flow\" style=\"flex-basis:50%\">\n<p>Le processus de stabilisation tartrique consiste \u00e0<strong> emp\u00eacher la pr\u00e9cipitation de ces cristaux avant qu&rsquo;ils ne se forment. <\/strong>Une m\u00e9thode pour y parvenir est l&rsquo;utilisation des mannoprot\u00e9ines de levure. <\/p>\n<\/div>\n<\/div>\n\n\n\n<div style=\"height:50px\" aria-hidden=\"true\" class=\"wp-block-spacer\"><\/div>\n\n\n\n<h2 class=\"wp-block-heading\"><strong>Que sont les mannoprot\u00e9ines de levure et pourquoi certaines sont-elles sp\u00e9cifiques pour inhiber la pr\u00e9cipitation des sels de tartre ?&nbsp;<\/strong><\/h2>\n\n\n\n<div style=\"height:30px\" aria-hidden=\"true\" class=\"wp-block-spacer\"><\/div>\n\n\n\n<div class=\"wp-block-columns is-layout-flex wp-container-core-columns-is-layout-9d6595d7 wp-block-columns-is-layout-flex\">\n<div class=\"wp-block-column is-layout-flow wp-block-column-is-layout-flow\" style=\"flex-basis:33.33%\">\n<p><strong>Les mannoprot\u00e9ines de levure sont un type de prot\u00e9ines pr\u00e9sentes dans les parois cellulaires des levures.<\/strong> Elles ont un effet inhibiteur sur la pr\u00e9cipitation des sels de tartre gr\u00e2ce \u00e0 leur capacit\u00e9 \u00e0 se lier aux cristaux et \u00e0 emp\u00eacher leur formation et leur croissance. <\/p>\n<\/div>\n\n\n\n<div class=\"wp-block-column is-layout-flow wp-block-column-is-layout-flow\" style=\"flex-basis:10px\"><\/div>\n\n\n\n<div class=\"wp-block-column is-layout-flow wp-block-column-is-layout-flow\" style=\"flex-basis:33.33%\">\n<p>Dans la vaste famille des polysaccharides, <strong>les mannoprot\u00e9ines constituent un grand groupe en raison des multiples variations de leurs composants principaux,<\/strong> qui sont les prot\u00e9ines et le mannose (unit\u00e9s de sucre avec diff\u00e9rentes possibilit\u00e9s de ramification).<\/p>\n<\/div>\n\n\n\n<div class=\"wp-block-column is-layout-flow wp-block-column-is-layout-flow\" style=\"flex-basis:10px\"><\/div>\n\n\n\n<div class=\"wp-block-column is-layout-flow wp-block-column-is-layout-flow\" style=\"flex-basis:33.33%\">\n<p>Les cha\u00eenes de mannane peuvent avoir des longueurs diff\u00e9rentes, la partie peptidique peut avoir des tailles vari\u00e9es, et les proportions relatives des fractions peptidiques et mannanes peuvent fluctuer.<\/p>\n<\/div>\n<\/div>\n\n\n\n<h2 class=\"wp-block-heading\"><strong>Quels sont les avantages de l&rsquo;utilisation des mannoprot\u00e9ines de levure Claristar pour la stabilisation tartrique ?&nbsp;<\/strong><\/h2>\n\n\n\n<div class=\"wp-block-group has-background\" style=\"background-color:#f7f7f7\"><div class=\"wp-block-group__inner-container is-layout-constrained wp-block-group-is-layout-constrained\">\n<div class=\"wp-block-columns has-background is-layout-flex wp-container-core-columns-is-layout-9d6595d7 wp-block-columns-is-layout-flex\" style=\"background-color:#f7f7f7\">\n<div class=\"wp-block-column is-layout-flow wp-block-column-is-layout-flow\" style=\"flex-basis:50%\">\n<p><strong>Claristar<sup>\u00ae<\/sup> est la toute premi\u00e8re mannoprot\u00e9ine liquide au monde pour la production de vins de qualit\u00e9.<\/strong> &nbsp; Elle poss\u00e8de des propri\u00e9t\u00e9s stabilisantes uniques, lui permettant d&rsquo;inhiber la pr\u00e9cipitation des sels de bitartrate de potassium dans les vins rouges, blancs et ros\u00e9s. Le processus de production brevet\u00e9 permet \u00e0 Oenobrands de fournir une solution purifi\u00e9e de mannoprot\u00e9ines sp\u00e9cifiques, extraites de <em>Saccharomyces cerevisiae<\/em>.  &nbsp;<\/p>\n<\/div>\n\n\n\n<div class=\"wp-block-column is-layout-flow wp-block-column-is-layout-flow\" style=\"flex-basis:60%\">\n<div style=\"height:0px\" aria-hidden=\"true\" class=\"wp-block-spacer\"><\/div>\n\n\n\n<div class=\"wp-block-buttons is-content-justification-center is-layout-flex wp-container-core-buttons-is-layout-16018d1d wp-block-buttons-is-layout-flex\">\n<div class=\"wp-block-button\"><a class=\"wp-block-button__link has-white-color has-text-color has-background wp-element-button\" href=\"https:\/\/oenobrands.com\/fr\/produit\/mannoproteine\/claristar\/\" style=\"background-color:#01426a\" target=\"_blank\" rel=\"noreferrer noopener\">Claristar<\/a><\/div>\n<\/div>\n\n\n\n<div style=\"height:31px\" aria-hidden=\"true\" class=\"wp-block-spacer\"><\/div>\n\n\n\n<p><strong>Claristar est la mannoprot\u00e9ine la plus efficace sur le march\u00e9, car elle contient la fraction de mannoprot\u00e9ines avec le plus haut indice de stabilit\u00e9 tartrique (TSI).<\/strong> En termes simples, cela signifie qu&rsquo;elle pr\u00e9sente la plus grande efficacit\u00e9 en mati\u00e8re de stabilisation tartrique. <\/p>\n<\/div>\n<\/div>\n<\/div><\/div>\n\n\n\n<p><strong>Les avantages d&rsquo;ajouter des mannoprot\u00e9ines sp\u00e9cifiques de levure, comme Claristar,<\/strong> <strong>pour la stabilisation tartrique sont nombreux et incluent :&nbsp;<\/strong><\/p>\n\n\n\n<div class=\"wp-block-columns is-layout-flex wp-container-core-columns-is-layout-9d6595d7 wp-block-columns-is-layout-flex\">\n<div class=\"wp-block-column is-layout-flow wp-block-column-is-layout-flow\">\n<ul class=\"wp-block-list\">\n<li><strong>Stabilit\u00e9 am\u00e9lior\u00e9e<\/strong> : elle permet aux vinificateurs de produire un produit de haute qualit\u00e9, exempt de cristaux de tartre inesth\u00e9tiques. Cela est particuli\u00e8rement <strong>important pour les vins haut de gamme,<\/strong> car la pr\u00e9sence de ces cristaux peut \u00eatre un facteur de rejet pour les consommateurs. <\/li>\n\n\n\n<li><strong>Caract\u00e9ristiques du vin pr\u00e9serv\u00e9es <\/strong>: la <strong>pr\u00e9cipitation du tartre peut alt\u00e9rer la texture du vin, en le rendant plus \u00ab\u00a0serr\u00e9\u00a0\u00bb et en modifiant son acidit\u00e9. <\/strong>En pr\u00e9venant cette pr\u00e9cipitation, le vin conserve son acidit\u00e9 et sa couleur d&rsquo;origine plus longtemps. &nbsp;<\/li>\n\n\n\n<li><strong>Am\u00e9lioration des ar\u00f4mes et de la texture<\/strong> : Claristar pr\u00e9sente \u00e9galement l&rsquo;avantage d&rsquo;<strong>am\u00e9liorer la qualit\u00e9 sensorielle du vin en augmentant <\/strong>la perception de sa texture soyeuse et en r\u00e9duisant l&rsquo;astringence en d\u00e9but et fin de bouche.<\/li>\n<\/ul>\n<\/div>\n\n\n\n<div class=\"wp-block-column is-layout-flow wp-block-column-is-layout-flow\" style=\"flex-basis:2%\"><\/div>\n\n\n\n<div class=\"wp-block-column is-layout-flow wp-block-column-is-layout-flow\">\n<ul class=\"wp-block-list\">\n<li><strong>Dur\u00e9e de conservation prolong\u00e9e <\/strong>: en \u00e9vitant la pr\u00e9cipitation des sels de tartre, le vin <strong>conserve sa qualit\u00e9 plus longtemps,<\/strong> permettant ainsi un stockage prolong\u00e9 sans alt\u00e9ration de ses caract\u00e9ristiques.<\/li>\n\n\n\n<li><strong>Durabilit\u00e9 <\/strong>: c&rsquo;est une m\u00e9thode naturelle et respectueuse de l&rsquo;environnement pour stabiliser le vin, <strong>sans utilisation de produits chimiques ou d&rsquo;additifs artificiels.<\/strong><\/li>\n\n\n\n<li><strong>Conventionnel et biologique<\/strong> : les mannoprot\u00e9ines Claristar sont indiqu\u00e9es pour une utilisation dans la production de vin conventionnel et biologique (UE et NOP).<\/li>\n\n\n\n<li><strong>Utilisation en conjonction avec d&rsquo;autres m\u00e9thode<\/strong>s : comme la stabilisation \u00e0 froid, un processus qui consiste \u00e0 refroidir le vin \u00e0 une tr\u00e8s basse temp\u00e9rature pour favoriser la formation des cristaux de tartre, qui sont ensuite filtr\u00e9s. <strong>En utilisant les mannoprot\u00e9ines de levure Claristar en plus de la stabilisation \u00e0 froid<\/strong>, les vinificateurs peuvent effectuer une stabilisation \u00e0 froid moins intense tout en s&rsquo;assurant que leur vin est compl\u00e8tement stabilis\u00e9 et exempt de cristaux de tartre.. <\/li>\n<\/ul>\n<\/div>\n<\/div>\n\n\n\n<div style=\"height:18px\" aria-hidden=\"true\" class=\"wp-block-spacer\"><\/div>\n\n\n\n<h2 class=\"wp-block-heading\"><strong>Comment utiliser les mannoprot\u00e9ines Claristar pour la stabilisation tartrique ?<\/strong><\/h2>\n\n\n\n<div style=\"height:30px\" aria-hidden=\"true\" class=\"wp-block-spacer\"><\/div>\n\n\n\n<p><strong>Certains vinificateurs peuvent trouver qu&rsquo;il est difficile de d\u00e9terminer la quantit\u00e9 optimale de mannoprot\u00e9ines de levure \u00e0 ajouter au vin et que l&rsquo;inhibition de la stabilisation tartrique peut sembler risqu\u00e9e.&nbsp;<\/strong><\/p>\n\n\n\n<p>Un dosage pr\u00e9cis est d\u00e9termin\u00e9 dans des laboratoires partenaires selon la \u00ab m\u00e9thode ISS pour Claristar \u00bb (ISS signifiant Indice de Sursaturation Stable), un param\u00e8tre d\u00e9termin\u00e9 par l&rsquo;analyse de la stabilit\u00e9 tartrique \u00e0 l&rsquo;aide des instruments Checkstab. Oenobrands a cr\u00e9\u00e9 cette m\u00e9thode de r\u00e9f\u00e9rence unique avec le soutien de Dario Montagnani\/Enolab Service srl et des instruments Checkstab de Delta Acque.<strong> L&rsquo;objectif de cette analyse est de vous fournir le dosage exact de Claristar n\u00e9cessaire pour stabiliser votre vin <\/strong>\u2014 il n&rsquo;y a absolument aucune part de hasard. <\/p>\n\n\n\n<div style=\"height:23px\" aria-hidden=\"true\" class=\"wp-block-spacer\"><\/div>\n\n\n\n<h2 class=\"wp-block-heading\"><strong>Et en pratique, comment proc\u00e8de-t-on ?<\/strong><\/h2>\n\n\n\n<div style=\"height:29px\" aria-hidden=\"true\" class=\"wp-block-spacer\"><\/div>\n\n\n\n<p>Le processus d&rsquo;ajout de Claristar pour la stabilisation tartrique est relativement simple.&nbsp;<\/p>\n\n\n\n<p>L&rsquo;utilisation est extr\u00eamement pratique, <strong>Claristar \u00e9tant simplement ajout\u00e9 directement au vin avant la mise en bouteille,<\/strong> permettant une parfaite homog\u00e9n\u00e9it\u00e9 et une filtration peu de temps apr\u00e8s l&rsquo;ajout.<\/p>\n\n\n\n<div style=\"height:50px\" aria-hidden=\"true\" class=\"wp-block-spacer\"><\/div>\n\n\n\n<div class=\"wp-block-columns is-layout-flex wp-container-core-columns-is-layout-9d6595d7 wp-block-columns-is-layout-flex\">\n<div class=\"wp-block-column is-vertically-aligned-center is-layout-flow wp-block-column-is-layout-flow\" style=\"flex-basis:30%\">\n<h1 class=\"wp-block-heading has-text-color\" style=\"color:#01426a\">D\u00e9couvrez le produit CLARISTAR<\/h1>\n\n\n\n<div style=\"height:20px\" aria-hidden=\"true\" class=\"wp-block-spacer\"><\/div>\n\n\n\n<div class=\"wp-block-buttons is-content-justification-left is-layout-flex wp-container-core-buttons-is-layout-fdcfc74e wp-block-buttons-is-layout-flex\">\n<div class=\"wp-block-button\"><a class=\"wp-block-button__link has-background wp-element-button\" href=\"https:\/\/oenobrands.com\/fr\/produit\/mannoproteine\/claristar\/\" style=\"background-color:#01426a\" target=\"_blank\" rel=\"noreferrer noopener\">CLARISTAR<\/a><\/div>\n<\/div>\n<\/div>\n\n\n\n<div class=\"wp-block-column is-layout-flow wp-block-column-is-layout-flow\" style=\"flex-basis:50px\"><\/div>\n\n\n\n<div class=\"wp-block-column is-layout-flow wp-block-column-is-layout-flow\"><div class=\"wp-block-image\">\n<figure class=\"aligncenter size-full\"><img decoding=\"async\" src=\"http:\/\/oenobrands.com\/wp-content\/uploads\/2023\/04\/Oenobrands-Claristar-logo-1-e1683712728273.png\" alt=\"Oenobrands Claristar mannoproteins logo\" class=\"wp-image-2449\"\/><\/figure>\n<\/div><\/div>\n<\/div>\n\n\n\n<div style=\"height:50px\" aria-hidden=\"true\" class=\"wp-block-spacer\"><\/div>\n\n\n\n<div class=\"wp-block-group\"><div class=\"wp-block-group__inner-container is-layout-constrained wp-block-group-is-layout-constrained\">\n<div class=\"wp-block-group\"><div class=\"wp-block-group__inner-container is-layout-constrained wp-block-group-is-layout-constrained\">\n<div class=\"wp-block-group\"><div class=\"wp-block-group__inner-container is-layout-constrained wp-block-group-is-layout-constrained\">\n<div class=\"wp-block-group\"><div class=\"wp-block-group__inner-container is-layout-constrained wp-block-group-is-layout-constrained\">\n<hr class=\"wp-block-separator has-text-color has-alpha-channel-opacity has-background\" style=\"background-color:#8a918e;color:#8a918e\"\/>\n<\/div><\/div>\n<\/div><\/div>\n\n\n\n<div class=\"wp-block-group\"><div class=\"wp-block-group__inner-container is-layout-constrained wp-block-group-is-layout-constrained\">\n<div class=\"wp-block-group\"><div class=\"wp-block-group__inner-container is-layout-constrained wp-block-group-is-layout-constrained\">\n<h2 class=\"wp-block-heading\"><strong>Et vous, qu&rsquo;en pensez-vous ?<\/strong><\/h2>\n<\/div><\/div>\n<\/div><\/div>\n\n\n\n<div class=\"wp-block-group\"><div class=\"wp-block-group__inner-container is-layout-constrained wp-block-group-is-layout-constrained\">\n<div class=\"wp-block-group\"><div class=\"wp-block-group__inner-container is-layout-constrained wp-block-group-is-layout-constrained\">\n<p>Avec une \u00e9quipe hautement qualifi\u00e9e d&rsquo;experts dans de nombreux domaines, Oenobrands s&rsquo;efforce d\u2019offrir aux vinificateurs des solutions nouvelles et scientifiquement solides, tout en mettant en avant les synergies positives entre ses produits.<\/p>\n<\/div><\/div>\n\n\n\n<div class=\"wp-block-group\"><div class=\"wp-block-group__inner-container is-layout-constrained wp-block-group-is-layout-constrained\">\n<div class=\"wp-block-group\"><div class=\"wp-block-group__inner-container is-layout-constrained wp-block-group-is-layout-constrained\">\n<div class=\"wp-block-columns is-layout-flex wp-container-core-columns-is-layout-9d6595d7 wp-block-columns-is-layout-flex\">\n<div class=\"wp-block-column is-vertically-aligned-center is-layout-flow wp-block-column-is-layout-flow\">\n<div class=\"wp-block-group wp-container-content-9cfa9a5a is-content-justification-left\"><div class=\"wp-block-group__inner-container is-layout-constrained wp-container-core-group-is-layout-8c890d92 wp-block-group-is-layout-constrained\">\n<p class=\"has-text-align-left\" style=\"font-size:0.9rem;font-style:normal;font-weight:600;letter-spacing:1px;text-transform:uppercase\">Trouvez votre solution ou produit<\/p>\n\n\n<form role=\"search\" method=\"get\" action=\"https:\/\/oenobrands.com\/fr\/\" class=\"wp-block-search__button-outside wp-block-search__icon-button wp-block-search\"    ><label class=\"wp-block-search__label screen-reader-text\" for=\"wp-block-search__input-1\" >Search<\/label><div class=\"wp-block-search__inside-wrapper\"  style=\"width: 100%\"><input class=\"wp-block-search__input\" id=\"wp-block-search__input-1\" placeholder=\"\" value=\"\" type=\"search\" name=\"s\" required  style=\"border-width: 1px\"\/><button aria-label=\"Search\" class=\"wp-block-search__button has-icon wp-element-button\" type=\"submit\"  style=\"border-width: 1px\"><svg class=\"search-icon\" viewBox=\"0 0 24 24\" width=\"24\" height=\"24\">\n\t\t\t\t\t<path d=\"M13 5c-3.3 0-6 2.7-6 6 0 1.4.5 2.7 1.3 3.7l-3.8 3.8 1.1 1.1 3.8-3.8c1 .8 2.3 1.3 3.7 1.3 3.3 0 6-2.7 6-6S16.3 5 13 5zm0 10.5c-2.5 0-4.5-2-4.5-4.5s2-4.5 4.5-4.5 4.5 2 4.5 4.5-2 4.5-4.5 4.5z\"><\/path>\n\t\t\t\t<\/svg><\/button><\/div><\/form><\/div><\/div>\n<\/div>\n\n\n\n<div class=\"wp-block-column is-layout-flow wp-block-column-is-layout-flow\" style=\"flex-basis:3px\"><\/div>\n\n\n\n<div class=\"wp-block-column is-layout-flow wp-block-column-is-layout-flow\">\n<p class=\"has-text-align-center\">Parlez-nous de vos difficult\u00e9s, et nous vous r\u00e9pondrons.<\/p>\n\n\n\n<div class=\"wp-block-buttons is-content-justification-center is-layout-flex wp-container-core-buttons-is-layout-16018d1d wp-block-buttons-is-layout-flex\">\n<div class=\"wp-block-button is-style-fill\"><a class=\"wp-block-button__link wp-element-button\" href=\"https:\/\/oenobrands.com\/fr\/contactez-nous\/\" target=\"_blank\" rel=\"noreferrer noopener\">contactez-nous<\/a><\/div>\n<\/div>\n<\/div>\n<\/div>\n<\/div><\/div>\n<\/div><\/div>\n<\/div><\/div>\n<\/div><\/div>\n<\/div><\/div>\n\n\n\n<div style=\"height:50px\" aria-hidden=\"true\" class=\"wp-block-spacer\"><\/div>\n","protected":false},"excerpt":{"rendered":"<p>Qu&rsquo;est-ce que la stabilisation tartrique du vin ?&nbsp; La stabilisation tartrique est une \u00e9tape [&hellip;]<\/p>\n","protected":false},"author":3,"featured_media":0,"parent":13955,"menu_order":1,"comment_status":"closed","ping_status":"closed","template":"","meta":{"_acf_changed":false,"_seopress_robots_primary_cat":"0","_seopress_titles_title":"","_seopress_titles_desc":"","_seopress_robots_index":"","footnotes":""},"class_list":["post-13966","page","type-page","status-publish"],"acf":[],"_links":{"self":[{"href":"https:\/\/oenobrands.com\/fr\/wp-json\/wp\/v2\/pages\/13966","targetHints":{"allow":["GET"]}}],"collection":[{"href":"https:\/\/oenobrands.com\/fr\/wp-json\/wp\/v2\/pages"}],"about":[{"href":"https:\/\/oenobrands.com\/fr\/wp-json\/wp\/v2\/types\/page"}],"author":[{"embeddable":true,"href":"https:\/\/oenobrands.com\/fr\/wp-json\/wp\/v2\/users\/3"}],"replies":[{"embeddable":true,"href":"https:\/\/oenobrands.com\/fr\/wp-json\/wp\/v2\/comments?post=13966"}],"version-history":[{"count":0,"href":"https:\/\/oenobrands.com\/fr\/wp-json\/wp\/v2\/pages\/13966\/revisions"}],"up":[{"embeddable":true,"href":"https:\/\/oenobrands.com\/fr\/wp-json\/wp\/v2\/pages\/13955"}],"wp:attachment":[{"href":"https:\/\/oenobrands.com\/fr\/wp-json\/wp\/v2\/media?parent=13966"}],"curies":[{"name":"wp","href":"https:\/\/api.w.org\/{rel}","templated":true}]}}