{"id":13959,"date":"2022-10-20T10:37:26","date_gmt":"2022-10-20T08:37:26","guid":{"rendered":"https:\/\/oenobrands.com\/solution\/filtration\/filtration-du-vin\/"},"modified":"2025-06-13T21:43:00","modified_gmt":"2025-06-13T19:43:00","slug":"filtration-du-vin","status":"publish","type":"page","link":"https:\/\/oenobrands.com\/fr\/solution\/filtration\/filtration-du-vin\/","title":{"rendered":"Filtration du vin"},"content":{"rendered":"\n<div style=\"height:50px\" aria-hidden=\"true\" class=\"wp-block-spacer\"><\/div>\n\n\n\n<p>En tant que vinificateurs, nous comprenons qu&rsquo;il est essentiel de trouver le bon \u00e9quilibre entre qualit\u00e9, clart\u00e9 et stabilit\u00e9 dans nos vins pour offrir une exp\u00e9rience de d\u00e9gustation agr\u00e9able. Cependant, comprendre tous les aspects de la filtrabilit\u00e9 du vin peut \u00eatre difficile. <strong>C&rsquo;est pourquoi, chez Oenobrands, nous sommes l\u00e0 pour vous aider<\/strong> \u00e0 comprendre le processus et vous pr\u00e9senter de nouvelles solutions pour am\u00e9liorer votre exp\u00e9rience de vinification. <\/p>\n\n\n\n<div style=\"height:30px\" aria-hidden=\"true\" class=\"wp-block-spacer\"><\/div>\n\n\n\n<h2 class=\"wp-block-heading\"><strong>Filtration du vin ? Qu&rsquo;est-ce que c&rsquo;est exactement ? <\/strong><\/h2>\n\n\n\n<div style=\"height:30px\" aria-hidden=\"true\" class=\"wp-block-spacer\"><\/div>\n\n\n\n<div class=\"wp-block-columns is-layout-flex wp-container-core-columns-is-layout-9d6595d7 wp-block-columns-is-layout-flex\">\n<div class=\"wp-block-column is-layout-flow wp-block-column-is-layout-flow\">\n<p><strong>L&rsquo;objectif de la filtration du vin est d&rsquo;\u00e9liminer les petites particules en suspension<\/strong> (fragments de cellules de baies, levures, mucilage, etc.) <strong>ou les collo\u00efdes<\/strong> (polysaccharides, polyph\u00e9nols, prot\u00e9ines et leurs agr\u00e9gats) responsables de la turbidit\u00e9.<\/p>\n\n\n\n<p>Les vinificateurs utilisent plusieurs processus de filtration tels que la filtration sur plaque, \u00e0 la terre ou en flux crois\u00e9. <\/p>\n<\/div>\n\n\n\n<div class=\"wp-block-column is-layout-flow wp-block-column-is-layout-flow\" style=\"flex-basis:5%\"><\/div>\n\n\n\n<div class=\"wp-block-column is-layout-flow wp-block-column-is-layout-flow\">\n<p>Nous constatons que<strong> l&rsquo;obstruction des filtres, la diminution du rendement en vin et la perte de compos\u00e9s aromatiques et de saveur sont des obstacles courants rencontr\u00e9s lors du processus de filtration.<\/strong> <\/p>\n\n\n\n<p>De plus, des facteurs tels que la vari\u00e9t\u00e9 de raisin, les conditions de r\u00e9colte et les pratiques de vinification peuvent influencer l&rsquo;efficacit\u00e9 des m\u00e9thodes de filtration.<\/p>\n<\/div>\n<\/div>\n\n\n\n<div style=\"height:50px\" aria-hidden=\"true\" class=\"wp-block-spacer\"><\/div>\n\n\n\n<h2 class=\"wp-block-heading\"><strong><strong>Qu&rsquo;est-ce qui aide \u00e0 la filtration du vin ? <\/strong> <\/strong><\/h2>\n\n\n\n<div style=\"height:30px\" aria-hidden=\"true\" class=\"wp-block-spacer\"><\/div>\n\n\n\n<div class=\"wp-block-columns is-layout-flex wp-container-core-columns-is-layout-9d6595d7 wp-block-columns-is-layout-flex\">\n<div class=\"wp-block-column is-layout-flow wp-block-column-is-layout-flow\">\n<p>Pour aider, <strong>plusieurs syst\u00e8mes peuvent \u00eatre utilis\u00e9s en s\u00e9rie<\/strong>, en commen\u00e7ant par filtrer les grosses particules, puis en augmentant le seuil de r\u00e9tention. <strong>Diff\u00e9rents types de filtres sont disponibles,<\/strong> selon l&rsquo;\u00e9tape \u00e0 laquelle ils sont utilis\u00e9s, des filtres \u00e0 presse principalement pour la filtration des lies aux filtres tangentiels et \u00e0 cartouche pour la finition du vin et la st\u00e9rilisation avant la mise en bouteille.<\/p>\n<\/div>\n\n\n\n<div class=\"wp-block-column is-layout-flow wp-block-column-is-layout-flow\" style=\"flex-basis:5%\"><\/div>\n\n\n\n<div class=\"wp-block-column is-layout-flow wp-block-column-is-layout-flow\">\n<p class=\"has-white-color has-text-color has-background has-link-color wp-elements-27ba2e6288d12c67982d5b78fef645a2\" style=\"background-color:#8a918e\">Pour v\u00e9rifier la filtrabilit\u00e9 du vin, diff\u00e9rents indices standardis\u00e9s sont largement utilis\u00e9s dans les caves : l&rsquo;indice de colmatage (C.I.) ou l&rsquo;indice de filtrabilit\u00e9 (IF) et les tests Vmax.<\/p>\n<\/div>\n<\/div>\n\n\n\n<div style=\"height:50px\" aria-hidden=\"true\" class=\"wp-block-spacer\"><\/div>\n\n\n\n<h2 class=\"wp-block-heading\"><strong>Comment pouvons-nous faciliter et acc\u00e9l\u00e9rer la filtration ?<\/strong><\/h2>\n\n\n\n<div style=\"height:30px\" aria-hidden=\"true\" class=\"wp-block-spacer\"><\/div>\n\n\n\n<p>Oenobrands propose deux solutions enzymatiques innovantes, <strong>Rapidase VinoFast et Rapidase GlucanFree,<\/strong> pour relever les d\u00e9fis de la filtration dans la vinification, en particulier lorsque les compositions des raisins sont complexes ou lorsque les vins sont difficiles \u00e0 traiter.<\/p>\n\n\n\n<div class=\"wp-block-columns is-layout-flex wp-container-core-columns-is-layout-9d6595d7 wp-block-columns-is-layout-flex\">\n<div class=\"wp-block-column has-background is-layout-flow wp-block-column-is-layout-flow\" style=\"background-color:#f7f7f7\">\n<p><strong>Rapidase Vinofast<\/strong> est con\u00e7ue pour cibler et hydrolyser les polysaccharides qui nuisent \u00e0 la clarification et \u00e0 la filtration du vin. <\/p>\n\n\n\n<p>Cette pr\u00e9paration enzymatique liquide contient des activit\u00e9s pectolytiques telles que la polygalacturonase, l&rsquo;\u03b1-N-arabinofuranosidase et la cellulase, ainsi que la \u03b2-glucanase. Elle facilite la clarification du vin en r\u00e9duisant le temps et la quantit\u00e9 d&rsquo;adjuvant n\u00e9cessaires. De plus, <strong>Rapidase VinoFast<\/strong> aide \u00e0 la filtration en minimisant les probl\u00e8mes de colmatage des filtres, tout en garantissant la qualit\u00e9 du vin.   <\/p>\n\n\n\n<figure class=\"wp-block-image size-full zoooom is-style-zoooom\"><img loading=\"lazy\" decoding=\"async\" width=\"592\" height=\"379\" src=\"http:\/\/oenobrands.com\/wp-content\/uploads\/2024\/10\/solution-filtre-rapidase-vinofast-vin-filtration-filtrabilite-fr.png\" alt=\"solution-filtre-rapidase-vinofast-vin-filtration-filtrabilite\" class=\"wp-image-14570\" srcset=\"https:\/\/oenobrands.com\/wp-content\/uploads\/2024\/10\/solution-filtre-rapidase-vinofast-vin-filtration-filtrabilite-fr.png 592w, https:\/\/oenobrands.com\/wp-content\/uploads\/2024\/10\/solution-filtre-rapidase-vinofast-vin-filtration-filtrabilite-fr-300x192.png 300w\" sizes=\"auto, (max-width: 592px) 100vw, 592px\" \/><\/figure>\n\n\n\n<p class=\"has-small-font-size\">D\u00e9bit de filtration d&rsquo;un vin rouge hybride thermoflash\u00e9 difficile, avec 2,2 mL\/hL de Rapidase VinoFast. Temps de contact de 18 jours \u00e0 18 \u00b0C (Canada). <\/p>\n\n\n\n<div style=\"height:50px\" aria-hidden=\"true\" class=\"wp-block-spacer\"><\/div>\n\n\n\n<div class=\"wp-block-buttons is-content-justification-center is-layout-flex wp-container-core-buttons-is-layout-5e6b19ed wp-block-buttons-is-layout-flex\">\n<div class=\"wp-block-button\"><a class=\"wp-block-button__link has-black-color has-text-color has-background wp-element-button\" href=\"https:\/\/oenobrands.com\/fr\/produit\/enzyme\/rapidase\/rapidase-vinofast\/\" style=\"background-color:#8181a5\">Rapidase <strong>VinoFast<\/strong><\/a><\/div>\n<\/div>\n<\/div>\n\n\n\n<div class=\"wp-block-column is-layout-flow wp-block-column-is-layout-flow\" style=\"flex-basis:2%\"><\/div>\n\n\n\n<div class=\"wp-block-column has-background is-layout-flow wp-block-column-is-layout-flow\" style=\"background-color:#f7f7f7\">\n<p><strong>Rapidase GlucanFree<\/strong> est une autre option enzymatique pour les vinificateurs confront\u00e9s \u00e0 des d\u00e9fis de filtration, en particulier en cas de forte teneur en glucanes dans les raisins. <\/p>\n\n\n\n<p>Cette pr\u00e9paration enzymatique liquide contient des cellulases et des \u03b2-D-glucanases, qui d\u00e9gradent efficacement les glucanes et am\u00e9liorent la filtrabilit\u00e9 du vin. En r\u00e9duisant la pr\u00e9sence de glucanes dans le vin, <strong>Rapidase GlucanFree <\/strong>aide \u00e0 minimiser les probl\u00e8mes de filtration et assure un processus de filtration plus fluide. <\/p>\n\n\n\n<figure class=\"wp-block-image size-full zoooom is-style-zoooom\"><img loading=\"lazy\" decoding=\"async\" width=\"622\" height=\"460\" src=\"http:\/\/oenobrands.com\/wp-content\/uploads\/2024\/10\/solution-filtre-rapidase-glucanfree-vin-botrytis-fr.png\" alt=\"solution-filtre-rapidase-glucanfree-vin-botrytis\" class=\"wp-image-14572\" srcset=\"https:\/\/oenobrands.com\/wp-content\/uploads\/2024\/10\/solution-filtre-rapidase-glucanfree-vin-botrytis-fr.png 622w, https:\/\/oenobrands.com\/wp-content\/uploads\/2024\/10\/solution-filtre-rapidase-glucanfree-vin-botrytis-fr-300x222.png 300w\" sizes=\"auto, (max-width: 622px) 100vw, 622px\" \/><\/figure>\n\n\n\n<p class=\"has-small-font-size\">Temps en secondes pour le calcul de l&rsquo;indice de filtration. Membrane filtrante \u00d8 = 0,65 \u00b5m. Jus affect\u00e9 par <em>Botrytis cinerea <\/em>trait\u00e9 avec Rapidase GlucanFree \u00e0 3 mL\/hL (ISMA, Italie, 2024).  <\/p>\n\n\n\n<div style=\"height:69px\" aria-hidden=\"true\" class=\"wp-block-spacer\"><\/div>\n\n\n\n<div class=\"wp-block-buttons is-content-justification-center is-layout-flex wp-container-core-buttons-is-layout-5e6b19ed wp-block-buttons-is-layout-flex\">\n<div class=\"wp-block-button\"><a class=\"wp-block-button__link has-black-color has-text-color has-background wp-element-button\" href=\"https:\/\/oenobrands.com\/fr\/produit\/enzyme\/rapidase\/rapidase-glucanfree\/\" style=\"background-color:#69dbc8\">Rapidase <strong>GlucanFree<\/strong><\/a><\/div>\n<\/div>\n<\/div>\n<\/div>\n\n\n\n<div style=\"height:50px\" aria-hidden=\"true\" class=\"wp-block-spacer\"><\/div>\n\n\n\n<div class=\"wp-block-columns is-layout-flex wp-container-core-columns-is-layout-9d6595d7 wp-block-columns-is-layout-flex\">\n<div class=\"wp-block-column is-vertically-aligned-center is-layout-flow wp-block-column-is-layout-flow\" style=\"flex-basis:30%\">\n<h1 class=\"wp-block-heading has-text-color has-large-font-size\" style=\"color:#545859\">D\u00e9couvrez la gamme RAPIDASE<\/h1>\n\n\n\n<div style=\"height:20px\" aria-hidden=\"true\" class=\"wp-block-spacer\"><\/div>\n\n\n\n<div class=\"wp-block-buttons is-content-justification-left is-layout-flex wp-container-core-buttons-is-layout-fdcfc74e wp-block-buttons-is-layout-flex\">\n<div class=\"wp-block-button\"><a class=\"wp-block-button__link has-background wp-element-button\" href=\"https:\/\/oenobrands.com\/fr\/produit\/enzyme\/rapidase\/\" style=\"background-color:#545859\" target=\"_blank\" rel=\"noreferrer noopener\">RAPIDASE<\/a><\/div>\n<\/div>\n<\/div>\n\n\n\n<div class=\"wp-block-column is-vertically-aligned-top is-layout-flow wp-block-column-is-layout-flow\" style=\"flex-basis:10%\"><\/div>\n\n\n\n<div class=\"wp-block-column is-vertically-aligned-top is-layout-flow wp-block-column-is-layout-flow\">\n<figure class=\"wp-block-image size-full\"><img decoding=\"async\" src=\"http:\/\/oenobrands.com\/wp-content\/uploads\/2023\/05\/OENOBRANDS-Rapidase-bandeau.png\" alt=\"OENOBRANDS-Rapidase-bandeau\" class=\"wp-image-4529\"\/><\/figure>\n<\/div>\n<\/div>\n\n\n\n<div style=\"height:50px\" aria-hidden=\"true\" class=\"wp-block-spacer\"><\/div>\n\n\n\n<div class=\"wp-block-group\"><div class=\"wp-block-group__inner-container is-layout-constrained wp-block-group-is-layout-constrained\">\n<div class=\"wp-block-group\"><div class=\"wp-block-group__inner-container is-layout-constrained wp-block-group-is-layout-constrained\">\n<div class=\"wp-block-group\"><div class=\"wp-block-group__inner-container is-layout-constrained wp-block-group-is-layout-constrained\">\n<hr class=\"wp-block-separator has-text-color has-alpha-channel-opacity has-background\" style=\"background-color:#8a918e;color:#8a918e\"\/>\n<\/div><\/div>\n<\/div><\/div>\n\n\n\n<div class=\"wp-block-group\"><div class=\"wp-block-group__inner-container is-layout-constrained wp-block-group-is-layout-constrained\">\n<div class=\"wp-block-group\"><div class=\"wp-block-group__inner-container is-layout-constrained wp-block-group-is-layout-constrained\">\n<h2 class=\"wp-block-heading\"><strong>Et vous, qu&rsquo;en pensez-vous ?<\/strong><\/h2>\n<\/div><\/div>\n<\/div><\/div>\n\n\n\n<div class=\"wp-block-group\"><div class=\"wp-block-group__inner-container is-layout-constrained wp-block-group-is-layout-constrained\">\n<div class=\"wp-block-group\"><div class=\"wp-block-group__inner-container is-layout-constrained wp-block-group-is-layout-constrained\">\n<p>Avec une \u00e9quipe hautement qualifi\u00e9e d&rsquo;experts dans de nombreux domaines, Oenobrands s&rsquo;efforce d\u2019offrir aux vinificateurs des solutions nouvelles et scientifiquement solides, tout en mettant en avant les synergies positives entre ses produits.<\/p>\n<\/div><\/div>\n\n\n\n<div class=\"wp-block-group\"><div class=\"wp-block-group__inner-container is-layout-constrained wp-block-group-is-layout-constrained\">\n<div class=\"wp-block-group\"><div class=\"wp-block-group__inner-container is-layout-constrained wp-block-group-is-layout-constrained\">\n<div class=\"wp-block-columns is-layout-flex wp-container-core-columns-is-layout-9d6595d7 wp-block-columns-is-layout-flex\">\n<div class=\"wp-block-column is-vertically-aligned-center is-layout-flow wp-block-column-is-layout-flow\">\n<div class=\"wp-block-group wp-container-content-9cfa9a5a is-content-justification-left\"><div class=\"wp-block-group__inner-container is-layout-constrained wp-container-core-group-is-layout-8c890d92 wp-block-group-is-layout-constrained\">\n<p class=\"has-text-align-left\" style=\"font-size:0.9rem;font-style:normal;font-weight:600;letter-spacing:1px;text-transform:uppercase\">Trouvez votre solution ou produit<\/p>\n\n\n<form role=\"search\" method=\"get\" action=\"https:\/\/oenobrands.com\/fr\/\" class=\"wp-block-search__button-outside wp-block-search__icon-button wp-block-search\"    ><label class=\"wp-block-search__label screen-reader-text\" for=\"wp-block-search__input-1\" >Search<\/label><div class=\"wp-block-search__inside-wrapper\"  style=\"width: 100%\"><input class=\"wp-block-search__input\" id=\"wp-block-search__input-1\" placeholder=\"\" value=\"\" type=\"search\" name=\"s\" required  style=\"border-width: 1px\"\/><button aria-label=\"Search\" class=\"wp-block-search__button has-icon wp-element-button\" type=\"submit\"  style=\"border-width: 1px\"><svg class=\"search-icon\" viewBox=\"0 0 24 24\" width=\"24\" height=\"24\">\n\t\t\t\t\t<path d=\"M13 5c-3.3 0-6 2.7-6 6 0 1.4.5 2.7 1.3 3.7l-3.8 3.8 1.1 1.1 3.8-3.8c1 .8 2.3 1.3 3.7 1.3 3.3 0 6-2.7 6-6S16.3 5 13 5zm0 10.5c-2.5 0-4.5-2-4.5-4.5s2-4.5 4.5-4.5 4.5 2 4.5 4.5-2 4.5-4.5 4.5z\"><\/path>\n\t\t\t\t<\/svg><\/button><\/div><\/form><\/div><\/div>\n<\/div>\n\n\n\n<div class=\"wp-block-column is-layout-flow wp-block-column-is-layout-flow\" style=\"flex-basis:3px\"><\/div>\n\n\n\n<div class=\"wp-block-column is-layout-flow wp-block-column-is-layout-flow\">\n<p class=\"has-text-align-center\">Parlez-nous de vos difficult\u00e9s, et nous vous r\u00e9pondrons.<\/p>\n\n\n\n<div class=\"wp-block-buttons is-content-justification-center is-layout-flex wp-container-core-buttons-is-layout-16018d1d wp-block-buttons-is-layout-flex\">\n<div class=\"wp-block-button is-style-fill\"><a class=\"wp-block-button__link wp-element-button\" href=\"https:\/\/oenobrands.com\/fr\/contactez-nous\/\" target=\"_blank\" rel=\"noreferrer noopener\">contactez-nous<\/a><\/div>\n<\/div>\n<\/div>\n<\/div>\n<\/div><\/div>\n<\/div><\/div>\n<\/div><\/div>\n<\/div><\/div>\n\n\n\n<div style=\"height:50px\" aria-hidden=\"true\" class=\"wp-block-spacer\"><\/div>\n","protected":false},"excerpt":{"rendered":"<p>En tant que vinificateurs, nous comprenons qu&rsquo;il est essentiel de trouver le bon \u00e9quilibre [&hellip;]<\/p>\n","protected":false},"author":3,"featured_media":0,"parent":13954,"menu_order":1,"comment_status":"closed","ping_status":"closed","template":"","meta":{"_acf_changed":false,"_seopress_robots_primary_cat":"0","_seopress_titles_title":"","_seopress_titles_desc":"","_seopress_robots_index":"","footnotes":""},"class_list":["post-13959","page","type-page","status-publish"],"acf":[],"_links":{"self":[{"href":"https:\/\/oenobrands.com\/fr\/wp-json\/wp\/v2\/pages\/13959","targetHints":{"allow":["GET"]}}],"collection":[{"href":"https:\/\/oenobrands.com\/fr\/wp-json\/wp\/v2\/pages"}],"about":[{"href":"https:\/\/oenobrands.com\/fr\/wp-json\/wp\/v2\/types\/page"}],"author":[{"embeddable":true,"href":"https:\/\/oenobrands.com\/fr\/wp-json\/wp\/v2\/users\/3"}],"replies":[{"embeddable":true,"href":"https:\/\/oenobrands.com\/fr\/wp-json\/wp\/v2\/comments?post=13959"}],"version-history":[{"count":0,"href":"https:\/\/oenobrands.com\/fr\/wp-json\/wp\/v2\/pages\/13959\/revisions"}],"up":[{"embeddable":true,"href":"https:\/\/oenobrands.com\/fr\/wp-json\/wp\/v2\/pages\/13954"}],"wp:attachment":[{"href":"https:\/\/oenobrands.com\/fr\/wp-json\/wp\/v2\/media?parent=13959"}],"curies":[{"name":"wp","href":"https:\/\/api.w.org\/{rel}","templated":true}]}}