{"id":13957,"date":"2023-03-21T17:26:38","date_gmt":"2023-03-21T16:26:38","guid":{"rendered":"https:\/\/oenobrands.com\/qualite\/"},"modified":"2025-09-30T17:33:28","modified_gmt":"2025-09-30T15:33:28","slug":"qualite","status":"publish","type":"page","link":"https:\/\/oenobrands.com\/fr\/qualite\/","title":{"rendered":"Qualit\u00e9"},"content":{"rendered":"\n<div style=\"height:70px\" aria-hidden=\"true\" class=\"wp-block-spacer\"><\/div>\n\n<h2 class=\"wp-block-heading has-black-color has-text-color has-link-color has-large-font-size wp-elements-1c80260d65ccd463c34dd7493133d731\">Oenobrands : Excellence mondiale, Qualit\u00e9 certifi\u00e9e<\/h2>\n\n<div style=\"height:50px\" aria-hidden=\"true\" class=\"wp-block-spacer\"><\/div>\n\n<p>Notre r\u00e9seau mondial d&rsquo;installations de production et de centres logistiques partage notre engagement envers la qualit\u00e9.<\/p>\n\n<p>Chez Oenobrands, nous accordons une grande importance \u00e0 des<strong> proc\u00e9dures de contr\u00f4le qualit\u00e9 rigoureuses<\/strong>, et nos certifications t\u00e9moignent de notre engagement \u00e0 offrir des produits et services de haute qualit\u00e9.<\/p>\n\n<div style=\"height:30px\" aria-hidden=\"true\" class=\"wp-block-spacer\"><\/div>\n\n<h2 class=\"wp-block-heading has-large-font-size\">Voici un aper\u00e7u de nos sites de production et centres logistiques :<\/h2>\n\n<div style=\"height:30px\" aria-hidden=\"true\" class=\"wp-block-spacer\"><\/div>\n\n<div class=\"wp-block-columns is-layout-flex wp-container-core-columns-is-layout-9d6595d7 wp-block-columns-is-layout-flex\">\n<div class=\"wp-block-column is-layout-flow wp-block-column-is-layout-flow\" style=\"flex-basis:5px\"><\/div>\n\n\n\n<div class=\"wp-block-column is-layout-flow wp-block-column-is-layout-flow\">\n<h3 class=\"wp-block-heading\">\u2794 <strong>Notre centre logistique<\/strong><\/h3>\n\n\n\n<ul class=\"wp-block-list\">\n<li>Site en France<\/li>\n\n\n\n<li>Certifications: ISO 9001:2015 (STEF Logistique et Entrep\u00f4t), ISO 9001:2015 (STEF Transport), IFS (STEF Transport)<\/li>\n<\/ul>\n\n\n\n<div style=\"height:19px\" aria-hidden=\"true\" class=\"wp-block-spacer\"><\/div>\n\n\n\n<h3 class=\"wp-block-heading\">\u2794 <strong>Marque : RAPIDASE<\/strong><\/h3>\n\n\n\n<ul class=\"wp-block-list\">\n<li>Site en France<\/li>\n\n\n\n<li>Certification: FSSC 22000<\/li>\n<\/ul>\n\n\n\n<div style=\"height:20px\" aria-hidden=\"true\" class=\"wp-block-spacer\"><\/div>\n\n\n\n<h3 class=\"wp-block-heading\">\u2794 <strong>Marques: FERMIVIN, CLARISTAR, FINAL TOUCH, EXTRAFERM D\u2019TOX<\/strong><\/h3>\n\n\n\n<ul class=\"wp-block-list\">\n<li>Site au Danemark<\/li>\n\n\n\n<li>Certifications: ISO 9001:2015 ; BRC \/ IFS<\/li>\n<\/ul>\n<\/div>\n\n\n\n<div class=\"wp-block-column is-layout-flow wp-block-column-is-layout-flow\" style=\"flex-basis:5px\"><\/div>\n\n\n\n<div class=\"wp-block-column is-layout-flow wp-block-column-is-layout-flow\">\n<h3 class=\"wp-block-heading\">\u2794 <strong>Marque: Anchor Wine Yeast<\/strong><\/h3>\n\n\n\n<ul class=\"wp-block-list\">\n<li>Site en Pologne : Certifications : IFS<\/li>\n<\/ul>\n\n\n\n<div style=\"height:15px\" aria-hidden=\"true\" class=\"wp-block-spacer\"><\/div>\n\n\n\n<div style=\"height:11px\" aria-hidden=\"true\" class=\"wp-block-spacer\"><\/div>\n\n\n\n<div style=\"height:1px\" aria-hidden=\"true\" class=\"wp-block-spacer\"><\/div>\n\n\n\n<h3 class=\"wp-block-heading\">\u2794 <strong>Marques : Anchor Bacteria et MALOFERM<\/strong><\/h3>\n\n\n\n<ul class=\"wp-block-list\">\n<li>Site en France<\/li>\n\n\n\n<li>Certifications: ISO 9001:2015 ; FSSC 22000<\/li>\n<\/ul>\n\n\n\n<div style=\"height:9px\" aria-hidden=\"true\" class=\"wp-block-spacer\"><\/div>\n\n\n\n<h3 class=\"wp-block-heading\">\u2794 <strong>Marques: MAXAFERM, gamme NATUFERM, EXTRAFERM D\u2019FEND<\/strong><\/h3>\n\n\n\n<ul class=\"wp-block-list\">\n<li>Site en Estonie<\/li>\n\n\n\n<li>Certifications: ISO 9001:2015 ; BRC<\/li>\n<\/ul>\n<\/div>\n\n\n\n<div class=\"wp-block-column is-layout-flow wp-block-column-is-layout-flow\" style=\"flex-basis:5px\"><\/div>\n<\/div>\n\n<div class=\"wp-block-columns are-vertically-aligned-center is-layout-flex wp-container-core-columns-is-layout-9d6595d7 wp-block-columns-is-layout-flex\">\n<div class=\"wp-block-column is-vertically-aligned-center is-layout-flow wp-block-column-is-layout-flow\"><div class=\"wp-block-image\">\n<figure class=\"aligncenter size-thumbnail\"><img loading=\"lazy\" decoding=\"async\" width=\"150\" height=\"150\" src=\"https:\/\/oenobrands.com\/wp-content\/uploads\/2024\/07\/brc-food-certificated-logo-vector-150x150.png\" alt=\"quality-BRC-certification-logo\" class=\"wp-image-10079\" style=\"object-fit:cover\"\/><\/figure>\n<\/div><\/div>\n\n\n\n<div class=\"wp-block-column is-vertically-aligned-center is-layout-flow wp-block-column-is-layout-flow\"><div class=\"wp-block-image\">\n<figure class=\"aligncenter size-thumbnail\"><img loading=\"lazy\" decoding=\"async\" width=\"150\" height=\"150\" src=\"https:\/\/oenobrands.com\/wp-content\/uploads\/2024\/07\/quality-ISO-9001-certification-logo-150x150.png\" alt=\"quality-ISO9001-certification-logo\" class=\"wp-image-10085\" style=\"object-fit:cover\" srcset=\"https:\/\/oenobrands.com\/wp-content\/uploads\/2024\/07\/quality-ISO-9001-certification-logo-150x150.png 150w, https:\/\/oenobrands.com\/wp-content\/uploads\/2024\/07\/quality-ISO-9001-certification-logo.png 195w\" sizes=\"auto, (max-width: 150px) 100vw, 150px\" \/><\/figure>\n<\/div><\/div>\n\n\n\n<div class=\"wp-block-column is-vertically-aligned-center is-layout-flow wp-block-column-is-layout-flow\"><div class=\"wp-block-image\">\n<figure class=\"aligncenter size-full\"><img alt=\"\" loading=\"lazy\" decoding=\"async\" width=\"150\" height=\"86\" src=\"http:\/\/oenobrands.com\/wp-content\/uploads\/2024\/07\/quality-IFS-certification-logo-3.png\" alt=\"\" class=\"wp-image-10103\" style=\"object-fit:cover\"\/><\/figure>\n<\/div><\/div>\n\n\n\n<div class=\"wp-block-column is-vertically-aligned-center is-layout-flow wp-block-column-is-layout-flow\"><div class=\"wp-block-image\">\n<figure class=\"aligncenter size-thumbnail\"><img loading=\"lazy\" decoding=\"async\" width=\"150\" height=\"150\" src=\"https:\/\/oenobrands.com\/wp-content\/uploads\/2024\/07\/quality-FSSC22000-certification-logo-150x150.png\" alt=\"quality-FSSC22000-certification-logo\" class=\"wp-image-10081\" style=\"object-fit:cover\"\/><\/figure>\n<\/div><\/div>\n<\/div>\n\n<div style=\"height:50px\" aria-hidden=\"true\" class=\"wp-block-spacer\"><\/div>\n\n<h2 class=\"wp-block-heading has-large-font-size\" style=\"text-transform:uppercase\">Documents qualit\u00e9<\/h2>\n\n<div style=\"height:50px\" aria-hidden=\"true\" class=\"wp-block-spacer\"><\/div>\n\n<p>Acc\u00e9dez \u00e0 nos d\u00e9clarations qualit\u00e9 pour une compr\u00e9hension compl\u00e8te de l&rsquo;engagement d&rsquo;Oenobrands envers la qualit\u00e9 des produits.<\/p>\n\n<div style=\"height:30px\" aria-hidden=\"true\" class=\"wp-block-spacer\"><\/div>\n\n<h3 class=\"wp-block-heading\"><strong>Fiches de donn\u00e9es de s\u00e9curit\u00e9 (SDS) :<\/strong><\/h3>\n\n<div style=\"height:30px\" aria-hidden=\"true\" class=\"wp-block-spacer\"><\/div>\n\n<div class=\"wp-block-columns is-layout-flex wp-container-core-columns-is-layout-9d6595d7 wp-block-columns-is-layout-flex\">\n<div class=\"wp-block-column is-layout-flow wp-block-column-is-layout-flow\">\n<p><a href=\"https:\/\/oenobrands.com\/wp-content\/uploads\/2025\/06\/Anchor-Yeast_MSDS-EN-2025.pdf\" target=\"_blank\" rel=\"noreferrer noopener\"><u>Levures Anchor<\/u><\/a><\/p>\n\n\n\n<p><u><a href=\"https:\/\/oenobrands.com\/wp-content\/uploads\/2025\/06\/Anchor-Bacteria_MSDS-EN-2025.pdf\" target=\"_blank\" rel=\"noreferrer noopener\">Bact\u00e9ries Anchor<\/a><\/u><\/p>\n\n\n\n<p><u><a href=\"https:\/\/oenobrands.com\/wp-content\/uploads\/2024\/05\/Anchor-Nutrients_MSDS_Jan-2024.pdf\" target=\"_blank\" rel=\"noreferrer noopener\">Nutriments Anchor<\/a><\/u><\/p>\n<\/div>\n\n\n\n<div class=\"wp-block-column is-layout-flow wp-block-column-is-layout-flow\">\n<p><a href=\"https:\/\/oenobrands.com\/wp-content\/uploads\/2025\/06\/OB_YEAST_FERMIVIN_MSDS-EN-Jan-2025.pdf\" target=\"_blank\" rel=\"noreferrer noopener\">\n  <u>Levures Fermivin (levure s\u00e8che active)<\/u>\n<\/a><\/p>\n\n\n\n<p><u><a href=\"https:\/\/oenobrands.com\/wp-content\/uploads\/2025\/06\/Maloferm-Bacteria_MSDS-EN-2025.pdf\" target=\"_blank\" rel=\"noreferrer noopener\">Bact\u00e9ries Maloferm<\/a><\/u><\/p>\n\n\n\n<p><a href=\"https:\/\/oenobrands.com\/wp-content\/uploads\/2025\/06\/OB-Mannoproteins-Claristar-Final-touch-MSDS-EN-Jan-2025.pdf\" target=\"_blank\" rel=\"noreferrer noopener\">\n  <u>Mannoprot\u00e9ines (Claristar et Final touch)<\/u>\n<\/a><\/p>\n\n\n\n<p><u>\n  <a href=\"https:\/\/oenobrands.com\/wp-content\/uploads\/2025\/06\/OB-Nutrients-MSDS-EN-Feb-2025.pdf\" target=\"_blank\" rel=\"noreferrer noopener\">Feel safe <\/a>\n<\/u>&#8211; Natuferm, Maxaferm, Extraferm (nutriments de levure et aides \u00e0 la fermentation)<\/p>\n<\/div>\n\n\n\n<div class=\"wp-block-column is-layout-flow wp-block-column-is-layout-flow\">\n<p>Enzymes Rapidase :<\/p>\n\n\n\n<ul class=\"wp-block-list\">\n<li>Rapidase Batonnage <a href=\"https:\/\/oenobrands.com\/wp-content\/uploads\/2025\/06\/DSM_OB_Rapidase-Batonnage-L_MSDS_IE_EN_Jan-2024.pdf\" target=\"_blank\" rel=\"noreferrer noopener\"><u>Liquide<\/u> &#8211; <u>Granul\u00e9<\/u><\/a><\/li>\n\n\n\n<li>Rapidase Clear <a href=\"https:\/\/oenobrands.com\/wp-content\/uploads\/2024\/05\/DSM_Rapidase-Clear-L_MSDS_IE_E_Dec-2023.pdf\" target=\"_blank\" rel=\"noreferrer noopener\"><u>Liquide<\/u> <\/a>&#8211; <u>\n  <a href=\"https:\/\/oenobrands.com\/wp-content\/uploads\/2024\/05\/DSM_Rapidase-Clear_MSDS_IE_E_Dec-2023.pdf\">Granul\u00e9<\/a>\n<\/u><\/li>\n\n\n\n<li>Rapidase Clear Extreme <a href=\"https:\/\/oenobrands.com\/wp-content\/uploads\/2024\/05\/DSM_Rapidase-Clear-Extreme-L_MSDS_IE_E_Dec-2023.pdf\"><u>Liquide<\/u> <\/a>&#8211; <u>\n  <a href=\"https:\/\/oenobrands.com\/wp-content\/uploads\/2024\/05\/DSM_Rapidase-Clear-Extreme_MSDS_IE_E_Dec-2023.pdf\" target=\"_blank\" rel=\"noreferrer noopener\">Granul\u00e9<\/a>\n<\/u><\/li>\n\n\n\n<li><a href=\"https:\/\/oenobrands.com\/wp-content\/uploads\/2024\/05\/DSM_Rapidase-Expression-Aroma_MSDS_IE_E_Dec-2023.pdf\" target=\"_blank\" rel=\"noreferrer noopener\"><u>Rapidase Expression Aroma<\/u><\/a><\/li>\n\n\n\n<li><a href=\"https:\/\/oenobrands.com\/wp-content\/uploads\/2024\/05\/DSM_Rapidase-Extra-Color_MSDS_IE_E_Dec-2023.pdf\" target=\"_blank\" rel=\"noreferrer noopener\">Rapidase<u> Extra Color<\/u> <\/a><\/li>\n\n\n\n<li><a href=\"https:\/\/oenobrands.com\/wp-content\/uploads\/2024\/05\/DSM_Rapidase-Extra-Fruit_MSDS_IE_E_Dec-2023.pdf\" target=\"_blank\" rel=\"noreferrer noopener\"><u>Rapidase Extra Fruit<\/u> <\/a><\/li>\n\n\n\n<li><a href=\"https:\/\/oenobrands.com\/wp-content\/uploads\/2024\/05\/DSM_Rapidase-Extra-Press_MSDS_IE_E_Dec-2023.pdf\" target=\"_blank\" rel=\"noreferrer noopener\">Rapidase<u> Extra Press<\/u><\/a><\/li>\n\n\n\n<li><a href=\"https:\/\/oenobrands.com\/wp-content\/uploads\/2025\/06\/DSM_OB_Rapidase-Fast-Color-L-L_MSDS_IE_EN_Dec-2024.pdf\" target=\"_blank\" rel=\"noreferrer noopener\">Rapidase<u> Fast Color<\/u> <\/a><\/li>\n\n\n\n<li><a href=\"https:\/\/oenobrands.com\/wp-content\/uploads\/2024\/05\/DSM_Rapidase-Flotation_MSDS_IE_E_Dec-2023.pdf\" target=\"_blank\" rel=\"noreferrer noopener\">Rapidase <u>Flotation<\/u> <\/a><\/li>\n\n\n\n<li><a href=\"https:\/\/oenobrands.com\/wp-content\/uploads\/2025\/06\/DSM_OB_Rapidase-Fresh-Berry-L_MSDS_IE_EN_Jan-2025.pdf\" target=\"_blank\" rel=\"noreferrer noopener\">Rapidase <u>Fresh Berry<\/u><\/a><\/li>\n\n\n\n<li><a href=\"https:\/\/oenobrands.com\/wp-content\/uploads\/2024\/05\/DSM_Rapidase-GlucanFree-L_MSDS_IE_E_Dec-2023.pdf\" target=\"_blank\" rel=\"noreferrer noopener\">Rapidase <u>GlucanFree<\/u><\/a><\/li>\n\n\n\n<li><a href=\"https:\/\/oenobrands.com\/wp-content\/uploads\/2025\/06\/DSM_OB_Rapidase-Proteostab_MSDS_EN_E_Sep-2024.pdf\" target=\"_blank\" rel=\"noreferrer noopener\">Rapidase <u>Proteostab<\/u><\/a><\/li>\n\n\n\n<li><a href=\"https:\/\/oenobrands.com\/wp-content\/uploads\/2024\/05\/DSM_Rapidase-Revelation-Aroma_MSDS_IE_E_Dec-2023.pdf\" target=\"_blank\" rel=\"noreferrer noopener\">Rapidase <u>Revelation aroma<\/u><\/a><\/li>\n\n\n\n<li><a href=\"https:\/\/oenobrands.com\/wp-content\/uploads\/2024\/05\/DSM_Rapidase-Thermoflash_MSDS_IE_E_Dec-2023.pdf\" target=\"_blank\" rel=\"noreferrer noopener\">Rapidase <u>Thermoflash<\/u><\/a><\/li>\n\n\n\n<li><a href=\"https:\/\/oenobrands.com\/wp-content\/uploads\/2024\/05\/DSM_Rapidase-VinoFast-L_MSDS_IE_E_Dec-2023.pdf\" target=\"_blank\" rel=\"noreferrer noopener\">Rapidase <u>VinoFast<\/u><\/a><\/li>\n<\/ul>\n<\/div>\n<\/div>\n\n<hr class=\"wp-block-separator has-text-color has-alpha-channel-opacity has-background is-style-wide\" style=\"background-color:#8a918e;color:#8a918e\"\/>\n\n<div style=\"height:30px\" aria-hidden=\"true\" class=\"wp-block-spacer\"><\/div>\n\n<h3 class=\"wp-block-heading\"><strong><strong>D\u00e9claration g\u00e9n\u00e9rale sur les produits<\/strong> <\/strong><\/h3>\n\n<p>Sans allerg\u00e8nes, sans OGM, adapt\u00e9s \u00e0 la consommation humaine, conformes aux normes de s\u00e9curit\u00e9 et de d\u00e9fense alimentaires. D\u2019origine microbiologique, conformes \u00e0 la r\u00e9glementation en vigueur, conditionn\u00e9s dans des mat\u00e9riaux compatibles avec le contact alimentaire.<br\/>Additifs alimentaires d\u2019origine non animale, convenant aux r\u00e9gimes v\u00e9g\u00e9taliens, respectueux du bien-\u00eatre animal. Sans nanotechnologie, sans traitement par ionisation, sans utilisation de boues d\u2019\u00e9puration, d\u2019antibiotiques, de dioxines ou de solvants. Exempts de d\u00e9riv\u00e9s p\u00e9trochimiques, de MOSH\/MOAH, de m\u00e9taux lourds et de substances dangereuses. Ces garanties assurent la s\u00e9curit\u00e9 des produits et leur bonne manipulation.<\/p>\n\n<div style=\"height:30px\" aria-hidden=\"true\" class=\"wp-block-spacer\"><\/div>\n\n<div class=\"wp-block-columns is-layout-flex wp-container-core-columns-is-layout-9d6595d7 wp-block-columns-is-layout-flex\">\n<div class=\"wp-block-column is-layout-flow wp-block-column-is-layout-flow\">\n<p><a href=\"https:\/\/oenobrands.com\/wp-content\/uploads\/2025\/06\/General-Statement_Anchor-Yeast_-Mar-2025_Int.pdf\" target=\"_blank\" rel=\"noreferrer noopener\"><u>Levures Anchor<\/u><\/a><\/p>\n\n\n\n<p><u><a href=\"https:\/\/oenobrands.com\/wp-content\/uploads\/2025\/06\/General-Statement_Anchor-Bacteria_-2025.pdf\" target=\"_blank\" rel=\"noreferrer noopener\">Bact\u00e9ries Anchor<\/a><\/u><\/p>\n\n\n\n<p><a href=\"https:\/\/oenobrands.com\/wp-content\/uploads\/2024\/05\/Anchor-Nutrients_Product-Statement-2024.pdf\" target=\"_blank\" rel=\"noreferrer noopener\"><u>Nutriments Anchor<\/u><\/a><\/p>\n<\/div>\n\n\n\n<div class=\"wp-block-column is-layout-flow wp-block-column-is-layout-flow\">\n<p><u><a href=\"https:\/\/oenobrands.com\/wp-content\/uploads\/2025\/06\/General-Statement_Fermivin_Active-dry-yeasts_Jan-2025.pdf\" target=\"_blank\" rel=\"noreferrer noopener\">Levures Fermivin<\/a><\/u><\/p>\n\n\n\n<p><a href=\"https:\/\/oenobrands.com\/wp-content\/uploads\/2025\/06\/General-Statement_Maloferm-Bacteria_Jan-2025.pdf\" target=\"_blank\" rel=\"noreferrer noopener\"><u>Bact\u00e9ries Maloferm<\/u><\/a><\/p>\n<\/div>\n\n\n\n<div class=\"wp-block-column is-layout-flow wp-block-column-is-layout-flow\">\n<p><a href=\"https:\/\/oenobrands.com\/wp-content\/uploads\/2025\/06\/General-Statement_Mannoproteins_Jan-2025.pdf\" target=\"_blank\" rel=\"noreferrer noopener\"><u>Mannoprot\u00e9ines<\/u> <\/a>(Claristar et Final touch)<\/p>\n\n\n\n<p><a href=\"https:\/\/oenobrands.com\/wp-content\/uploads\/2025\/06\/General-Statement_Yeast-derivates_-Jan-2025.pdf\" target=\"_blank\" rel=\"noreferrer noopener\"><u>Feel safe<\/u> &#8211; Natuferm, Extraferm, Maxaferm (d\u00e9riv\u00e9s de levure)<\/a><\/p>\n<\/div>\n<\/div>\n\n<hr class=\"wp-block-separator has-text-color has-alpha-channel-opacity has-background is-style-wide\" style=\"background-color:#8a918e;color:#8a918e\"\/>\n\n<div style=\"height:30px\" aria-hidden=\"true\" class=\"wp-block-spacer\"><\/div>\n\n<p>Vous trouverez ci-dessous les autres documents que nous fournissons pour les produits de la gamme Rapidase.<\/p>\n\n<h3 class=\"wp-block-heading\">\u2192 <u>\n  <strong>\n    <a href=\"https:\/\/oenobrands.com\/wp-content\/uploads\/2025\/06\/DSM_OB_Rapidase-group_Non-GMO-EN-Jan-2025.pdf\" target=\"_blank\" rel=\"noreferrer noopener\">D\u00e9clarations non-OGM<\/a>\n  <\/strong>\n<\/u> des enzymes Rapidase<\/h3>\n\n<h3 class=\"wp-block-heading\">\u2192 <strong>D\u00e9clarations d&rsquo;allerg\u00e8nes<\/strong><\/h3>\n\n<div class=\"wp-block-columns is-layout-flex wp-container-core-columns-is-layout-9d6595d7 wp-block-columns-is-layout-flex\">\n<div class=\"wp-block-column is-layout-flow wp-block-column-is-layout-flow\">\n<ul class=\"wp-block-list\">\n<li>Rapidase Batonnage <a href=\"https:\/\/oenobrands.com\/wp-content\/uploads\/2025\/07\/DSM_OB_Rapidase-Batonnage-L_MSDS_IE_EN_Jul-2025.pdf\" target=\"_blank\" rel=\"noreferrer noopener\">\n  <u>Liquide<\/u>\n<\/a> &#8211; <u>\n  <a href=\"https:\/\/oenobrands.com\/wp-content\/uploads\/2024\/05\/OB_Rapidase-Batonnage_Allergen-Statement-EN-Jan-2024.pdf\" target=\"_blank\" rel=\"noreferrer noopener\">Granul\u00e9<\/a>\n<\/u><\/li>\n\n\n\n<li>Rapidase Clear <u>\n  <a href=\"https:\/\/oenobrands.com\/wp-content\/uploads\/2024\/05\/DSM_OB_Rapidase-Clear-L_Allergen-Statement-EN-Jan-2024.pdf\" target=\"_blank\" rel=\"noreferrer noopener\">Liquide<\/a>\n<\/u> &#8211; <u>\n  <a href=\"https:\/\/oenobrands.com\/wp-content\/uploads\/2024\/05\/DSM_OB_Rapidase-Clear_Allergen-Statement-EN-Jan-2024.pdf\" target=\"_blank\" rel=\"noreferrer noopener\">Granul\u00e9<\/a>\n<\/u><\/li>\n\n\n\n<li>Rapidase Clear Extreme <a href=\"https:\/\/oenobrands.com\/wp-content\/uploads\/2025\/06\/DSM_OB_Rapidase-Clear-Extreme-L_Allergen-Statement-EN-Apr-2025.pdf\" target=\"_blank\" rel=\"noreferrer noopener\"><u>Liquide<\/u> <\/a>&#8211; <a href=\"https:\/\/oenobrands.com\/wp-content\/uploads\/2024\/05\/DSM_OB_Rapidase-Clear-Extreme_Allergen-Statement-EN-Jan-2024.pdf\" target=\"_blank\" rel=\"noreferrer noopener\">\n  <u>Granul\u00e9<\/u>\n<\/a><\/li>\n\n\n\n<li><a href=\"https:\/\/oenobrands.com\/wp-content\/uploads\/2024\/05\/DSM_OB_Rapidase-Expression-Aroma_Allergen-Statement-EN-Jan-2024.pdf\" target=\"_blank\" rel=\"noreferrer noopener\"><u>Rapidase Expression Aroma<\/u><\/a><\/li>\n\n\n\n<li><a href=\"https:\/\/oenobrands.com\/wp-content\/uploads\/2024\/05\/DSM_OB_Rapidase-Extra-Color_Allergen-Statement-EN-Jan-2024.pdf\" target=\"_blank\" rel=\"noreferrer noopener\">Rapidase <u>Extra Color<\/u><\/a><\/li>\n<\/ul>\n<\/div>\n\n\n\n<div class=\"wp-block-column is-layout-flow wp-block-column-is-layout-flow\">\n<div style=\"height:30px\" aria-hidden=\"true\" class=\"wp-block-spacer\"><\/div>\n\n\n\n<ul class=\"wp-block-list\">\n<li><a href=\"https:\/\/oenobrands.com\/wp-content\/uploads\/2024\/05\/DSM_OB_Rapidase-Extra-Fruit_Allergen-Statement-EN-Jan-2024.pdf\" target=\"_blank\" rel=\"noreferrer noopener\">Rapidase<u> Extra Fruit<\/u><\/a><\/li>\n\n\n\n<li><a href=\"https:\/\/oenobrands.com\/wp-content\/uploads\/2025\/06\/DSM_OB_Rapidase-Extra-Press-L_Allergen-Statement-EN-Apr-2025.pdf\" target=\"_blank\" rel=\"noreferrer noopener\">Rapidase<u> Extra Press<\/u><\/a><\/li>\n\n\n\n<li><a href=\"https:\/\/oenobrands.com\/wp-content\/uploads\/2025\/06\/DSM_OB_Rapidase-Fast-Color-L_Allergen-Statement-EN-Jan-2025.pdf\" target=\"_blank\" rel=\"noreferrer noopener\">Rapidase <u>Fast Color<\/u><\/a><\/li>\n\n\n\n<li><a href=\"https:\/\/oenobrands.com\/wp-content\/uploads\/2024\/05\/DSM_OB_Rapidase-Flotation-L_Allergen-Statement-EN-Jan-2024.pdf\" target=\"_blank\" rel=\"noreferrer noopener\">Rapidase <u>Flotation<\/u><\/a><\/li>\n\n\n\n<li><a href=\"https:\/\/oenobrands.com\/wp-content\/uploads\/2025\/06\/DSM_OB_Rapidase-Fresh-Berry-L_Allergen-Statement-EN-Jan-2025.pdf\" target=\"_blank\" rel=\"noreferrer noopener\">Rapidase <u>Fresh Berry<\/u><\/a><\/li>\n\n\n\n<li><a href=\"https:\/\/oenobrands.com\/wp-content\/uploads\/2024\/05\/DSM_OB_Rapidase-GlucanFree-L_Allergen-Statement-EN-Jan-2024.pdf\" target=\"_blank\" rel=\"noreferrer noopener\">Rapidase <u>GlucanFree<\/u><\/a><\/li>\n<\/ul>\n<\/div>\n\n\n\n<div class=\"wp-block-column is-layout-flow wp-block-column-is-layout-flow\">\n<div style=\"height:30px\" aria-hidden=\"true\" class=\"wp-block-spacer\"><\/div>\n\n\n\n<ul class=\"wp-block-list\">\n<li><a href=\"https:\/\/oenobrands.com\/wp-content\/uploads\/2024\/05\/DSM_OB_Rapidase-Proteostab-L_Allergen-Statement-EN-Jan-2024.pdf\" target=\"_blank\" rel=\"noreferrer noopener\">Rapidase <u>Proteostab<\/u><\/a><\/li>\n\n\n\n<li><a href=\"https:\/\/oenobrands.com\/wp-content\/uploads\/2024\/05\/DSM_OB_Raspidase-Revelation-Aroma_Allergen-Statement-EN-Jan-2024.pdf\" target=\"_blank\" rel=\"noreferrer noopener\">Rapidase <u>Revelation aroma<\/u><\/a><\/li>\n\n\n\n<li><a href=\"https:\/\/oenobrands.com\/wp-content\/uploads\/2024\/05\/DSM_OB_Rapidase-Thermoflash-L_Allergen-Statement-EN-Jan-2024.pdf\" target=\"_blank\" rel=\"noreferrer noopener\">Rapidase <u>Thermoflash<\/u><\/a><\/li>\n\n\n\n<li><a href=\"https:\/\/oenobrands.com\/wp-content\/uploads\/2024\/05\/DSM_OB_Rapidase-Vinofast-L_Allergen-Statement-EN-Jan-2024.pdf\" target=\"_blank\" rel=\"noreferrer noopener\">Rapidase <u>VinoFast<\/u><\/a><\/li>\n<\/ul>\n<\/div>\n<\/div>\n\n<hr class=\"wp-block-separator aligncenter has-text-color has-black-color has-alpha-channel-opacity has-black-background-color has-background is-style-wide\"\/>\n\n<div style=\"height:30px\" aria-hidden=\"true\" class=\"wp-block-spacer\"><\/div>\n\n<h3 class=\"wp-block-heading\"><strong><strong>Conformit\u00e9 \u00e0 la vinification biologique<\/strong><\/strong><\/h3>\n\n<p>Plusieurs produits Oenobrands sont autoris\u00e9s en vinification biologique, conform\u00e9ment au r\u00e8glement europ\u00e9en (UE) 2018\/848 ainsi qu\u2019au National Organic Program (NOP) du minist\u00e8re de l\u2019Agriculture des \u00c9tats-Unis (USDA).<\/p>\n\n<div style=\"height:30px\" aria-hidden=\"true\" class=\"wp-block-spacer\"><\/div>\n\n<div class=\"wp-block-buttons is-content-justification-center is-layout-flex wp-container-core-buttons-is-layout-16018d1d wp-block-buttons-is-layout-flex\">\n<div class=\"wp-block-button\"><a class=\"wp-block-button__link wp-element-button\" href=\"https:\/\/oenobrands.com\/wp-content\/uploads\/2025\/09\/OB-Organic-NOP-statement-EN_all_-Update-09-07-25.pdf\" target=\"_blank\" rel=\"noreferrer noopener\">D\u00e9claration d\u2019Oenobrands relative \u00e0 la conformit\u00e9 biologique (UE et NOP)<\/a><\/div>\n<\/div>\n\n<div style=\"height:30px\" aria-hidden=\"true\" class=\"wp-block-spacer\"><\/div>\n\n<ul class=\"wp-block-list\">\n<li>Nos levures, enzymes, bact\u00e9ries et d\u00e9riv\u00e9s sont rigoureusement s\u00e9lectionn\u00e9s et r\u00e9pondent \u00e0 des exigences strictes en mati\u00e8re de non-OGM. Pour la certification biologique europ\u00e9enne, seuls les additifs et auxiliaires technologiques list\u00e9s \u00e0 l\u2019annexe III du r\u00e8glement UE 2018\/1584 peuvent \u00eatre utilis\u00e9s. Les souches de levures Oenobrands ne sont pas disponibles en version biologique, ce qui les rend autoris\u00e9es en vinification biologique selon la r\u00e9glementation europ\u00e9enne en vigueur.<\/li>\n<\/ul>\n\n<div style=\"height:30px\" aria-hidden=\"true\" class=\"wp-block-spacer\"><\/div>\n\n<div class=\"wp-block-columns is-layout-flex wp-container-core-columns-is-layout-9d6595d7 wp-block-columns-is-layout-flex\">\n<div class=\"wp-block-column is-layout-flow wp-block-column-is-layout-flow\">\n<ul class=\"wp-block-list\">\n<li>La majorit\u00e9 de nos produits sont \u00e9galement conformes aux exigences NOP de l\u2019USDA, et peuvent \u00eatre utilis\u00e9s dans des vins \u00e9tiquet\u00e9s \u00ab biologiques \u00bb ou \u00ab \u00e9labor\u00e9s \u00e0 partir de raisins biologiques \u00bb.<\/li>\n<\/ul>\n<\/div>\n\n\n\n<div class=\"wp-block-column is-layout-flow wp-block-column-is-layout-flow\">\n<p>Plus d\u2019informations sur le NOP :<\/p>\n\n\n\n<div class=\"wp-block-buttons is-content-justification-center is-layout-flex wp-container-core-buttons-is-layout-16018d1d wp-block-buttons-is-layout-flex\">\n<div class=\"wp-block-button\"><a class=\"wp-block-button__link wp-element-button\" href=\"https:\/\/www.omri.org\/\" target=\"_blank\" rel=\"noreferrer noopener\">Site OMRI<\/a><\/div>\n<\/div>\n<\/div>\n<\/div>\n\n<div style=\"height:30px\" aria-hidden=\"true\" class=\"wp-block-spacer\"><\/div>\n\n<div class=\"wp-block-columns is-layout-flex wp-container-core-columns-is-layout-9d6595d7 wp-block-columns-is-layout-flex\">\n<div class=\"wp-block-column is-layout-flow wp-block-column-is-layout-flow\">\n<p>Consultez la liste officielle ECOCERT ici :<\/p>\n<\/div>\n\n\n\n<div class=\"wp-block-column is-layout-flow wp-block-column-is-layout-flow\">\n<div class=\"wp-block-buttons is-content-justification-left is-layout-flex wp-container-core-buttons-is-layout-fdcfc74e wp-block-buttons-is-layout-flex\">\n<div class=\"wp-block-button\"><a class=\"wp-block-button__link wp-element-button\" href=\"https:\/\/ap.ecocert.com\/intrants\/index.php?recherche_produit=&amp;recherche_fournisseur=OENOBRANDS&amp;recherche_categorie=0&amp;recherche_pays=0&amp;recherche_statut_tous=1\">Produits approuv\u00e9s par ECOCERT<\/a><\/div>\n<\/div>\n<\/div>\n\n\n\n<div class=\"wp-block-column is-layout-flow wp-block-column-is-layout-flow\" style=\"flex-basis:30%\"><\/div>\n<\/div>\n\n<div style=\"height:50px\" aria-hidden=\"true\" class=\"wp-block-spacer\"><\/div>\n","protected":false},"excerpt":{"rendered":"<p>Oenobrands : Excellence mondiale, Qualit\u00e9 certifi\u00e9e Notre r\u00e9seau mondial d&rsquo;installations de production et de [&hellip;]<\/p>\n","protected":false},"author":3,"featured_media":0,"parent":0,"menu_order":2,"comment_status":"closed","ping_status":"closed","template":"","meta":{"_acf_changed":false,"_seopress_robots_primary_cat":"0","_seopress_titles_title":"","_seopress_titles_desc":"","_seopress_robots_index":"","footnotes":""},"class_list":["post-13957","page","type-page","status-publish"],"acf":[],"_links":{"self":[{"href":"https:\/\/oenobrands.com\/fr\/wp-json\/wp\/v2\/pages\/13957","targetHints":{"allow":["GET"]}}],"collection":[{"href":"https:\/\/oenobrands.com\/fr\/wp-json\/wp\/v2\/pages"}],"about":[{"href":"https:\/\/oenobrands.com\/fr\/wp-json\/wp\/v2\/types\/page"}],"author":[{"embeddable":true,"href":"https:\/\/oenobrands.com\/fr\/wp-json\/wp\/v2\/users\/3"}],"replies":[{"embeddable":true,"href":"https:\/\/oenobrands.com\/fr\/wp-json\/wp\/v2\/comments?post=13957"}],"version-history":[{"count":0,"href":"https:\/\/oenobrands.com\/fr\/wp-json\/wp\/v2\/pages\/13957\/revisions"}],"wp:attachment":[{"href":"https:\/\/oenobrands.com\/fr\/wp-json\/wp\/v2\/media?parent=13957"}],"curies":[{"name":"wp","href":"https:\/\/api.w.org\/{rel}","templated":true}]}}