{"id":13947,"date":"2022-10-19T23:06:58","date_gmt":"2022-10-19T21:06:58","guid":{"rendered":"https:\/\/oenobrands.com\/solution\/etapes-pre-fermentaires\/pressurage-des-raisins\/"},"modified":"2025-11-18T13:55:21","modified_gmt":"2025-11-18T12:55:21","slug":"pressurage-des-raisins","status":"publish","type":"page","link":"https:\/\/oenobrands.com\/fr\/solution\/etapes-pre-fermentaires\/pressurage-des-raisins\/","title":{"rendered":"Pressurage des raisins"},"content":{"rendered":"\n<div style=\"height:50px\" aria-hidden=\"true\" class=\"wp-block-spacer\"><\/div>\n\n<p>Le pressurage des raisins est une \u00e9tape importante du processus de vinification, car il permet d&rsquo;extraire le jus des raisins qui sera ferment\u00e9 pour produire des vins blancs et ros\u00e9s. \u00c9tant donn\u00e9 que le processus de pressurage a une influence majeure sur la qualit\u00e9 et le caract\u00e8re du vin fini, les vinificateurs doivent comprendre les meilleures proc\u00e9dures pour presser les raisins.<strong>. Comme le processus de pressurage exerce une influence d\u00e9terminante sur la qualit\u00e9 et le caract\u00e8re du vin fini, les vinificateurs doivent ma\u00eetriser les meilleures pratiques de pressurage des raisins.<\/strong><\/p>\n\n<div style=\"height:50px\" aria-hidden=\"true\" class=\"wp-block-spacer\"><\/div>\n\n<div class=\"wp-block-columns is-layout-flex wp-container-core-columns-is-layout-9d6595d7 wp-block-columns-is-layout-flex\">\n<div class=\"wp-block-column has-background is-layout-flow wp-block-column-is-layout-flow\" style=\"background-color:#f1f1f1\">\n<h2 class=\"wp-block-heading\"><strong>Why do enzymes improve pressing?<\/strong><\/h2>\n\n\n\n<div style=\"height:30px\" aria-hidden=\"true\" class=\"wp-block-spacer\"><\/div>\n\n\n\n<p>Les polysaccharides pectiques des parois cellulaires de l&rsquo;\u00e9piderme de la peau des baies et des couches cellulaires sous-jacentes servent \u00e0 maintenir l&rsquo;int\u00e9grit\u00e9 et la continuit\u00e9 des tissus v\u00e9g\u00e9taux. <strong>Leur structure mol\u00e9culaire leur conf\u00e8re des propri\u00e9t\u00e9s chimiques et physiques adapt\u00e9es \u00e0 cet objectif, telles que la capacit\u00e9 de r\u00e9tention d&rsquo;eau et la formation de gels.<\/strong> Toutes ces caract\u00e9ristiques constituent des obstacles lors du traitement des raisins blancs, aux \u00e9tapes d&rsquo;extraction pr\u00e9fermentaire et de clarification des mo\u00fbts, ainsi que pour la diffusion des compos\u00e9s aromatiques et de leurs pr\u00e9curseurs dans le mo\u00fbt. <\/p>\n\n\n\n<p>Les pectines sont essentiellement constitu\u00e9es de cha\u00eenes principales appel\u00e9es homogalacturonanes, rhamnogalacturonanes, arabinanes et arabinogalactanes, que l&rsquo;on retrouve particuli\u00e8rement dans les raisins difficiles \u00e0 traiter, comme le Muscat. <strong>L&rsquo;action d&rsquo;un ensemble \u00e9quilibr\u00e9 de diff\u00e9rentes activit\u00e9s enzymatiques est n\u00e9cessaire pour d\u00e9composer leur structure particuli\u00e8rement complexe.<\/strong><\/p>\n<\/div>\n\n\n\n<div class=\"wp-block-column is-layout-flow wp-block-column-is-layout-flow\" style=\"flex-basis:1%\"><\/div>\n\n\n\n<div class=\"wp-block-column has-background is-layout-flow wp-block-column-is-layout-flow\" style=\"background-color:#f1f1f1\">\n<h2 class=\"wp-block-heading\"><strong>Comment les enzymes Rapidase peuvent-elles aider au pressurage ?<\/strong><\/h2>\n\n\n\n<div style=\"height:30px\" aria-hidden=\"true\" class=\"wp-block-spacer\"><\/div>\n\n\n\n<p>Il y a quelques ann\u00e9es, nous, Oenobrands, avons d\u00e9velopp\u00e9 <strong>Rapidase<sup>\u00ae<\/sup> Extra Press<\/strong>, une pr\u00e9paration enzymatique adapt\u00e9e pour <strong>am\u00e9liorer la lib\u00e9ration du jus des raisins en rendant les peaux des raisins plus perm\u00e9ables.<\/strong> <strong>Son utilisation permet d&rsquo;augmenter les rendements en jus et d&rsquo;acc\u00e9l\u00e9rer les cycles de pressurage, tout en pr\u00e9servant le mo\u00fbt de l&rsquo;oxydation.<\/strong> <\/p>\n\n\n\n<p>Pour la clarification, en plus des activit\u00e9s pectolytiques (pectine lyase, polygalacturonase et pectine m\u00e9thyl est\u00e9rase), <strong>Rapidase Extra Press<\/strong> contient des activit\u00e9s capables d&rsquo;hydrolyser \u00e0 la fois les cha\u00eenes principales d&rsquo;homogalacturonane et les cha\u00eenes lat\u00e9rales (arabinanes et arabinogalactanes).<strong> Les activit\u00e9s cellulase et h\u00e9micellulase sont maintenues \u00e0 de faibles niveaux pour \u00e9viter une mac\u00e9ration excessive des peaux et la formation d&rsquo;un exc\u00e8s de particules solides en suspension, difficiles \u00e0 \u00e9liminer.<\/strong><\/p>\n<\/div>\n<\/div>\n\n<div style=\"height:30px\" aria-hidden=\"true\" class=\"wp-block-spacer\"><\/div>\n\n<div class=\"wp-block-buttons is-content-justification-center is-layout-flex wp-container-core-buttons-is-layout-16018d1d wp-block-buttons-is-layout-flex\">\n<div class=\"wp-block-button\"><a class=\"wp-block-button__link has-white-color has-text-color has-background wp-element-button\" href=\"https:\/\/oenobrands.com\/fr\/produit\/enzyme\/rapidase\/rapidase-extra-press\/&lt;br\/&gt;&lt;br\/&gt;&lt;div style=&quot;all: initial !important;&quot;&gt; &lt;\/div&gt;\" style=\"background-color:#00a9e0\" target=\"_blank\" rel=\"noreferrer noopener\">Rapidase Extra Press<\/a><\/div>\n<\/div>\n\n<div style=\"height:35px\" aria-hidden=\"true\" class=\"wp-block-spacer\"><\/div>\n\n<p class=\"has-background\" style=\"background-color:#f1f1f1\">De nombreux tests r\u00e9alis\u00e9s par nous, Oenobrands, lors de diverses r\u00e9coltes et sur de nombreuses vari\u00e9t\u00e9s dans le monde entier, d\u00e9montrent l&rsquo;efficacit\u00e9 de Rapidase Extra Press dans le traitement des raisins blancs, que ce soit ajout\u00e9 \u00e0 la masse \u00e9cras\u00e9e dans le pressoir ou pendant la phase de mac\u00e9ration pr\u00e9-fermentaire.<\/p>\n\n<p><strong>L&rsquo;ajout de l&rsquo;enzyme Rapidase Extra Press directement dans le pressoir,<\/strong> avec un temps de contact de 2 \u00e0 3 heures, ou pendant la mac\u00e9ration pendant 6 \u00e0 10 heures, entra\u00eene une augmentation du rendement qui augmente en fonction de la dur\u00e9e de l&rsquo;action enzymatique sur la peau et la pulpe (Figures 1 et 2). <\/p>\n\n<div class=\"wp-block-columns is-layout-flex wp-container-core-columns-is-layout-9d6595d7 wp-block-columns-is-layout-flex\">\n<div class=\"wp-block-column has-background is-layout-flow wp-block-column-is-layout-flow\" style=\"background-color:#f1f1f1\"><div class=\"wp-block-image is-style-zoooom\">\n<figure class=\"aligncenter size-full is-resized\"><img alt=\"\" loading=\"lazy\" decoding=\"async\" width=\"967\" height=\"718\" src=\"https:\/\/oenobrands.com\/wp-content\/uploads\/2023\/02\/Solution_prefermentation-steps_pressing-image-1.png\" alt=\"\" class=\"wp-image-1706\" style=\"width:auto;height:300px\" srcset=\"https:\/\/oenobrands.com\/wp-content\/uploads\/2023\/02\/Solution_prefermentation-steps_pressing-image-1.png 967w, https:\/\/oenobrands.com\/wp-content\/uploads\/2023\/02\/Solution_prefermentation-steps_pressing-image-1-300x223.png 300w, https:\/\/oenobrands.com\/wp-content\/uploads\/2023\/02\/Solution_prefermentation-steps_pressing-image-1-768x570.png 768w\" sizes=\"auto, (max-width: 967px) 100vw, 967px\" \/><figcaption class=\"wp-element-caption\">Pourcentage de diff\u00e9rence de rendement de pressurage entre Rapidase Extra Press \u00e0 1 g\/100 kg et le t\u00e9moin, appliqu\u00e9 \u00e0 diverses vari\u00e9t\u00e9s de raisin en France.<br\/><br\/><\/figcaption><\/figure>\n<\/div>\n\n\n<p><strong>Les r\u00e9sultats montrent une augmentation des rendements en mo\u00fbt press\u00e9 en utilisant Rapidase Extra Press par rapport au t\u00e9moin sans enzyme. Les essais comprenaient l&rsquo;ajout direct de l&rsquo;enzyme dans le pressoir lors du remplissage. <\/strong><\/p>\n<\/div>\n\n\n\n<div class=\"wp-block-column is-layout-flow wp-block-column-is-layout-flow\" style=\"flex-basis:1%\"><\/div>\n\n\n\n<div class=\"wp-block-column has-background is-layout-flow wp-block-column-is-layout-flow\" style=\"background-color:#f1f1f1\"><div class=\"wp-block-image is-style-zoooom\">\n<figure class=\"aligncenter size-full is-resized\"><img alt=\"\" loading=\"lazy\" decoding=\"async\" width=\"795\" height=\"576\" src=\"https:\/\/oenobrands.com\/wp-content\/uploads\/2023\/02\/Solution_prefermentation-steps_pressing-image-2.png\" alt=\"\" class=\"wp-image-1708\" style=\"width:auto;height:300px\" srcset=\"https:\/\/oenobrands.com\/wp-content\/uploads\/2023\/02\/Solution_prefermentation-steps_pressing-image-2.png 795w, https:\/\/oenobrands.com\/wp-content\/uploads\/2023\/02\/Solution_prefermentation-steps_pressing-image-2-300x217.png 300w, https:\/\/oenobrands.com\/wp-content\/uploads\/2023\/02\/Solution_prefermentation-steps_pressing-image-2-768x556.png 768w\" sizes=\"auto, (max-width: 795px) 100vw, 795px\" \/><figcaption class=\"wp-element-caption\">Pourcentage de diff\u00e9rence de rendement en jus et en jus de goutte libre entre Rapidase Extra Press et l&rsquo;enzyme de r\u00e9f\u00e9rence des caves, appliqu\u00e9 \u00e0 diverses vari\u00e9t\u00e9s de raisin en France (\u00e0 1 g\/100 kg) et en Afrique du Sud (3 g\/100 kg de raisins).<br\/><br\/><\/figcaption><\/figure>\n<\/div>\n\n\n<p><strong>L&rsquo;utilisation de Rapidase Extra Press permet aux vinificateurs d&rsquo;obtenir plus de jus et des jus de meilleure qualit\u00e9 par rapport \u00e0 une enzyme de r\u00e9f\u00e9rence utilis\u00e9e pour la mac\u00e9ration pelliculaire pr\u00e9-fermentaire.<\/strong><\/p>\n<\/div>\n<\/div>\n\n<div class=\"wp-block-columns is-layout-flex wp-container-core-columns-is-layout-9d6595d7 wp-block-columns-is-layout-flex\">\n<div class=\"wp-block-column has-background is-layout-flow wp-block-column-is-layout-flow\" style=\"background-color:#f1f1f1\">\n<figure class=\"wp-block-image size-full is-resized is-style-zoooom\"><img alt=\"\" loading=\"lazy\" decoding=\"async\" width=\"792\" height=\"532\" src=\"https:\/\/oenobrands.com\/wp-content\/uploads\/2023\/02\/Solution_prefermentation-steps_pressing-image-3.png\" alt=\"\" class=\"wp-image-1710\" style=\"width:auto;height:300px\" srcset=\"https:\/\/oenobrands.com\/wp-content\/uploads\/2023\/02\/Solution_prefermentation-steps_pressing-image-3.png 792w, https:\/\/oenobrands.com\/wp-content\/uploads\/2023\/02\/Solution_prefermentation-steps_pressing-image-3-300x202.png 300w, https:\/\/oenobrands.com\/wp-content\/uploads\/2023\/02\/Solution_prefermentation-steps_pressing-image-3-768x516.png 768w\" sizes=\"auto, (max-width: 792px) 100vw, 792px\" \/><figcaption class=\"wp-element-caption\">Pourcentage de diff\u00e9rence de rendement total en jus (mo\u00fbt et jus de goutte libre) entre Rapidase Extra Press et les enzymes de r\u00e9f\u00e9rence des caves, appliqu\u00e9 \u00e0 diverses vari\u00e9t\u00e9s de raisin.<\/figcaption><\/figure>\n<\/div>\n\n\n\n<div class=\"wp-block-column is-layout-flow wp-block-column-is-layout-flow\" style=\"flex-basis:1%\"><\/div>\n\n\n\n<div class=\"wp-block-column has-background is-layout-flow wp-block-column-is-layout-flow\" style=\"background-color:#f1f1f1\">\n<p>En particulier, <strong>l&rsquo;augmentation la plus importante peut \u00eatre mesur\u00e9e dans la fraction du mo\u00fbt,<\/strong> obtenue par le drainage des raisins \u00e9cras\u00e9s trait\u00e9s avant le d\u00e9but des cycles de pressurage. <strong>Cela permet non seulement un meilleur rendement, mais aussi une meilleure qualit\u00e9 du mo\u00fbt<\/strong>, notamment gr\u00e2ce \u00e0 des cycles de pressurage plus doux et plus courts.<\/p>\n\n\n\n<p><strong>Nous avons appliqu\u00e9 Rapidase Extra Press directement pendant le remplissage du pressoir \u00e0 diverses doses, sur diff\u00e9rentes vari\u00e9t\u00e9s de raisin. Le dosage a \u00e9t\u00e9 choisi en fonction de l&rsquo;enzyme de r\u00e9f\u00e9rence utilis\u00e9e dans ces caves. Chaque fois, nous avons constat\u00e9 une augmentation du rendement total lors de l&rsquo;application de Rapidase Extra Press.  <\/strong> <\/p>\n\n\n\n<p class=\"has-small-font-size\">Chardonnay : France, Languedoc, dosage enzymatique de 1 g\/100 kg, mac\u00e9ration de 6 heures \u00e0 10 \u00b0C.<br\/>Muscat 1 : USA, Californie, dosage enzymatique de 1,1 g\/100 kg, mac\u00e9ration \u00e0 temp\u00e9rature ambiante, jus de goutte libre.<br\/>Muscat 2 : USA, Californie, dosage enzymatique de 1,3 g\/100 kg de raisins, mac\u00e9ration \u00e0 temp\u00e9rature ambiante, 7 heures pour Rapidase Extra Press et 12 heures pour l&rsquo;enzyme concurrente.<br\/>Pedro Ximenez Moscato rosado : Chili, Pisco, dosage enzymatique de 2 g\/100 kg de raisins, mac\u00e9ration \u00e0 16\u201318 \u00b0C pendant 6 heures, jus de goutte libre.   <\/p>\n<\/div>\n<\/div>\n\n<div style=\"height:30px\" aria-hidden=\"true\" class=\"wp-block-spacer\"><\/div>\n\n<div class=\"wp-block-buttons is-content-justification-center is-layout-flex wp-container-core-buttons-is-layout-16018d1d wp-block-buttons-is-layout-flex\">\n<div class=\"wp-block-button\"><a class=\"wp-block-button__link has-white-color has-text-color has-background wp-element-button\" href=\"https:\/\/oenobrands.com\/fr\/produit\/enzyme\/rapidase\/rapidase-extra-press\/&lt;br\/&gt;&lt;br\/&gt;&lt;div style=&quot;all: initial !important;&quot;&gt; &lt;\/div&gt;\" style=\"background-color:#00a9e0\" target=\"_blank\" rel=\"noreferrer noopener\">Rapidase Extra Press<\/a><\/div>\n<\/div>\n\n<div style=\"height:35px\" aria-hidden=\"true\" class=\"wp-block-spacer\"><\/div>\n\n<p class=\"has-background\" style=\"background-color:#f1f1f1\">D&rsquo;un point de vue op\u00e9rationnel et en termes d&rsquo;efficacit\u00e9 des processus, <strong>l&rsquo;ajout syst\u00e9matique de l&rsquo;enzyme au fouloir facilite les op\u00e9rations en cave et r\u00e9duit le travail requis<\/strong> ainsi que la possibilit\u00e9 d&rsquo;erreur lors des \u00e9tapes de traitement des raisins et du mo\u00fbt. L&rsquo;<strong>utilisation de Rapidase Extra Press contribuera \u00e9galement au processus de clarification, permettant au vinificateur de r\u00e9duire ou m\u00eame d&rsquo;\u00e9liminer l&rsquo;utilisation d&rsquo;enzymes pour la flottation ou la s\u00e9dimentation.<\/strong><\/p>\n\n<div style=\"height:50px\" aria-hidden=\"true\" class=\"wp-block-spacer\"><\/div>\n\n<div class=\"wp-block-columns is-layout-flex wp-container-core-columns-is-layout-9d6595d7 wp-block-columns-is-layout-flex\">\n<div class=\"wp-block-column is-vertically-aligned-center is-layout-flow wp-block-column-is-layout-flow\" style=\"flex-basis:30%\">\n<h1 class=\"wp-block-heading has-text-color has-large-font-size\" style=\"color:#545859\">D\u00e9couvrez la gamme RAPIDASE<\/h1>\n\n\n\n<div style=\"height:20px\" aria-hidden=\"true\" class=\"wp-block-spacer\"><\/div>\n\n\n\n<div class=\"wp-block-buttons is-content-justification-left is-layout-flex wp-container-core-buttons-is-layout-fdcfc74e wp-block-buttons-is-layout-flex\">\n<div class=\"wp-block-button\"><a class=\"wp-block-button__link has-background wp-element-button\" href=\"https:\/\/oenobrands.com\/fr\/produit\/enzyme\/rapidase\/&lt;br\/&gt;&lt;br\/&gt;&lt;div style=&quot;all: initial !important;&quot;&gt; &lt;\/div&gt;\" style=\"background-color:#545859\" target=\"_blank\" rel=\"noreferrer noopener\">RAPIDASE<\/a><\/div>\n<\/div>\n<\/div>\n\n\n\n<div class=\"wp-block-column is-vertically-aligned-top is-layout-flow wp-block-column-is-layout-flow\" style=\"flex-basis:10%\"><\/div>\n\n\n\n<div class=\"wp-block-column is-vertically-aligned-top is-layout-flow wp-block-column-is-layout-flow\">\n<figure class=\"wp-block-image size-full\"><img decoding=\"async\" src=\"http:\/\/oenobrands.com\/wp-content\/uploads\/2023\/05\/OENOBRANDS-Rapidase-bandeau.png\" alt=\"OENOBRANDS-Rapidase-bandeau\" class=\"wp-image-4529\"\/><\/figure>\n<\/div>\n<\/div>\n\n<div style=\"height:50px\" aria-hidden=\"true\" class=\"wp-block-spacer\"><\/div>\n\n<div class=\"wp-block-group\"><div class=\"wp-block-group__inner-container is-layout-constrained wp-block-group-is-layout-constrained\">\n<div class=\"wp-block-group\"><div class=\"wp-block-group__inner-container is-layout-constrained wp-block-group-is-layout-constrained\">\n<div class=\"wp-block-group\"><div class=\"wp-block-group__inner-container is-layout-constrained wp-block-group-is-layout-constrained\">\n<div class=\"wp-block-group\"><div class=\"wp-block-group__inner-container is-layout-constrained wp-block-group-is-layout-constrained\">\n<hr class=\"wp-block-separator has-text-color has-alpha-channel-opacity has-background\" style=\"background-color:#8a918e;color:#8a918e\"\/>\n<\/div><\/div>\n<\/div><\/div>\n\n\n\n<div class=\"wp-block-group\"><div class=\"wp-block-group__inner-container is-layout-constrained wp-block-group-is-layout-constrained\">\n<div class=\"wp-block-group\"><div class=\"wp-block-group__inner-container is-layout-constrained wp-block-group-is-layout-constrained\">\n<h2 class=\"wp-block-heading\"><strong>Et vous, qu&rsquo;en pensez-vous ?<\/strong><\/h2>\n<\/div><\/div>\n<\/div><\/div>\n\n\n\n<div class=\"wp-block-group\"><div class=\"wp-block-group__inner-container is-layout-constrained wp-block-group-is-layout-constrained\">\n<div class=\"wp-block-group\"><div class=\"wp-block-group__inner-container is-layout-constrained wp-block-group-is-layout-constrained\">\n<p>Avec une \u00e9quipe hautement qualifi\u00e9e d&rsquo;experts dans de nombreux domaines, Oenobrands s&rsquo;efforce d\u2019offrir aux vinificateurs des solutions nouvelles et scientifiquement solides, tout en mettant en avant les synergies positives entre ses produits.<\/p>\n<\/div><\/div>\n\n\n\n<div class=\"wp-block-group\"><div class=\"wp-block-group__inner-container is-layout-constrained wp-block-group-is-layout-constrained\">\n<div class=\"wp-block-group\"><div class=\"wp-block-group__inner-container is-layout-constrained wp-block-group-is-layout-constrained\">\n<div class=\"wp-block-columns is-layout-flex wp-container-core-columns-is-layout-9d6595d7 wp-block-columns-is-layout-flex\">\n<div class=\"wp-block-column is-vertically-aligned-center is-layout-flow wp-block-column-is-layout-flow\">\n<div class=\"wp-block-group wp-container-content-9cfa9a5a is-content-justification-left\"><div class=\"wp-block-group__inner-container is-layout-constrained wp-container-core-group-is-layout-8c890d92 wp-block-group-is-layout-constrained\">\n<p class=\"has-text-align-left\" style=\"font-size:0.9rem;font-style:normal;font-weight:600;letter-spacing:1px;text-transform:uppercase\">Trouvez votre solution ou produit<\/p>\n\n\n<form role=\"search\" method=\"get\" action=\"https:\/\/oenobrands.com\/fr\/\" class=\"wp-block-search__button-outside wp-block-search__icon-button wp-block-search\"    ><label class=\"wp-block-search__label screen-reader-text\" for=\"wp-block-search__input-1\" >Recherche<\/label><div class=\"wp-block-search__inside-wrapper\"  style=\"width: 100%\"><input class=\"wp-block-search__input\" id=\"wp-block-search__input-1\" placeholder=\"\" value=\"\" type=\"search\" name=\"s\" required  style=\"border-width: 1px\"\/><button aria-label=\"Recherche\" class=\"wp-block-search__button has-icon wp-element-button\" type=\"submit\"  style=\"border-width: 1px\"><svg class=\"search-icon\" viewBox=\"0 0 24 24\" width=\"24\" height=\"24\">\n\t\t\t\t\t<path d=\"M13 5c-3.3 0-6 2.7-6 6 0 1.4.5 2.7 1.3 3.7l-3.8 3.8 1.1 1.1 3.8-3.8c1 .8 2.3 1.3 3.7 1.3 3.3 0 6-2.7 6-6S16.3 5 13 5zm0 10.5c-2.5 0-4.5-2-4.5-4.5s2-4.5 4.5-4.5 4.5 2 4.5 4.5-2 4.5-4.5 4.5z\"><\/path>\n\t\t\t\t<\/svg><\/button><\/div><\/form><\/div><\/div>\n<\/div>\n\n\n\n<div class=\"wp-block-column is-layout-flow wp-block-column-is-layout-flow\" style=\"flex-basis:3px\"><\/div>\n\n\n\n<div class=\"wp-block-column is-layout-flow wp-block-column-is-layout-flow\">\n<p class=\"has-text-align-center\">Parlez-nous de vos difficult\u00e9s, et nous vous r\u00e9pondrons.<\/p>\n\n\n\n<div class=\"wp-block-buttons is-content-justification-center is-layout-flex wp-container-core-buttons-is-layout-16018d1d wp-block-buttons-is-layout-flex\">\n<div class=\"wp-block-button is-style-fill\"><a class=\"wp-block-button__link wp-element-button\" href=\"https:\/\/oenobrands.com\/fr\/contactez-nous\/&lt;br\/&gt;&lt;br\/&gt;&lt;div style=&quot;all: initial !important;&quot;&gt; &lt;\/div&gt;\" target=\"_blank\" rel=\"noreferrer noopener\">Contactez-nous.<\/a><\/div>\n<\/div>\n<\/div>\n<\/div>\n<\/div><\/div>\n<\/div><\/div>\n<\/div><\/div>\n<\/div><\/div>\n<\/div><\/div>\n\n<div style=\"height:50px\" aria-hidden=\"true\" class=\"wp-block-spacer\"><\/div>\n","protected":false},"excerpt":{"rendered":"<p>Le pressurage des raisins est une \u00e9tape importante du processus de vinification, car il [&hellip;]<\/p>\n","protected":false},"author":3,"featured_media":0,"parent":13940,"menu_order":4,"comment_status":"closed","ping_status":"closed","template":"","meta":{"_acf_changed":false,"_seopress_robots_primary_cat":"0","_seopress_titles_title":"","_seopress_titles_desc":"","_seopress_robots_index":"","footnotes":""},"class_list":["post-13947","page","type-page","status-publish"],"acf":[],"_links":{"self":[{"href":"https:\/\/oenobrands.com\/fr\/wp-json\/wp\/v2\/pages\/13947","targetHints":{"allow":["GET"]}}],"collection":[{"href":"https:\/\/oenobrands.com\/fr\/wp-json\/wp\/v2\/pages"}],"about":[{"href":"https:\/\/oenobrands.com\/fr\/wp-json\/wp\/v2\/types\/page"}],"author":[{"embeddable":true,"href":"https:\/\/oenobrands.com\/fr\/wp-json\/wp\/v2\/users\/3"}],"replies":[{"embeddable":true,"href":"https:\/\/oenobrands.com\/fr\/wp-json\/wp\/v2\/comments?post=13947"}],"version-history":[{"count":0,"href":"https:\/\/oenobrands.com\/fr\/wp-json\/wp\/v2\/pages\/13947\/revisions"}],"up":[{"embeddable":true,"href":"https:\/\/oenobrands.com\/fr\/wp-json\/wp\/v2\/pages\/13940"}],"wp:attachment":[{"href":"https:\/\/oenobrands.com\/fr\/wp-json\/wp\/v2\/media?parent=13947"}],"curies":[{"name":"wp","href":"https:\/\/api.w.org\/{rel}","templated":true}]}}