{"id":13940,"date":"2022-10-19T23:04:15","date_gmt":"2022-10-19T21:04:15","guid":{"rendered":"https:\/\/oenobrands.com\/solution\/etapes-pre-fermentaires\/"},"modified":"2025-06-13T21:42:09","modified_gmt":"2025-06-13T19:42:09","slug":"etapes-pre-fermentaires","status":"publish","type":"page","link":"https:\/\/oenobrands.com\/fr\/solution\/etapes-pre-fermentaires\/","title":{"rendered":"\u00c9TAPES PR\u00c9-FERMENTAIRES"},"content":{"rendered":"\n<div style=\"height:50px\" aria-hidden=\"true\" class=\"wp-block-spacer\"><\/div>\n\n\n\n<h2 class=\"wp-block-heading\">Quelles sont vos \u00e9tapes pr\u00e9-fermentaires en vinification ? D\u00e9couvrez les solutions que nous proposons pour les options suivantes : <\/h2>\n\n\n\n<div style=\"height:30px\" aria-hidden=\"true\" class=\"wp-block-spacer\"><\/div>\n\n\n\n<div class=\"wp-block-buttons is-content-justification-center is-layout-flex wp-container-core-buttons-is-layout-16018d1d wp-block-buttons-is-layout-flex\">\n<div class=\"wp-block-button\"><a class=\"wp-block-button__link wp-element-button\" href=\"https:\/\/oenobrands.com\/fr\/solution\/etapes-pre-fermentaires\/traitement-a-chaud-du-raisin\/\">Traitement thermique des raisins<\/a><\/div>\n\n\n\n<div class=\"wp-block-button\"><a class=\"wp-block-button__link wp-element-button\" href=\"https:\/\/oenobrands.com\/fr\/solution\/etapes-pre-fermentaires\/clarification-des-mouts\/\">Clarification des mo\u00fbts<\/a><\/div>\n\n\n\n<div class=\"wp-block-button\"><a class=\"wp-block-button__link wp-element-button\" href=\"https:\/\/oenobrands.com\/fr\/solution\/etapes-pre-fermentaires\/maceration-pelliculaire\/\">Mac\u00e9ration pelliculaire<\/a><\/div>\n\n\n\n<div class=\"wp-block-button\"><a class=\"wp-block-button__link wp-element-button\" href=\"https:\/\/oenobrands.com\/fr\/solution\/etapes-pre-fermentaires\/pressurage-des-raisins\/\">Pressurage des raisins<\/a><\/div>\n<\/div>\n\n\n\n<div style=\"height:70px\" aria-hidden=\"true\" class=\"wp-block-spacer\"><\/div>\n","protected":false},"excerpt":{"rendered":"<p>Quelles sont vos \u00e9tapes pr\u00e9-fermentaires en vinification ? D\u00e9couvrez les solutions que nous proposons [&hellip;]<\/p>\n","protected":false},"author":3,"featured_media":0,"parent":13939,"menu_order":1,"comment_status":"closed","ping_status":"closed","template":"","meta":{"_acf_changed":false,"_seopress_robots_primary_cat":"0","_seopress_titles_title":"","_seopress_titles_desc":"","_seopress_robots_index":"","footnotes":""},"class_list":["post-13940","page","type-page","status-publish"],"acf":[],"_links":{"self":[{"href":"https:\/\/oenobrands.com\/fr\/wp-json\/wp\/v2\/pages\/13940","targetHints":{"allow":["GET"]}}],"collection":[{"href":"https:\/\/oenobrands.com\/fr\/wp-json\/wp\/v2\/pages"}],"about":[{"href":"https:\/\/oenobrands.com\/fr\/wp-json\/wp\/v2\/types\/page"}],"author":[{"embeddable":true,"href":"https:\/\/oenobrands.com\/fr\/wp-json\/wp\/v2\/users\/3"}],"replies":[{"embeddable":true,"href":"https:\/\/oenobrands.com\/fr\/wp-json\/wp\/v2\/comments?post=13940"}],"version-history":[{"count":0,"href":"https:\/\/oenobrands.com\/fr\/wp-json\/wp\/v2\/pages\/13940\/revisions"}],"up":[{"embeddable":true,"href":"https:\/\/oenobrands.com\/fr\/wp-json\/wp\/v2\/pages\/13939"}],"wp:attachment":[{"href":"https:\/\/oenobrands.com\/fr\/wp-json\/wp\/v2\/media?parent=13940"}],"curies":[{"name":"wp","href":"https:\/\/api.w.org\/{rel}","templated":true}]}}