{"id":13937,"date":"2022-10-20T10:40:26","date_gmt":"2022-10-20T08:40:26","guid":{"rendered":"https:\/\/oenobrands.com\/recherche-scientifique\/publications\/"},"modified":"2025-06-13T21:42:09","modified_gmt":"2025-06-13T19:42:09","slug":"publications","status":"publish","type":"page","link":"https:\/\/oenobrands.com\/fr\/recherche-scientifique\/publications\/","title":{"rendered":"Publications"},"content":{"rendered":"\n<div style=\"height:50px\" aria-hidden=\"true\" class=\"wp-block-spacer\"><\/div>\n\n\n\n<p>Voici une liste exhaustive de nos r\u00e9centes publications : articles scientifiques, livres ou chapitres de livres et conf\u00e9rences lors de congr\u00e8s scientifiques.<\/p>\n\n\n\n<div style=\"height:50px\" aria-hidden=\"true\" class=\"wp-block-spacer\"><\/div>\n\n\n\n<h2 class=\"wp-block-heading\"><strong>Publications scientifiques<\/strong><\/h2>\n\n\n\n<div style=\"height:30px\" aria-hidden=\"true\" class=\"wp-block-spacer\"><\/div>\n\n\n\n<div class=\"wp-block-columns is-layout-flex wp-container-core-columns-is-layout-9d6595d7 wp-block-columns-is-layout-flex\">\n<div class=\"wp-block-column has-background is-layout-flow wp-block-column-is-layout-flow\" style=\"background:linear-gradient(0deg,rgb(255,255,255) 0%,rgb(247,247,247) 100%)\">\n<div class=\"wp-block-media-text is-stacked-on-mobile\" style=\"grid-template-columns:15% auto\"><figure class=\"wp-block-media-text__media\"><img loading=\"lazy\" decoding=\"async\" width=\"150\" height=\"150\" src=\"http:\/\/oenobrands.com\/wp-content\/uploads\/2024\/05\/picto-Document_grey_02-min.png\" alt=\"picto grey\" class=\"wp-image-7383 size-full\"\/><\/figure><div class=\"wp-block-media-text__content\">\n<h3 class=\"wp-block-heading\"><a href=\"https:\/\/www.mdpi.com\/2735186\" target=\"_blank\" rel=\"noreferrer noopener\">Aroma Features of <em>Hanseniaspora vineae<\/em> Hv205 Wines in sequential and co-inoculation strategies.<\/a><\/h3>\n<\/div><\/div>\n\n\n\n<div style=\"height:20px\" aria-hidden=\"true\" class=\"wp-block-spacer\"><\/div>\n\n\n\n<p><strong>Auteurs :<\/strong> <span style=\"font-size: revert; color: initial;\">Gallo, A., Roman, T., Paolini, M., Cappello, N., Guzzon, R., Carrau, F., Schneider, R., Larcher, R. (2024).<\/span><br><strong>Publi\u00e9 : <\/strong><a href=\"https:\/\/www.mdpi.com\/2735186\" target=\"_blank\" rel=\"noreferrer noopener\"><em>Fermentation<\/em>, <em>10<\/em>(4), 191.<\/a><\/p>\n<\/div>\n\n\n\n<div class=\"wp-block-column has-background is-layout-flow wp-block-column-is-layout-flow\" style=\"background:linear-gradient(0deg,rgb(255,255,255) 0%,rgb(247,247,247) 100%)\">\n<div class=\"wp-block-media-text is-stacked-on-mobile\" style=\"grid-template-columns:15% auto\"><figure class=\"wp-block-media-text__media\"><img loading=\"lazy\" decoding=\"async\" width=\"150\" height=\"150\" src=\"http:\/\/oenobrands.com\/wp-content\/uploads\/2024\/05\/picto-Document_grey_02-min.png\" alt=\"picto grey\" class=\"wp-image-7383 size-full\"\/><\/figure><div class=\"wp-block-media-text__content\">\n<h3 class=\"wp-block-heading\"><a href=\"https:\/\/www.researchgate.net\/publication\/372197040_Insights_into_the_grape_must_composition_effect_on_Hanseniaspora_vineae_performance_and_metabolic_aroma_compounds_in_Chardonnay_base_wine_for_sparkling_wine_production\" target=\"_blank\" rel=\"noreferrer noopener\">Insights into the grape must composition effect on Hanseniaspora vineae performance and metabolic aroma compounds in Chardonnay base wine for sparkling wine production.<\/a><\/h3>\n<\/div><\/div>\n\n\n\n<div style=\"height:20px\" aria-hidden=\"true\" class=\"wp-block-spacer\"><\/div>\n\n\n\n<p><strong>Auteurs :<\/strong> <span style=\"font-size: revert; color: initial;\">Gallo, A., Larcher, R., Cappello, N., Paolini, M., Moser, S., Carrau, F., &#8230;  Roman, T. (2023).<\/span><br><strong>Publi\u00e9 :<\/strong> <em><a href=\"https:\/\/www.researchgate.net\/publication\/372197040_Insights_into_the_grape_must_composition_effect_on_Hanseniaspora_vineae_performance_and_metabolic_aroma_compounds_in_Chardonnay_base_wine_for_sparkling_wine_production\" target=\"_blank\" rel=\"noreferrer noopener\">Journal of Food Composition and Analysis, 123, 105514.<\/a><\/em><\/p>\n<\/div>\n<\/div>\n\n\n\n<div class=\"wp-block-columns is-layout-flex wp-container-core-columns-is-layout-9d6595d7 wp-block-columns-is-layout-flex\">\n<div class=\"wp-block-column has-background is-layout-flow wp-block-column-is-layout-flow\" style=\"background:linear-gradient(0deg,rgb(255,255,255) 0%,rgb(247,247,247) 100%)\">\n<div class=\"wp-block-media-text is-stacked-on-mobile\" style=\"grid-template-columns:15% auto\"><figure class=\"wp-block-media-text__media\"><img loading=\"lazy\" decoding=\"async\" width=\"150\" height=\"150\" src=\"http:\/\/oenobrands.com\/wp-content\/uploads\/2024\/05\/picto-Document_grey_02-min.png\" alt=\"picto grey\" class=\"wp-image-7383 size-full\"\/><\/figure><div class=\"wp-block-media-text__content\">\n<h3 class=\"wp-block-heading\"><a href=\"https:\/\/pubmed.ncbi.nlm.nih.gov\/37293927\/\" target=\"_blank\" rel=\"noreferrer noopener\">Exogenous C\u2013S Lyase Enzyme, a Potential Tool To Release Aromas in Wine or Beer<\/a><\/h3>\n<\/div><\/div>\n\n\n\n<div style=\"height:20px\" aria-hidden=\"true\" class=\"wp-block-spacer\"><\/div>\n\n\n\n<p><strong>Auteurs :<\/strong> Cl\u00e9rat, L., R\u00e9mond, E., Schneider, R., Cavelier, F.,  Viv\u00e8s, E. (2023). <br><strong>Publi\u00e9: <\/strong><a href=\"https:\/\/pubmed.ncbi.nlm.nih.gov\/37293927\/\" target=\"_blank\" rel=\"noreferrer noopener\"><em>Journal of Agricultural and Food Chemistry<\/em>.<\/a><\/p>\n<\/div>\n\n\n\n<div class=\"wp-block-column has-background is-layout-flow wp-block-column-is-layout-flow\" style=\"background:linear-gradient(0deg,rgb(255,255,255) 0%,rgb(247,247,247) 100%)\">\n<div class=\"wp-block-media-text is-stacked-on-mobile\" style=\"grid-template-columns:15% auto\"><figure class=\"wp-block-media-text__media\"><img loading=\"lazy\" decoding=\"async\" width=\"150\" height=\"150\" src=\"http:\/\/oenobrands.com\/wp-content\/uploads\/2024\/05\/picto-Document_grey_02-min.png\" alt=\"picto grey\" class=\"wp-image-7383 size-full\"\/><\/figure><div class=\"wp-block-media-text__content\">\n<h3 class=\"wp-block-heading\"><a href=\"https:\/\/pubmed.ncbi.nlm.nih.gov\/33672220\/\" target=\"_blank\" rel=\"noreferrer noopener\">The Impact of&nbsp;<em>Hanseniaspora vineae<\/em>&nbsp;Fermentation and Ageing on Lees on the Terpenic Aromatic Profile of White Wines of the Albillo Variety <\/a><\/h3>\n<\/div><\/div>\n\n\n\n<div style=\"height:20px\" aria-hidden=\"true\" class=\"wp-block-spacer\"><\/div>\n\n\n\n<p><strong>Auteurs :<\/strong> Del Fresno, J. M., Escott, C., Loira, I., Carrau, F., Cuerda, R., Schneider, R., &#8230;  Morata, A. (2021). <br><strong>Publi\u00e9: <\/strong><a href=\"https:\/\/pubmed.ncbi.nlm.nih.gov\/33672220\/\" target=\"_blank\" rel=\"noreferrer noopener\"><em>International Journal of Molecular Sciences<\/em>, <em>22<\/em>(4), 2195<\/a>.<\/p>\n<\/div>\n<\/div>\n\n\n\n<div class=\"wp-block-columns is-layout-flex wp-container-core-columns-is-layout-9d6595d7 wp-block-columns-is-layout-flex\">\n<div class=\"wp-block-column has-background is-layout-flow wp-block-column-is-layout-flow\" style=\"background:linear-gradient(0deg,rgb(255,255,255) 0%,rgb(247,247,247) 100%)\">\n<div class=\"wp-block-media-text is-stacked-on-mobile\" style=\"grid-template-columns:15% auto\"><figure class=\"wp-block-media-text__media\"><img loading=\"lazy\" decoding=\"async\" width=\"150\" height=\"150\" src=\"http:\/\/oenobrands.com\/wp-content\/uploads\/2024\/05\/picto-Document_grey_02-min.png\" alt=\"picto grey\" class=\"wp-image-7383 size-full\"\/><\/figure><div class=\"wp-block-media-text__content\">\n<h3 class=\"wp-block-heading\"><a href=\"https:\/\/pubmed.ncbi.nlm.nih.gov\/32866707\/\" target=\"_blank\" rel=\"noreferrer noopener\">Spotlight on release mechanisms of volatile thiols in beverages.&nbsp;<\/a><\/h3>\n<\/div><\/div>\n\n\n\n<div style=\"height:20px\" aria-hidden=\"true\" class=\"wp-block-spacer\"><\/div>\n\n\n\n<p>Bonnaffoux, H., Roland, A., Schneider, R., &amp; Cavelier, F. (2021).<\/p>\n\n\n\n<p><em>Food Chemistry<\/em>, <em>339<\/em>, 127628.<\/p>\n<\/div>\n\n\n\n<div class=\"wp-block-column has-background is-layout-flow wp-block-column-is-layout-flow\" style=\"background:linear-gradient(0deg,rgb(255,255,255) 0%,rgb(247,247,247) 100%)\">\n<div class=\"wp-block-media-text is-stacked-on-mobile\" style=\"grid-template-columns:15% auto\"><figure class=\"wp-block-media-text__media\"><img loading=\"lazy\" decoding=\"async\" width=\"150\" height=\"150\" src=\"http:\/\/oenobrands.com\/wp-content\/uploads\/2024\/05\/picto-Document_grey_02-min.png\" alt=\"picto grey\" class=\"wp-image-7383 size-full\"\/><\/figure><div class=\"wp-block-media-text__content\">\n<p>The reduction of plant sink\/source does not systematically improve the metabolic composition of Vitis vinifera white fruit.<\/p>\n<\/div><\/div>\n\n\n\n<div style=\"height:20px\" aria-hidden=\"true\" class=\"wp-block-spacer\"><\/div>\n\n\n\n<p>Alem, H., Ojeda, H., Rigou, P., Schneider, R., &amp; Torregrosa, L. (2021).<\/p>\n\n\n\n<p>Food chemistry, 345, 128825.<br><\/p>\n<\/div>\n<\/div>\n\n\n\n<div class=\"wp-block-columns is-layout-flex wp-container-core-columns-is-layout-9d6595d7 wp-block-columns-is-layout-flex\">\n<div class=\"wp-block-column has-background is-layout-flow wp-block-column-is-layout-flow\" style=\"background:linear-gradient(0deg,rgb(255,255,255) 0%,rgb(247,247,247) 100%)\">\n<div class=\"wp-block-media-text is-stacked-on-mobile\" style=\"grid-template-columns:15% auto\"><figure class=\"wp-block-media-text__media\"><img loading=\"lazy\" decoding=\"async\" width=\"150\" height=\"150\" src=\"http:\/\/oenobrands.com\/wp-content\/uploads\/2024\/05\/picto-Document_grey_02-min.png\" alt=\"picto grey\" class=\"wp-image-7383 size-full\"\/><\/figure><div class=\"wp-block-media-text__content\">\n<h3 class=\"wp-block-heading\"><a href=\"https:\/\/www.researchgate.net\/publication\/346419932_Effect_of_the_plant_sinksource_balance_on_the_metabolic_content_of_the_Vitis_vinifera_L_red_grape\">Effect of the plant sink\/source balance on the metabolic content of the Vitis vinifera L. red grape.&nbsp;<\/a><\/h3>\n<\/div><\/div>\n\n\n\n<div style=\"height:20px\" aria-hidden=\"true\" class=\"wp-block-spacer\"><\/div>\n\n\n\n<p>Alem, H., Torregrosa, L., Rigou, P., Schneider, R., &amp; Ojeda, H. (2021).<\/p>\n\n\n\n<p><em>European Journal of Agronomy<\/em>, <em>122<\/em>, 126168.<\/p>\n<\/div>\n\n\n\n<div class=\"wp-block-column has-background is-layout-flow wp-block-column-is-layout-flow\" style=\"background:linear-gradient(0deg,rgb(255,255,255) 0%,rgb(247,247,247) 100%)\">\n<div class=\"wp-block-media-text is-stacked-on-mobile\" style=\"grid-template-columns:15% auto\"><figure class=\"wp-block-media-text__media\"><img loading=\"lazy\" decoding=\"async\" width=\"150\" height=\"150\" src=\"http:\/\/oenobrands.com\/wp-content\/uploads\/2024\/05\/picto-Document_grey_02-min.png\" alt=\"picto grey\" class=\"wp-image-7383 size-full\"\/><\/figure><div class=\"wp-block-media-text__content\">\n<h3 class=\"wp-block-heading\"><a href=\"https:\/\/www.mdpi.com\/757890\" target=\"_blank\" rel=\"noreferrer noopener\">Impact of Hanseniaspora vineae in alcoholic fermentation and ageing on lees of high-quality white wine.<\/a><\/h3>\n<\/div><\/div>\n\n\n\n<div style=\"height:20px\" aria-hidden=\"true\" class=\"wp-block-spacer\"><\/div>\n\n\n\n<p><strong>Auteurs :<\/strong> Del Fresno, J. M., Escott, C., Loira, I., Herbert-Pucheta, J. E., Schneider, R., Carrau, F., \u2026  Morata, A. (2020). <br><strong>Publi\u00e9 : <\/strong><a href=\"https:\/\/www.mdpi.com\/757890\" target=\"_blank\" rel=\"noreferrer noopener\"><em>Fermentation<\/em>,&nbsp;<em>6<\/em>(3), 66.<\/a> <\/p>\n<\/div>\n<\/div>\n\n\n\n<div class=\"wp-block-columns is-layout-flex wp-container-core-columns-is-layout-9d6595d7 wp-block-columns-is-layout-flex\">\n<div class=\"wp-block-column has-background is-layout-flow wp-block-column-is-layout-flow\" style=\"background:linear-gradient(0deg,rgb(255,255,255) 0%,rgb(247,247,247) 100%)\">\n<div class=\"wp-block-media-text is-stacked-on-mobile\" style=\"grid-template-columns:15% auto\"><figure class=\"wp-block-media-text__media\"><img loading=\"lazy\" decoding=\"async\" width=\"150\" height=\"150\" src=\"http:\/\/oenobrands.com\/wp-content\/uploads\/2024\/05\/picto-Document_grey_02-min.png\" alt=\"picto grey\" class=\"wp-image-7383 size-full\"\/><\/figure><div class=\"wp-block-media-text__content\">\n<p>Impact of agronomic practices on grape aroma composition: a review.<\/p>\n<\/div><\/div>\n\n\n\n<div style=\"height:20px\" aria-hidden=\"true\" class=\"wp-block-spacer\"><\/div>\n\n\n\n<p><strong>Auteurs :<\/strong> Alem, H., Rigou, P., Schneider, R., Ojeda, H.,  Torregrosa, L. (2019). &nbsp;<br><strong>Publi\u00e9: <\/strong><a href=\"https:\/\/pubmed.ncbi.nlm.nih.gov\/30142253\/\" target=\"_blank\" rel=\"noreferrer noopener\"><em>Journal of the Science of Food and Agriculture<\/em>,&nbsp;<em>99<\/em>(3), 975-985.<\/a><\/p>\n<\/div>\n\n\n\n<div class=\"wp-block-column has-background is-layout-flow wp-block-column-is-layout-flow\" style=\"background:linear-gradient(0deg,rgb(255,255,255) 0%,rgb(247,247,247) 100%)\">\n<div class=\"wp-block-media-text is-stacked-on-mobile\" style=\"grid-template-columns:15% auto\"><figure class=\"wp-block-media-text__media\"><img loading=\"lazy\" decoding=\"async\" width=\"150\" height=\"150\" src=\"http:\/\/oenobrands.com\/wp-content\/uploads\/2024\/05\/picto-Document_grey_02-min.png\" alt=\"picto grey\" class=\"wp-image-7383 size-full\"\/><\/figure><div class=\"wp-block-media-text__content\">\n<p>Behavior of glycosylated aroma precursors in Microvine fruits after guaiacol foliar application.<\/p>\n<\/div><\/div>\n\n\n\n<div style=\"height:20px\" aria-hidden=\"true\" class=\"wp-block-spacer\"><\/div>\n\n\n\n<p><strong>Auteurs :<\/strong> S\u00e1nchez-G\u00f3mez, R., Torregrosa, L., Zalacain, A., Ojeda, H., Bouckenooghe, V., Schneider, R., \u2026  Salinas, M. R. (2019). &nbsp;<br><strong>Publi\u00e9 : <\/strong><a href=\"https:\/\/www.researchgate.net\/publication\/329216526_Behavior_of_glycosylated_aroma_precursors_in_Microvine_fruits_after_guaiacol_foliar_application\" target=\"_blank\" rel=\"noreferrer noopener\"><em>Scientia horticulturae<\/em>,&nbsp;<em>246<\/em>, e1-e8.<\/a><\/p>\n<\/div>\n<\/div>\n\n\n\n<div class=\"wp-block-columns is-layout-flex wp-container-core-columns-is-layout-9d6595d7 wp-block-columns-is-layout-flex\">\n<div class=\"wp-block-column has-background is-layout-flow wp-block-column-is-layout-flow\" style=\"background:linear-gradient(0deg,rgb(255,255,255) 0%,rgb(247,247,247) 100%)\">\n<div class=\"wp-block-media-text is-stacked-on-mobile\" style=\"grid-template-columns:15% auto\"><figure class=\"wp-block-media-text__media\"><img loading=\"lazy\" decoding=\"async\" width=\"150\" height=\"150\" src=\"http:\/\/oenobrands.com\/wp-content\/uploads\/2024\/05\/picto-Document_grey_02-min.png\" alt=\"picto grey\" class=\"wp-image-7383 size-full\"\/><\/figure><div class=\"wp-block-media-text__content\">\n<p>Revisiting the evaluation strategy of varietal thiol biogenesis.<\/p>\n<\/div><\/div>\n\n\n\n<div style=\"height:20px\" aria-hidden=\"true\" class=\"wp-block-spacer\"><\/div>\n\n\n\n<p><strong>Auteurs <\/strong>: Bonnaffoux, H., Delpech, S., R\u00e9mond, E., Schneider, R., Roland, A., &amp; Cavelier, F. (2018).<\/p>\n\n\n\n<p><strong>Publi\u00e9 <\/strong>: <em>Food chemistry<\/em>, <em>268<\/em>, 126-133.<\/p>\n<\/div>\n\n\n\n<div class=\"wp-block-column has-background is-layout-flow wp-block-column-is-layout-flow\" style=\"background:linear-gradient(0deg,rgb(255,255,255) 0%,rgb(247,247,247) 100%)\">\n<div class=\"wp-block-media-text is-stacked-on-mobile\" style=\"grid-template-columns:15% auto\"><figure class=\"wp-block-media-text__media\"><img loading=\"lazy\" decoding=\"async\" width=\"150\" height=\"150\" src=\"http:\/\/oenobrands.com\/wp-content\/uploads\/2024\/05\/picto-Document_grey_02-min.png\" alt=\"picto grey\" class=\"wp-image-7383 size-full\"\/><\/figure><div class=\"wp-block-media-text__content\">\n<p>Can a certain concentration of rotundone be undesirable in Duras red wine? A study to estimate a consumer rejection threshold for the pepper aroma compound. <\/p>\n<\/div><\/div>\n\n\n\n<div style=\"height:20px\" aria-hidden=\"true\" class=\"wp-block-spacer\"><\/div>\n\n\n\n<p><strong>Auteurs<\/strong>: Geffroy, O., Desc\u00f4tes, J., Serrano, E., Li Calzi, M., Dagan, L., &amp; Schneider, R. (2018).<\/p>\n\n\n\n<p><strong>Publi\u00e9<\/strong> : <em>Australian journal of grape and wine research<\/em>, <em>24<\/em>(1), 88-95.<\/p>\n<\/div>\n<\/div>\n\n\n\n<div class=\"wp-block-columns is-layout-flex wp-container-core-columns-is-layout-9d6595d7 wp-block-columns-is-layout-flex\">\n<div class=\"wp-block-column has-background is-layout-flow wp-block-column-is-layout-flow\" style=\"background:linear-gradient(0deg,rgb(255,255,255) 0%,rgb(247,247,247) 100%)\">\n<div class=\"wp-block-media-text is-stacked-on-mobile\" style=\"grid-template-columns:15% auto\"><figure class=\"wp-block-media-text__media\"><img loading=\"lazy\" decoding=\"async\" width=\"150\" height=\"150\" src=\"http:\/\/oenobrands.com\/wp-content\/uploads\/2024\/05\/picto-Document_grey_02-min.png\" alt=\"picto grey\" class=\"wp-image-7383 size-full\"\/><\/figure><div class=\"wp-block-media-text__content\">\n<p>Prevention of tartrate crystallization in wine by hydrocolloids: The mechanism studied by dynamic light scattering.<\/p>\n<\/div><\/div>\n\n\n\n<div style=\"height:20px\" aria-hidden=\"true\" class=\"wp-block-spacer\"><\/div>\n\n\n\n<p>Lankhorst, P. P., Voogt, B., Tuinier, R., Lefol, B., Pellerin, P., &amp; Virone, C. (2017).<\/p>\n\n\n\n<p><em>Journal of Agricultural and Food Chemistry<\/em>, <em>65<\/em>(40), 8923-8929.<\/p>\n<\/div>\n\n\n\n<div class=\"wp-block-column is-layout-flow wp-block-column-is-layout-flow\"><\/div>\n<\/div>\n\n\n\n<div style=\"height:50px\" aria-hidden=\"true\" class=\"wp-block-spacer\"><\/div>\n\n\n\n<h2 class=\"wp-block-heading\"><strong><strong>Livres ou Chap\u00eetres de livre<\/strong><\/strong><\/h2>\n\n\n\n<div style=\"height:50px\" aria-hidden=\"true\" class=\"wp-block-spacer\"><\/div>\n\n\n\n<div class=\"wp-block-columns has-background is-layout-flex wp-container-core-columns-is-layout-9d6595d7 wp-block-columns-is-layout-flex\" style=\"background-color:#f7f7f7\">\n<div class=\"wp-block-column is-layout-flow wp-block-column-is-layout-flow\">\n<ul class=\"wp-block-list\">\n<li>Gu\u00e9rin L.  Schneider, R. (2022). <strong>Les enzymes, des biocatalyseurs utiles tout au long de la vinificiation<\/strong>. <em>Biotechnologies en \u0152nologie<\/em>, 16-49.<\/li>\n\n\n\n<li>Bahut, F., Mekoue-Nguela, J., Ortiz-Julien, A., Robillard, B., Schneider, R., Sieczkowski, N., Aude Vernhet, A., &nbsp;Zamora, F. (2022). <strong>D\u00e9riv\u00e9s de levures.<\/strong> <em>Biotechnologies en \u0152nologie<\/em>, 115-147.<\/li>\n<\/ul>\n<\/div>\n\n\n\n<div class=\"wp-block-column is-layout-flow wp-block-column-is-layout-flow\">\n<ul class=\"wp-block-list\">\n<li><a href=\"https:\/\/www.researchgate.net\/publication\/355023841_Application_of_Hanseniaspora_vineae_to_improve_white_wine_quality\" target=\"_blank\" rel=\"noreferrer noopener\">Martin, V., Valera, M. J., Medina, K., Dellacassa, E., Schneider, R., Boido, E.,  Carrau, F. (2022). <strong>Application of Hanseniaspora vineae to improve white wine quality. <\/strong><em>White Wine Technology<\/em>, 99-115.<\/a><\/li>\n\n\n\n<li><a href=\"https:\/\/www.researchgate.net\/publication\/355020954_Enzyme_applications_in_white_wine\" target=\"_blank\" rel=\"noreferrer noopener\">Aroca, A. \u00c1., van Rolleghem, I.,  Schneider, R. (2022). <strong>Enzyme applications in white wine.<\/strong> In <em>White Wine Technology<\/em> (pp. 221-238). Academic Press. <\/a><\/li>\n\n\n\n<li>Bouissou, D., Samson, A., Saint-Pierre, B., Bajard-Sparrow, C., Caussette, M., Latham, P., &#8230;  Lankhorst, P. (2007). <strong>Claristar\u2122: a new ingredient for tartrate stabilisation. <\/strong><em>Claristar\u2122: a new ingredient for tartrate stabilisation (2007)<\/em>.<\/li>\n<\/ul>\n<\/div>\n<\/div>\n\n\n\n<h2 class=\"wp-block-heading\"><strong>Articles techniques<\/strong><\/h2>\n\n\n\n<div style=\"height:50px\" aria-hidden=\"true\" class=\"wp-block-spacer\"><\/div>\n\n\n\n<div class=\"wp-block-columns has-background is-layout-flex wp-container-core-columns-is-layout-9d6595d7 wp-block-columns-is-layout-flex\" style=\"background-color:#f7f7f7\">\n<div class=\"wp-block-column is-layout-flow wp-block-column-is-layout-flow\">\n<ul class=\"wp-block-list\">\n<li>Bonnaffoux, H., Charrier, F., Roy, A., Delpech, S., Roland, A., Cavelier, F.,  Schneider R.&nbsp;(2020). <strong>Valorisation du potentiel aromatique de type thiol de la vendange&nbsp;: Partie 1\/2: H\u00e9t\u00e9rog\u00e9n\u00e9it\u00e9 de r\u00e9partition des pr\u00e9curseurs de thiols intra et inter-grappes<\/strong>&nbsp;; <em>La revue des \u0153nologues, 175, 2020<\/em>.<\/li>\n<\/ul>\n\n\n\n<ul class=\"wp-block-list\">\n<li>Bonnaffoux, H., Charrier, F., Roy, A., Delpech, S., Roland, A., Cavelier, F.,  Schneider R.&nbsp;(2020). <strong>Valorisation du potentiel aromatique de type thiol de la vendange&nbsp;: Partie 2\/2: Impact des op\u00e9rations pr\u00e9fermentaires,<\/strong> <em>La revue des \u0153nologues, N\u00b0 176, juillet 2020.<\/em><\/li>\n<\/ul>\n\n\n\n<ul class=\"wp-block-list\">\n<li>Mangiameli, M., Petegolli, D.,  Schneider, R. (2018). <strong>Reduce your filtration problems: A new enzyme formulation to prevent filter clogging. <\/strong><em>Australian and New Zealand Grapegrower and Winemaker<\/em>, (651), 62-65.<\/li>\n<\/ul>\n<\/div>\n\n\n\n<div class=\"wp-block-column is-layout-flow wp-block-column-is-layout-flow\">\n<ul class=\"wp-block-list\">\n<li>Caboulet, D., Ducasse, M. A., Roy, A., Dagan, L., Fauveau, C., Pellerin, P.,  Schneider, R. (2012). <strong>The influence of yeast strains on the phenolic and aromatic qualities of red wines. <\/strong><em>Wine and Viticulture Journal<\/em>, <em>27<\/em>(6), 35-42.<\/li>\n<\/ul>\n\n\n\n<ul class=\"wp-block-list\">\n<li>Wantz, S., Bajard, C., Fauveau, C.,  Pellerin, P. (2000). <strong>Vers une utilisation optimale des enzymes \u0153nologiques en thermovinification.<\/strong> <em>Revue Francaise d&rsquo;Oenologie (France)<\/em>.<\/li>\n<\/ul>\n<\/div>\n<\/div>\n\n\n\n<h2 class=\"wp-block-heading\"><strong>Congr\u00e8s scientifiques<\/strong><\/h2>\n\n\n\n<div style=\"height:50px\" aria-hidden=\"true\" class=\"wp-block-spacer\"><\/div>\n\n\n\n<ul class=\"wp-block-list\">\n<li>Gallo, A., Paolini, M., Castello, D., Carrau, F., Schneider, R., Cappello, N., &#8230;  Roman Villegas, T. (2023). <strong>Aromatic and fermentative performances of Hanseniaspora vineae in different coinoculation protocols with Saccharomyces cerevisiae for white winemaking.<\/strong> <em>44th World Congress of vine and wine, Cadiz\/Jerez, Spain, 5-9 June 2023<\/em> (pp. 699-701). ES. <\/li>\n\n\n\n<li>Martin, V., Risso, C., Listur, B., Medina, K., Valera, M. J., Schneider, R., &#8230;  Carrau, F. (2023). <strong>Proteolytic activity under white wine fermentation by Hanseniaspora vineae yeast strains. <\/strong><em>BIO Web of Conferences<\/em> (Vol. 56, p. 02020). EDP Sciences. <\/li>\n<\/ul>\n\n\n\n<div style=\"height:100px\" aria-hidden=\"true\" class=\"wp-block-spacer\"><\/div>\n","protected":false},"excerpt":{"rendered":"<p>Voici une liste exhaustive de nos r\u00e9centes publications : articles scientifiques, livres ou chapitres [&hellip;]<\/p>\n","protected":false},"author":3,"featured_media":0,"parent":13932,"menu_order":2,"comment_status":"closed","ping_status":"closed","template":"","meta":{"_acf_changed":false,"_seopress_robots_primary_cat":"0","_seopress_titles_title":"","_seopress_titles_desc":"","_seopress_robots_index":"","footnotes":""},"class_list":["post-13937","page","type-page","status-publish"],"acf":[],"_links":{"self":[{"href":"https:\/\/oenobrands.com\/fr\/wp-json\/wp\/v2\/pages\/13937","targetHints":{"allow":["GET"]}}],"collection":[{"href":"https:\/\/oenobrands.com\/fr\/wp-json\/wp\/v2\/pages"}],"about":[{"href":"https:\/\/oenobrands.com\/fr\/wp-json\/wp\/v2\/types\/page"}],"author":[{"embeddable":true,"href":"https:\/\/oenobrands.com\/fr\/wp-json\/wp\/v2\/users\/3"}],"replies":[{"embeddable":true,"href":"https:\/\/oenobrands.com\/fr\/wp-json\/wp\/v2\/comments?post=13937"}],"version-history":[{"count":0,"href":"https:\/\/oenobrands.com\/fr\/wp-json\/wp\/v2\/pages\/13937\/revisions"}],"up":[{"embeddable":true,"href":"https:\/\/oenobrands.com\/fr\/wp-json\/wp\/v2\/pages\/13932"}],"wp:attachment":[{"href":"https:\/\/oenobrands.com\/fr\/wp-json\/wp\/v2\/media?parent=13937"}],"curies":[{"name":"wp","href":"https:\/\/api.w.org\/{rel}","templated":true}]}}