{"id":13931,"date":"2024-07-01T07:30:38","date_gmt":"2024-07-01T05:30:38","guid":{"rendered":"https:\/\/oenobrands.com\/kits-denzymes-rapidase\/"},"modified":"2025-06-13T23:24:47","modified_gmt":"2025-06-13T21:24:47","slug":"kits-denzymes-rapidase","status":"publish","type":"page","link":"https:\/\/oenobrands.com\/fr\/kits-denzymes-rapidase\/","title":{"rendered":"Kits d&rsquo;enzymes RAPIDASE"},"content":{"rendered":"\n<div style=\"height:50px\" aria-hidden=\"true\" class=\"wp-block-spacer\"><\/div>\n\n\n\n<div class=\"wp-block-columns are-vertically-aligned-center is-layout-flex wp-container-core-columns-is-layout-9d6595d7 wp-block-columns-is-layout-flex\">\n<div class=\"wp-block-column is-vertically-aligned-center is-layout-flow wp-block-column-is-layout-flow\"><div class=\"wp-block-image is-style-default\">\n<figure class=\"aligncenter size-full is-resized\"><img loading=\"lazy\" decoding=\"async\" width=\"582\" height=\"400\" src=\"http:\/\/oenobrands.com\/wp-content\/uploads\/2024\/07\/KIT_GENERICO-582-x-400-px.png\" alt=\"Rapidase-enzyme-kit\" class=\"wp-image-8851\" style=\"width:289px;height:auto\" srcset=\"https:\/\/oenobrands.com\/wp-content\/uploads\/2024\/07\/KIT_GENERICO-582-x-400-px.png 582w, https:\/\/oenobrands.com\/wp-content\/uploads\/2024\/07\/KIT_GENERICO-582-x-400-px-300x206.png 300w\" sizes=\"auto, (max-width: 582px) 100vw, 582px\" \/><\/figure>\n<\/div><\/div>\n\n\n\n<div class=\"wp-block-column is-vertically-aligned-center is-layout-flow wp-block-column-is-layout-flow\">\n<p>Chez Oenobrands, nous comprenons l&rsquo;importance de la pr\u00e9cision et de la clart\u00e9 dans le processus de vinification. Nos <strong>Kits d&rsquo;enzymes Rapidase\u00ae<\/strong> sont con\u00e7us pour vous aider \u00e0 d\u00e9montrer et \u00e0 mesurer efficacement la performance des enzymes Rapidase. Ces kits vous fournissent <strong>les outils et protocoles n\u00e9cessaires <\/strong>pour \u00e9valuer pleinement les performances des enzymes Rapidase.   <\/p>\n\n\n\n<p><strong>Essayons ces kits d\u00e8s maintenant !<\/strong><\/p>\n<\/div>\n<\/div>\n\n\n\n<div style=\"height:70px\" aria-hidden=\"true\" class=\"wp-block-spacer\"><\/div>\n\n\n\n<h2 class=\"wp-block-heading\"><strong>Quel kit d&rsquo;enzymes Rapidase est fait pour vous ?<\/strong><\/h2>\n\n\n\n<div style=\"height:30px\" aria-hidden=\"true\" class=\"wp-block-spacer\"><\/div>\n\n\n\n<div class=\"wp-block-group has-background\" style=\"background-color:#f7f7f7\"><div class=\"wp-block-group__inner-container is-layout-constrained wp-block-group-is-layout-constrained\">\n<h4 class=\"wp-block-heading\">Kit Rapidase Revelation Aroma<\/h4>\n\n\n\n<div style=\"height:30px\" aria-hidden=\"true\" class=\"wp-block-spacer\"><\/div>\n\n\n\n<div class=\"wp-block-columns is-layout-flex wp-container-core-columns-is-layout-9d6595d7 wp-block-columns-is-layout-flex\">\n<div class=\"wp-block-column is-vertically-aligned-center is-layout-flow wp-block-column-is-layout-flow\"><div class=\"wp-block-image\">\n<figure class=\"aligncenter size-full\"><img loading=\"lazy\" decoding=\"async\" width=\"400\" height=\"551\" src=\"http:\/\/oenobrands.com\/wp-content\/uploads\/2024\/07\/KIT_REVELATION-1-400x551-1.png\" alt=\"Rapidase-enzyme-revelation-aroma-kit\" class=\"wp-image-8844\" srcset=\"https:\/\/oenobrands.com\/wp-content\/uploads\/2024\/07\/KIT_REVELATION-1-400x551-1.png 400w, https:\/\/oenobrands.com\/wp-content\/uploads\/2024\/07\/KIT_REVELATION-1-400x551-1-218x300.png 218w\" sizes=\"auto, (max-width: 400px) 100vw, 400px\" \/><\/figure>\n<\/div><\/div>\n\n\n\n<div class=\"wp-block-column is-vertically-aligned-center is-layout-flow wp-block-column-is-layout-flow\" style=\"flex-basis:5px\"><\/div>\n\n\n\n<div class=\"wp-block-column is-vertically-aligned-top is-layout-flow wp-block-column-is-layout-flow\">\n<p><strong>Rapidase\u00ae Revelation Aroma<\/strong> permet une lib\u00e9ration accrue des ar\u00f4mes \u00e0 partir de leurs pr\u00e9curseurs glycosyl\u00e9s contenus dans les vins. <\/p>\n\n\n\n<div class=\"wp-block-buttons is-content-justification-center is-layout-flex wp-container-core-buttons-is-layout-16018d1d wp-block-buttons-is-layout-flex\">\n<div class=\"wp-block-button\"><a class=\"wp-block-button__link wp-element-button\" href=\"https:\/\/oenobrands.com\/fr\/produit\/enzyme\/rapidase\/rapidase-revelation-aroma\/\" target=\"_blank\" rel=\"noreferrer noopener\">Rapidase Revelation Aroma<\/a><\/div>\n<\/div>\n\n\n\n<div style=\"height:30px\" aria-hidden=\"true\" class=\"wp-block-spacer\"><\/div>\n\n\n\n<p>Son utilisation permet la<strong> production de vins avec un bouquet intense et multidimensionnel.<\/strong> En cas de contamination par des ar\u00f4mes de fum\u00e9e, cette formulation glycosidase constitue la premi\u00e8re \u00e9tape d\u2019un protocole en deux temps visant \u00e0 r\u00e9v\u00e9ler d\u2019abord tous les ar\u00f4mes fum\u00e9s, puis \u00e0 les \u00e9liminer. <\/p>\n\n\n\n<div style=\"height:30px\" aria-hidden=\"true\" class=\"wp-block-spacer\"><\/div>\n\n\n\n<h3 class=\"wp-block-heading\"><strong>Comment utiliser le kit Rapidase Revelation Aroma ?<\/strong><\/h3>\n\n\n\n<ol class=\"wp-block-list\">\n<li>Suivez les instructions du kit en utilisant l&rsquo;enzyme granul\u00e9e pour pr\u00e9parer une solution enzymatique.<\/li>\n\n\n\n<li>Ajoutez une dose de solution enzymatique au vin selon les protocoles respectifs que vous trouverez dans les liens ci-dessous.<\/li>\n<\/ol>\n\n\n\n<div style=\"height:30px\" aria-hidden=\"true\" class=\"wp-block-spacer\"><\/div>\n\n\n\n<div class=\"wp-block-buttons is-content-justification-center is-layout-flex wp-container-core-buttons-is-layout-16018d1d wp-block-buttons-is-layout-flex\">\n<div class=\"wp-block-button\"><a class=\"wp-block-button__link wp-element-button\" href=\"https:\/\/oenobrands.com\/wp-content\/uploads\/2024\/09\/RAPIDASE-Revelation-Aroma-Protocole-2023_FR_G_03.pdf\" target=\"_blank\" rel=\"noreferrer noopener\">Protocole pour la r\u00e9v\u00e9lation des ar\u00f4mes<\/a><\/div>\n<\/div>\n\n\n\n<div style=\"height:30px\" aria-hidden=\"true\" class=\"wp-block-spacer\"><\/div>\n\n\n\n<div class=\"wp-block-buttons is-content-justification-center is-layout-flex wp-container-core-buttons-is-layout-16018d1d wp-block-buttons-is-layout-flex\">\n<div class=\"wp-block-button\"><a class=\"wp-block-button__link wp-element-button\" href=\"https:\/\/oenobrands.com\/wp-content\/uploads\/2024\/09\/RAPIDASE_Revelation-Aroma-Protocole-Smoke-Taint_2023_ES_G_01.pdf\" target=\"_blank\" rel=\"noreferrer noopener\">Protocole pour l&rsquo;\u00e9limination des go\u00fbts de fum\u00e9e<\/a><\/div>\n<\/div>\n<\/div>\n<\/div>\n\n\n\n<div style=\"height:30px\" aria-hidden=\"true\" class=\"wp-block-spacer\"><\/div>\n<\/div><\/div>\n\n\n\n<div style=\"height:70px\" aria-hidden=\"true\" class=\"wp-block-spacer\"><\/div>\n\n\n\n<div class=\"wp-block-group\"><div class=\"wp-block-group__inner-container is-layout-constrained wp-block-group-is-layout-constrained\">\n<h4 class=\"wp-block-heading\">Kits de Rapidase Clear et Clear Extreme<\/h4>\n\n\n\n<div style=\"height:30px\" aria-hidden=\"true\" class=\"wp-block-spacer\"><\/div>\n\n\n\n<div class=\"wp-block-columns is-layout-flex wp-container-core-columns-is-layout-9d6595d7 wp-block-columns-is-layout-flex\">\n<div class=\"wp-block-column is-layout-flow wp-block-column-is-layout-flow\">\n<p>La clarification des mo\u00fbts par s\u00e9dimentation statique ou par flottation est essentielle pour r\u00e9duire les solides, \u00e9viter l&rsquo;oxydation, limiter les compos\u00e9s herbac\u00e9s et garantir une fermentation alcoolique avec moins de bact\u00e9ries indig\u00e8nes, de levures et de compos\u00e9s toxiques. <\/p>\n<\/div>\n\n\n\n<div class=\"wp-block-column is-layout-flow wp-block-column-is-layout-flow\" style=\"flex-basis:5px\"><\/div>\n\n\n\n<div class=\"wp-block-column is-layout-flow wp-block-column-is-layout-flow\">\n<p>Une <strong>clarification rapide et efficace des mo\u00fbts<\/strong> sera obtenue en r\u00e9duisant la viscosit\u00e9, permettant une floculation plus rapide et des lies plus compactes. Un <strong>test de pectine n\u00e9gatif est obligatoire<\/strong>, et le niveau de glucanes doit \u00e9galement \u00eatre v\u00e9rifi\u00e9. <\/p>\n<\/div>\n<\/div>\n\n\n\n<div style=\"height:30px\" aria-hidden=\"true\" class=\"wp-block-spacer\"><\/div>\n\n\n\n<h3 class=\"wp-block-heading\"><strong>Comment utiliser les kits pour Rapidase Clear et Clear Extreme ?<\/strong><\/h3>\n\n\n\n<div style=\"height:30px\" aria-hidden=\"true\" class=\"wp-block-spacer\"><\/div>\n\n\n\n<div class=\"wp-block-columns is-layout-flex wp-container-core-columns-is-layout-9d6595d7 wp-block-columns-is-layout-flex\">\n<div class=\"wp-block-column is-vertically-aligned-center is-layout-flow wp-block-column-is-layout-flow\">\n<ol class=\"wp-block-list\">\n<li>Suivez les instructions du kit en utilisant l&rsquo;enzyme granul\u00e9e pour pr\u00e9parer une solution enzymatique.<\/li>\n\n\n\n<li>Ajoutez une dose de cette solution enzymatique au mo\u00fbt et proc\u00e9dez au test de pectine. Consultez les protocoles via les liens ici : <\/li>\n<\/ol>\n\n\n\n<div style=\"height:30px\" aria-hidden=\"true\" class=\"wp-block-spacer\"><\/div>\n<\/div>\n\n\n\n<div class=\"wp-block-column is-vertically-aligned-center is-layout-flow wp-block-column-is-layout-flow\" style=\"flex-basis:5px\"><\/div>\n\n\n\n<div class=\"wp-block-column is-vertically-aligned-top is-layout-flow wp-block-column-is-layout-flow\">\n<div class=\"wp-block-buttons is-content-justification-center is-layout-flex wp-container-core-buttons-is-layout-16018d1d wp-block-buttons-is-layout-flex\">\n<div class=\"wp-block-button is-style-fill\"><a class=\"wp-block-button__link wp-element-button\" href=\"https:\/\/oenobrands.com\/wp-content\/uploads\/2024\/09\/RAPIDASE-Pectin-test-FR-G_02.pdf\" target=\"_blank\" rel=\"noreferrer noopener\">Protocole de Test Pectine<\/a><\/div>\n<\/div>\n\n\n\n<div style=\"height:30px\" aria-hidden=\"true\" class=\"wp-block-spacer\"><\/div>\n<\/div>\n<\/div>\n\n\n\n<div class=\"wp-block-columns is-layout-flex wp-container-core-columns-is-layout-9d6595d7 wp-block-columns-is-layout-flex\">\n<div class=\"wp-block-column is-layout-flow wp-block-column-is-layout-flow\"><div class=\"wp-block-image\">\n<figure class=\"aligncenter size-full is-resized\"><img loading=\"lazy\" decoding=\"async\" width=\"582\" height=\"400\" src=\"http:\/\/oenobrands.com\/wp-content\/uploads\/2024\/07\/KIT_CLEAR-582-x-400-px.png\" alt=\"Rapidase-enzyme-clear-kit\" class=\"wp-image-8847\" style=\"width:281px;height:auto\" srcset=\"https:\/\/oenobrands.com\/wp-content\/uploads\/2024\/07\/KIT_CLEAR-582-x-400-px.png 582w, https:\/\/oenobrands.com\/wp-content\/uploads\/2024\/07\/KIT_CLEAR-582-x-400-px-300x206.png 300w\" sizes=\"auto, (max-width: 582px) 100vw, 582px\" \/><\/figure>\n<\/div>\n\n\n<div style=\"height:30px\" aria-hidden=\"true\" class=\"wp-block-spacer\"><\/div>\n\n\n\n<div class=\"wp-block-buttons is-content-justification-center is-layout-flex wp-container-core-buttons-is-layout-16018d1d wp-block-buttons-is-layout-flex\">\n<div class=\"wp-block-button is-style-fill\"><a class=\"wp-block-button__link wp-element-button\" href=\"https:\/\/oenobrands.com\/fr\/produit\/enzyme\/rapidase\/rapidase-clear\/\" target=\"_blank\" rel=\"noreferrer noopener\">Rapidase Clear<\/a><\/div>\n<\/div>\n<\/div>\n\n\n\n<div class=\"wp-block-column is-layout-flow wp-block-column-is-layout-flow\"><div class=\"wp-block-image\">\n<figure class=\"aligncenter size-full is-resized\"><img loading=\"lazy\" decoding=\"async\" width=\"582\" height=\"400\" src=\"http:\/\/oenobrands.com\/wp-content\/uploads\/2024\/07\/KIT_CLEAR_EXTREME-585-x-400-px.png\" alt=\"Rapidase-enzyme-clear extreme-kit\" class=\"wp-image-8849\" style=\"width:281px;height:auto\" srcset=\"https:\/\/oenobrands.com\/wp-content\/uploads\/2024\/07\/KIT_CLEAR_EXTREME-585-x-400-px.png 582w, https:\/\/oenobrands.com\/wp-content\/uploads\/2024\/07\/KIT_CLEAR_EXTREME-585-x-400-px-300x206.png 300w\" sizes=\"auto, (max-width: 582px) 100vw, 582px\" \/><\/figure>\n<\/div>\n\n\n<div style=\"height:30px\" aria-hidden=\"true\" class=\"wp-block-spacer\"><\/div>\n\n\n\n<div class=\"wp-block-buttons is-content-justification-center is-layout-flex wp-container-core-buttons-is-layout-16018d1d wp-block-buttons-is-layout-flex\">\n<div class=\"wp-block-button\"><a class=\"wp-block-button__link wp-element-button\" href=\"https:\/\/oenobrands.com\/fr\/produit\/enzyme\/rapidase\/rapidase-clear-extreme\/\" target=\"_blank\" rel=\"noreferrer noopener\">Rapidase Clear Extreme<\/a><\/div>\n<\/div>\n<\/div>\n<\/div>\n\n\n\n<div style=\"height:30px\" aria-hidden=\"true\" class=\"wp-block-spacer\"><\/div>\n\n\n\n<h5 class=\"wp-block-heading\"><strong>En cas de raisins pourris<\/strong><\/h5>\n\n\n\n<div style=\"height:30px\" aria-hidden=\"true\" class=\"wp-block-spacer\"><\/div>\n\n\n\n<div class=\"wp-block-columns is-layout-flex wp-container-core-columns-is-layout-9d6595d7 wp-block-columns-is-layout-flex\">\n<div class=\"wp-block-column is-vertically-aligned-center is-layout-flow wp-block-column-is-layout-flow\">\n<p>La d\u00e9gradation des cha\u00eenes polysaccharidiques pectiques simples et complexes, ainsi que des glucanes des raisins pourris, am\u00e9liorera la filtration, acc\u00e9l\u00e9rera la clarification et am\u00e9liorera la clart\u00e9 apr\u00e8s le collage. <\/p>\n\n\n\n<p><strong>Un test de glucane n\u00e9gatif est obligatoire.<\/strong><\/p>\n<\/div>\n\n\n\n<div class=\"wp-block-column is-vertically-aligned-center is-layout-flow wp-block-column-is-layout-flow\" style=\"flex-basis:5px\"><\/div>\n\n\n\n<div class=\"wp-block-column is-vertically-aligned-top is-layout-flow wp-block-column-is-layout-flow\">\n<div class=\"wp-block-buttons is-content-justification-center is-layout-flex wp-container-core-buttons-is-layout-16018d1d wp-block-buttons-is-layout-flex\">\n<div class=\"wp-block-button is-style-fill\"><a class=\"wp-block-button__link wp-element-button\" href=\"https:\/\/oenobrands.com\/wp-content\/uploads\/2024\/09\/RAPIDASE-Glucan-test-FR_G_02.pdf\" target=\"_blank\" rel=\"noreferrer noopener\">Protocole du test glucane<\/a><\/div>\n<\/div>\n<\/div>\n<\/div>\n\n\n\n<div style=\"height:70px\" aria-hidden=\"true\" class=\"wp-block-spacer\"><\/div>\n\n\n\n<hr class=\"wp-block-separator has-text-color has-black-color has-alpha-channel-opacity has-black-background-color has-background\"\/>\n\n\n\n<div class=\"wp-block-columns is-layout-flex wp-container-core-columns-is-layout-9d6595d7 wp-block-columns-is-layout-flex\">\n<div class=\"wp-block-column is-vertically-aligned-center is-layout-flow wp-block-column-is-layout-flow\" style=\"flex-basis:30%\">\n<h1 class=\"wp-block-heading has-text-color\" style=\"color:#545859\">D\u00e9couvrez la gamme RAPIDASE<\/h1>\n\n\n\n<div style=\"height:20px\" aria-hidden=\"true\" class=\"wp-block-spacer\"><\/div>\n\n\n\n<div class=\"wp-block-buttons is-content-justification-left is-layout-flex wp-container-core-buttons-is-layout-fdcfc74e wp-block-buttons-is-layout-flex\">\n<div class=\"wp-block-button\"><a class=\"wp-block-button__link has-background wp-element-button\" href=\"https:\/\/oenobrands.com\/fr\/produit\/enzyme\/rapidase\/\" style=\"background-color:#545859\">RAPIDASE<\/a><\/div>\n<\/div>\n<\/div>\n\n\n\n<div class=\"wp-block-column is-layout-flow wp-block-column-is-layout-flow\" style=\"flex-basis:10%\"><\/div>\n\n\n\n<div class=\"wp-block-column is-layout-flow wp-block-column-is-layout-flow\"><div class=\"wp-block-image\">\n<figure class=\"aligncenter size-full\"><img decoding=\"async\" src=\"http:\/\/oenobrands.com\/wp-content\/uploads\/2023\/05\/OENOBRANDS-Rapidase-bandeau.png\" alt=\"OENOBRANDS-Rapidase-bandeau\" class=\"wp-image-4529\"\/><\/figure>\n<\/div><\/div>\n<\/div>\n\n\n\n<div style=\"height:50px\" aria-hidden=\"true\" class=\"wp-block-spacer\"><\/div>\n<\/div><\/div>\n","protected":false},"excerpt":{"rendered":"<p>Chez Oenobrands, nous comprenons l&rsquo;importance de la pr\u00e9cision et de la clart\u00e9 dans le [&hellip;]<\/p>\n","protected":false},"author":3,"featured_media":0,"parent":0,"menu_order":0,"comment_status":"closed","ping_status":"closed","template":"","meta":{"_acf_changed":false,"_seopress_robots_primary_cat":"0","_seopress_titles_title":"","_seopress_titles_desc":"","_seopress_robots_index":"","footnotes":""},"class_list":["post-13931","page","type-page","status-publish"],"acf":[],"_links":{"self":[{"href":"https:\/\/oenobrands.com\/fr\/wp-json\/wp\/v2\/pages\/13931","targetHints":{"allow":["GET"]}}],"collection":[{"href":"https:\/\/oenobrands.com\/fr\/wp-json\/wp\/v2\/pages"}],"about":[{"href":"https:\/\/oenobrands.com\/fr\/wp-json\/wp\/v2\/types\/page"}],"author":[{"embeddable":true,"href":"https:\/\/oenobrands.com\/fr\/wp-json\/wp\/v2\/users\/3"}],"replies":[{"embeddable":true,"href":"https:\/\/oenobrands.com\/fr\/wp-json\/wp\/v2\/comments?post=13931"}],"version-history":[{"count":0,"href":"https:\/\/oenobrands.com\/fr\/wp-json\/wp\/v2\/pages\/13931\/revisions"}],"wp:attachment":[{"href":"https:\/\/oenobrands.com\/fr\/wp-json\/wp\/v2\/media?parent=13931"}],"curies":[{"name":"wp","href":"https:\/\/api.w.org\/{rel}","templated":true}]}}