{"id":13930,"date":"2024-05-20T13:26:14","date_gmt":"2024-05-20T11:26:14","guid":{"rendered":"https:\/\/oenobrands.com\/production-denzymes-rapidase\/"},"modified":"2026-04-10T11:54:59","modified_gmt":"2026-04-10T09:54:59","slug":"production-denzymes-rapidase","status":"publish","type":"page","link":"https:\/\/oenobrands.com\/fr\/production-denzymes-rapidase\/","title":{"rendered":"Production d&rsquo;enzymes Rapidase"},"content":{"rendered":"\n<div style=\"height:70px\" aria-hidden=\"true\" class=\"wp-block-spacer\"><\/div>\n\n\n\n<p>Nous concevons chez Oenobrands des enzymes premium destin\u00e9es \u00e0 accompagner les vinificateurs dans leur qu\u00eate d\u2019am\u00e9lioration des proc\u00e9d\u00e9s et de la qualit\u00e9.<\/p>\n\n\n\n<div style=\"height:30px\" aria-hidden=\"true\" class=\"wp-block-spacer\"><\/div>\n\n\n\n<p class=\"has-drop-cap\">Les enzymes Rapidase sont produites selon des normes de qualit\u00e9 \u00e9lev\u00e9es. Voici un aper\u00e7u du processus de fabrication de Rapidase :<\/p>\n\n\n\n<div style=\"height:50px\" aria-hidden=\"true\" class=\"wp-block-spacer\"><\/div>\n\n\n<div class=\"wp-block-image is-style-zoooom\">\n<figure class=\"aligncenter size-large\"><img loading=\"lazy\" decoding=\"async\" width=\"1024\" height=\"835\" src=\"http:\/\/oenobrands.com\/wp-content\/uploads\/2024\/10\/FR-PRODUCTION-enzymes-rapidase-1024x835.png\" alt=\"FR-PRODUCTION-enzymes-rapidase\" class=\"wp-image-15365\" srcset=\"https:\/\/oenobrands.com\/wp-content\/uploads\/2024\/10\/FR-PRODUCTION-enzymes-rapidase-1024x835.png 1024w, https:\/\/oenobrands.com\/wp-content\/uploads\/2024\/10\/FR-PRODUCTION-enzymes-rapidase-300x244.png 300w, https:\/\/oenobrands.com\/wp-content\/uploads\/2024\/10\/FR-PRODUCTION-enzymes-rapidase-768x626.png 768w, https:\/\/oenobrands.com\/wp-content\/uploads\/2024\/10\/FR-PRODUCTION-enzymes-rapidase.png 1054w\" sizes=\"auto, (max-width: 1024px) 100vw, 1024px\" \/><\/figure>\n<\/div>\n\n\n<div style=\"height:50px\" aria-hidden=\"true\" class=\"wp-block-spacer\"><\/div>\n\n\n\n<div class=\"wp-block-columns is-layout-flex wp-container-core-columns-is-layout-9d6595d7 wp-block-columns-is-layout-flex\">\n<div class=\"wp-block-column is-layout-flow wp-block-column-is-layout-flow\">\n<ol class=\"wp-block-list\">\n<li>Notre processus d\u00e9bute par la s\u00e9lection de micro-organismes naturels reconnus pour leur capacit\u00e9 \u00e0 produire des enzymes. Cultiv\u00e9s dans des environnements contr\u00f4l\u00e9s, ces micro-organismes b\u00e9n\u00e9ficient de conditions optimales pour leur d\u00e9veloppement et leur activit\u00e9 enzymatique.<\/li>\n\n\n\n<li>Dans les cuves de fermentation, nos micro-organismes transforment les nutriments et produisent les enzymes. \u00c0 l\u2019issue de cette fermentation, le bouillon enzymatique ainsi obtenu, riche en activit\u00e9, est r\u00e9colt\u00e9.<\/li>\n<\/ol>\n<\/div>\n\n\n\n<div class=\"wp-block-column is-layout-flow wp-block-column-is-layout-flow\" style=\"flex-basis:10px\"><\/div>\n\n\n\n<div class=\"wp-block-column is-layout-flow wp-block-column-is-layout-flow\">\n<ol start=\"3\" class=\"wp-block-list\">\n<li>Gr\u00e2ce \u00e0 une \u00e9tape de filtration et de s\u00e9paration, les enzymes sont purifi\u00e9es tout en pr\u00e9servant leurs propri\u00e9t\u00e9s fonctionnelles.<\/li>\n\n\n\n<li>Nos enzymes purifi\u00e9es sont ensuite formul\u00e9es avec soin sous forme liquide ou poudre, garantissant leur stabilit\u00e9 et une utilisation ais\u00e9e pour les vinificateurs.<\/li>\n\n\n\n<li>La qualit\u00e9 est notre priorit\u00e9. Des tests rigoureux sont r\u00e9alis\u00e9s afin de garantir la puret\u00e9, la puissance et la constance des enzymes.<\/li>\n\n\n\n<li>Une fois approuv\u00e9es, nos enzymes sont pr\u00eates \u00e0 accompagner les vinificateurs du monde entier, \u00e0 chaque \u00e9tape de leur vinification.<\/li>\n<\/ol>\n<\/div>\n<\/div>\n\n\n\n<div style=\"height:10px\" aria-hidden=\"true\" class=\"wp-block-spacer\"><\/div>\n\n\n\n<div class=\"wp-block-columns are-vertically-aligned-center has-background is-layout-flex wp-container-core-columns-is-layout-9d6595d7 wp-block-columns-is-layout-flex\" style=\"background-color:#f7f7f7\">\n<div class=\"wp-block-column is-vertically-aligned-center is-layout-flow wp-block-column-is-layout-flow\">\n<div style=\"height:40px\" aria-hidden=\"true\" class=\"wp-block-spacer\"><\/div>\n\n\n\n<h2 class=\"wp-block-heading has-text-color\" id=\"block-296216b5-5972-4554-b537-68cfc5829aae\" style=\"color:#3f3e3a;text-transform:uppercase\"><strong>Des enzymes rapides et efficaces<\/strong><\/h2>\n\n\n\n<div style=\"height:40px\" aria-hidden=\"true\" class=\"wp-block-spacer\"><\/div>\n<\/div>\n\n\n\n<div class=\"wp-block-column is-vertically-aligned-center is-layout-flow wp-block-column-is-layout-flow\" style=\"flex-basis:20%\"><div class=\"wp-block-image\">\n<figure class=\"aligncenter size-full is-resized\"><img loading=\"lazy\" decoding=\"async\" width=\"198\" height=\"196\" src=\"http:\/\/oenobrands.com\/wp-content\/uploads\/2023\/04\/RAPIDASE-tested-validated-by-oenobrands.png\" alt=\"Rapidase Tested and validated by Oenobrands\" class=\"wp-image-2394\" style=\"object-fit:cover;width:165px;height:165px\"\/><\/figure>\n<\/div><\/div>\n\n\n\n<div class=\"wp-block-column is-vertically-aligned-center has-white-color has-text-color is-layout-flow wp-block-column-is-layout-flow\">\n<p class=\"has-text-color\" style=\"color:#3f3e3a;font-style:normal;font-weight:600\">Pour garantir une efficacit\u00e9 optimale \u00e0 l\u2019application, chaque formulation Rapidase\u00ae est d\u00e9velopp\u00e9e et test\u00e9e en collaboration avec les instituts de recherche \u0153nologique les plus renomm\u00e9s, puis valid\u00e9e en conditions r\u00e9elles dans des caves de production.<\/p>\n\n\n\n<p class=\"has-black-color has-text-color has-link-color wp-elements-14142e15ae7b78a79754956fce0d05f1\">Nos \u00e9quipes techniques et commerciales sont \u00e0 votre disposition pour vous fournir les r\u00e9sultats de ces essais et vous accompagner dans l\u2019\u00e9valuation des performances des produits dans votre contexte sp\u00e9cifique.<\/p>\n<\/div>\n<\/div>\n\n\n\n<div style=\"height:50px\" aria-hidden=\"true\" class=\"wp-block-spacer\"><\/div>\n\n\n\n<h2 class=\"wp-block-heading has-text-align-left\"><strong>Comment choisir l\u2019enzyme Rapidase adapt\u00e9e \u00e0 votre besoin ?<\/strong><\/h2>\n\n\n\n<div style=\"height:30px\" aria-hidden=\"true\" class=\"wp-block-spacer\"><\/div>\n\n\n\n<div class=\"wp-block-buttons is-content-justification-center is-layout-flex wp-container-core-buttons-is-layout-16018d1d wp-block-buttons-is-layout-flex\">\n<div class=\"wp-block-button\"><a class=\"wp-block-button__link wp-element-button\" href=\"https:\/\/oenobrands.com\/fr\/produit\/enzyme\/choix-rapidase\/\" target=\"_blank\" rel=\"noreferrer noopener\">Choix des enzymes Rapidase<\/a><\/div>\n<\/div>\n\n\n\n<div style=\"height:50px\" aria-hidden=\"true\" class=\"wp-block-spacer\"><\/div>\n","protected":false},"excerpt":{"rendered":"<p>Nous concevons chez Oenobrands des enzymes premium destin\u00e9es \u00e0 accompagner les vinificateurs dans leur [&hellip;]<\/p>\n","protected":false},"author":3,"featured_media":0,"parent":0,"menu_order":0,"comment_status":"closed","ping_status":"closed","template":"","meta":{"_acf_changed":false,"_seopress_robots_primary_cat":"","_seopress_titles_title":"","_seopress_titles_desc":"","_seopress_robots_index":"","footnotes":""},"class_list":["post-13930","page","type-page","status-publish"],"acf":[],"_links":{"self":[{"href":"https:\/\/oenobrands.com\/fr\/wp-json\/wp\/v2\/pages\/13930","targetHints":{"allow":["GET"]}}],"collection":[{"href":"https:\/\/oenobrands.com\/fr\/wp-json\/wp\/v2\/pages"}],"about":[{"href":"https:\/\/oenobrands.com\/fr\/wp-json\/wp\/v2\/types\/page"}],"author":[{"embeddable":true,"href":"https:\/\/oenobrands.com\/fr\/wp-json\/wp\/v2\/users\/3"}],"replies":[{"embeddable":true,"href":"https:\/\/oenobrands.com\/fr\/wp-json\/wp\/v2\/comments?post=13930"}],"version-history":[{"count":1,"href":"https:\/\/oenobrands.com\/fr\/wp-json\/wp\/v2\/pages\/13930\/revisions"}],"predecessor-version":[{"id":28689,"href":"https:\/\/oenobrands.com\/fr\/wp-json\/wp\/v2\/pages\/13930\/revisions\/28689"}],"wp:attachment":[{"href":"https:\/\/oenobrands.com\/fr\/wp-json\/wp\/v2\/media?parent=13930"}],"curies":[{"name":"wp","href":"https:\/\/api.w.org\/{rel}","templated":true}]}}