{"id":13927,"date":"2022-10-19T22:01:18","date_gmt":"2022-10-19T20:01:18","guid":{"rendered":"https:\/\/oenobrands.com\/produit\/mannoproteine\/final-touch\/"},"modified":"2025-06-13T21:42:08","modified_gmt":"2025-06-13T19:42:08","slug":"final-touch","status":"publish","type":"page","link":"https:\/\/oenobrands.com\/fr\/produit\/mannoproteine\/final-touch\/","title":{"rendered":"FINAL TOUCH"},"content":{"rendered":"\n<div style=\"height:50px\" aria-hidden=\"true\" class=\"wp-block-spacer\"><\/div>\n\n\n<div class=\"wp-block-image\">\n<figure class=\"aligncenter size-large is-resized\"><img alt=\"\" loading=\"lazy\" decoding=\"async\" width=\"1024\" height=\"239\" src=\"https:\/\/oenobrands.com\/wp-content\/uploads\/2024\/03\/final-touch-bandeau-1024x239.png\" alt=\"\" class=\"wp-image-6260\" style=\"width:778px;height:auto\" srcset=\"https:\/\/oenobrands.com\/wp-content\/uploads\/2024\/03\/final-touch-bandeau-1024x239.png 1024w, https:\/\/oenobrands.com\/wp-content\/uploads\/2024\/03\/final-touch-bandeau-300x70.png 300w, https:\/\/oenobrands.com\/wp-content\/uploads\/2024\/03\/final-touch-bandeau-768x179.png 768w, https:\/\/oenobrands.com\/wp-content\/uploads\/2024\/03\/final-touch-bandeau.png 1173w\" sizes=\"auto, (max-width: 1024px) 100vw, 1024px\" \/><\/figure>\n<\/div>\n\n\n<div style=\"height:50px\" aria-hidden=\"true\" class=\"wp-block-spacer\"><\/div>\n\n\n\n<p>La gamme de mannoprot\u00e9ines <strong>Final touch<\/strong>\u00ae est le fruit de l\u2019expertise d\u2019Oenobrands dans les diff\u00e9rentes structures, m\u00e9canismes d\u2019action et techniques de production des mannoprot\u00e9ines. Ces produits contribuent \u00e0 la stabilisation tartrique et collo\u00efdale du vin. <\/p>\n\n\n\n<div style=\"height:50px\" aria-hidden=\"true\" class=\"wp-block-spacer\"><\/div>\n\n\n\n<p><strong>Caract\u00e9ristiques principales des produits Final touch :<\/strong><\/p>\n\n\n\n<div class=\"wp-block-columns is-layout-flex wp-container-core-columns-is-layout-9d6595d7 wp-block-columns-is-layout-flex\">\n<div class=\"wp-block-column is-layout-flow wp-block-column-is-layout-flow\">\n<ul class=\"wp-block-list\">\n<li>Mannoprot\u00e9ines liquides avec effet instantan\u00e9<\/li>\n\n\n\n<li>Biosourc\u00e9es \u00e0 partir de levure (<em>Saccharomyces cerevisiae<\/em>)<\/li>\n\n\n\n<li>Ajout avant la mise en bouteille<\/li>\n\n\n\n<li>Autoris\u00e9es pour la production de vin biologique (UE et NOP)<\/li>\n<\/ul>\n<\/div>\n\n\n\n<div class=\"wp-block-column is-layout-flow wp-block-column-is-layout-flow\" style=\"flex-basis:7px\"><\/div>\n\n\n\n<div class=\"wp-block-column is-layout-flow wp-block-column-is-layout-flow\">\n<ul class=\"wp-block-list\">\n<li>Am\u00e9liorent la complexit\u00e9 et l\u2019\u00e9quilibre<\/li>\n\n\n\n<li>Augmentent la long\u00e9vit\u00e9 du vin, l\u2019expression aromatique et la persistance<\/li>\n\n\n\n<li>Dosages : de 5 \u00e0 50 mL\/hL pour un usage polyvalent<\/li>\n<\/ul>\n<\/div>\n<\/div>\n\n\n\n<div style=\"height:50px\" aria-hidden=\"true\" class=\"wp-block-spacer\"><\/div>\n\n\n\n<div class=\"wp-block-columns is-layout-flex wp-container-core-columns-is-layout-9d6595d7 wp-block-columns-is-layout-flex\">\n<div class=\"wp-block-column is-layout-flow wp-block-column-is-layout-flow\"><div class=\"wp-block-image\">\n<figure class=\"aligncenter size-full is-resized\"><img alt=\"FINAL TOUCH-pop-goutte\" loading=\"lazy\" decoding=\"async\" width=\"250\" height=\"320\" src=\"http:\/\/oenobrands.com\/wp-content\/uploads\/2024\/05\/AP_FINAL-TOUCH-pop_goutte_G_01-small.png\" alt=\"\" class=\"wp-image-8284\" style=\"width:177px;height:auto\" srcset=\"https:\/\/oenobrands.com\/wp-content\/uploads\/2024\/05\/AP_FINAL-TOUCH-pop_goutte_G_01-small.png 250w, https:\/\/oenobrands.com\/wp-content\/uploads\/2024\/05\/AP_FINAL-TOUCH-pop_goutte_G_01-small-234x300.png 234w\" sizes=\"auto, (max-width: 250px) 100vw, 250px\" \/><\/figure>\n<\/div>\n\n\n<h2 class=\"wp-block-heading has-text-align-center has-white-color has-text-color has-background has-link-color wp-elements-a5204a7150c1d1775abd81b1f736ca82\" style=\"background-color:#eed484\"><a href=\"https:\/\/oenobrands.com\/product\/mannoprotein\/final-touch\/pop\/\"><\/a><a href=\"https:\/\/oenobrands.com\/fr\/produit\/mannoproteine\/final-touch\/final-touch-pop\/\">F<\/a><a href=\"https:\/\/oenobrands.com\/product\/mannoprotein\/final-touch\/pop\/\">INAL TOUCH POP<\/a><\/h2>\n\n\n\n<div style=\"height:30px\" aria-hidden=\"true\" class=\"wp-block-spacer\"><\/div>\n\n\n\n<ul class=\"wp-block-list\">\n<li>Sp\u00e9cifique aux vins effervescents<\/li>\n\n\n\n<li>Am\u00e9liore l\u2019harmonie entre l\u2019acidit\u00e9 et la sapidit\u00e9<\/li>\n\n\n\n<li>Favorise une finale plus douce et plus ronde<\/li>\n<\/ul>\n<\/div>\n\n\n\n<div class=\"wp-block-column is-layout-flow wp-block-column-is-layout-flow\" style=\"flex-basis:0px\"><\/div>\n\n\n\n<div class=\"wp-block-column is-layout-flow wp-block-column-is-layout-flow\"><div class=\"wp-block-image\">\n<figure class=\"aligncenter size-full is-resized\"><img alt=\"FINAL TOUCH-tonic-goutte\" loading=\"lazy\" decoding=\"async\" width=\"250\" height=\"307\" src=\"http:\/\/oenobrands.com\/wp-content\/uploads\/2024\/05\/AP_FINAL-TOUCH-tonic_goutte_G_01-small.png\" alt=\"\" class=\"wp-image-8286\" style=\"width:179px;height:auto\" srcset=\"https:\/\/oenobrands.com\/wp-content\/uploads\/2024\/05\/AP_FINAL-TOUCH-tonic_goutte_G_01-small.png 250w, https:\/\/oenobrands.com\/wp-content\/uploads\/2024\/05\/AP_FINAL-TOUCH-tonic_goutte_G_01-small-244x300.png 244w\" sizes=\"auto, (max-width: 250px) 100vw, 250px\" \/><\/figure>\n<\/div>\n\n\n<h2 class=\"wp-block-heading has-text-align-center has-white-color has-text-color has-background has-link-color wp-elements-54b6fbdd29f3e37f8d0f2dc6d5e697d4\" style=\"background-color:#b1d600\"><a href=\"https:\/\/oenobrands.com\/product\/mannoprotein\/final-touch\/tonic\/\"><\/a><a href=\"https:\/\/oenobrands.com\/fr\/produit\/mannoproteine\/final-touch\/final-touch-tonic\/\">FINAL TOUCH TONIC<\/a><\/h2>\n\n\n\n<div style=\"height:30px\" aria-hidden=\"true\" class=\"wp-block-spacer\"><\/div>\n\n\n\n<ul class=\"wp-block-list\">\n<li>Sp\u00e9cifique aux vins blancs et ros\u00e9s<\/li>\n\n\n\n<li>Sp\u00e9cifique aux vins blancs et ros\u00e9s<\/li>\n\n\n\n<li>Prot\u00e8ge les ar\u00f4mes en bouteille (effet longue dur\u00e9e)<\/li>\n\n\n\n<li>Limite l\u2019oxydation (en bouteille ainsi qu\u2019en cuve et en f\u00fbt)<\/li>\n<\/ul>\n<\/div>\n\n\n\n<div class=\"wp-block-column is-layout-flow wp-block-column-is-layout-flow\" style=\"flex-basis:0px\"><\/div>\n\n\n\n<div class=\"wp-block-column is-layout-flow wp-block-column-is-layout-flow\"><div class=\"wp-block-image\">\n<figure class=\"aligncenter size-full is-resized\"><img alt=\"FINAL TOUCH-gusto-goutte\" loading=\"lazy\" decoding=\"async\" width=\"250\" height=\"307\" src=\"http:\/\/oenobrands.com\/wp-content\/uploads\/2024\/05\/AP_FINAL-TOUCH-gusto_goutte_G_01-1.png\" alt=\"\" class=\"wp-image-8288\" style=\"width:185px;height:auto\" srcset=\"https:\/\/oenobrands.com\/wp-content\/uploads\/2024\/05\/AP_FINAL-TOUCH-gusto_goutte_G_01-1.png 250w, https:\/\/oenobrands.com\/wp-content\/uploads\/2024\/05\/AP_FINAL-TOUCH-gusto_goutte_G_01-1-244x300.png 244w\" sizes=\"auto, (max-width: 250px) 100vw, 250px\" \/><\/figure>\n<\/div>\n\n\n<h2 class=\"wp-block-heading has-text-align-center has-white-color has-text-color has-background has-link-color wp-elements-2d6a529e3761dd6d3696e1665b614fc6\" style=\"background-color:#e277cd\"><a href=\"https:\/\/oenobrands.com\/product\/mannoprotein\/final-touch\/gusto\/\"><\/a><a href=\"https:\/\/oenobrands.com\/fr\/produit\/mannoproteine\/final-touch\/final-touch-gusto\/\">FINAL TOUCH GUSTO<\/a><\/h2>\n\n\n\n<div style=\"height:30px\" aria-hidden=\"true\" class=\"wp-block-spacer\"><\/div>\n\n\n\n<ul class=\"wp-block-list\">\n<li>Sp\u00e9cifique aux vins rouges<\/li>\n\n\n\n<li>Rehausse les notes fruit\u00e9es<\/li>\n\n\n\n<li>R\u00e9duit l\u2019astringence<\/li>\n\n\n\n<li>Adoucit la structure du vin<\/li>\n<\/ul>\n<\/div>\n<\/div>\n\n\n\n<div style=\"height:50px\" aria-hidden=\"true\" class=\"wp-block-spacer\"><\/div>\n\n\n\n<div class=\"wp-block-columns is-layout-flex wp-container-core-columns-is-layout-9d6595d7 wp-block-columns-is-layout-flex\">\n<div class=\"wp-block-column is-layout-flow wp-block-column-is-layout-flow\">\n<h2 class=\"wp-block-heading has-text-align-left\"><strong>Qu&rsquo;est-ce que les mannoprot\u00e9ines de levure ?<\/strong> <strong>Comment les obtient-on ?<\/strong><\/h2>\n\n\n\n<div style=\"height:50px\" aria-hidden=\"true\" class=\"wp-block-spacer\"><\/div>\n\n\n\n<div class=\"wp-block-buttons is-content-justification-center is-layout-flex wp-container-core-buttons-is-layout-16018d1d wp-block-buttons-is-layout-flex\">\n<div class=\"wp-block-button\"><a class=\"wp-block-button__link wp-element-button\" href=\"https:\/\/oenobrands.com\/fr\/production-de-derives-de-levure\/\">Production de d\u00e9riv\u00e9s de levure dont les mannoprot\u00e9ines<\/a><\/div>\n<\/div>\n<\/div>\n<\/div>\n\n\n\n<div style=\"height:50px\" aria-hidden=\"true\" class=\"wp-block-spacer\"><\/div>\n\n\n\n<h2 class=\"wp-block-heading\"><strong>D\u00e9couvrez notre gamme de mannoprot\u00e9ines Final touch :<\/strong><\/h2>\n\n\n\n<div style=\"height:50px\" aria-hidden=\"true\" class=\"wp-block-spacer\"><\/div>\n","protected":false},"excerpt":{"rendered":"<p>La gamme de mannoprot\u00e9ines Final touch\u00ae est le fruit de l\u2019expertise d\u2019Oenobrands dans les [&hellip;]<\/p>\n","protected":false},"author":3,"featured_media":0,"parent":13917,"menu_order":2,"comment_status":"closed","ping_status":"closed","template":"page-premier-products-list.php","meta":{"_acf_changed":false,"_seopress_robots_primary_cat":"0","_seopress_titles_title":"","_seopress_titles_desc":"","_seopress_robots_index":"","footnotes":""},"class_list":["post-13927","page","type-page","status-publish"],"acf":[],"_links":{"self":[{"href":"https:\/\/oenobrands.com\/fr\/wp-json\/wp\/v2\/pages\/13927","targetHints":{"allow":["GET"]}}],"collection":[{"href":"https:\/\/oenobrands.com\/fr\/wp-json\/wp\/v2\/pages"}],"about":[{"href":"https:\/\/oenobrands.com\/fr\/wp-json\/wp\/v2\/types\/page"}],"author":[{"embeddable":true,"href":"https:\/\/oenobrands.com\/fr\/wp-json\/wp\/v2\/users\/3"}],"replies":[{"embeddable":true,"href":"https:\/\/oenobrands.com\/fr\/wp-json\/wp\/v2\/comments?post=13927"}],"version-history":[{"count":0,"href":"https:\/\/oenobrands.com\/fr\/wp-json\/wp\/v2\/pages\/13927\/revisions"}],"up":[{"embeddable":true,"href":"https:\/\/oenobrands.com\/fr\/wp-json\/wp\/v2\/pages\/13917"}],"wp:attachment":[{"href":"https:\/\/oenobrands.com\/fr\/wp-json\/wp\/v2\/media?parent=13927"}],"curies":[{"name":"wp","href":"https:\/\/api.w.org\/{rel}","templated":true}]}}