{"id":13925,"date":"2022-10-19T22:52:47","date_gmt":"2022-10-19T20:52:47","guid":{"rendered":"https:\/\/oenobrands.com\/final-touch-gusto\/"},"modified":"2025-10-20T21:06:05","modified_gmt":"2025-10-20T19:06:05","slug":"final-touch-gusto","status":"publish","type":"page","link":"https:\/\/oenobrands.com\/fr\/produit\/mannoproteine\/final-touch\/final-touch-gusto\/","title":{"rendered":"Final touch GUSTO"},"content":{"rendered":"\n<h1 class=\"wp-block-heading has-text-color\" style=\"color:#9e007e\">Final touch GUSTO<\/h1>\n\n<div style=\"height:30px\" aria-hidden=\"true\" class=\"wp-block-spacer\"><\/div>\n\n<h2 class=\"wp-block-heading has-medium-font-size\"><strong>Solutions de mannoprot\u00e9ines pour la perfectoion des vins blancs et ros\u00e9s<\/strong><\/h2>\n\n<div style=\"height:30px\" aria-hidden=\"true\" class=\"wp-block-spacer\"><\/div>\n\n<h3 class=\"wp-block-heading has-medium-font-size\"><strong>OBJECTIF<\/strong><\/h3>\n\n<p>Gr\u00e2ce \u00e0 son expertise dans les applications \u0153nologiques des mannoprot\u00e9ines, Oenobrands a d\u00e9velopp\u00e9 Final touch GUSTO, une solution \u00e0 base de mannoprot\u00e9ines soigneusement s\u00e9lectionn\u00e9es. Cette solution contribue \u00e0 la stabilit\u00e9 tartrique des vins tout en am\u00e9liorant leurs propri\u00e9t\u00e9s organoleptiques et sensorielles. <\/p>\n\n<div style=\"height:50px\" aria-hidden=\"true\" class=\"wp-block-spacer\"><\/div>\n\n<div class=\"wp-block-columns is-layout-flex wp-container-core-columns-is-layout-9d6595d7 wp-block-columns-is-layout-flex\">\n<div class=\"wp-block-column is-layout-flow wp-block-column-is-layout-flow\" style=\"flex-basis:45%\">\n<h3 class=\"wp-block-heading has-text-color\" style=\"color:#9e007e\"><strong>Application<\/strong><\/h3>\n\n\n\n<p>Final touch GUSTO contient des mannoprot\u00e9ines avec des propri\u00e9t\u00e9s sp\u00e9cifiques qui contribuent \u00e0 l\u2019\u00e9quilibre collo\u00efdal du vin, aidant ainsi \u00e0 am\u00e9liorer sa stabilit\u00e9 et sa structure. Final touch GUSTO rend le vin plus doux, plus aromatique et prolonge sa dur\u00e9e de vie. <\/p>\n\n\n\n<p>Sous forme liquide, Final touch GUSTO agit instantan\u00e9ment et a un effet \u00e0 long terme. <\/p>\n\n\n\n<p>Les propri\u00e9t\u00e9s collo\u00efdales protectrices des mannoprot\u00e9ines contribuent \u00e9galement \u00e0 la stabilit\u00e9 tartrique du vin. Dans tous les cas, des tests de stabilisation en laboratoire doivent \u00eatre r\u00e9alis\u00e9s au pr\u00e9alable. <\/p>\n\n\n\n<h3 class=\"wp-block-heading has-text-color\" style=\"color:#9e007e\"><strong>Science et Technologie<\/strong><\/h3>\n\n\n\n<p>Lorsqu&rsquo;il est utilis\u00e9 dans les vins rouges,<strong> Final touch GUSTO <\/strong>am\u00e9liore visiblement l&rsquo;intensit\u00e9 aromatique, la finesse et la fra\u00eecheur, tout en r\u00e9duisant l&rsquo;astringence des tanins.<\/p>\n\n\n\n<figure class=\"wp-block-image size-full\"><img loading=\"lazy\" decoding=\"async\" width=\"792\" height=\"694\" src=\"http:\/\/oenobrands.com\/wp-content\/uploads\/2023\/02\/Product_mannoprotein_Final-touch_GUSTO-image.png\" alt=\"Product-mannoprotein-Final-touch-GUSTO-image\" class=\"wp-image-1401\" srcset=\"https:\/\/oenobrands.com\/wp-content\/uploads\/2023\/02\/Product_mannoprotein_Final-touch_GUSTO-image.png 792w, https:\/\/oenobrands.com\/wp-content\/uploads\/2023\/02\/Product_mannoprotein_Final-touch_GUSTO-image-300x263.png 300w, https:\/\/oenobrands.com\/wp-content\/uploads\/2023\/02\/Product_mannoprotein_Final-touch_GUSTO-image-768x673.png 768w\" sizes=\"auto, (max-width: 792px) 100vw, 792px\" \/><figcaption class=\"wp-element-caption\">Profil sensoriel: r\u00e9sultats compil\u00e9s de 6 vins rouges T\u00e9moins vs. <strong>Final touch GUSTO<\/strong>.<\/figcaption><\/figure>\n\n\n\n<p>*** significatif au niveau de 1 %, ** au niveau de 5 % et * au niveau de 10 %.<\/p>\n\n\n\n<div style=\"height:30px\" aria-hidden=\"true\" class=\"wp-block-spacer\"><\/div>\n\n\n\n<figure class=\"wp-block-image size-full\"><img loading=\"lazy\" decoding=\"async\" width=\"645\" height=\"445\" src=\"http:\/\/oenobrands.com\/wp-content\/uploads\/2024\/02\/Organoleptic-mouthfeel-8.png\" alt=\"FINAL TOUCH GUSTO\" class=\"wp-image-5944\" srcset=\"https:\/\/oenobrands.com\/wp-content\/uploads\/2024\/02\/Organoleptic-mouthfeel-8.png 645w, https:\/\/oenobrands.com\/wp-content\/uploads\/2024\/02\/Organoleptic-mouthfeel-8-300x207.png 300w\" sizes=\"auto, (max-width: 645px) 100vw, 645px\" \/><figcaption class=\"wp-element-caption\">R\u00e9sultats de d\u00e9gustation pour l&rsquo;\u00e9valuation des tanins en pourcentage &#8211; compilation des r\u00e9sultats de 6 vins rouges. t\u00e9moin vs. <strong>Final touch GUSTO<\/strong>. <\/figcaption><\/figure>\n<\/div>\n\n\n\n<div class=\"wp-block-column is-layout-flow wp-block-column-is-layout-flow\" style=\"flex-basis:6%\"><\/div>\n\n\n\n<div class=\"wp-block-column has-background is-layout-flow wp-block-column-is-layout-flow\" style=\"background-color:#f7f7f7;flex-basis:45%\">\n<div class=\"wp-block-columns is-layout-flex wp-container-core-columns-is-layout-9d6595d7 wp-block-columns-is-layout-flex\">\n<div class=\"wp-block-column is-vertically-aligned-top is-layout-flow wp-block-column-is-layout-flow\"><div class=\"wp-block-image\">\n<figure class=\"aligncenter size-medium\"><img loading=\"lazy\" decoding=\"async\" width=\"300\" height=\"225\" src=\"https:\/\/oenobrands.com\/wp-content\/uploads\/2023\/05\/FINAL-TOUCH-mannoprotein-wine-vin-gusto-e1683625267632-300x225.png\" alt=\"FINAL-TOUCH-mannoprotein-wine-vin-gusto\" class=\"wp-image-3997\" srcset=\"https:\/\/oenobrands.com\/wp-content\/uploads\/2023\/05\/FINAL-TOUCH-mannoprotein-wine-vin-gusto-e1683625267632-300x225.png 300w, https:\/\/oenobrands.com\/wp-content\/uploads\/2023\/05\/FINAL-TOUCH-mannoprotein-wine-vin-gusto-e1683625267632.png 350w\" sizes=\"auto, (max-width: 300px) 100vw, 300px\" \/><\/figure>\n<\/div><\/div>\n<\/div>\n\n\n\n<div style=\"height:40px\" aria-hidden=\"true\" class=\"wp-block-spacer\"><\/div>\n\n\n\n<div class=\"wp-block-group\"><div class=\"wp-block-group__inner-container is-layout-constrained wp-block-group-is-layout-constrained\">\n<p class=\"has-text-align-center\"><strong>T\u00c9L\u00c9CHARGER LA FICHE D&rsquo;APPLICATION<\/strong><\/p>\n\n\n\n<div class=\"wp-block-columns is-not-stacked-on-mobile is-layout-flex wp-container-core-columns-is-layout-9d6595d7 wp-block-columns-is-layout-flex\">\n<div class=\"wp-block-column is-layout-flow wp-block-column-is-layout-flow\">\n<figure class=\"wp-block-image size-full\"><a href=\"https:\/\/oenobrands.com\/wp-content\/uploads\/2024\/07\/Final-touch-GUSTO-ADS-EN.pdf\" target=\"_blank\" rel=\"noreferrer noopener\"><img loading=\"lazy\" decoding=\"async\" width=\"180\" height=\"94\" src=\"http:\/\/oenobrands.com\/wp-content\/uploads\/2023\/04\/flag-united-states-english-american.png\" alt=\"flag-united-states-english-american\" class=\"wp-image-2510\"\/><\/a><\/figure>\n<\/div>\n\n\n\n<div class=\"wp-block-column is-layout-flow wp-block-column-is-layout-flow\">\n<figure class=\"wp-block-image size-full\"><a href=\"https:\/\/oenobrands.com\/wp-content\/uploads\/2024\/07\/FINAL-TOUCH-GUSTO-ADS-FR.pdf\" target=\"_blank\" rel=\"noreferrer noopener\"><img loading=\"lazy\" decoding=\"async\" width=\"180\" height=\"94\" src=\"http:\/\/oenobrands.com\/wp-content\/uploads\/2023\/04\/drapeau-francais-france.png\" alt=\"drapeau flag francais france\" class=\"wp-image-2508\"\/><\/a><\/figure>\n<\/div>\n\n\n\n<div class=\"wp-block-column is-layout-flow wp-block-column-is-layout-flow\">\n<figure class=\"wp-block-image size-full\"><a href=\"https:\/\/oenobrands.com\/wp-content\/uploads\/2024\/07\/FINAL-touch-GUSTO-ADS-2020-ES-A4_G_01.pdf\" target=\"_blank\" rel=\"noreferrer noopener\"><img loading=\"lazy\" decoding=\"async\" width=\"180\" height=\"94\" src=\"http:\/\/oenobrands.com\/wp-content\/uploads\/2023\/04\/bandiera-spagnola-spagna.png\" alt=\"drapeau flag bandiera spagnola spagna\" class=\"wp-image-2506\"\/><\/a><\/figure>\n<\/div>\n\n\n\n<div class=\"wp-block-column is-layout-flow wp-block-column-is-layout-flow\">\n<figure class=\"wp-block-image size-full\"><a href=\"https:\/\/oenobrands.com\/wp-content\/uploads\/2024\/07\/FINAL-touch-GUSTO-2021-ADS-IT_A4_G_01.pdf\" target=\"_blank\" rel=\"noreferrer noopener\"><img loading=\"lazy\" decoding=\"async\" width=\"180\" height=\"94\" src=\"http:\/\/oenobrands.com\/wp-content\/uploads\/2023\/04\/bandiera-italiana-italy.png\" alt=\"drapeau flag bandiera italiana italy\" class=\"wp-image-2512\"\/><\/a><\/figure>\n<\/div>\n\n\n\n<div class=\"wp-block-column is-layout-flow wp-block-column-is-layout-flow\">\n<figure class=\"wp-block-image size-full\"><a href=\"https:\/\/oenobrands.com\/wp-content\/uploads\/2024\/07\/FINAL-touch-GUSTO-PT-A4_G_01.pdf\" target=\"_blank\" rel=\"noreferrer noopener\"><img loading=\"lazy\" decoding=\"async\" width=\"180\" height=\"94\" src=\"http:\/\/oenobrands.com\/wp-content\/uploads\/2024\/05\/Flag-drapeau-Portugal.png\" alt=\"Flag-drapeau-Portugal\" class=\"wp-image-7139\"\/><\/a><\/figure>\n<\/div>\n\n\n\n<div class=\"wp-block-column is-layout-flow wp-block-column-is-layout-flow\">\n<figure class=\"wp-block-image size-full\"><a href=\"https:\/\/oenobrands.com\/wp-content\/uploads\/2024\/07\/FINAL-touch-GUSTO-ADS-ALL-A4_G_01.pdf\" target=\"_blank\" rel=\"noreferrer noopener\"><img loading=\"lazy\" decoding=\"async\" width=\"180\" height=\"94\" src=\"http:\/\/oenobrands.com\/wp-content\/uploads\/2023\/05\/Flagge-Deutschland.png\" alt=\"Flagge-Deutschland\" class=\"wp-image-3550\"\/><\/a><\/figure>\n<\/div>\n<\/div>\n\n\n\n<div class=\"wp-block-columns is-not-stacked-on-mobile is-layout-flex wp-container-core-columns-is-layout-9d6595d7 wp-block-columns-is-layout-flex\">\n<div class=\"wp-block-column is-layout-flow wp-block-column-is-layout-flow\">\n<figure class=\"wp-block-image size-full\"><a href=\"https:\/\/oenobrands.com\/wp-content\/uploads\/2024\/07\/FINAL-touch-GUSTO-ADS-RO-logo-elton.pdf\" target=\"_blank\" rel=\"noreferrer noopener\"><img loading=\"lazy\" decoding=\"async\" width=\"180\" height=\"94\" src=\"http:\/\/oenobrands.com\/wp-content\/uploads\/2024\/05\/Flag-drapeau-Roumanie.png\" alt=\"Flag-drapeau-Roumanie\" class=\"wp-image-7145\"\/><\/a><\/figure>\n<\/div>\n\n\n\n<div class=\"wp-block-column is-layout-flow wp-block-column-is-layout-flow\">\n<figure class=\"wp-block-image size-full\"><a href=\"https:\/\/oenobrands.com\/wp-content\/uploads\/2024\/07\/FINAL-touch-GUSTO-ADS-BUL-logo-Elton.pdf\" target=\"_blank\" rel=\"noreferrer noopener\"><img alt=\"\" loading=\"lazy\" decoding=\"async\" width=\"180\" height=\"94\" src=\"http:\/\/oenobrands.com\/wp-content\/uploads\/2024\/05\/flag-drapeau-bulgarie.png\" alt=\"\" class=\"wp-image-7141\"\/><\/a><\/figure>\n<\/div>\n\n\n\n<div class=\"wp-block-column is-layout-flow wp-block-column-is-layout-flow\">\n<figure class=\"wp-block-image size-full\"><a href=\"http:\/\/oenobrands.com\/wp-content\/uploads\/2024\/07\/FINAL-touch-GUSTO-ADS-GREC.pdf\" target=\"_blank\" rel=\"noreferrer noopener\"><img loading=\"lazy\" decoding=\"async\" width=\"180\" height=\"94\" src=\"http:\/\/oenobrands.com\/wp-content\/uploads\/2024\/07\/flag-greece-drapeaux.png\" alt=\"flag-greece-drapeaux\" class=\"wp-image-11801\"\/><\/a><\/figure>\n<\/div>\n\n\n\n<div class=\"wp-block-column is-layout-flow wp-block-column-is-layout-flow\">\n<figure class=\"wp-block-image size-full\"><a href=\"https:\/\/oenobrands.com\/wp-content\/uploads\/2024\/07\/FINAL-TOUCH-GUSTO-ADS-EN_AFR_A4_WEB.pdf\" target=\"_blank\" rel=\"noreferrer noopener\"><img alt=\"\" loading=\"lazy\" decoding=\"async\" width=\"180\" height=\"94\" src=\"http:\/\/oenobrands.com\/wp-content\/uploads\/2024\/07\/flag-south-africa-drapeaux.png\" alt=\"\" class=\"wp-image-12682\" style=\"object-fit:cover\"\/><\/a><\/figure>\n<\/div>\n\n\n\n<div class=\"wp-block-column is-layout-flow wp-block-column-is-layout-flow\"><\/div>\n\n\n\n<div class=\"wp-block-column is-layout-flow wp-block-column-is-layout-flow\"><\/div>\n<\/div>\n<\/div><\/div>\n\n\n\n<hr class=\"wp-block-separator has-text-color has-alpha-channel-opacity has-background\" style=\"background-color:#162638;color:#162638\"\/>\n\n\n\n<div class=\"wp-block-buttons is-content-justification-center is-layout-flex wp-container-core-buttons-is-layout-16018d1d wp-block-buttons-is-layout-flex\">\n<div class=\"wp-block-button\"><a class=\"wp-block-button__link has-white-color has-text-color has-background has-text-align-center wp-element-button\" href=\"https:\/\/oenobrands.com\/distributor\/\" style=\"background-color:#162638\" target=\"_blank\" rel=\"noreferrer noopener\">Votre distributeur<\/a><\/div>\n<\/div>\n\n\n\n<hr class=\"wp-block-separator has-text-color has-alpha-channel-opacity has-background\" style=\"background-color:#162638;color:#162638\"\/>\n\n\n\n<h2 class=\"wp-block-heading\"><strong>Dose<\/strong><\/h2>\n\n\n\n<p>Final touch GUSTO est compl\u00e8tement soluble et peut \u00eatre ajout\u00e9 directement au vin \u00e0 une dose entre 10 et 40 mL\/hL.<\/p>\n\n\n\n<h2 class=\"wp-block-heading\"><strong>Utilisation<\/strong><\/h2>\n\n\n\n<p>Ajouter de mani\u00e8re homog\u00e8ne aux vins rouges juste avant la filtration finale et la mise en bouteille.<\/p>\n\n\n\n<p><strong>Final touch GUSTO<\/strong> conserve ses propri\u00e9t\u00e9s et fonctionne en parfaite synergie avec les additifs habituellement utilis\u00e9s pour les vins rouges tranquilles.<\/p>\n\n\n\n<p>Pour une protection optimale des ar\u00f4mes, nous recommandons de prot\u00e9ger le vin contre l&rsquo;oxydation pendant les \u00e9tapes de pr\u00e9paration et de mise en bouteille.<\/p>\n\n\n\n<h2 class=\"wp-block-heading\"><strong>Conditionnement<\/strong><\/h2>\n\n\n\n<p>Conditionn\u00e9 en bidon de 1 litre.<\/p>\n\n\n\n<h2 class=\"wp-block-heading\"><strong>Composition<\/strong><\/h2>\n\n\n\n<p><strong>Final touch GUSTO <\/strong>est une fraction sp\u00e9cifique de mannoprot\u00e9ines extraites de la levure <em>Saccharomyces cerevisiae<\/em> et conserv\u00e9e sous forme liquide.<\/p>\n\n\n\n<p><strong>Final touch GUSTO <\/strong>contient des sulfites (1,5 g\/L).<\/p>\n\n\n\n<h2 class=\"wp-block-heading\"><strong>Conservation<\/strong><\/h2>\n\n\n\n<p>Conserver dans un endroit frais (&lt; 10 \u00b0C).<\/p>\n\n\n\n<p>Utiliser dans les 4 semaines apr\u00e8s ouverture et conserver dans un endroit frais apr\u00e8s ouverture.<\/p>\n<\/div>\n<\/div>\n\n<div class=\"wp-block-group\"><div class=\"wp-block-group__inner-container is-layout-constrained wp-block-group-is-layout-constrained\">\n<div style=\"height:30px\" aria-hidden=\"true\" class=\"wp-block-spacer\"><\/div>\n\n\n\n<hr class=\"wp-block-separator has-text-color has-black-color has-alpha-channel-opacity has-black-background-color has-background\"\/>\n<\/div><\/div>\n\n<div class=\"wp-block-columns is-layout-flex wp-container-core-columns-is-layout-9d6595d7 wp-block-columns-is-layout-flex\">\n<div class=\"wp-block-column is-layout-flow wp-block-column-is-layout-flow\">\n<div class=\"wp-block-group\"><div class=\"wp-block-group__inner-container is-layout-constrained wp-block-group-is-layout-constrained\">\n<h2 class=\"wp-block-heading\"><strong><strong>Explorez les solutions associ\u00e9es :<\/strong><\/strong><\/h2>\n\n\n\n<div style=\"height:30px\" aria-hidden=\"true\" class=\"wp-block-spacer\"><\/div>\n\n\n\n<p><strong>Vous recherchez une approche plus holistique de la vinification ?<\/strong> D\u00e9couvrez nos solutions \u0153nologiques avanc\u00e9es en lien avec <strong>Final touch GUSTO.<\/strong><\/p>\n\n\n\n<div style=\"height:30px\" aria-hidden=\"true\" class=\"wp-block-spacer\"><\/div>\n\n\n\n<div class=\"wp-block-columns are-vertically-aligned-center is-layout-flex wp-container-core-columns-is-layout-9d6595d7 wp-block-columns-is-layout-flex\">\n<div class=\"wp-block-column is-vertically-aligned-center is-layout-flow wp-block-column-is-layout-flow\" style=\"flex-basis:100%\">\n<div class=\"wp-block-buttons is-content-justification-center is-layout-flex wp-container-core-buttons-is-layout-16018d1d wp-block-buttons-is-layout-flex\">\n<div class=\"wp-block-button is-style-fill\"><a class=\"wp-block-button__link wp-element-button\" href=\"https:\/\/oenobrands.com\/solution\/organoleptic-sensations\/mouthfeel\/\" target=\"_blank\" rel=\"noreferrer noopener\">Volume<\/a><\/div>\n\n\n\n<div class=\"wp-block-button is-style-fill\"><a class=\"wp-block-button__link wp-element-button\" href=\"https:\/\/oenobrands.com\/solution\/organoleptic-sensations\/tannic-power\/\" target=\"_blank\" rel=\"noreferrer noopener\">Puissance tannique<\/a><\/div>\n\n\n\n<div class=\"wp-block-button is-style-fill\"><a class=\"wp-block-button__link wp-element-button\" href=\"https:\/\/oenobrands.com\/solution\/cider-2\/cider\/\" target=\"_blank\" rel=\"noreferrer noopener\">Cidre<\/a><\/div>\n<\/div>\n<\/div>\n<\/div>\n<\/div><\/div>\n\n\n\n<div style=\"height:30px\" aria-hidden=\"true\" class=\"wp-block-spacer\"><\/div>\n<\/div>\n\n\n\n<div class=\"wp-block-column is-layout-flow wp-block-column-is-layout-flow\">\n<h2 class=\"wp-block-heading\"><strong>Vous cherchez quelque chose d&rsquo;autre ?<\/strong><\/h2>\n\n\n\n<div style=\"height:30px\" aria-hidden=\"true\" class=\"wp-block-spacer\"><\/div>\n\n\n\n<p>Visitez notre section \u00ab Solution \u00bb, o\u00f9 nous proposons des conseils d&rsquo;experts, des connaissances populaires et des approches novatrices organis\u00e9es par processus de vinification. <strong>De la fermentation \u00e0 la filtration\/mise en bouteille, nous vous accompagnons avec des solutions pour am\u00e9liorer chaque \u00e9tape de votre processus de vinification.<\/strong><\/p>\n\n\n\n<div style=\"height:30px\" aria-hidden=\"true\" class=\"wp-block-spacer\"><\/div>\n\n\n\n<div class=\"wp-block-columns are-vertically-aligned-center is-layout-flex wp-container-core-columns-is-layout-9d6595d7 wp-block-columns-is-layout-flex\">\n<div class=\"wp-block-column is-vertically-aligned-center is-layout-flow wp-block-column-is-layout-flow\" style=\"flex-basis:100%\">\n<div class=\"wp-block-buttons is-content-justification-center is-layout-flex wp-container-core-buttons-is-layout-16018d1d wp-block-buttons-is-layout-flex\">\n<div class=\"wp-block-button is-style-fill\"><a class=\"wp-block-button__link wp-element-button\" href=\"https:\/\/oenobrands.com\/solution\/\" target=\"_blank\" rel=\"noreferrer noopener\">Advanced winemaking solutions<\/a><\/div>\n<\/div>\n<\/div>\n<\/div>\n<\/div>\n<\/div>\n\n<hr class=\"wp-block-separator has-text-color has-black-color has-alpha-channel-opacity has-black-background-color has-background\"\/>\n\n<div style=\"height:30px\" aria-hidden=\"true\" class=\"wp-block-spacer\"><\/div>\n\n<div class=\"wp-block-columns is-layout-flex wp-container-core-columns-is-layout-9d6595d7 wp-block-columns-is-layout-flex\">\n<div class=\"wp-block-column is-vertically-aligned-center is-layout-flow wp-block-column-is-layout-flow\" style=\"flex-basis:30%\">\n<h1 class=\"wp-block-heading has-text-color\" style=\"color:#888b8d\">D\u00e9couvrez les mannoprot\u00e9ines Final touch<\/h1>\n\n\n\n<div style=\"height:20px\" aria-hidden=\"true\" class=\"wp-block-spacer\"><\/div>\n\n\n\n<div class=\"wp-block-buttons is-content-justification-center is-layout-flex wp-container-core-buttons-is-layout-16018d1d wp-block-buttons-is-layout-flex\">\n<div class=\"wp-block-button\"><a class=\"wp-block-button__link has-background wp-element-button\" href=\"https:\/\/oenobrands.com\/product\/mannoprotein\/final-touch\/\" style=\"background-color:#545859\" target=\"_blank\" rel=\"noreferrer noopener\">Final touch<\/a><\/div>\n<\/div>\n<\/div>\n\n\n\n<div class=\"wp-block-column is-layout-flow wp-block-column-is-layout-flow\" style=\"flex-basis:10%\"><\/div>\n\n\n\n<div class=\"wp-block-column is-layout-flow wp-block-column-is-layout-flow\"><div class=\"wp-block-image\">\n<figure class=\"aligncenter size-full\"><img loading=\"lazy\" decoding=\"async\" width=\"250\" height=\"188\" src=\"http:\/\/oenobrands.com\/wp-content\/uploads\/2024\/03\/Oenobrands-Final-Touch-logo-250.png\" alt=\"FINAL TOUCH mannoprotein wine vin generique range\" class=\"wp-image-6478\" style=\"object-fit:cover\"\/><\/figure>\n<\/div><\/div>\n<\/div>\n\n<div style=\"height:50px\" aria-hidden=\"true\" class=\"wp-block-spacer\"><\/div>\n","protected":false},"excerpt":{"rendered":"<p>Final touch GUSTO Solutions de mannoprot\u00e9ines pour la perfectoion des vins blancs et ros\u00e9s [&hellip;]<\/p>\n","protected":false},"author":3,"featured_media":0,"parent":13927,"menu_order":3,"comment_status":"closed","ping_status":"closed","template":"page-product.php","meta":{"_acf_changed":false,"_seopress_robots_primary_cat":"0","_seopress_titles_title":"","_seopress_titles_desc":"","_seopress_robots_index":"","footnotes":""},"class_list":["post-13925","page","type-page","status-publish"],"acf":[],"_links":{"self":[{"href":"https:\/\/oenobrands.com\/fr\/wp-json\/wp\/v2\/pages\/13925","targetHints":{"allow":["GET"]}}],"collection":[{"href":"https:\/\/oenobrands.com\/fr\/wp-json\/wp\/v2\/pages"}],"about":[{"href":"https:\/\/oenobrands.com\/fr\/wp-json\/wp\/v2\/types\/page"}],"author":[{"embeddable":true,"href":"https:\/\/oenobrands.com\/fr\/wp-json\/wp\/v2\/users\/3"}],"replies":[{"embeddable":true,"href":"https:\/\/oenobrands.com\/fr\/wp-json\/wp\/v2\/comments?post=13925"}],"version-history":[{"count":0,"href":"https:\/\/oenobrands.com\/fr\/wp-json\/wp\/v2\/pages\/13925\/revisions"}],"up":[{"embeddable":true,"href":"https:\/\/oenobrands.com\/fr\/wp-json\/wp\/v2\/pages\/13927"}],"wp:attachment":[{"href":"https:\/\/oenobrands.com\/fr\/wp-json\/wp\/v2\/media?parent=13925"}],"curies":[{"name":"wp","href":"https:\/\/api.w.org\/{rel}","templated":true}]}}