{"id":13924,"date":"2022-10-19T22:52:28","date_gmt":"2022-10-19T20:52:28","guid":{"rendered":"https:\/\/oenobrands.com\/final-touch-tonic\/"},"modified":"2025-06-13T21:42:08","modified_gmt":"2025-06-13T19:42:08","slug":"final-touch-tonic","status":"publish","type":"page","link":"https:\/\/oenobrands.com\/fr\/produit\/mannoproteine\/final-touch\/final-touch-tonic\/","title":{"rendered":"Final touch TONIC"},"content":{"rendered":"\n<h1 class=\"wp-block-heading has-text-color\" style=\"color:#b1d600\">Final touch TONIC<\/h1>\n\n\n\n<div style=\"height:30px\" aria-hidden=\"true\" class=\"wp-block-spacer\"><\/div>\n\n\n\n<h2 class=\"wp-block-heading has-medium-font-size\"><strong>Solution de mannoprot\u00e9ines pour sublimer les vins blancs et ros\u00e9s<\/strong><\/h2>\n\n\n\n<div style=\"height:30px\" aria-hidden=\"true\" class=\"wp-block-spacer\"><\/div>\n\n\n\n<h3 class=\"wp-block-heading has-medium-font-size\"><strong>OBJECTIF<\/strong><\/h3>\n\n\n\n<p>La plupart des vins blancs et ros\u00e9s subissent une perte continue d\u2019ar\u00f4mes vari\u00e9taux et d\u2019esters de fermentation au fil du temps. Cette perte est due \u00e0 l\u2019oxydation lente des compos\u00e9s aromatiques et peut s&rsquo;accompagner d&rsquo;un changement de couleur. <\/p>\n\n\n\n<p>Gr\u00e2ce \u00e0 son expertise dans les applications \u0153nologiques des mannoprot\u00e9ines, Oenobrands a d\u00e9velopp\u00e9 <strong>Final touch TONIC<\/strong>, une solution \u00e0 base de mannoprot\u00e9ines soigneusement s\u00e9lectionn\u00e9es pour leurs puissantes propri\u00e9t\u00e9s r\u00e9ductrices et collo\u00efdales protectrices. <strong>Final touch TONIC <\/strong>pr\u00e9serve la fra\u00eecheur aromatique initiale des vins blancs et ros\u00e9s tout au long de leur vieillissement. <\/p>\n\n\n\n<div style=\"height:50px\" aria-hidden=\"true\" class=\"wp-block-spacer\"><\/div>\n\n\n\n<div class=\"wp-block-columns is-layout-flex wp-container-core-columns-is-layout-9d6595d7 wp-block-columns-is-layout-flex\">\n<div class=\"wp-block-column is-layout-flow wp-block-column-is-layout-flow\" style=\"flex-basis:45%\">\n<h3 class=\"wp-block-heading has-text-color\" style=\"color:#b1d600\"><strong>Application<\/strong><\/h3>\n\n\n\n<p><strong>Final touch TONIC <\/strong>contient des mannoprot\u00e9ines ayant des propri\u00e9t\u00e9s sp\u00e9cifiques qui contribuent \u00e0 l\u2019\u00e9quilibre collo\u00efdal du vin, aidant ainsi \u00e0 pr\u00e9venir le vieillissement pr\u00e9matur\u00e9 des ar\u00f4mes.&nbsp;<\/p>\n\n\n\n<p>Avec le temps, les vins trait\u00e9s avec <strong>Final touch TONIC <\/strong>sont plus frais, ont une intensit\u00e9 aromatique accrue et une saveur plus vive.<\/p>\n\n\n\n<p>Sous forme liquide, <strong>Final touch TONIC<\/strong> agit instantan\u00e9ment et a un effet \u00e0 long terme.<\/p>\n\n\n\n<p>Les propri\u00e9t\u00e9s collo\u00efdales protectrices des mannoprot\u00e9ines contribuent \u00e9galement \u00e0 la stabilit\u00e9 tartrique du vin. Dans tous les cas, des tests de stabilisation en laboratoire doivent \u00eatre r\u00e9alis\u00e9s au pr\u00e9alable <\/p>\n\n\n\n<h3 class=\"wp-block-heading has-text-color\" style=\"color:#b1d600\"><strong>Science et Technologie&nbsp;<\/strong><\/h3>\n\n\n\n<p><strong>Final touch TONIC<\/strong> am\u00e9liore visiblement les qualit\u00e9s organoleptiques des vins blancs et ros\u00e9s, tout en pr\u00e9venant le vieillissement pr\u00e9matur\u00e9 de leurs ar\u00f4mes.<\/p>\n\n\n\n<figure class=\"wp-block-image size-full is-style-zoooom\"><img loading=\"lazy\" decoding=\"async\" width=\"586\" height=\"508\" src=\"http:\/\/oenobrands.com\/wp-content\/uploads\/2024\/10\/FR-Product-FINAL-TOUCH-TONIC-1.png\" alt=\"FR-Product-FINAL-TOUCH-TONIc\" class=\"wp-image-14245\" srcset=\"https:\/\/oenobrands.com\/wp-content\/uploads\/2024\/10\/FR-Product-FINAL-TOUCH-TONIC-1.png 586w, https:\/\/oenobrands.com\/wp-content\/uploads\/2024\/10\/FR-Product-FINAL-TOUCH-TONIC-1-300x260.png 300w\" sizes=\"auto, (max-width: 586px) 100vw, 586px\" \/><figcaption class=\"wp-element-caption\">Profil sensoriel d&rsquo;un vin ros\u00e9 de 10 mois \u00e9labor\u00e9 selon une m\u00e9thode technique \u00ab thiol \u00bb. Comparaison entre le t\u00e9moin et <strong>Final touch TONIC<\/strong> \u00e0 30 mL\/hL. <\/figcaption><\/figure>\n\n\n\n<p><\/p>\n<\/div>\n\n\n\n<div class=\"wp-block-column is-layout-flow wp-block-column-is-layout-flow\" style=\"flex-basis:6%\"><\/div>\n\n\n\n<div class=\"wp-block-column has-background is-layout-flow wp-block-column-is-layout-flow\" style=\"background-color:#f7f7f7;flex-basis:45%\">\n<div class=\"wp-block-columns is-layout-flex wp-container-core-columns-is-layout-9d6595d7 wp-block-columns-is-layout-flex\">\n<div class=\"wp-block-column is-vertically-aligned-top is-layout-flow wp-block-column-is-layout-flow\"><div class=\"wp-block-image\">\n<figure class=\"aligncenter size-medium\"><img loading=\"lazy\" decoding=\"async\" width=\"300\" height=\"225\" src=\"https:\/\/oenobrands.com\/wp-content\/uploads\/2023\/05\/FINAL-TOUCH-mannoprotein-wine-vin-tonic-e1683625259533-300x225.png\" alt=\"FINAL-TOUCH-mannoprotein-wine-vin-tonic\" class=\"wp-image-3995\" srcset=\"https:\/\/oenobrands.com\/wp-content\/uploads\/2023\/05\/FINAL-TOUCH-mannoprotein-wine-vin-tonic-e1683625259533-300x225.png 300w, https:\/\/oenobrands.com\/wp-content\/uploads\/2023\/05\/FINAL-TOUCH-mannoprotein-wine-vin-tonic-e1683625259533.png 350w\" sizes=\"auto, (max-width: 300px) 100vw, 300px\" \/><\/figure>\n<\/div><\/div>\n<\/div>\n\n\n\n<div style=\"height:40px\" aria-hidden=\"true\" class=\"wp-block-spacer\"><\/div>\n\n\n\n<div class=\"wp-block-group\"><div class=\"wp-block-group__inner-container is-layout-constrained wp-block-group-is-layout-constrained\">\n<p class=\"has-text-align-center\"><strong>T\u00c9L\u00c9CHARGER LA FICHE D&rsquo;APPLICATION<\/strong><\/p>\n\n\n\n<div class=\"wp-block-columns is-not-stacked-on-mobile is-layout-flex wp-container-core-columns-is-layout-9d6595d7 wp-block-columns-is-layout-flex\">\n<div class=\"wp-block-column is-layout-flow wp-block-column-is-layout-flow\">\n<figure class=\"wp-block-image size-full\"><a href=\"https:\/\/oenobrands.com\/wp-content\/uploads\/2024\/07\/Final-touch-TONIC-ADS-Data-sheet-EN.pdf\" target=\"_blank\" rel=\"noreferrer noopener\"><img loading=\"lazy\" decoding=\"async\" width=\"180\" height=\"94\" src=\"http:\/\/oenobrands.com\/wp-content\/uploads\/2023\/04\/flag-united-states-english-american.png\" alt=\"flag-united-states-english-american\" class=\"wp-image-2510\"\/><\/a><\/figure>\n<\/div>\n\n\n\n<div class=\"wp-block-column is-layout-flow wp-block-column-is-layout-flow\">\n<figure class=\"wp-block-image size-full\"><a href=\"https:\/\/oenobrands.com\/wp-content\/uploads\/2024\/07\/FINAL-TOUCH-TONIC-ADS-FR-A4_G_04.pdf\" target=\"_blank\" rel=\"noreferrer noopener\"><img loading=\"lazy\" decoding=\"async\" width=\"180\" height=\"94\" src=\"http:\/\/oenobrands.com\/wp-content\/uploads\/2023\/04\/drapeau-francais-france.png\" alt=\"drapeau flag francais france\" class=\"wp-image-2508\"\/><\/a><\/figure>\n<\/div>\n\n\n\n<div class=\"wp-block-column is-layout-flow wp-block-column-is-layout-flow\">\n<figure class=\"wp-block-image size-full\"><a href=\"https:\/\/oenobrands.com\/wp-content\/uploads\/2023\/05\/Final_touch_TONIC_Data_sheet_ESP.pdf\" target=\"_blank\" rel=\"noreferrer noopener\"><img loading=\"lazy\" decoding=\"async\" width=\"180\" height=\"94\" src=\"http:\/\/oenobrands.com\/wp-content\/uploads\/2023\/04\/bandiera-spagnola-spagna.png\" alt=\"drapeau flag bandiera spagnola spagna\" class=\"wp-image-2506\"\/><\/a><\/figure>\n<\/div>\n\n\n\n<div class=\"wp-block-column is-layout-flow wp-block-column-is-layout-flow\">\n<figure class=\"wp-block-image size-full\"><a href=\"https:\/\/oenobrands.com\/wp-content\/uploads\/2024\/07\/FINAL-touch-TONIC-2021-ADS_IT_A4_G_01_Corimpex.pdf\" target=\"_blank\" rel=\"noreferrer noopener\"><img loading=\"lazy\" decoding=\"async\" width=\"180\" height=\"94\" src=\"http:\/\/oenobrands.com\/wp-content\/uploads\/2023\/04\/bandiera-italiana-italy.png\" alt=\"drapeau flag bandiera italiana italy\" class=\"wp-image-2512\"\/><\/a><\/figure>\n<\/div>\n\n\n\n<div class=\"wp-block-column is-layout-flow wp-block-column-is-layout-flow\">\n<figure class=\"wp-block-image size-full\"><a href=\"https:\/\/oenobrands.com\/wp-content\/uploads\/2024\/07\/Final-touch-TONIC-ADS-Data-sheet_PT.pdf\" target=\"_blank\" rel=\"noreferrer noopener\"><img loading=\"lazy\" decoding=\"async\" width=\"180\" height=\"94\" src=\"http:\/\/oenobrands.com\/wp-content\/uploads\/2024\/05\/Flag-drapeau-Portugal.png\" alt=\"Flag-drapeau-Portugal\" class=\"wp-image-7139\"\/><\/a><\/figure>\n<\/div>\n\n\n\n<div class=\"wp-block-column is-layout-flow wp-block-column-is-layout-flow\">\n<figure class=\"wp-block-image size-full\"><a href=\"https:\/\/oenobrands.com\/wp-content\/uploads\/2024\/07\/FINAL-TOUCH-TONIC-ADS-ALL-A4_G.pdf\" target=\"_blank\" rel=\"noreferrer noopener\"><img loading=\"lazy\" decoding=\"async\" width=\"180\" height=\"94\" src=\"http:\/\/oenobrands.com\/wp-content\/uploads\/2023\/05\/Flagge-Deutschland.png\" alt=\"Flagge-Deutschland\" class=\"wp-image-3550\"\/><\/a><\/figure>\n<\/div>\n<\/div>\n\n\n\n<div class=\"wp-block-columns is-not-stacked-on-mobile is-layout-flex wp-container-core-columns-is-layout-9d6595d7 wp-block-columns-is-layout-flex\">\n<div class=\"wp-block-column is-layout-flow wp-block-column-is-layout-flow\">\n<figure class=\"wp-block-image size-full\"><a href=\"https:\/\/oenobrands.com\/wp-content\/uploads\/2024\/07\/FINAL-TOUCH-TONIC-ADS-RO-2022_A4_G_01.pdf\" target=\"_blank\" rel=\"noreferrer noopener\"><img loading=\"lazy\" decoding=\"async\" width=\"180\" height=\"94\" src=\"http:\/\/oenobrands.com\/wp-content\/uploads\/2024\/05\/Flag-drapeau-Roumanie.png\" alt=\"Flag-drapeau-Roumanie\" class=\"wp-image-7145\"\/><\/a><\/figure>\n<\/div>\n\n\n\n<div class=\"wp-block-column is-layout-flow wp-block-column-is-layout-flow\">\n<figure class=\"wp-block-image size-full\"><a href=\"https:\/\/oenobrands.com\/wp-content\/uploads\/2024\/07\/FINAL-touch-TONIC-ADS-CZ-A4_OK-SERVIS.pdf\" target=\"_blank\" rel=\"noreferrer noopener\"><img loading=\"lazy\" decoding=\"async\" width=\"180\" height=\"94\" src=\"http:\/\/oenobrands.com\/wp-content\/uploads\/2023\/05\/Flag-vlajka-Czech-Republic.png\" alt=\"Flag-vlajka-Czech-Republic-drapeau\" class=\"wp-image-3548\"\/><\/a><\/figure>\n<\/div>\n\n\n\n<div class=\"wp-block-column is-layout-flow wp-block-column-is-layout-flow\">\n<figure class=\"wp-block-image size-full\"><a href=\"https:\/\/oenobrands.com\/wp-content\/uploads\/2024\/07\/FINAL-touch-TONIC-ADS-BUL-A4_2022_Elton_G_01.pdf\" target=\"_blank\" rel=\"noreferrer noopener\"><img alt=\"\" loading=\"lazy\" decoding=\"async\" width=\"180\" height=\"94\" src=\"http:\/\/oenobrands.com\/wp-content\/uploads\/2024\/05\/flag-drapeau-bulgarie.png\" alt=\"\" class=\"wp-image-7141\"\/><\/a><\/figure>\n<\/div>\n\n\n\n<div class=\"wp-block-column is-layout-flow wp-block-column-is-layout-flow\">\n<figure class=\"wp-block-image size-full\"><a href=\"https:\/\/oenobrands.com\/wp-content\/uploads\/2024\/07\/FINAL-TOUCH-TONIC-ADS-EN-AFR_A4_WEB.pdf\" target=\"_blank\" rel=\"noreferrer noopener\"><img alt=\"\" loading=\"lazy\" decoding=\"async\" width=\"180\" height=\"94\" src=\"http:\/\/oenobrands.com\/wp-content\/uploads\/2024\/07\/flag-south-africa-drapeaux.png\" alt=\"\" class=\"wp-image-12682\" style=\"object-fit:cover\"\/><\/a><\/figure>\n<\/div>\n\n\n\n<div class=\"wp-block-column is-layout-flow wp-block-column-is-layout-flow\"><\/div>\n\n\n\n<div class=\"wp-block-column is-layout-flow wp-block-column-is-layout-flow\"><\/div>\n<\/div>\n<\/div><\/div>\n\n\n\n<hr class=\"wp-block-separator has-text-color has-alpha-channel-opacity has-background\" style=\"background-color:#162638;color:#162638\"\/>\n\n\n\n<div class=\"wp-block-buttons is-content-justification-center is-layout-flex wp-container-core-buttons-is-layout-16018d1d wp-block-buttons-is-layout-flex\">\n<div class=\"wp-block-button\"><a class=\"wp-block-button__link has-white-color has-text-color has-background has-text-align-center wp-element-button\" href=\"https:\/\/oenobrands.com\/fr\/notre-reseau-de-distributeurs\/\" style=\"background-color:#162638\" target=\"_blank\" rel=\"noreferrer noopener\">Votre distributeur<\/a><\/div>\n<\/div>\n\n\n\n<hr class=\"wp-block-separator has-text-color has-alpha-channel-opacity has-background\" style=\"background-color:#162638;color:#162638\"\/>\n\n\n\n<h3 class=\"wp-block-heading\"><strong>Dose<\/strong><\/h3>\n\n\n\n<p><strong>Final touch TONIC<\/strong> est totalement soluble et peut \u00eatre ajout\u00e9 directement au vin \u00e0 un dosage de 5 \u00e0 40 mL\/hL.<\/p>\n\n\n\n<h3 class=\"wp-block-heading\"><strong>Utilisation<\/strong><\/h3>\n\n\n\n<p>Ajouter de mani\u00e8re homog\u00e8ne aux vins blancs et ros\u00e9s juste avant la mise en bouteille.<\/p>\n\n\n\n<p><strong>Final touch TONIC<\/strong> conserve ses propri\u00e9t\u00e9s et fonctionne en parfaite synergie avec les additifs habituellement utilis\u00e9s pour la vinification des vins blancs et ros\u00e9s tranquilles.<\/p>\n\n\n\n<p>Pour une protection optimale des ar\u00f4mes, nous recommandons de prot\u00e9ger le vin contre l&rsquo;oxydation pendant les \u00e9tapes de pr\u00e9paration et de mise en bouteille.<\/p>\n\n\n\n<h3 class=\"wp-block-heading\"><strong><strong>Conditionnement<\/strong><\/strong><\/h3>\n\n\n\n<p>Conditionn\u00e9 en bidons de 1 litre.<\/p>\n\n\n\n<h3 class=\"wp-block-heading\"><strong>Composition<\/strong><\/h3>\n\n\n\n<p><strong>Final touch TONIC <\/strong>est une fraction sp\u00e9cifique de mannoprot\u00e9ines extraites de la levure Saccharomyces cerevisiae et conserv\u00e9e sous forme liquide.<\/p>\n\n\n\n<p><strong>Final touch TONIC <\/strong>contient des sulfites (1,5 g\/L).<\/p>\n\n\n\n<h3 class=\"wp-block-heading\"><strong>Conservation<\/strong><\/h3>\n\n\n\n<p>Conserver dans un endroit frais (&lt; 10 \u00b0C).<\/p>\n\n\n\n<p>Utiliser dans les 4 semaines apr\u00e8s ouverture et conserver dans un endroit frais apr\u00e8s ouverture.<\/p>\n<\/div>\n<\/div>\n\n\n\n<div class=\"wp-block-group\"><div class=\"wp-block-group__inner-container is-layout-constrained wp-block-group-is-layout-constrained\">\n<div style=\"height:30px\" aria-hidden=\"true\" class=\"wp-block-spacer\"><\/div>\n\n\n\n<hr class=\"wp-block-separator has-text-color has-black-color has-alpha-channel-opacity has-black-background-color has-background\"\/>\n<\/div><\/div>\n\n\n\n<div class=\"wp-block-columns is-layout-flex wp-container-core-columns-is-layout-9d6595d7 wp-block-columns-is-layout-flex\">\n<div class=\"wp-block-column is-layout-flow wp-block-column-is-layout-flow\">\n<div class=\"wp-block-group\"><div class=\"wp-block-group__inner-container is-layout-constrained wp-block-group-is-layout-constrained\">\n<h2 class=\"wp-block-heading\"><strong><strong>Explorez les solutions associ\u00e9es :<\/strong><\/strong><\/h2>\n\n\n\n<div style=\"height:30px\" aria-hidden=\"true\" class=\"wp-block-spacer\"><\/div>\n\n\n\n<p><strong>Vous recherchez une approche plus holistique de la vinification ?<\/strong> D\u00e9couvrez nos solutions \u0153nologiques avanc\u00e9es en lien avec <strong>Final touch TONIC.<\/strong><\/p>\n\n\n\n<div style=\"height:30px\" aria-hidden=\"true\" class=\"wp-block-spacer\"><\/div>\n\n\n\n<div class=\"wp-block-columns are-vertically-aligned-center is-layout-flex wp-container-core-columns-is-layout-9d6595d7 wp-block-columns-is-layout-flex\">\n<div class=\"wp-block-column is-vertically-aligned-center is-layout-flow wp-block-column-is-layout-flow\" style=\"flex-basis:100%\">\n<div class=\"wp-block-buttons is-content-justification-center is-layout-flex wp-container-core-buttons-is-layout-16018d1d wp-block-buttons-is-layout-flex\">\n<div class=\"wp-block-button is-style-fill\"><a class=\"wp-block-button__link wp-element-button\" href=\"https:\/\/oenobrands.com\/fr\/solution\/sensations-organoleptiques\/fraicheur-dans-le-vin\/\">Fra\u00eecheur<\/a><\/div>\n\n\n\n<div class=\"wp-block-button is-style-fill\"><a class=\"wp-block-button__link wp-element-button\" href=\"https:\/\/oenobrands.com\/fr\/solution\/cidre\/applications\/\" target=\"_blank\" rel=\"noreferrer noopener\">Cidre<\/a><\/div>\n\n\n\n<div class=\"wp-block-button is-style-fill\"><a class=\"wp-block-button__link wp-element-button\" href=\"https:\/\/oenobrands.com\/fr\/solution\/aromes-du-vin\/preservation-des-aromes\/\">Pr\u00e9servation des ar\u00f4mes<\/a><\/div>\n<\/div>\n<\/div>\n<\/div>\n<\/div><\/div>\n\n\n\n<div style=\"height:30px\" aria-hidden=\"true\" class=\"wp-block-spacer\"><\/div>\n<\/div>\n\n\n\n<div class=\"wp-block-column is-layout-flow wp-block-column-is-layout-flow\">\n<h2 class=\"wp-block-heading\"><strong>Vous cherchez quelque chose d&rsquo;autre ?<\/strong><\/h2>\n\n\n\n<div style=\"height:30px\" aria-hidden=\"true\" class=\"wp-block-spacer\"><\/div>\n\n\n\n<p>Visitez notre section \u00ab Solution \u00bb, o\u00f9 nous proposons des conseils d&rsquo;experts, des connaissances populaires et des approches novatrices organis\u00e9es par processus de vinification. <strong>De la fermentation \u00e0 la filtration\/mise en bouteille, nous vous accompagnons avec des solutions pour am\u00e9liorer chaque \u00e9tape de votre processus de vinification.<\/strong><\/p>\n\n\n\n<div style=\"height:30px\" aria-hidden=\"true\" class=\"wp-block-spacer\"><\/div>\n\n\n\n<div class=\"wp-block-columns are-vertically-aligned-center is-layout-flex wp-container-core-columns-is-layout-9d6595d7 wp-block-columns-is-layout-flex\">\n<div class=\"wp-block-column is-vertically-aligned-center is-layout-flow wp-block-column-is-layout-flow\" style=\"flex-basis:100%\">\n<div class=\"wp-block-buttons is-content-justification-center is-layout-flex wp-container-core-buttons-is-layout-16018d1d wp-block-buttons-is-layout-flex\">\n<div class=\"wp-block-button is-style-fill\"><a class=\"wp-block-button__link wp-element-button\" href=\"https:\/\/oenobrands.com\/fr\/solution\/\">Nos solutions<\/a><\/div>\n<\/div>\n<\/div>\n<\/div>\n<\/div>\n<\/div>\n\n\n\n<hr class=\"wp-block-separator has-text-color has-black-color has-alpha-channel-opacity has-black-background-color has-background\"\/>\n\n\n\n<div style=\"height:30px\" aria-hidden=\"true\" class=\"wp-block-spacer\"><\/div>\n\n\n\n<div class=\"wp-block-columns is-layout-flex wp-container-core-columns-is-layout-9d6595d7 wp-block-columns-is-layout-flex\">\n<div class=\"wp-block-column is-vertically-aligned-center is-layout-flow wp-block-column-is-layout-flow\" style=\"flex-basis:30%\">\n<h1 class=\"wp-block-heading has-text-color\" style=\"color:#888b8d\">D\u00e9couvrez les mannoprot\u00e9ines Final touch<\/h1>\n\n\n\n<div style=\"height:20px\" aria-hidden=\"true\" class=\"wp-block-spacer\"><\/div>\n\n\n\n<div class=\"wp-block-buttons is-content-justification-center is-layout-flex wp-container-core-buttons-is-layout-16018d1d wp-block-buttons-is-layout-flex\">\n<div class=\"wp-block-button\"><a class=\"wp-block-button__link has-background wp-element-button\" href=\"https:\/\/oenobrands.com\/fr\/produit\/mannoproteine\/final-touch\/\" style=\"background-color:#545859\" target=\"_blank\" rel=\"noreferrer noopener\">Final touch<\/a><\/div>\n<\/div>\n<\/div>\n\n\n\n<div class=\"wp-block-column is-layout-flow wp-block-column-is-layout-flow\" style=\"flex-basis:10%\"><\/div>\n\n\n\n<div class=\"wp-block-column is-layout-flow wp-block-column-is-layout-flow\"><div class=\"wp-block-image\">\n<figure class=\"aligncenter size-full\"><img loading=\"lazy\" decoding=\"async\" width=\"250\" height=\"188\" src=\"http:\/\/oenobrands.com\/wp-content\/uploads\/2024\/03\/Oenobrands-Final-Touch-logo-250.png\" alt=\"FINAL TOUCH mannoprotein wine vin generique range\" class=\"wp-image-6478\" style=\"object-fit:cover\"\/><\/figure>\n<\/div><\/div>\n<\/div>\n\n\n\n<div style=\"height:50px\" aria-hidden=\"true\" class=\"wp-block-spacer\"><\/div>\n","protected":false},"excerpt":{"rendered":"<p>Final touch TONIC Solution de mannoprot\u00e9ines pour sublimer les vins blancs et ros\u00e9s OBJECTIF [&hellip;]<\/p>\n","protected":false},"author":3,"featured_media":0,"parent":13927,"menu_order":2,"comment_status":"closed","ping_status":"closed","template":"page-product.php","meta":{"_acf_changed":false,"_seopress_robots_primary_cat":"0","_seopress_titles_title":"","_seopress_titles_desc":"","_seopress_robots_index":"","footnotes":""},"class_list":["post-13924","page","type-page","status-publish"],"acf":[],"_links":{"self":[{"href":"https:\/\/oenobrands.com\/fr\/wp-json\/wp\/v2\/pages\/13924","targetHints":{"allow":["GET"]}}],"collection":[{"href":"https:\/\/oenobrands.com\/fr\/wp-json\/wp\/v2\/pages"}],"about":[{"href":"https:\/\/oenobrands.com\/fr\/wp-json\/wp\/v2\/types\/page"}],"author":[{"embeddable":true,"href":"https:\/\/oenobrands.com\/fr\/wp-json\/wp\/v2\/users\/3"}],"replies":[{"embeddable":true,"href":"https:\/\/oenobrands.com\/fr\/wp-json\/wp\/v2\/comments?post=13924"}],"version-history":[{"count":0,"href":"https:\/\/oenobrands.com\/fr\/wp-json\/wp\/v2\/pages\/13924\/revisions"}],"up":[{"embeddable":true,"href":"https:\/\/oenobrands.com\/fr\/wp-json\/wp\/v2\/pages\/13927"}],"wp:attachment":[{"href":"https:\/\/oenobrands.com\/fr\/wp-json\/wp\/v2\/media?parent=13924"}],"curies":[{"name":"wp","href":"https:\/\/api.w.org\/{rel}","templated":true}]}}