{"id":13920,"date":"2024-06-16T21:54:44","date_gmt":"2024-06-16T19:54:44","guid":{"rendered":"https:\/\/oenobrands.com\/produit\/mannoproteine\/claristar\/mannoproteines-claristar\/"},"modified":"2025-10-29T16:55:20","modified_gmt":"2025-10-29T15:55:20","slug":"mannoproteines-claristar","status":"publish","type":"page","link":"https:\/\/oenobrands.com\/fr\/produit\/mannoproteine\/claristar\/mannoproteines-claristar\/","title":{"rendered":"Mannoprot\u00e9ines Claristar"},"content":{"rendered":"\n<h1 class=\"wp-block-heading has-text-color\" style=\"color:#64a70b\">Mannoprot\u00e9ines Claristar<\/h1>\n\n<div style=\"height:30px\" aria-hidden=\"true\" class=\"wp-block-spacer\"><\/div>\n\n<h2 class=\"wp-block-heading has-medium-font-size\"><strong>Solution de mannoprot\u00e9ines pour la stabilisation tartrique et l&rsquo;am\u00e9lioration organoleptique des vins<\/strong><\/h2>\n\n<div style=\"height:30px\" aria-hidden=\"true\" class=\"wp-block-spacer\"><\/div>\n\n<h3 class=\"wp-block-heading has-medium-font-size\"><strong>OBJECTIF<\/strong><\/h3>\n\n<p>Oenobrands, expert dans les applications \u0153nologiques des mannoprot\u00e9ines, a d\u00e9velopp\u00e9 <strong>Claristar<\/strong>\u00ae, une solution purifi\u00e9e de mannoprot\u00e9ines sp\u00e9cifiques extraites de <em>Saccharomyces cerevisiae.<\/em> La technique brevet\u00e9e d&rsquo;extraction et de s\u00e9paration isole les mannoprot\u00e9ines naturellement pr\u00e9sentes dans la levure et les vins, contenant la fraction ayant l<strong>&lsquo;Indice de Stabilit\u00e9 Tartrique (TSI) <\/strong>le plus \u00e9lev\u00e9, ce qui signifie la meilleure efficacit\u00e9 de stabilisation tartrique. <\/p>\n\n<div style=\"height:50px\" aria-hidden=\"true\" class=\"wp-block-spacer\"><\/div>\n\n<div class=\"wp-block-columns is-layout-flex wp-container-core-columns-is-layout-9d6595d7 wp-block-columns-is-layout-flex\">\n<div class=\"wp-block-column is-layout-flow wp-block-column-is-layout-flow\" style=\"flex-basis:45%\">\n<h3 class=\"wp-block-heading has-text-color\" style=\"color:#64a70b\"><strong>Application<\/strong><\/h3>\n\n\n\n<p class=\"has-text-color has-link-color wp-elements-fae1eea9c9a97e0397df3f5ce7685996\" style=\"color:#01426a\"><strong>STABILISATION TARTRIQUE<\/strong><\/p>\n\n\n\n<p><strong>Claristar <\/strong>stabilise les vins tranquilles rouges, blancs et ros\u00e9s, inhibant ainsi la formation des cristaux de bitartrate de potassium.<br\/>Un dosage pr\u00e9cis est d\u00e9termin\u00e9 dans des laboratoires partenaires, selon l<strong>a m\u00e9thode ISS pour Claristar,<\/strong> ISS signifiant Indice de Sursaturation Stable, un param\u00e8tre d\u00e9fini par l\u2019analyse de la stabilit\u00e9 tartrique \u00e0 l\u2019aide des instruments Checkstab.<br\/>Les mannoprot\u00e9ines s\u2019absorbent \u00e0 la surface des cristaux de bitartrate de potassium, entra\u00eenant une modification de la morphologie cristalline. La croissance des cristaux s\u2019arr\u00eate lorsque les mannoprot\u00e9ines adsorb\u00e9es recouvrent leur surface. L\u2019observation microscopique des cristaux de bitartrate de potassium, en pr\u00e9sence ou en absence de <strong>Claristar<\/strong>, met en \u00e9vidence cet effet. Les cristaux pr\u00e9sents en pr\u00e9sence de Claristar sont nettement diff\u00e9rents, et la d\u00e9sorganisation cr\u00e9\u00e9e par l\u2019ajout de Claristar emp\u00eache leur agglom\u00e9ration et leur pr\u00e9cipitation.<br\/><strong>Claristar <\/strong>n&#8217;emp\u00eache pas la pr\u00e9cipitation du tartrate de calcium.<\/p>\n\n\n\n<div style=\"height:30px\" aria-hidden=\"true\" class=\"wp-block-spacer\"><\/div>\n\n\n\n<p class=\"has-text-color has-link-color wp-elements-c826596850e2247f16a25c9ad8c76aa0\" style=\"color:#01426a\"><strong>SENSATIONS ORGANOLEPTIQUES<\/strong><\/p>\n\n\n\n<p><strong>Claristar<\/strong> pr\u00e9sente des avantages suppl\u00e9mentaires en pr\u00e9servant et am\u00e9liorant la qualit\u00e9 sensorielle du vin gr\u00e2ce \u00e0 l&rsquo;action positive des mannoprot\u00e9ines sur l&rsquo;\u00e9quilibre collo\u00efdal.<br\/><strong>Claristar <\/strong>am\u00e9liore la qualit\u00e9 sensorielle du vin en renfor\u00e7ant la perception de souplesse et en r\u00e9duisant l\u2019astringence, aussi bien en attaque qu\u2019en fin de bouche. De plus, la couleur du vin et son acidit\u00e9 naturelle sont \u00e9galement pr\u00e9serv\u00e9es.<br\/>Depuis 2007, les utilisateurs de Claristar t\u00e9moignent que les vins trait\u00e9s avec Claristar conservent leur fra\u00eecheur aromatique, pr\u00e9servent leur potentiel aromatique et pr\u00e9sentent, par cons\u00e9quent, une meilleure r\u00e9sistance au vieillissement chimique que ceux stabilis\u00e9s par d\u2019autres m\u00e9thodes.<\/p>\n\n\n\n<div style=\"height:30px\" aria-hidden=\"true\" class=\"wp-block-spacer\"><\/div>\n\n\n\n<h3 class=\"wp-block-heading has-text-color\" style=\"color:#64a70b\"><strong>Science et Technologie<\/strong><\/h3>\n\n\n\n<div style=\"height:30px\" aria-hidden=\"true\" class=\"wp-block-spacer\"><\/div>\n\n\n<div class=\"wp-block-image is-style-zoooom\">\n<figure class=\"aligncenter size-full\"><img alt=\"\" loading=\"lazy\" decoding=\"async\" width=\"571\" height=\"666\" src=\"http:\/\/oenobrands.com\/wp-content\/uploads\/2024\/07\/Product-Claristar-KHT-crystals-with-without.jpg\" alt=\"\" class=\"wp-image-9313\" srcset=\"https:\/\/oenobrands.com\/wp-content\/uploads\/2024\/07\/Product-Claristar-KHT-crystals-with-without.jpg 571w, https:\/\/oenobrands.com\/wp-content\/uploads\/2024\/07\/Product-Claristar-KHT-crystals-with-without-257x300.jpg 257w\" sizes=\"auto, (max-width: 571px) 100vw, 571px\" \/><\/figure>\n<\/div>\n\n\n<div style=\"height:30px\" aria-hidden=\"true\" class=\"wp-block-spacer\"><\/div>\n\n\n<div class=\"wp-block-image is-style-zoooom\">\n<figure class=\"aligncenter size-full\"><img alt=\"\" loading=\"lazy\" decoding=\"async\" width=\"610\" height=\"406\" src=\"http:\/\/oenobrands.com\/wp-content\/uploads\/2024\/07\/Product-Claristar-organoleptic-impact-figure-1.jpg\" alt=\"\" class=\"wp-image-9315\" srcset=\"https:\/\/oenobrands.com\/wp-content\/uploads\/2024\/07\/Product-Claristar-organoleptic-impact-figure-1.jpg 610w, https:\/\/oenobrands.com\/wp-content\/uploads\/2024\/07\/Product-Claristar-organoleptic-impact-figure-1-300x200.jpg 300w\" sizes=\"auto, (max-width: 610px) 100vw, 610px\" \/><figcaption class=\"wp-element-caption\">Comparaison des norisopr\u00e9no\u00efdes li\u00e9s glycosidiquement dans des vins stabilis\u00e9s par trois techniques diff\u00e9rentes \u2013 Enosis Meraviglia<sup>\u00a9<\/sup> \u2013 <strong>Moindre perte avec Claristar = Effet protecteur de Claristar sur les norisopr\u00e9no\u00efdes combin\u00e9s.<\/strong><\/figcaption><\/figure>\n<\/div><\/div>\n\n\n\n<div class=\"wp-block-column is-layout-flow wp-block-column-is-layout-flow\" style=\"flex-basis:6%\"><\/div>\n\n\n\n<div class=\"wp-block-column has-background is-layout-flow wp-block-column-is-layout-flow\" style=\"background-color:#f7f7f7;flex-basis:45%\">\n<div class=\"wp-block-columns is-layout-flex wp-container-core-columns-is-layout-9d6595d7 wp-block-columns-is-layout-flex\">\n<div class=\"wp-block-column is-vertically-aligned-top is-layout-flow wp-block-column-is-layout-flow\"><div class=\"wp-block-image\">\n<figure class=\"aligncenter size-medium\"><img loading=\"lazy\" decoding=\"async\" width=\"300\" height=\"154\" src=\"http:\/\/oenobrands.com\/wp-content\/uploads\/2023\/04\/Oenobrands-Claristar-logo-1-e1683712728273-300x154.png\" alt=\"Oenobrands Claristar mannoproteins logo\" class=\"wp-image-2449\"\/><\/figure>\n<\/div><\/div>\n<\/div>\n\n\n\n<div style=\"height:40px\" aria-hidden=\"true\" class=\"wp-block-spacer\"><\/div>\n\n\n\n<div class=\"wp-block-group\"><div class=\"wp-block-group__inner-container is-layout-constrained wp-block-group-is-layout-constrained\">\n<p class=\"has-text-align-center\"><strong>T\u00c9L\u00c9CHARGER LA FICHE D&rsquo;APPLICATION<\/strong><\/p>\n\n\n\n<div class=\"wp-block-columns is-not-stacked-on-mobile is-layout-flex wp-container-core-columns-is-layout-9d6595d7 wp-block-columns-is-layout-flex\">\n<div class=\"wp-block-column is-layout-flow wp-block-column-is-layout-flow\">\n<figure class=\"wp-block-image size-full\"><a href=\"https:\/\/oenobrands.com\/wp-content\/uploads\/2024\/07\/CLARISTAR-ADS-A4_2023_EN.pdf\" target=\"_blank\" rel=\"noreferrer noopener\"><img loading=\"lazy\" decoding=\"async\" width=\"180\" height=\"94\" src=\"http:\/\/oenobrands.com\/wp-content\/uploads\/2023\/04\/flag-united-states-english-american.png\" alt=\"flag-united-states-english-american\" class=\"wp-image-2510\"\/><\/a><\/figure>\n<\/div>\n\n\n\n<div class=\"wp-block-column is-layout-flow wp-block-column-is-layout-flow\">\n<figure class=\"wp-block-image size-full\"><a href=\"https:\/\/oenobrands.com\/wp-content\/uploads\/2024\/07\/Claristar-ADS-A4-2023-Francais_G_01.pdf\" target=\"_blank\" rel=\"noreferrer noopener\"><img loading=\"lazy\" decoding=\"async\" width=\"180\" height=\"94\" src=\"http:\/\/oenobrands.com\/wp-content\/uploads\/2023\/04\/drapeau-francais-france.png\" alt=\"drapeau flag francais france\" class=\"wp-image-2508\"\/><\/a><\/figure>\n<\/div>\n\n\n\n<div class=\"wp-block-column is-layout-flow wp-block-column-is-layout-flow\">\n<figure class=\"wp-block-image size-full\"><a href=\"https:\/\/oenobrands.com\/wp-content\/uploads\/2024\/07\/Claristar-ADS-A4-2023-ES-G_02.pdf\" target=\"_blank\" rel=\"noreferrer noopener\"><img loading=\"lazy\" decoding=\"async\" width=\"180\" height=\"94\" src=\"http:\/\/oenobrands.com\/wp-content\/uploads\/2023\/04\/bandiera-spagnola-spagna.png\" alt=\"drapeau flag bandiera spagnola spagna\" class=\"wp-image-2506\"\/><\/a><\/figure>\n<\/div>\n\n\n\n<div class=\"wp-block-column is-layout-flow wp-block-column-is-layout-flow\">\n<figure class=\"wp-block-image size-full\"><a href=\"https:\/\/oenobrands.com\/wp-content\/uploads\/2024\/07\/CLARISTAR-ADS-A4-2023-IT-Corimpex.pdf\" target=\"_blank\" rel=\"noreferrer noopener\"><img loading=\"lazy\" decoding=\"async\" width=\"180\" height=\"94\" src=\"http:\/\/oenobrands.com\/wp-content\/uploads\/2023\/04\/bandiera-italiana-italy.png\" alt=\"drapeau flag bandiera italiana italy\" class=\"wp-image-2512\"\/><\/a><\/figure>\n<\/div>\n\n\n\n<div class=\"wp-block-column is-layout-flow wp-block-column-is-layout-flow\">\n<figure class=\"wp-block-image size-full\"><a href=\"https:\/\/oenobrands.com\/wp-content\/uploads\/2024\/07\/CLARISTAR-ADS-A4-2023-PT-Freitas.pdf\" target=\"_blank\" rel=\"noreferrer noopener\"><img loading=\"lazy\" decoding=\"async\" width=\"180\" height=\"94\" src=\"http:\/\/oenobrands.com\/wp-content\/uploads\/2024\/05\/Flag-drapeau-Portugal.png\" alt=\"Flag-drapeau-Portugal\" class=\"wp-image-7139\"\/><\/a><\/figure>\n<\/div>\n\n\n\n<div class=\"wp-block-column is-layout-flow wp-block-column-is-layout-flow\">\n<figure class=\"wp-block-image size-full\"><a href=\"https:\/\/oenobrands.com\/wp-content\/uploads\/2024\/07\/CLARISTAR-ADS-A4-2023-RO-Elton.pdf\" target=\"_blank\" rel=\"noreferrer noopener\"><img loading=\"lazy\" decoding=\"async\" width=\"180\" height=\"94\" src=\"http:\/\/oenobrands.com\/wp-content\/uploads\/2024\/05\/Flag-drapeau-Roumanie.png\" alt=\"Flag-drapeau-Roumanie\" class=\"wp-image-7145\"\/><\/a><\/figure>\n<\/div>\n<\/div>\n\n\n\n<div class=\"wp-block-columns is-not-stacked-on-mobile is-layout-flex wp-container-core-columns-is-layout-9d6595d7 wp-block-columns-is-layout-flex\">\n<div class=\"wp-block-column is-layout-flow wp-block-column-is-layout-flow\">\n<figure class=\"wp-block-image size-full\"><a href=\"https:\/\/oenobrands.com\/wp-content\/uploads\/2024\/07\/CLARISTAR-ADS-A4-2023-BUL.pdf\" target=\"_blank\" rel=\"noreferrer noopener\"><img alt=\"\" loading=\"lazy\" decoding=\"async\" width=\"180\" height=\"94\" src=\"http:\/\/oenobrands.com\/wp-content\/uploads\/2024\/05\/flag-drapeau-bulgarie.png\" alt=\"\" class=\"wp-image-7141\"\/><\/a><\/figure>\n<\/div>\n\n\n\n<div class=\"wp-block-column is-layout-flow wp-block-column-is-layout-flow\">\n<figure class=\"wp-block-image size-full\"><a href=\"https:\/\/oenobrands.com\/wp-content\/uploads\/2024\/07\/CLARISTAR-ADS-A4-2023_GR_Elton.pdf\" target=\"_blank\" rel=\"noreferrer noopener\"><img loading=\"lazy\" decoding=\"async\" width=\"180\" height=\"94\" src=\"http:\/\/oenobrands.com\/wp-content\/uploads\/2024\/07\/flag-greece-drapeaux.png\" alt=\"flag-greece-drapeaux\" class=\"wp-image-11801\"\/><\/a><\/figure>\n<\/div>\n\n\n\n<div class=\"wp-block-column is-layout-flow wp-block-column-is-layout-flow\"><\/div>\n\n\n\n<div class=\"wp-block-column is-layout-flow wp-block-column-is-layout-flow\"><\/div>\n\n\n\n<div class=\"wp-block-column is-layout-flow wp-block-column-is-layout-flow\"><\/div>\n\n\n\n<div class=\"wp-block-column is-layout-flow wp-block-column-is-layout-flow\"><\/div>\n<\/div>\n<\/div><\/div>\n\n\n\n<hr class=\"wp-block-separator has-text-color has-alpha-channel-opacity has-background\" style=\"background-color:#162638;color:#162638\"\/>\n\n\n\n<div class=\"wp-block-buttons is-content-justification-center is-layout-flex wp-container-core-buttons-is-layout-16018d1d wp-block-buttons-is-layout-flex\">\n<div class=\"wp-block-button\"><a class=\"wp-block-button__link has-white-color has-text-color has-background has-text-align-center wp-element-button\" href=\"https:\/\/oenobrands.com\/distributor\/\" style=\"background-color:#162638\" target=\"_blank\" rel=\"noreferrer noopener\">Votre distributeur<\/a><\/div>\n<\/div>\n\n\n\n<hr class=\"wp-block-separator has-text-color has-alpha-channel-opacity has-background\" style=\"background-color:#162638;color:#162638\"\/>\n\n\n\n<h3 class=\"wp-block-heading\"><strong>Dose<\/strong><\/h3>\n\n\n\n<p><strong>Claristar stabilise les vins dont les niveaux d&rsquo;instabilit\u00e9 ont \u00e9t\u00e9 pr\u00e9alablement \u00e9valu\u00e9s.<\/strong> Les \u00e9chantillons sont pr\u00e9lev\u00e9s apr\u00e8s la pr\u00e9paration des vins et juste avant la mise en bouteille.<\/p>\n\n\n\n<p>Les laboratoires partenaires utilisent une m\u00e9thode de r\u00e9f\u00e9rence unique, d\u00e9velopp\u00e9e par Oenobrands avec l\u2019appui de Dario Montagnani \/ Enolab Service srl et les instruments Checkstab par Delta Acque.<\/p>\n\n\n\n<p>L&rsquo;objectif de cette analyse est de vous informer de l&rsquo;instabilit\u00e9 du vin et de vous fournir un dosage pr\u00e9cis entre 50 et 120 mL\/hL de <strong>Claristar <\/strong>n\u00e9cessaire pour stabiliser votre vin.<\/p>\n\n\n\n<div style=\"height:30px\" aria-hidden=\"true\" class=\"wp-block-spacer\"><\/div>\n\n\n\n<h3 class=\"wp-block-heading\"><strong>Utilisation<\/strong><\/h3>\n\n\n\n<p><strong>Claristar <\/strong>est le dernier traitement avant la mise en bouteille (apr\u00e8s l\u2019assemblage final, la stabilisation prot\u00e9ique, le collage, la pr\u00e9-filtration, etc.). <\/p>\n\n\n\n<p>Enti\u00e8rement miscible et soluble, <strong>Claristar <\/strong>est ajout\u00e9 directement au vin avant la mise en bouteille, garantissant une homog\u00e9n\u00e9it\u00e9 parfaite.<br\/><strong>Claristar <\/strong>doit \u00eatre ajout\u00e9 juste avant la microfiltration et au moins 24 heures avant la mise en bouteille.<\/p>\n\n\n\n<h3 class=\"wp-block-heading\"><strong><strong>Conditionnement<\/strong><\/strong><\/h3>\n\n\n\n<p>Conditionn\u00e9 en conteneurs de 2,5 et 20 litres.<\/p>\n\n\n\n<h3 class=\"wp-block-heading\"><strong>Composition<\/strong><\/h3>\n\n\n\n<p><strong>Claristar<\/strong> est une fraction liquide sp\u00e9cifique de mannoprot\u00e9ines extraites de la levure <em>Saccharomyces cerevisiae.<\/em><\/p>\n\n\n\n<p><strong>Claristar <\/strong>contient des sulfites (100 mL\/hL de Claristar contribue \u00e0 1,5 mg\/L de SO2 dans le vin).<\/p>\n\n\n\n<h3 class=\"wp-block-heading\"><strong>Conservation<\/strong><\/h3>\n\n\n\n<ul class=\"wp-block-list\">\n<li>Conserver dans un environnement sec, entre 10 et 15\u00b0C.<\/li>\n\n\n\n<li>Apr\u00e8s ouverture, conserver entre 5 et 10\u00b0C et utiliser dans les 4 semaines.<\/li>\n<\/ul>\n<\/div>\n<\/div>\n\n<div class=\"wp-block-group\"><div class=\"wp-block-group__inner-container is-layout-constrained wp-block-group-is-layout-constrained\">\n<div style=\"height:30px\" aria-hidden=\"true\" class=\"wp-block-spacer\"><\/div>\n\n\n\n<hr class=\"wp-block-separator has-text-color has-black-color has-alpha-channel-opacity has-black-background-color has-background\"\/>\n<\/div><\/div>\n\n<div class=\"wp-block-columns is-layout-flex wp-container-core-columns-is-layout-9d6595d7 wp-block-columns-is-layout-flex\">\n<div class=\"wp-block-column is-layout-flow wp-block-column-is-layout-flow\">\n<div class=\"wp-block-group\"><div class=\"wp-block-group__inner-container is-layout-constrained wp-block-group-is-layout-constrained\">\n<h2 class=\"wp-block-heading\"><strong><strong>Explorez les solutions associ\u00e9es :<\/strong><\/strong><\/h2>\n\n\n\n<div style=\"height:30px\" aria-hidden=\"true\" class=\"wp-block-spacer\"><\/div>\n\n\n\n<p><strong>Vous recherchez une approche plus holistique de la vinification ? <\/strong>D\u00e9couvrez nos solutions \u0153nologiques avanc\u00e9es en lien avec <strong>Claristar.<\/strong><\/p>\n\n\n\n<div style=\"height:30px\" aria-hidden=\"true\" class=\"wp-block-spacer\"><\/div>\n\n\n\n<div class=\"wp-block-columns are-vertically-aligned-center is-layout-flex wp-container-core-columns-is-layout-9d6595d7 wp-block-columns-is-layout-flex\">\n<div class=\"wp-block-column is-vertically-aligned-center is-layout-flow wp-block-column-is-layout-flow\" style=\"flex-basis:100%\">\n<div class=\"wp-block-buttons is-content-justification-center is-layout-flex wp-container-core-buttons-is-layout-16018d1d wp-block-buttons-is-layout-flex\">\n<div class=\"wp-block-button is-style-fill\"><a class=\"wp-block-button__link wp-element-button\" href=\"https:\/\/oenobrands.com\/solution\/wine-stabilisation\/tartrate-stabilisation\/\">Stabilit\u00e9 tartrique<\/a><\/div>\n<\/div>\n<\/div>\n<\/div>\n<\/div><\/div>\n\n\n\n<div style=\"height:30px\" aria-hidden=\"true\" class=\"wp-block-spacer\"><\/div>\n<\/div>\n\n\n\n<div class=\"wp-block-column is-layout-flow wp-block-column-is-layout-flow\">\n<h2 class=\"wp-block-heading\"><strong>Vous cherchez quelque chose d&rsquo;autre ?<\/strong><\/h2>\n\n\n\n<div style=\"height:30px\" aria-hidden=\"true\" class=\"wp-block-spacer\"><\/div>\n\n\n\n<p>Visitez notre section \u00ab Solution \u00bb, o\u00f9 nous proposons des conseils d&rsquo;experts, des connaissances populaires et des approches novatrices organis\u00e9es par processus de vinification. <strong>De la fermentation \u00e0 la filtration\/mise en bouteille, nous vous accompagnons avec des solutions pour am\u00e9liorer chaque \u00e9tape de votre processus de vinification.<\/strong><\/p>\n\n\n\n<div style=\"height:30px\" aria-hidden=\"true\" class=\"wp-block-spacer\"><\/div>\n\n\n\n<div class=\"wp-block-columns are-vertically-aligned-center is-layout-flex wp-container-core-columns-is-layout-9d6595d7 wp-block-columns-is-layout-flex\">\n<div class=\"wp-block-column is-vertically-aligned-center is-layout-flow wp-block-column-is-layout-flow\" style=\"flex-basis:100%\">\n<div class=\"wp-block-buttons is-content-justification-center is-layout-flex wp-container-core-buttons-is-layout-16018d1d wp-block-buttons-is-layout-flex\">\n<div class=\"wp-block-button is-style-fill\"><a class=\"wp-block-button__link wp-element-button\" href=\"https:\/\/oenobrands.com\/solution\/\">Advanced winemaking solutions<\/a><\/div>\n<\/div>\n<\/div>\n<\/div>\n<\/div>\n<\/div>\n\n<hr class=\"wp-block-separator has-text-color has-black-color has-alpha-channel-opacity has-black-background-color has-background\"\/>\n\n<div style=\"height:30px\" aria-hidden=\"true\" class=\"wp-block-spacer\"><\/div>\n\n<div class=\"wp-block-columns is-layout-flex wp-container-core-columns-is-layout-9d6595d7 wp-block-columns-is-layout-flex\">\n<div class=\"wp-block-column is-vertically-aligned-center is-layout-flow wp-block-column-is-layout-flow\" style=\"flex-basis:30%\">\n<h1 class=\"wp-block-heading has-text-color\" style=\"color:#50555a\">D\u00e9couvrez nos mannoprot\u00e9ines de levure<\/h1>\n\n\n\n<div style=\"height:20px\" aria-hidden=\"true\" class=\"wp-block-spacer\"><\/div>\n\n\n\n<div class=\"wp-block-buttons is-content-justification-center is-layout-flex wp-container-core-buttons-is-layout-16018d1d wp-block-buttons-is-layout-flex\">\n<div class=\"wp-block-button\"><a class=\"wp-block-button__link has-background wp-element-button\" href=\"https:\/\/oenobrands.com\/product\/mannoprotein\/\" style=\"background-color:#545859\">Mannoprot\u00e9ines<\/a><\/div>\n<\/div>\n<\/div>\n\n\n\n<div class=\"wp-block-column is-layout-flow wp-block-column-is-layout-flow\" style=\"flex-basis:10%\"><\/div>\n\n\n\n<div class=\"wp-block-column is-layout-flow wp-block-column-is-layout-flow\"><div class=\"wp-block-image\">\n<figure class=\"aligncenter size-full is-resized\"><img loading=\"lazy\" decoding=\"async\" width=\"250\" height=\"188\" src=\"http:\/\/oenobrands.com\/wp-content\/uploads\/2024\/03\/Oenobrands-Final-Touch-logo-250.png\" alt=\"FINAL TOUCH mannoprotein wine vin generique range\" class=\"wp-image-6478\" style=\"width:150px\"\/><\/figure>\n<\/div>\n\n<div class=\"wp-block-image\">\n<figure class=\"aligncenter size-full is-resized\"><img decoding=\"async\" src=\"http:\/\/oenobrands.com\/wp-content\/uploads\/2023\/04\/Oenobrands-Claristar-logo-1-e1683712728273.png\" alt=\"Oenobrands Claristar mannoproteins logo\" class=\"wp-image-2449\" style=\"width:150px\"\/><\/figure>\n<\/div><\/div>\n<\/div>\n\n<div style=\"height:50px\" aria-hidden=\"true\" class=\"wp-block-spacer\"><\/div>\n","protected":false},"excerpt":{"rendered":"<p>Mannoprot\u00e9ines Claristar Solution de mannoprot\u00e9ines pour la stabilisation tartrique et l&rsquo;am\u00e9lioration organoleptique des vins [&hellip;]<\/p>\n","protected":false},"author":3,"featured_media":0,"parent":13918,"menu_order":1,"comment_status":"closed","ping_status":"closed","template":"page-product.php","meta":{"_acf_changed":false,"_seopress_robots_primary_cat":"0","_seopress_titles_title":"","_seopress_titles_desc":"","_seopress_robots_index":"","footnotes":""},"class_list":["post-13920","page","type-page","status-publish"],"acf":[],"_links":{"self":[{"href":"https:\/\/oenobrands.com\/fr\/wp-json\/wp\/v2\/pages\/13920","targetHints":{"allow":["GET"]}}],"collection":[{"href":"https:\/\/oenobrands.com\/fr\/wp-json\/wp\/v2\/pages"}],"about":[{"href":"https:\/\/oenobrands.com\/fr\/wp-json\/wp\/v2\/types\/page"}],"author":[{"embeddable":true,"href":"https:\/\/oenobrands.com\/fr\/wp-json\/wp\/v2\/users\/3"}],"replies":[{"embeddable":true,"href":"https:\/\/oenobrands.com\/fr\/wp-json\/wp\/v2\/comments?post=13920"}],"version-history":[{"count":0,"href":"https:\/\/oenobrands.com\/fr\/wp-json\/wp\/v2\/pages\/13920\/revisions"}],"up":[{"embeddable":true,"href":"https:\/\/oenobrands.com\/fr\/wp-json\/wp\/v2\/pages\/13918"}],"wp:attachment":[{"href":"https:\/\/oenobrands.com\/fr\/wp-json\/wp\/v2\/media?parent=13920"}],"curies":[{"name":"wp","href":"https:\/\/api.w.org\/{rel}","templated":true}]}}