{"id":13918,"date":"2022-10-19T22:00:35","date_gmt":"2022-10-19T20:00:35","guid":{"rendered":"https:\/\/oenobrands.com\/produit\/mannoproteine\/claristar\/"},"modified":"2025-06-13T21:41:47","modified_gmt":"2025-06-13T19:41:47","slug":"claristar","status":"publish","type":"page","link":"https:\/\/oenobrands.com\/fr\/produit\/mannoproteine\/claristar\/","title":{"rendered":"CLARISTAR"},"content":{"rendered":"\n<div style=\"height:50px\" aria-hidden=\"true\" class=\"wp-block-spacer\"><\/div>\n\n\n\n<h2 class=\"wp-block-heading has-text-color\" style=\"color:#01426a\">Claristar<sup>\u00ae<\/sup> \u2013 Stabiliser et Am\u00e9liorer<\/h2>\n\n\n\n<div style=\"height:40px\" aria-hidden=\"true\" class=\"wp-block-spacer\"><\/div>\n\n\n\n<div class=\"wp-block-columns is-layout-flex wp-container-core-columns-is-layout-9d6595d7 wp-block-columns-is-layout-flex\">\n<div class=\"wp-block-column is-layout-flow wp-block-column-is-layout-flow\">\n<p>Lanc\u00e9 sur le march\u00e9 en 2007, Claristar poss\u00e8de des propri\u00e9t\u00e9s stabilisantes uniques, permettant d&rsquo;inhiber la pr\u00e9cipitation des sels de bitartrate de potassium.<\/p>\n\n\n\n<p>Claristar\u00ae est la premi\u00e8re mannoprot\u00e9ine liquide au monde et est indiqu\u00e9e pour une utilisation dans la production de vins conventionnels et biologiques (UE et NOP).<\/p>\n<\/div>\n\n\n\n<div class=\"wp-block-column is-layout-flow wp-block-column-is-layout-flow\"><div class=\"wp-block-image\">\n<figure class=\"aligncenter size-full\"><img decoding=\"async\" src=\"http:\/\/oenobrands.com\/wp-content\/uploads\/2023\/04\/Oenobrands-Claristar-logo-1-e1683712728273.png\" alt=\"Oenobrands Claristar mannoproteins logo\" class=\"wp-image-2449\"\/><\/figure>\n<\/div><\/div>\n<\/div>\n\n\n\n<p><br>Le proc\u00e9d\u00e9 de production brevet\u00e9 permet \u00e0 Oenobrands de fournir une solution purifi\u00e9e de mannoprot\u00e9ines sp\u00e9cifiques de levure, extraites de <em>Saccharomyces cerevisiae.<\/em> Claristar est la mannoprot\u00e9ine la plus efficace du march\u00e9, puisqu&rsquo;elle contient la fraction de mannoprot\u00e9ine avec l&rsquo;Indice de Stabilit\u00e9 Tartrique (TSI) le plus \u00e9lev\u00e9. Son application est simple, avec une incorporation directe dans le vin avant filtration, suivie d&rsquo;une bonne homog\u00e9n\u00e9isation.  <\/p>\n\n\n\n<div style=\"height:40px\" aria-hidden=\"true\" class=\"wp-block-spacer\"><\/div>\n\n\n\n<h2 class=\"wp-block-heading\">CLARISTAR EST ADAPT\u00c9E \u00c0 LA STABILISATION DES VINS TRANQUILLES ROUGES, BLANCS ET ROS\u00c9S<\/h2>\n\n\n\n<div style=\"height:40px\" aria-hidden=\"true\" class=\"wp-block-spacer\"><\/div>\n\n\n\n<p>Gr\u00e2ce \u00e0 des ann\u00e9es consacr\u00e9es au d\u00e9veloppement et \u00e0 la validation, <strong>une m\u00e9thode de r\u00e9f\u00e9rence analytique a \u00e9t\u00e9 mise en place<\/strong> pour d\u00e9terminer le niveau d&rsquo;instabilit\u00e9 tartrique des vins rouges ainsi que des vins blancs et ros\u00e9s, et pour d\u00e9terminer la dose de mannoprot\u00e9ines n\u00e9cessaire \u00e0 la stabilisation du vin. Le protocole confirme ensuite la stabilit\u00e9 obtenue avec la dose d\u00e9termin\u00e9e par analyse. <\/p>\n\n\n\n<div style=\"height:40px\" aria-hidden=\"true\" class=\"wp-block-spacer\"><\/div>\n\n\n\n<div class=\"wp-block-columns is-layout-flex wp-container-core-columns-is-layout-9d6595d7 wp-block-columns-is-layout-flex\">\n<div class=\"wp-block-column is-vertically-aligned-stretch has-background is-layout-flow wp-block-column-is-layout-flow\" style=\"background-color:#64a70b\">\n<p class=\"has-white-color has-text-color has-medium-font-size\" style=\"letter-spacing:1px\">La stabilisation tartrique obtenue avec Claristar est <strong>s\u00fbre, simple et imm\u00e9diate, tout en offrant des avantages qualitatifs et organoleptiques ind\u00e9niables.<\/strong><\/p>\n<\/div>\n\n\n\n<div class=\"wp-block-column is-vertically-aligned-stretch has-background is-layout-flow wp-block-column-is-layout-flow\" style=\"background-color:#64a70b\">\n<p class=\"has-white-color has-text-color has-medium-font-size\" style=\"letter-spacing:1px\">Ce produit liquide, imm\u00e9diatement miscible dans le vin, <strong>am\u00e9liore les caract\u00e9ristiques organoleptiques du vin<\/strong>, notamment l&rsquo;expression aromatique, la <strong>capacit\u00e9 \u00e0 conserver la couleur et l&rsquo;acidit\u00e9 naturelle.<\/strong><\/p>\n<\/div>\n\n\n\n<div class=\"wp-block-column is-vertically-aligned-stretch has-background is-layout-flow wp-block-column-is-layout-flow\" style=\"background-color:#64a70b\">\n<p class=\"has-white-color has-text-color has-medium-font-size\" style=\"letter-spacing:1px\">Les d\u00e9gustateurs ont \u00e9galement not\u00e9 que<strong> la sensation de rondeur et de volume en bouche est augment\u00e9e<\/strong>, et que<strong> les ar\u00f4mes frais sont maintenus<\/strong> pendant le stockage, surtout par rapport \u00e0 d&rsquo;autres techniques telles que le traitement \u00e0 froid.<\/p>\n<\/div>\n<\/div>\n\n\n\n<div style=\"height:50px\" aria-hidden=\"true\" class=\"wp-block-spacer\"><\/div>\n\n\n<div class=\"wp-block-image\">\n<figure class=\"aligncenter size-full\"><img alt=\"\" loading=\"lazy\" decoding=\"async\" width=\"1399\" height=\"319\" src=\"http:\/\/oenobrands.com\/wp-content\/uploads\/2024\/10\/produit-mannoprotein-claristar-FR.png\" alt=\"\" class=\"wp-image-15277\" srcset=\"https:\/\/oenobrands.com\/wp-content\/uploads\/2024\/10\/produit-mannoprotein-claristar-FR.png 1399w, https:\/\/oenobrands.com\/wp-content\/uploads\/2024\/10\/produit-mannoprotein-claristar-FR-300x68.png 300w, https:\/\/oenobrands.com\/wp-content\/uploads\/2024\/10\/produit-mannoprotein-claristar-FR-1024x233.png 1024w, https:\/\/oenobrands.com\/wp-content\/uploads\/2024\/10\/produit-mannoprotein-claristar-FR-768x175.png 768w\" sizes=\"auto, (max-width: 1399px) 100vw, 1399px\" \/><\/figure>\n<\/div>\n\n\n<div style=\"height:50px\" aria-hidden=\"true\" class=\"wp-block-spacer\"><\/div>\n\n\n\n<div style=\"height:50px\" aria-hidden=\"true\" class=\"wp-block-spacer\"><\/div>\n\n\n\n<div class=\"wp-block-columns is-layout-flex wp-container-core-columns-is-layout-9d6595d7 wp-block-columns-is-layout-flex\">\n<div class=\"wp-block-column is-layout-flow wp-block-column-is-layout-flow\">\n<h2 class=\"wp-block-heading has-text-align-left\"><strong>Qu&rsquo;est-ce que les mannoprot\u00e9ines de levure ?<\/strong><\/h2>\n\n\n\n<div class=\"wp-block-buttons is-content-justification-center is-layout-flex wp-container-core-buttons-is-layout-16018d1d wp-block-buttons-is-layout-flex\">\n<div class=\"wp-block-button\"><a class=\"wp-block-button__link wp-element-button\" href=\"https:\/\/oenobrands.com\/fr\/production-de-derives-de-levure\/\" target=\"_blank\" rel=\"noreferrer noopener\">Production de d\u00e9rives de levures dont les mannoprot\u00e9ines<\/a><\/div>\n<\/div>\n\n\n\n<div style=\"height:50px\" aria-hidden=\"true\" class=\"wp-block-spacer\"><\/div>\n<\/div>\n<\/div>\n","protected":false},"excerpt":{"rendered":"<p>Claristar\u00ae \u2013 Stabiliser et Am\u00e9liorer Lanc\u00e9 sur le march\u00e9 en 2007, Claristar poss\u00e8de des [&hellip;]<\/p>\n","protected":false},"author":3,"featured_media":0,"parent":13917,"menu_order":1,"comment_status":"closed","ping_status":"closed","template":"page-premier-products-list.php","meta":{"_acf_changed":false,"_seopress_robots_primary_cat":"0","_seopress_titles_title":"","_seopress_titles_desc":"","_seopress_robots_index":"","footnotes":""},"class_list":["post-13918","page","type-page","status-publish"],"acf":[],"_links":{"self":[{"href":"https:\/\/oenobrands.com\/fr\/wp-json\/wp\/v2\/pages\/13918","targetHints":{"allow":["GET"]}}],"collection":[{"href":"https:\/\/oenobrands.com\/fr\/wp-json\/wp\/v2\/pages"}],"about":[{"href":"https:\/\/oenobrands.com\/fr\/wp-json\/wp\/v2\/types\/page"}],"author":[{"embeddable":true,"href":"https:\/\/oenobrands.com\/fr\/wp-json\/wp\/v2\/users\/3"}],"replies":[{"embeddable":true,"href":"https:\/\/oenobrands.com\/fr\/wp-json\/wp\/v2\/comments?post=13918"}],"version-history":[{"count":0,"href":"https:\/\/oenobrands.com\/fr\/wp-json\/wp\/v2\/pages\/13918\/revisions"}],"up":[{"embeddable":true,"href":"https:\/\/oenobrands.com\/fr\/wp-json\/wp\/v2\/pages\/13917"}],"wp:attachment":[{"href":"https:\/\/oenobrands.com\/fr\/wp-json\/wp\/v2\/media?parent=13918"}],"curies":[{"name":"wp","href":"https:\/\/api.w.org\/{rel}","templated":true}]}}