{"id":13906,"date":"2022-10-19T22:48:01","date_gmt":"2022-10-19T20:48:01","guid":{"rendered":"https:\/\/oenobrands.com\/produit\/derive-de-levure\/feel-safe\/natuferm-fruity\/"},"modified":"2025-06-13T21:41:45","modified_gmt":"2025-06-13T19:41:45","slug":"natuferm-fruity","status":"publish","type":"page","link":"https:\/\/oenobrands.com\/fr\/produit\/derive-de-levure\/feel-safe\/natuferm-fruity\/","title":{"rendered":"Natuferm Fruity"},"content":{"rendered":"\n<h1 class=\"wp-block-heading has-text-color\" style=\"color:#a50050\"><strong>Natuferm Fruity<\/strong><\/h1>\n\n\n\n<div style=\"height:30px\" aria-hidden=\"true\" class=\"wp-block-spacer\"><\/div>\n\n\n\n<h2 class=\"wp-block-heading has-medium-font-size\"><strong>POUR STIMULER LA FRUIT\u00c9 ET LA LONG\u00c9VIT\u00c9 AROMATIQUE<\/strong><\/h2>\n\n\n\n<div style=\"height:30px\" aria-hidden=\"true\" class=\"wp-block-spacer\"><\/div>\n\n\n\n<h3 class=\"wp-block-heading has-medium-font-size\"><strong>OBJECTIF<\/strong><\/h3>\n\n\n\n<p><strong>Natuferm<sup>\u00ae<\/sup> Fruity<\/strong> est une levure autolys\u00e9e, s\u00e9lectionn\u00e9e pour sa richesse en acides amin\u00e9s, pr\u00e9curseurs des ar\u00f4mes d&rsquo;esters produits lors de la fermentation alcoolique. La pr\u00e9sence d&rsquo;ergost\u00e9rol est \u00e9galement avantageuse, car les lipides sont n\u00e9cessaires aux levures pour prot\u00e9ger leur membrane et leur permettre de consommer des acides amin\u00e9s pour la production d&rsquo;esters. <\/p>\n\n\n\n<div style=\"height:50px\" aria-hidden=\"true\" class=\"wp-block-spacer\"><\/div>\n\n\n\n<div class=\"wp-block-columns is-layout-flex wp-container-core-columns-is-layout-9d6595d7 wp-block-columns-is-layout-flex\">\n<div class=\"wp-block-column is-layout-flow wp-block-column-is-layout-flow\" style=\"flex-basis:45%\">\n<h3 class=\"wp-block-heading has-text-color\" style=\"color:#a50050\"><strong>Propri\u00e9t\u00e9s<\/strong><\/h3>\n\n\n\n<p><strong>Natuferm Fruity<\/strong> est naturellement riche en acides amin\u00e9s, pr\u00e9curseurs d&rsquo;esters aux notes fruit\u00e9es. De plus, sa richesse en ergost\u00e9rol aide \u00e0 pr\u00e9server la fluidit\u00e9 et la viabilit\u00e9 des membranes des levures jusqu&rsquo;\u00e0 la fin de la fermentation, garantissant ainsi une bonne croissance des levures pour une production optimale d&rsquo;ar\u00f4mes. Selon la souche de levure utilis\u00e9e, il y a une tendance \u00e0 pr\u00e9server le PDMS, ce qui prolonge la dur\u00e9e de vie des ar\u00f4mes fruit\u00e9s et influence positivement les ar\u00f4mes de vieillissement qualitatifs des vins.  <\/p>\n\n\n\n<p><strong>Natuferm Fruity <\/strong>fournit des vitamines et de l&rsquo;azote organique, une forme efficace de YAN, pour assurer la fermentation. Une fermentation efficace, soutenue par <strong>Natuferm Fruity<\/strong>, \u00e9vite la formation d&rsquo;ar\u00f4mes r\u00e9ducteurs n\u00e9gatifs. <\/p>\n\n\n\n<div class=\"wp-block-columns is-layout-flex wp-container-core-columns-is-layout-9d6595d7 wp-block-columns-is-layout-flex\">\n<div class=\"wp-block-column is-vertically-aligned-center is-layout-flow wp-block-column-is-layout-flow\" style=\"flex-basis:25%\"><div class=\"wp-block-image is-style-default\">\n<figure class=\"aligncenter size-full\"><img loading=\"lazy\" decoding=\"async\" width=\"100\" height=\"99\" src=\"http:\/\/oenobrands.com\/wp-content\/uploads\/2023\/04\/Ease-of-use.jpg\" alt=\"Ease-of-use\" class=\"wp-image-2192\"\/><\/figure>\n<\/div><\/div>\n\n\n\n<div class=\"wp-block-column has-background is-layout-flow wp-block-column-is-layout-flow\" style=\"background-color:#c4bfb6;flex-basis:66.66%\">\n<p class=\"has-small-font-size\" style=\"font-style:normal;font-weight:500\">Les produits Oenobrands sont fabriqu\u00e9s \u00e0 partir de d\u00e9riv\u00e9s de levure s\u00e9lectionn\u00e9s et s\u00e9ch\u00e9s gr\u00e2ce \u00e0 une technologie exclusive. Cela garantit leur grande capacit\u00e9 \u00e0 se disperser rapidement et sans former de grumeaux. <\/p>\n<\/div>\n<\/div>\n\n\n\n<h3 class=\"wp-block-heading has-text-color\" style=\"color:#a50050\"><strong>Science et Technologie&nbsp;<\/strong><\/h3>\n\n\n\n<p>Voici les r\u00e9sultats du dosage des compos\u00e9s aromatiques (en unit\u00e9s d&rsquo;odeur) sur des vins de Syrah ferment\u00e9s avec et sans <strong>Natuferm Fruity<\/strong>, wavec une synth\u00e8se \u00e9lev\u00e9e d&rsquo;ac\u00e9tates.<\/p>\n\n\n\n<figure class=\"wp-block-image size-full is-style-zoooom\"><img alt=\"\" loading=\"lazy\" decoding=\"async\" width=\"654\" height=\"448\" src=\"http:\/\/oenobrands.com\/wp-content\/uploads\/2024\/10\/FR-Product-feel-safe-NATUFERM-FRUITY-1.png\" alt=\"\" class=\"wp-image-14233\" srcset=\"https:\/\/oenobrands.com\/wp-content\/uploads\/2024\/10\/FR-Product-feel-safe-NATUFERM-FRUITY-1.png 654w, https:\/\/oenobrands.com\/wp-content\/uploads\/2024\/10\/FR-Product-feel-safe-NATUFERM-FRUITY-1-300x206.png 300w\" sizes=\"auto, (max-width: 654px) 100vw, 654px\" \/><\/figure>\n\n\n\n<p><strong>Natuferm Fruity<\/strong> am\u00e9liore les ar\u00f4mes fruit\u00e9s et floraux. Il est tr\u00e8s int\u00e9ressant de constater la plus faible quantit\u00e9 de mol\u00e9cules masquant les ar\u00f4mes (alcool et acides gras). <strong>Natuferm Fruity<\/strong> appara\u00eet comme un amplificateur de la lib\u00e9ration d&rsquo;ar\u00f4mes, tant en quantit\u00e9 qu&rsquo;en qualit\u00e9. La fruit\u00e9 du vin avec <strong>Natuferm Fruity<\/strong> est sup\u00e9rieure de plus de 1 % par rapport au contr\u00f4le.  <\/p>\n\n\n\n<p>Le caract\u00e8re sensoriel du vin \u00e9labor\u00e9 avec <strong>Natuferm Fruity<\/strong> est am\u00e9lior\u00e9 lors de la d\u00e9gustation. Ce vin est pr\u00e9f\u00e9r\u00e9 en raison de la qualit\u00e9 des ar\u00f4mes de fruits rouges et des caract\u00e9ristiques vari\u00e9tales des vins de Syrah. Avec <strong>Natuferm Fruity, <\/strong>le vin est moins amer et plus frais, offrant ainsi une meilleure expression aromatique.  <\/p>\n<\/div>\n\n\n\n<div class=\"wp-block-column is-layout-flow wp-block-column-is-layout-flow\" style=\"flex-basis:6%\"><\/div>\n\n\n\n<div class=\"wp-block-column has-background is-layout-flow wp-block-column-is-layout-flow\" style=\"background-color:#f7f7f7;flex-basis:45%\">\n<div class=\"wp-block-columns is-layout-flex wp-container-core-columns-is-layout-9d6595d7 wp-block-columns-is-layout-flex\">\n<div class=\"wp-block-column is-vertically-aligned-top is-layout-flow wp-block-column-is-layout-flow\"><div class=\"wp-block-image\">\n<figure class=\"aligncenter size-full\"><img loading=\"lazy\" decoding=\"async\" width=\"350\" height=\"151\" src=\"http:\/\/oenobrands.com\/wp-content\/uploads\/2023\/05\/Feel-Safe-yeast-derivate-derive-levure-Natuferm-Fruity-simple-1-e1683574925140.png\" alt=\"Feel-Safe-yeast-derivate-derive-levure-Natuferm-Fruity-simple\" class=\"wp-image-3925\" srcset=\"https:\/\/oenobrands.com\/wp-content\/uploads\/2023\/05\/Feel-Safe-yeast-derivate-derive-levure-Natuferm-Fruity-simple-1-e1683574925140.png 350w, https:\/\/oenobrands.com\/wp-content\/uploads\/2023\/05\/Feel-Safe-yeast-derivate-derive-levure-Natuferm-Fruity-simple-1-e1683574925140-300x129.png 300w\" sizes=\"auto, (max-width: 350px) 100vw, 350px\" \/><\/figure>\n<\/div><\/div>\n<\/div>\n\n\n\n<div style=\"height:40px\" aria-hidden=\"true\" class=\"wp-block-spacer\"><\/div>\n\n\n\n<div class=\"wp-block-group\"><div class=\"wp-block-group__inner-container is-layout-constrained wp-block-group-is-layout-constrained\">\n<p class=\"has-text-align-center\"><strong>T\u00c9L\u00c9CHARGER LA FICHE D&rsquo;APPLICATION<\/strong><\/p>\n\n\n\n<div class=\"wp-block-columns is-not-stacked-on-mobile is-layout-flex wp-container-core-columns-is-layout-9d6595d7 wp-block-columns-is-layout-flex\">\n<div class=\"wp-block-column is-layout-flow wp-block-column-is-layout-flow\">\n<figure class=\"wp-block-image size-full\"><a href=\"https:\/\/oenobrands.com\/wp-content\/uploads\/2024\/07\/ADS-A4-Natuferm-Fruity-EN-2022_G_03.pdf\" target=\"_blank\" rel=\"noreferrer noopener\"><img loading=\"lazy\" decoding=\"async\" width=\"180\" height=\"94\" src=\"http:\/\/oenobrands.com\/wp-content\/uploads\/2023\/04\/flag-united-states-english-american.png\" alt=\"flag-united-states-english-american\" class=\"wp-image-2510\"\/><\/a><\/figure>\n<\/div>\n\n\n\n<div class=\"wp-block-column is-layout-flow wp-block-column-is-layout-flow\">\n<figure class=\"wp-block-image size-full\"><a href=\"https:\/\/oenobrands.com\/wp-content\/uploads\/2024\/07\/ADS-A4-Natuferm-Fruity-FR_2022_G_01.pdf\" target=\"_blank\" rel=\"noreferrer noopener\"><img loading=\"lazy\" decoding=\"async\" width=\"180\" height=\"94\" src=\"http:\/\/oenobrands.com\/wp-content\/uploads\/2023\/04\/drapeau-francais-france.png\" alt=\"drapeau flag francais france\" class=\"wp-image-2508\"\/><\/a><\/figure>\n<\/div>\n\n\n\n<div class=\"wp-block-column is-layout-flow wp-block-column-is-layout-flow\">\n<figure class=\"wp-block-image size-full\"><a href=\"https:\/\/oenobrands.com\/wp-content\/uploads\/2024\/07\/ADS-A4-Natuferm-Fruity-ES-2022_G_01.pdf\" target=\"_blank\" rel=\"noreferrer noopener\"><img loading=\"lazy\" decoding=\"async\" width=\"180\" height=\"94\" src=\"http:\/\/oenobrands.com\/wp-content\/uploads\/2023\/04\/bandiera-spagnola-spagna.png\" alt=\"drapeau flag bandiera spagnola spagna\" class=\"wp-image-2506\"\/><\/a><\/figure>\n<\/div>\n\n\n\n<div class=\"wp-block-column is-layout-flow wp-block-column-is-layout-flow\">\n<figure class=\"wp-block-image size-full\"><a href=\"https:\/\/oenobrands.com\/wp-content\/uploads\/2024\/07\/ADS-A4-Natuferm-Fruity-IT-2022_Corimpex_G_01.pdf\" target=\"_blank\" rel=\"noreferrer noopener\"><img loading=\"lazy\" decoding=\"async\" width=\"180\" height=\"94\" src=\"http:\/\/oenobrands.com\/wp-content\/uploads\/2023\/04\/bandiera-italiana-italy.png\" alt=\"drapeau flag bandiera italiana italy\" class=\"wp-image-2512\"\/><\/a><\/figure>\n<\/div>\n\n\n\n<div class=\"wp-block-column is-layout-flow wp-block-column-is-layout-flow\">\n<figure class=\"wp-block-image size-full\"><a href=\"https:\/\/oenobrands.com\/wp-content\/uploads\/2024\/07\/ADS-A4-Natuferm-Fruity-PT-2022_Freitas_G_01.pdf\" target=\"_blank\" rel=\"noreferrer noopener\"><img loading=\"lazy\" decoding=\"async\" width=\"180\" height=\"94\" src=\"http:\/\/oenobrands.com\/wp-content\/uploads\/2024\/05\/Flag-drapeau-Portugal.png\" alt=\"Flag-drapeau-Portugal\" class=\"wp-image-7139\"\/><\/a><\/figure>\n<\/div>\n\n\n\n<div class=\"wp-block-column is-layout-flow wp-block-column-is-layout-flow\">\n<figure class=\"wp-block-image size-full\"><a href=\"https:\/\/oenobrands.com\/wp-content\/uploads\/2024\/07\/ADS-A4-Natuferm-Fruity-ALL_2022_G_01.pdf\" target=\"_blank\" rel=\"noreferrer noopener\"><img loading=\"lazy\" decoding=\"async\" width=\"180\" height=\"94\" src=\"http:\/\/oenobrands.com\/wp-content\/uploads\/2023\/05\/Flagge-Deutschland.png\" alt=\"Flagge-Deutschland\" class=\"wp-image-3550\"\/><\/a><\/figure>\n<\/div>\n<\/div>\n\n\n\n<div class=\"wp-block-columns is-not-stacked-on-mobile is-layout-flex wp-container-core-columns-is-layout-9d6595d7 wp-block-columns-is-layout-flex\">\n<div class=\"wp-block-column is-layout-flow wp-block-column-is-layout-flow\">\n<figure class=\"wp-block-image size-full\"><a href=\"https:\/\/oenobrands.com\/wp-content\/uploads\/2024\/07\/ADS-A4-Natuferm-Fruity-RO-2022.pdf\" target=\"_blank\" rel=\"noreferrer noopener\"><img loading=\"lazy\" decoding=\"async\" width=\"180\" height=\"94\" src=\"http:\/\/oenobrands.com\/wp-content\/uploads\/2024\/05\/Flag-drapeau-Roumanie.png\" alt=\"Flag-drapeau-Roumanie\" class=\"wp-image-7145\"\/><\/a><\/figure>\n<\/div>\n\n\n\n<div class=\"wp-block-column is-layout-flow wp-block-column-is-layout-flow\">\n<figure class=\"wp-block-image size-full\"><a href=\"https:\/\/oenobrands.com\/wp-content\/uploads\/2024\/07\/ADS-A4-Natuferm-Fruity-CZ_2022_Biopro_G_01.pdf\" target=\"_blank\" rel=\"noreferrer noopener\"><img loading=\"lazy\" decoding=\"async\" width=\"180\" height=\"94\" src=\"http:\/\/oenobrands.com\/wp-content\/uploads\/2023\/05\/Flag-vlajka-Czech-Republic.png\" alt=\"Flag-vlajka-Czech-Republic-drapeau\" class=\"wp-image-3548\"\/><\/a><\/figure>\n<\/div>\n\n\n\n<div class=\"wp-block-column is-layout-flow wp-block-column-is-layout-flow\">\n<figure class=\"wp-block-image size-full\"><a href=\"https:\/\/oenobrands.com\/wp-content\/uploads\/2024\/07\/ADS-A4-Natuferm-Fruity-BUL-2022.pdf\" target=\"_blank\" rel=\"noreferrer noopener\"><img alt=\"\" loading=\"lazy\" decoding=\"async\" width=\"180\" height=\"94\" src=\"http:\/\/oenobrands.com\/wp-content\/uploads\/2024\/05\/flag-drapeau-bulgarie.png\" alt=\"\" class=\"wp-image-7141\"\/><\/a><\/figure>\n<\/div>\n\n\n\n<div class=\"wp-block-column is-layout-flow wp-block-column-is-layout-flow\"><\/div>\n\n\n\n<div class=\"wp-block-column is-layout-flow wp-block-column-is-layout-flow\"><\/div>\n\n\n\n<div class=\"wp-block-column is-layout-flow wp-block-column-is-layout-flow\"><\/div>\n<\/div>\n<\/div><\/div>\n\n\n\n<hr class=\"wp-block-separator has-text-color has-alpha-channel-opacity has-background\" style=\"background-color:#162638;color:#162638\"\/>\n\n\n\n<div class=\"wp-block-buttons is-content-justification-center is-layout-flex wp-container-core-buttons-is-layout-16018d1d wp-block-buttons-is-layout-flex\">\n<div class=\"wp-block-button\"><a class=\"wp-block-button__link has-white-color has-text-color has-background has-text-align-center wp-element-button\" href=\"https:\/\/oenobrands.com\/fr\/notre-reseau-de-distributeurs\/\" style=\"background-color:#162638\" target=\"_blank\" rel=\"noreferrer noopener\">Votre distributeur<\/a><\/div>\n<\/div>\n\n\n\n<hr class=\"wp-block-separator has-text-color has-alpha-channel-opacity has-background\" style=\"background-color:#162638;color:#162638\"\/>\n\n\n\n<h3 class=\"wp-block-heading\"><strong>Dose<\/strong><\/h3>\n\n\n\n<p>&#8211; Dose: 20-40 g\/hL<\/p>\n\n\n\n<p>&#8211; \u00c0 ajouter au d\u00e9but de la fermentation alcoolique lors de l&rsquo;inoculation du mo\u00fbt avec la levure. Le sel d&rsquo;ammonium (azote inorganique) ne peut \u00eatre ajout\u00e9 que lorsque la densit\u00e9 est inf\u00e9rieure \u00e0 1060. <\/p>\n\n\n\n<h3 class=\"wp-block-heading\"><strong>Utilisation<\/strong><\/h3>\n\n\n\n<p>Suspendre<strong> Natuferm Fruity<\/strong> dans 10 fois son poids dans du mo\u00fbt.<\/p>\n\n\n\n<h3 class=\"wp-block-heading\"><strong>Composition<\/strong><\/h3>\n\n\n\n<p><strong>Natuferm Fruity<\/strong> contient 100 % d&rsquo;un autolysat de levure <em>Saccharomyces cerevisiae.<\/em><\/p>\n\n\n\n<h3 class=\"wp-block-heading\"><strong><strong>Conditionnement<\/strong><\/strong><\/h3>\n\n\n\n<p>&#8211; 1 Kg: sachets herm\u00e9tiques, lamin\u00e9s multicouches<\/p>\n\n\n\n<p>&#8211; 10 Kg: sachet en aluminium dans une bo\u00eete en carton<\/p>\n\n\n\n<h3 class=\"wp-block-heading\"><strong>Conservation<\/strong><\/h3>\n\n\n\n<p>\u00c0 conserver dans un endroit frais et sec (5-15 \u00b0C).<\/p>\n<\/div>\n<\/div>\n\n\n\n<div class=\"wp-block-group\"><div class=\"wp-block-group__inner-container is-layout-constrained wp-block-group-is-layout-constrained\">\n<div style=\"height:30px\" aria-hidden=\"true\" class=\"wp-block-spacer\"><\/div>\n\n\n\n<hr class=\"wp-block-separator has-text-color has-black-color has-alpha-channel-opacity has-black-background-color has-background\"\/>\n<\/div><\/div>\n\n\n\n<div class=\"wp-block-columns is-layout-flex wp-container-core-columns-is-layout-9d6595d7 wp-block-columns-is-layout-flex\">\n<div class=\"wp-block-column is-layout-flow wp-block-column-is-layout-flow\">\n<div class=\"wp-block-group\"><div class=\"wp-block-group__inner-container is-layout-constrained wp-block-group-is-layout-constrained\">\n<h2 class=\"wp-block-heading\"><strong><strong>Explorez les solutions associ\u00e9es :<\/strong><\/strong><\/h2>\n\n\n\n<div style=\"height:30px\" aria-hidden=\"true\" class=\"wp-block-spacer\"><\/div>\n\n\n\n<p><strong>Vous recherchez une approche plus holistique de la vinification ?<\/strong> D\u00e9couvrez nos solutions \u0153nologiques avanc\u00e9es en lien avec <strong>Natuferm Fruity.<\/strong><\/p>\n\n\n\n<div style=\"height:30px\" aria-hidden=\"true\" class=\"wp-block-spacer\"><\/div>\n\n\n\n<div class=\"wp-block-columns are-vertically-aligned-center is-layout-flex wp-container-core-columns-is-layout-9d6595d7 wp-block-columns-is-layout-flex\">\n<div class=\"wp-block-column is-vertically-aligned-center is-layout-flow wp-block-column-is-layout-flow\" style=\"flex-basis:100%\">\n<div class=\"wp-block-buttons is-content-justification-center is-layout-flex wp-container-core-buttons-is-layout-16018d1d wp-block-buttons-is-layout-flex\">\n<div class=\"wp-block-button is-style-fill\"><a class=\"wp-block-button__link wp-element-button\" href=\"https:\/\/oenobrands.com\/fr\/solution\/fermentation-alcoolique\/nutrition-des-levures\/\" target=\"_blank\" rel=\"noreferrer noopener\">Nutrition des levures<\/a><\/div>\n\n\n\n<div class=\"wp-block-button is-style-fill\"><a class=\"wp-block-button__link wp-element-button\" href=\"https:\/\/oenobrands.com\/fr\/solution\/fermentation-alcoolique\/gestion-de-la-fermentation\/\">Gestion de la fermentation<\/a><\/div>\n\n\n\n<div class=\"wp-block-button is-style-fill\"><a class=\"wp-block-button__link wp-element-button\" href=\"https:\/\/oenobrands.com\/fr\/solution\/aromes-du-vin\/composes-aromatiques-cles\/\">Compos\u00e9s aromatiques<\/a><\/div>\n\n\n\n<div class=\"wp-block-button is-style-fill\"><a class=\"wp-block-button__link wp-element-button\" href=\"https:\/\/oenobrands.com\/fr\/solution\/aromes-du-vin\/modulation-des-aromes\/\">Modulation des ar\u00f4mes<\/a><\/div>\n<\/div>\n<\/div>\n<\/div>\n<\/div><\/div>\n\n\n\n<div style=\"height:30px\" aria-hidden=\"true\" class=\"wp-block-spacer\"><\/div>\n<\/div>\n\n\n\n<div class=\"wp-block-column is-layout-flow wp-block-column-is-layout-flow\">\n<h2 class=\"wp-block-heading\"><strong>Vous cherchez quelque chose d&rsquo;autre ?<\/strong><\/h2>\n\n\n\n<div style=\"height:30px\" aria-hidden=\"true\" class=\"wp-block-spacer\"><\/div>\n\n\n\n<p>Visitez notre section \u00ab Solution \u00bb, o\u00f9 nous proposons des conseils d&rsquo;experts, des connaissances populaires et des approches novatrices organis\u00e9es par processus de vinification. <strong>De la fermentation \u00e0 la filtration\/mise en bouteille, nous vous accompagnons avec des solutions pour am\u00e9liorer chaque \u00e9tape de votre processus de vinification.<\/strong><\/p>\n\n\n\n<div style=\"height:30px\" aria-hidden=\"true\" class=\"wp-block-spacer\"><\/div>\n\n\n\n<div class=\"wp-block-columns are-vertically-aligned-center is-layout-flex wp-container-core-columns-is-layout-9d6595d7 wp-block-columns-is-layout-flex\">\n<div class=\"wp-block-column is-vertically-aligned-center is-layout-flow wp-block-column-is-layout-flow\" style=\"flex-basis:100%\">\n<div class=\"wp-block-buttons is-content-justification-center is-layout-flex wp-container-core-buttons-is-layout-16018d1d wp-block-buttons-is-layout-flex\">\n<div class=\"wp-block-button is-style-fill\"><a class=\"wp-block-button__link wp-element-button\" href=\"https:\/\/oenobrands.com\/fr\/solution\/\">Nos solutions<\/a><\/div>\n<\/div>\n<\/div>\n<\/div>\n<\/div>\n<\/div>\n\n\n\n<hr class=\"wp-block-separator has-text-color has-black-color has-alpha-channel-opacity has-black-background-color has-background\"\/>\n\n\n\n<div style=\"height:30px\" aria-hidden=\"true\" class=\"wp-block-spacer\"><\/div>\n\n\n\n<div class=\"wp-block-columns is-layout-flex wp-container-core-columns-is-layout-9d6595d7 wp-block-columns-is-layout-flex\">\n<div class=\"wp-block-column is-vertically-aligned-center is-layout-flow wp-block-column-is-layout-flow\" style=\"flex-basis:30%\">\n<h1 class=\"wp-block-heading has-text-color\" style=\"color:#aca39a\">D\u00e9couvrez la gamme feel SAFE!<\/h1>\n\n\n\n<div style=\"height:20px\" aria-hidden=\"true\" class=\"wp-block-spacer\"><\/div>\n\n\n\n<div class=\"wp-block-buttons is-content-justification-center is-layout-flex wp-container-core-buttons-is-layout-16018d1d wp-block-buttons-is-layout-flex\">\n<div class=\"wp-block-button\"><a class=\"wp-block-button__link has-background wp-element-button\" href=\"https:\/\/oenobrands.com\/fr\/produit\/derive-de-levure\/feel-safe\/\" style=\"background-color:#545859\" target=\"_blank\" rel=\"noreferrer noopener\">feel SAFE!<\/a><\/div>\n<\/div>\n<\/div>\n\n\n\n<div class=\"wp-block-column is-layout-flow wp-block-column-is-layout-flow\" style=\"flex-basis:10%\"><\/div>\n\n\n\n<div class=\"wp-block-column is-layout-flow wp-block-column-is-layout-flow\"><div class=\"wp-block-image\">\n<figure class=\"aligncenter size-full is-resized\"><img loading=\"lazy\" decoding=\"async\" width=\"729\" height=\"342\" src=\"http:\/\/oenobrands.com\/wp-content\/uploads\/2024\/05\/Feel-Safe__2022-no-font.png\" alt=\"Feel-Safe_yeast derivates\" class=\"wp-image-7450\" style=\"width:350px\" srcset=\"https:\/\/oenobrands.com\/wp-content\/uploads\/2024\/05\/Feel-Safe__2022-no-font.png 729w, https:\/\/oenobrands.com\/wp-content\/uploads\/2024\/05\/Feel-Safe__2022-no-font-300x141.png 300w\" sizes=\"auto, (max-width: 729px) 100vw, 729px\" \/><\/figure>\n<\/div><\/div>\n<\/div>\n\n\n\n<div style=\"height:50px\" aria-hidden=\"true\" class=\"wp-block-spacer\"><\/div>\n","protected":false},"excerpt":{"rendered":"<p>Natuferm Fruity POUR STIMULER LA FRUIT\u00c9 ET LA LONG\u00c9VIT\u00c9 AROMATIQUE OBJECTIF Natuferm\u00ae Fruity est [&hellip;]<\/p>\n","protected":false},"author":3,"featured_media":0,"parent":13903,"menu_order":2,"comment_status":"closed","ping_status":"closed","template":"page-product.php","meta":{"_acf_changed":false,"_seopress_robots_primary_cat":"0","_seopress_titles_title":"","_seopress_titles_desc":"","_seopress_robots_index":"","footnotes":""},"class_list":["post-13906","page","type-page","status-publish"],"acf":[],"_links":{"self":[{"href":"https:\/\/oenobrands.com\/fr\/wp-json\/wp\/v2\/pages\/13906","targetHints":{"allow":["GET"]}}],"collection":[{"href":"https:\/\/oenobrands.com\/fr\/wp-json\/wp\/v2\/pages"}],"about":[{"href":"https:\/\/oenobrands.com\/fr\/wp-json\/wp\/v2\/types\/page"}],"author":[{"embeddable":true,"href":"https:\/\/oenobrands.com\/fr\/wp-json\/wp\/v2\/users\/3"}],"replies":[{"embeddable":true,"href":"https:\/\/oenobrands.com\/fr\/wp-json\/wp\/v2\/comments?post=13906"}],"version-history":[{"count":0,"href":"https:\/\/oenobrands.com\/fr\/wp-json\/wp\/v2\/pages\/13906\/revisions"}],"up":[{"embeddable":true,"href":"https:\/\/oenobrands.com\/fr\/wp-json\/wp\/v2\/pages\/13903"}],"wp:attachment":[{"href":"https:\/\/oenobrands.com\/fr\/wp-json\/wp\/v2\/media?parent=13906"}],"curies":[{"name":"wp","href":"https:\/\/api.w.org\/{rel}","templated":true}]}}