{"id":13903,"date":"2022-10-19T22:00:14","date_gmt":"2022-10-19T20:00:14","guid":{"rendered":"https:\/\/oenobrands.com\/produit\/derive-de-levure\/feel-safe\/"},"modified":"2025-06-13T23:20:41","modified_gmt":"2025-06-13T21:20:41","slug":"feel-safe","status":"publish","type":"page","link":"https:\/\/oenobrands.com\/fr\/produit\/derive-de-levure\/feel-safe\/","title":{"rendered":"feel SAFE!"},"content":{"rendered":"\n<div style=\"height:50px\" aria-hidden=\"true\" class=\"wp-block-spacer\"><\/div>\n<div class=\"wp-block-image\">\n<figure class=\"aligncenter size-large is-resized\"><img alt=\"\" loading=\"lazy\" decoding=\"async\" width=\"1024\" height=\"175\" src=\"https:\/\/oenobrands.com\/wp-content\/uploads\/2024\/03\/bandeau-feel-safe-1024x175.png\" alt=\"\" class=\"wp-image-6215\" style=\"width:621px;height:auto\" srcset=\"https:\/\/oenobrands.com\/wp-content\/uploads\/2024\/03\/bandeau-feel-safe-1024x175.png 1024w, https:\/\/oenobrands.com\/wp-content\/uploads\/2024\/03\/bandeau-feel-safe-300x51.png 300w, https:\/\/oenobrands.com\/wp-content\/uploads\/2024\/03\/bandeau-feel-safe-768x131.png 768w, https:\/\/oenobrands.com\/wp-content\/uploads\/2024\/03\/bandeau-feel-safe.png 1140w\" sizes=\"auto, (max-width: 1024px) 100vw, 1024px\" \/><\/figure>\n<\/div>\n<div style=\"height:50px\" aria-hidden=\"true\" class=\"wp-block-spacer\"><\/div>\n\n<h2 class=\"wp-block-heading\"><strong>Quelle est la signification de ce nom ?<\/strong><\/h2>\n\n<p>Tous nos nutriments sont d\u00e9sormais regroup\u00e9s sous une seule et m\u00eame marque appel\u00e9e \u201cfeel SAFE\u201d, illustr\u00e9e par une abeille.<\/p>\n\n<div class=\"wp-block-media-text alignwide is-stacked-on-mobile\" style=\"grid-template-columns:18% auto\"><figure class=\"wp-block-media-text__media\"><img loading=\"lazy\" decoding=\"async\" width=\"300\" height=\"359\" src=\"http:\/\/oenobrands.com\/wp-content\/uploads\/2023\/04\/Oenobrands-Feel-SAFE-logo-1-e1683664053925.png\" alt=\"Oenobrands feel SAFE logo\" class=\"wp-image-2451 size-full\" srcset=\"https:\/\/oenobrands.com\/wp-content\/uploads\/2023\/04\/Oenobrands-Feel-SAFE-logo-1-e1683664053925.png 300w, https:\/\/oenobrands.com\/wp-content\/uploads\/2023\/04\/Oenobrands-Feel-SAFE-logo-1-e1683664053925-251x300.png 251w\" sizes=\"auto, (max-width: 300px) 100vw, 300px\" \/><\/figure><div class=\"wp-block-media-text__content\">\n<p>Nous avons choisi d&rsquo;illustrer cette gamme avec une abeille comme image. Cela peut sembler un peu provocateur, car vous pourriez penser que les abeilles sont agressives. Oui, elles peuvent l&rsquo;\u00eatre, mais seulement si elles sont d\u00e9rang\u00e9es. Cependant,<strong> saviez-vous que les abeilles sont essentielles \u00e0 notre survie ?<\/strong> Elles assurent la pollinisation de 80 % des plantes et contribuent \u00e0 la production de plus d&rsquo;un tiers de l&rsquo;alimentation humaine.   <\/p>\n\n\n\n<p>Chaque abeille dans la ruche a un r\u00f4le sp\u00e9cifique et l&rsquo;accomplit d&rsquo;une certaine mani\u00e8re, mais elles travaillent toutes ensemble en \u00e9quipe.<\/p>\n\n\n\n<p><strong>C&rsquo;est ce que nous voulons exprimer avec cette gamme \u201cfeel SAFE\u201d. <\/strong>Ces produits sont comme une colonie d&rsquo;abeilles ; ils sont sp\u00e9cialement formul\u00e9s pour une performance d\u00e9di\u00e9e, et ensemble, ils soutiennent la vie et la qualit\u00e9 en nourrissant les levures et en prot\u00e9geant la qualit\u00e9 du vin, tout comme une colonie d&rsquo;abeilles prot\u00e8ge la ruche. <\/p>\n<\/div><\/div>\n\n<div style=\"height:50px\" aria-hidden=\"true\" class=\"wp-block-spacer\"><\/div>\n\n<h2 class=\"wp-block-heading\"><strong>Facilit\u00e9 d&rsquo;utilisation<\/strong><\/h2>\n\n<div style=\"height:30px\" aria-hidden=\"true\" class=\"wp-block-spacer\"><\/div>\n\n<div class=\"wp-block-columns is-layout-flex wp-container-core-columns-is-layout-9d6595d7 wp-block-columns-is-layout-flex\">\n<div class=\"wp-block-column is-layout-flow wp-block-column-is-layout-flow\" style=\"flex-basis:66.66%\">\n<p><strong>Nos d\u00e9riv\u00e9s de levure sont sp\u00e9cialement con\u00e7us pour \u00eatre faciles \u00e0 utiliser dans les conditions r\u00e9elles de vinification<\/strong><\/p>\n\n\n\n<p>Oenobrands formule ses produits \u00e0 partir de d\u00e9riv\u00e9s de levures s\u00e9ch\u00e9s \u00e0 l&rsquo;aide de technologies sp\u00e9cifiques. <strong>Cela permet une dispersion compl\u00e8te en quelques secondes<\/strong> sans formation de grumeaux.<\/p>\n<\/div>\n\n\n\n<div class=\"wp-block-column is-layout-flow wp-block-column-is-layout-flow\" style=\"flex-basis:33.33%\"><div class=\"wp-block-image\">\n<figure class=\"aligncenter size-full\"><img loading=\"lazy\" decoding=\"async\" width=\"100\" height=\"99\" src=\"http:\/\/oenobrands.com\/wp-content\/uploads\/2023\/04\/Ease-of-use.jpg\" alt=\"Ease-of-use\" class=\"wp-image-2192\"\/><\/figure>\n<\/div><\/div>\n<\/div>\n\n<div style=\"height:50px\" aria-hidden=\"true\" class=\"wp-block-spacer\"><\/div>\n\n<h2 class=\"wp-block-heading\"><strong>Portefeuille Feel SAFE<\/strong><\/h2>\n\n<div style=\"height:30px\" aria-hidden=\"true\" class=\"wp-block-spacer\"><\/div>\n\n<p><strong>Nos d\u00e9riv\u00e9s de levure feel SAFE!<sup>\u00ae<\/sup> <\/strong>sont bas\u00e9s sur des ingr\u00e9dients premium, formul\u00e9s sp\u00e9cifiquement par notre \u00e9quipe de d\u00e9veloppement de d\u00e9riv\u00e9s de levure pour des applications d\u00e9di\u00e9es.<\/p>\n\n<div style=\"height:30px\" aria-hidden=\"true\" class=\"wp-block-spacer\"><\/div>\n\n<h3 class=\"wp-block-heading\"><strong>L&rsquo;ombrelle feel SAFE comprend trois gammes :<\/strong><\/h3>\n\n<div class=\"wp-block-columns is-layout-flex wp-container-core-columns-is-layout-9d6595d7 wp-block-columns-is-layout-flex\">\n<div class=\"wp-block-column is-layout-flow wp-block-column-is-layout-flow\">\n<h2 class=\"wp-block-heading has-text-align-center has-white-color has-text-color has-background\" style=\"background-color:#c4bfb6;font-style:normal;font-weight:700;text-transform:none\"><strong>Natuferm<\/strong><\/h2>\n\n\n\n<div style=\"height:30px\" aria-hidden=\"true\" class=\"wp-block-spacer\"><\/div>\n\n\n\n<p class=\"has-text-align-center has-black-color has-text-color\">Des produits \u00e0 base de levures autolys\u00e9es avec des nutriments organiques simples tels que <strong><a href=\"https:\/\/oenobrands.com\/product\/yeast-derivate\/feel-safe\/natuferm-pure\/\"><u>PURE<\/u><\/a><\/strong> et des r\u00e9hausseurs d&rsquo;ar\u00f4mes, comme <strong><a href=\"https:\/\/oenobrands.com\/product\/yeast-derivate\/feel-safe\/natuferm-bright\/\"><u>BRIGHT<\/u><\/a><\/strong>, <strong><a href=\"https:\/\/oenobrands.com\/product\/yeast-derivate\/feel-safe\/natuferm-fruity\/\"><u>FRUITY <\/u><\/a><\/strong> <strong><a href=\"https:\/\/oenobrands.com\/product\/yeast-derivate\/feel-safe\/natuferm-intense\/\"><u>INTENSE<\/u><\/a><\/strong>.<\/p>\n<\/div>\n\n\n\n<div class=\"wp-block-column is-layout-flow wp-block-column-is-layout-flow\" style=\"flex-basis:0\">\n<div class=\"wp-block-columns is-layout-flex wp-container-core-columns-is-layout-9d6595d7 wp-block-columns-is-layout-flex\">\n<div class=\"wp-block-column is-layout-flow wp-block-column-is-layout-flow\" style=\"flex-basis:0\"><\/div>\n<\/div>\n<\/div>\n\n\n\n<div class=\"wp-block-column is-layout-flow wp-block-column-is-layout-flow\">\n<h2 class=\"wp-block-heading has-text-align-center has-white-color has-text-color has-background\" style=\"background-color:#c4bfb6;font-style:normal;font-weight:700\"><strong>Extraferm<\/strong><\/h2>\n\n\n\n<div style=\"height:30px\" aria-hidden=\"true\" class=\"wp-block-spacer\"><\/div>\n\n\n\n<p class=\"has-text-align-center\">Cette gamme inclut tout ce dont le vin a besoin pour \u00eatre prot\u00e9g\u00e9, y compris le nettoyage avec <a href=\"https:\/\/oenobrands.com\/product\/yeast-derivate\/feel-safe\/extraferm-dtox\/\"><strong><u>D\u2019tox<\/u><\/strong> <\/a>et la protection contre l&rsquo;oxydation pour les vins blancs et ros\u00e9s avec <strong><a href=\"https:\/\/oenobrands.com\/product\/yeast-derivate\/feel-safe\/extraferm-dfend\/\"><u>D\u2019fend<\/u><\/a><\/strong>.<\/p>\n<\/div>\n\n\n\n<div class=\"wp-block-column is-layout-flow wp-block-column-is-layout-flow\" style=\"flex-basis:0\"><\/div>\n\n\n\n<div class=\"wp-block-column is-layout-flow wp-block-column-is-layout-flow\">\n<h2 class=\"wp-block-heading has-text-align-center has-white-color has-text-color has-background\" style=\"background-color:#c4bfb6;font-style:normal;font-weight:700\"><strong>Maxaferm<\/strong><\/h2>\n\n\n\n<div style=\"height:30px\" aria-hidden=\"true\" class=\"wp-block-spacer\"><\/div>\n\n\n\n<p class=\"has-text-align-center\">Des produits complets pour soutenir efficacement la croissance des levures pendant la fermentation alcoolique (comme le nutriment inorganique <a href=\"https:\/\/oenobrands.com\/product\/yeast-derivate\/feel-safe\/maxaferm\/\"><u><strong>Maxaferm<\/strong><\/u><\/a>), ainsi que la croissance d\u2019<em>O. oeni<\/em> pour une fermentation malolactique s\u00e9quentielle, comme <a href=\"https:\/\/oenobrands.com\/product\/yeast-derivate\/feel-safe\/maxaferm-ml-force\/\"><strong>Maxaferm ML Force<\/strong><\/a>.<\/p>\n<\/div>\n<\/div>\n\n<div style=\"height:30px\" aria-hidden=\"true\" class=\"wp-block-spacer\"><\/div>\n\n<h3 class=\"wp-block-heading\"><strong>Voici un tableau pour mieux comprendre notre portefeuille feel SAFE :<\/strong><\/h3>\n\n<figure class=\"wp-block-table is-style-stripes\"><table class=\"has-fixed-layout\"><thead><tr><th><\/th><th class=\"has-text-align-center\" data-align=\"center\">Application<\/th><th class=\"has-text-align-center\" data-align=\"center\">NUTRITION<\/th><th class=\"has-text-align-center\" data-align=\"center\">VALORISATION DES AR\u00d4MES<\/th><th class=\"has-text-align-center\" data-align=\"center\">D\u00c9TOXIFICATION<\/th><th class=\"has-text-align-center\" data-align=\"center\">PROTECTION<\/th><\/tr><\/thead><tbody><tr><td><mark style=\"background-color:rgba(0, 0, 0, 0);color:#ff9e1b\" class=\"has-inline-color\"><strong>Maxaferm<\/strong><\/mark><\/td><td class=\"has-text-align-center\" data-align=\"center\">Tout vin<\/td><td class=\"has-text-align-center\" data-align=\"center\">Levures<\/td><td class=\"has-text-align-center\" data-align=\"center\"><\/td><td class=\"has-text-align-center\" data-align=\"center\"><\/td><td class=\"has-text-align-center\" data-align=\"center\"><\/td><\/tr><tr><td><mark style=\"background-color:rgba(0, 0, 0, 0);color:#7f7d5a\" class=\"has-inline-color\"><strong>Maxaferm <br\/>ML Force<\/strong><\/mark><\/td><td class=\"has-text-align-center\" data-align=\"center\">Tout vin<\/td><td class=\"has-text-align-center\" data-align=\"center\">Bact\u00e9ries<\/td><td class=\"has-text-align-center\" data-align=\"center\"><\/td><td class=\"has-text-align-center\" data-align=\"center\"><\/td><td class=\"has-text-align-center\" data-align=\"center\"><\/td><\/tr><tr><td><mark style=\"background-color:rgba(0, 0, 0, 0);color:#00b5e2\" class=\"has-inline-color\"><strong>Natuferm<\/strong><\/mark> <mark style=\"background-color:rgba(0, 0, 0, 0);color:#00b5e2\" class=\"has-inline-color\"><strong>PURE<\/strong><\/mark><\/td><td class=\"has-text-align-center\" data-align=\"center\">Tout vin<\/td><td class=\"has-text-align-center\" data-align=\"center\">Levures<\/td><td class=\"has-text-align-center\" data-align=\"center\"><\/td><td class=\"has-text-align-center\" data-align=\"center\"><\/td><td class=\"has-text-align-center\" data-align=\"center\"><\/td><\/tr><tr><td><mark style=\"background-color:rgba(0, 0, 0, 0);color:#bfb800\" class=\"has-inline-color\"><strong>Natuferm<\/strong><\/mark> <mark style=\"background-color:rgba(0, 0, 0, 0);color:#bfb800\" class=\"has-inline-color\"><strong>BRIGHT<\/strong><\/mark><\/td><td class=\"has-text-align-center\" data-align=\"center\">Blancs et ros\u00e9s<\/td><td class=\"has-text-align-center\" data-align=\"center\"><\/td><td class=\"has-text-align-center\" data-align=\"center\">\u2713<\/td><td class=\"has-text-align-center\" data-align=\"center\"><\/td><td class=\"has-text-align-center\" data-align=\"center\"><\/td><\/tr><tr><td><mark style=\"background-color:rgba(0, 0, 0, 0);color:#a50050\" class=\"has-inline-color\"><strong>Natuferm<\/strong><\/mark> <mark style=\"background-color:rgba(0, 0, 0, 0);color:#a50050\" class=\"has-inline-color\"><strong>FRUITY<\/strong><\/mark><\/td><td class=\"has-text-align-center\" data-align=\"center\">Vins rouges<\/td><td class=\"has-text-align-center\" data-align=\"center\"><\/td><td class=\"has-text-align-center\" data-align=\"center\">\u2713<\/td><td class=\"has-text-align-center\" data-align=\"center\"><\/td><td class=\"has-text-align-center\" data-align=\"center\"><\/td><\/tr><tr><td><mark style=\"background-color: rgba(0, 0, 0, 0);\" class=\"has-inline-color\"><strong style=\"color: rgb(180, 126, 0);\">Natuferm<\/strong><\/mark> <mark style=\"background-color:rgba(0, 0, 0, 0);color:#b47e00\" class=\"has-inline-color\"><strong>INTENSE<\/strong><\/mark><\/td><td class=\"has-text-align-center\" data-align=\"center\">Tout vin<\/td><td class=\"has-text-align-center\" data-align=\"center\"><\/td><td class=\"has-text-align-center\" data-align=\"center\">\u2713<\/td><td class=\"has-text-align-center\" data-align=\"center\"><\/td><td class=\"has-text-align-center\" data-align=\"center\"><\/td><\/tr><tr><td><mark style=\"background-color:rgba(0, 0, 0, 0);color:#6cc24a\" class=\"has-inline-color\"><strong>Extraferm <\/strong><\/mark><mark style=\"background-color:rgba(0, 0, 0, 0);color:#6cc24a\" class=\"has-inline-color\"><strong>D&rsquo;tox<\/strong><\/mark><\/td><td class=\"has-text-align-center\" data-align=\"center\">Tout vin<\/td><td class=\"has-text-align-center\" data-align=\"center\"><\/td><td class=\"has-text-align-center\" data-align=\"center\"><\/td><td class=\"has-text-align-center\" data-align=\"center\">\u2713<\/td><td class=\"has-text-align-center\" data-align=\"center\"><\/td><\/tr><tr><td><mark style=\"background-color:rgba(0, 0, 0, 0);color:#3e6991\" class=\"has-inline-color\"><strong>Extraferm <\/strong><\/mark><mark style=\"background-color:rgba(0, 0, 0, 0);color:#3e6991\" class=\"has-inline-color\"><strong>D&rsquo;fend<\/strong><\/mark><\/td><td class=\"has-text-align-center\" data-align=\"center\">Blancs et ros\u00e9s<\/td><td class=\"has-text-align-center\" data-align=\"center\"><\/td><td class=\"has-text-align-center\" data-align=\"center\"><\/td><td class=\"has-text-align-center\" data-align=\"center\"><\/td><td class=\"has-text-align-center\" data-align=\"center\">\u2713<\/td><\/tr><\/tbody><\/table><\/figure>\n\n<div style=\"height:30px\" aria-hidden=\"true\" class=\"wp-block-spacer\"><\/div>\n\n<p>Tous les produits Natuferm et Extraferm sont autoris\u00e9s pour la production biologique dans l&rsquo;UE et le NOP. Maxaferm contient du DAP, qui fournit une source d&rsquo;azote inorganique, et pour cette raison, il n&rsquo;est pas autoris\u00e9 par le NOP. <\/p>\n\n<div style=\"height:50px\" aria-hidden=\"true\" class=\"wp-block-spacer\"><\/div>\n\n<h3 class=\"wp-block-heading\"><strong>Voici les constituants notables de ce portefeuille :<\/strong><\/h3>\n\n<figure class=\"wp-block-table is-style-regular\"><table><thead><tr><th><\/th><th class=\"has-text-align-center\" data-align=\"center\">Ergost\u00e9rols (Lipides)<\/th><th class=\"has-text-align-center\" data-align=\"center\">Acides amin\u00e9s<\/th><th class=\"has-text-align-center\" data-align=\"center\">Thiamine<\/th><th class=\"has-text-align-center\" data-align=\"center\">Mg\/Zn<\/th><th class=\"has-text-align-center\" data-align=\"center\">Autres vitamines<\/th><th class=\"has-text-align-center\" data-align=\"center\">Autres min\u00e9raux<\/th><\/tr><\/thead><tbody><tr><td><mark style=\"background-color:rgba(0, 0, 0, 0);color:#ff9e1b\" class=\"has-inline-color\"><strong>Maxaferm<\/strong><\/mark><\/td><td class=\"has-text-align-center\" data-align=\"center\">++<\/td><td class=\"has-text-align-center\" data-align=\"center\"><\/td><td class=\"has-text-align-center\" data-align=\"center\">+++<\/td><td class=\"has-text-align-center\" data-align=\"center\"><\/td><td class=\"has-text-align-center\" data-align=\"center\"><\/td><td class=\"has-text-align-center\" data-align=\"center\"><\/td><\/tr><tr><td><mark style=\"background-color:rgba(0, 0, 0, 0);color:#7f7d5a\" class=\"has-inline-color\"><strong>Maxaferm ML Force<\/strong><\/mark><\/td><td class=\"has-text-align-center\" data-align=\"center\">+<\/td><td class=\"has-text-align-center\" data-align=\"center\">+<\/td><td class=\"has-text-align-center\" data-align=\"center\"><\/td><td class=\"has-text-align-center\" data-align=\"center\">+<\/td><td class=\"has-text-align-center\" data-align=\"center\">+<\/td><td class=\"has-text-align-center\" data-align=\"center\">+<\/td><\/tr><tr><td><mark style=\"background-color:rgba(0, 0, 0, 0);color:#00b5e2\" class=\"has-inline-color\"><strong>Natuferm<\/strong><\/mark> <mark style=\"background-color:rgba(0, 0, 0, 0);color:#00b5e2\" class=\"has-inline-color\"><strong>PURE<\/strong><\/mark><\/td><td class=\"has-text-align-center\" data-align=\"center\">+<\/td><td class=\"has-text-align-center\" data-align=\"center\">++<\/td><td class=\"has-text-align-center\" data-align=\"center\">+<\/td><td class=\"has-text-align-center\" data-align=\"center\">+<\/td><td class=\"has-text-align-center\" data-align=\"center\">++<\/td><td class=\"has-text-align-center\" data-align=\"center\">+<\/td><\/tr><tr><td><mark style=\"background-color:rgba(0, 0, 0, 0);color:#bfb800\" class=\"has-inline-color\"><strong>Natuferm<\/strong><\/mark> <mark style=\"background-color:rgba(0, 0, 0, 0);color:#bfb800\" class=\"has-inline-color\"><strong>BRIGHT<\/strong><\/mark><\/td><td class=\"has-text-align-center\" data-align=\"center\">+<\/td><td class=\"has-text-align-center\" data-align=\"center\">+++<\/td><td class=\"has-text-align-center\" data-align=\"center\">+<\/td><td class=\"has-text-align-center\" data-align=\"center\">+<\/td><td class=\"has-text-align-center\" data-align=\"center\">++<\/td><td class=\"has-text-align-center\" data-align=\"center\">+<\/td><\/tr><tr><td><mark style=\"background-color:rgba(0, 0, 0, 0);color:#a50050\" class=\"has-inline-color\"><strong>Natuferm<\/strong><\/mark> <mark style=\"background-color:rgba(0, 0, 0, 0);color:#a50050\" class=\"has-inline-color\"><strong>FRUITY<\/strong><\/mark><\/td><td class=\"has-text-align-center\" data-align=\"center\">+<\/td><td class=\"has-text-align-center\" data-align=\"center\">+++<\/td><td class=\"has-text-align-center\" data-align=\"center\">+<\/td><td class=\"has-text-align-center\" data-align=\"center\">+<\/td><td class=\"has-text-align-center\" data-align=\"center\">++<\/td><td class=\"has-text-align-center\" data-align=\"center\">+<\/td><\/tr><tr><td><mark style=\"background-color: rgba(0, 0, 0, 0);\" class=\"has-inline-color\"><strong style=\"color: rgb(180, 126, 0);\">Natuferm<\/strong><\/mark> <mark style=\"background-color:rgba(0, 0, 0, 0);color:#b47e00\" class=\"has-inline-color\"><strong>INTENSE<\/strong><\/mark><\/td><td class=\"has-text-align-center\" data-align=\"center\">+<\/td><td class=\"has-text-align-center\" data-align=\"center\">+++<\/td><td class=\"has-text-align-center\" data-align=\"center\">+<\/td><td class=\"has-text-align-center\" data-align=\"center\">+++<\/td><td class=\"has-text-align-center\" data-align=\"center\">++<\/td><td class=\"has-text-align-center\" data-align=\"center\">+<\/td><\/tr><tr><td><mark style=\"background-color:rgba(0, 0, 0, 0);color:#6cc24a\" class=\"has-inline-color\"><strong>Extraferm <\/strong><\/mark><mark style=\"background-color:rgba(0, 0, 0, 0);color:#6cc24a\" class=\"has-inline-color\"><strong>D&rsquo;tox<\/strong><\/mark><\/td><td class=\"has-text-align-center\" data-align=\"center\">+++<\/td><td class=\"has-text-align-center\" data-align=\"center\"><\/td><td class=\"has-text-align-center\" data-align=\"center\"><\/td><td class=\"has-text-align-center\" data-align=\"center\"><\/td><td class=\"has-text-align-center\" data-align=\"center\"><\/td><td class=\"has-text-align-center\" data-align=\"center\"><\/td><\/tr><tr><td><mark style=\"background-color:rgba(0, 0, 0, 0);color:#3e6991\" class=\"has-inline-color\"><strong>Extraferm <\/strong><\/mark><mark style=\"background-color:rgba(0, 0, 0, 0);color:#3e6991\" class=\"has-inline-color\"><strong>D&rsquo;fend<\/strong><\/mark><\/td><td class=\"has-text-align-center\" data-align=\"center\">+<\/td><td class=\"has-text-align-center\" data-align=\"center\">+<\/td><td class=\"has-text-align-center\" data-align=\"center\"><\/td><td class=\"has-text-align-center\" data-align=\"center\"><\/td><td class=\"has-text-align-center\" data-align=\"center\"><\/td><td class=\"has-text-align-center\" data-align=\"center\"><\/td><\/tr><\/tbody><\/table><\/figure>\n\n<div style=\"height:50px\" aria-hidden=\"true\" class=\"wp-block-spacer\"><\/div>\n\n<div class=\"wp-block-columns is-layout-flex wp-container-core-columns-is-layout-9d6595d7 wp-block-columns-is-layout-flex\">\n<div class=\"wp-block-column is-layout-flow wp-block-column-is-layout-flow\">\n<h2 class=\"wp-block-heading has-text-align-left\"><strong>Que sont les d\u00e9riv\u00e9s de levure ?<\/strong><\/h2>\n\n\n\n<div class=\"wp-block-buttons is-content-justification-center is-layout-flex wp-container-core-buttons-is-layout-16018d1d wp-block-buttons-is-layout-flex\">\n<div class=\"wp-block-button\"><a class=\"wp-block-button__link wp-element-button\" href=\"https:\/\/oenobrands.com\/yeast-derivates-production\/\" target=\"_blank\" rel=\"noreferrer noopener\">Production de d\u00e9riv\u00e9s de levure<\/a><\/div>\n<\/div>\n\n\n\n<div style=\"height:50px\" aria-hidden=\"true\" class=\"wp-block-spacer\"><\/div>\n<\/div>\n<\/div>\n\n<h2 class=\"wp-block-heading\" style=\"font-style:normal;font-weight:700\"><strong>Une large gamme de d\u00e9riv\u00e9s de levure<\/strong><\/h2>\n\n<div style=\"height:50px\" aria-hidden=\"true\" class=\"wp-block-spacer\"><\/div>\n\n<p><\/p>\n","protected":false},"excerpt":{"rendered":"<p>Quelle est la signification de ce nom ? Tous nos nutriments sont d\u00e9sormais regroup\u00e9s [&hellip;]<\/p>\n","protected":false},"author":3,"featured_media":0,"parent":13898,"menu_order":2,"comment_status":"closed","ping_status":"closed","template":"page-premier-products-list.php","meta":{"_acf_changed":false,"_seopress_robots_primary_cat":"0","_seopress_titles_title":"","_seopress_titles_desc":"","_seopress_robots_index":"","footnotes":""},"class_list":["post-13903","page","type-page","status-publish"],"acf":[],"_links":{"self":[{"href":"https:\/\/oenobrands.com\/fr\/wp-json\/wp\/v2\/pages\/13903","targetHints":{"allow":["GET"]}}],"collection":[{"href":"https:\/\/oenobrands.com\/fr\/wp-json\/wp\/v2\/pages"}],"about":[{"href":"https:\/\/oenobrands.com\/fr\/wp-json\/wp\/v2\/types\/page"}],"author":[{"embeddable":true,"href":"https:\/\/oenobrands.com\/fr\/wp-json\/wp\/v2\/users\/3"}],"replies":[{"embeddable":true,"href":"https:\/\/oenobrands.com\/fr\/wp-json\/wp\/v2\/comments?post=13903"}],"version-history":[{"count":0,"href":"https:\/\/oenobrands.com\/fr\/wp-json\/wp\/v2\/pages\/13903\/revisions"}],"up":[{"embeddable":true,"href":"https:\/\/oenobrands.com\/fr\/wp-json\/wp\/v2\/pages\/13898"}],"wp:attachment":[{"href":"https:\/\/oenobrands.com\/fr\/wp-json\/wp\/v2\/media?parent=13903"}],"curies":[{"name":"wp","href":"https:\/\/api.w.org\/{rel}","templated":true}]}}