{"id":13901,"date":"2022-10-19T22:45:25","date_gmt":"2022-10-19T20:45:25","guid":{"rendered":"https:\/\/oenobrands.com\/produit\/derive-de-levure\/nutriments-anchor\/nourish\/"},"modified":"2025-06-13T21:41:45","modified_gmt":"2025-06-13T19:41:45","slug":"nourish","status":"publish","type":"page","link":"https:\/\/oenobrands.com\/fr\/produit\/derive-de-levure\/nutriments-anchor\/nourish\/","title":{"rendered":"Nourish"},"content":{"rendered":"\n<h1 class=\"wp-block-heading has-text-color\" style=\"color:#d6006d\">Nourish<\/h1>\n\n\n\n<div style=\"height:30px\" aria-hidden=\"true\" class=\"wp-block-spacer\"><\/div>\n\n\n\n<h2 class=\"wp-block-heading has-medium-font-size\"><strong>Nourish fait partie de la gamme de nutriments Sustenance dont l\u2019utilisation est recommand\u00e9e pour ajuster la teneur en azote et en \u00e9l\u00e9ments nutritifs du mo\u00fbt afin de garantir une fermentation compl\u00e8te et de qualit\u00e9.<\/strong><\/h2>\n\n\n\n<div style=\"height:30px\" aria-hidden=\"true\" class=\"wp-block-spacer\"><\/div>\n\n\n\n<h3 class=\"wp-block-heading\"><strong>OBJECTIF<\/strong><\/h3>\n\n\n\n<p><strong>Nourish <\/strong>fournit une source complexe d\u2019azote organique et inorganique lors de la fermentation ainsi que des vitamines essentielles, des min\u00e9raux, des oligo-\u00e9l\u00e9ments, des acides amin\u00e9s et des facteurs de r\u00e9sistance aux stress tels que les st\u00e9rols et les acides gras insatur\u00e9s.&nbsp;<\/p>\n\n\n\n<p><strong>Nourish<\/strong> maintient actif le m\u00e9tabolisme des levures et prolonge la dur\u00e9e de vie de la population levurienne.<\/p>\n\n\n\n<p>L&rsquo;azote assimilable provenant des acides amin\u00e9s et du DAP peut \u00eatre utilis\u00e9 par les levures pour la synth\u00e8se d&rsquo;ATP et de phospholipides, tandis que la thiamine permet une croissance essentielle.&nbsp;<\/p>\n\n\n\n<p>Les facteurs de r\u00e9sistance au stress assurent l&rsquo;int\u00e9grit\u00e9 membranaire, en particulier vers la fin de la fermentation, et prot\u00e8gent \u00e9galement les levures contre les inhibiteurs d&rsquo;acides gras \u00e0 cha\u00eene moyenne.<br> <br><\/p>\n\n\n\n<div style=\"height:50px\" aria-hidden=\"true\" class=\"wp-block-spacer\"><\/div>\n\n\n\n<div class=\"wp-block-columns is-layout-flex wp-container-core-columns-is-layout-9d6595d7 wp-block-columns-is-layout-flex\">\n<div class=\"wp-block-column is-layout-flow wp-block-column-is-layout-flow\" style=\"flex-basis:45%\">\n<h3 class=\"wp-block-heading has-text-color\" style=\"color:#d6006d\"><strong>Application<\/strong><\/h3>\n\n\n\n<p>Nourish garantit une fermentation s\u00e9curis\u00e9e :<\/p>\n\n\n\n<ul class=\"wp-block-list\">\n<li>Favorise la multiplication, la croissance et la viabilit\u00e9 des levures.<\/li>\n\n\n\n<li>Maintient un m\u00e9tabolisme sain des levures et prolonge la dur\u00e9e de vie de la population de levures.&nbsp;<\/li>\n\n\n\n<li>Les ergost\u00e9rols r\u00e9gulent la croissance des levures, assurent la perm\u00e9abilit\u00e9 de la membrane cellulaire et am\u00e9liorent la tol\u00e9rance \u00e0 l\u2019alcool<\/li>\n\n\n\n<li>Compense un mo\u00fbt d\u00e9ficient en azote.&nbsp;<\/li>\n\n\n\n<li>R\u00e9duit le risque de fermentations lentes ou arr\u00eat\u00e9es.&nbsp;<\/li>\n\n\n\n<li>Fermentation alcoolique efficace, \u00e9quilibr\u00e9e et compl\u00e8te.<\/li>\n<\/ul>\n\n\n\n<p>Nourish am\u00e9liore la qualit\u00e9 de la fermentation :<\/p>\n\n\n\n<ul class=\"wp-block-list\">\n<li>Les levures inactiv\u00e9es lib\u00e8rent des polysaccharides qui peuvent augmenter le volume et am\u00e9liorer la sensation en bouche.<\/li>\n\n\n\n<li>R\u00e9duit la formation de H<sub>2<\/sub>S, d&rsquo;autres mauvais go\u00fbts soufr\u00e9s, d&rsquo;acidit\u00e9 volatile et d&rsquo;autres m\u00e9tabolites ind\u00e9sirables.<\/li>\n\n\n\n<li>Fournit une nutrition optimale qui permet une intensit\u00e9 aromatique plus forte, un meilleur \u00e9quilibre, une plus grande complexit\u00e9 et un profil de saveurs am\u00e9lior\u00e9.<\/li>\n\n\n\n<li>Donne des ar\u00f4mes de vin plus frais, plus fruit\u00e9s et moins v\u00e9g\u00e9taux.<\/li>\n\n\n\n<li>Am\u00e9liore la qualit\u00e9 globale du vin.<\/li>\n<\/ul>\n\n\n\n<h3 class=\"wp-block-heading has-text-color\" style=\"color:#d6006d\"><strong>Science et Technologie&nbsp;<\/strong><\/h3>\n\n\n\n<p>Avec <strong>NOURISH<\/strong>, la production d\u2019ar\u00f4mes est augment\u00e9e jusqu\u2019\u00e0 44% par rapport \u00e0 un produit concurrent ou DAP.<\/p>\n\n\n\n<figure class=\"wp-block-table\"><table><tbody><tr><td>Compos\u00e9s aromatiques volatils qui am\u00e9liorent l\u2019ar\u00f4me total (mg\/L) avec la levure VIN 13 et l\u2019ajout de <strong>NOURISH <\/strong>dans un Moscato italien.<\/td><\/tr><\/tbody><\/table><\/figure>\n\n\n\n<figure class=\"wp-block-image size-full is-style-zoooom\"><img alt=\"\" loading=\"lazy\" decoding=\"async\" width=\"706\" height=\"415\" src=\"http:\/\/oenobrands.com\/wp-content\/uploads\/2024\/10\/FR-Product-anchor-nutrients-NOURISH-1.png\" alt=\"\" class=\"wp-image-14213\" srcset=\"https:\/\/oenobrands.com\/wp-content\/uploads\/2024\/10\/FR-Product-anchor-nutrients-NOURISH-1.png 706w, https:\/\/oenobrands.com\/wp-content\/uploads\/2024\/10\/FR-Product-anchor-nutrients-NOURISH-1-300x176.png 300w\" sizes=\"auto, (max-width: 706px) 100vw, 706px\" \/><\/figure>\n\n\n\n<figure class=\"wp-block-table\"><table><tbody><tr><td>Test de classement par ordre de pr\u00e9f\u00e9rence. Modalit\u00e9 Vin 7 et <strong>NOURISH <\/strong>par rapport au DAP.<\/td><\/tr><\/tbody><\/table><\/figure>\n\n\n\n<figure class=\"wp-block-image size-full is-style-zoooom\"><img alt=\"\" loading=\"lazy\" decoding=\"async\" width=\"705\" height=\"496\" src=\"http:\/\/oenobrands.com\/wp-content\/uploads\/2024\/10\/FR-Product-anchor-nutrients-NOURISH-2.png\" alt=\"\" class=\"wp-image-14215\" srcset=\"https:\/\/oenobrands.com\/wp-content\/uploads\/2024\/10\/FR-Product-anchor-nutrients-NOURISH-2.png 705w, https:\/\/oenobrands.com\/wp-content\/uploads\/2024\/10\/FR-Product-anchor-nutrients-NOURISH-2-300x211.png 300w\" sizes=\"auto, (max-width: 705px) 100vw, 705px\" \/><\/figure>\n<\/div>\n\n\n\n<div class=\"wp-block-column is-layout-flow wp-block-column-is-layout-flow\" style=\"flex-basis:6%\"><\/div>\n\n\n\n<div class=\"wp-block-column has-background is-layout-flow wp-block-column-is-layout-flow\" style=\"background-color:#f7f7f7;flex-basis:45%\">\n<div class=\"wp-block-columns is-layout-flex wp-container-core-columns-is-layout-9d6595d7 wp-block-columns-is-layout-flex\">\n<div class=\"wp-block-column is-layout-flow wp-block-column-is-layout-flow\"><div class=\"wp-block-image\">\n<figure class=\"aligncenter size-full is-resized\"><img alt=\"\" loading=\"lazy\" decoding=\"async\" width=\"522\" height=\"314\" src=\"http:\/\/oenobrands.com\/wp-content\/uploads\/2024\/05\/OBweb_AO_Nutr_Nourish.jpg\" alt=\"\" class=\"wp-image-7217\" style=\"width:300px\" srcset=\"https:\/\/oenobrands.com\/wp-content\/uploads\/2024\/05\/OBweb_AO_Nutr_Nourish.jpg 522w, https:\/\/oenobrands.com\/wp-content\/uploads\/2024\/05\/OBweb_AO_Nutr_Nourish-300x180.jpg 300w\" sizes=\"auto, (max-width: 522px) 100vw, 522px\" \/><\/figure>\n<\/div><\/div>\n<\/div>\n\n\n\n<div style=\"height:40px\" aria-hidden=\"true\" class=\"wp-block-spacer\"><\/div>\n\n\n\n<div class=\"wp-block-group\"><div class=\"wp-block-group__inner-container is-layout-constrained wp-block-group-is-layout-constrained\">\n<p class=\"has-text-align-center\"><strong>T\u00c9L\u00c9CHARGER LA FICHE D&rsquo;APPLICATION<\/strong><\/p>\n\n\n\n<div style=\"height:20px\" aria-hidden=\"true\" class=\"wp-block-spacer\"><\/div>\n\n\n\n<div class=\"wp-block-columns is-not-stacked-on-mobile is-layout-flex wp-container-core-columns-is-layout-9d6595d7 wp-block-columns-is-layout-flex\">\n<div class=\"wp-block-column is-layout-flow wp-block-column-is-layout-flow\">\n<figure class=\"wp-block-image size-full\"><a href=\"https:\/\/oenobrands.com\/wp-content\/uploads\/2024\/07\/Technical-data-sheet-Anchor-nutrient-Nourish_Eng_202107_Web.pdf\" target=\"_blank\" rel=\"noreferrer noopener\"><img loading=\"lazy\" decoding=\"async\" width=\"180\" height=\"94\" src=\"http:\/\/oenobrands.com\/wp-content\/uploads\/2023\/04\/flag-united-states-english-american.png\" alt=\"flag-united-states-english-american\" class=\"wp-image-2510\"\/><\/a><\/figure>\n<\/div>\n\n\n\n<div class=\"wp-block-column is-layout-flow wp-block-column-is-layout-flow\">\n<figure class=\"wp-block-image size-full\"><a href=\"https:\/\/oenobrands.com\/wp-content\/uploads\/2024\/07\/Fiche-technique-Anchor-nutrient-Nourish_Fr_202107_Web.pdf\" target=\"_blank\" rel=\"noreferrer noopener\"><img loading=\"lazy\" decoding=\"async\" width=\"180\" height=\"94\" src=\"http:\/\/oenobrands.com\/wp-content\/uploads\/2023\/04\/drapeau-francais-france.png\" alt=\"drapeau flag francais france\" class=\"wp-image-2508\"\/><\/a><\/figure>\n<\/div>\n\n\n\n<div class=\"wp-block-column is-layout-flow wp-block-column-is-layout-flow\">\n<figure class=\"wp-block-image size-full\"><a href=\"https:\/\/oenobrands.com\/wp-content\/uploads\/2024\/07\/Ficha-tecnica-Anchor-nutrientes-Nourish-Sp-_202107_Web.pdf\" target=\"_blank\" rel=\"noreferrer noopener\"><img loading=\"lazy\" decoding=\"async\" width=\"180\" height=\"94\" src=\"http:\/\/oenobrands.com\/wp-content\/uploads\/2023\/04\/bandiera-spagnola-spagna.png\" alt=\"drapeau flag bandiera spagnola spagna\" class=\"wp-image-2506\"\/><\/a><\/figure>\n<\/div>\n\n\n\n<div class=\"wp-block-column is-layout-flow wp-block-column-is-layout-flow\">\n<figure class=\"wp-block-image size-full\"><a href=\"https:\/\/oenobrands.com\/wp-content\/uploads\/2024\/07\/Ficha-tecnica-Anchor-nutrient-Nourish_Pt_AFV_202107_Web.pdf\" target=\"_blank\" rel=\"noreferrer noopener\"><img loading=\"lazy\" decoding=\"async\" width=\"180\" height=\"94\" src=\"http:\/\/oenobrands.com\/wp-content\/uploads\/2024\/05\/Flag-drapeau-Portugal.png\" alt=\"Flag-drapeau-Portugal\" class=\"wp-image-7139\"\/><\/a><\/figure>\n<\/div>\n\n\n\n<div class=\"wp-block-column is-layout-flow wp-block-column-is-layout-flow\"><\/div>\n\n\n\n<div class=\"wp-block-column is-layout-flow wp-block-column-is-layout-flow\"><\/div>\n<\/div>\n<\/div><\/div>\n\n\n\n<hr class=\"wp-block-separator has-text-color has-alpha-channel-opacity has-background\" style=\"background-color:#162638;color:#162638\"\/>\n\n\n\n<div class=\"wp-block-buttons is-content-justification-center is-layout-flex wp-container-core-buttons-is-layout-16018d1d wp-block-buttons-is-layout-flex\">\n<div class=\"wp-block-button\"><a class=\"wp-block-button__link has-white-color has-text-color has-background has-text-align-center wp-element-button\" href=\"https:\/\/oenobrands.com\/fr\/notre-reseau-de-distributeurs\/\" style=\"background-color:#162638\" target=\"_blank\" rel=\"noreferrer noopener\">Votre distributeur<\/a><\/div>\n<\/div>\n\n\n\n<hr class=\"wp-block-separator has-text-color has-alpha-channel-opacity has-background\" style=\"background-color:#162638;color:#162638\"\/>\n\n\n\n<h3 class=\"wp-block-heading\"><strong>Dose<\/strong><\/h3>\n\n\n\n<p>20 &#8211; 40 g\/hL (10 g\/hL apporte 10,5 mg\/L ou ppm d\u2019azote assimilable).<\/p>\n\n\n\n<h3 class=\"wp-block-heading\"><strong>Utilisation<\/strong><\/h3>\n\n\n\n<p>Ajouter <strong>Nourish <\/strong>en d\u00e9but de fermentation, \u00e0 la fin de la phase de latence des levures. Si l\u2019ajout doit se faire en deux fois, ajouter la moiti\u00e9 de la dose en d\u00e9but de fermentation, puis ajouter la seconde dose au plus tard quand la moiti\u00e9 du sucre a \u00e9t\u00e9 transform\u00e9. <\/p>\n\n\n\n<p>Dissoudre le produit dans 20 fois son volume de mo\u00fbt ou d\u2019eau chaude en \u00e9vitant la formation de grumeaux, avant de l\u2019ajouter \u00e0 la cuve ou \u00e0 la barrique.<\/p>\n\n\n\n<h3 class=\"wp-block-heading\"><strong><strong>Conditionnement<\/strong><\/strong><\/h3>\n\n\n\n<p><\/p>\n\n\n\n<ul class=\"wp-block-list\">\n<li>1 kg refermable (box: 10 x 1 kg)<\/li>\n\n\n\n<li>5 kg refermable (box: 2 x 5 kg)<\/li>\n<\/ul>\n\n\n\n<h3 class=\"wp-block-heading\">Composition<\/h3>\n\n\n\n<p>Levures inactiv\u00e9es, phosphate diammonique et thiamine.<\/p>\n\n\n\n<h3 class=\"wp-block-heading\"><strong>Conservation<\/strong><\/h3>\n\n\n\n<p>Conserver dans un endroit frais, sec et ventil\u00e9 \u00e0 l\u2019abri de la lumi\u00e8re directe du soleil (&lt;20\u00b0C). \u00c9viter l\u2019humidit\u00e9 et les temp\u00e9ratures \u00e9lev\u00e9es.<\/p>\n<\/div>\n<\/div>\n\n\n\n<div class=\"wp-block-group\"><div class=\"wp-block-group__inner-container is-layout-constrained wp-block-group-is-layout-constrained\">\n<div style=\"height:30px\" aria-hidden=\"true\" class=\"wp-block-spacer\"><\/div>\n\n\n\n<hr class=\"wp-block-separator has-text-color has-black-color has-alpha-channel-opacity has-black-background-color has-background\"\/>\n<\/div><\/div>\n\n\n\n<div class=\"wp-block-columns is-layout-flex wp-container-core-columns-is-layout-9d6595d7 wp-block-columns-is-layout-flex\">\n<div class=\"wp-block-column is-layout-flow wp-block-column-is-layout-flow\">\n<div class=\"wp-block-group\"><div class=\"wp-block-group__inner-container is-layout-constrained wp-block-group-is-layout-constrained\">\n<h2 class=\"wp-block-heading\"><strong><strong>Explorez les solutions associ\u00e9es :<\/strong><\/strong><\/h2>\n\n\n\n<div style=\"height:30px\" aria-hidden=\"true\" class=\"wp-block-spacer\"><\/div>\n\n\n\n<p><strong>Vous recherchez une approche plus holistique de la vinification ?<\/strong> D\u00e9couvrez nos solutions \u0153nologiques avanc\u00e9es en lien avec <strong>Anchor Nourish.<\/strong><\/p>\n\n\n\n<div style=\"height:30px\" aria-hidden=\"true\" class=\"wp-block-spacer\"><\/div>\n\n\n\n<div class=\"wp-block-columns are-vertically-aligned-center is-layout-flex wp-container-core-columns-is-layout-9d6595d7 wp-block-columns-is-layout-flex\">\n<div class=\"wp-block-column is-vertically-aligned-center is-layout-flow wp-block-column-is-layout-flow\" style=\"flex-basis:100%\">\n<div class=\"wp-block-buttons is-content-justification-center is-layout-flex wp-container-core-buttons-is-layout-16018d1d wp-block-buttons-is-layout-flex\">\n<div class=\"wp-block-button is-style-fill\"><a class=\"wp-block-button__link wp-element-button\" href=\"https:\/\/oenobrands.com\/fr\/solution\/fermentation-alcoolique\/nutrition-des-levures\/\" target=\"_blank\" rel=\"noreferrer noopener\">Nutrition des levures<\/a><\/div>\n\n\n\n<div class=\"wp-block-button is-style-fill\"><a class=\"wp-block-button__link wp-element-button\" href=\"https:\/\/oenobrands.com\/fr\/solution\/fermentation-alcoolique\/gestion-de-la-fermentation\/\">Gestion de la fermentation<\/a><\/div>\n<\/div>\n<\/div>\n<\/div>\n<\/div><\/div>\n\n\n\n<div style=\"height:30px\" aria-hidden=\"true\" class=\"wp-block-spacer\"><\/div>\n<\/div>\n\n\n\n<div class=\"wp-block-column is-layout-flow wp-block-column-is-layout-flow\">\n<h2 class=\"wp-block-heading\"><strong>Vous cherchez quelque chose d&rsquo;autre ?<\/strong><\/h2>\n\n\n\n<div style=\"height:30px\" aria-hidden=\"true\" class=\"wp-block-spacer\"><\/div>\n\n\n\n<p>Visitez notre section \u00ab Solution \u00bb, o\u00f9 nous proposons des conseils d&rsquo;experts, des connaissances populaires et des approches novatrices organis\u00e9es par processus de vinification. <strong>De la fermentation \u00e0 la filtration\/mise en bouteille, nous vous accompagnons avec des solutions pour am\u00e9liorer chaque \u00e9tape de votre processus de vinification.<\/strong><\/p>\n\n\n\n<div style=\"height:30px\" aria-hidden=\"true\" class=\"wp-block-spacer\"><\/div>\n\n\n\n<div class=\"wp-block-columns are-vertically-aligned-center is-layout-flex wp-container-core-columns-is-layout-9d6595d7 wp-block-columns-is-layout-flex\">\n<div class=\"wp-block-column is-vertically-aligned-center is-layout-flow wp-block-column-is-layout-flow\" style=\"flex-basis:100%\">\n<div class=\"wp-block-buttons is-content-justification-center is-layout-flex wp-container-core-buttons-is-layout-16018d1d wp-block-buttons-is-layout-flex\">\n<div class=\"wp-block-button is-style-fill\"><a class=\"wp-block-button__link wp-element-button\" href=\"https:\/\/oenobrands.com\/fr\/solution\/\">Nos solutions<\/a><\/div>\n<\/div>\n<\/div>\n<\/div>\n<\/div>\n<\/div>\n\n\n\n<hr class=\"wp-block-separator has-text-color has-black-color has-alpha-channel-opacity has-black-background-color has-background\"\/>\n\n\n\n<div style=\"height:30px\" aria-hidden=\"true\" class=\"wp-block-spacer\"><\/div>\n\n\n\n<div class=\"wp-block-columns is-layout-flex wp-container-core-columns-is-layout-9d6595d7 wp-block-columns-is-layout-flex\">\n<div class=\"wp-block-column is-vertically-aligned-center is-layout-flow wp-block-column-is-layout-flow\" style=\"flex-basis:30%\">\n<h1 class=\"wp-block-heading has-text-color\" style=\"color:#00205c\">D\u00e9couvrez la gamme de nutriments Anchor<\/h1>\n\n\n\n<div style=\"height:20px\" aria-hidden=\"true\" class=\"wp-block-spacer\"><\/div>\n\n\n\n<div class=\"wp-block-buttons is-content-justification-center is-layout-flex wp-container-core-buttons-is-layout-16018d1d wp-block-buttons-is-layout-flex\">\n<div class=\"wp-block-button\"><a class=\"wp-block-button__link has-background wp-element-button\" href=\"https:\/\/oenobrands.com\/fr\/produit\/derive-de-levure\/nutriments-anchor\/\" style=\"background-color:#545859\">Nutriments Anchor<\/a><\/div>\n<\/div>\n<\/div>\n\n\n\n<div class=\"wp-block-column is-layout-flow wp-block-column-is-layout-flow\" style=\"flex-basis:10%\"><\/div>\n\n\n\n<div class=\"wp-block-column is-layout-flow wp-block-column-is-layout-flow\"><div class=\"wp-block-image\">\n<figure class=\"aligncenter size-full is-resized\"><img loading=\"lazy\" decoding=\"async\" width=\"776\" height=\"240\" src=\"http:\/\/oenobrands.com\/wp-content\/uploads\/2023\/04\/Oenobrands-Anchor-logo-1.png\" alt=\"Anchor-logo\" class=\"wp-image-2447\" style=\"width:350px\" srcset=\"https:\/\/oenobrands.com\/wp-content\/uploads\/2023\/04\/Oenobrands-Anchor-logo-1.png 776w, https:\/\/oenobrands.com\/wp-content\/uploads\/2023\/04\/Oenobrands-Anchor-logo-1-300x93.png 300w, https:\/\/oenobrands.com\/wp-content\/uploads\/2023\/04\/Oenobrands-Anchor-logo-1-768x238.png 768w\" sizes=\"auto, (max-width: 776px) 100vw, 776px\" \/><\/figure>\n<\/div><\/div>\n<\/div>\n\n\n\n<div style=\"height:50px\" aria-hidden=\"true\" class=\"wp-block-spacer\"><\/div>\n","protected":false},"excerpt":{"rendered":"<p>Nourish Nourish fait partie de la gamme de nutriments Sustenance dont l\u2019utilisation est recommand\u00e9e [&hellip;]<\/p>\n","protected":false},"author":3,"featured_media":0,"parent":13899,"menu_order":2,"comment_status":"closed","ping_status":"closed","template":"page-product.php","meta":{"_acf_changed":false,"_seopress_robots_primary_cat":"0","_seopress_titles_title":"","_seopress_titles_desc":"","_seopress_robots_index":"","footnotes":""},"class_list":["post-13901","page","type-page","status-publish"],"acf":[],"_links":{"self":[{"href":"https:\/\/oenobrands.com\/fr\/wp-json\/wp\/v2\/pages\/13901","targetHints":{"allow":["GET"]}}],"collection":[{"href":"https:\/\/oenobrands.com\/fr\/wp-json\/wp\/v2\/pages"}],"about":[{"href":"https:\/\/oenobrands.com\/fr\/wp-json\/wp\/v2\/types\/page"}],"author":[{"embeddable":true,"href":"https:\/\/oenobrands.com\/fr\/wp-json\/wp\/v2\/users\/3"}],"replies":[{"embeddable":true,"href":"https:\/\/oenobrands.com\/fr\/wp-json\/wp\/v2\/comments?post=13901"}],"version-history":[{"count":0,"href":"https:\/\/oenobrands.com\/fr\/wp-json\/wp\/v2\/pages\/13901\/revisions"}],"up":[{"embeddable":true,"href":"https:\/\/oenobrands.com\/fr\/wp-json\/wp\/v2\/pages\/13899"}],"wp:attachment":[{"href":"https:\/\/oenobrands.com\/fr\/wp-json\/wp\/v2\/media?parent=13901"}],"curies":[{"name":"wp","href":"https:\/\/api.w.org\/{rel}","templated":true}]}}