{"id":13899,"date":"2022-10-19T21:59:40","date_gmt":"2022-10-19T19:59:40","guid":{"rendered":"https:\/\/oenobrands.com\/produit\/derive-de-levure\/nutriments-anchor\/"},"modified":"2025-06-13T21:41:45","modified_gmt":"2025-06-13T19:41:45","slug":"nutriments-anchor","status":"publish","type":"page","link":"https:\/\/oenobrands.com\/fr\/produit\/derive-de-levure\/nutriments-anchor\/","title":{"rendered":"Nutriments ANCHOR"},"content":{"rendered":"\n<div style=\"height:50px\" aria-hidden=\"true\" class=\"wp-block-spacer\"><\/div>\n\n\n<div class=\"wp-block-image\">\n<figure class=\"aligncenter size-large is-resized\"><img alt=\"\" loading=\"lazy\" decoding=\"async\" width=\"1024\" height=\"159\" src=\"http:\/\/oenobrands.com\/wp-content\/uploads\/2024\/10\/produit-anchor-NUTRIMENTS-FR-1024x159.png\" alt=\"\" class=\"wp-image-15233\" style=\"width:700px;height:auto\" srcset=\"https:\/\/oenobrands.com\/wp-content\/uploads\/2024\/10\/produit-anchor-NUTRIMENTS-FR-1024x159.png 1024w, https:\/\/oenobrands.com\/wp-content\/uploads\/2024\/10\/produit-anchor-NUTRIMENTS-FR-300x47.png 300w, https:\/\/oenobrands.com\/wp-content\/uploads\/2024\/10\/produit-anchor-NUTRIMENTS-FR-768x119.png 768w, https:\/\/oenobrands.com\/wp-content\/uploads\/2024\/10\/produit-anchor-NUTRIMENTS-FR-1536x239.png 1536w, https:\/\/oenobrands.com\/wp-content\/uploads\/2024\/10\/produit-anchor-NUTRIMENTS-FR.png 1659w\" sizes=\"auto, (max-width: 1024px) 100vw, 1024px\" \/><\/figure>\n<\/div>\n\n\n<div style=\"height:50px\" aria-hidden=\"true\" class=\"wp-block-spacer\"><\/div>\n\n\n\n<p><strong>Sustenance<\/strong> d\u00e9signe <strong>l<\/strong>e maintien de quelque chose en vie ou en existence.<\/p>\n\n\n\n<p><br>Le portefeuille comprend la gamme <strong>Sustenance range<\/strong>, qui contient deux produits formul\u00e9s de mani\u00e8re unique : <mark style=\"background-color:rgba(0, 0, 0, 0);color:#d6006d\" class=\"has-inline-color\"><strong>NOURISH <\/strong><\/mark>et <mark style=\"background-color:rgba(0, 0, 0, 0);color:#76236c\" class=\"has-inline-color\"><strong>CONQUER<\/strong><\/mark>.<\/p>\n\n\n\n<p>Ces produits couvrent tous les besoins des levures, des exigences organiques aux exigences inorganiques.<\/p>\n\n\n\n<div style=\"height:50px\" aria-hidden=\"true\" class=\"wp-block-spacer\"><\/div>\n\n\n\n<div class=\"wp-block-columns is-layout-flex wp-container-core-columns-is-layout-9d6595d7 wp-block-columns-is-layout-flex\">\n<div class=\"wp-block-column has-text-color has-link-color wp-elements-6f570a8f3584c1ba1658ab548154113d is-layout-flow wp-block-column-is-layout-flow\" style=\"color:#d6006d\">\n<p><strong><mark style=\"background-color:rgba(0, 0, 0, 0);color:#d6006d\" class=\"has-inline-color\">NOURISH<\/mark><\/strong><\/p>\n\n\n\n<p><mark style=\"background-color:rgba(0, 0, 0, 0);color:#d6006d\" class=\"has-inline-color\">S\u00e9curise la fermentation et garantit un profil aromatique net<\/mark><\/p>\n<\/div>\n\n\n\n<div class=\"wp-block-column is-layout-flow wp-block-column-is-layout-flow\" style=\"flex-basis:6px\"><\/div>\n\n\n\n<div class=\"wp-block-column is-layout-flow wp-block-column-is-layout-flow\">\n<ul class=\"wp-block-list\">\n<li>Fournit une source complexe d&rsquo;azote organique et inorganique<\/li>\n\n\n\n<li>Une source de vitamines, min\u00e9raux, acides amin\u00e9s et facteurs de r\u00e9sistance au stress essentiels<\/li>\n\n\n\n<li>R\u00e9duit les risques et garantit une fermentation \u00e9quilibr\u00e9e et compl\u00e8te<\/li>\n\n\n\n<li>Pr\u00e9vient la formation de sous-produits m\u00e9taboliques ind\u00e9sirables<\/li>\n\n\n\n<li>Am\u00e9liore la qualit\u00e9 globale du vin<\/li>\n<\/ul>\n<\/div>\n<\/div>\n\n\n\n<div class=\"wp-block-columns is-layout-flex wp-container-core-columns-is-layout-9d6595d7 wp-block-columns-is-layout-flex\">\n<div class=\"wp-block-column has-text-color has-link-color wp-elements-c3faa7c85e77c428dccfd1407e67abd9 is-layout-flow wp-block-column-is-layout-flow\" style=\"color:#76236c\">\n<p><strong><mark style=\"background-color:rgba(0, 0, 0, 0);color:#76236c\" class=\"has-inline-color\">CONQUER<\/mark><\/strong><\/p>\n\n\n\n<p><mark style=\"background-color:rgba(0, 0, 0, 0);color:#76236c\" class=\"has-inline-color\">S\u00e9curise la fermentation et am\u00e9liore la qualit\u00e9 du vin<\/mark><\/p>\n<\/div>\n\n\n\n<div class=\"wp-block-column is-layout-flow wp-block-column-is-layout-flow\" style=\"flex-basis:6px\"><\/div>\n\n\n\n<div class=\"wp-block-column is-layout-flow wp-block-column-is-layout-flow\">\n<ul class=\"wp-block-list\">\n<li>Assure une nutrition optimale des levures dans des conditions plus difficiles<\/li>\n\n\n\n<li>Fournit des facteurs de survie qui soutiennent la fonctionnalit\u00e9 cellulaire<\/li>\n\n\n\n<li>Garantit une intensit\u00e9 aromatique plus forte, un meilleur \u00e9quilibre, une plus grande complexit\u00e9 et des saveurs am\u00e9lior\u00e9es<\/li>\n\n\n\n<li>R\u00e9sulte en des profils aromatiques plus frais, plus fruit\u00e9s et moins v\u00e9g\u00e9taux<\/li>\n\n\n\n<li>Am\u00e9liore la qualit\u00e9 globale du vin<\/li>\n<\/ul>\n<\/div>\n<\/div>\n\n\n\n<div style=\"height:30px\" aria-hidden=\"true\" class=\"wp-block-spacer\"><\/div>\n\n\n<div class=\"wp-block-image\">\n<figure class=\"aligncenter size-large is-resized\"><img alt=\"\" loading=\"lazy\" decoding=\"async\" width=\"1024\" height=\"160\" src=\"http:\/\/oenobrands.com\/wp-content\/uploads\/2024\/10\/produit-anchor-NUTRIMENTS-FR62-1024x160.png\" alt=\"\" class=\"wp-image-15236\" style=\"width:616px;height:auto\" srcset=\"https:\/\/oenobrands.com\/wp-content\/uploads\/2024\/10\/produit-anchor-NUTRIMENTS-FR62-1024x160.png 1024w, https:\/\/oenobrands.com\/wp-content\/uploads\/2024\/10\/produit-anchor-NUTRIMENTS-FR62-300x47.png 300w, https:\/\/oenobrands.com\/wp-content\/uploads\/2024\/10\/produit-anchor-NUTRIMENTS-FR62-768x120.png 768w, https:\/\/oenobrands.com\/wp-content\/uploads\/2024\/10\/produit-anchor-NUTRIMENTS-FR62-1536x240.png 1536w, https:\/\/oenobrands.com\/wp-content\/uploads\/2024\/10\/produit-anchor-NUTRIMENTS-FR62.png 1654w\" sizes=\"auto, (max-width: 1024px) 100vw, 1024px\" \/><\/figure>\n<\/div>\n\n\n<div style=\"height:50px\" aria-hidden=\"true\" class=\"wp-block-spacer\"><\/div>\n\n\n\n<div class=\"wp-block-columns is-layout-flex wp-container-core-columns-is-layout-9d6595d7 wp-block-columns-is-layout-flex\">\n<div class=\"wp-block-column is-layout-flow wp-block-column-is-layout-flow\">\n<h2 class=\"wp-block-heading has-text-align-left\"><strong>Que sont les d\u00e9riv\u00e9s de levure ?<\/strong><\/h2>\n\n\n\n<div class=\"wp-block-buttons is-content-justification-center is-layout-flex wp-container-core-buttons-is-layout-16018d1d wp-block-buttons-is-layout-flex\">\n<div class=\"wp-block-button\"><a class=\"wp-block-button__link wp-element-button\" href=\"https:\/\/oenobrands.com\/fr\/production-de-derives-de-levure\/\" target=\"_blank\" rel=\"noreferrer noopener\">Production des d\u00e9riv\u00e9s de levures<\/a><\/div>\n<\/div>\n\n\n\n<div style=\"height:50px\" aria-hidden=\"true\" class=\"wp-block-spacer\"><\/div>\n<\/div>\n<\/div>\n\n\n\n<h2 class=\"wp-block-heading\"><strong>D\u00e9couvrez notre gamme de nutriments Anchor<\/strong><\/h2>\n\n\n\n<div style=\"height:50px\" aria-hidden=\"true\" class=\"wp-block-spacer\"><\/div>\n","protected":false},"excerpt":{"rendered":"<p>Sustenance d\u00e9signe le maintien de quelque chose en vie ou en existence. Le portefeuille [&hellip;]<\/p>\n","protected":false},"author":3,"featured_media":0,"parent":13898,"menu_order":1,"comment_status":"closed","ping_status":"closed","template":"page-premier-products-list.php","meta":{"_acf_changed":false,"_seopress_robots_primary_cat":"0","_seopress_titles_title":"","_seopress_titles_desc":"","_seopress_robots_index":"","footnotes":""},"class_list":["post-13899","page","type-page","status-publish"],"acf":[],"_links":{"self":[{"href":"https:\/\/oenobrands.com\/fr\/wp-json\/wp\/v2\/pages\/13899","targetHints":{"allow":["GET"]}}],"collection":[{"href":"https:\/\/oenobrands.com\/fr\/wp-json\/wp\/v2\/pages"}],"about":[{"href":"https:\/\/oenobrands.com\/fr\/wp-json\/wp\/v2\/types\/page"}],"author":[{"embeddable":true,"href":"https:\/\/oenobrands.com\/fr\/wp-json\/wp\/v2\/users\/3"}],"replies":[{"embeddable":true,"href":"https:\/\/oenobrands.com\/fr\/wp-json\/wp\/v2\/comments?post=13899"}],"version-history":[{"count":0,"href":"https:\/\/oenobrands.com\/fr\/wp-json\/wp\/v2\/pages\/13899\/revisions"}],"up":[{"embeddable":true,"href":"https:\/\/oenobrands.com\/fr\/wp-json\/wp\/v2\/pages\/13898"}],"wp:attachment":[{"href":"https:\/\/oenobrands.com\/fr\/wp-json\/wp\/v2\/media?parent=13899"}],"curies":[{"name":"wp","href":"https:\/\/api.w.org\/{rel}","templated":true}]}}