{"id":13896,"date":"2022-10-19T22:43:15","date_gmt":"2022-10-19T20:43:15","guid":{"rendered":"https:\/\/oenobrands.com\/produit\/bacterie\/maloferm\/maloferm-vintage\/"},"modified":"2025-10-20T14:52:13","modified_gmt":"2025-10-20T12:52:13","slug":"maloferm-vintage","status":"publish","type":"page","link":"https:\/\/oenobrands.com\/fr\/produit\/bacterie\/maloferm\/maloferm-vintage\/","title":{"rendered":"Maloferm Vintage"},"content":{"rendered":"\n<h1 class=\"wp-block-heading has-text-color\" style=\"color:#490e67\">Maloferm Vintage<\/h1>\n\n<div style=\"height:30px\" aria-hidden=\"true\" class=\"wp-block-spacer\"><\/div>\n\n<h2 class=\"wp-block-heading has-medium-font-size\">Une culture de bact\u00e9ries <em>Oenococcus oeni <\/em>polyvalente pour une fermentation malolactique fiable, qui booste la qualit\u00e9 des vins blancs, rouges et ros\u00e9s.<\/h2>\n\n<div style=\"height:30px\" aria-hidden=\"true\" class=\"wp-block-spacer\"><\/div>\n\n<h3 class=\"wp-block-heading has-medium-font-size\"><strong>OBJECTIF<\/strong><\/h3>\n\n<p>Culture de bact\u00e9ries robuste et polyvalente qui permet de conduire la fermentation malolactique \u00e0 son terme. <strong>Cette culture de bact\u00e9ries<\/strong> am\u00e9liore \u00e9galement la qualit\u00e9 des vins en augmentant le volume et l\u2019ampleur en bouche du vin fini, en r\u00e9duisant les caract\u00e8res verts et herbac\u00e9s, tout en respectant les caract\u00e9ristiques du c\u00e9page et du mill\u00e9sime. <\/p>\n\n<div style=\"height:50px\" aria-hidden=\"true\" class=\"wp-block-spacer\"><\/div>\n\n<div class=\"wp-block-columns is-layout-flex wp-container-core-columns-is-layout-9d6595d7 wp-block-columns-is-layout-flex\">\n<div class=\"wp-block-column is-layout-flow wp-block-column-is-layout-flow\" style=\"flex-basis:45%\">\n<h3 class=\"wp-block-heading has-text-color\" style=\"color:#490e67\"><strong>Application<\/strong><\/h3>\n\n\n\n<ul class=\"wp-block-list\">\n<li>Ensemencement s\u00e9quentiel.<\/li>\n\n\n\n<li>Vins blancs, rouges et ros\u00e9s de garde.<\/li>\n\n\n\n<li>Production moyenne \u00e0 \u00e9lev\u00e9e de diac\u00e9tyle.<\/li>\n\n\n\n<li>Phase de latence courte et cin\u00e9tique fermentaire r\u00e9guli\u00e8re..<\/li>\n\n\n\n<li>Faible production d\u2019acidit\u00e9 volatile.<\/li>\n\n\n\n<li>Aucune production d\u2019amines biog\u00e8nes.<\/li>\n<\/ul>\n\n\n\n<h3 class=\"wp-block-heading has-text-color\" style=\"color:#490e67\"><strong>Origine<\/strong><\/h3>\n\n\n\n<p>Bact\u00e9ries de type <em>Oenococcus oeni<\/em> s\u00e9lectionn\u00e9es par Oenobrands (France).<\/p>\n\n\n\n<h3 class=\"wp-block-heading has-text-color\" style=\"color:#490e67\"><strong>Propri\u00e9t\u00e9s techniques<\/strong><\/h3>\n\n\n\n<ul class=\"wp-block-list\">\n<li>Temp\u00e9rature : 16\u00b0C<\/li>\n\n\n\n<li>pH: &gt; 3.15<\/li>\n\n\n\n<li>SO<sub>2<\/sub> total \u00e0 l&rsquo;inoculation: &lt; 45 mg\/L<\/li>\n\n\n\n<li>Tol\u00e9rance \u00e0 l&rsquo;acool : 15.5% (v\/v)<\/li>\n<\/ul>\n\n\n\n<h3 class=\"wp-block-heading has-text-color\" style=\"color:#490e67\"><strong>Science et Technologie<\/strong><\/h3>\n\n\n<div class=\"wp-block-image is-style-zoooom\">\n<figure class=\"aligncenter size-full\"><img loading=\"lazy\" decoding=\"async\" width=\"874\" height=\"649\" src=\"http:\/\/oenobrands.com\/wp-content\/uploads\/2023\/02\/Product-_-bacteria_Maloferm_Maloferm-VINTAGE-image-1.png\" alt=\"Product bacteria Maloferm VINTAGE\" class=\"wp-image-1554\" srcset=\"https:\/\/oenobrands.com\/wp-content\/uploads\/2023\/02\/Product-_-bacteria_Maloferm_Maloferm-VINTAGE-image-1.png 874w, https:\/\/oenobrands.com\/wp-content\/uploads\/2023\/02\/Product-_-bacteria_Maloferm_Maloferm-VINTAGE-image-1-300x223.png 300w, https:\/\/oenobrands.com\/wp-content\/uploads\/2023\/02\/Product-_-bacteria_Maloferm_Maloferm-VINTAGE-image-1-768x570.png 768w\" sizes=\"auto, (max-width: 874px) 100vw, 874px\" \/><figcaption class=\"wp-element-caption\">Am\u00e9lioration des caract\u00e9ristiques aromatiques d\u2019un Tempranillo (Espagne) vinifi\u00e9 avec <strong>Maloferm Vintage<\/strong> (notes de d\u00e9gustation)<\/figcaption><\/figure>\n<\/div>\n\n\n<div style=\"height:30px\" aria-hidden=\"true\" class=\"wp-block-spacer\"><\/div>\n\n\n<div class=\"wp-block-image is-style-zoooom\">\n<figure class=\"aligncenter size-full\"><img loading=\"lazy\" decoding=\"async\" width=\"796\" height=\"709\" src=\"http:\/\/oenobrands.com\/wp-content\/uploads\/2023\/02\/Product-_-bacteria_Maloferm_Maloferm-Vintage-image-2.png\" alt=\"Product bacteria Maloferm Vintage\" class=\"wp-image-1556\" srcset=\"https:\/\/oenobrands.com\/wp-content\/uploads\/2023\/02\/Product-_-bacteria_Maloferm_Maloferm-Vintage-image-2.png 796w, https:\/\/oenobrands.com\/wp-content\/uploads\/2023\/02\/Product-_-bacteria_Maloferm_Maloferm-Vintage-image-2-300x267.png 300w, https:\/\/oenobrands.com\/wp-content\/uploads\/2023\/02\/Product-_-bacteria_Maloferm_Maloferm-Vintage-image-2-768x684.png 768w\" sizes=\"auto, (max-width: 796px) 100vw, 796px\" \/><figcaption class=\"wp-element-caption\">Am\u00e9lioration des caract\u00e9ristiques gustatives d\u2019un Tempranillo (Espagne) vinifi\u00e9 avec <strong>Maloferm Vintage<\/strong> (notes de d\u00e9gustation)<\/figcaption><\/figure>\n<\/div><\/div>\n\n\n\n<div class=\"wp-block-column is-layout-flow wp-block-column-is-layout-flow\" style=\"flex-basis:6%\"><\/div>\n\n\n\n<div class=\"wp-block-column has-background is-layout-flow wp-block-column-is-layout-flow\" style=\"background-color:#f7f7f7;flex-basis:45%\">\n<div class=\"wp-block-columns is-layout-flex wp-container-core-columns-is-layout-9d6595d7 wp-block-columns-is-layout-flex\">\n<div class=\"wp-block-column is-layout-flow wp-block-column-is-layout-flow\"><div class=\"wp-block-image\">\n<figure class=\"aligncenter size-full\"><img alt=\"\" loading=\"lazy\" decoding=\"async\" width=\"522\" height=\"313\" src=\"http:\/\/oenobrands.com\/wp-content\/uploads\/2024\/05\/OBweb_Maloferm_Vintage.jpg\" alt=\"\" class=\"wp-image-7227\" srcset=\"https:\/\/oenobrands.com\/wp-content\/uploads\/2024\/05\/OBweb_Maloferm_Vintage.jpg 522w, https:\/\/oenobrands.com\/wp-content\/uploads\/2024\/05\/OBweb_Maloferm_Vintage-300x180.jpg 300w\" sizes=\"auto, (max-width: 522px) 100vw, 522px\" \/><\/figure>\n<\/div><\/div>\n<\/div>\n\n\n\n<div style=\"height:40px\" aria-hidden=\"true\" class=\"wp-block-spacer\"><\/div>\n\n\n\n<div class=\"wp-block-group\"><div class=\"wp-block-group__inner-container is-layout-constrained wp-block-group-is-layout-constrained\">\n<p class=\"has-text-align-center\"><strong><strong>T\u00c9L\u00c9CHARGER LA FICHE D&rsquo;APPLICATION<\/strong><\/strong><\/p>\n\n\n\n<div class=\"wp-block-columns is-not-stacked-on-mobile is-layout-flex wp-container-core-columns-is-layout-9d6595d7 wp-block-columns-is-layout-flex\">\n<div class=\"wp-block-column is-layout-flow wp-block-column-is-layout-flow\">\n<figure class=\"wp-block-image size-full\"><a href=\"https:\/\/oenobrands.com\/wp-content\/uploads\/2024\/07\/Technical-data-sheet-bacteria-Maloferm-VINTAGE-Eng_2021-03_WEB.pdf\" target=\"_blank\" rel=\"noreferrer noopener\"><img loading=\"lazy\" decoding=\"async\" width=\"180\" height=\"94\" src=\"http:\/\/oenobrands.com\/wp-content\/uploads\/2023\/04\/flag-united-states-english-american.png\" alt=\"flag-united-states-english-american\" class=\"wp-image-2510\"\/><\/a><\/figure>\n<\/div>\n\n\n\n<div class=\"wp-block-column is-layout-flow wp-block-column-is-layout-flow\">\n<figure class=\"wp-block-image size-full\"><a href=\"https:\/\/oenobrands.com\/wp-content\/uploads\/2024\/07\/Fiche-tecnique-bacterie-Maloferm-VINTAGE-French_2021-03_WEB.pdf\" target=\"_blank\" rel=\"noreferrer noopener\"><img loading=\"lazy\" decoding=\"async\" width=\"180\" height=\"94\" src=\"http:\/\/oenobrands.com\/wp-content\/uploads\/2023\/04\/drapeau-francais-france.png\" alt=\"drapeau flag francais france\" class=\"wp-image-2508\"\/><\/a><\/figure>\n<\/div>\n\n\n\n<div class=\"wp-block-column is-layout-flow wp-block-column-is-layout-flow\">\n<figure class=\"wp-block-image size-full\"><a href=\"https:\/\/oenobrands.com\/wp-content\/uploads\/2024\/07\/Ficha-tecnica-Maloferm-bacteria-Vintage-Sp-VASON_202402_Web.pdf\" target=\"_blank\" rel=\"noreferrer noopener\"><img loading=\"lazy\" decoding=\"async\" width=\"180\" height=\"94\" src=\"http:\/\/oenobrands.com\/wp-content\/uploads\/2023\/04\/bandiera-spagnola-spagna.png\" alt=\"drapeau flag bandiera spagnola spagna\" class=\"wp-image-2506\"\/><\/a><\/figure>\n<\/div>\n\n\n\n<div class=\"wp-block-column is-layout-flow wp-block-column-is-layout-flow\">\n<figure class=\"wp-block-image size-full\"><a href=\"https:\/\/oenobrands.com\/wp-content\/uploads\/2024\/07\/Technical-data-sheet-batteria-Maloferm-Vintage-It_CORIMPEX_202402_Web.pdf\" target=\"_blank\" rel=\"noreferrer noopener\"><img loading=\"lazy\" decoding=\"async\" width=\"180\" height=\"94\" src=\"http:\/\/oenobrands.com\/wp-content\/uploads\/2023\/04\/bandiera-italiana-italy.png\" alt=\"drapeau flag bandiera italiana italy\" class=\"wp-image-2512\"\/><\/a><\/figure>\n<\/div>\n\n\n\n<div class=\"wp-block-column is-layout-flow wp-block-column-is-layout-flow\">\n<figure class=\"wp-block-image size-full\"><a href=\"https:\/\/oenobrands.com\/wp-content\/uploads\/2024\/07\/Technical-data-sheet-Maloferm-VINTAGE-Portuguese_2021-04_WEB.pdf\" target=\"_blank\" rel=\"noreferrer noopener\"><img loading=\"lazy\" decoding=\"async\" width=\"180\" height=\"94\" src=\"http:\/\/oenobrands.com\/wp-content\/uploads\/2024\/05\/Flag-drapeau-Portugal.png\" alt=\"Flag-drapeau-Portugal\" class=\"wp-image-7139\"\/><\/a><\/figure>\n<\/div>\n\n\n\n<div class=\"wp-block-column is-layout-flow wp-block-column-is-layout-flow\">\n<figure class=\"wp-block-image size-full\"><a href=\"https:\/\/oenobrands.com\/wp-content\/uploads\/2024\/07\/Technical-data-sheet-bakterien-Maloferm-VINTAGE-German_2021-03_DRAFT-1.pdf\" target=\"_blank\" rel=\"noreferrer noopener\"><img loading=\"lazy\" decoding=\"async\" width=\"180\" height=\"94\" src=\"http:\/\/oenobrands.com\/wp-content\/uploads\/2023\/05\/Flagge-Deutschland.png\" alt=\"Flagge-Deutschland-flag-drapeau\" class=\"wp-image-3550\"\/><\/a><\/figure>\n<\/div>\n<\/div>\n<\/div><\/div>\n\n\n\n<hr class=\"wp-block-separator has-text-color has-black-color has-alpha-channel-opacity has-black-background-color has-background\"\/>\n\n\n\n<div class=\"wp-block-buttons is-content-justification-center is-layout-flex wp-container-core-buttons-is-layout-16018d1d wp-block-buttons-is-layout-flex\">\n<div class=\"wp-block-button\"><a class=\"wp-block-button__link wp-element-button\" href=\"https:\/\/oenobrands.com\/distributor\/\">VOTRE DISTRIBUTEUR<\/a><\/div>\n<\/div>\n\n\n\n<hr class=\"wp-block-separator has-text-color has-black-color has-alpha-channel-opacity has-black-background-color has-background\"\/>\n\n\n\n<h3 class=\"wp-block-heading\"><strong>Dose<\/strong><\/h3>\n\n\n\n<p>1 g\/hL<\/p>\n\n\n\n<h3 class=\"wp-block-heading\"><strong>Utilisation<\/strong><\/h3>\n\n\n\n<p>PAS D\u2019\u00c9TAPE DE R\u00c9HYDRATATION. Pour une meilleure r\u00e9partition des bact\u00e9ries, dissoudre un sachet dans 500 mL d\u2019eau non chlor\u00e9e \u00e0 20\u00b0C, pendant 15 minutes maximum. M\u00e9langer doucement pour homog\u00e9n\u00e9iser. Ensemencer les bact\u00e9ries apr\u00e8s la fermentation alcoolique. \u00c9galement adapt\u00e9e \u00e0 la co-inoculation.    <\/p>\n\n\n\n<h3 class=\"wp-block-heading\"><strong><strong>Conditionnement<\/strong><\/strong><\/h3>\n\n\n\n<p>Disponible en sachets de 25 g ou 100 g.<\/p>\n\n\n\n<h3 class=\"wp-block-heading\"><strong>Conservation<\/strong><\/h3>\n\n\n\n<p>Le produit peut \u00eatre conserv\u00e9 pendant 18 mois \u00e0 4\u00b0C ou 36 mois \u00e0 -18\u00b0C.<\/p>\n<\/div>\n<\/div>\n\n<div class=\"wp-block-group\"><div class=\"wp-block-group__inner-container is-layout-constrained wp-block-group-is-layout-constrained\">\n<div style=\"height:30px\" aria-hidden=\"true\" class=\"wp-block-spacer\"><\/div>\n\n\n\n<hr class=\"wp-block-separator has-text-color has-black-color has-alpha-channel-opacity has-black-background-color has-background\"\/>\n<\/div><\/div>\n\n<div class=\"wp-block-columns is-layout-flex wp-container-core-columns-is-layout-9d6595d7 wp-block-columns-is-layout-flex\">\n<div class=\"wp-block-column is-layout-flow wp-block-column-is-layout-flow\">\n<div class=\"wp-block-group\"><div class=\"wp-block-group__inner-container is-layout-constrained wp-block-group-is-layout-constrained\">\n<h2 class=\"wp-block-heading\"><strong><strong>Explorez les solutions associ\u00e9es :<\/strong><\/strong><\/h2>\n\n\n\n<div style=\"height:30px\" aria-hidden=\"true\" class=\"wp-block-spacer\"><\/div>\n\n\n\n<p><strong>Vous recherchez une approche plus holistique de la vinification ?<\/strong> D\u00e9couvrez nos solutions \u0153nologiques avanc\u00e9es en lien avec Maloferm Vintage.<\/p>\n\n\n\n<div style=\"height:30px\" aria-hidden=\"true\" class=\"wp-block-spacer\"><\/div>\n\n\n\n<div class=\"wp-block-columns are-vertically-aligned-center is-layout-flex wp-container-core-columns-is-layout-9d6595d7 wp-block-columns-is-layout-flex\">\n<div class=\"wp-block-column is-vertically-aligned-center is-layout-flow wp-block-column-is-layout-flow\" style=\"flex-basis:100%\">\n<div class=\"wp-block-buttons is-content-justification-center is-layout-flex wp-container-core-buttons-is-layout-16018d1d wp-block-buttons-is-layout-flex\">\n<div class=\"wp-block-button is-style-fill\"><a class=\"wp-block-button__link wp-element-button\" href=\"https:\/\/oenobrands.com\/solution\/malolactic-fermentation\/mlf-in-practice\/\" target=\"_blank\" rel=\"noreferrer noopener\">FML en pratique<\/a><\/div>\n\n\n\n<div class=\"wp-block-button is-style-fill\"><a class=\"wp-block-button__link wp-element-button\" href=\"https:\/\/oenobrands.com\/solution\/malolactic-fermentation\/sequential\/\" target=\"_blank\" rel=\"noreferrer noopener\">FML s\u00e9quentielle<\/a><\/div>\n\n\n\n<div class=\"wp-block-button is-style-fill\"><a class=\"wp-block-button__link wp-element-button\" href=\"https:\/\/oenobrands.com\/key-positive-aroma-compounds\/\" target=\"_blank\" rel=\"noreferrer noopener\">Compos\u00e9s aromatiques<\/a><\/div>\n\n\n\n<div class=\"wp-block-button is-style-fill\"><a class=\"wp-block-button__link wp-element-button\" href=\"https:\/\/oenobrands.com\/solution\/oenological-default\/smoke-taint\/\" target=\"_blank\" rel=\"noreferrer noopener\">Go\u00fbt de fum\u00e9e<\/a><\/div>\n<\/div>\n<\/div>\n<\/div>\n<\/div><\/div>\n\n\n\n<div style=\"height:30px\" aria-hidden=\"true\" class=\"wp-block-spacer\"><\/div>\n<\/div>\n\n\n\n<div class=\"wp-block-column is-layout-flow wp-block-column-is-layout-flow\">\n<h2 class=\"wp-block-heading\"><strong>Vous cherchez quelque chose d&rsquo;autre ?<\/strong><\/h2>\n\n\n\n<div style=\"height:30px\" aria-hidden=\"true\" class=\"wp-block-spacer\"><\/div>\n\n\n\n<p>Visitez notre section \u00ab Solution \u00bb, o\u00f9 nous proposons des conseils d&rsquo;experts, des connaissances populaires et des approches novatrices organis\u00e9es par processus de vinification. <strong>De la fermentation \u00e0 la filtration\/mise en bouteille, nous vous accompagnons avec des solutions pour am\u00e9liorer chaque \u00e9tape de votre processus de vinification.<\/strong><\/p>\n\n\n\n<div style=\"height:30px\" aria-hidden=\"true\" class=\"wp-block-spacer\"><\/div>\n\n\n\n<div class=\"wp-block-columns are-vertically-aligned-center is-layout-flex wp-container-core-columns-is-layout-9d6595d7 wp-block-columns-is-layout-flex\">\n<div class=\"wp-block-column is-vertically-aligned-center is-layout-flow wp-block-column-is-layout-flow\" style=\"flex-basis:100%\">\n<div class=\"wp-block-buttons is-content-justification-center is-layout-flex wp-container-core-buttons-is-layout-16018d1d wp-block-buttons-is-layout-flex\">\n<div class=\"wp-block-button is-style-fill\"><a class=\"wp-block-button__link wp-element-button\" href=\"https:\/\/oenobrands.com\/solution\/\">Advanced winemaking solutions<\/a><\/div>\n<\/div>\n<\/div>\n<\/div>\n<\/div>\n<\/div>\n\n<hr class=\"wp-block-separator has-text-color has-black-color has-alpha-channel-opacity has-black-background-color has-background\"\/>\n\n<div style=\"height:30px\" aria-hidden=\"true\" class=\"wp-block-spacer\"><\/div>\n\n<div class=\"wp-block-columns is-layout-flex wp-container-core-columns-is-layout-9d6595d7 wp-block-columns-is-layout-flex\">\n<div class=\"wp-block-column is-vertically-aligned-center is-layout-flow wp-block-column-is-layout-flow\" style=\"flex-basis:30%\">\n<h1 class=\"wp-block-heading has-black-color has-text-color\">D\u00e9couvrez la gamme MALOFERM<\/h1>\n\n\n\n<div style=\"height:20px\" aria-hidden=\"true\" class=\"wp-block-spacer\"><\/div>\n\n\n\n<div class=\"wp-block-buttons is-content-justification-center is-layout-flex wp-container-core-buttons-is-layout-16018d1d wp-block-buttons-is-layout-flex\">\n<div class=\"wp-block-button\"><a class=\"wp-block-button__link has-background wp-element-button\" href=\"https:\/\/oenobrands.com\/product\/bacteria\/anchor-bacteria\/\" style=\"background-color:#545859\">Bact\u00e9ries MALOFERM<\/a><\/div>\n<\/div>\n<\/div>\n\n\n\n<div class=\"wp-block-column is-layout-flow wp-block-column-is-layout-flow\" style=\"flex-basis:10%\"><\/div>\n\n\n\n<div class=\"wp-block-column is-layout-flow wp-block-column-is-layout-flow\"><div class=\"wp-block-image\">\n<figure class=\"aligncenter size-full\"><img loading=\"lazy\" decoding=\"async\" width=\"350\" height=\"70\" src=\"http:\/\/oenobrands.com\/wp-content\/uploads\/2023\/05\/MALOFERM-wine-bacteria-malolactic-bacterie-vin-couleur-350.png\" alt=\"MALOFERM-wine-bacteria-malolactic-bacterie-vin-couleur-350\" class=\"wp-image-3680\" srcset=\"https:\/\/oenobrands.com\/wp-content\/uploads\/2023\/05\/MALOFERM-wine-bacteria-malolactic-bacterie-vin-couleur-350.png 350w, https:\/\/oenobrands.com\/wp-content\/uploads\/2023\/05\/MALOFERM-wine-bacteria-malolactic-bacterie-vin-couleur-350-300x60.png 300w\" sizes=\"auto, (max-width: 350px) 100vw, 350px\" \/><\/figure>\n<\/div><\/div>\n<\/div>\n\n<div style=\"height:50px\" aria-hidden=\"true\" class=\"wp-block-spacer\"><\/div>\n","protected":false},"excerpt":{"rendered":"<p>Maloferm Vintage Une culture de bact\u00e9ries Oenococcus oeni polyvalente pour une fermentation malolactique fiable, [&hellip;]<\/p>\n","protected":false},"author":3,"featured_media":0,"parent":13893,"menu_order":3,"comment_status":"closed","ping_status":"closed","template":"page-product.php","meta":{"_acf_changed":false,"_seopress_robots_primary_cat":"0","_seopress_titles_title":"","_seopress_titles_desc":"","_seopress_robots_index":"","footnotes":""},"class_list":["post-13896","page","type-page","status-publish"],"acf":[],"_links":{"self":[{"href":"https:\/\/oenobrands.com\/fr\/wp-json\/wp\/v2\/pages\/13896","targetHints":{"allow":["GET"]}}],"collection":[{"href":"https:\/\/oenobrands.com\/fr\/wp-json\/wp\/v2\/pages"}],"about":[{"href":"https:\/\/oenobrands.com\/fr\/wp-json\/wp\/v2\/types\/page"}],"author":[{"embeddable":true,"href":"https:\/\/oenobrands.com\/fr\/wp-json\/wp\/v2\/users\/3"}],"replies":[{"embeddable":true,"href":"https:\/\/oenobrands.com\/fr\/wp-json\/wp\/v2\/comments?post=13896"}],"version-history":[{"count":0,"href":"https:\/\/oenobrands.com\/fr\/wp-json\/wp\/v2\/pages\/13896\/revisions"}],"up":[{"embeddable":true,"href":"https:\/\/oenobrands.com\/fr\/wp-json\/wp\/v2\/pages\/13893"}],"wp:attachment":[{"href":"https:\/\/oenobrands.com\/fr\/wp-json\/wp\/v2\/media?parent=13896"}],"curies":[{"name":"wp","href":"https:\/\/api.w.org\/{rel}","templated":true}]}}