{"id":13893,"date":"2022-10-19T21:58:54","date_gmt":"2022-10-19T19:58:54","guid":{"rendered":"https:\/\/oenobrands.com\/produit\/bacterie\/maloferm\/"},"modified":"2025-06-13T21:41:44","modified_gmt":"2025-06-13T19:41:44","slug":"maloferm","status":"publish","type":"page","link":"https:\/\/oenobrands.com\/fr\/produit\/bacterie\/maloferm\/","title":{"rendered":"MALOFERM"},"content":{"rendered":"\n<div style=\"height:50px\" aria-hidden=\"true\" class=\"wp-block-spacer\"><\/div>\n<div class=\"wp-block-image\">\n<figure class=\"aligncenter size-large is-resized\"><img alt=\"\" loading=\"lazy\" decoding=\"async\" width=\"1024\" height=\"204\" src=\"http:\/\/oenobrands.com\/wp-content\/uploads\/2024\/10\/produit-anchor-bacteries-maloferm-FR-1024x204.png\" alt=\"\" class=\"wp-image-15208\" style=\"width:678px;height:auto\" srcset=\"https:\/\/oenobrands.com\/wp-content\/uploads\/2024\/10\/produit-anchor-bacteries-maloferm-FR-1024x204.png 1024w, https:\/\/oenobrands.com\/wp-content\/uploads\/2024\/10\/produit-anchor-bacteries-maloferm-FR-300x60.png 300w, https:\/\/oenobrands.com\/wp-content\/uploads\/2024\/10\/produit-anchor-bacteries-maloferm-FR-768x153.png 768w, https:\/\/oenobrands.com\/wp-content\/uploads\/2024\/10\/produit-anchor-bacteries-maloferm-FR-1536x306.png 1536w, https:\/\/oenobrands.com\/wp-content\/uploads\/2024\/10\/produit-anchor-bacteries-maloferm-FR.png 1660w\" sizes=\"auto, (max-width: 1024px) 100vw, 1024px\" \/><\/figure>\n<\/div>\n<div style=\"height:50px\" aria-hidden=\"true\" class=\"wp-block-spacer\"><\/div>\n\n<p><strong>La gamme Maloferm a \u00e9t\u00e9 d\u00e9velopp\u00e9e pour r\u00e9pondre \u00e0 deux exigences fondamentales de la fermentation malolactique (FML) : la robustesse et la valorisation aromatique.<\/strong><br\/>Chaque souche du portefeuille, <strong>Maloferm Plus, Fruity, Vintage, and Bouquet<\/strong>, garantit des fermentations compl\u00e8tes et fiables, tout en apportant complexit\u00e9 et \u00e9quilibre au vin.<\/p>\n\n<p><strong>Pour r\u00e9pondre \u00e0 la demande actuelle de vins rouges plus frais<\/strong>, fruit\u00e9s et accessibles, Oenobrands a introduit <strong>Maloferm\u00ae Fruta DUO<\/strong>, le premier produit de la nouvelle <strong>gamme DUO<\/strong>, exclusivement d\u00e9di\u00e9e \u00e0 la <strong>co-inoculation<\/strong>.<br\/><em>Cette souche d\u2019Oenococcus oeni<\/em> a \u00e9t\u00e9 s\u00e9lectionn\u00e9e \u00e0 la fois pour sa forte capacit\u00e9 fermentaire, et pour sa capacit\u00e9 \u00e0 r\u00e9v\u00e9ler des ar\u00f4mes de fruits rouges, \u00e0 apporter de la douceur et \u00e0 am\u00e9liorer la qualit\u00e9 sensorielle globale des vins. Gr\u00e2ce \u00e0 sa formulation sp\u00e9cifique \u00e0 la co-inoculation, elle permet \u00e9galement une mise en march\u00e9 plus rapide des vins.<\/p>\n\n<div style=\"height:50px\" aria-hidden=\"true\" class=\"wp-block-spacer\"><\/div>\n\n<figure class=\"wp-block-image size-full\"><img alt=\"\" loading=\"lazy\" decoding=\"async\" width=\"784\" height=\"178\" src=\"https:\/\/oenobrands.com\/wp-content\/uploads\/2024\/03\/maloferm-sentence.png\" alt=\"\" class=\"wp-image-6189\" srcset=\"https:\/\/oenobrands.com\/wp-content\/uploads\/2024\/03\/maloferm-sentence.png 784w, https:\/\/oenobrands.com\/wp-content\/uploads\/2024\/03\/maloferm-sentence-300x68.png 300w, https:\/\/oenobrands.com\/wp-content\/uploads\/2024\/03\/maloferm-sentence-768x174.png 768w\" sizes=\"auto, (max-width: 784px) 100vw, 784px\" \/><\/figure>\n\n<div style=\"height:50px\" aria-hidden=\"true\" class=\"wp-block-spacer\"><\/div>\n\n<figure class=\"wp-block-table is-style-regular align-top-table\"><table><thead><tr><th><strong>Produit<\/strong><\/th><th><strong>Description<\/strong><\/th><th><strong>Application<\/strong><\/th><th><strong>Propri\u00e9t\u00e9s techniques<\/strong><\/th><\/tr><\/thead><tbody><tr><td><mark style=\"background-color:rgba(0, 0, 0, 0);color:#1d8649\" class=\"has-inline-color\"><strong>MALOFERM <\/strong><\/mark><br\/><mark style=\"background-color:rgba(0, 0, 0, 0);color:#1d8649\" class=\"has-inline-color\"><strong>PLUS<\/strong><\/mark><\/td><td>Culture bact\u00e9rienne con\u00e7ue pour r\u00e9aliser la FML dans des conditions difficiles.<br\/><br\/>SO\u2082 \u00e9lev\u00e9<br\/>pH bas<br\/>Degr\u00e9 alcoolique \u00e9lev\u00e9<br\/>Basses temp\u00e9ratures<\/td><td>Cette culture bact\u00e9rienne r\u00e9alise la malo dans des conditions difficiles comme le pH bas, le niveau \u00e9lev\u00e9 de SO2 et le degr\u00e9 alcoolique \u00e9lev\u00e9. Fra\u00eecheur et caract\u00e8re vari\u00e9tal du vin pr\u00e9serv\u00e9s.<br\/><br\/>Ensemencement s\u00e9quentiel.<br\/>Vins rouges et blancs.<br\/>Produit peu ou pas de diac\u00e9tyle.<br\/>Phase de latence courte et cin\u00e9tique fermentaire r\u00e9guli\u00e8re..<br\/>Faible production d\u2019acidit\u00e9 volatile.<br\/>Pas de production d\u2019amines biog\u00e8nes.<\/td><td>Tol\u00e9rance de temp\u00e9rature : 14 \u00b0C<br\/>pH : 3.1<br\/>SO\u2082 total \u00e0 l&rsquo;inoculation: &lt; 60 mg\/L<br\/>Tol\u00e9rance \u00e0 l&rsquo;alcool : 16 %<\/td><\/tr><tr><td><strong><mark style=\"background-color:rgba(0, 0, 0, 0);color:#79242f\" class=\"has-inline-color\">MALOFERM <\/mark><br\/><mark style=\"background-color:rgba(0, 0, 0, 0);color:#79242f\" class=\"has-inline-color\">FRUITY<\/mark><\/strong><\/td><td>Culture bact\u00e9rienne pour enrichir le profil aromatique pendant la FML, en particulier dans les vins rouges et blancs.<br\/><br\/>Fruits rouges<br\/>Fruits noirs<br\/>Fruits \u00e0 noyaux<br\/>Floral<\/td><td>Cette culture bact\u00e9rienne augmente la concentration en esters, ce qui enrichit le profil aromatique global. Cela se traduit par une augmentation des ar\u00f4mes fruit\u00e9s et floraux, ainsi que des notes de fruits \u00e0 noyau, de fruits rouges et noirs dans les vins rouges.<br\/><br\/>Ensemencement s\u00e9quentiel.<br\/>Vins rouges et blancs.<br\/>Phase de latence courte et cin\u00e9tique fermentaire r\u00e9guli\u00e8re..<br\/>Faible production d\u2019acidit\u00e9 volatile.<br\/>Pas de production d\u2019amines biog\u00e8nes.<\/td><td>Tol\u00e9rance de temp\u00e9rature : 15 \u00b0C<br\/>pH : 3,2<br\/>SO\u2082 total \u00e0 l&rsquo;inoculation: &lt; 50 mg\/L<br\/>Tol\u00e9rance \u00e0 l&rsquo;alcool : 15 %<\/td><\/tr><tr><td><strong><mark style=\"background-color:rgba(0, 0, 0, 0);color:#490e67\" class=\"has-inline-color\">MALOFERM<\/mark><br\/><mark style=\"background-color:rgba(0, 0, 0, 0);color:#490e67\" class=\"has-inline-color\">VINTAGE<\/mark><\/strong><\/td><td>Une culture bact\u00e9rienne polyvalente pour une fermentation malolactique valorisante dans les vins blancs, ros\u00e9s et rouges.<br\/><br\/>Qualit\u00e9<br\/>Volume<br\/>Volume<br\/>Notes vari\u00e9tales<\/td><td>Cette culture bact\u00e9rienne am\u00e9liore la qualit\u00e9 en renfor\u00e7ant le volume et le toucher de bouche du vin fini, tout en r\u00e9duisant les caract\u00e8res herbac\u00e9s et v\u00e9g\u00e9taux. Cela se fait tout en respectant les<br\/>caract\u00e9ristiques vari\u00e9tales et du mill\u00e9sime.<br\/><br\/>Ensemencement s\u00e9quentiel.<br\/>Vins blancs, rouges et ros\u00e9s de garde.<br\/>Production moyenne \u00e0 \u00e9lev\u00e9e de diac\u00e9tyle.<br\/>Phase de latence courte et cin\u00e9tique fermentaire r\u00e9guli\u00e8re..<br\/>Faible production d\u2019acidit\u00e9 volatile.<br\/>Aucune production d\u2019amines biog\u00e8nes.<\/td><td>Tol\u00e9rance de temp\u00e9rature : 16 \u00b0C<br\/>pH: 3,15<br\/>SO\u2082 total \u00e0 l&rsquo;inoculation: &lt; 45 mg\/L<br\/>Tol\u00e9rance \u00e0 l&rsquo;alcool : 15,5 %<\/td><\/tr><tr><td><mark style=\"background-color:rgba(0, 0, 0, 0);color:#f32735\" class=\"has-inline-color\"><strong>MALOFERM <\/strong><\/mark><br\/><mark style=\"background-color:rgba(0, 0, 0, 0);color:#f32735\" class=\"has-inline-color\"><strong>BOUQUET<\/strong> <\/mark><\/td><td>Une culture bact\u00e9rienne polyvalente pour intensifier les ar\u00f4mes lors de la fermentation malolactique des vins ros\u00e9s et rouges.<br\/><br\/>Fruits noirs<br\/>Floral<br\/>Volume<br\/>Qualit\u00e9<\/td><td>Cette culture bact\u00e9rienne am\u00e9liore la qualit\u00e9 en intensifiant les notes de fruits rouges, noirs, tropicaux et d\u2019agrumes, ainsi que les notes florales. Cette am\u00e9lioration de la qualit\u00e9 aromatique s\u2019accompagne d\u2019un gain en volume, en longueur<br\/>et volume en bouche.<br\/><br\/>Ensemencement s\u00e9quentiel.<br\/>Vins rouges et ros\u00e9s de garde.<br\/>Faible production de diac\u00e9tyle.<br\/>Phase de latence courte et cin\u00e9tique fermentaire r\u00e9guli\u00e8re..<br\/>Faible production d\u2019acidit\u00e9 volatile.<br\/>Aucune production d\u2019amines biog\u00e8nes.<\/td><td>Tol\u00e9rance de temp\u00e9rature : 18 \u00b0C<br\/>pH : 3,25<br\/>SO\u2082 total \u00e0 l&rsquo;inoculation: &lt; 45 mg\/L<br\/>Tol\u00e9rance \u00e0 l&rsquo;alcool : 15 %<\/td><\/tr><\/tbody><\/table><\/figure>\n\n<div style=\"height:50px\" aria-hidden=\"true\" class=\"wp-block-spacer\"><\/div>\n\n<h2 class=\"wp-block-heading\"><strong>Pour la co-inoculation<\/strong><\/h2>\n\n<figure class=\"wp-block-table table-fruta-white\"><table class=\"has-white-color has-text-color has-background has-link-color\" style=\"background-color:#901a3a\"><tbody><tr><td><strong>MALOFERM FRUTA DUO<\/strong><\/td><td>Une culture bact\u00e9rienne destin\u00e9e \u00e0 renforcer les ar\u00f4mes de fruits rouges frais lors de la fermentation malolactique en co-inoculation dans les vins rouges.<br\/><br\/>Frais<br\/>Souple<br\/>Fruit<br\/>Volume<\/td><td>Cette culture bact\u00e9rienne renforce le profil de fruits rouges frais des vins rouges. Elle apporte de la souplesse, du corps et du volume, tout en am\u00e9liorant la qualit\u00e9 globale du vin.<br\/><br\/>SEULEMENT en Co-inoculation<br\/>Vins rouges faciles \u00e0 boire.<br\/>Bonne cin\u00e9tique fermentaire.<br\/>Faible production d\u2019acidit\u00e9 volatile.<br\/>Pas de production d\u2019amines biog\u00e8nes.<\/td><td>Tol\u00e9rance de temp\u00e9rature : 18 \u00b0C <br\/>pH : 3,3<br\/>SO\u2082 total \u00e0 l&rsquo;inoculation: &lt; 40 mg\/L<br\/>Tol\u00e9rance \u00e0 l&rsquo;alcool : 15 % <\/td><\/tr><\/tbody><\/table><\/figure>\n\n<div style=\"height:50px\" aria-hidden=\"true\" class=\"wp-block-spacer\"><\/div>\n\n<h2 class=\"wp-block-heading\"><strong>D\u00e9couvrez notre gamme de bact\u00e9ries Maloferm :<\/strong><\/h2>\n\n<div style=\"height:50px\" aria-hidden=\"true\" class=\"wp-block-spacer\"><\/div>\n","protected":false},"excerpt":{"rendered":"<p>La gamme Maloferm a \u00e9t\u00e9 d\u00e9velopp\u00e9e pour r\u00e9pondre \u00e0 deux exigences fondamentales de la [&hellip;]<\/p>\n","protected":false},"author":3,"featured_media":0,"parent":13885,"menu_order":2,"comment_status":"closed","ping_status":"closed","template":"page-premier-products-list.php","meta":{"_acf_changed":false,"_seopress_robots_primary_cat":"0","_seopress_titles_title":"","_seopress_titles_desc":"","_seopress_robots_index":"","footnotes":""},"class_list":["post-13893","page","type-page","status-publish"],"acf":[],"_links":{"self":[{"href":"https:\/\/oenobrands.com\/fr\/wp-json\/wp\/v2\/pages\/13893","targetHints":{"allow":["GET"]}}],"collection":[{"href":"https:\/\/oenobrands.com\/fr\/wp-json\/wp\/v2\/pages"}],"about":[{"href":"https:\/\/oenobrands.com\/fr\/wp-json\/wp\/v2\/types\/page"}],"author":[{"embeddable":true,"href":"https:\/\/oenobrands.com\/fr\/wp-json\/wp\/v2\/users\/3"}],"replies":[{"embeddable":true,"href":"https:\/\/oenobrands.com\/fr\/wp-json\/wp\/v2\/comments?post=13893"}],"version-history":[{"count":0,"href":"https:\/\/oenobrands.com\/fr\/wp-json\/wp\/v2\/pages\/13893\/revisions"}],"up":[{"embeddable":true,"href":"https:\/\/oenobrands.com\/fr\/wp-json\/wp\/v2\/pages\/13885"}],"wp:attachment":[{"href":"https:\/\/oenobrands.com\/fr\/wp-json\/wp\/v2\/media?parent=13893"}],"curies":[{"name":"wp","href":"https:\/\/api.w.org\/{rel}","templated":true}]}}