{"id":13890,"date":"2022-10-19T22:41:02","date_gmt":"2022-10-19T20:41:02","guid":{"rendered":"https:\/\/oenobrands.com\/produit\/bacterie\/bacteries-anchor\/duet-mature\/"},"modified":"2025-11-18T13:58:15","modified_gmt":"2025-11-18T12:58:15","slug":"duet-mature","status":"publish","type":"page","link":"https:\/\/oenobrands.com\/fr\/produit\/bacterie\/bacteries-anchor\/duet-mature\/","title":{"rendered":"Duet Mature"},"content":{"rendered":"\n<h1 class=\"wp-block-heading has-text-color\" style=\"color:#80374a\">DUET MATURE<\/h1>\n\n<div style=\"height:30px\" aria-hidden=\"true\" class=\"wp-block-spacer\"><\/div>\n\n<h2 class=\"wp-block-heading has-medium-font-size\">Un m\u00e9lange de bact\u00e9ries<em> Oenococcus oeni<\/em> et <em>Lactobacillus plantarum,<\/em> \u00e0 utiliser en co-inoculation, pour am\u00e9liorer le profil aromatique des fruits noirs pendant la fermentation malolactique et la maturation.<\/h2>\n\n<div style=\"height:30px\" aria-hidden=\"true\" class=\"wp-block-spacer\"><\/div>\n\n<h3 class=\"wp-block-heading has-medium-font-size\"><strong>OBJECTIF<\/strong><\/h3>\n\n<p><strong>Duet Mature<\/strong> est une culture de d\u00e9part mixte pour la FML (fermentation malolactique) en co-inoculation dans les vins rouges. Ce m\u00e9lange de bact\u00e9ries est con\u00e7u pour offrir tous les avantages de la co-inoculation tout en am\u00e9liorant le profil aromatique des fruits noirs, tels que la prune, le pruneau et les fruits secs. <\/p>\n\n<p><strong>Duet Mature <\/strong>n&rsquo;am\u00e9liore pas seulement le profil sensoriel pendant la FML, mais contribue \u00e9galement de mani\u00e8re significative au profil aromatique durant la p\u00e9riode de vieillissement.<\/p>\n\n<div style=\"height:50px\" aria-hidden=\"true\" class=\"wp-block-spacer\"><\/div>\n\n<div class=\"wp-block-columns is-layout-flex wp-container-core-columns-is-layout-9d6595d7 wp-block-columns-is-layout-flex\">\n<div class=\"wp-block-column is-layout-flow wp-block-column-is-layout-flow\" style=\"flex-basis:45%\">\n<h3 class=\"wp-block-heading has-text-color\" style=\"color:#80374a\"><strong>Application<\/strong><\/h3>\n\n\n\n<ul class=\"wp-block-list\">\n<li>Ar\u00f4mes accrus de prune et de fruits noirs<\/li>\n\n\n\n<li>Notes d&rsquo;\u00e9pices et de poivre noir<\/li>\n\n\n\n<li>Notes florales renforc\u00e9es<\/li>\n\n\n\n<li>Ar\u00f4mes de m\u00fbre et de cassis amplifi\u00e9s (lib\u00e9ration de DMS pendant la maturation)<\/li>\n<\/ul>\n\n\n\n<h3 class=\"wp-block-heading has-text-color\" style=\"color:#80374a\"><strong>Origine<\/strong><\/h3>\n\n\n\n<p>Cultures bact\u00e9riennes s\u00e9lectionn\u00e9es et m\u00e9lang\u00e9es pour Anchor Oenology.<\/p>\n\n\n\n<h3 class=\"wp-block-heading has-text-color\" style=\"color:#80374a\"><strong>Propri\u00e9t\u00e9s techniques<\/strong><\/h3>\n\n\n\n<ul class=\"wp-block-list\">\n<li>Tol\u00e9rance \u00e0 la temp\u00e9rature : 18 \u2013 28 \u00b0C<\/li>\n\n\n\n<li>Tol\u00e9rance \u00e0 l&rsquo;alcool : 16 %<\/li>\n\n\n\n<li>SO<sub>2<\/sub> total \u00e0 l&rsquo;inoculation : &lt; 50 mg\/L<\/li>\n\n\n\n<li>pH: \u2265 3.3<\/li>\n\n\n\n<li>Pas de production d&rsquo;amines biog\u00e8nes<\/li>\n\n\n\n<li>Production d&rsquo;acidit\u00e9 volatile faible \u00e0 inexistante<\/li>\n<\/ul>\n\n\n\n<h3 class=\"wp-block-heading has-text-color\" style=\"color:#80374a\"><strong>Science et Technologie<\/strong><\/h3>\n\n\n\n<p><\/p>\n\n\n<div class=\"wp-block-image is-style-zoooom\">\n<figure class=\"aligncenter size-full is-resized\"><img loading=\"lazy\" decoding=\"async\" width=\"895\" height=\"481\" src=\"http:\/\/oenobrands.com\/wp-content\/uploads\/2023\/02\/Product-_-bacteria_Anchor_DUET-MATURE-image-1.png\" alt=\"Product bacteria Anchor DUET MATURE image-1\" class=\"wp-image-1526\" style=\"width:350px\" srcset=\"https:\/\/oenobrands.com\/wp-content\/uploads\/2023\/02\/Product-_-bacteria_Anchor_DUET-MATURE-image-1.png 895w, https:\/\/oenobrands.com\/wp-content\/uploads\/2023\/02\/Product-_-bacteria_Anchor_DUET-MATURE-image-1-300x161.png 300w, https:\/\/oenobrands.com\/wp-content\/uploads\/2023\/02\/Product-_-bacteria_Anchor_DUET-MATURE-image-1-768x413.png 768w\" sizes=\"auto, (max-width: 895px) 100vw, 895px\" \/><figcaption class=\"wp-element-caption\">Comparaison de<strong> Duet Mature<\/strong> avec des bact\u00e9ries concurrentes sur du Tempranillo espagnol. Sensations n\u00e9gatives r\u00e9duites. <\/figcaption><\/figure>\n<\/div>\n\n\n<div style=\"height:20px\" aria-hidden=\"true\" class=\"wp-block-spacer\"><\/div>\n\n\n<div class=\"wp-block-image is-style-zoooom\">\n<figure class=\"aligncenter size-full is-resized\"><img loading=\"lazy\" decoding=\"async\" width=\"844\" height=\"681\" src=\"http:\/\/oenobrands.com\/wp-content\/uploads\/2023\/02\/Product-_-bacteria_Anchor_DUET-MATURE-image-2.png\" alt=\"Product bacteria Anchor DUET MATURE image-2\" class=\"wp-image-1528\" style=\"width:350px\" srcset=\"https:\/\/oenobrands.com\/wp-content\/uploads\/2023\/02\/Product-_-bacteria_Anchor_DUET-MATURE-image-2.png 844w, https:\/\/oenobrands.com\/wp-content\/uploads\/2023\/02\/Product-_-bacteria_Anchor_DUET-MATURE-image-2-300x242.png 300w, https:\/\/oenobrands.com\/wp-content\/uploads\/2023\/02\/Product-_-bacteria_Anchor_DUET-MATURE-image-2-768x620.png 768w\" sizes=\"auto, (max-width: 844px) 100vw, 844px\" \/><figcaption class=\"wp-element-caption\">Comparaison de <strong>Duet Mature<\/strong> avec d&rsquo;autres cultures commerciales en co-inoculation sur du Cabernet Sauvignon sud-africain. <\/figcaption><\/figure>\n<\/div>\n\n\n<div style=\"height:20px\" aria-hidden=\"true\" class=\"wp-block-spacer\"><\/div>\n\n\n<div class=\"wp-block-image is-style-zoooom\">\n<figure class=\"aligncenter size-full is-resized\"><img loading=\"lazy\" decoding=\"async\" width=\"1183\" height=\"586\" src=\"https:\/\/oenobrands.com\/wp-content\/uploads\/2023\/02\/Product-_-bacteria_Anchor_DUET-MATURE-image-3.png\" alt=\"Product bacteria Anchor DUET MATURE image-3\" class=\"wp-image-1530\" style=\"width:350px\" srcset=\"https:\/\/oenobrands.com\/wp-content\/uploads\/2023\/02\/Product-_-bacteria_Anchor_DUET-MATURE-image-3.png 1183w, https:\/\/oenobrands.com\/wp-content\/uploads\/2023\/02\/Product-_-bacteria_Anchor_DUET-MATURE-image-3-300x149.png 300w, https:\/\/oenobrands.com\/wp-content\/uploads\/2023\/02\/Product-_-bacteria_Anchor_DUET-MATURE-image-3-1024x507.png 1024w, https:\/\/oenobrands.com\/wp-content\/uploads\/2023\/02\/Product-_-bacteria_Anchor_DUET-MATURE-image-3-768x380.png 768w\" sizes=\"auto, (max-width: 1183px) 100vw, 1183px\" \/><figcaption class=\"wp-element-caption\">Analyse sensorielle apr\u00e8s la FML \u2013 pr\u00e9f\u00e9rence g\u00e9n\u00e9rale sur du Merlot espagnol. <\/figcaption><\/figure>\n<\/div>\n\n\n<p><\/p>\n<\/div>\n\n\n\n<div class=\"wp-block-column is-layout-flow wp-block-column-is-layout-flow\" style=\"flex-basis:6%\"><\/div>\n\n\n\n<div class=\"wp-block-column has-background is-layout-flow wp-block-column-is-layout-flow\" style=\"background-color:#f7f7f7;flex-basis:45%\">\n<div class=\"wp-block-columns is-layout-flex wp-container-core-columns-is-layout-9d6595d7 wp-block-columns-is-layout-flex\">\n<div class=\"wp-block-column is-layout-flow wp-block-column-is-layout-flow\"><div class=\"wp-block-image\">\n<figure class=\"aligncenter size-full is-resized\"><img alt=\"\" loading=\"lazy\" decoding=\"async\" width=\"522\" height=\"313\" src=\"http:\/\/oenobrands.com\/wp-content\/uploads\/2024\/05\/OBweb_AO_Bact_D_Mature.jpg\" alt=\"\" class=\"wp-image-7209\" style=\"width:250px\" srcset=\"https:\/\/oenobrands.com\/wp-content\/uploads\/2024\/05\/OBweb_AO_Bact_D_Mature.jpg 522w, https:\/\/oenobrands.com\/wp-content\/uploads\/2024\/05\/OBweb_AO_Bact_D_Mature-300x180.jpg 300w\" sizes=\"auto, (max-width: 522px) 100vw, 522px\" \/><\/figure>\n<\/div><\/div>\n<\/div>\n\n\n\n<div style=\"height:40px\" aria-hidden=\"true\" class=\"wp-block-spacer\"><\/div>\n\n\n\n<div class=\"wp-block-group\"><div class=\"wp-block-group__inner-container is-layout-constrained wp-block-group-is-layout-constrained\">\n<p class=\"has-text-align-center\"><strong>T\u00c9L\u00c9CHARGER LA FICHE D&rsquo;APPLICATION<\/strong><\/p>\n\n\n\n<div class=\"wp-block-columns is-not-stacked-on-mobile is-layout-flex wp-container-core-columns-is-layout-9d6595d7 wp-block-columns-is-layout-flex\">\n<div class=\"wp-block-column is-layout-flow wp-block-column-is-layout-flow\">\n<figure class=\"wp-block-image size-full\"><a href=\"https:\/\/oenobrands.com\/wp-content\/uploads\/2024\/07\/Technical-data-sheet-Anchor-bacteria-Duet-Mature_Eng_202107_Web.pdf\" target=\"_blank\" rel=\"noreferrer noopener\"><img loading=\"lazy\" decoding=\"async\" width=\"180\" height=\"94\" src=\"http:\/\/oenobrands.com\/wp-content\/uploads\/2023\/04\/flag-united-states-english-american.png\" alt=\"flag-united-states-english-american\" class=\"wp-image-2510\"\/><\/a><\/figure>\n<\/div>\n\n\n\n<div class=\"wp-block-column is-layout-flow wp-block-column-is-layout-flow\">\n<figure class=\"wp-block-image size-full\"><a href=\"https:\/\/oenobrands.com\/wp-content\/uploads\/2024\/07\/Fiche-technique-Anchor-bacterie-Duet-Mature_Fr_202107_Web.pdf\" target=\"_blank\" rel=\"noreferrer noopener\"><img loading=\"lazy\" decoding=\"async\" width=\"180\" height=\"94\" src=\"http:\/\/oenobrands.com\/wp-content\/uploads\/2023\/04\/drapeau-francais-france.png\" alt=\"drapeau flag francais france\" class=\"wp-image-2508\"\/><\/a><\/figure>\n<\/div>\n\n\n\n<div class=\"wp-block-column is-layout-flow wp-block-column-is-layout-flow\">\n<figure class=\"wp-block-image size-full\"><a href=\"https:\/\/oenobrands.com\/wp-content\/uploads\/2024\/07\/Ficha-tecnica-Anchor-bacterias-Duet-Mature-Sp202107_Web.pdf\" target=\"_blank\" rel=\"noreferrer noopener\"><img loading=\"lazy\" decoding=\"async\" width=\"180\" height=\"94\" src=\"http:\/\/oenobrands.com\/wp-content\/uploads\/2023\/04\/bandiera-spagnola-spagna.png\" alt=\"drapeau flag bandiera spagnola spagna\" class=\"wp-image-2506\"\/><\/a><\/figure>\n<\/div>\n\n\n\n<div class=\"wp-block-column is-layout-flow wp-block-column-is-layout-flow\">\n<figure class=\"wp-block-image size-full\"><a href=\"https:\/\/oenobrands.com\/wp-content\/uploads\/2024\/07\/Ficha-tecnica-Anchor-bacteria-Duet-MATURE-Portuguese-2021-04_WEB.pdf\" target=\"_blank\" rel=\"noreferrer noopener\"><img loading=\"lazy\" decoding=\"async\" width=\"180\" height=\"94\" src=\"http:\/\/oenobrands.com\/wp-content\/uploads\/2024\/05\/Flag-drapeau-Portugal.png\" alt=\"Flag-drapeau-Portugal\" class=\"wp-image-7139\"\/><\/a><\/figure>\n<\/div>\n\n\n\n<div class=\"wp-block-column is-layout-flow wp-block-column-is-layout-flow\">\n<figure class=\"wp-block-image size-full\"><a href=\"https:\/\/oenobrands.com\/wp-content\/uploads\/2024\/07\/Technisches-Datenblatt-Anchor-Bakterien-Duet-Mature-Ger_202107_Web.pdf\" target=\"_blank\" rel=\"noreferrer noopener\"><img loading=\"lazy\" decoding=\"async\" width=\"180\" height=\"94\" src=\"http:\/\/oenobrands.com\/wp-content\/uploads\/2023\/05\/Flagge-Deutschland.png\" alt=\"Flagge-Deutschland-flag-drapeau\" class=\"wp-image-3550\"\/><\/a><\/figure>\n<\/div>\n\n\n\n<div class=\"wp-block-column is-layout-flow wp-block-column-is-layout-flow\">\n<figure class=\"wp-block-image size-full\"><a href=\"https:\/\/oenobrands.com\/wp-content\/uploads\/2024\/07\/Technicky-list-Anchor-bakterie-Duet-Mature_Cz_OK-SERVIS_202107_Web.pdf\" target=\"_blank\" rel=\"noreferrer noopener\"><img loading=\"lazy\" decoding=\"async\" width=\"180\" height=\"94\" src=\"http:\/\/oenobrands.com\/wp-content\/uploads\/2023\/05\/Flag-vlajka-Czech-Republic.png\" alt=\"Flag-vlajka-Czech-Republic-drapeau\" class=\"wp-image-3548\"\/><\/a><\/figure>\n<\/div>\n<\/div>\n\n\n\n<div class=\"wp-block-columns is-not-stacked-on-mobile is-layout-flex wp-container-core-columns-is-layout-9d6595d7 wp-block-columns-is-layout-flex\">\n<div class=\"wp-block-column is-layout-flow wp-block-column-is-layout-flow\"><\/div>\n\n\n\n<div class=\"wp-block-column is-layout-flow wp-block-column-is-layout-flow\"><\/div>\n\n\n\n<div class=\"wp-block-column is-layout-flow wp-block-column-is-layout-flow\"><\/div>\n\n\n\n<div class=\"wp-block-column is-layout-flow wp-block-column-is-layout-flow\"><\/div>\n\n\n\n<div class=\"wp-block-column is-layout-flow wp-block-column-is-layout-flow\"><\/div>\n\n\n\n<div class=\"wp-block-column is-layout-flow wp-block-column-is-layout-flow\"><\/div>\n<\/div>\n<\/div><\/div>\n\n\n\n<hr class=\"wp-block-separator has-text-color has-alpha-channel-opacity has-background\" style=\"background-color:#162638;color:#162638\"\/>\n\n\n\n<div class=\"wp-block-buttons is-content-justification-center is-layout-flex wp-container-core-buttons-is-layout-16018d1d wp-block-buttons-is-layout-flex\">\n<div class=\"wp-block-button\"><a class=\"wp-block-button__link has-white-color has-text-color has-background has-text-align-center wp-element-button\" href=\"https:\/\/oenobrands.com\/fr\/notre-reseau-de-distributeurs\/&lt;br\/&gt;&lt;br\/&gt;&lt;div style=&quot;all: initial !important;&quot;&gt; &lt;\/div&gt;\" style=\"background-color:#162638\" target=\"_blank\" rel=\"noreferrer noopener\">Votre distributeur<\/a><\/div>\n<\/div>\n\n\n\n<hr class=\"wp-block-separator has-text-color has-alpha-channel-opacity has-background\" style=\"background-color:#162638;color:#162638\"\/>\n\n\n\n<h3 class=\"wp-block-heading\"><strong>Dose<\/strong><\/h3>\n\n\n\n<p>1 g\/hL<\/p>\n\n\n\n<h3 class=\"wp-block-heading\"><strong>Utilisation<\/strong><\/h3>\n\n\n\n<p>Dissoudre un sachet de 25 g dans 1 L d&rsquo;eau sans chlore \u00e0 20 \u00b0C pendant un maximum de 15 minutes. Remuer pour disperser. <\/p>\n\n\n\n<p>Les bact\u00e9ries r\u00e9hydrat\u00e9es doivent \u00eatre ajout\u00e9es au mo\u00fbt en m\u00eame temps que la levure.<\/p>\n\n\n\n<p>La temp\u00e9rature du mo\u00fbt doit id\u00e9alement \u00eatre maintenue entre 18 et 25 \u00b0C.<\/p>\n\n\n\n<h3 class=\"wp-block-heading\"><strong><strong>Conditionnement<\/strong><\/strong><\/h3>\n\n\n\n<p>Disponible en sachets de 25 g ou 100 g.<\/p>\n\n\n\n<h3 class=\"wp-block-heading\"><strong>Conservation<\/strong><\/h3>\n\n\n\n<p>Conserver dans un endroit frais et sec. 18 mois \u00e0 4 \u00b0C ou 36 mois \u00e0 -18 \u00b0C dans l&#8217;emballage d&rsquo;origine scell\u00e9. Utiliser apr\u00e8s ouverture.  <\/p>\n\n\n\n<p>Pendant le transport et la livraison, les sachets scell\u00e9s peuvent \u00eatre conserv\u00e9s \u00e0 temp\u00e9rature ambiante (&lt; 25 \u00b0C) pendant 3 semaines sans perte significative de viabilit\u00e9.<\/p>\n<\/div>\n<\/div>\n\n<div class=\"wp-block-group\"><div class=\"wp-block-group__inner-container is-layout-constrained wp-block-group-is-layout-constrained\">\n<div style=\"height:30px\" aria-hidden=\"true\" class=\"wp-block-spacer\"><\/div>\n\n\n\n<hr class=\"wp-block-separator has-text-color has-black-color has-alpha-channel-opacity has-black-background-color has-background\"\/>\n<\/div><\/div>\n\n<div class=\"wp-block-columns is-layout-flex wp-container-core-columns-is-layout-9d6595d7 wp-block-columns-is-layout-flex\">\n<div class=\"wp-block-column is-layout-flow wp-block-column-is-layout-flow\">\n<div class=\"wp-block-group\"><div class=\"wp-block-group__inner-container is-layout-constrained wp-block-group-is-layout-constrained\">\n<h2 class=\"wp-block-heading\"><strong><strong>Explorez les solutions associ\u00e9es :<\/strong><\/strong><\/h2>\n\n\n\n<div style=\"height:30px\" aria-hidden=\"true\" class=\"wp-block-spacer\"><\/div>\n\n\n\n<p><strong>Vous recherchez une approche plus holistique de la vinification ?<\/strong> D\u00e9couvrez nos solutions \u0153nologiques avanc\u00e9es en lien avec <strong>DUET Mature.<\/strong><\/p>\n\n\n\n<div style=\"height:30px\" aria-hidden=\"true\" class=\"wp-block-spacer\"><\/div>\n\n\n\n<div class=\"wp-block-columns are-vertically-aligned-center is-layout-flex wp-container-core-columns-is-layout-9d6595d7 wp-block-columns-is-layout-flex\">\n<div class=\"wp-block-column is-vertically-aligned-center is-layout-flow wp-block-column-is-layout-flow\" style=\"flex-basis:100%\">\n<div class=\"wp-block-buttons is-content-justification-center is-layout-flex wp-container-core-buttons-is-layout-16018d1d wp-block-buttons-is-layout-flex\">\n<div class=\"wp-block-button is-style-fill\"><a class=\"wp-block-button__link wp-element-button\" href=\"https:\/\/oenobrands.com\/fr\/solution\/fermentation-malolactique\/fml-en-pratique\/&lt;br\/&gt;&lt;br\/&gt;&lt;div style=&quot;all: initial !important;&quot;&gt; &lt;\/div&gt;\" target=\"_blank\" rel=\"noreferrer noopener\">FML en pratique<\/a><\/div>\n\n\n\n<div class=\"wp-block-button is-style-fill\"><a class=\"wp-block-button__link wp-element-button\" href=\"https:\/\/oenobrands.com\/fr\/solution\/fermentation-malolactique\/fml-en-co-inoculation\/&lt;br\/&gt;&lt;br\/&gt;&lt;div style=&quot;all: initial !important;&quot;&gt; &lt;\/div&gt;\" target=\"_blank\" rel=\"noreferrer noopener\">FML par coinoculation<\/a><\/div>\n\n\n\n<div class=\"wp-block-button is-style-fill\"><a class=\"wp-block-button__link wp-element-button\" href=\"https:\/\/oenobrands.com\/fr\/solution\/aromes-du-vin\/composes-aromatiques-cles\/&lt;br\/&gt;&lt;br\/&gt;&lt;div style=&quot;all: initial !important;&quot;&gt; &lt;\/div&gt;\" target=\"_blank\" rel=\"noreferrer noopener\">Compos\u00e9s aromatiques<\/a><\/div>\n<\/div>\n<\/div>\n<\/div>\n<\/div><\/div>\n\n\n\n<div style=\"height:30px\" aria-hidden=\"true\" class=\"wp-block-spacer\"><\/div>\n<\/div>\n\n\n\n<div class=\"wp-block-column is-layout-flow wp-block-column-is-layout-flow\">\n<h2 class=\"wp-block-heading\"><strong>Vous cherchez quelque chose d&rsquo;autre ?<\/strong><\/h2>\n\n\n\n<div style=\"height:30px\" aria-hidden=\"true\" class=\"wp-block-spacer\"><\/div>\n\n\n\n<p>Visitez notre section \u00ab Solution \u00bb, o\u00f9 nous proposons des conseils d&rsquo;experts, des connaissances populaires et des approches novatrices organis\u00e9es par processus de vinification. <strong>De la fermentation \u00e0 la filtration\/mise en bouteille, nous vous accompagnons avec des solutions pour am\u00e9liorer chaque \u00e9tape de votre processus de vinification.<\/strong><\/p>\n\n\n\n<div style=\"height:30px\" aria-hidden=\"true\" class=\"wp-block-spacer\"><\/div>\n\n\n\n<div class=\"wp-block-columns are-vertically-aligned-center is-layout-flex wp-container-core-columns-is-layout-9d6595d7 wp-block-columns-is-layout-flex\">\n<div class=\"wp-block-column is-vertically-aligned-center is-layout-flow wp-block-column-is-layout-flow\" style=\"flex-basis:100%\">\n<div class=\"wp-block-buttons is-content-justification-center is-layout-flex wp-container-core-buttons-is-layout-16018d1d wp-block-buttons-is-layout-flex\">\n<div class=\"wp-block-button is-style-fill\"><a class=\"wp-block-button__link wp-element-button\" href=\"https:\/\/oenobrands.com\/fr\/solution\/&lt;br\/&gt;&lt;br\/&gt;&lt;div style=&quot;all: initial !important;&quot;&gt; &lt;\/div&gt;\" target=\"_blank\" rel=\"noreferrer noopener\">Advanced winemaking solutions<\/a><\/div>\n<\/div>\n<\/div>\n<\/div>\n<\/div>\n<\/div>\n\n<hr class=\"wp-block-separator has-text-color has-black-color has-alpha-channel-opacity has-black-background-color has-background\"\/>\n\n<div style=\"height:30px\" aria-hidden=\"true\" class=\"wp-block-spacer\"><\/div>\n\n<div class=\"wp-block-columns is-layout-flex wp-container-core-columns-is-layout-9d6595d7 wp-block-columns-is-layout-flex\">\n<div class=\"wp-block-column is-vertically-aligned-center is-layout-flow wp-block-column-is-layout-flow\" style=\"flex-basis:30%\">\n<h1 class=\"wp-block-heading has-text-color\" style=\"color:#00205c\">D\u00e9couvrez la gamme de bact\u00e9ries ANCHOR<\/h1>\n\n\n\n<div style=\"height:20px\" aria-hidden=\"true\" class=\"wp-block-spacer\"><\/div>\n\n\n\n<div class=\"wp-block-buttons is-content-justification-center is-layout-flex wp-container-core-buttons-is-layout-16018d1d wp-block-buttons-is-layout-flex\">\n<div class=\"wp-block-button\"><a class=\"wp-block-button__link has-background wp-element-button\" href=\"https:\/\/oenobrands.com\/fr\/produit\/bacterie\/bacteries-anchor\/&lt;br\/&gt;&lt;br\/&gt;&lt;div style=&quot;all: initial !important;&quot;&gt; &lt;\/div&gt;\" style=\"background-color:#545859\" target=\"_blank\" rel=\"noreferrer noopener\">Bact\u00e9ries ANCHOR<\/a><\/div>\n<\/div>\n<\/div>\n\n\n\n<div class=\"wp-block-column is-layout-flow wp-block-column-is-layout-flow\" style=\"flex-basis:10%\"><\/div>\n\n\n\n<div class=\"wp-block-column is-layout-flow wp-block-column-is-layout-flow\"><div class=\"wp-block-image\">\n<figure class=\"aligncenter size-full is-resized\"><img loading=\"lazy\" decoding=\"async\" width=\"776\" height=\"240\" src=\"http:\/\/oenobrands.com\/wp-content\/uploads\/2023\/04\/Oenobrands-Anchor-logo-1.png\" alt=\"Anchor-logo\" class=\"wp-image-2447\" style=\"width:350px\" srcset=\"https:\/\/oenobrands.com\/wp-content\/uploads\/2023\/04\/Oenobrands-Anchor-logo-1.png 776w, https:\/\/oenobrands.com\/wp-content\/uploads\/2023\/04\/Oenobrands-Anchor-logo-1-300x93.png 300w, https:\/\/oenobrands.com\/wp-content\/uploads\/2023\/04\/Oenobrands-Anchor-logo-1-768x238.png 768w\" sizes=\"auto, (max-width: 776px) 100vw, 776px\" \/><\/figure>\n<\/div><\/div>\n<\/div>\n\n<div style=\"height:50px\" aria-hidden=\"true\" class=\"wp-block-spacer\"><\/div>\n","protected":false},"excerpt":{"rendered":"<p>DUET MATURE Un m\u00e9lange de bact\u00e9ries Oenococcus oeni et Lactobacillus plantarum, \u00e0 utiliser en [&hellip;]<\/p>\n","protected":false},"author":3,"featured_media":0,"parent":13886,"menu_order":3,"comment_status":"closed","ping_status":"closed","template":"page-product.php","meta":{"_acf_changed":false,"_seopress_robots_primary_cat":"0","_seopress_titles_title":"","_seopress_titles_desc":"","_seopress_robots_index":"","footnotes":""},"class_list":["post-13890","page","type-page","status-publish"],"acf":[],"_links":{"self":[{"href":"https:\/\/oenobrands.com\/fr\/wp-json\/wp\/v2\/pages\/13890","targetHints":{"allow":["GET"]}}],"collection":[{"href":"https:\/\/oenobrands.com\/fr\/wp-json\/wp\/v2\/pages"}],"about":[{"href":"https:\/\/oenobrands.com\/fr\/wp-json\/wp\/v2\/types\/page"}],"author":[{"embeddable":true,"href":"https:\/\/oenobrands.com\/fr\/wp-json\/wp\/v2\/users\/3"}],"replies":[{"embeddable":true,"href":"https:\/\/oenobrands.com\/fr\/wp-json\/wp\/v2\/comments?post=13890"}],"version-history":[{"count":0,"href":"https:\/\/oenobrands.com\/fr\/wp-json\/wp\/v2\/pages\/13890\/revisions"}],"up":[{"embeddable":true,"href":"https:\/\/oenobrands.com\/fr\/wp-json\/wp\/v2\/pages\/13886"}],"wp:attachment":[{"href":"https:\/\/oenobrands.com\/fr\/wp-json\/wp\/v2\/media?parent=13890"}],"curies":[{"name":"wp","href":"https:\/\/api.w.org\/{rel}","templated":true}]}}