{"id":13886,"date":"2022-10-19T21:58:34","date_gmt":"2022-10-19T19:58:34","guid":{"rendered":"https:\/\/oenobrands.com\/produit\/bacterie\/bacteries-anchor\/"},"modified":"2025-10-06T10:54:32","modified_gmt":"2025-10-06T08:54:32","slug":"bacteries-anchor","status":"publish","type":"page","link":"https:\/\/oenobrands.com\/fr\/produit\/bacterie\/bacteries-anchor\/","title":{"rendered":"Bact\u00e9ries ANCHOR"},"content":{"rendered":"\n<div style=\"height:50px\" aria-hidden=\"true\" class=\"wp-block-spacer\"><\/div>\n\n\n<div class=\"wp-block-image\">\n<figure class=\"aligncenter size-full is-resized\"><img alt=\"\" loading=\"lazy\" decoding=\"async\" width=\"1374\" height=\"214\" src=\"https:\/\/oenobrands.com\/wp-content\/uploads\/2025\/10\/produit-anchor-bacteries-banner-FR.png\" alt=\"\" class=\"wp-image-18283\" style=\"width:678px;height:auto\" srcset=\"https:\/\/oenobrands.com\/wp-content\/uploads\/2025\/10\/produit-anchor-bacteries-banner-FR.png 1374w, https:\/\/oenobrands.com\/wp-content\/uploads\/2025\/10\/produit-anchor-bacteries-banner-FR-300x47.png 300w, https:\/\/oenobrands.com\/wp-content\/uploads\/2025\/10\/produit-anchor-bacteries-banner-FR-1024x159.png 1024w, https:\/\/oenobrands.com\/wp-content\/uploads\/2025\/10\/produit-anchor-bacteries-banner-FR-768x120.png 768w\" sizes=\"auto, (max-width: 1374px) 100vw, 1374px\" \/><\/figure>\n<\/div>\n\n\n<div style=\"height:50px\" aria-hidden=\"true\" class=\"wp-block-spacer\"><\/div>\n\n\n\n<p>L&rsquo;utilisation des bact\u00e9ries lactiques \u0153nologiques (LAB) pour la fermentation malolactique (FML) a \u00e9volu\u00e9 au fil des ann\u00e9es, passant d&rsquo;une pratique qui ne recevait que peu d&rsquo;attention en cave \u00e0 une fermentation d\u00e9sormais consid\u00e9r\u00e9e comme essentielle pour produire des vins de qualit\u00e9.<\/p>\n\n\n\n<div style=\"height:38px\" aria-hidden=\"true\" class=\"wp-block-spacer\"><\/div>\n\n\n\n<div class=\"wp-block-columns is-layout-flex wp-container-core-columns-is-layout-9d6595d7 wp-block-columns-is-layout-flex\">\n<div class=\"wp-block-column is-layout-flow wp-block-column-is-layout-flow\" style=\"flex-basis:200px\">\n<p class=\"has-white-color has-text-color has-background has-link-color wp-elements-1cf161903ab82021dddbcb2d44abe795\" style=\"background-color:#00205c\">TROIS CONCEPTS PRINCIPAUX<br><\/p>\n<\/div>\n\n\n\n<div class=\"wp-block-column is-layout-flow wp-block-column-is-layout-flow\" style=\"flex-basis:5px\"><\/div>\n\n\n\n<div class=\"wp-block-column is-layout-flow wp-block-column-is-layout-flow\">\n<p>La gamme de bact\u00e9ries Anchor a \u00e9t\u00e9 d\u00e9velopp\u00e9e autour de trois concepts principaux : <\/p>\n\n\n\n<ul class=\"wp-block-list\">\n<li>les diff\u00e9rences entre<br><strong>co-inoculation et inoculation s\u00e9quentielle<\/strong> et l&rsquo;impact que cela a sur le vin : <\/li>\n\n\n\n<li>Les diff\u00e9rences entre les capacit\u00e9s fermentaires de <em>Oenococcus oeni <\/em>et <em>Lactobacillus plantarum<\/em> ;<\/li>\n\n\n\n<li>Les diff\u00e9rences d&rsquo;impact sensoriel apport\u00e9es par chaque culture bact\u00e9rienne. <\/li>\n<\/ul>\n<\/div>\n<\/div>\n\n\n\n<div style=\"height:50px\" aria-hidden=\"true\" class=\"wp-block-spacer\"><\/div>\n\n\n\n<p class=\"has-black-color has-text-color has-link-color wp-elements-4f1033630c91f54c330aa0f9d00198bd\"><strong>CO-INOCULATION VS INOCULATION S\u00c9QUENTIELLE<\/strong><\/p>\n\n\n\n<div class=\"wp-block-columns is-layout-flex wp-container-core-columns-is-layout-9d6595d7 wp-block-columns-is-layout-flex\">\n<div class=\"wp-block-column is-layout-flow wp-block-column-is-layout-flow\">\n<p>Quelle que soit la culture bact\u00e9rienne utilis\u00e9e pour la FML, il existe des diff\u00e9rences fondamentales dans les vins r\u00e9sultant d&rsquo;une FML en co-inoculation ou en inoculation s\u00e9quentielle. Lors de la co-inoculation, le m\u00e9tabolisme de l&rsquo;acide citrique des bact\u00e9ries est inhib\u00e9, ce qui r\u00e9duit la production de diac\u00e9tyle.  <\/p>\n<\/div>\n\n\n\n<div class=\"wp-block-column is-layout-flow wp-block-column-is-layout-flow\" style=\"flex-basis:5px\"><\/div>\n\n\n\n<div class=\"wp-block-column is-layout-flow wp-block-column-is-layout-flow\">\n<p>La co-inoculation permet \u00e9galement des conditions de fermentation moins stressantes pour les bact\u00e9ries, avec des nutriments suffisants et de faibles concentrations d&rsquo;alcool. Des cultures plus robustes sont n\u00e9cessaires pour la FML s\u00e9quentielle. <br><\/p>\n<\/div>\n<\/div>\n\n\n\n<p class=\"has-white-color has-text-color has-background has-link-color wp-elements-be6d291b3104f78630a62ffd18be7a39\" style=\"background-color:#00205c\">C&rsquo;est pour cette raison qu&rsquo;Anchor a cr\u00e9\u00e9 deux gammes de bact\u00e9ries : la <strong>gamme Duet <\/strong>est con\u00e7ue pour \u00eatre inocul\u00e9e en co-inoculation avec la levure, tandis que la <strong>gamme Solo <\/strong>offre une solution robuste pour l&rsquo;inoculation s\u00e9quentielle.<\/p>\n\n\n\n<div style=\"height:38px\" aria-hidden=\"true\" class=\"wp-block-spacer\"><\/div>\n\n\n\n<p class=\"has-black-color has-text-color has-link-color wp-elements-6c133cc028b0f9b5ed4abea09ba950ce\"><strong>UN M\u00c9LANGE DE <em>O. OENI <\/em>ET<em> L. PLANTARUM<\/em><\/strong><\/p>\n\n\n\n<div class=\"wp-block-columns is-layout-flex wp-container-core-columns-is-layout-9d6595d7 wp-block-columns-is-layout-flex\">\n<div class=\"wp-block-column is-layout-flow wp-block-column-is-layout-flow\">\n<p>Jusqu&rsquo;\u00e0 r\u00e9cemment, <em>O. oeni<\/em> \u00e9tait consid\u00e9r\u00e9 comme la bact\u00e9rie pr\u00e9f\u00e9r\u00e9e pour la FML en raison de sa robustesse dans les conditions \u0153nologiques. Cependant, <em>L. plantarum<\/em> s&rsquo;est r\u00e9v\u00e9l\u00e9e plus int\u00e9ressante sur le plan de la contribution sensorielle.  <\/p>\n<\/div>\n\n\n\n<div class=\"wp-block-column is-layout-flow wp-block-column-is-layout-flow\" style=\"flex-basis:5px\"><\/div>\n\n\n\n<div class=\"wp-block-column is-layout-flow wp-block-column-is-layout-flow\">\n<p>C&rsquo;est pour cette raison que la <strong>gamme Duet <\/strong>se compose d&rsquo;un m\u00e9lange de <em>O. oeni<\/em> et <em>L. plantarum<\/em> afin de garantir une culture robuste capable de compl\u00e9ter la FML tout en am\u00e9liorant la qualit\u00e9 sensorielle du vin.<\/p>\n<\/div>\n<\/div>\n\n\n\n<div style=\"height:50px\" aria-hidden=\"true\" class=\"wp-block-spacer\"><\/div>\n\n\n\n<figure class=\"wp-block-table align-top-table\" style=\"text-transform:none\"><table><thead><tr><th class=\"has-text-align-left\" data-align=\"left\">Produit<\/th><th>Description<\/th><th>Attributs sensoriels<\/th><\/tr><\/thead><tbody><tr><td class=\"has-text-align-left\" data-align=\"left\"><mark style=\"background-color:rgba(0, 0, 0, 0);color:#00bed6\" class=\"has-inline-color\"><strong>DUET <\/strong><\/mark><br><mark style=\"background-color:rgba(0, 0, 0, 0);color:#00bed6\" class=\"has-inline-color\"><strong>AROM<\/strong><\/mark><\/td><td><em>O. oeni &amp; L. plantarum<\/em><br>Profil aromatique renforc\u00e9 dans les vins rouges \u00e0 pH \u00e9lev\u00e9<br>pendant la fermentation malolactique.<\/td><td>Plus d\u2019intensit\u00e9 fruit\u00e9e<br>Plus d\u2019ar\u00f4mes de fruits rouges<br>Notes \u00e9pic\u00e9es amplifi\u00e9es<br>Intensit\u00e9 aromatique renforc\u00e9e<\/td><\/tr><tr><td class=\"has-text-align-left\" data-align=\"left\"><mark style=\"background-color:rgba(0, 0, 0, 0);color:#00945e\" class=\"has-inline-color\"><strong>DUET <\/strong><\/mark><br><mark style=\"background-color:rgba(0, 0, 0, 0);color:#00945e\" class=\"has-inline-color\"><strong>SOFT<\/strong><\/mark><\/td><td><em>O. oeni &amp; L. plantarum<\/em><br>Volume, sensation en bouche et profil sensoriel am\u00e9lior\u00e9s<br>dans les vins blancs et rouges pendant la fermentation malolactique.<br><br><br><br><\/td><td>Sensation en bouche am\u00e9lior\u00e9e<br>R\u00e9duction des notes v\u00e9g\u00e9tales<br>Astringence r\u00e9duite<br>Ar\u00f4mes de fruits noirs renforc\u00e9s<\/td><\/tr><tr><td class=\"has-text-align-left\" data-align=\"left\"><mark style=\"background-color:rgba(0, 0, 0, 0);color:#6b1e33\" class=\"has-inline-color\"><strong>DUET <\/strong><\/mark><br><mark style=\"background-color:rgba(0, 0, 0, 0);color:#6b1e33\" class=\"has-inline-color\"><strong>MATURE<\/strong><\/mark><\/td><td><em>O. oeni &amp; L. plantarum<\/em><br>Caract\u00e8res de fruits noirs renforc\u00e9s dans les vins rouges<br>pendant la malo et l\u2019\u00e9levage (production de PDMS).<\/td><td>Ar\u00f4mes accrus de prune et de fruits noirs<br>Notes \u00e9pic\u00e9es, poivr\u00e9es et florales<br>Intensification des notes de m\u00fbre et de cassis : lib\u00e9ration de DMS pendant l\u2019\u00e9levage<\/td><\/tr><tr><td class=\"has-text-align-left\" data-align=\"left\"><mark style=\"background-color:rgba(0, 0, 0, 0);color:#e64b38\" class=\"has-inline-color\"><strong>SOLO <\/strong><\/mark><br><mark style=\"background-color:rgba(0, 0, 0, 0);color:#e64b38\" class=\"has-inline-color\"><strong>SELECT<\/strong><\/mark><\/td><td>Souche : AWRI YV Select <br><em>O. oeni<\/em><br>Complexit\u00e9 accrue des vins rouges pendant la fermentation malolactique.<\/td><td>Structure renforc\u00e9e<br>Accentuation des notes \u00e9pic\u00e9es<br>Plus de complexit\u00e9<br>Ar\u00f4mes de fruits plus m\u00fbrs<\/td><\/tr><tr><td class=\"has-text-align-left\" data-align=\"left\"><strong><mark style=\"background-color:rgba(0, 0, 0, 0);color:#672e6c\" class=\"has-inline-color\">SOLO <\/mark><\/strong><br><strong><mark style=\"background-color:rgba(0, 0, 0, 0);color:#672e6c\" class=\"has-inline-color\">AURORA<\/mark><\/strong>                                   <\/td><td><em>O. oeni<\/em><br>Fruits frais, volume et souplesse renforc\u00e9s <br>pendant la malo des vins rouges et blancs.<\/td><td>Ar\u00f4mes de fruits et sensation en bouche renforc\u00e9s<br>Astringence et notes r\u00e9ductrices diminu\u00e9es<br>Qualit\u00e9 et intensit\u00e9 aromatiques accrues<\/td><\/tr><\/tbody><\/table><\/figure>\n\n\n\n<div style=\"height:50px\" aria-hidden=\"true\" class=\"wp-block-spacer\"><\/div>\n\n\n\n<h3 class=\"wp-block-heading\"><strong>R\u00e9sum\u00e9 du portefeuille de bact\u00e9ries Anchor :<\/strong><\/h3>\n\n\n\n<figure class=\"wp-block-table is-style-stripes\"><table class=\"has-fixed-layout\"><tbody><tr><td>Bact\u00e9ries<\/td><td class=\"has-text-align-center\" data-align=\"center\"><strong><mark style=\"background-color:rgba(0, 0, 0, 0);color:#00bed6\" class=\"has-inline-color\">ANCHOR DUET<br>AROM<\/mark><\/strong><\/td><td class=\"has-text-align-center\" data-align=\"center\"><strong><mark style=\"background-color:rgba(0, 0, 0, 0);color:#00945e\" class=\"has-inline-color\">ANCHOR DUET<br>SOFT<\/mark><\/strong><\/td><td class=\"has-text-align-center\" data-align=\"center\"><strong><mark style=\"background-color:rgba(0, 0, 0, 0);color:#6b1e33\" class=\"has-inline-color\">ANCHOR DUET<br>MATURE<\/mark><\/strong><\/td><td class=\"has-text-align-center\" data-align=\"center\"><strong><mark style=\"background-color:rgba(0, 0, 0, 0);color:#e64b38\" class=\"has-inline-color\">ANCHOR SOLO<br>SELECT<\/mark><\/strong><\/td><td class=\"has-text-align-center\" data-align=\"center\"><strong><mark style=\"background-color:rgba(0, 0, 0, 0);color:#672e6c\" class=\"has-inline-color\">ANCHOR SOLO AURORA<\/mark><\/strong><\/td><\/tr><tr><td>APPLICATION<\/td><td class=\"has-text-align-center\" data-align=\"center\">Co-inoculation<\/td><td class=\"has-text-align-center\" data-align=\"center\">Co-inoculation<\/td><td class=\"has-text-align-center\" data-align=\"center\">Co-inoculation<\/td><td class=\"has-text-align-center\" data-align=\"center\">S\u00e9quentiel<\/td><td class=\"has-text-align-center\" data-align=\"center\">S\u00e9quentiel<\/td><\/tr><tr><td>Vin blanc<\/td><td class=\"has-text-align-center\" data-align=\"center\"><\/td><td class=\"has-text-align-center\" data-align=\"center\">\u2713<\/td><td class=\"has-text-align-center\" data-align=\"center\"><\/td><td class=\"has-text-align-center\" data-align=\"center\"><\/td><td class=\"has-text-align-center\" data-align=\"center\">\u2713<\/td><\/tr><tr><td>Vin rouge<\/td><td class=\"has-text-align-center\" data-align=\"center\">\u2713<\/td><td class=\"has-text-align-center\" data-align=\"center\">\u2713<\/td><td class=\"has-text-align-center\" data-align=\"center\">\u2713<\/td><td class=\"has-text-align-center\" data-align=\"center\">\u2713<\/td><td class=\"has-text-align-center\" data-align=\"center\">\u2713<\/td><\/tr><tr><td><em>Oenococcus oeni<\/em><\/td><td class=\"has-text-align-center\" data-align=\"center\">\u2713<\/td><td class=\"has-text-align-center\" data-align=\"center\">\u2713<\/td><td class=\"has-text-align-center\" data-align=\"center\">\u2713<\/td><td class=\"has-text-align-center\" data-align=\"center\">\u2713<\/td><td class=\"has-text-align-center\" data-align=\"center\">\u2713<\/td><\/tr><tr><td><em>Lactobacillus plantarum<\/em><\/td><td class=\"has-text-align-center\" data-align=\"center\">\u2713<\/td><td class=\"has-text-align-center\" data-align=\"center\">\u2713<\/td><td class=\"has-text-align-center\" data-align=\"center\">\u2713<\/td><td class=\"has-text-align-center\" data-align=\"center\"><\/td><td class=\"has-text-align-center\" data-align=\"center\"><\/td><\/tr><tr><td>Temp\u00e9rature optimale (\u00b0C)<\/td><td class=\"has-text-align-center\" data-align=\"center\">18 \u00e0 28<\/td><td class=\"has-text-align-center\" data-align=\"center\">15 \u00e0 28<\/td><td class=\"has-text-align-center\" data-align=\"center\">18 \u00e0 28<\/td><td class=\"has-text-align-center\" data-align=\"center\">14 \u00e0 28<\/td><td class=\"has-text-align-center\" data-align=\"center\">18 \u00e0 28<\/td><\/tr><tr><td>Tol\u00e9rance \u00e0 l&rsquo;alcool (%)<\/td><td class=\"has-text-align-center\" data-align=\"center\">16<\/td><td class=\"has-text-align-center\" data-align=\"center\">15<\/td><td class=\"has-text-align-center\" data-align=\"center\">16<\/td><td class=\"has-text-align-center\" data-align=\"center\">16<\/td><td class=\"has-text-align-center\" data-align=\"center\">14<\/td><\/tr><tr><td>Tol\u00e9rance de pH<\/td><td class=\"has-text-align-center\" data-align=\"center\">\u2265 3,5<\/td><td class=\"has-text-align-center\" data-align=\"center\">\u2265 3,2<\/td><td class=\"has-text-align-center\" data-align=\"center\">\u2265 3,3<\/td><td class=\"has-text-align-center\" data-align=\"center\">\u2265 3,2<\/td><td class=\"has-text-align-center\" data-align=\"center\">\u2265 3,2<\/td><\/tr><tr><td>Tol\u00e9rance au SO2 total<br>(mg\/L)<\/td><td class=\"has-text-align-center\" data-align=\"center\">50<\/td><td class=\"has-text-align-center\" data-align=\"center\">50<\/td><td class=\"has-text-align-center\" data-align=\"center\">50<\/td><td class=\"has-text-align-center\" data-align=\"center\">50<\/td><td class=\"has-text-align-center\" data-align=\"center\">40<\/td><\/tr><\/tbody><\/table><\/figure>\n\n\n\n<div style=\"height:52px\" aria-hidden=\"true\" class=\"wp-block-spacer\"><\/div>\n\n\n\n<h2 class=\"wp-block-heading\"><strong>D\u00e9couvrez notre gamme de bact\u00e9ries Anchor :<\/strong><\/h2>\n\n\n\n<div style=\"height:50px\" aria-hidden=\"true\" class=\"wp-block-spacer\"><\/div>\n","protected":false},"excerpt":{"rendered":"<p>L&rsquo;utilisation des bact\u00e9ries lactiques \u0153nologiques (LAB) pour la fermentation malolactique (FML) a \u00e9volu\u00e9 au [&hellip;]<\/p>\n","protected":false},"author":3,"featured_media":0,"parent":13885,"menu_order":1,"comment_status":"closed","ping_status":"closed","template":"page-premier-products-list.php","meta":{"_acf_changed":false,"_seopress_robots_primary_cat":"0","_seopress_titles_title":"","_seopress_titles_desc":"","_seopress_robots_index":"","footnotes":""},"class_list":["post-13886","page","type-page","status-publish"],"acf":[],"_links":{"self":[{"href":"https:\/\/oenobrands.com\/fr\/wp-json\/wp\/v2\/pages\/13886","targetHints":{"allow":["GET"]}}],"collection":[{"href":"https:\/\/oenobrands.com\/fr\/wp-json\/wp\/v2\/pages"}],"about":[{"href":"https:\/\/oenobrands.com\/fr\/wp-json\/wp\/v2\/types\/page"}],"author":[{"embeddable":true,"href":"https:\/\/oenobrands.com\/fr\/wp-json\/wp\/v2\/users\/3"}],"replies":[{"embeddable":true,"href":"https:\/\/oenobrands.com\/fr\/wp-json\/wp\/v2\/comments?post=13886"}],"version-history":[{"count":0,"href":"https:\/\/oenobrands.com\/fr\/wp-json\/wp\/v2\/pages\/13886\/revisions"}],"up":[{"embeddable":true,"href":"https:\/\/oenobrands.com\/fr\/wp-json\/wp\/v2\/pages\/13885"}],"wp:attachment":[{"href":"https:\/\/oenobrands.com\/fr\/wp-json\/wp\/v2\/media?parent=13886"}],"curies":[{"name":"wp","href":"https:\/\/api.w.org\/{rel}","templated":true}]}}